{"id":15172,"date":"2016-12-07T17:44:55","date_gmt":"2016-12-07T16:44:55","guid":{"rendered":"https:\/\/elspeedo.cz\/perfektni-starty\/"},"modified":"2021-03-11T15:53:24","modified_gmt":"2021-03-11T14:53:24","slug":"perfekcyjne-starty","status":"publish","type":"page","link":"https:\/\/elspeedo.cz\/pl\/kursy-paralotniarstwa\/trening-paralotniowy\/perfekcyjne-starty\/","title":{"rendered":"Perfekcyjne starty"},"content":{"rendered":"[mk_page_section bg_color=&#8221;#f4f4f4&#8243; video_loop=&#8221;false&#8221; padding_top=&#8221;0&#8243; padding_bottom=&#8221;0&#8243; sidebar=&#8221;sidebar-1&#8243;][vc_column width=&#8221;1\/2&#8243; css=&#8221;.vc_custom_1492889547338{padding-top: 30px !important;}&#8221;][vc_single_image image=&#8221;23787&#8243; img_size=&#8221;full&#8221; alignment=&#8221;center&#8221; style=&#8221;vc_box_rounded&#8221;][\/vc_column][vc_column width=&#8221;1\/2&#8243; css=&#8221;.vc_custom_1492889620802{padding-top: 40px !important;}&#8221;][vc_column_text disable_pattern=&#8221;false&#8221; align=&#8221;center&#8221;]\n<h1 class=\"ArticleListDescriptionCssStyle\" style=\"text-align: center\">Pewno\u015b\u0107 siebie na starcie to spok\u00f3j podczas lotu<\/h1>\n<div class=\"ArticleListDescriptionCssStyle\" style=\"text-align: center\">Je\u017celi ju\u017c wcze\u015bniej uko\u0144czy\u0142e\u015b jakikolwiek kurs podstawowy paralotniarstwa, masz wa\u017cn\u0105 licencj\u0119 PL-A, ale chcesz znowu po\u0107wiczy\u0107 starty, nauczy\u0107 si\u0119 bezpiecznego i precyzyjnego ich wykonania, to si\u0119 nie wahaj. Trening perfekcyjnych start\u00f3w przyniesie Ci wi\u0119cej spokoju podczas p\u00f3\u017aniejszego lotu. Razem nauczymy si\u0119 unikania b\u0142\u0119d\u00f3w podczas startu, a p\u00f3\u017aniej damy czadu!<\/div>\n<div class=\"ArticleListDescriptionCssStyle\" style=\"text-align: center\"><\/div>\n<div class=\"ArticleListDescriptionCssStyle\" style=\"text-align: center\"><\/div>\n<div class=\"ArticleListDescriptionCssStyle\" style=\"text-align: center\"><\/div>\n[\/vc_column_text][\/vc_column][\/mk_page_section][mk_page_section video_loop=&#8221;false&#8221; padding_top=&#8221;60&#8243; padding_bottom=&#8221;60&#8243; sidebar=&#8221;sidebar-1&#8243;][vc_column][vc_column_text align=&#8221;center&#8221;]\n<h1 style=\"text-align: center\">Terminy i rezerwacje<\/h1>\n[\/vc_column_text][mk_padding_divider][vc_column_text]\t<p>There are no upcoming events at this time.<\/p>\n[\/vc_column_text][\/vc_column][\/mk_page_section][mk_page_section bg_color=&#8221;#f4f4f4&#8243; bg_stretch=&#8221;true&#8221; video_loop=&#8221;false&#8221; padding_top=&#8221;0&#8243; padding_bottom=&#8221;0&#8243; el_class=&#8221;section-gray&#8221; sidebar=&#8221;sidebar-1&#8243;][vc_column width=&#8221;2\/3&#8243; css=&#8221;.vc_custom_1493023098083{padding-top: 60px !important;}&#8221;][vc_column_text disable_pattern=&#8221;false&#8221;]Uko\u0144czy\u0142e\u015b ju\u017c dawno kurs podstawowy paralotniarstwa, masz licencj\u0119 pilota PL-A i chcesz od\u015bwie\u017cy\u0107 swoje umiej\u0119tno\u015bci dotycz\u0105ce startu? Chcesz startowa\u0107 precyzyjnie i bezpiecznie? Zg\u0142o\u015b si\u0119 do tego w\u0142a\u015bnie kursu, kt\u00f3ry w pe\u0142ni po\u015bwi\u0119cony jest r\u00f3\u017cnym technikom startu, intensywnej nauce przy pomocy kamery i analiz nagranych filmik\u00f3w. Wyt\u0142umaczymy sobie wszystkie b\u0142\u0119dy, kt\u00f3re zw\u0142aszcza pocz\u0105tkuj\u0105cy piloci pope\u0142niaj\u0105. Popracuj nad w\u0142asnym startem i zyskaj wi\u0119cej spokoju przed nast\u0119pnym lotem.<\/p>\n<p><strong>Warunki uczestnictwa:<\/strong><\/p>\n<ul>\n<li>wa\u017cna licencja pilota, minimum PL-A<\/li>\n<\/ul>\n<p><strong>Wymagania fizyczne:<\/strong><\/p>\n<ul>\n<li>niskie \u2013 \u015brednie<\/li>\n<\/ul>\n<p><strong>Zalecany nalot pilota:<\/strong><\/p>\n<ul>\n<li>jakikolwiek<\/li>\n<\/ul>\n<p><strong>Cele kursu:<\/strong><\/p>\n<p>Nauka najr\u00f3\u017cniejszych sposob\u00f3w startu, analiza i rozwi\u0105zywanie b\u0142\u0119d\u00f3w pope\u0142nianych podczas startu, dokladn\u00e1 analiza ka\u017cdego startu przy pomocy nagrania wideo, nabycie potrzebnych umiej\u0119tno\u015bci i pewno\u015bci siebie w celu bezpiecznego i spokojnego wyruszenia w przestworza.<\/p>\n<p><strong>Czas trwania<\/strong> <strong>kursu:<\/strong> 3 dni<\/p>\n<p><strong>\u00a0<\/strong><strong>\u0106wiczenia praktyczne:<\/strong><\/p>\n<ul>\n<li>trening naziemny,<\/li>\n<li>wyci\u0105gni\u0119cie skrzyd\u0142a do pozycji lotu,<\/li>\n<li>w\u0142a\u015bciwe podbieganie czaszy,<\/li>\n<li>ruchy r\u0105k i ca\u0142ego cia\u0142a podczas startu,<\/li>\n<li>spojrzenie kontrolne przed oderwaniem si\u0119 od ziemi,<\/li>\n<li>bezpieczne skasowanie startu,<\/li>\n<li>w wypadku mocnego wiatru trening start\u00f3w alpejk\u0105,<\/li>\n<li>starty z\u00a0oderwaniem od ziemi,<\/li>\n<li>po starcie oczywi\u015bcie r\u00f3wnie\u017c latanie :o).<\/li>\n<\/ul>\n<p><strong>Tematy nauki teortycznej:<\/strong><\/p>\n<ul>\n<li>aerodynamika,<\/li>\n<li>teoria lotu,<\/li>\n<li>budowa i konstrukcje paralotni.<\/li>\n<\/ul>\n<p><strong>Gdzie:<\/strong><\/p>\n<ul>\n<li>Beskidy \u2013 Jaworowy wierch (Javorov\u00fd vrch),<\/li>\n<li>Beskidy \u2013 Praszywa (Pra\u0161iv\u00e1).<\/li>\n<\/ul>\n<p><strong>Zabezpieczenie personalne:<\/strong><\/p>\n<ul>\n<li>instruktor perfekcyjnych\u00a0start\u00f3w i treningu naziemnego,<\/li>\n<li>wed\u0142ug ilo\u015bci uczestnik\u00f3w r\u00f3wnie\u017c asystent.<\/li>\n<\/ul>\n<p><strong>\u00a0<\/strong><strong>Cena:<\/strong> 3500 CZK<\/p>\n<ul>\n<li>nasi absolwenci zyskuj\u0105 zni\u017ck\u0119 10%.<\/li>\n<\/ul>\n<p><strong>W cenie kursu:<\/strong><\/p>\n<ul>\n<li>praca instruktora (nauka teoretyczna i praktyczna),<\/li>\n<li>wypo\u017cyczenie radia,<\/li>\n<li>wypo\u017cyczenie ksi\u0105\u017cek i materia\u0142\u00f3w do nauki,<\/li>\n<li>transport pomi\u0119dzy terenami lotniczymi,<\/li>\n<li>przedmioty upominkowe, koszulka z\u00a0motywem paralotniarskim,<\/li>\n<li>stref\u0119 WI-FI free,<\/li>\n<li>fotografie i filmiki z\u00a0przebiegu kursu.<\/li>\n<\/ul>\n<p><strong>\u00a0<\/strong><strong>Mo\u017cesz od nas po\u017cyczy\u0107:<\/strong><\/p>\n<ul>\n<li>namioty i \u015bpiwory Hannah,<\/li>\n<li>paralotni\u0119 wy\u017cszej kategorii,<\/li>\n<li>vario i urz\u0105dzenie GPS (patrz SKYTEST).<\/li>\n<\/ul>\n<p><strong>\u00a0<\/strong><strong>Pomo\u017cemy Ci za\u0142atwi\u0107:<\/strong><\/p>\n<ul>\n<li>op\u0142aty za u\u017cywanie startowisk i l\u0105dowisk,<\/li>\n<li>zakwaterowanie i wy\u017cywienie,<\/li>\n<li>transport na miejsce treningu.<\/li>\n<\/ul>\n<p><strong>\u00a0<\/strong><strong>Przyjazd do miejsca kursu:<\/strong><\/p>\n<ul>\n<li style=\"text-align: left\">indywidualnie.<\/li>\n<\/ul>\n[\/vc_column_text][\/vc_column][vc_column width=&#8221;1\/3&#8243; css=&#8221;.vc_custom_1492889587057{padding-top: 40px !important;}&#8221;][vc_media_grid style=&#8221;load-more&#8221; items_per_page=&#8221;18&#8243; element_width=&#8221;6&#8243; btn_title=&#8221;Wi\u0119cej&#8221; btn_style=&#8221;custom&#8221; btn_custom_text=&#8221;#666666&#8243; btn_add_icon=&#8221;true&#8221; btn_custom_onclick=&#8221;true&#8221; grid_id=&#8221;vc_gid:1495012996357-1db05d55-fb91-9&#8243; include=&#8221;23669,23707,23706,23705,23704,23703,23702,23701,23700,23699,23698,23697,23696,23695,23694,23693,23692,23691,23690,23689,23688,23687,23686,23685,23684,23683,23682,23681,23680,23679,23678,23677,23676,23675,23674,23673,23672,23671,23670&#8243;][\/vc_column][\/mk_page_section][mk_page_section bg_color=&#8221;#272727&#8243; bg_position=&#8221;center center&#8221; video_loop=&#8221;false&#8221; js_vertical_centered=&#8221;true&#8221; padding_top=&#8221;60&#8243; padding_bottom=&#8221;060&#8243; el_class=&#8221;sc-dark&#8221; sidebar=&#8221;sidebar-1&#8243;][vc_column][mk_fancy_title color=&#8221;#ffffff&#8221; size=&#8221;52&#8243; force_font_size=&#8221;true&#8221; size_phone=&#8221;32&#8243; font_family=&#8221;none&#8221; align=&#8221;center&#8221;]\n<p style=\"text-align: center\">Program absolwencki<\/p>\n[\/mk_fancy_title][vc_column_text disable_pattern=&#8221;false&#8221; align=&#8221;center&#8221;]\n<p style=\"text-align: center\">Zdolno\u015bci pilota klasyfikujemy do 5 podstawowych poziom\u00f3w. Wed\u0142ug tych poziom\u00f3w mo\u017cna wybiera\u0107 konkretne kursy. Celem jest osi\u0105gni\u0119cie podobnego poziomu umiej\u0119tno\u015bci uczestnik\u00f3w kursu i jak najbardziej efektowny proces nauki. W dodatku im wi\u0119cej umiesz, tym mniej p\u0142acisz \u2026<\/p>\n[\/vc_column_text][mk_button dimension=&#8221;outline&#8221; corner_style=&#8221;rounded&#8221; size=&#8221;large&#8221; url=&#8221;https:\/\/elspeedo.cz\/pl\/kursy\/program-absolwencki\/&#8221; align=&#8221;center&#8221; margin_right=&#8221;0&#8243; el_class=&#8221;basic-button&#8221; outline_skin=&#8221;light&#8221;]Wi\u0119cej o programie\u2026<br \/>\n[\/mk_button][\/vc_column][\/mk_page_section]\n","protected":false},"excerpt":{"rendered":"<p>[mk_page_section bg_color=&#8221;#f4f4f4&#8243; video_loop=&#8221;false&#8221; padding_top=&#8221;0&#8243; padding_bottom=&#8221;0&#8243; sidebar=&#8221;sidebar-1&#8243;][vc_column width=&#8221;1\/2&#8243; css=&#8221;.vc_custom_1492889547338{padding-top: 30px !important;}&#8221;][vc_single_image image=&#8221;23787&#8243; img_size=&#8221;full&#8221; alignment=&#8221;center&#8221; style=&#8221;vc_box_rounded&#8221;][\/vc_column][vc_column width=&#8221;1\/2&#8243; css=&#8221;.vc_custom_1492889620802{padding-top: 40px !important;}&#8221;][vc_column_text disable_pattern=&#8221;false&#8221; align=&#8221;center&#8221;] Pewno\u015b\u0107 siebie na starcie to spok\u00f3j podczas lotu Je\u017celi ju\u017c wcze\u015bniej uko\u0144czy\u0142e\u015b jakikolwiek kurs podstawowy paralotniarstwa, masz wa\u017cn\u0105 licencj\u0119 PL-A, ale chcesz znowu po\u0107wiczy\u0107 starty, nauczy\u0107 si\u0119 bezpiecznego i precyzyjnego ich wykonania, to si\u0119 nie [&hellip;]<\/p>\n","protected":false},"author":7,"featured_media":0,"parent":15533,"menu_order":0,"comment_status":"closed","ping_status":"closed","template":"","meta":{"_tribe_blocks_recurrence_rules":"","_tribe_blocks_recurrence_exclusions":"","_tribe_blocks_recurrence_description":"","footnotes":""},"class_list":["post-15172","page","type-page","status-publish","hentry"],"yoast_head":"<!-- This site is optimized with the Yoast SEO plugin v27.0 - https:\/\/yoast.com\/product\/yoast-seo-wordpress\/ -->\n<title>Perfekcyjne starty &#8212; El Speedo<\/title>\n<meta name=\"description\" content=\"Perfekcyjne starty - chcesz znowu po\u0107wiczy\u0107 starty, nauczy\u0107 si\u0119 bezpiecznego i precyzyjnego ich wykonania, to si\u0119 nie wahaj. Trening przyniesie Ci spok\u00f3j...\" \/>\n<meta name=\"robots\" content=\"index, follow, max-snippet:-1, max-image-preview:large, max-video-preview:-1\" \/>\n<link rel=\"canonical\" href=\"https:\/\/elspeedo.cz\/kurzy-paraglidingu\/paraglidingovy-trenink\/perfektni-starty\/\" \/>\n<meta property=\"og:locale\" content=\"pl_PL\" \/>\n<meta property=\"og:type\" content=\"article\" \/>\n<meta property=\"og:title\" content=\"Perfekcyjne starty &#8212; El Speedo\" \/>\n<meta property=\"og:description\" content=\"Perfekcyjne starty - chcesz znowu po\u0107wiczy\u0107 starty, nauczy\u0107 si\u0119 bezpiecznego i precyzyjnego ich wykonania, to si\u0119 nie wahaj. Trening przyniesie Ci spok\u00f3j...\" \/>\n<meta property=\"og:url\" content=\"https:\/\/elspeedo.cz\/kurzy-paraglidingu\/paraglidingovy-trenink\/perfektni-starty\/\" \/>\n<meta property=\"og:site_name\" content=\"El Speedo\" \/>\n<meta property=\"article:publisher\" content=\"http:\/\/www.facebook.com\/paragliding.elspeedo.cz\/?fref=ts\" \/>\n<meta property=\"article:modified_time\" content=\"2021-03-11T14:53:24+00:00\" \/>\n<meta name=\"twitter:card\" content=\"summary_large_image\" \/>\n<meta name=\"twitter:label1\" content=\"Szacowany czas czytania\" \/>\n\t<meta name=\"twitter:data1\" content=\"4 minuty\" \/>\n<script type=\"application\/ld+json\" class=\"yoast-schema-graph\">{\"@context\":\"https:\/\/schema.org\",\"@graph\":[{\"@type\":\"WebPage\",\"@id\":\"https:\/\/elspeedo.cz\/kurzy-paraglidingu\/paraglidingovy-trenink\/perfektni-starty\/\",\"url\":\"https:\/\/elspeedo.cz\/kurzy-paraglidingu\/paraglidingovy-trenink\/perfektni-starty\/\",\"name\":\"Perfekcyjne starty &#8212; El Speedo\",\"isPartOf\":{\"@id\":\"https:\/\/elspeedo.cz\/#website\"},\"datePublished\":\"2016-12-07T16:44:55+00:00\",\"dateModified\":\"2021-03-11T14:53:24+00:00\",\"description\":\"Perfekcyjne starty - chcesz znowu po\u0107wiczy\u0107 starty, nauczy\u0107 si\u0119 bezpiecznego i precyzyjnego ich wykonania, to si\u0119 nie wahaj. Trening przyniesie Ci spok\u00f3j...\",\"breadcrumb\":{\"@id\":\"https:\/\/elspeedo.cz\/kurzy-paraglidingu\/paraglidingovy-trenink\/perfektni-starty\/#breadcrumb\"},\"inLanguage\":\"pl-PL\",\"potentialAction\":[{\"@type\":\"ReadAction\",\"target\":[\"https:\/\/elspeedo.cz\/kurzy-paraglidingu\/paraglidingovy-trenink\/perfektni-starty\/\"]}]},{\"@type\":\"BreadcrumbList\",\"@id\":\"https:\/\/elspeedo.cz\/kurzy-paraglidingu\/paraglidingovy-trenink\/perfektni-starty\/#breadcrumb\",\"itemListElement\":[{\"@type\":\"ListItem\",\"position\":1,\"name\":\"Dom\u016f\",\"item\":\"https:\/\/elspeedo.cz\/pl\/\"},{\"@type\":\"ListItem\",\"position\":2,\"name\":\"Kursy Paralotniarstwa\",\"item\":\"https:\/\/elspeedo.cz\/pl\/kursy-paralotniarstwa\/\"},{\"@type\":\"ListItem\",\"position\":3,\"name\":\"Trening paralotniowy\",\"item\":\"https:\/\/elspeedo.cz\/kurzy-paraglidingu\/paraglidingovy-trenink\/\"},{\"@type\":\"ListItem\",\"position\":4,\"name\":\"Perfekcyjne starty\"}]},{\"@type\":\"WebSite\",\"@id\":\"https:\/\/elspeedo.cz\/#website\",\"url\":\"https:\/\/elspeedo.cz\/\",\"name\":\"El Speedo\",\"description\":\"Paragliding - kurzy, vybaven\u00ed, v\u00fdlety, komunita\",\"potentialAction\":[{\"@type\":\"SearchAction\",\"target\":{\"@type\":\"EntryPoint\",\"urlTemplate\":\"https:\/\/elspeedo.cz\/?s={search_term_string}\"},\"query-input\":{\"@type\":\"PropertyValueSpecification\",\"valueRequired\":true,\"valueName\":\"search_term_string\"}}],\"inLanguage\":\"pl-PL\"}]}<\/script>\n<!-- \/ Yoast SEO plugin. -->","yoast_head_json":{"title":"Perfekcyjne starty &#8212; El Speedo","description":"Perfekcyjne starty - chcesz znowu po\u0107wiczy\u0107 starty, nauczy\u0107 si\u0119 bezpiecznego i precyzyjnego ich wykonania, to si\u0119 nie wahaj. Trening przyniesie Ci spok\u00f3j...","robots":{"index":"index","follow":"follow","max-snippet":"max-snippet:-1","max-image-preview":"max-image-preview:large","max-video-preview":"max-video-preview:-1"},"canonical":"https:\/\/elspeedo.cz\/kurzy-paraglidingu\/paraglidingovy-trenink\/perfektni-starty\/","og_locale":"pl_PL","og_type":"article","og_title":"Perfekcyjne starty &#8212; El Speedo","og_description":"Perfekcyjne starty - chcesz znowu po\u0107wiczy\u0107 starty, nauczy\u0107 si\u0119 bezpiecznego i precyzyjnego ich wykonania, to si\u0119 nie wahaj. Trening przyniesie Ci spok\u00f3j...","og_url":"https:\/\/elspeedo.cz\/kurzy-paraglidingu\/paraglidingovy-trenink\/perfektni-starty\/","og_site_name":"El Speedo","article_publisher":"http:\/\/www.facebook.com\/paragliding.elspeedo.cz\/?fref=ts","article_modified_time":"2021-03-11T14:53:24+00:00","twitter_card":"summary_large_image","twitter_misc":{"Szacowany czas czytania":"4 minuty"},"schema":{"@context":"https:\/\/schema.org","@graph":[{"@type":"WebPage","@id":"https:\/\/elspeedo.cz\/kurzy-paraglidingu\/paraglidingovy-trenink\/perfektni-starty\/","url":"https:\/\/elspeedo.cz\/kurzy-paraglidingu\/paraglidingovy-trenink\/perfektni-starty\/","name":"Perfekcyjne starty &#8212; El Speedo","isPartOf":{"@id":"https:\/\/elspeedo.cz\/#website"},"datePublished":"2016-12-07T16:44:55+00:00","dateModified":"2021-03-11T14:53:24+00:00","description":"Perfekcyjne starty - chcesz znowu po\u0107wiczy\u0107 starty, nauczy\u0107 si\u0119 bezpiecznego i precyzyjnego ich wykonania, to si\u0119 nie wahaj. Trening przyniesie Ci spok\u00f3j...","breadcrumb":{"@id":"https:\/\/elspeedo.cz\/kurzy-paraglidingu\/paraglidingovy-trenink\/perfektni-starty\/#breadcrumb"},"inLanguage":"pl-PL","potentialAction":[{"@type":"ReadAction","target":["https:\/\/elspeedo.cz\/kurzy-paraglidingu\/paraglidingovy-trenink\/perfektni-starty\/"]}]},{"@type":"BreadcrumbList","@id":"https:\/\/elspeedo.cz\/kurzy-paraglidingu\/paraglidingovy-trenink\/perfektni-starty\/#breadcrumb","itemListElement":[{"@type":"ListItem","position":1,"name":"Dom\u016f","item":"https:\/\/elspeedo.cz\/pl\/"},{"@type":"ListItem","position":2,"name":"Kursy Paralotniarstwa","item":"https:\/\/elspeedo.cz\/pl\/kursy-paralotniarstwa\/"},{"@type":"ListItem","position":3,"name":"Trening paralotniowy","item":"https:\/\/elspeedo.cz\/kurzy-paraglidingu\/paraglidingovy-trenink\/"},{"@type":"ListItem","position":4,"name":"Perfekcyjne starty"}]},{"@type":"WebSite","@id":"https:\/\/elspeedo.cz\/#website","url":"https:\/\/elspeedo.cz\/","name":"El Speedo","description":"Paragliding - kurzy, vybaven\u00ed, v\u00fdlety, komunita","potentialAction":[{"@type":"SearchAction","target":{"@type":"EntryPoint","urlTemplate":"https:\/\/elspeedo.cz\/?s={search_term_string}"},"query-input":{"@type":"PropertyValueSpecification","valueRequired":true,"valueName":"search_term_string"}}],"inLanguage":"pl-PL"}]}},"_links":{"self":[{"href":"https:\/\/elspeedo.cz\/pl\/wp-json\/wp\/v2\/pages\/15172","targetHints":{"allow":["GET"]}}],"collection":[{"href":"https:\/\/elspeedo.cz\/pl\/wp-json\/wp\/v2\/pages"}],"about":[{"href":"https:\/\/elspeedo.cz\/pl\/wp-json\/wp\/v2\/types\/page"}],"author":[{"embeddable":true,"href":"https:\/\/elspeedo.cz\/pl\/wp-json\/wp\/v2\/users\/7"}],"replies":[{"embeddable":true,"href":"https:\/\/elspeedo.cz\/pl\/wp-json\/wp\/v2\/comments?post=15172"}],"version-history":[{"count":1,"href":"https:\/\/elspeedo.cz\/pl\/wp-json\/wp\/v2\/pages\/15172\/revisions"}],"predecessor-version":[{"id":152276,"href":"https:\/\/elspeedo.cz\/pl\/wp-json\/wp\/v2\/pages\/15172\/revisions\/152276"}],"up":[{"embeddable":true,"href":"https:\/\/elspeedo.cz\/pl\/wp-json\/wp\/v2\/pages\/15533"}],"wp:attachment":[{"href":"https:\/\/elspeedo.cz\/pl\/wp-json\/wp\/v2\/media?parent=15172"}],"curies":[{"name":"wp","href":"https:\/\/api.w.org\/{rel}","templated":true}]}}