{"id":15176,"date":"2016-12-07T18:02:11","date_gmt":"2016-12-07T17:02:11","guid":{"rendered":"https:\/\/elspeedo.cz\/trenink-na-dunach\/"},"modified":"2017-04-26T15:49:44","modified_gmt":"2017-04-26T14:49:44","slug":"trening-na-wydmach","status":"publish","type":"page","link":"https:\/\/elspeedo.cz\/pl\/kursy-paralotniarstwa\/trening-paralotniowy\/trening-na-wydmach\/","title":{"rendered":"Trening na wydmach"},"content":{"rendered":"[mk_page_section bg_color=&#8221;#f4f4f4&#8243; video_loop=&#8221;false&#8221; padding_top=&#8221;0&#8243; padding_bottom=&#8221;0&#8243; sidebar=&#8221;sidebar-1&#8243;][vc_column width=&#8221;1\/2&#8243; css=&#8221;.vc_custom_1492890119373{padding-top: 30px !important;}&#8221;][vc_single_image image=&#8221;23180&#8243; img_size=&#8221;full&#8221; alignment=&#8221;center&#8221; style=&#8221;vc_box_rounded&#8221;][\/vc_column][vc_column width=&#8221;1\/2&#8243; css=&#8221;.vc_custom_1492890124289{padding-top: 20px !important;}&#8221;][vc_column_text disable_pattern=&#8221;false&#8221; align=&#8221;center&#8221;]\n<h1 style=\"text-align: center\">Nieustanny laminarny wiatr \u2013 to jest to czego potrzebujemy\u2026<\/h1>\n<p style=\"text-align: center\">Opanowanie skrzyd\u0142a na ziemi, to podstawowa umiej\u0119tno\u015b\u0107 ka\u017cdego pilota. Wykonanie startu alpejk\u0105 w mocnym wietrze, omini\u0119cie paralotni roz\u0142o\u017conych na startowisku, wykorzystanie si\u0142y wiatru do wyj\u015bcia pod g\u00f3r\u0119, bieganie z\u00a0paralotni\u0105 we wszystkich kierunkach \u2013 to zabawa, trening i przede wszystkim umiej\u0119tno\u015bci, z\u00a0kt\u00f3rych zawsze skorzystasz.<\/p>\n[\/vc_column_text][\/vc_column][\/mk_page_section][mk_page_section video_loop=&#8221;false&#8221; padding_top=&#8221;60&#8243; padding_bottom=&#8221;60&#8243; sidebar=&#8221;sidebar-1&#8243;][vc_column][vc_column_text align=&#8221;center&#8221;]\n<h1 style=\"text-align: center\">Terminy i rezerwacje<\/h1>\n[\/vc_column_text][mk_padding_divider][vc_column_text]\t<p>There are no upcoming events at this time.<\/p>\n[\/vc_column_text][\/vc_column][\/mk_page_section][mk_page_section bg_color=&#8221;#f4f4f4&#8243; bg_stretch=&#8221;true&#8221; video_loop=&#8221;false&#8221; padding_top=&#8221;100&#8243; padding_bottom=&#8221;100&#8243; el_class=&#8221;section-gray&#8221; sidebar=&#8221;sidebar-1&#8243;][vc_column width=&#8221;2\/3&#8243;][vc_column_text disable_pattern=&#8221;false&#8221; align=&#8221;center&#8221;]\n<p style=\"text-align: left\"><strong>Warunki uczestnictwa:<\/strong><\/p>\n<ul style=\"text-align: left\">\n<li>wa\u017cna licencja pilota, minimum PL-A<\/li>\n<\/ul>\n<p style=\"text-align: left\"><strong>\u00a0<\/strong><strong>Wymagania fizyczne:<\/strong><\/p>\n<ul style=\"text-align: left\">\n<li>\u015brednie.<\/li>\n<\/ul>\n<p style=\"text-align: left\"><strong>\u00a0<\/strong><strong>Zalecany nalot pilota:<\/strong><\/p>\n<ul style=\"text-align: left\">\n<li>jakikolwiek,<\/li>\n<li>kurs przeznaczony dla \u015bwie\u017cych absolwen\u00f3w Kurs\u00f3w podstawowych i d\u0142ugoletnich pilot\u00f3w,<\/li>\n<li>kurs obowi\u0105zkowy dla pilot\u00f3w chc\u0105cych zyska\u0107 licencj\u0119 tandemow\u0105 (PL-T) wed\u0142ug naszej metodyki nauki.<\/li>\n<\/ul>\n<p style=\"text-align: left\"><strong>Cele treningu:<\/strong><\/p>\n<p style=\"text-align: left\">Cele s\u0105 r\u00f3\u017cne, w zale\u017cno\u015bci od do\u015bwiadczenia pilot\u00f3w w grupie. Jednak jednym podstawowym celem dla ka\u017cdego pilota jest opanowanie przynajmniej jednej z\u00a0kilku technik startu alpejk\u0105 (czo\u0142em do skrzyd\u0142a z\u00a0odwr\u00f3ceniem), i r\u00f3wnie\u017c utrzymanie czaszy nad g\u0142ow\u0105 przed samym startem. Wymagania do przysz\u0142ych pilot\u00f3w tandemowych i instruktor\u00f3w s\u0105 jednak o wiele wy\u017csze \u2013 spacerowanie z\u00a0paralotni\u0105 we wszystkich kierunkach i opanowanie \u201ekitingu\u201c w mocniejszym wietrze.<\/p>\n<p style=\"text-align: left\"><strong>Czas trwania treningu: 4 godziny <\/strong><\/p>\n<p style=\"text-align: left\"><strong>\u00a0<\/strong><strong>Termin treningu:<\/strong><\/p>\n<p style=\"text-align: left\">Trenujemy w miejscowo\u015bciach z\u00a0wydmami piaszczystymi i sta\u0142ym wiatrem lub u nas w Beskidach w zale\u017cno\u015bci od warunk\u00f3w klimatycznych. Je\u017celi zg\u0142osisz si\u0119 do treningu, to my za Ciebie b\u0119dziemy \u015bledzi\u0107 kierunki i si\u0142\u0119 wiatru i jak tylko b\u0119dzie trening mo\u017cliwy, wy\u015blemy Ci smsa z\u00a0wszystkimi informacjami. Je\u015bli b\u0119dzie Ci pasowa\u0142o, przyjedziesz za nami i potrenujesz z\u00a0nami, je\u017celi nie, to mo\u017ce przyjedziesz innym razem. Zale\u017cy tylko od Ciebie, my trenujemy regularnie.<\/p>\n<p style=\"text-align: left\"><strong>\u00a0<\/strong><strong>\u0106wiczenia praktyczne:<\/strong><\/p>\n<ul style=\"text-align: left\">\n<li>trening kilku technik startu alpejk\u0105 (czo\u0142em do paralotni),<\/li>\n<li>poruszanie si\u0119 z\u00a0paralotni\u0105 nad g\u0142ow\u0105 we szystkich kierunkach,<\/li>\n<li>\u201ekiting\u201c paralotni\u0105 ze zmianami kierunku.<\/li>\n<\/ul>\n<p style=\"text-align: left\"><strong>\u00a0<\/strong><strong>Tematy nauki toeretycznej:<\/strong><\/p>\n<ul style=\"text-align: left\">\n<li>aerodynamika,<\/li>\n<li>opis wszystkich rodzaj\u00f3w startu i wyb\u00f3r techniki w zale\u017cno\u015bci od warunk\u00f3w pogodowych i innych okoliczno\u015bci.<\/li>\n<\/ul>\n<p style=\"text-align: left\"><strong>\u00a0<\/strong><strong>Gdzie:<\/strong><\/p>\n<ul style=\"text-align: left\">\n<li>Beskidy,<\/li>\n<li>Lanzarote, Wyspy Kanaryjskie,<\/li>\n<li>Duna du Pyla, Francja.<\/li>\n<\/ul>\n<p style=\"text-align: left\"><strong>\u00a0<\/strong><strong>Zabezpieczenie personalne:<\/strong><\/p>\n<ul style=\"text-align: left\">\n<li>Instruktor treningu naziemnego.<\/li>\n<\/ul>\n<p style=\"text-align: left\"><strong>Cena:<\/strong> 600 CZK<\/p>\n<ul style=\"text-align: left\">\n<li>op\u0142ata w formie zaliczki op\u0142acanej w biurze, odliczana dopiero po zaliczeniu treningu,<\/li>\n<li>nasi absolwenci zyskuj\u0105 zni\u017ck\u0119 10%.<\/li>\n<\/ul>\n<p style=\"text-align: left\"><strong>W cenie kursu:<\/strong><\/p>\n<ul style=\"text-align: left\">\n<li>praca instruktora,<\/li>\n<li>wypo\u017cyczenie radia,<\/li>\n<li>us\u0142ugi serwisowe podczas napraw i dostosowywania sprz\u0119tu.<\/li>\n<\/ul>\n<p style=\"text-align: left\"><strong>\u00a0<\/strong><strong>Mo\u017cesz od nas po\u017cyczy\u0107:<\/strong><\/p>\n<ul style=\"text-align: left\">\n<li>namioty i \u015bpiwory Hannah,<\/li>\n<li>paralotni\u0119 wy\u017cszej kategorii,<\/li>\n<li>vario i urz\u0105dzenie GPS (patrz SKYTEST).<\/li>\n<\/ul>\n<p style=\"text-align: left\"><strong>\u00a0<\/strong><strong>Pomo\u017cemy Ci za\u0142atwi\u0107:<\/strong><\/p>\n<ul style=\"text-align: left\">\n<li>zakwaterowanie i wy\u017cywienie,<\/li>\n<li>wsp\u00f3lny transport El-busem albo samoletem.<\/li>\n<\/ul>\n<p style=\"text-align: left\"><strong>Transport do miejsca treningu:<\/strong><\/p>\n<ul>\n<li style=\"text-align: left\">wsp\u00f3lny albo indywidualny (w zale\u017cno\u015bci od miejsca).<\/li>\n<\/ul>\n[\/vc_column_text][\/vc_column][vc_column width=&#8221;1\/3&#8243;][\/vc_column][\/mk_page_section][mk_page_section bg_color=&#8221;#272727&#8243; bg_position=&#8221;center center&#8221; video_loop=&#8221;false&#8221; js_vertical_centered=&#8221;true&#8221; padding_top=&#8221;60&#8243; padding_bottom=&#8221;060&#8243; el_class=&#8221;sc-dark&#8221; sidebar=&#8221;sidebar-1&#8243;][vc_column][mk_fancy_title color=&#8221;#ffffff&#8221; size=&#8221;52&#8243; force_font_size=&#8221;true&#8221; size_phone=&#8221;32&#8243; font_family=&#8221;none&#8221; align=&#8221;center&#8221;]\n<p style=\"text-align: center\">Program absolwencki<\/p>\n[\/mk_fancy_title][vc_column_text disable_pattern=&#8221;false&#8221; align=&#8221;center&#8221;]\n<p style=\"text-align: center\">Zdolno\u015bci pilota klasyfikujemy do 5 podstawowych poziom\u00f3w. Wed\u0142ug tych poziom\u00f3w mo\u017cna wybiera\u0107 konkretne kursy. Celem jest osi\u0105gni\u0119cie podobnego poziomu umiej\u0119tno\u015bci uczestnik\u00f3w kursu i jak najbardziej efektowny proces nauki. W dodatku im wi\u0119cej umiesz, tym mniej p\u0142acisz \u2026<\/p>\n[\/vc_column_text][mk_button dimension=&#8221;outline&#8221; corner_style=&#8221;rounded&#8221; size=&#8221;large&#8221; url=&#8221;https:\/\/elspeedo.cz\/pl\/kursy\/program-absolwencki\/&#8221; align=&#8221;center&#8221; margin_right=&#8221;0&#8243; el_class=&#8221;basic-button&#8221; outline_skin=&#8221;light&#8221;]Wi\u0119cej o programie\u2026<br \/>\n[\/mk_button][\/vc_column][\/mk_page_section]\n","protected":false},"excerpt":{"rendered":"<p>[mk_page_section bg_color=&#8221;#f4f4f4&#8243; video_loop=&#8221;false&#8221; padding_top=&#8221;0&#8243; padding_bottom=&#8221;0&#8243; sidebar=&#8221;sidebar-1&#8243;][vc_column width=&#8221;1\/2&#8243; css=&#8221;.vc_custom_1492890119373{padding-top: 30px !important;}&#8221;][vc_single_image image=&#8221;23180&#8243; img_size=&#8221;full&#8221; alignment=&#8221;center&#8221; style=&#8221;vc_box_rounded&#8221;][\/vc_column][vc_column width=&#8221;1\/2&#8243; css=&#8221;.vc_custom_1492890124289{padding-top: 20px !important;}&#8221;][vc_column_text disable_pattern=&#8221;false&#8221; align=&#8221;center&#8221;] Nieustanny laminarny wiatr \u2013 to jest to czego potrzebujemy\u2026 Opanowanie skrzyd\u0142a na ziemi, to podstawowa umiej\u0119tno\u015b\u0107 ka\u017cdego pilota. Wykonanie startu alpejk\u0105 w mocnym wietrze, omini\u0119cie paralotni roz\u0142o\u017conych na startowisku, wykorzystanie si\u0142y wiatru do wyj\u015bcia pod [&hellip;]<\/p>\n","protected":false},"author":7,"featured_media":0,"parent":15533,"menu_order":0,"comment_status":"closed","ping_status":"closed","template":"","meta":{"_tribe_blocks_recurrence_rules":"","_tribe_blocks_recurrence_exclusions":"","_tribe_blocks_recurrence_description":"","footnotes":""},"class_list":["post-15176","page","type-page","status-publish","hentry"],"yoast_head":"<!-- This site is optimized with the Yoast SEO plugin v27.0 - https:\/\/yoast.com\/product\/yoast-seo-wordpress\/ -->\n<title>Trening na wydmach &#8212; El Speedo<\/title>\n<meta name=\"description\" content=\"Opanowanie skrzyd\u0142a na ziemi, to podstawowa umiej\u0119tno\u015b\u0107 ka\u017cdego pilota. Trening na wydmach\u2013 to zabawa, trening i umiej\u0119tno\u015bci, z kt\u00f3rych zawsze skorzystasz.\" \/>\n<meta name=\"robots\" content=\"index, follow, max-snippet:-1, max-image-preview:large, max-video-preview:-1\" \/>\n<link rel=\"canonical\" href=\"https:\/\/elspeedo.cz\/kurzy-paraglidingu\/paraglidingovy-trenink\/trenink-na-dunach\/\" \/>\n<meta property=\"og:locale\" content=\"pl_PL\" \/>\n<meta property=\"og:type\" content=\"article\" \/>\n<meta property=\"og:title\" content=\"Trening na wydmach &#8212; El Speedo\" \/>\n<meta property=\"og:description\" content=\"Opanowanie skrzyd\u0142a na ziemi, to podstawowa umiej\u0119tno\u015b\u0107 ka\u017cdego pilota. Trening na wydmach\u2013 to zabawa, trening i umiej\u0119tno\u015bci, z kt\u00f3rych zawsze skorzystasz.\" \/>\n<meta property=\"og:url\" content=\"https:\/\/elspeedo.cz\/kurzy-paraglidingu\/paraglidingovy-trenink\/trenink-na-dunach\/\" \/>\n<meta property=\"og:site_name\" content=\"El Speedo\" \/>\n<meta property=\"article:publisher\" content=\"http:\/\/www.facebook.com\/paragliding.elspeedo.cz\/?fref=ts\" \/>\n<meta property=\"article:modified_time\" content=\"2017-04-26T14:49:44+00:00\" \/>\n<meta name=\"twitter:card\" content=\"summary_large_image\" \/>\n<meta name=\"twitter:label1\" content=\"Szacowany czas czytania\" \/>\n\t<meta name=\"twitter:data1\" content=\"4 minuty\" \/>\n<script type=\"application\/ld+json\" class=\"yoast-schema-graph\">{\"@context\":\"https:\/\/schema.org\",\"@graph\":[{\"@type\":\"WebPage\",\"@id\":\"https:\/\/elspeedo.cz\/kurzy-paraglidingu\/paraglidingovy-trenink\/trenink-na-dunach\/\",\"url\":\"https:\/\/elspeedo.cz\/kurzy-paraglidingu\/paraglidingovy-trenink\/trenink-na-dunach\/\",\"name\":\"Trening na wydmach &#8212; El Speedo\",\"isPartOf\":{\"@id\":\"https:\/\/elspeedo.cz\/#website\"},\"datePublished\":\"2016-12-07T17:02:11+00:00\",\"dateModified\":\"2017-04-26T14:49:44+00:00\",\"description\":\"Opanowanie skrzyd\u0142a na ziemi, to podstawowa umiej\u0119tno\u015b\u0107 ka\u017cdego pilota. Trening na wydmach\u2013 to zabawa, trening i umiej\u0119tno\u015bci, z kt\u00f3rych zawsze skorzystasz.\",\"breadcrumb\":{\"@id\":\"https:\/\/elspeedo.cz\/kurzy-paraglidingu\/paraglidingovy-trenink\/trenink-na-dunach\/#breadcrumb\"},\"inLanguage\":\"pl-PL\",\"potentialAction\":[{\"@type\":\"ReadAction\",\"target\":[\"https:\/\/elspeedo.cz\/kurzy-paraglidingu\/paraglidingovy-trenink\/trenink-na-dunach\/\"]}]},{\"@type\":\"BreadcrumbList\",\"@id\":\"https:\/\/elspeedo.cz\/kurzy-paraglidingu\/paraglidingovy-trenink\/trenink-na-dunach\/#breadcrumb\",\"itemListElement\":[{\"@type\":\"ListItem\",\"position\":1,\"name\":\"Dom\u016f\",\"item\":\"https:\/\/elspeedo.cz\/pl\/\"},{\"@type\":\"ListItem\",\"position\":2,\"name\":\"Kursy Paralotniarstwa\",\"item\":\"https:\/\/elspeedo.cz\/pl\/kursy-paralotniarstwa\/\"},{\"@type\":\"ListItem\",\"position\":3,\"name\":\"Trening paralotniowy\",\"item\":\"https:\/\/elspeedo.cz\/kurzy-paraglidingu\/paraglidingovy-trenink\/\"},{\"@type\":\"ListItem\",\"position\":4,\"name\":\"Trening na wydmach\"}]},{\"@type\":\"WebSite\",\"@id\":\"https:\/\/elspeedo.cz\/#website\",\"url\":\"https:\/\/elspeedo.cz\/\",\"name\":\"El Speedo\",\"description\":\"Paragliding - kurzy, vybaven\u00ed, v\u00fdlety, komunita\",\"potentialAction\":[{\"@type\":\"SearchAction\",\"target\":{\"@type\":\"EntryPoint\",\"urlTemplate\":\"https:\/\/elspeedo.cz\/?s={search_term_string}\"},\"query-input\":{\"@type\":\"PropertyValueSpecification\",\"valueRequired\":true,\"valueName\":\"search_term_string\"}}],\"inLanguage\":\"pl-PL\"}]}<\/script>\n<!-- \/ Yoast SEO plugin. -->","yoast_head_json":{"title":"Trening na wydmach &#8212; El Speedo","description":"Opanowanie skrzyd\u0142a na ziemi, to podstawowa umiej\u0119tno\u015b\u0107 ka\u017cdego pilota. Trening na wydmach\u2013 to zabawa, trening i umiej\u0119tno\u015bci, z kt\u00f3rych zawsze skorzystasz.","robots":{"index":"index","follow":"follow","max-snippet":"max-snippet:-1","max-image-preview":"max-image-preview:large","max-video-preview":"max-video-preview:-1"},"canonical":"https:\/\/elspeedo.cz\/kurzy-paraglidingu\/paraglidingovy-trenink\/trenink-na-dunach\/","og_locale":"pl_PL","og_type":"article","og_title":"Trening na wydmach &#8212; El Speedo","og_description":"Opanowanie skrzyd\u0142a na ziemi, to podstawowa umiej\u0119tno\u015b\u0107 ka\u017cdego pilota. Trening na wydmach\u2013 to zabawa, trening i umiej\u0119tno\u015bci, z kt\u00f3rych zawsze skorzystasz.","og_url":"https:\/\/elspeedo.cz\/kurzy-paraglidingu\/paraglidingovy-trenink\/trenink-na-dunach\/","og_site_name":"El Speedo","article_publisher":"http:\/\/www.facebook.com\/paragliding.elspeedo.cz\/?fref=ts","article_modified_time":"2017-04-26T14:49:44+00:00","twitter_card":"summary_large_image","twitter_misc":{"Szacowany czas czytania":"4 minuty"},"schema":{"@context":"https:\/\/schema.org","@graph":[{"@type":"WebPage","@id":"https:\/\/elspeedo.cz\/kurzy-paraglidingu\/paraglidingovy-trenink\/trenink-na-dunach\/","url":"https:\/\/elspeedo.cz\/kurzy-paraglidingu\/paraglidingovy-trenink\/trenink-na-dunach\/","name":"Trening na wydmach &#8212; El Speedo","isPartOf":{"@id":"https:\/\/elspeedo.cz\/#website"},"datePublished":"2016-12-07T17:02:11+00:00","dateModified":"2017-04-26T14:49:44+00:00","description":"Opanowanie skrzyd\u0142a na ziemi, to podstawowa umiej\u0119tno\u015b\u0107 ka\u017cdego pilota. Trening na wydmach\u2013 to zabawa, trening i umiej\u0119tno\u015bci, z kt\u00f3rych zawsze skorzystasz.","breadcrumb":{"@id":"https:\/\/elspeedo.cz\/kurzy-paraglidingu\/paraglidingovy-trenink\/trenink-na-dunach\/#breadcrumb"},"inLanguage":"pl-PL","potentialAction":[{"@type":"ReadAction","target":["https:\/\/elspeedo.cz\/kurzy-paraglidingu\/paraglidingovy-trenink\/trenink-na-dunach\/"]}]},{"@type":"BreadcrumbList","@id":"https:\/\/elspeedo.cz\/kurzy-paraglidingu\/paraglidingovy-trenink\/trenink-na-dunach\/#breadcrumb","itemListElement":[{"@type":"ListItem","position":1,"name":"Dom\u016f","item":"https:\/\/elspeedo.cz\/pl\/"},{"@type":"ListItem","position":2,"name":"Kursy Paralotniarstwa","item":"https:\/\/elspeedo.cz\/pl\/kursy-paralotniarstwa\/"},{"@type":"ListItem","position":3,"name":"Trening paralotniowy","item":"https:\/\/elspeedo.cz\/kurzy-paraglidingu\/paraglidingovy-trenink\/"},{"@type":"ListItem","position":4,"name":"Trening na wydmach"}]},{"@type":"WebSite","@id":"https:\/\/elspeedo.cz\/#website","url":"https:\/\/elspeedo.cz\/","name":"El Speedo","description":"Paragliding - kurzy, vybaven\u00ed, v\u00fdlety, komunita","potentialAction":[{"@type":"SearchAction","target":{"@type":"EntryPoint","urlTemplate":"https:\/\/elspeedo.cz\/?s={search_term_string}"},"query-input":{"@type":"PropertyValueSpecification","valueRequired":true,"valueName":"search_term_string"}}],"inLanguage":"pl-PL"}]}},"_links":{"self":[{"href":"https:\/\/elspeedo.cz\/pl\/wp-json\/wp\/v2\/pages\/15176","targetHints":{"allow":["GET"]}}],"collection":[{"href":"https:\/\/elspeedo.cz\/pl\/wp-json\/wp\/v2\/pages"}],"about":[{"href":"https:\/\/elspeedo.cz\/pl\/wp-json\/wp\/v2\/types\/page"}],"author":[{"embeddable":true,"href":"https:\/\/elspeedo.cz\/pl\/wp-json\/wp\/v2\/users\/7"}],"replies":[{"embeddable":true,"href":"https:\/\/elspeedo.cz\/pl\/wp-json\/wp\/v2\/comments?post=15176"}],"version-history":[{"count":0,"href":"https:\/\/elspeedo.cz\/pl\/wp-json\/wp\/v2\/pages\/15176\/revisions"}],"up":[{"embeddable":true,"href":"https:\/\/elspeedo.cz\/pl\/wp-json\/wp\/v2\/pages\/15533"}],"wp:attachment":[{"href":"https:\/\/elspeedo.cz\/pl\/wp-json\/wp\/v2\/media?parent=15176"}],"curies":[{"name":"wp","href":"https:\/\/api.w.org\/{rel}","templated":true}]}}