{"id":151978,"date":"2019-03-13T17:32:32","date_gmt":"2019-03-13T16:32:32","guid":{"rendered":"https:\/\/elspeedo.cz\/podpora-vystavby-novych-startovist\/"},"modified":"2021-02-24T11:44:44","modified_gmt":"2021-02-24T10:44:44","slug":"wsparcie-budowy-i-utrzymania-startowisk","status":"publish","type":"page","link":"https:\/\/elspeedo.cz\/pl\/wsparcie-budowy-i-utrzymania-startowisk\/","title":{"rendered":"Wsparcie budowy i utrzymania startowisk"},"content":{"rendered":"<div class=\"wpb-content-wrapper\">[vc_row][vc_column][vc_column_text]\n<h3>Dary dobrowolne<\/h3>\n<p>Beskidzka szko\u0142a latania przy ogromnej pomocy wielu pilot\u00f3w od roku 2009 wybudowa\u0142a i ca\u0142y czas utrzymuje trzy startowiska \u2013 zachodni start na Jaworowym wierchu (Javorov\u00fd vrch), oraz po\u0142udniowe i zachodnie startowisko na Praszywej (Pra\u0161iv\u00e1). Dzi\u0119ki pomocy fizycznej pilot\u00f3w, dofinansowaniu z\u00a0Beskidzkiej szko\u0142y latania oraz dobrowolnym darom razem nam si\u0119 udaje. Jednak bezpo\u015brednie koszty utrzymania ka\u017cdego z\u00a0wymienionych startowisk przez dziesi\u0119\u0107 lat poruszaj\u0105 si\u0119 w granicach 350 \u2013 400 tysi\u0119cy koron czeskich. Troszczymy si\u0119 o te tereny, aby w ten spos\u00f3b okaza\u0107 Wam wdzi\u0119czno\u015b\u0107 za korzystanie z\u00a0naszych us\u0142ug. Cz\u0119\u015b\u0107 dochod\u00f3w z\u00a0nauki paralotniarstwa przeznaczona jest w\u0142a\u015bnie na te cele. Piloci lataj\u0105cych niekomercyjnie na naszych startowiskach mog\u0105 korzysta\u0107 z\u00a0nich ca\u0142kowicie bezodp\u0142atnie.<span class=\"Apple-converted-space\">\u00a0<\/span><\/p>\n<p>Je\u017celi podoba Ci si\u0119 nasza praca, oraz je\u017celi chcesz i mo\u017cesz wesprze\u0107 nasze starania, Tw\u00f3j dobrowolny dar w du\u017cym stopniu przyczyni si\u0119 do utrzymania startowisk.<span class=\"Apple-converted-space\">\u00a0<\/span><\/p>\n<p>Wdzi\u0119czni jeste\u015bmy za jakikolwiek dar finansowy. <strong>Optymalna wysoko\u015b\u0107 sk\u0142adki rocznej to 500 CZK<\/strong>. W ten spos\u00f3b uzbierane \u015brodki finansowe wykorzystane zostan\u0105 do uiszczenia op\u0142at za wynajem grunt\u00f3w, przygotowywujemy r\u00f3wnie\u017c inne projekty wspieraj\u0105ce rozw\u00f3j paralotniarstwa. Wszystkie informacje znajdziesz na stronie El Speedo.<\/p>\n<p>Roczny dar finansowy o wysoko\u015bci 500 CZK prze\u015blij na konto:<\/p>\n<p><strong>Format czeski:\u00a0 670100-2209122227\/6210<\/strong><\/p>\n<p><strong>Dane mi\u0119dzynarodowe:\u00a0IBAN\u00a0 CZ56 6210 6701 0022 0912 2219, SWIFT BREXCZPPXXX<\/strong><\/p>\n<p>Je\u017celi masz inny pomys\u0142 na wsparcie naszego dzia\u0142ania, zadzwo\u0144 pod numer +420 603 311 661 (Dalibor Carbol) i pogadamy o mo\u017cliwo\u015bciach.<\/p>\n<h3>Piloci w Beskidach<\/h3>\n<p>Je\u017celi chcesz pomaga\u0107 w utrzymaniu i rozwijaniu teren\u00f3w lotniczych w Beskidach, zarejestruj si\u0119 na stronie internetowej <a href=\"http:\/\/www.pilotivbeskydech.cz\">www.pilotivbeskydech.cz<\/a> jako cz\u0142onek (cz\u0142onkostwo jest bezp\u0142atne, a sugestie i g\u0142osowania s\u0105 obs\u0142ugiwane przez formularz online). O zbli\u017caj\u0105cych si\u0119 wydarzeniach i brygadach na terenach lotniczych informujemy cz\u0142onk\u00f3w stowarzyszenia drog\u0105 mailow\u0105. Dzi\u0119ki Twojej rejestracji uzyskamy wa\u017cne g\u0142osy w negocjowaniu wsp\u00f3lnych \u015bwiadcze\u0144, rabat\u00f3w, ubezpieczenia oraz pozyskiwaniu \u015brodk\u00f3w na nowe projekty dla pilot\u00f3w. Nie trzeba by\u0107 z Beskid\u00f3w, aby by\u0107 cz\u0142onkiem naszego stowarzyszenia, uczestniczy\u0107 w jego dzia\u0142aniach i korzysta\u0107 z ofert dla cz\u0142onk\u00f3w. Klub jest otwarty dla wszystkich pilot\u00f3w.[\/vc_column_text][\/vc_column][\/vc_row][vc_row][vc_column width=&#8221;1\/6&#8243;][vc_single_image image=&#8221;20946&#8243; img_size=&#8221;full&#8221; alignment=&#8221;center&#8221; style=&#8221;vc_box_rounded&#8221;][\/vc_column][vc_column width=&#8221;1\/6&#8243;][vc_single_image image=&#8221;23490&#8243; img_size=&#8221;full&#8221; alignment=&#8221;center&#8221; style=&#8221;vc_box_rounded&#8221;][\/vc_column][vc_column width=&#8221;1\/6&#8243;][vc_single_image image=&#8221;20867&#8243; img_size=&#8221;full&#8221; alignment=&#8221;center&#8221; style=&#8221;vc_box_rounded&#8221;][\/vc_column][vc_column width=&#8221;1\/6&#8243;][vc_single_image image=&#8221;23603&#8243; img_size=&#8221;full&#8221; alignment=&#8221;center&#8221; style=&#8221;vc_box_rounded&#8221;][\/vc_column][vc_column width=&#8221;1\/6&#8243;][vc_single_image image=&#8221;22707&#8243; img_size=&#8221;full&#8221; alignment=&#8221;center&#8221; style=&#8221;vc_box_rounded&#8221;][\/vc_column][vc_column width=&#8221;1\/6&#8243;][vc_single_image image=&#8221;22713&#8243; img_size=&#8221;full&#8221; alignment=&#8221;center&#8221; style=&#8221;vc_box_rounded&#8221;][\/vc_column][\/vc_row][vc_row][vc_column width=&#8221;1\/6&#8243;][vc_single_image image=&#8221;99497&#8243; img_size=&#8221;full&#8221; alignment=&#8221;center&#8221; style=&#8221;vc_box_rounded&#8221;][\/vc_column][vc_column width=&#8221;1\/6&#8243;][vc_single_image image=&#8221;99488&#8243; img_size=&#8221;full&#8221; alignment=&#8221;center&#8221; style=&#8221;vc_box_rounded&#8221;][\/vc_column][vc_column width=&#8221;1\/6&#8243;][vc_single_image image=&#8221;99503&#8243; img_size=&#8221;full&#8221; alignment=&#8221;center&#8221; style=&#8221;vc_box_rounded&#8221;][\/vc_column][vc_column width=&#8221;1\/6&#8243;][vc_single_image image=&#8221;99506&#8243; img_size=&#8221;full&#8221; alignment=&#8221;center&#8221; style=&#8221;vc_box_rounded&#8221;][\/vc_column][vc_column width=&#8221;1\/6&#8243;][vc_single_image image=&#8221;99491&#8243; img_size=&#8221;full&#8221; alignment=&#8221;center&#8221; style=&#8221;vc_box_rounded&#8221;][\/vc_column][vc_column width=&#8221;1\/6&#8243;][vc_single_image image=&#8221;99494&#8243; img_size=&#8221;full&#8221; alignment=&#8221;center&#8221; style=&#8221;vc_box_rounded&#8221;][\/vc_column][\/vc_row]\n<\/div>","protected":false},"excerpt":{"rendered":"<p>[vc_row][vc_column][vc_column_text] Dary dobrowolne Beskidzka szko\u0142a latania przy ogromnej pomocy wielu pilot\u00f3w od roku 2009 wybudowa\u0142a i ca\u0142y czas utrzymuje trzy startowiska \u2013 zachodni start na Jaworowym wierchu (Javorov\u00fd vrch), oraz po\u0142udniowe i zachodnie startowisko na Praszywej (Pra\u0161iv\u00e1). Dzi\u0119ki pomocy fizycznej pilot\u00f3w, dofinansowaniu z\u00a0Beskidzkiej szko\u0142y latania oraz dobrowolnym darom razem nam si\u0119 udaje. Jednak bezpo\u015brednie koszty [&hellip;]<\/p>\n","protected":false},"author":4,"featured_media":0,"parent":0,"menu_order":0,"comment_status":"closed","ping_status":"closed","template":"","meta":{"_tribe_blocks_recurrence_rules":"","_tribe_blocks_recurrence_exclusions":"","_tribe_blocks_recurrence_description":"","footnotes":""},"class_list":["post-151978","page","type-page","status-publish","hentry"],"yoast_head":"<!-- This site is optimized with the Yoast SEO plugin v27.0 - https:\/\/yoast.com\/product\/yoast-seo-wordpress\/ -->\n<title>Wsparcie budowy i utrzymania startowisk &#8212; El Speedo<\/title>\n<meta name=\"description\" content=\"El Speedo je nejv\u011bt\u0161\u00ed paraglidingov\u00e1 komunita a \u0161kola v \u010cR. Tandemov\u00e9 seskoky, kurzy, expedice a paragliding v\u00fdbava\" \/>\n<meta name=\"robots\" content=\"index, follow, max-snippet:-1, max-image-preview:large, max-video-preview:-1\" \/>\n<link rel=\"canonical\" href=\"https:\/\/elspeedo.cz\/rider\/\" \/>\n<meta property=\"og:locale\" content=\"pl_PL\" \/>\n<meta property=\"og:type\" content=\"article\" \/>\n<meta property=\"og:title\" content=\"Wsparcie budowy i utrzymania startowisk &#8212; El Speedo\" \/>\n<meta property=\"og:description\" content=\"El Speedo je nejv\u011bt\u0161\u00ed paraglidingov\u00e1 komunita a \u0161kola v \u010cR. Tandemov\u00e9 seskoky, kurzy, expedice a paragliding v\u00fdbava\" \/>\n<meta property=\"og:url\" content=\"https:\/\/elspeedo.cz\/rider\/\" \/>\n<meta property=\"og:site_name\" content=\"El Speedo\" \/>\n<meta property=\"article:publisher\" content=\"http:\/\/www.facebook.com\/paragliding.elspeedo.cz\/?fref=ts\" \/>\n<meta property=\"article:modified_time\" content=\"2021-02-24T10:44:44+00:00\" \/>\n<meta name=\"twitter:card\" content=\"summary_large_image\" \/>\n<meta name=\"twitter:label1\" content=\"Szacowany czas czytania\" \/>\n\t<meta name=\"twitter:data1\" content=\"3 minuty\" \/>\n<script type=\"application\/ld+json\" class=\"yoast-schema-graph\">{\"@context\":\"https:\/\/schema.org\",\"@graph\":[{\"@type\":\"WebPage\",\"@id\":\"https:\/\/elspeedo.cz\/rider\/\",\"url\":\"https:\/\/elspeedo.cz\/rider\/\",\"name\":\"Wsparcie budowy i utrzymania startowisk &#8212; El Speedo\",\"isPartOf\":{\"@id\":\"https:\/\/elspeedo.cz\/#website\"},\"datePublished\":\"2019-03-13T16:32:32+00:00\",\"dateModified\":\"2021-02-24T10:44:44+00:00\",\"description\":\"El Speedo je nejv\u011bt\u0161\u00ed paraglidingov\u00e1 komunita a \u0161kola v \u010cR. Tandemov\u00e9 seskoky, kurzy, expedice a paragliding v\u00fdbava\",\"breadcrumb\":{\"@id\":\"https:\/\/elspeedo.cz\/rider\/#breadcrumb\"},\"inLanguage\":\"pl-PL\",\"potentialAction\":[{\"@type\":\"ReadAction\",\"target\":[\"https:\/\/elspeedo.cz\/rider\/\"]}]},{\"@type\":\"BreadcrumbList\",\"@id\":\"https:\/\/elspeedo.cz\/rider\/#breadcrumb\",\"itemListElement\":[{\"@type\":\"ListItem\",\"position\":1,\"name\":\"Dom\u016f\",\"item\":\"https:\/\/elspeedo.cz\/pl\/\"},{\"@type\":\"ListItem\",\"position\":2,\"name\":\"Wsparcie budowy i utrzymania startowisk\"}]},{\"@type\":\"WebSite\",\"@id\":\"https:\/\/elspeedo.cz\/#website\",\"url\":\"https:\/\/elspeedo.cz\/\",\"name\":\"El Speedo\",\"description\":\"Paragliding - kurzy, vybaven\u00ed, v\u00fdlety, komunita\",\"potentialAction\":[{\"@type\":\"SearchAction\",\"target\":{\"@type\":\"EntryPoint\",\"urlTemplate\":\"https:\/\/elspeedo.cz\/?s={search_term_string}\"},\"query-input\":{\"@type\":\"PropertyValueSpecification\",\"valueRequired\":true,\"valueName\":\"search_term_string\"}}],\"inLanguage\":\"pl-PL\"}]}<\/script>\n<!-- \/ Yoast SEO plugin. -->","yoast_head_json":{"title":"Wsparcie budowy i utrzymania startowisk &#8212; El Speedo","description":"El Speedo je nejv\u011bt\u0161\u00ed paraglidingov\u00e1 komunita a \u0161kola v \u010cR. Tandemov\u00e9 seskoky, kurzy, expedice a paragliding v\u00fdbava","robots":{"index":"index","follow":"follow","max-snippet":"max-snippet:-1","max-image-preview":"max-image-preview:large","max-video-preview":"max-video-preview:-1"},"canonical":"https:\/\/elspeedo.cz\/rider\/","og_locale":"pl_PL","og_type":"article","og_title":"Wsparcie budowy i utrzymania startowisk &#8212; El Speedo","og_description":"El Speedo je nejv\u011bt\u0161\u00ed paraglidingov\u00e1 komunita a \u0161kola v \u010cR. Tandemov\u00e9 seskoky, kurzy, expedice a paragliding v\u00fdbava","og_url":"https:\/\/elspeedo.cz\/rider\/","og_site_name":"El Speedo","article_publisher":"http:\/\/www.facebook.com\/paragliding.elspeedo.cz\/?fref=ts","article_modified_time":"2021-02-24T10:44:44+00:00","twitter_card":"summary_large_image","twitter_misc":{"Szacowany czas czytania":"3 minuty"},"schema":{"@context":"https:\/\/schema.org","@graph":[{"@type":"WebPage","@id":"https:\/\/elspeedo.cz\/rider\/","url":"https:\/\/elspeedo.cz\/rider\/","name":"Wsparcie budowy i utrzymania startowisk &#8212; El Speedo","isPartOf":{"@id":"https:\/\/elspeedo.cz\/#website"},"datePublished":"2019-03-13T16:32:32+00:00","dateModified":"2021-02-24T10:44:44+00:00","description":"El Speedo je nejv\u011bt\u0161\u00ed paraglidingov\u00e1 komunita a \u0161kola v \u010cR. Tandemov\u00e9 seskoky, kurzy, expedice a paragliding v\u00fdbava","breadcrumb":{"@id":"https:\/\/elspeedo.cz\/rider\/#breadcrumb"},"inLanguage":"pl-PL","potentialAction":[{"@type":"ReadAction","target":["https:\/\/elspeedo.cz\/rider\/"]}]},{"@type":"BreadcrumbList","@id":"https:\/\/elspeedo.cz\/rider\/#breadcrumb","itemListElement":[{"@type":"ListItem","position":1,"name":"Dom\u016f","item":"https:\/\/elspeedo.cz\/pl\/"},{"@type":"ListItem","position":2,"name":"Wsparcie budowy i utrzymania startowisk"}]},{"@type":"WebSite","@id":"https:\/\/elspeedo.cz\/#website","url":"https:\/\/elspeedo.cz\/","name":"El Speedo","description":"Paragliding - kurzy, vybaven\u00ed, v\u00fdlety, komunita","potentialAction":[{"@type":"SearchAction","target":{"@type":"EntryPoint","urlTemplate":"https:\/\/elspeedo.cz\/?s={search_term_string}"},"query-input":{"@type":"PropertyValueSpecification","valueRequired":true,"valueName":"search_term_string"}}],"inLanguage":"pl-PL"}]}},"_links":{"self":[{"href":"https:\/\/elspeedo.cz\/pl\/wp-json\/wp\/v2\/pages\/151978","targetHints":{"allow":["GET"]}}],"collection":[{"href":"https:\/\/elspeedo.cz\/pl\/wp-json\/wp\/v2\/pages"}],"about":[{"href":"https:\/\/elspeedo.cz\/pl\/wp-json\/wp\/v2\/types\/page"}],"author":[{"embeddable":true,"href":"https:\/\/elspeedo.cz\/pl\/wp-json\/wp\/v2\/users\/4"}],"replies":[{"embeddable":true,"href":"https:\/\/elspeedo.cz\/pl\/wp-json\/wp\/v2\/comments?post=151978"}],"version-history":[{"count":2,"href":"https:\/\/elspeedo.cz\/pl\/wp-json\/wp\/v2\/pages\/151978\/revisions"}],"predecessor-version":[{"id":151980,"href":"https:\/\/elspeedo.cz\/pl\/wp-json\/wp\/v2\/pages\/151978\/revisions\/151980"}],"wp:attachment":[{"href":"https:\/\/elspeedo.cz\/pl\/wp-json\/wp\/v2\/media?parent=151978"}],"curies":[{"name":"wp","href":"https:\/\/api.w.org\/{rel}","templated":true}]}}