{"id":152229,"date":"2019-03-18T14:49:32","date_gmt":"2019-03-18T13:49:32","guid":{"rendered":"https:\/\/elspeedo.cz\/vycvik-paraglidingovych-instruktoru\/"},"modified":"2021-03-10T12:52:51","modified_gmt":"2021-03-10T11:52:51","slug":"el-speedo-system-szkolena-instruktorow-paralotniarstwa","status":"publish","type":"page","link":"https:\/\/elspeedo.cz\/pl\/el-speedo-system-szkolena-instruktorow-paralotniarstwa\/","title":{"rendered":"El Speedo system szkolena instruktor\u00f3w paralotniarstwa"},"content":{"rendered":"<div class=\"wpb-content-wrapper\">[vc_row][vc_column][vc_column_text]\n<h1>Chcesz zosta\u0107 instruktorem paralotniarstwa?<\/h1>\n<p>Nasz system szkolenia instruktor\u00f3w opiera si\u0119 o systematyczny podzia\u0142 czynno\u015bci instruktor\u00f3w i do niego nawi\u0105zuj\u0105ce mechanizmy zyskiwania odpowiednich kwalifikacji do prowadzenia konkretnych kurs\u00f3w. W programie treningowym El Speedo znajdziesz szerokie spektrum imprez edukacyjnych. Dzi\u0119ki du\u017cemu zainteresowaniu o nasze imprezy w\u015br\u00f3d pilot\u00f3w mo\u017cesz systematycznie rozwija\u0107\u00a0si\u0119 po boku naszych Starszych instruktor\u00f3w.<\/p>\n<p><b>W El Speedo dzielimy pilot\u00f3w\u00a0bior\u0105cych\u00a0udzia\u0142 w szkoleniach do\u00a0pi\u0119ciu poziom\u00f3w:<\/b><\/p>\n<ul>\n<li>M\u0142odszy asystent<\/li>\n<li>Starszy asystent<\/li>\n<li>Instruktor w trakcie szkolenia<\/li>\n<li>M\u0142odszy instruktor<\/li>\n<li>Starszy instruktor<\/li>\n<\/ul>\n<p><b>W szkoleniu instruktor\u00f3w pomaga\u00a0r\u00f3wnie\u017c kilka fakt\u00f3w:<\/b><\/p>\n<ul>\n<li>do wszystkich kurs\u00f3w posiadamy w\u0142asn\u0105 metodologi\u0119,<\/li>\n<li>regularnie konsultujemy nowo\u015bci w dziedzinie paralotniarstwa i uwzgl\u0119dniamy je w naszych metodologiach,<\/li>\n<li>podczas wybranych kurs\u00f3w korzystamy z aplikacji mobilnej PES, w kt\u00f3rej Starsi instruktorzy oraz Instruktorzy w trakcie szkolenia zapisuj\u0105 b\u0142\u0119dy kursant\u00f3w. Do tych notatek wracamy podczas analizy po treningu.<\/li>\n<\/ul>\n<p><b>Nasze szkolenie instruktor\u00f3w przebiega w\u00a0nast\u0119puj\u0105cych fazach:<\/b><\/p>\n<ol>\n<li>Zapis kandydata do roli Asystenta.<\/li>\n<li>Zaliczenie wst\u0119pnego testu do szkolenia do licencji Instruktor, przej\u015bcie na poziom Instruktor w trakcie szkolenia.<\/li>\n<li>Jednoletnia praktyka na poziomie Instruktor w trakcie szkolenia (minimalnie 6 tygodni na kursach) pod nadzorem szkol\u0105cego Starszego instruktora.<\/li>\n<li>Praktyka na poziomie M\u0142odszy instruktor, stopniowe zyskiwanie kwalifikacji do kurs\u00f3w XC, SIV, PPG.<\/li>\n<li>Po zaliczeniu wcze\u015bniejszych poziom\u00f3w i uzyskaniu do\u015bwiadcze\u0144 przej\u015bcie na poziom Starszy instruktor.<\/li>\n<\/ol>\n[\/vc_column_text][\/vc_column][\/vc_row][vc_row css=&#8221;.vc_custom_1552917856744{padding-top: 30px !important;padding-bottom: 30px !important;}&#8221;][vc_column width=&#8221;1\/6&#8243;][vc_single_image image=&#8221;100054&#8243; img_size=&#8221;full&#8221; alignment=&#8221;center&#8221; style=&#8221;vc_box_rounded&#8221;][\/vc_column][vc_column width=&#8221;1\/6&#8243;][vc_single_image image=&#8221;100003&#8243; img_size=&#8221;full&#8221; alignment=&#8221;center&#8221; style=&#8221;vc_box_rounded&#8221;][\/vc_column][vc_column width=&#8221;1\/6&#8243;][vc_single_image image=&#8221;100033&#8243; img_size=&#8221;full&#8221; alignment=&#8221;center&#8221; style=&#8221;vc_box_rounded&#8221;][\/vc_column][vc_column width=&#8221;1\/6&#8243;][vc_single_image image=&#8221;100030&#8243; img_size=&#8221;full&#8221; alignment=&#8221;center&#8221; style=&#8221;vc_box_rounded&#8221;][\/vc_column][vc_column width=&#8221;1\/6&#8243;][vc_single_image image=&#8221;99991&#8243; img_size=&#8221;full&#8221; alignment=&#8221;center&#8221; style=&#8221;vc_box_rounded&#8221;][\/vc_column][vc_column width=&#8221;1\/6&#8243;][vc_single_image image=&#8221;100012&#8243; img_size=&#8221;full&#8221; alignment=&#8221;center&#8221; style=&#8221;vc_box_rounded&#8221;][\/vc_column][\/vc_row][vc_row][vc_column][vc_separator el_width=&#8221;80&#8243; el_class=&#8221;basic-separator&#8221;][\/vc_column][\/vc_row][vc_row][vc_column][vc_column_text]\n<h1>Opis szczeg\u00f3\u0142owy, warunki i zadania<\/h1>\n<h3><\/h3>\n<h3><b>Zapis kandydata do roli M\u0142odszego asystenta<\/b><\/h3>\n<p>Warunki:<\/p>\n<ul>\n<li>wa\u017cna licencja pilota paralotni,<\/li>\n<li>polecenie instruktora.<\/li>\n<\/ul>\n<p>Zadania:<span class=\"Apple-converted-space\">\u00a0<\/span><\/p>\n<ul>\n<li>doskonalenie w\u0142asnej wiedzy i umiej\u0119tno\u015bci,<\/li>\n<li>stopniowe w\u0142\u0105czanie w kr\u00f3tsze wyk\u0142ady,<\/li>\n<li>trening nawigacji na ni\u017cszych terenach pod nadzorem Starszego instruktora.<\/li>\n<\/ul>\n<h3><\/h3>\n<h3><b>Poziom Starszy asystent<\/b><\/h3>\n<p>Warunki:<\/p>\n<ul>\n<li>wa\u017cna licencja pilota min. 2 lata,<\/li>\n<li>zaliczenie wst\u0119pnego testu teoretycznego do szkolenia do licencji Instruktor,<\/li>\n<li>polecenie Starszego instruktora.<\/li>\n<\/ul>\n<p>Zadania:<span class=\"Apple-converted-space\">\u00a0<\/span><\/p>\n<ul>\n<li>aktywny udzia\u0142 w wyk\u0142adach, stopniowe ogarni\u0119cie wszystkich temat\u00f3w,<\/li>\n<li>trening nawigacji na ni\u017cszych terenach pod nadzorem Starszego instruktora,<\/li>\n<li>zapisywanie b\u0142\u0119d\u00f3w uczestnik\u00f3w kursu podczas \u0107wicze\u0144 praktycznych, start\u00f3w i l\u0105dowa\u0144 w aplikacji treningowej PES.<span class=\"Apple-converted-space\"><br \/>\n<\/span><\/li>\n<\/ul>\n<h3><\/h3>\n<h3><b>Poziom Instruktor w trakcie szkolenia<\/b><\/h3>\n<p>Warunki:<\/p>\n<ul>\n<li>praktyka na Kursach podstawowych na poziomie Starszego asystenta (minimalnie 6 tygodni na kursach),<\/li>\n<li>zdolno\u015b\u0107 opisu i analizy\u00a0b\u0142\u0119d\u00f3w kursant\u00f3w podczas treningu start\u00f3w i l\u0105dowa\u0144 &#8211; zweryfikowana Starszym instruktorem,<\/li>\n<li>zdolno\u015b\u0107 samodzielnego prowadzenia wyk\u0142ad\u00f3w minimalnie dwu blok\u00f3w teoretycznych, zrozumienie metodologii szkoleniowej &#8211; zweryfikowane Starszym instruktorem.<\/li>\n<\/ul>\n<p>Zadania:<span class=\"Apple-converted-space\">\u00a0<\/span><\/p>\n<ul>\n<li>trening nawigacji na ni\u017cszych i wy\u017cszych terenach podczas mniejszego ruchu lotniczego pod nadzorem Starszego instruktora,<\/li>\n<li>pog\u0142\u0119bianie do\u015bwiadcze\u0144 podczas teorii i analiz b\u0142\u0119d\u00f3w kursant\u00f3w podczas \u0107wicze\u0144 praktycznych,<\/li>\n<li>zdolno\u015b\u0107 samodzielnego prowadzenia wyk\u0142ad\u00f3w teoretycznych na wszystkie tematy zwi\u0105zane z nauk\u0105 paralotniarstwa, za pomoc\u0105 prezentacji komputerowej i gad\u017cet\u00f3w, jak r\u00f3wnie\u017c przed tylko pust\u0105 tablic\u0105.<\/li>\n<\/ul>\n<h3><\/h3>\n<h3><b>Uzyskanie licencji Instruktor &#8211; poziom\u00a0M\u0142odszy instruktor<\/b><\/h3>\n<p>Warunki:<\/p>\n<ul>\n<li>zaliczenie ko\u0144cowego egzaminu do kwalifikacji Instruktor,<\/li>\n<li>uzyskanie licencji Instruktor LAA \u010cR.<\/li>\n<\/ul>\n<p>Nast\u0119pnie specjalizacja w kierunku:<\/p>\n<ul>\n<li>doskona\u0142e starty,<\/li>\n<li>dok\u0142adne l\u0105dowania,<\/li>\n<li>latanie w termice,<\/li>\n<li>SIV trening,<\/li>\n<li>XC trening.<\/li>\n<\/ul>\n<p>Ogarni\u0119cie poszczeg\u00f3lnych specjalizacji potwierdza Starszy instruktor. Po uzyskaniu czterech z pi\u0119ciu specjalizacji mo\u017cliwe przej\u015bcie na poziom Starszego instruktora.<\/p>\n<h3><\/h3>\n<h3><b>Starszy instruktor<\/b><\/h3>\n<ul>\n<li>bierze udzia\u0142 w analizie wyk\u0142ad\u00f3w teoretycznych i metodologii \u0107wicze\u0144 praktycznych, proponuje ewentualne zmiany,<\/li>\n<li>uczestniczy w szkoleniu nowych asystent\u00f3w i instruktor\u00f3w.<\/li>\n<\/ul>\n[\/vc_column_text][\/vc_column][\/vc_row][vc_row css=&#8221;.vc_custom_1552917890353{padding-top: 30px !important;padding-bottom: 30px !important;}&#8221;][vc_column width=&#8221;1\/6&#8243;][vc_single_image image=&#8221;99994&#8243; img_size=&#8221;full&#8221; alignment=&#8221;center&#8221; style=&#8221;vc_box_rounded&#8221;][\/vc_column][vc_column width=&#8221;1\/6&#8243;][vc_single_image image=&#8221;99973&#8243; img_size=&#8221;full&#8221; alignment=&#8221;center&#8221; style=&#8221;vc_box_rounded&#8221;][\/vc_column][vc_column width=&#8221;1\/6&#8243;][vc_single_image image=&#8221;99976&#8243; img_size=&#8221;full&#8221; alignment=&#8221;center&#8221; style=&#8221;vc_box_rounded&#8221;][\/vc_column][vc_column width=&#8221;1\/6&#8243;][vc_single_image image=&#8221;100042&#8243; img_size=&#8221;full&#8221; alignment=&#8221;center&#8221; style=&#8221;vc_box_rounded&#8221;][\/vc_column][vc_column width=&#8221;1\/6&#8243;][vc_single_image image=&#8221;99988&#8243; img_size=&#8221;full&#8221; alignment=&#8221;center&#8221; style=&#8221;vc_box_rounded&#8221;][\/vc_column][vc_column width=&#8221;1\/6&#8243;][vc_single_image image=&#8221;99982&#8243; img_size=&#8221;full&#8221; alignment=&#8221;center&#8221; style=&#8221;vc_box_rounded&#8221;][\/vc_column][\/vc_row][vc_row][vc_column][mk_contact_form title=&#8221;Zg\u0142oszenie do programu El Speedo Instruktor&#8221; style=&#8221;classic&#8221; button_text=&#8221;Wy\u015blij&#8221;][\/vc_column][\/vc_row]\n<\/div>","protected":false},"excerpt":{"rendered":"<p>[vc_row][vc_column][vc_column_text] Chcesz zosta\u0107 instruktorem paralotniarstwa? Nasz system szkolenia instruktor\u00f3w opiera si\u0119 o systematyczny podzia\u0142 czynno\u015bci instruktor\u00f3w i do niego nawi\u0105zuj\u0105ce mechanizmy zyskiwania odpowiednich kwalifikacji do prowadzenia konkretnych kurs\u00f3w. W programie treningowym El Speedo znajdziesz szerokie spektrum imprez edukacyjnych. Dzi\u0119ki du\u017cemu zainteresowaniu o nasze imprezy w\u015br\u00f3d pilot\u00f3w mo\u017cesz systematycznie rozwija\u0107\u00a0si\u0119 po boku naszych Starszych instruktor\u00f3w. W [&hellip;]<\/p>\n","protected":false},"author":4,"featured_media":0,"parent":0,"menu_order":0,"comment_status":"closed","ping_status":"closed","template":"","meta":{"_tribe_blocks_recurrence_rules":"","_tribe_blocks_recurrence_exclusions":"","_tribe_blocks_recurrence_description":"","footnotes":""},"class_list":["post-152229","page","type-page","status-publish","hentry"],"yoast_head":"<!-- This site is optimized with the Yoast SEO plugin v27.0 - https:\/\/yoast.com\/product\/yoast-seo-wordpress\/ -->\n<title>El Speedo system szkolena instruktor\u00f3w paralotniarstwa &#8212; El Speedo<\/title>\n<meta name=\"description\" content=\"El Speedo je nejv\u011bt\u0161\u00ed paraglidingov\u00e1 komunita a \u0161kola v \u010cR. Tandemov\u00e9 seskoky, kurzy, expedice a paragliding v\u00fdbava\" \/>\n<meta name=\"robots\" content=\"index, follow, max-snippet:-1, max-image-preview:large, max-video-preview:-1\" \/>\n<link rel=\"canonical\" href=\"https:\/\/elspeedo.cz\/pl\/el-speedo-system-szkolena-instruktorow-paralotniarstwa\/\" \/>\n<meta property=\"og:locale\" content=\"pl_PL\" \/>\n<meta property=\"og:type\" content=\"article\" \/>\n<meta property=\"og:title\" content=\"El Speedo system szkolena instruktor\u00f3w paralotniarstwa &#8212; El Speedo\" \/>\n<meta property=\"og:description\" content=\"El Speedo je nejv\u011bt\u0161\u00ed paraglidingov\u00e1 komunita a \u0161kola v \u010cR. Tandemov\u00e9 seskoky, kurzy, expedice a paragliding v\u00fdbava\" \/>\n<meta property=\"og:url\" content=\"https:\/\/elspeedo.cz\/pl\/el-speedo-system-szkolena-instruktorow-paralotniarstwa\/\" \/>\n<meta property=\"og:site_name\" content=\"El Speedo\" \/>\n<meta property=\"article:publisher\" content=\"http:\/\/www.facebook.com\/paragliding.elspeedo.cz\/?fref=ts\" \/>\n<meta property=\"article:modified_time\" content=\"2021-03-10T11:52:51+00:00\" \/>\n<meta name=\"twitter:card\" content=\"summary_large_image\" \/>\n<meta name=\"twitter:label1\" content=\"Szacowany czas czytania\" \/>\n\t<meta name=\"twitter:data1\" content=\"4 minuty\" \/>\n<script type=\"application\/ld+json\" class=\"yoast-schema-graph\">{\"@context\":\"https:\/\/schema.org\",\"@graph\":[{\"@type\":\"WebPage\",\"@id\":\"https:\/\/elspeedo.cz\/pl\/el-speedo-system-szkolena-instruktorow-paralotniarstwa\/\",\"url\":\"https:\/\/elspeedo.cz\/pl\/el-speedo-system-szkolena-instruktorow-paralotniarstwa\/\",\"name\":\"El Speedo system szkolena instruktor\u00f3w paralotniarstwa &#8212; El Speedo\",\"isPartOf\":{\"@id\":\"https:\/\/elspeedo.cz\/#website\"},\"datePublished\":\"2019-03-18T13:49:32+00:00\",\"dateModified\":\"2021-03-10T11:52:51+00:00\",\"description\":\"El Speedo je nejv\u011bt\u0161\u00ed paraglidingov\u00e1 komunita a \u0161kola v \u010cR. Tandemov\u00e9 seskoky, kurzy, expedice a paragliding v\u00fdbava\",\"breadcrumb\":{\"@id\":\"https:\/\/elspeedo.cz\/pl\/el-speedo-system-szkolena-instruktorow-paralotniarstwa\/#breadcrumb\"},\"inLanguage\":\"pl-PL\",\"potentialAction\":[{\"@type\":\"ReadAction\",\"target\":[\"https:\/\/elspeedo.cz\/pl\/el-speedo-system-szkolena-instruktorow-paralotniarstwa\/\"]}]},{\"@type\":\"BreadcrumbList\",\"@id\":\"https:\/\/elspeedo.cz\/pl\/el-speedo-system-szkolena-instruktorow-paralotniarstwa\/#breadcrumb\",\"itemListElement\":[{\"@type\":\"ListItem\",\"position\":1,\"name\":\"Dom\u016f\",\"item\":\"https:\/\/elspeedo.cz\/pl\/\"},{\"@type\":\"ListItem\",\"position\":2,\"name\":\"El Speedo system szkolena instruktor\u00f3w paralotniarstwa\"}]},{\"@type\":\"WebSite\",\"@id\":\"https:\/\/elspeedo.cz\/#website\",\"url\":\"https:\/\/elspeedo.cz\/\",\"name\":\"El Speedo\",\"description\":\"Paragliding - kurzy, vybaven\u00ed, v\u00fdlety, komunita\",\"potentialAction\":[{\"@type\":\"SearchAction\",\"target\":{\"@type\":\"EntryPoint\",\"urlTemplate\":\"https:\/\/elspeedo.cz\/?s={search_term_string}\"},\"query-input\":{\"@type\":\"PropertyValueSpecification\",\"valueRequired\":true,\"valueName\":\"search_term_string\"}}],\"inLanguage\":\"pl-PL\"}]}<\/script>\n<!-- \/ Yoast SEO plugin. -->","yoast_head_json":{"title":"El Speedo system szkolena instruktor\u00f3w paralotniarstwa &#8212; El Speedo","description":"El Speedo je nejv\u011bt\u0161\u00ed paraglidingov\u00e1 komunita a \u0161kola v \u010cR. Tandemov\u00e9 seskoky, kurzy, expedice a paragliding v\u00fdbava","robots":{"index":"index","follow":"follow","max-snippet":"max-snippet:-1","max-image-preview":"max-image-preview:large","max-video-preview":"max-video-preview:-1"},"canonical":"https:\/\/elspeedo.cz\/pl\/el-speedo-system-szkolena-instruktorow-paralotniarstwa\/","og_locale":"pl_PL","og_type":"article","og_title":"El Speedo system szkolena instruktor\u00f3w paralotniarstwa &#8212; El Speedo","og_description":"El Speedo je nejv\u011bt\u0161\u00ed paraglidingov\u00e1 komunita a \u0161kola v \u010cR. Tandemov\u00e9 seskoky, kurzy, expedice a paragliding v\u00fdbava","og_url":"https:\/\/elspeedo.cz\/pl\/el-speedo-system-szkolena-instruktorow-paralotniarstwa\/","og_site_name":"El Speedo","article_publisher":"http:\/\/www.facebook.com\/paragliding.elspeedo.cz\/?fref=ts","article_modified_time":"2021-03-10T11:52:51+00:00","twitter_card":"summary_large_image","twitter_misc":{"Szacowany czas czytania":"4 minuty"},"schema":{"@context":"https:\/\/schema.org","@graph":[{"@type":"WebPage","@id":"https:\/\/elspeedo.cz\/pl\/el-speedo-system-szkolena-instruktorow-paralotniarstwa\/","url":"https:\/\/elspeedo.cz\/pl\/el-speedo-system-szkolena-instruktorow-paralotniarstwa\/","name":"El Speedo system szkolena instruktor\u00f3w paralotniarstwa &#8212; El Speedo","isPartOf":{"@id":"https:\/\/elspeedo.cz\/#website"},"datePublished":"2019-03-18T13:49:32+00:00","dateModified":"2021-03-10T11:52:51+00:00","description":"El Speedo je nejv\u011bt\u0161\u00ed paraglidingov\u00e1 komunita a \u0161kola v \u010cR. Tandemov\u00e9 seskoky, kurzy, expedice a paragliding v\u00fdbava","breadcrumb":{"@id":"https:\/\/elspeedo.cz\/pl\/el-speedo-system-szkolena-instruktorow-paralotniarstwa\/#breadcrumb"},"inLanguage":"pl-PL","potentialAction":[{"@type":"ReadAction","target":["https:\/\/elspeedo.cz\/pl\/el-speedo-system-szkolena-instruktorow-paralotniarstwa\/"]}]},{"@type":"BreadcrumbList","@id":"https:\/\/elspeedo.cz\/pl\/el-speedo-system-szkolena-instruktorow-paralotniarstwa\/#breadcrumb","itemListElement":[{"@type":"ListItem","position":1,"name":"Dom\u016f","item":"https:\/\/elspeedo.cz\/pl\/"},{"@type":"ListItem","position":2,"name":"El Speedo system szkolena instruktor\u00f3w paralotniarstwa"}]},{"@type":"WebSite","@id":"https:\/\/elspeedo.cz\/#website","url":"https:\/\/elspeedo.cz\/","name":"El Speedo","description":"Paragliding - kurzy, vybaven\u00ed, v\u00fdlety, komunita","potentialAction":[{"@type":"SearchAction","target":{"@type":"EntryPoint","urlTemplate":"https:\/\/elspeedo.cz\/?s={search_term_string}"},"query-input":{"@type":"PropertyValueSpecification","valueRequired":true,"valueName":"search_term_string"}}],"inLanguage":"pl-PL"}]}},"_links":{"self":[{"href":"https:\/\/elspeedo.cz\/pl\/wp-json\/wp\/v2\/pages\/152229","targetHints":{"allow":["GET"]}}],"collection":[{"href":"https:\/\/elspeedo.cz\/pl\/wp-json\/wp\/v2\/pages"}],"about":[{"href":"https:\/\/elspeedo.cz\/pl\/wp-json\/wp\/v2\/types\/page"}],"author":[{"embeddable":true,"href":"https:\/\/elspeedo.cz\/pl\/wp-json\/wp\/v2\/users\/4"}],"replies":[{"embeddable":true,"href":"https:\/\/elspeedo.cz\/pl\/wp-json\/wp\/v2\/comments?post=152229"}],"version-history":[{"count":7,"href":"https:\/\/elspeedo.cz\/pl\/wp-json\/wp\/v2\/pages\/152229\/revisions"}],"predecessor-version":[{"id":152237,"href":"https:\/\/elspeedo.cz\/pl\/wp-json\/wp\/v2\/pages\/152229\/revisions\/152237"}],"wp:attachment":[{"href":"https:\/\/elspeedo.cz\/pl\/wp-json\/wp\/v2\/media?parent=152229"}],"curies":[{"name":"wp","href":"https:\/\/api.w.org\/{rel}","templated":true}]}}