{"id":15533,"date":"2016-12-03T14:34:02","date_gmt":"2016-12-03T13:34:02","guid":{"rendered":"https:\/\/elspeedo.cz\/paragliding_program\/"},"modified":"2024-03-26T18:33:22","modified_gmt":"2024-03-26T17:33:22","slug":"trening-paralotniowy","status":"publish","type":"page","link":"https:\/\/elspeedo.cz\/pl\/kursy-paralotniarstwa\/trening-paralotniowy\/","title":{"rendered":"Trening paralotniowy"},"content":{"rendered":"<div class=\"wpb-content-wrapper\">[mk_page_section video_loop=&#8221;false&#8221; padding_top=&#8221;50&#8243; padding_bottom=&#8221;50&#8243; sidebar=&#8221;sidebar-1&#8243;][vc_column width=&#8221;1\/3&#8243;][vc_single_image image=&#8221;14281&#8243; img_size=&#8221;full&#8221; alignment=&#8221;center&#8221; style=&#8221;vc_box_rounded&#8221; onclick=&#8221;custom_link&#8221; link=&#8221;https:\/\/elspeedo.cz\/pl\/kursy-paralotniarstwa\/trening-paralotniowy\/pokursowki\/&#8221;][vc_column_text disable_pattern=&#8221;false&#8221; align=&#8221;center&#8221;]\n<h4>Trening po kursie<\/h4>\n[\/vc_column_text][mk_padding_divider size=&#8221;20&#8243;][vc_column_text disable_pattern=&#8221;false&#8221; align=&#8221;center&#8221;]3 dni treningu w Beskidach, powtarzamy i na bie\u017c\u0105co wg\u0142\u0119biamy si\u0119 w tematy \u0107wicze\u0144 Kursu podstawowego, kategoria PILOT 1<\/p>\n<p><strong>Cena: 3900 CZK<\/strong>[\/vc_column_text][mk_padding_divider size=&#8221;10&#8243;][mk_button_gradient dimension=&#8221;flat&#8221; size=&#8221;large&#8221; corner_style=&#8221;rounded&#8221; grandient_color_from=&#8221;#6087b9&#8243; grandient_color_to=&#8221;#557bab&#8221; grandient_color_fallback=&#8221;#6087b9&#8243; url=&#8221;https:\/\/elspeedo.cz\/pl\/kursy-paralotniarstwa\/trening-paralotniowy\/pokursowki\/&#8221; align=&#8221;center&#8221; margin_right=&#8221;0&#8243;]Wybierz termin[\/mk_button_gradient][\/vc_column][vc_column width=&#8221;1\/3&#8243;][vc_single_image image=&#8221;14291&#8243; img_size=&#8221;full&#8221; alignment=&#8221;center&#8221; style=&#8221;vc_box_rounded&#8221; onclick=&#8221;custom_link&#8221; link=&#8221; https:\/\/elspeedo.cz\/pl\/kursy-paralotniarstwa\/trening-paralotniowy\/trening-termiki\/&#8221;][vc_column_text disable_pattern=&#8221;false&#8221; align=&#8221;center&#8221;]\n<h4>Trening termiki<\/h4>\n[\/vc_column_text][mk_padding_divider size=&#8221;20&#8243;][vc_column_text disable_pattern=&#8221;false&#8221; align=&#8221;center&#8221;]5 dni treningu w Alpach, uczymy si\u0119 techniki i zasady latania w termice, skupiamy si\u0119 na aktywnym pilota\u017cu, katerogia PILOT 1.<\/p>\n<p><strong>Cena: 7900 CZK<\/strong>[\/vc_column_text][mk_padding_divider size=&#8221;10&#8243;][mk_button_gradient dimension=&#8221;flat&#8221; size=&#8221;large&#8221; corner_style=&#8221;rounded&#8221; grandient_color_from=&#8221;#6087b9&#8243; grandient_color_to=&#8221;#557bab&#8221; grandient_color_fallback=&#8221;#6087b9&#8243; url=&#8221; https:\/\/elspeedo.cz\/pl\/kursy-paralotniarstwa\/trening-paralotniowy\/trening-termiki\/&#8221; align=&#8221;center&#8221; margin_right=&#8221;0&#8243;]Wybierz termin[\/mk_button_gradient][\/vc_column][vc_column width=&#8221;1\/3&#8243;][vc_single_image image=&#8221;220032&#8243; img_size=&#8221;full&#8221; alignment=&#8221;center&#8221; style=&#8221;vc_box_rounded&#8221; onclick=&#8221;custom_link&#8221; link=&#8221;https:\/\/elspeedo.cz\/kurzy-paraglidingu\/paraglidingovy-trenink\/alpsky-trenink\/&#8221;][vc_column_text disable_pattern=&#8221;false&#8221; align=&#8221;center&#8221;]\n<h4>Alpsk\u00fd tr\u00e9nink<\/h4>\n[\/vc_column_text][mk_padding_divider size=&#8221;20&#8243;][vc_column_text disable_pattern=&#8221;false&#8221; align=&#8221;center&#8221;]6ti denn\u00ed tr\u00e9ninkov\u00fd program v n\u011bkolika alpsk\u00fdch destinac\u00ed. Tak kombinujeme Termick\u00fd tr\u00e9nink a Expedi\u010dn\u00ed v\u00fdlety. Vhodn\u00e9 od kategorie PILOTI 1.<\/p>\n<p><strong>Cena: 9900\u00a0CZK<\/strong>[\/vc_column_text][mk_padding_divider size=&#8221;10&#8243;][mk_button_gradient dimension=&#8221;flat&#8221; size=&#8221;large&#8221; corner_style=&#8221;rounded&#8221; grandient_color_from=&#8221;#6087b9&#8243; grandient_color_to=&#8221;#557bab&#8221; grandient_color_fallback=&#8221;#6087b9&#8243; url=&#8221;https:\/\/elspeedo.cz\/kurzy-paraglidingu\/paraglidingovy-trenink\/alpsky-trenink\/&#8221; align=&#8221;center&#8221; margin_right=&#8221;0&#8243;]Wybierz termin[\/mk_button_gradient][\/vc_column][\/mk_page_section][vc_row fullwidth=&#8221;true&#8221; fullwidth_content=&#8221;false&#8221; css=&#8221;.vc_custom_1480933194112{padding-top: 50px !important;padding-bottom: 50px !important;background-color: #e7e7e7 !important;}&#8221;][vc_column][vc_column_text disable_pattern=&#8221;false&#8221; align=&#8221;center&#8221;]Dwuletni program treningowy<\/p>\n<h1>HAWK<\/h1>\n[\/vc_column_text][vc_column_text disable_pattern=&#8221;false&#8221; align=&#8221;center&#8221;]Ucz si\u0119 z\u00a0nami i lataj z\u00a0naszymi instruktorami na kt\u00f3rymkolwiek z\u00a0Kurs\u00f3w podstawowych w Beskidach i na terenie Ran\u00e1 w pobli\u017cu miejscowo\u015bci Louny. Uczymy w ka\u017cdym tygodniu od 15. 4. do 15. 9., cocdziennie do dyspozycji jest Beskidzkie On-line METEO, gdzie dowiesz si\u0119, dok\u0105d wybieramy si\u0119 w danym dniu i jakie mamy plany. Mo\u017cesz do nas do\u0142\u0105czy\u0107, kiedy Ci pasuje. W\u0142asne nowe radio jest w cenie programu i zostaje Ci na zawsze.<\/p>\n<p><strong>Cena: tylko 4900\u00a0CZK<\/strong>[\/vc_column_text][mk_button dimension=&#8221;outline&#8221; corner_style=&#8221;rounded&#8221; size=&#8221;large&#8221; url=&#8221;https:\/\/elspeedo.cz\/pl\/kursy-paralotniarstwa\/trening-paralotniowy\/hawk\/&#8221; align=&#8221;center&#8221; margin_right=&#8221;0&#8243; el_class=&#8221;basic-button&#8221;]Szczeg\u00f3\u0142owe informacje[\/mk_button][\/vc_column][\/vc_row][mk_page_section video_loop=&#8221;false&#8221; padding_top=&#8221;50&#8243; padding_bottom=&#8221;50&#8243; sidebar=&#8221;sidebar-1&#8243;][vc_column width=&#8221;1\/3&#8243;][vc_single_image image=&#8221;14301&#8243; img_size=&#8221;full&#8221; alignment=&#8221;center&#8221; style=&#8221;vc_box_rounded&#8221; onclick=&#8221;custom_link&#8221; link=&#8221; https:\/\/elspeedo.cz\/pl\/kursy-paralotniarstwa\/trening-paralotniowy\/wycieczki-ekspedycyjne\/&#8221;][vc_column_text disable_pattern=&#8221;false&#8221; align=&#8221;center&#8221;]\n<h4>Wycieczki ekspedycyjne<\/h4>\n[\/vc_column_text][mk_padding_divider size=&#8221;20&#8243;][vc_column_text disable_pattern=&#8221;false&#8221; align=&#8221;center&#8221;]5 dni treningu podczas naszych Wycieczek ekspedycyjnych po Europie. Impreza przeznaczona jest dla szerokiego spektrum pilot\u00f3w, kt\u00f3rzy razem z\u00a0nami chc\u0105 poznawa\u0107 nowe tereny lotnicze, kategoria PILOT 2 i wy\u017csza.<\/p>\n<p><strong>Cena: od 7900 CZK<\/strong>[\/vc_column_text][mk_padding_divider size=&#8221;70&#8243;][mk_button_gradient dimension=&#8221;flat&#8221; size=&#8221;large&#8221; corner_style=&#8221;rounded&#8221; grandient_color_from=&#8221;#6087b9&#8243; grandient_color_to=&#8221;#557bab&#8221; grandient_color_fallback=&#8221;#6087b9&#8243; url=&#8221; https:\/\/elspeedo.cz\/pl\/kursy-paralotniarstwa\/trening-paralotniowy\/wycieczki-ekspedycyjne\/&#8221; align=&#8221;center&#8221; margin_right=&#8221;0&#8243;]Wi\u0119cej&#8230;[\/mk_button_gradient][\/vc_column][vc_column width=&#8221;1\/3&#8243;][vc_single_image image=&#8221;222715&#8243; img_size=&#8221;full&#8221; alignment=&#8221;center&#8221; style=&#8221;vc_box_rounded&#8221; onclick=&#8221;custom_link&#8221; link=&#8221;https:\/\/elspeedo.cz\/kurzy-paraglidingu\/paraglidingovy-trenink\/wingover\/&#8221;][vc_column_text disable_pattern=&#8221;false&#8221; align=&#8221;center&#8221;]\n<h4>WINGOVER<\/h4>\n[\/vc_column_text][mk_padding_divider size=&#8221;20&#8243;][vc_column_text disable_pattern=&#8221;false&#8221; align=&#8221;center&#8221;]5 dn\u00ed v oblasti Lago di Idro,\u00a0nov\u00fd El Speedo tr\u00e9ninkovo-bezpe\u010dnostn\u00ed program postaven\u00fd na n\u00e1cviku a precizn\u00ed pilot\u00e1\u017ei p\u0159i wingoveru. Kdy\u017e chce\u0161 l\u00e9tat jako pilot\u2026 Vhodn\u00e9 od kategorie PILOTI 1.<\/p>\n<p><strong>Cena: 11900 CZK<\/strong>[\/vc_column_text][mk_padding_divider size=&#8221;70&#8243;][mk_button_gradient dimension=&#8221;flat&#8221; size=&#8221;large&#8221; corner_style=&#8221;rounded&#8221; grandient_color_from=&#8221;#6087b9&#8243; grandient_color_to=&#8221;#557bab&#8221; grandient_color_fallback=&#8221;#6087b9&#8243; url=&#8221;https:\/\/elspeedo.cz\/kurzy-paraglidingu\/paraglidingovy-trenink\/wingover\/&#8221; align=&#8221;center&#8221; margin_right=&#8221;0&#8243;]Wi\u0119cej&#8230;[\/mk_button_gradient][\/vc_column][vc_column width=&#8221;1\/3&#8243; css=&#8221;.vc_custom_1492810724239{margin-bottom: 15px !important;}&#8221;][vc_single_image image=&#8221;142601&#8243; img_size=&#8221;full&#8221; alignment=&#8221;center&#8221; style=&#8221;vc_box_rounded&#8221; onclick=&#8221;custom_link&#8221; link=&#8221;https:\/\/elspeedo.cz\/pl\/kursy-paralotniarstwa\/trening-paralotniowy\/siv-idro\/&#8221;][vc_column_text disable_pattern=&#8221;false&#8221; align=&#8221;center&#8221;]\n<h4>SIV IDRO<\/h4>\n[\/vc_column_text][mk_padding_divider size=&#8221;20&#8243;][vc_column_text disable_pattern=&#8221;false&#8221; align=&#8221;center&#8221;]Trzy serie szkole\u0144 SIV we w\u0142oskim regionie Lago di Idro: szkolenie w zakresie bezpiecze\u0144stwa dla pocz\u0105tkuj\u0105cych i \u015bredniozaawansowanych, kompletny program SIV dla pilot\u00f3w \u015bredniozaawansowanych i wyczynowych, &#8222;acro szk\u00f3\u0142ka&#8221; dla zaawansowanych.<\/p>\n<p><strong>Cena: 11900 CZK<\/strong>[\/vc_column_text][mk_padding_divider size=&#8221;10&#8243;][mk_button_gradient dimension=&#8221;flat&#8221; size=&#8221;large&#8221; corner_style=&#8221;rounded&#8221; grandient_color_from=&#8221;#6087b9&#8243; grandient_color_to=&#8221;#557bab&#8221; grandient_color_fallback=&#8221;#6087b9&#8243; url=&#8221;https:\/\/elspeedo.cz\/pl\/kursy-paralotniarstwa\/trening-paralotniowy\/siv-idro\/&#8221; align=&#8221;center&#8221; margin_right=&#8221;0&#8243;]Wi\u0119cej&#8230;[\/mk_button_gradient][\/vc_column][\/mk_page_section][vc_row fullwidth=&#8221;true&#8221; fullwidth_content=&#8221;false&#8221; css=&#8221;.vc_custom_1480933194112{padding-top: 50px !important;padding-bottom: 50px !important;background-color: #e7e7e7 !important;}&#8221;][vc_column][vc_column_text disable_pattern=&#8221;false&#8221; align=&#8221;center&#8221;]Program treningowy<\/p>\n<h1>INDYWIDUALNY<\/h1>\n[\/vc_column_text][vc_column_text disable_pattern=&#8221;false&#8221; align=&#8221;center&#8221;]Ucz si\u0119 z\u00a0nami i lataj z\u00a0naszymi instruktorami na kt\u00f3rymkolwiek z\u00a0Kurs\u00f3w podstawowych w Beskidach i na terenie Ran\u00e1 w pobli\u017cu miejscowo\u015bci Louny. Uczymy w ka\u017cdym tygodniu od 15. 4. do 15. 9., cocdziennie do dyspozycji jest Beskidzkie On-line METEO, gdzie dowiesz si\u0119, dok\u0105d wybieramy si\u0119 w danym dniu i jakie mamy plany. Mo\u017cesz do nas do\u0142\u0105czy\u0107, kiedy Ci pasuje. W\u0142asne nowe radio jest w cenie programu i zostaje Ci na zawsze.<\/p>\n<p><strong>Cena<\/strong>: w zale\u017cno\u015bci od zakresu i miejsc planu treningowego[\/vc_column_text][mk_button dimension=&#8221;outline&#8221; corner_style=&#8221;rounded&#8221; size=&#8221;large&#8221; url=&#8221; https:\/\/elspeedo.cz\/pl\/kursy-paralotniarstwa\/trening-paralotniowy\/program-indywidualny\/&#8221; align=&#8221;center&#8221; margin_right=&#8221;0&#8243; el_class=&#8221;basic-button&#8221;]Szczeg\u00f3\u0142owe informacje[\/mk_button][\/vc_column][\/vc_row][vc_row css=&#8221;.vc_custom_1480933831997{padding-top: 50px !important;padding-bottom: 50px !important;}&#8221;][vc_column width=&#8221;1\/3&#8243;][vc_single_image image=&#8221;14306&#8243; img_size=&#8221;full&#8221; alignment=&#8221;center&#8221; style=&#8221;vc_box_rounded&#8221; onclick=&#8221;custom_link&#8221; link=&#8221; https:\/\/elspeedo.cz\/pl\/kursy-paralotniarstwa\/trening-paralotniowy\/perfekcyjne-starty\/&#8221;][vc_column_text disable_pattern=&#8221;false&#8221; align=&#8221;center&#8221;]\n<h4>Perfekcyjne starty<\/h4>\n[\/vc_column_text][mk_padding_divider size=&#8221;20&#8243;][vc_column_text disable_pattern=&#8221;false&#8221; align=&#8221;center&#8221;]3 dni treningu w Beskidach. Kurs skupiaj\u0105cy si\u0119 na r\u00f3\u017cnych technikach startu, na intensywnej nauce z\u00a0wykorzystaniem kamery i analiz\u0105 wszystkich mo\u017cliwych b\u0142\u0119d\u00f3w, kt\u00f3re przede wszystkim pocz\u0105tkuj\u0105cy piloci cz\u0119sto pope\u0142niaj\u0105, i ich eliminacji. Kategoria PILOT 1<\/p>\n<p><strong>Cena: 3500\u00a0CZK<\/strong>[\/vc_column_text][mk_padding_divider size=&#8221;10&#8243;][mk_button_gradient dimension=&#8221;flat&#8221; size=&#8221;large&#8221; corner_style=&#8221;rounded&#8221; grandient_color_from=&#8221;#6087b9&#8243; grandient_color_to=&#8221;#557bab&#8221; grandient_color_fallback=&#8221;#6087b9&#8243; url=&#8221; https:\/\/elspeedo.cz\/pl\/kursy-paralotniarstwa\/trening-paralotniowy\/perfekcyjne-starty\/&#8221; align=&#8221;center&#8221; margin_bottom=&#8221;50&#8243; margin_right=&#8221;0&#8243;]Wi\u0119cej&#8230;[\/mk_button_gradient][\/vc_column][vc_column width=&#8221;1\/3&#8243;][vc_single_image image=&#8221;14303&#8243; img_size=&#8221;full&#8221; alignment=&#8221;center&#8221; style=&#8221;vc_box_rounded&#8221; onclick=&#8221;custom_link&#8221; link=&#8221; https:\/\/elspeedo.cz\/pl\/kursy-paralotniarstwa\/trening-paralotniowy\/dokladne-ladowania\/&#8221;][vc_column_text disable_pattern=&#8221;false&#8221; align=&#8221;center&#8221;]\n<h4>Dok\u0142adne l\u0105dowania<\/h4>\n[\/vc_column_text][mk_padding_divider size=&#8221;20&#8243;][vc_column_text disable_pattern=&#8221;false&#8221; align=&#8221;center&#8221;]3 dni treningu w Beskidach. Skupiamy si\u0119 na w\u0142a\u015bciwym wykonaniu podej\u015bcia do l\u0105dowania, wykorzystujemy urz\u0105dzenia GPS i kamery do dok\u0142adnej dokumentacji i p\u00f3\u017aniejszej analizy l\u0105dowania na cel, kategoria PILOT 1<\/p>\n<p><strong>Cena: 3500\u00a0CZK<\/strong>[\/vc_column_text][mk_padding_divider size=&#8221;65&#8243;][mk_button_gradient dimension=&#8221;flat&#8221; size=&#8221;large&#8221; corner_style=&#8221;rounded&#8221; grandient_color_from=&#8221;#6087b9&#8243; grandient_color_to=&#8221;#557bab&#8221; grandient_color_fallback=&#8221;#6087b9&#8243; url=&#8221; https:\/\/elspeedo.cz\/pl\/kursy-paralotniarstwa\/trening-paralotniowy\/dokladne-ladowania\/&#8221; align=&#8221;center&#8221; margin_bottom=&#8221;50&#8243; margin_right=&#8221;0&#8243;]Wi\u0119cej&#8230;[\/mk_button_gradient][\/vc_column][vc_column width=&#8221;1\/3&#8243;][vc_single_image image=&#8221;14307&#8243; img_size=&#8221;full&#8221; alignment=&#8221;center&#8221; style=&#8221;vc_box_rounded&#8221; onclick=&#8221;custom_link&#8221; link=&#8221;https:\/\/elspeedo.cz\/pl\/kursy-paralotniarstwa\/trening-paralotniowy\/trening-na-wydmach\/&#8221;][vc_column_text disable_pattern=&#8221;false&#8221; align=&#8221;center&#8221;]\n<h4>Trening na wydmach<\/h4>\n[\/vc_column_text][mk_padding_divider size=&#8221;20&#8243;][vc_column_text disable_pattern=&#8221;false&#8221; align=&#8221;center&#8221;]Aby opanowa\u0107 perfekcyjnie starty alpejk\u0105, do tego trzeba wiatru i cierpliwo\u015bci. Ale \u017ceby panowa\u0107 nad skrzyd\u0142em na tyle, aby spacerowa\u0107 we wszystkich kierunkach, bawi\u0107 si\u0119 \u201ekitingiem\u201c, do tego trzeba ju\u017c naprawd\u0119 wyspecjalizowanego treningu. Kategoria PILOT 1<\/p>\n<p><strong>Cena: 6900 CZK<\/strong>[\/vc_column_text][mk_padding_divider][mk_button_gradient dimension=&#8221;flat&#8221; size=&#8221;large&#8221; corner_style=&#8221;rounded&#8221; grandient_color_from=&#8221;#6087b9&#8243; grandient_color_to=&#8221;#557bab&#8221; grandient_color_fallback=&#8221;#6087b9&#8243; url=&#8221;https:\/\/elspeedo.cz\/pl\/kursy-paralotniarstwa\/trening-paralotniowy\/trening-na-wydmach\/&#8221; align=&#8221;center&#8221; margin_bottom=&#8221;50&#8243; margin_right=&#8221;0&#8243;]Wi\u0119cej&#8230;[\/mk_button_gradient][\/vc_column][\/vc_row][mk_page_section bg_color=&#8221;#272727&#8243; bg_position=&#8221;center center&#8221; video_loop=&#8221;false&#8221; js_vertical_centered=&#8221;true&#8221; padding_top=&#8221;80&#8243; padding_bottom=&#8221;80&#8243; el_class=&#8221;sc-dark&#8221; sidebar=&#8221;sidebar-1&#8243;][vc_column][vc_column_text align=&#8221;center&#8221;]\n<h1>Im wi\u0119cej umiesz, tym mniej p\u0142acisz<\/h1>\n[\/vc_column_text][vc_column_text align=&#8221;center&#8221;]\n<p style=\"text-align: center\"><strong>\u00a0&#8211; tak dzia\u0142aj\u0105 El Speedo absolwenckie zni\u017cki<\/strong><\/p>\n<p style=\"text-align: center\">Zdolno\u015bci pilota klasyfikujemy do 5 podstawowych poziom\u00f3w. Wed\u0142ug tych poziom\u00f3w mo\u017cna wybiera\u0107 konkretne kursy. Celem jest osi\u0105gni\u0119cie podobnego poziomu umiej\u0119tno\u015bci uczestnik\u00f3w kursu i jak najbardziej efektowny proces nauki.<\/p>\n[\/vc_column_text][mk_button dimension=&#8221;outline&#8221; corner_style=&#8221;rounded&#8221; size=&#8221;large&#8221; url=&#8221;https:\/\/elspeedo.cz\/kurzy-paraglidingu\/absolventsky-program\/&#8221; align=&#8221;center&#8221; margin_right=&#8221;0&#8243; el_class=&#8221;basic-button&#8221;]Zapoznaj si\u0119 z\u00a0El Speedo Programem Absolwenckim[\/mk_button][\/vc_column][\/mk_page_section]\n<\/div>","protected":false},"excerpt":{"rendered":"<p>[mk_page_section video_loop=&#8221;false&#8221; padding_top=&#8221;50&#8243; padding_bottom=&#8221;50&#8243; sidebar=&#8221;sidebar-1&#8243;][vc_column width=&#8221;1\/3&#8243;][vc_single_image image=&#8221;14281&#8243; img_size=&#8221;full&#8221; alignment=&#8221;center&#8221; style=&#8221;vc_box_rounded&#8221; onclick=&#8221;custom_link&#8221; link=&#8221;https:\/\/elspeedo.cz\/pl\/kursy-paralotniarstwa\/trening-paralotniowy\/pokursowki\/&#8221;][vc_column_text disable_pattern=&#8221;false&#8221; align=&#8221;center&#8221;] Trening po kursie [\/vc_column_text][mk_padding_divider size=&#8221;20&#8243;][vc_column_text disable_pattern=&#8221;false&#8221; align=&#8221;center&#8221;]3 dni treningu w Beskidach, powtarzamy i na bie\u017c\u0105co wg\u0142\u0119biamy si\u0119 w tematy \u0107wicze\u0144 Kursu podstawowego, kategoria PILOT 1 Cena: 3900 CZK[\/vc_column_text][mk_padding_divider size=&#8221;10&#8243;][mk_button_gradient dimension=&#8221;flat&#8221; size=&#8221;large&#8221; corner_style=&#8221;rounded&#8221; grandient_color_from=&#8221;#6087b9&#8243; grandient_color_to=&#8221;#557bab&#8221; grandient_color_fallback=&#8221;#6087b9&#8243; url=&#8221;https:\/\/elspeedo.cz\/pl\/kursy-paralotniarstwa\/trening-paralotniowy\/pokursowki\/&#8221; align=&#8221;center&#8221; margin_right=&#8221;0&#8243;]Wybierz termin[\/mk_button_gradient][\/vc_column][vc_column width=&#8221;1\/3&#8243;][vc_single_image image=&#8221;14291&#8243; [&hellip;]<\/p>\n","protected":false},"author":4,"featured_media":0,"parent":15505,"menu_order":0,"comment_status":"closed","ping_status":"closed","template":"","meta":{"_tribe_blocks_recurrence_rules":"","_tribe_blocks_recurrence_exclusions":"","_tribe_blocks_recurrence_description":"","footnotes":""},"class_list":["post-15533","page","type-page","status-publish","hentry"],"yoast_head":"<!-- This site is optimized with the Yoast SEO plugin v27.0 - https:\/\/yoast.com\/product\/yoast-seo-wordpress\/ -->\n<title>Trening paralotniowy &#8212; El Speedo<\/title>\n<meta name=\"description\" content=\"Nasze imprezy treningowe pomog\u0105 Ci we w\u0142asnym rozwoju. Stopniowo, tematycznie, grupowo czy indywidualnie. Sam wybierz w jaki spos\u00f3b chcesz si\u0119 kszta\u0142ci\u0107.\" \/>\n<meta name=\"robots\" content=\"index, follow, max-snippet:-1, max-image-preview:large, max-video-preview:-1\" \/>\n<link rel=\"canonical\" href=\"https:\/\/elspeedo.cz\/kurzy-paraglidingu\/paraglidingovy-trenink\/\" \/>\n<meta property=\"og:locale\" content=\"pl_PL\" \/>\n<meta property=\"og:type\" content=\"article\" \/>\n<meta property=\"og:title\" content=\"Trening paralotniowy &#8212; El Speedo\" \/>\n<meta property=\"og:description\" content=\"Nasze imprezy treningowe pomog\u0105 Ci we w\u0142asnym rozwoju. Stopniowo, tematycznie, grupowo czy indywidualnie. Sam wybierz w jaki spos\u00f3b chcesz si\u0119 kszta\u0142ci\u0107.\" \/>\n<meta property=\"og:url\" content=\"https:\/\/elspeedo.cz\/kurzy-paraglidingu\/paraglidingovy-trenink\/\" \/>\n<meta property=\"og:site_name\" content=\"El Speedo\" \/>\n<meta property=\"article:publisher\" content=\"http:\/\/www.facebook.com\/paragliding.elspeedo.cz\/?fref=ts\" \/>\n<meta property=\"article:modified_time\" content=\"2024-03-26T17:33:22+00:00\" \/>\n<meta name=\"twitter:card\" content=\"summary_large_image\" \/>\n<meta name=\"twitter:label1\" content=\"Szacowany czas czytania\" \/>\n\t<meta name=\"twitter:data1\" content=\"9 minut\" \/>\n<script type=\"application\/ld+json\" class=\"yoast-schema-graph\">{\"@context\":\"https:\/\/schema.org\",\"@graph\":[{\"@type\":\"WebPage\",\"@id\":\"https:\/\/elspeedo.cz\/kurzy-paraglidingu\/paraglidingovy-trenink\/\",\"url\":\"https:\/\/elspeedo.cz\/kurzy-paraglidingu\/paraglidingovy-trenink\/\",\"name\":\"Trening paralotniowy &#8212; El Speedo\",\"isPartOf\":{\"@id\":\"https:\/\/elspeedo.cz\/#website\"},\"datePublished\":\"2016-12-03T13:34:02+00:00\",\"dateModified\":\"2024-03-26T17:33:22+00:00\",\"description\":\"Nasze imprezy treningowe pomog\u0105 Ci we w\u0142asnym rozwoju. Stopniowo, tematycznie, grupowo czy indywidualnie. Sam wybierz w jaki spos\u00f3b chcesz si\u0119 kszta\u0142ci\u0107.\",\"breadcrumb\":{\"@id\":\"https:\/\/elspeedo.cz\/kurzy-paraglidingu\/paraglidingovy-trenink\/#breadcrumb\"},\"inLanguage\":\"pl-PL\",\"potentialAction\":[{\"@type\":\"ReadAction\",\"target\":[\"https:\/\/elspeedo.cz\/kurzy-paraglidingu\/paraglidingovy-trenink\/\"]}]},{\"@type\":\"BreadcrumbList\",\"@id\":\"https:\/\/elspeedo.cz\/kurzy-paraglidingu\/paraglidingovy-trenink\/#breadcrumb\",\"itemListElement\":[{\"@type\":\"ListItem\",\"position\":1,\"name\":\"Dom\u016f\",\"item\":\"https:\/\/elspeedo.cz\/pl\/\"},{\"@type\":\"ListItem\",\"position\":2,\"name\":\"Kursy Paralotniarstwa\",\"item\":\"https:\/\/elspeedo.cz\/pl\/kursy-paralotniarstwa\/\"},{\"@type\":\"ListItem\",\"position\":3,\"name\":\"Trening paralotniowy\"}]},{\"@type\":\"WebSite\",\"@id\":\"https:\/\/elspeedo.cz\/#website\",\"url\":\"https:\/\/elspeedo.cz\/\",\"name\":\"El Speedo\",\"description\":\"Paragliding - kurzy, vybaven\u00ed, v\u00fdlety, komunita\",\"potentialAction\":[{\"@type\":\"SearchAction\",\"target\":{\"@type\":\"EntryPoint\",\"urlTemplate\":\"https:\/\/elspeedo.cz\/?s={search_term_string}\"},\"query-input\":{\"@type\":\"PropertyValueSpecification\",\"valueRequired\":true,\"valueName\":\"search_term_string\"}}],\"inLanguage\":\"pl-PL\"}]}<\/script>\n<!-- \/ Yoast SEO plugin. -->","yoast_head_json":{"title":"Trening paralotniowy &#8212; El Speedo","description":"Nasze imprezy treningowe pomog\u0105 Ci we w\u0142asnym rozwoju. Stopniowo, tematycznie, grupowo czy indywidualnie. Sam wybierz w jaki spos\u00f3b chcesz si\u0119 kszta\u0142ci\u0107.","robots":{"index":"index","follow":"follow","max-snippet":"max-snippet:-1","max-image-preview":"max-image-preview:large","max-video-preview":"max-video-preview:-1"},"canonical":"https:\/\/elspeedo.cz\/kurzy-paraglidingu\/paraglidingovy-trenink\/","og_locale":"pl_PL","og_type":"article","og_title":"Trening paralotniowy &#8212; El Speedo","og_description":"Nasze imprezy treningowe pomog\u0105 Ci we w\u0142asnym rozwoju. Stopniowo, tematycznie, grupowo czy indywidualnie. Sam wybierz w jaki spos\u00f3b chcesz si\u0119 kszta\u0142ci\u0107.","og_url":"https:\/\/elspeedo.cz\/kurzy-paraglidingu\/paraglidingovy-trenink\/","og_site_name":"El Speedo","article_publisher":"http:\/\/www.facebook.com\/paragliding.elspeedo.cz\/?fref=ts","article_modified_time":"2024-03-26T17:33:22+00:00","twitter_card":"summary_large_image","twitter_misc":{"Szacowany czas czytania":"9 minut"},"schema":{"@context":"https:\/\/schema.org","@graph":[{"@type":"WebPage","@id":"https:\/\/elspeedo.cz\/kurzy-paraglidingu\/paraglidingovy-trenink\/","url":"https:\/\/elspeedo.cz\/kurzy-paraglidingu\/paraglidingovy-trenink\/","name":"Trening paralotniowy &#8212; El Speedo","isPartOf":{"@id":"https:\/\/elspeedo.cz\/#website"},"datePublished":"2016-12-03T13:34:02+00:00","dateModified":"2024-03-26T17:33:22+00:00","description":"Nasze imprezy treningowe pomog\u0105 Ci we w\u0142asnym rozwoju. Stopniowo, tematycznie, grupowo czy indywidualnie. Sam wybierz w jaki spos\u00f3b chcesz si\u0119 kszta\u0142ci\u0107.","breadcrumb":{"@id":"https:\/\/elspeedo.cz\/kurzy-paraglidingu\/paraglidingovy-trenink\/#breadcrumb"},"inLanguage":"pl-PL","potentialAction":[{"@type":"ReadAction","target":["https:\/\/elspeedo.cz\/kurzy-paraglidingu\/paraglidingovy-trenink\/"]}]},{"@type":"BreadcrumbList","@id":"https:\/\/elspeedo.cz\/kurzy-paraglidingu\/paraglidingovy-trenink\/#breadcrumb","itemListElement":[{"@type":"ListItem","position":1,"name":"Dom\u016f","item":"https:\/\/elspeedo.cz\/pl\/"},{"@type":"ListItem","position":2,"name":"Kursy Paralotniarstwa","item":"https:\/\/elspeedo.cz\/pl\/kursy-paralotniarstwa\/"},{"@type":"ListItem","position":3,"name":"Trening paralotniowy"}]},{"@type":"WebSite","@id":"https:\/\/elspeedo.cz\/#website","url":"https:\/\/elspeedo.cz\/","name":"El Speedo","description":"Paragliding - kurzy, vybaven\u00ed, v\u00fdlety, komunita","potentialAction":[{"@type":"SearchAction","target":{"@type":"EntryPoint","urlTemplate":"https:\/\/elspeedo.cz\/?s={search_term_string}"},"query-input":{"@type":"PropertyValueSpecification","valueRequired":true,"valueName":"search_term_string"}}],"inLanguage":"pl-PL"}]}},"_links":{"self":[{"href":"https:\/\/elspeedo.cz\/pl\/wp-json\/wp\/v2\/pages\/15533","targetHints":{"allow":["GET"]}}],"collection":[{"href":"https:\/\/elspeedo.cz\/pl\/wp-json\/wp\/v2\/pages"}],"about":[{"href":"https:\/\/elspeedo.cz\/pl\/wp-json\/wp\/v2\/types\/page"}],"author":[{"embeddable":true,"href":"https:\/\/elspeedo.cz\/pl\/wp-json\/wp\/v2\/users\/4"}],"replies":[{"embeddable":true,"href":"https:\/\/elspeedo.cz\/pl\/wp-json\/wp\/v2\/comments?post=15533"}],"version-history":[{"count":9,"href":"https:\/\/elspeedo.cz\/pl\/wp-json\/wp\/v2\/pages\/15533\/revisions"}],"predecessor-version":[{"id":229320,"href":"https:\/\/elspeedo.cz\/pl\/wp-json\/wp\/v2\/pages\/15533\/revisions\/229320"}],"up":[{"embeddable":true,"href":"https:\/\/elspeedo.cz\/pl\/wp-json\/wp\/v2\/pages\/15505"}],"wp:attachment":[{"href":"https:\/\/elspeedo.cz\/pl\/wp-json\/wp\/v2\/media?parent=15533"}],"curies":[{"name":"wp","href":"https:\/\/api.w.org\/{rel}","templated":true}]}}