{"id":15625,"date":"2016-11-22T18:57:16","date_gmt":"2016-11-22T17:57:16","guid":{"rendered":"https:\/\/elspeedo.cz\/tandemy\/"},"modified":"2017-05-11T08:50:43","modified_gmt":"2017-05-11T07:50:43","slug":"tandemy","status":"publish","type":"page","link":"https:\/\/elspeedo.cz\/pl\/tandemy\/","title":{"rendered":"Tandemy"},"content":{"rendered":"<div class=\"wpb-content-wrapper\">[mk_page_section bg_image=&#8221;https:\/\/elspeedo.cz\/wp-content\/uploads\/2016\/11\/tandem_4.jpg&#8221; bg_position=&#8221;center top&#8221; bg_repeat=&#8221;no-repeat&#8221; bg_stretch=&#8221;true&#8221; video_loop=&#8221;false&#8221; min_height=&#8221;450&#8243; full_width=&#8221;true&#8221; js_vertical_centered=&#8221;true&#8221; sidebar=&#8221;sidebar-1&#8243;][vc_column][\/vc_column][\/mk_page_section][vc_row css=&#8221;.vc_custom_1485900747334{padding-top: 40px !important;}&#8221;][vc_column width=&#8221;1\/3&#8243;][mk_custom_box corner_radius=&#8221;5&#8243; padding_vertical=&#8221;10&#8243; min_height=&#8221;30&#8243; el_class=&#8221;el-boxes-nav&#8221; bg_color=&#8221;#4b8f7d&#8221;][mk_icon_box read_more_url=&#8221;https:\/\/elspeedo.cz\/tandemy\/vyhlidkovy-let&#8221; style=&#8221;simple_ultimate&#8221; icon_size=&#8221;large&#8221; icon_color=&#8221;#ffffff&#8221; title_color=&#8221;#ffffff&#8221; txt_color=&#8221;#ffffff&#8221; txt_link_color=&#8221;#ffffff&#8221; margin=&#8221;0&#8243;]\n<h3 style=\"text-align: center\"><span style=\"color: #ffffff\"><a style=\"color: #ffffff\" href=\"https:\/\/elspeedo.cz\/pl\/tandemy\/lot-widokowy\/\">Lot widokowy\u00a0<\/a><\/span><\/h3>\n<p style=\"text-align: center\"><span style=\"color: #ffffff\"><a style=\"color: #ffffff\" href=\"https:\/\/elspeedo.cz\/pl\/tandemy\/lot-widokowy\/\">w tandemie<\/a><\/span><\/p>\n[\/mk_icon_box][\/mk_custom_box][\/vc_column][vc_column width=&#8221;1\/3&#8243;][mk_custom_box corner_radius=&#8221;5&#8243; padding_vertical=&#8221;10&#8243; min_height=&#8221;30&#8243; el_class=&#8221;el-boxes-nav&#8221; bg_color=&#8221;#ffc969&#8243;][mk_icon_box read_more_url=&#8221;https:\/\/elspeedo.cz\/pl\/tandemy\/lot-termiczny\/&#8221; style=&#8221;simple_ultimate&#8221; icon_size=&#8221;large&#8221; icon_color=&#8221;#ffffff&#8221; title_color=&#8221;#ffffff&#8221; txt_color=&#8221;#ffffff&#8221; txt_link_color=&#8221;#ffffff&#8221; margin=&#8221;0&#8243;]\n<h3 style=\"text-align: center\"><span style=\"color: #ffffff\"><a style=\"color: #ffffff\" href=\"https:\/\/elspeedo.cz\/pl\/tandemy\/lot-termiczny\/\">Lot termiczny\u00a0<\/a><\/span><\/h3>\n<p style=\"text-align: center\"><span style=\"color: #ffffff\"><a style=\"color: #ffffff\" href=\"https:\/\/elspeedo.cz\/pl\/tandemy\/lot-termiczny\/\">wysoko ponad start<\/a><\/span><\/p>\n[\/mk_icon_box][\/mk_custom_box][\/vc_column][vc_column width=&#8221;1\/3&#8243;][mk_custom_box corner_radius=&#8221;5&#8243; padding_vertical=&#8221;10&#8243; min_height=&#8221;30&#8243; el_class=&#8221;el-boxes-nav&#8221; bg_color=&#8221;#2e93ba&#8221;][mk_icon_box read_more_url=&#8221;https:\/\/elspeedo.cz\/pl\/tandemy\/lot-akrobacyjny\/&#8221; style=&#8221;simple_ultimate&#8221; icon_size=&#8221;large&#8221; icon_color=&#8221;#ffffff&#8221; title_color=&#8221;#ffffff&#8221; txt_color=&#8221;#ffffff&#8221; txt_link_color=&#8221;#ffffff&#8221; margin=&#8221;0&#8243;]\n<h3 style=\"text-align: center\"><span style=\"color: #ffffff\"><a style=\"color: #ffffff\" href=\"https:\/\/elspeedo.cz\/pl\/tandemy\/lot-akrobacyjny\/\">Akrobacja <\/a><\/span><\/h3>\n<p style=\"text-align: center\"><span style=\"color: #ffffff\"><a style=\"color: #ffffff\" href=\"https:\/\/elspeedo.cz\/pl\/tandemy\/lot-akrobacyjny\/\">dla wymagaj\u0105cych<\/a><\/span><\/p>\n[\/mk_icon_box][\/mk_custom_box][\/vc_column][\/vc_row][vc_row][vc_column width=&#8221;1\/2&#8243;][mk_custom_box corner_radius=&#8221;5&#8243; padding_vertical=&#8221;10&#8243; min_height=&#8221;30&#8243; el_class=&#8221;el-boxes-nav&#8221; bg_color=&#8221;#ff5f5d&#8221;][mk_icon_box read_more_url=&#8221;https:\/\/elspeedo.cz\/pl\/tandemy\/przelot-tandemowy\/&#8221; style=&#8221;simple_ultimate&#8221; icon_size=&#8221;large&#8221; icon_color=&#8221;#ffffff&#8221; title_color=&#8221;#ffffff&#8221; txt_color=&#8221;#ffffff&#8221; txt_link_color=&#8221;#ffffff&#8221; margin=&#8221;0&#8243;]\n<h3 style=\"text-align: center\"><span style=\"color: #ffffff\"><a style=\"color: #ffffff\" href=\"https:\/\/elspeedo.cz\/pl\/tandemy\/przelot-tandemowy\/\">Przelot nad Twoje miejsce\u00a0<\/a><\/span><\/h3>\n<p style=\"text-align: center\"><span style=\"color: #ffffff\"><a style=\"color: #ffffff\" href=\"https:\/\/elspeedo.cz\/pl\/tandemy\/przelot-tandemowy\/\">wyczyn sportowy w tandemie<\/a><\/span><\/p>\n[\/mk_icon_box][\/mk_custom_box][\/vc_column][vc_column width=&#8221;1\/2&#8243;][mk_custom_box corner_radius=&#8221;5&#8243; padding_vertical=&#8221;10&#8243; min_height=&#8221;30&#8243; el_class=&#8221;el-boxes-nav&#8221; bg_color=&#8221;#2e93ba&#8221;][mk_icon_box read_more_url=&#8221;https:\/\/elspeedo.cz\/pl\/tandemy\/lot-slubny-w-tandemie\/&#8221; style=&#8221;simple_ultimate&#8221; icon_size=&#8221;large&#8221; icon_color=&#8221;#ffffff&#8221; title_color=&#8221;#ffffff&#8221; txt_color=&#8221;#ffffff&#8221; txt_link_color=&#8221;#ffffff&#8221; margin=&#8221;0&#8243;]\n<h3 style=\"text-align: center\"><span style=\"color: #ffffff\"><a style=\"color: #ffffff\" href=\"https:\/\/elspeedo.cz\/pl\/tandemy\/lot-slubny-w-tandemie\/\">Lot \u015blubny <\/a><\/span><\/h3>\n<p style=\"text-align: center\"><span style=\"color: #ffffff\"><a style=\"color: #ffffff\" href=\"https:\/\/elspeedo.cz\/pl\/tandemy\/lot-slubny-w-tandemie\/\">aby rozpocz\u0105\u0107 we w\u0142a\u015bciwy spos\u00f3b<\/a><\/span><\/p>\n[\/mk_icon_box][\/mk_custom_box][\/vc_column][\/vc_row][vc_row][vc_column][mk_custom_box corner_radius=&#8221;5&#8243; padding_vertical=&#8221;10&#8243; min_height=&#8221;30&#8243; el_class=&#8221;el-boxes-nav&#8221; bg_color=&#8221;#96bace&#8221;][mk_icon_box read_more_url=&#8221;https:\/\/elspeedo.cz\/pl\/tandemy\/lot-motoparalotnia\/&#8221; style=&#8221;simple_ultimate&#8221; icon_size=&#8221;large&#8221; icon_color=&#8221;#ffffff&#8221; title_color=&#8221;#ffffff&#8221; txt_color=&#8221;#ffffff&#8221; txt_link_color=&#8221;#ffffff&#8221; margin=&#8221;0&#8243;]\n<h3 style=\"text-align: center\"><span style=\"color: #ffffff\"><a style=\"color: #ffffff\" href=\"https:\/\/elspeedo.cz\/pl\/tandemy\/lot-motoparalotnia\/\">Lot motoparalotni\u0105\u00a0<\/a><\/span><\/h3>\n<p style=\"text-align: center\"><span style=\"color: #ffffff\"><a style=\"color: #ffffff\" href=\"https:\/\/elspeedo.cz\/pl\/tandemy\/lot-motoparalotnia\/\">lot dwuosobow\u0105 paralotni\u0105 z nap\u0119dem<\/a><\/span><\/p>\n[\/mk_icon_box][\/mk_custom_box][\/vc_column][\/vc_row][vc_row][vc_column][mk_padding_divider size=&#8221;60&#8243;][vc_column_text disable_pattern=&#8221;false&#8221; align=&#8221;center&#8221;]\n<h1>Wybierz najlepszy termin swojego lotu<\/h1>\n<p>Dla ka\u017cdego rodzaju lotu w tandemie istnieje okres, w kt\u00f3rym realizacja lotu jest wskazana.<br \/>\nWybierz termin na podstawie naszego do\u015bwiadczenia i pomn\u00f3\u017c swoje prze\u017cycie\u2026[\/vc_column_text][\/vc_column][\/vc_row][vc_row css=&#8221;.vc_custom_1481824376470{padding-top: 20px !important;padding-bottom: 20px !important;}&#8221;][vc_column][vc_single_image image=&#8221;16204&#8243; img_size=&#8221;full&#8221; alignment=&#8221;center&#8221; style=&#8221;vc_box_rounded&#8221;][\/vc_column][\/vc_row][vc_row][vc_column width=&#8221;1\/4&#8243;][vc_single_image image=&#8221;14503&#8243; img_size=&#8221;full&#8221; alignment=&#8221;center&#8221; style=&#8221;vc_box_rounded&#8221;][\/vc_column][vc_column width=&#8221;1\/4&#8243;][vc_single_image image=&#8221;14502&#8243; img_size=&#8221;full&#8221; alignment=&#8221;center&#8221; style=&#8221;vc_box_rounded&#8221;][\/vc_column][vc_column width=&#8221;1\/4&#8243;][vc_single_image image=&#8221;14501&#8243; img_size=&#8221;full&#8221; alignment=&#8221;center&#8221; style=&#8221;vc_box_rounded&#8221;][\/vc_column][vc_column width=&#8221;1\/4&#8243;][vc_single_image image=&#8221;14500&#8243; img_size=&#8221;full&#8221; alignment=&#8221;center&#8221; style=&#8221;vc_box_rounded&#8221;][\/vc_column][\/vc_row][vc_row][vc_column][vc_separator el_width=&#8221;80&#8243; el_class=&#8221;basic-separator&#8221; css=&#8221;.vc_custom_1481824788480{padding-top: 40px !important;padding-bottom: 0px !important;}&#8221;][\/vc_column][\/vc_row][vc_row][vc_column][vc_column_text disable_pattern=&#8221;false&#8221; align=&#8221;center&#8221;]\n<h1>Wybierz miejsce lotu, kt\u00f3re najbardziej Ci pasuje<\/h1>\n<p>Najpopularniejsze miejsca startu lot\u00f3w tandemowych w Czechach znajdziesz w Beskidach. Zw\u0142aszcza dzi\u0119ki malowniczym krajobrazom, czytelnym terenom, wielkiemu przewy\u017cszeniu i du\u017cej ilo\u015bci startowisk. Bardzo ch\u0119tnie jednak polatamy z\u00a0Tob\u0105 i w innych miejscach \u2013 wybierz sam, albo zadzwo\u0144 do nas. Rozpatrzymy mo\u017cliwo\u015bci i napewno co\u015b wybierzemy.[\/vc_column_text][\/vc_column][\/vc_row][mk_page_section video_loop=&#8221;false&#8221; padding_top=&#8221;20&#8243; padding_bottom=&#8221;0&#8243; sidebar=&#8221;sidebar-1&#8243;][vc_column width=&#8221;1\/6&#8243;][\/vc_column][vc_column width=&#8221;2\/3&#8243;][vc_single_image image=&#8221;13582&#8243; img_size=&#8221;full&#8221; alignment=&#8221;center&#8221; style=&#8221;vc_box_rounded&#8221;][\/vc_column][vc_column width=&#8221;1\/6&#8243;][\/vc_column][\/mk_page_section][vc_row][vc_column][vc_separator el_width=&#8221;80&#8243; el_class=&#8221;basic-separator&#8221; css=&#8221;.vc_custom_1481825223639{padding-top: 40px !important;padding-bottom: 0px !important;}&#8221;][\/vc_column][\/vc_row][mk_page_section video_loop=&#8221;false&#8221; padding_top=&#8221;60&#8243; padding_bottom=&#8221;60&#8243; sidebar=&#8221;sidebar-1&#8243;][vc_column][mk_fancy_title size=&#8221;42&#8243; force_font_size=&#8221;true&#8221; size_phone=&#8221;24&#8243; margin_bottom=&#8221;30&#8243; font_family=&#8221;none&#8221; align=&#8221;center&#8221;]\n<h1>Wspania\u0142e prze\u017cycie lotnicze dla Ciebie i Twoich bliskich\u2026<\/h1>\n[\/mk_fancy_title][vc_media_grid style=&#8221;load-more&#8221; items_per_page=&#8221;18&#8243; element_width=&#8221;2&#8243; btn_title=&#8221;Poka\u017c wi\u0119cej&#8221; btn_style=&#8221;custom&#8221; btn_custom_text=&#8221;#666666&#8243; grid_id=&#8221;vc_gid:1494488714815-14462aba-6ee0-6&#8243; include=&#8221;17889,17861,17862,17863,17864,17865,17866,17867,17868,17869,17870,17871,17872,17873,17874,17875,17876,17877,17878,17879,17880,17881,17882,17883,17884,17885,17886,17887,17888&#8243;][\/vc_column][\/mk_page_section]\n<\/div>","protected":false},"excerpt":{"rendered":"<p>[mk_page_section bg_image=&#8221;https:\/\/elspeedo.cz\/wp-content\/uploads\/2016\/11\/tandem_4.jpg&#8221; bg_position=&#8221;center top&#8221; bg_repeat=&#8221;no-repeat&#8221; bg_stretch=&#8221;true&#8221; video_loop=&#8221;false&#8221; min_height=&#8221;450&#8243; full_width=&#8221;true&#8221; js_vertical_centered=&#8221;true&#8221; sidebar=&#8221;sidebar-1&#8243;][vc_column][\/vc_column][\/mk_page_section][vc_row css=&#8221;.vc_custom_1485900747334{padding-top: 40px !important;}&#8221;][vc_column width=&#8221;1\/3&#8243;][mk_custom_box corner_radius=&#8221;5&#8243; padding_vertical=&#8221;10&#8243; min_height=&#8221;30&#8243; el_class=&#8221;el-boxes-nav&#8221; bg_color=&#8221;#4b8f7d&#8221;][mk_icon_box read_more_url=&#8221;https:\/\/elspeedo.cz\/tandemy\/vyhlidkovy-let&#8221; style=&#8221;simple_ultimate&#8221; icon_size=&#8221;large&#8221; icon_color=&#8221;#ffffff&#8221; title_color=&#8221;#ffffff&#8221; txt_color=&#8221;#ffffff&#8221; txt_link_color=&#8221;#ffffff&#8221; margin=&#8221;0&#8243;] Lot widokowy\u00a0 w tandemie [\/mk_icon_box][\/mk_custom_box][\/vc_column][vc_column width=&#8221;1\/3&#8243;][mk_custom_box corner_radius=&#8221;5&#8243; padding_vertical=&#8221;10&#8243; min_height=&#8221;30&#8243; el_class=&#8221;el-boxes-nav&#8221; bg_color=&#8221;#ffc969&#8243;][mk_icon_box read_more_url=&#8221;https:\/\/elspeedo.cz\/pl\/tandemy\/lot-termiczny\/&#8221; style=&#8221;simple_ultimate&#8221; icon_size=&#8221;large&#8221; icon_color=&#8221;#ffffff&#8221; title_color=&#8221;#ffffff&#8221; txt_color=&#8221;#ffffff&#8221; txt_link_color=&#8221;#ffffff&#8221; margin=&#8221;0&#8243;] Lot termiczny\u00a0 wysoko ponad start [\/mk_icon_box][\/mk_custom_box][\/vc_column][vc_column width=&#8221;1\/3&#8243;][mk_custom_box corner_radius=&#8221;5&#8243; [&hellip;]<\/p>\n","protected":false},"author":3878,"featured_media":0,"parent":0,"menu_order":0,"comment_status":"closed","ping_status":"closed","template":"","meta":{"_tribe_blocks_recurrence_rules":"","_tribe_blocks_recurrence_exclusions":"","_tribe_blocks_recurrence_description":"","footnotes":""},"class_list":["post-15625","page","type-page","status-publish","hentry"],"yoast_head":"<!-- This site is optimized with the Yoast SEO plugin v27.0 - https:\/\/yoast.com\/product\/yoast-seo-wordpress\/ -->\n<title>Tandemy &#8212; El Speedo<\/title>\n<meta name=\"description\" content=\"El Speedo je nejv\u011bt\u0161\u00ed paraglidingov\u00e1 komunita a \u0161kola v \u010cR. Tandemov\u00e9 seskoky, kurzy, expedice a paragliding v\u00fdbava\" \/>\n<meta name=\"robots\" content=\"index, follow, max-snippet:-1, max-image-preview:large, max-video-preview:-1\" \/>\n<link rel=\"canonical\" href=\"https:\/\/elspeedo.cz\/tandemy\/\" \/>\n<meta property=\"og:locale\" content=\"pl_PL\" \/>\n<meta property=\"og:type\" content=\"article\" \/>\n<meta property=\"og:title\" content=\"Tandemy &#8212; El Speedo\" \/>\n<meta property=\"og:description\" content=\"El Speedo je nejv\u011bt\u0161\u00ed paraglidingov\u00e1 komunita a \u0161kola v \u010cR. Tandemov\u00e9 seskoky, kurzy, expedice a paragliding v\u00fdbava\" \/>\n<meta property=\"og:url\" content=\"https:\/\/elspeedo.cz\/tandemy\/\" \/>\n<meta property=\"og:site_name\" content=\"El Speedo\" \/>\n<meta property=\"article:publisher\" content=\"http:\/\/www.facebook.com\/paragliding.elspeedo.cz\/?fref=ts\" \/>\n<meta property=\"article:modified_time\" content=\"2017-05-11T07:50:43+00:00\" \/>\n<meta name=\"twitter:card\" content=\"summary_large_image\" \/>\n<meta name=\"twitter:label1\" content=\"Szacowany czas czytania\" \/>\n\t<meta name=\"twitter:data1\" content=\"4 minuty\" \/>\n<script type=\"application\/ld+json\" class=\"yoast-schema-graph\">{\"@context\":\"https:\/\/schema.org\",\"@graph\":[{\"@type\":\"WebPage\",\"@id\":\"https:\/\/elspeedo.cz\/tandemy\/\",\"url\":\"https:\/\/elspeedo.cz\/tandemy\/\",\"name\":\"Tandemy &#8212; El Speedo\",\"isPartOf\":{\"@id\":\"https:\/\/elspeedo.cz\/#website\"},\"datePublished\":\"2016-11-22T17:57:16+00:00\",\"dateModified\":\"2017-05-11T07:50:43+00:00\",\"description\":\"El Speedo je nejv\u011bt\u0161\u00ed paraglidingov\u00e1 komunita a \u0161kola v \u010cR. Tandemov\u00e9 seskoky, kurzy, expedice a paragliding v\u00fdbava\",\"breadcrumb\":{\"@id\":\"https:\/\/elspeedo.cz\/tandemy\/#breadcrumb\"},\"inLanguage\":\"pl-PL\",\"potentialAction\":[{\"@type\":\"ReadAction\",\"target\":[\"https:\/\/elspeedo.cz\/tandemy\/\"]}]},{\"@type\":\"BreadcrumbList\",\"@id\":\"https:\/\/elspeedo.cz\/tandemy\/#breadcrumb\",\"itemListElement\":[{\"@type\":\"ListItem\",\"position\":1,\"name\":\"Dom\u016f\",\"item\":\"https:\/\/elspeedo.cz\/pl\/\"},{\"@type\":\"ListItem\",\"position\":2,\"name\":\"Tandemy\"}]},{\"@type\":\"WebSite\",\"@id\":\"https:\/\/elspeedo.cz\/#website\",\"url\":\"https:\/\/elspeedo.cz\/\",\"name\":\"El Speedo\",\"description\":\"Paragliding - kurzy, vybaven\u00ed, v\u00fdlety, komunita\",\"potentialAction\":[{\"@type\":\"SearchAction\",\"target\":{\"@type\":\"EntryPoint\",\"urlTemplate\":\"https:\/\/elspeedo.cz\/?s={search_term_string}\"},\"query-input\":{\"@type\":\"PropertyValueSpecification\",\"valueRequired\":true,\"valueName\":\"search_term_string\"}}],\"inLanguage\":\"pl-PL\"}]}<\/script>\n<!-- \/ Yoast SEO plugin. -->","yoast_head_json":{"title":"Tandemy &#8212; El Speedo","description":"El Speedo je nejv\u011bt\u0161\u00ed paraglidingov\u00e1 komunita a \u0161kola v \u010cR. Tandemov\u00e9 seskoky, kurzy, expedice a paragliding v\u00fdbava","robots":{"index":"index","follow":"follow","max-snippet":"max-snippet:-1","max-image-preview":"max-image-preview:large","max-video-preview":"max-video-preview:-1"},"canonical":"https:\/\/elspeedo.cz\/tandemy\/","og_locale":"pl_PL","og_type":"article","og_title":"Tandemy &#8212; El Speedo","og_description":"El Speedo je nejv\u011bt\u0161\u00ed paraglidingov\u00e1 komunita a \u0161kola v \u010cR. Tandemov\u00e9 seskoky, kurzy, expedice a paragliding v\u00fdbava","og_url":"https:\/\/elspeedo.cz\/tandemy\/","og_site_name":"El Speedo","article_publisher":"http:\/\/www.facebook.com\/paragliding.elspeedo.cz\/?fref=ts","article_modified_time":"2017-05-11T07:50:43+00:00","twitter_card":"summary_large_image","twitter_misc":{"Szacowany czas czytania":"4 minuty"},"schema":{"@context":"https:\/\/schema.org","@graph":[{"@type":"WebPage","@id":"https:\/\/elspeedo.cz\/tandemy\/","url":"https:\/\/elspeedo.cz\/tandemy\/","name":"Tandemy &#8212; El Speedo","isPartOf":{"@id":"https:\/\/elspeedo.cz\/#website"},"datePublished":"2016-11-22T17:57:16+00:00","dateModified":"2017-05-11T07:50:43+00:00","description":"El Speedo je nejv\u011bt\u0161\u00ed paraglidingov\u00e1 komunita a \u0161kola v \u010cR. Tandemov\u00e9 seskoky, kurzy, expedice a paragliding v\u00fdbava","breadcrumb":{"@id":"https:\/\/elspeedo.cz\/tandemy\/#breadcrumb"},"inLanguage":"pl-PL","potentialAction":[{"@type":"ReadAction","target":["https:\/\/elspeedo.cz\/tandemy\/"]}]},{"@type":"BreadcrumbList","@id":"https:\/\/elspeedo.cz\/tandemy\/#breadcrumb","itemListElement":[{"@type":"ListItem","position":1,"name":"Dom\u016f","item":"https:\/\/elspeedo.cz\/pl\/"},{"@type":"ListItem","position":2,"name":"Tandemy"}]},{"@type":"WebSite","@id":"https:\/\/elspeedo.cz\/#website","url":"https:\/\/elspeedo.cz\/","name":"El Speedo","description":"Paragliding - kurzy, vybaven\u00ed, v\u00fdlety, komunita","potentialAction":[{"@type":"SearchAction","target":{"@type":"EntryPoint","urlTemplate":"https:\/\/elspeedo.cz\/?s={search_term_string}"},"query-input":{"@type":"PropertyValueSpecification","valueRequired":true,"valueName":"search_term_string"}}],"inLanguage":"pl-PL"}]}},"_links":{"self":[{"href":"https:\/\/elspeedo.cz\/pl\/wp-json\/wp\/v2\/pages\/15625","targetHints":{"allow":["GET"]}}],"collection":[{"href":"https:\/\/elspeedo.cz\/pl\/wp-json\/wp\/v2\/pages"}],"about":[{"href":"https:\/\/elspeedo.cz\/pl\/wp-json\/wp\/v2\/types\/page"}],"author":[{"embeddable":true,"href":"https:\/\/elspeedo.cz\/pl\/wp-json\/wp\/v2\/users\/3878"}],"replies":[{"embeddable":true,"href":"https:\/\/elspeedo.cz\/pl\/wp-json\/wp\/v2\/comments?post=15625"}],"version-history":[{"count":0,"href":"https:\/\/elspeedo.cz\/pl\/wp-json\/wp\/v2\/pages\/15625\/revisions"}],"wp:attachment":[{"href":"https:\/\/elspeedo.cz\/pl\/wp-json\/wp\/v2\/media?parent=15625"}],"curies":[{"name":"wp","href":"https:\/\/api.w.org\/{rel}","templated":true}]}}