{"id":178757,"date":"2022-02-10T12:30:24","date_gmt":"2022-02-10T11:30:24","guid":{"rendered":"https:\/\/elspeedo.cz\/vr-paragliding-centrum\/"},"modified":"2022-02-14T09:42:56","modified_gmt":"2022-02-14T08:42:56","slug":"vr-paragliding-centrum","status":"publish","type":"page","link":"https:\/\/elspeedo.cz\/pl\/vr-paragliding-centrum\/","title":{"rendered":"VR Paragliding Centrum"},"content":{"rendered":"<div class=\"wpb-content-wrapper\">[vc_row][vc_column width=&#8221;1\/2&#8243;][vc_single_image image=&#8221;178284&#8243; img_size=&#8221;full&#8221; alignment=&#8221;center&#8221; style=&#8221;vc_box_rounded&#8221; css=&#8221;.vc_custom_1644494059491{padding-right: 30px !important;padding-left: 30px !important;}&#8221;][\/vc_column][vc_column width=&#8221;1\/2&#8243;][mk_padding_divider size=&#8221;30&#8243;][vc_column_text align=&#8221;center&#8221;]\n<h2 style=\"text-align: center\">Efektywne przygotowanie niezale\u017cnie od pogody<\/h2>\n[\/vc_column_text][mk_padding_divider size=&#8221;30&#8243;][vc_column_text align=&#8221;center&#8221;]<em>\u201cTworzymy prze\u0142omowe projekty szkole\u0144 paralotniarskich. Inwestujemy znaczne kwoty, aby szkolenia by\u0142y jak najbardziej efektywne i wyznacza\u0142y nowe standardy przygotowania do bezpiecznego szkolenia praktycznego. I ka\u017cdy mo\u017ce z tego skorzysta\u0107.\u201d<\/em><\/p>\n<p>Dalibor Carbol[\/vc_column_text][\/vc_column][\/vc_row][mk_page_section bg_color=&#8221;#f4f4f4&#8243; bg_stretch=&#8221;true&#8221; video_loop=&#8221;false&#8221; padding_top=&#8221;50&#8243; padding_bottom=&#8221;50&#8243; el_class=&#8221;section-gray&#8221; sidebar=&#8221;sidebar-1&#8243;][vc_column width=&#8221;2\/3&#8243;][vc_column_text disable_pattern=&#8221;false&#8221;]\n<div>\n<h3 style=\"text-align: center\">Jakie \u0107wiczenia do treningu start\u00f3w w Virtual Reality mamy do dyspozycji?<\/h3>\n<\/div>\n<ul>\n<li>Utrzymanie czaszy w pozycji poziomej ciut nad ziemi\u0105<\/li>\n<li>Prawid\u0142owa praca z ta\u015bmami A i ster\u00f3wkami w celu ustawienia czaszy w pozycji lotu<\/li>\n<li>Moment przyhamowania oraz miara przyhamowania w celu ustawienia czaszy w pozycji lotu<\/li>\n<li>Praca n\u00f3g, kierunek ukrok\u00f3w w celu stabilizacji czaszy w pozycji lotu<\/li>\n<li>Naprowadzanie czaszy w r\u00f3\u017cnych kierunkach w pozycji lotu<\/li>\n<\/ul>\n<p>W naszej aplikacji VR treningu naziemnego mo\u017cesz oczekiwa\u0107 realistycznego \u015brodowiska i wiarygodnych reakcji czaszy z mo\u017cliwo\u015bci\u0105 r\u00f3\u017cnych uchwyt\u00f3w ta\u015bm A i ster\u00f3wek za uchwytami i przed bloczkami. Szkolenie VR oszcz\u0119dza czas, energi\u0119, pieni\u0105dze, sprz\u0119t paralotniowy i przyrod\u0119.[\/vc_column_text][mk_padding_divider][vc_column_text disable_pattern=&#8221;false&#8221;]\n<div><\/div>\n<h3 style=\"text-align: center\">Jakie mamy \u0107wiczenia dotycz\u0105ce l\u0105dowania?<\/h3>\n<ul>\n<li>Lot i l\u0105dowanie na Jaworowym<\/li>\n<li>Wyb\u00f3r schematu l\u0105dowania<\/li>\n<li>Podchodzenie do l\u0105dowania (wysoko\u015b\u0107 potrzebna do wykonania wybranego schematu)<\/li>\n<\/ul>\n[\/vc_column_text][\/vc_column][vc_column width=&#8221;1\/3&#8243;][vc_single_image image=&#8221;178272&#8243; img_size=&#8221;full&#8221; alignment=&#8221;center&#8221; style=&#8221;vc_box_rounded&#8221;][vc_single_image image=&#8221;178278&#8243; img_size=&#8221;full&#8221; alignment=&#8221;center&#8221; style=&#8221;vc_box_rounded&#8221;][vc_single_image image=&#8221;178266&#8243; img_size=&#8221;full&#8221; alignment=&#8221;center&#8221; style=&#8221;vc_box_rounded&#8221;][\/vc_column][\/mk_page_section][vc_row][vc_column][vc_column_text]\n<h2>Na kt\u00f3rych kursach mo\u017cesz si\u0119 spotka\u0107 z\u00a0treningiem VR ?<\/h2>\n<ul>\n<li><a href=\"https:\/\/elspeedo.cz\/kurzy-paraglidingu\/paraglidingovy-trenink\/pg-booster\/\">Training Booster<\/a><\/li>\n<li><a href=\"https:\/\/elspeedo.cz\/kurzy-paraglidingu\/zakladni-paraglidingovy-vycvik\/\">Kurs podstawowy w Beskidzkiej szkole latania\u00a0<\/a><\/li>\n<li><a href=\"https:\/\/www.altopara.cz\">Kurs podstawowy w Alto Paragliding School<\/a><\/li>\n<li><a href=\"https:\/\/elspeedo.cz\/kurzy-paraglidingu\/paraglidingovy-trenink\/pokurzovky\/\">Trening po kursie w Beskidach\u00a0<\/a><\/li>\n<\/ul>\n[\/vc_column_text][mk_padding_divider][\/vc_column][\/vc_row][vc_row][vc_column][vc_video link=&#8221;https:\/\/youtu.be\/ungDTrj43SI&#8221;][\/vc_column][\/vc_row]\n<\/div>","protected":false},"excerpt":{"rendered":"<p>[vc_row][vc_column width=&#8221;1\/2&#8243;][vc_single_image image=&#8221;178284&#8243; img_size=&#8221;full&#8221; alignment=&#8221;center&#8221; style=&#8221;vc_box_rounded&#8221; css=&#8221;.vc_custom_1644494059491{padding-right: 30px !important;padding-left: 30px !important;}&#8221;][\/vc_column][vc_column width=&#8221;1\/2&#8243;][mk_padding_divider size=&#8221;30&#8243;][vc_column_text align=&#8221;center&#8221;] Efektywne przygotowanie niezale\u017cnie od pogody [\/vc_column_text][mk_padding_divider size=&#8221;30&#8243;][vc_column_text align=&#8221;center&#8221;]\u201cTworzymy prze\u0142omowe projekty szkole\u0144 paralotniarskich. Inwestujemy znaczne kwoty, aby szkolenia by\u0142y jak najbardziej efektywne i wyznacza\u0142y nowe standardy przygotowania do bezpiecznego szkolenia praktycznego. I ka\u017cdy mo\u017ce z tego skorzysta\u0107.\u201d Dalibor Carbol[\/vc_column_text][\/vc_column][\/vc_row][mk_page_section bg_color=&#8221;#f4f4f4&#8243; bg_stretch=&#8221;true&#8221; video_loop=&#8221;false&#8221; [&hellip;]<\/p>\n","protected":false},"author":4,"featured_media":0,"parent":0,"menu_order":0,"comment_status":"closed","ping_status":"closed","template":"","meta":{"_tribe_blocks_recurrence_rules":"","_tribe_blocks_recurrence_exclusions":"","_tribe_blocks_recurrence_description":"","footnotes":""},"class_list":["post-178757","page","type-page","status-publish","hentry"],"yoast_head":"<!-- This site is optimized with the Yoast SEO plugin v27.0 - https:\/\/yoast.com\/product\/yoast-seo-wordpress\/ -->\n<title>VR Paragliding Centrum &#8212; El Speedo<\/title>\n<meta name=\"description\" content=\"El Speedo je nejv\u011bt\u0161\u00ed paraglidingov\u00e1 komunita a \u0161kola v \u010cR. Tandemov\u00e9 seskoky, kurzy, expedice a paragliding v\u00fdbava\" \/>\n<meta name=\"robots\" content=\"index, follow, max-snippet:-1, max-image-preview:large, max-video-preview:-1\" \/>\n<link rel=\"canonical\" href=\"https:\/\/elspeedo.cz\/vr-paragliding-centrum\/\" \/>\n<meta property=\"og:locale\" content=\"pl_PL\" \/>\n<meta property=\"og:type\" content=\"article\" \/>\n<meta property=\"og:title\" content=\"VR Paragliding Centrum &#8212; El Speedo\" \/>\n<meta property=\"og:description\" content=\"El Speedo je nejv\u011bt\u0161\u00ed paraglidingov\u00e1 komunita a \u0161kola v \u010cR. Tandemov\u00e9 seskoky, kurzy, expedice a paragliding v\u00fdbava\" \/>\n<meta property=\"og:url\" content=\"https:\/\/elspeedo.cz\/vr-paragliding-centrum\/\" \/>\n<meta property=\"og:site_name\" content=\"El Speedo\" \/>\n<meta property=\"article:publisher\" content=\"http:\/\/www.facebook.com\/paragliding.elspeedo.cz\/?fref=ts\" \/>\n<meta property=\"article:modified_time\" content=\"2022-02-14T08:42:56+00:00\" \/>\n<meta name=\"twitter:card\" content=\"summary_large_image\" \/>\n<meta name=\"twitter:label1\" content=\"Szacowany czas czytania\" \/>\n\t<meta name=\"twitter:data1\" content=\"2 minuty\" \/>\n<script type=\"application\/ld+json\" class=\"yoast-schema-graph\">{\"@context\":\"https:\/\/schema.org\",\"@graph\":[{\"@type\":\"WebPage\",\"@id\":\"https:\/\/elspeedo.cz\/vr-paragliding-centrum\/\",\"url\":\"https:\/\/elspeedo.cz\/vr-paragliding-centrum\/\",\"name\":\"VR Paragliding Centrum &#8212; El Speedo\",\"isPartOf\":{\"@id\":\"https:\/\/elspeedo.cz\/#website\"},\"datePublished\":\"2022-02-10T11:30:24+00:00\",\"dateModified\":\"2022-02-14T08:42:56+00:00\",\"description\":\"El Speedo je nejv\u011bt\u0161\u00ed paraglidingov\u00e1 komunita a \u0161kola v \u010cR. Tandemov\u00e9 seskoky, kurzy, expedice a paragliding v\u00fdbava\",\"breadcrumb\":{\"@id\":\"https:\/\/elspeedo.cz\/vr-paragliding-centrum\/#breadcrumb\"},\"inLanguage\":\"pl-PL\",\"potentialAction\":[{\"@type\":\"ReadAction\",\"target\":[\"https:\/\/elspeedo.cz\/vr-paragliding-centrum\/\"]}]},{\"@type\":\"BreadcrumbList\",\"@id\":\"https:\/\/elspeedo.cz\/vr-paragliding-centrum\/#breadcrumb\",\"itemListElement\":[{\"@type\":\"ListItem\",\"position\":1,\"name\":\"Dom\u016f\",\"item\":\"https:\/\/elspeedo.cz\/pl\/\"},{\"@type\":\"ListItem\",\"position\":2,\"name\":\"VR Paragliding Centrum\"}]},{\"@type\":\"WebSite\",\"@id\":\"https:\/\/elspeedo.cz\/#website\",\"url\":\"https:\/\/elspeedo.cz\/\",\"name\":\"El Speedo\",\"description\":\"Paragliding - kurzy, vybaven\u00ed, v\u00fdlety, komunita\",\"potentialAction\":[{\"@type\":\"SearchAction\",\"target\":{\"@type\":\"EntryPoint\",\"urlTemplate\":\"https:\/\/elspeedo.cz\/?s={search_term_string}\"},\"query-input\":{\"@type\":\"PropertyValueSpecification\",\"valueRequired\":true,\"valueName\":\"search_term_string\"}}],\"inLanguage\":\"pl-PL\"}]}<\/script>\n<!-- \/ Yoast SEO plugin. -->","yoast_head_json":{"title":"VR Paragliding Centrum &#8212; El Speedo","description":"El Speedo je nejv\u011bt\u0161\u00ed paraglidingov\u00e1 komunita a \u0161kola v \u010cR. Tandemov\u00e9 seskoky, kurzy, expedice a paragliding v\u00fdbava","robots":{"index":"index","follow":"follow","max-snippet":"max-snippet:-1","max-image-preview":"max-image-preview:large","max-video-preview":"max-video-preview:-1"},"canonical":"https:\/\/elspeedo.cz\/vr-paragliding-centrum\/","og_locale":"pl_PL","og_type":"article","og_title":"VR Paragliding Centrum &#8212; El Speedo","og_description":"El Speedo je nejv\u011bt\u0161\u00ed paraglidingov\u00e1 komunita a \u0161kola v \u010cR. Tandemov\u00e9 seskoky, kurzy, expedice a paragliding v\u00fdbava","og_url":"https:\/\/elspeedo.cz\/vr-paragliding-centrum\/","og_site_name":"El Speedo","article_publisher":"http:\/\/www.facebook.com\/paragliding.elspeedo.cz\/?fref=ts","article_modified_time":"2022-02-14T08:42:56+00:00","twitter_card":"summary_large_image","twitter_misc":{"Szacowany czas czytania":"2 minuty"},"schema":{"@context":"https:\/\/schema.org","@graph":[{"@type":"WebPage","@id":"https:\/\/elspeedo.cz\/vr-paragliding-centrum\/","url":"https:\/\/elspeedo.cz\/vr-paragliding-centrum\/","name":"VR Paragliding Centrum &#8212; El Speedo","isPartOf":{"@id":"https:\/\/elspeedo.cz\/#website"},"datePublished":"2022-02-10T11:30:24+00:00","dateModified":"2022-02-14T08:42:56+00:00","description":"El Speedo je nejv\u011bt\u0161\u00ed paraglidingov\u00e1 komunita a \u0161kola v \u010cR. Tandemov\u00e9 seskoky, kurzy, expedice a paragliding v\u00fdbava","breadcrumb":{"@id":"https:\/\/elspeedo.cz\/vr-paragliding-centrum\/#breadcrumb"},"inLanguage":"pl-PL","potentialAction":[{"@type":"ReadAction","target":["https:\/\/elspeedo.cz\/vr-paragliding-centrum\/"]}]},{"@type":"BreadcrumbList","@id":"https:\/\/elspeedo.cz\/vr-paragliding-centrum\/#breadcrumb","itemListElement":[{"@type":"ListItem","position":1,"name":"Dom\u016f","item":"https:\/\/elspeedo.cz\/pl\/"},{"@type":"ListItem","position":2,"name":"VR Paragliding Centrum"}]},{"@type":"WebSite","@id":"https:\/\/elspeedo.cz\/#website","url":"https:\/\/elspeedo.cz\/","name":"El Speedo","description":"Paragliding - kurzy, vybaven\u00ed, v\u00fdlety, komunita","potentialAction":[{"@type":"SearchAction","target":{"@type":"EntryPoint","urlTemplate":"https:\/\/elspeedo.cz\/?s={search_term_string}"},"query-input":{"@type":"PropertyValueSpecification","valueRequired":true,"valueName":"search_term_string"}}],"inLanguage":"pl-PL"}]}},"_links":{"self":[{"href":"https:\/\/elspeedo.cz\/pl\/wp-json\/wp\/v2\/pages\/178757","targetHints":{"allow":["GET"]}}],"collection":[{"href":"https:\/\/elspeedo.cz\/pl\/wp-json\/wp\/v2\/pages"}],"about":[{"href":"https:\/\/elspeedo.cz\/pl\/wp-json\/wp\/v2\/types\/page"}],"author":[{"embeddable":true,"href":"https:\/\/elspeedo.cz\/pl\/wp-json\/wp\/v2\/users\/4"}],"replies":[{"embeddable":true,"href":"https:\/\/elspeedo.cz\/pl\/wp-json\/wp\/v2\/comments?post=178757"}],"version-history":[{"count":2,"href":"https:\/\/elspeedo.cz\/pl\/wp-json\/wp\/v2\/pages\/178757\/revisions"}],"predecessor-version":[{"id":178761,"href":"https:\/\/elspeedo.cz\/pl\/wp-json\/wp\/v2\/pages\/178757\/revisions\/178761"}],"wp:attachment":[{"href":"https:\/\/elspeedo.cz\/pl\/wp-json\/wp\/v2\/media?parent=178757"}],"curies":[{"name":"wp","href":"https:\/\/api.w.org\/{rel}","templated":true}]}}