{"id":228366,"date":"2023-03-15T08:47:26","date_gmt":"2023-03-15T07:47:26","guid":{"rendered":"https:\/\/elspeedo.cz\/servis-a-technicke-kontroly\/"},"modified":"2024-03-16T11:30:21","modified_gmt":"2024-03-16T10:30:21","slug":"servis-a-technicke-kontroly","status":"publish","type":"page","link":"https:\/\/elspeedo.cz\/pl\/servis-a-technicke-kontroly\/","title":{"rendered":"Servis a technick\u00e9 kontroly"},"content":{"rendered":"<div class=\"wpb-content-wrapper\">[vc_row][vc_column][vc_column_text]\n<h2>Ve Flight Parku Javorov\u00fd nab\u00edz\u00edme kompletn\u00ed technick\u00e9 kontroly na pad\u00e1kov\u00e9 kluz\u00e1ky i jejich d\u00edl\u010d\u00ed \u010d\u00e1sti podle va\u0161ich pot\u0159eb:<\/h2>\n[\/vc_column_text][mk_padding_divider size=&#8221;30&#8243;][vc_column_text]<strong>Cena kompletn\u00ed technick\u00e9 kontroly STANDARD pro jednom\u00edstn\u00e9 PK:<\/strong> 1600 K\u010d (15 prac. dn\u016f)<br \/>\n<strong>Cena kompletn\u00ed technick\u00e9 kontroly STANDARD pro tandemy a jedno-potahov\u00e9 kluz\u00e1ky:<\/strong> 1800 K\u010d (15 prac. dn\u016f)<\/p>\n<p><strong>Cena laserov\u00e9 kontroly geometrie \u0161\u0148\u016fr PK s digit\u00e1ln\u00edm z\u00e1pisem:<\/strong> 1000 K\u010d<br \/>\n<strong>Cena \u00fapravy geometrie PK trimov\u00e1n\u00edm do po\u017eadovan\u00fdch toleranc\u00ed:<\/strong> 600 K\u010d<br \/>\n<strong>Cena p\u0159\u00edstrojov\u00e9ho p\u0159em\u011b\u0159en\u00ed porozity vrchl\u00edku PK ve \u010dty\u0159ech bodech:<\/strong> 200 K\u010d<br \/>\n<strong>Cena v\u00fdm\u011bny nosn\u00e9 \u0161\u0148\u016fry:<\/strong> 200 K\u010d<br \/>\n<strong>Cena v\u00fdm\u011bny \u0161\u0148\u016fry v galerii:<\/strong> 150 K\u010d<br \/>\n<strong>Vystaven\u00ed nov\u00e9ho technick\u00e9ho pr\u016fkazu:<\/strong> 200 K\u010d<\/p>\n<p><strong>V p\u0159\u00edpad\u011b v\u011bt\u0161\u00edho po\u0161kozen\u00ed PK cena individu\u00e1ln\u00ed podle pr\u00e1ce a spot\u0159ebovan\u00e9ho materi\u00e1l\u016f.<\/strong>[\/vc_column_text][mk_padding_divider size=&#8221;30&#8243;][vc_column_text]\n<h2>Va\u0161e PG vybaven\u00ed k servisu nebo technick\u00e9 kontrole n\u00e1m m\u016f\u017eete p\u0159edat na dvou m\u00edstech:<\/h2>\n<ul>\n<li>ve Flight Parku Javorov\u00fd &#8211; Old\u0159ichovice 1021, 73961 T\u0159inec, +420 777 311 661 Marcela M\u011bchurov\u00e1<\/li>\n<li>v na\u0161\u00ed druh\u00e9 servisn\u00ed d\u00edln\u011b &#8211; Ostravice 519, 73914 Ostravice, +420 732 588 683 Jan Stan\u00edk<\/li>\n<\/ul>\n[\/vc_column_text][vc_separator el_width=&#8221;80&#8243; el_class=&#8221;basic-separator&#8221; css=&#8221;.vc_custom_1678894576323{padding-top: 30px !important;}&#8221;][mk_padding_divider size=&#8221;30&#8243;][\/vc_column][\/vc_row][vc_row][vc_column width=&#8221;2\/3&#8243;][vc_column_text]\n<h1>Co obsahuje kompletn\u00ed technick\u00e1 kontrola?<\/h1>\n<p><b>1. Registrace v\u00fdrobku<\/b><\/p>\n<ul>\n<li>Kontrola jm\u00e9no majitele,<\/li>\n<li>do jak\u00e9 m\u00edry se d\u0159\u00edv\u011bj\u0161\u00ed z\u00e1pisy shoduj\u00ed se stavem pad\u00e1kov\u00e9ho kluz\u00e1ku,<\/li>\n<li>posledn\u00ed z\u00e1pis o technick\u00e9 kontrole \u010di minul\u00fdch oprav\u00e1ch v\u010detn\u011b nam\u011b\u0159en\u00fdch hodnot.<\/li>\n<\/ul>\n<p>El Speedo pad\u00e1kov\u00e9 kluz\u00e1ky maj\u00ed sv\u00e9 v\u00fdrobn\u00ed \u010d\u00edsla a tak\u00e9 svou on-line kartu, na kterou od v\u00fdroby zaznamen\u00e1v\u00e1me d\u016fle\u017eit\u00e9 informace o nam\u011b\u0159en\u00fdch hodnot\u00e1ch, p\u0159\u00edpadn\u00fdch oprav\u00e1ch r\u016fzn\u00fdch po\u0161kozen\u00ed zp\u016fsoben\u00fdch provozem. Sou\u010d\u00e1st\u00ed technick\u00e9 kontroly je tedy z\u00e1pis do karty v\u00fdrobku p\u0159\u00edpadn\u011b nov\u00e1 registrace v\u00fdrobku.<\/p>\n<p><b>2. Kontrola vrchl\u00edku<\/b><\/p>\n<ul>\n<li>M\u011b\u0159en\u00ed porozity materi\u00e1lu vrchl\u00edku na t\u0159\u00ed m\u00edstech horn\u00edho i spodn\u00edho potahu n\u00e1b\u011b\u017en\u00e9 hrany,<\/li>\n<li>kontrola kvality potahu vrchl\u00edku, p\u0159i kter\u00e9 hled\u00e1me mo\u017en\u00e9 po\u0161kozen\u00ed horn\u00edho i spodn\u00edho potahu vrchl\u00edku, takov\u00e1 jsou ozna\u010dena k oprav\u011b.<\/li>\n<\/ul>\n<p>Ka\u017ed\u00fd materi\u00e1l m\u00e1 svou \u017eivotnost, tak je z\u00e1visl\u00e1 na mnoha faktorech. Jestli chcete zajistit co mo\u017en\u00e1 nejdel\u0161\u00ed \u017eivotnost, postupujte podle tohoto doporu\u010den\u00ed.<\/p>\n<p>Pevnost materi\u00e1lu vrchl\u00edku standardn\u011b m\u011b\u0159\u00edme neinvazivn\u00ed zkou\u0161kou porozity materi\u00e1lu. Pokud je v\u0161ak porozita natolik n\u00edzk\u00e1, \u017ee nen\u00ed jist\u00e9 v jak\u00e9 skute\u010dn\u00e9 kondici materi\u00e1l vrchl\u00edku je, doporu\u010dujeme trhovou zkou\u0161ku, v p\u0159\u00edpad\u011b dostate\u010dn\u00fdch hodnot m\u00edsto zkou\u0161ky p\u0159elep\u00edme samolep\u00edc\u00edm materi\u00e1lem.<\/p>\n<p><b>3. Kontrola vnit\u0159n\u00ed konstrukce vrchl\u00edku<\/b><\/p>\n<ul>\n<li>Po nafouknut\u00ed je vizu\u00e1ln\u011b kontrolov\u00e1n vnit\u0159ek vrchl\u00edku, hled\u00e1me mo\u017en\u00e9 po\u0161kozen\u00ed nosn\u00fdch nebo diagon\u00e1ln\u00edch \u017eeber \u010di pevnostn\u00edch p\u00e1sk\u016f.<\/li>\n<\/ul>\n<p>Tato kontrola je d\u016fle\u017eit\u00e1 pro zaji\u0161t\u011bn\u00ed pevnosti konstrukce vrchl\u00edku. Zvl\u00e1\u0161t\u011b po r\u016fzn\u00e9m ne\u0161etrn\u00e9m zach\u00e1zen\u00ed nebo po p\u0159ist\u00e1n\u00ed na stromy m\u016f\u017ee b\u00fdt tato vnit\u0159n\u00ed konstrukce po\u0161kozena a jen d\u016fkladnou kontrolou zajist\u00edme mo\u017enost n\u00e1pravy.<\/p>\n<p><b>4. Kontrola \u0161\u0148\u016fr<\/b><\/p>\n<ul>\n<li>Vizu\u00e1ln\u00ed a hmatov\u00e1 kontrola \u0161\u0148\u016fr,<\/li>\n<li>hledaj\u00ed se po\u0161kozen\u00ed, sleduje se \u0161it\u00ed, m\u00edra opot\u0159eben\u00ed a ozna\u010duj\u00ed se \u0161\u0148\u016fry, kter\u00e9 je nutno vym\u011bnit,<\/li>\n<li>m\u011b\u0159\u00ed se d\u00e9lka \u0161\u0148\u016fr a geometrie voln\u00fdch konc\u016f, m\u011b\u0159en\u00ed ka\u017ed\u00e9 \u0161\u0148\u016fry prob\u00edh\u00e1 laserov\u00fdm m\u011b\u0159idlem pod z\u00e1t\u011b\u017e\u00ed 5 kg, nam\u011b\u0159en\u00e1 hodnota je zaps\u00e1na do on-line tabulky, kter\u00e1 je sou\u010d\u00e1st\u00ed kontroln\u00edho protokolu, sleduj\u00ed se rozd\u00edly hodnot.<\/li>\n<\/ul>\n<p>Tak\u00e9 \u0161\u0148\u016fry maj\u00ed svou \u017eivotnost. Dlouh\u00e9 \u0161\u0148\u016fry b\u011b\u017en\u011b 100-200 hodin, v\u011bt\u0161\u00ed po\u010det krat\u0161\u00edch \u0161\u0148\u016fr v horn\u00ed galerii nejsou zat\u011b\u017eovan\u00e9 tolik jako ty spodn\u00ed, kter\u00fdch je m\u00e9n\u011b a tak maj\u00ed \u017eivotnost o n\u011bco del\u0161\u00ed. Zvl\u00e1\u0161t\u011b u pad\u00e1kov\u00fdch kluz\u00e1k\u016f, kter\u00e9 jsou u\u017e\u00edvan\u00e9 s v\u011bt\u0161\u00edm plo\u0161n\u00fdm zat\u00ed\u017een\u00edm, na navij\u00e1kov\u00fdch startech nebo v kombinaci s paramotorem, je pot\u0159eba pravidelnou kontrolu \u0161\u0148\u016fr nepodce\u0148ovat.<\/p>\n<p><b>5. Z\u00e1znam o technick\u00e9 kontrole<\/b><\/p>\n<p>Majiteli pad\u00e1kov\u00e9ho kluz\u00e1ku p\u0159ed\u00e1v\u00e1me po technick\u00e9 kontrole nejen potvrzen\u00fd technick\u00fd pr\u016fkaz, ale tak\u00e9 ve\u0161ker\u00e9 nam\u011b\u0159en\u00e9 z\u00e1znamy. Kdybyste je ztratili, nic se ned\u011bje, v\u0161e archivujeme v on-line datab\u00e1zi.[\/vc_column_text][\/vc_column][vc_column width=&#8221;1\/3&#8243;][vc_single_image image=&#8221;204865&#8243; img_size=&#8221;full&#8221; alignment=&#8221;center&#8221; style=&#8221;vc_box_rounded&#8221;][vc_single_image image=&#8221;205988&#8243; img_size=&#8221;full&#8221; alignment=&#8221;center&#8221; style=&#8221;vc_box_rounded&#8221;][vc_single_image image=&#8221;205991&#8243; img_size=&#8221;full&#8221; alignment=&#8221;center&#8221; style=&#8221;vc_box_rounded&#8221;][vc_single_image image=&#8221;204858&#8243; img_size=&#8221;full&#8221; alignment=&#8221;center&#8221; style=&#8221;vc_box_rounded&#8221;][vc_single_image image=&#8221;204868&#8243; img_size=&#8221;full&#8221; alignment=&#8221;center&#8221; style=&#8221;vc_box_rounded&#8221;][vc_single_image image=&#8221;199908&#8243; img_size=&#8221;full&#8221; alignment=&#8221;center&#8221; style=&#8221;vc_box_rounded&#8221;][\/vc_column][\/vc_row][vc_row][vc_column][vc_separator el_width=&#8221;80&#8243; el_class=&#8221;basic-separator&#8221; css=&#8221;.vc_custom_1678866778008{padding-top: 50px !important;padding-bottom: 30px !important;}&#8221;][\/vc_column][\/vc_row][vc_row][vc_column][vc_column_text]\n<h1>Technick\u00e9 kontroly z\u00e1chrann\u00fdch syst\u00e9m\u016f<\/h1>\n[\/vc_column_text][mk_padding_divider size=&#8221;30&#8243;][\/vc_column][\/vc_row][vc_row][vc_column width=&#8221;2\/3&#8243;][vc_column_text]Materi\u00e1ly, ze kter\u00fdch jsou sou\u010dasn\u00e9 z\u00e1lo\u017en\u00ed pad\u00e1ky vyrobeny, jsou z ropy. Jejich recyklace je n\u00e1ro\u010dn\u00e1, prakticky se tak ned\u011bje, jin\u00e9 u\u017eit\u00ed mo\u017en\u00e9, ale pom\u011brn\u011b omezen\u00e9. V El Speedu nechceme vytv\u00e1\u0159et dal\u0161\u00ed zbyte\u010dn\u00fd odpad a star\u00e1me se o to, aby v\u00e1m na\u0161e z\u00e1lo\u017en\u00ed pad\u00e1ky slou\u017eily co jak nejd\u00e9le. \u0160et\u0159\u00edme tak planetu i va\u0161i pen\u011b\u017eenku.<span class=\"Apple-converted-space\">\u00a0<\/span><\/p>\n<p>Od dubna 2023 jsou\u00a0ve\u0161ker\u00e9 nov\u00e9 El Speedo z\u00e1lo\u017en\u00ed pad\u00e1ky standardn\u011b vybavov\u00e1ny t\u0159emi referen\u010dn\u00edmi kousky materi\u00e1lu UTT 26041 nebo UTT 38866, ze stejn\u00e9 \u0161ar\u017ee, ze kter\u00e9 je vyroben vrchl\u00edk z\u00e1lo\u017en\u00edho pad\u00e1ku.<span class=\"Apple-converted-space\">\u00a0Na t\u011bchto referen\u010dn\u00edch kousc\u00edch jsme schopni v budoucnu prov\u00e9zt invazivn\u00ed trhovou zkou\u0161ku a deklarovat t\u00edm re\u00e1lnou pevnost dan\u00e9ho materi\u00e1lu v okam\u017eiku zkou\u0161ky.\u00a0<\/span><\/p>\n<p><strong>P\u0159i p\u0159ebalov\u00e1n\u00ed a servisu El Speedo z\u00e1lo\u017en\u00edch pad\u00e1k\u016f v na\u0161em PG centru m\u00e1te mo\u017enost si vybrat ze dvou variant:<\/strong><\/p>\n<ul>\n<li><strong>Se standardn\u00edm potvrzen\u00edm na \u0161t\u00edtku<\/strong> \u2013 cena 500 K\u010d<br \/>\nZ\u00e1lo\u017en\u00ed pad\u00e1k otev\u0159eme, na t\u0159i dny vyv\u011bs\u00edme, p\u0159ekontrolujeme, zabal\u00edme a ulo\u017e\u00edme do seda\u010dky.<\/li>\n<li><strong>S certifik\u00e1tem FAIR PRODUCTION<\/strong> \u2013 cena 800 K\u010d<br \/>\nZ\u00e1lo\u017en\u00ed pad\u00e1k otev\u0159eme, na t\u0159i dny vyv\u011bs\u00edme, p\u0159ekontrolujeme, \u0161\u0148\u016fry v\u010detn\u011b pevnostn\u00edho oka na voln\u00e9m konci podrob\u00edme z\u00e1t\u011b\u017eov\u00e9 zkou\u0161ce se z\u00e1znamem a s \u010dasovou zna\u010dkou, podle pot\u0159eby provedeme i trhovou zkou\u0161ku na referen\u010dn\u00edm materi\u00e1lu,\u00a0zabal\u00edme a ulo\u017e\u00edme do seda\u010dky. Do FAIR PRODUCTION certifik\u00e1tu zaznamen\u00e1me nam\u011b\u0159en\u00e9 hodnoty. S\u00e1m pilot se po porovn\u00e1n\u00ed s hodnotami nov\u00e9ho ZP a p\u0159edpokl\u00e1dan\u00fdmi hodnotami pro zaji\u0161t\u011bn\u00ed dostate\u010dn\u00e9 pevnosti vych\u00e1zej\u00edc\u00ed z certifika\u010dn\u00edho testu rozhoduje, jak dlouho a v jak\u00fdch podm\u00ednk\u00e1ch chce tento ZP pou\u017e\u00edvat.<\/li>\n<\/ul>\n<p>U po\u0161kozen\u00fdch ZP navrhujeme postup pro p\u0159\u00edpadnou opravu, konzultujeme s majitelem a po odsouhlasen\u00ed opravu realizujeme, u p\u0159\u00edli\u0161 opot\u0159eben\u00fdch ZP navrhujeme vy\u0159azen\u00ed z provozu.<\/p>\n<p>Sou\u010d\u00e1st\u00ed ka\u017ed\u00e9ho na\u0161eho p\u0159ebalen\u00ed a servisu z\u00e1lo\u017en\u00edho pad\u00e1ku je <strong>t\u0159\u00eddenn\u00ed vyv\u011bsen\u00ed<\/strong> z\u00e1lo\u017en\u00edho pad\u00e1ku a tak\u00e9 nab\u00eddka jeho <strong>ulo\u017een\u00ed do va\u0161\u00ed seda\u010dky<\/strong> v\u010detn\u011b vizu\u00e1ln\u00ed <strong>kontroly funk\u010dnosti z\u00e1chrann\u00e9ho syst\u00e9mu jako\u017eto celku<\/strong>. Tedy popruhov\u00e9 \u010d\u00e1sti seda\u010dky, uchycen\u00ed oka z\u00e1lo\u017en\u00edho pad\u00e1ku a stavu vn\u011bj\u0161\u00edho kontejneru z\u00e1lo\u017en\u00edho pad\u00e1ku.<span class=\"Apple-converted-space\">\u00a0<\/span>[\/vc_column_text][\/vc_column][vc_column width=&#8221;1\/3&#8243;][vc_single_image image=&#8221;204845&#8243; img_size=&#8221;full&#8221; alignment=&#8221;center&#8221; style=&#8221;vc_box_rounded&#8221;][vc_single_image image=&#8221;204841&#8243; img_size=&#8221;full&#8221; alignment=&#8221;center&#8221; style=&#8221;vc_box_rounded&#8221;][vc_single_image image=&#8221;179660&#8243; img_size=&#8221;full&#8221; alignment=&#8221;center&#8221; style=&#8221;vc_box_rounded&#8221;][vc_single_image image=&#8221;203853&#8243; img_size=&#8221;full&#8221; alignment=&#8221;center&#8221; style=&#8221;vc_box_rounded&#8221;][\/vc_column][\/vc_row][vc_row][vc_column][vc_separator el_width=&#8221;80&#8243; el_class=&#8221;basic-separator&#8221; css=&#8221;.vc_custom_1678866785985{padding-top: 50px !important;padding-bottom: 30px !important;}&#8221;][\/vc_column][\/vc_row][vc_row][vc_column][vc_column_text]\n<h1>Z\u00e1ru\u010dn\u00ed i poz\u00e1ru\u010dn\u00ed servis EL Speedo vybaven\u00ed<\/h1>\n[\/vc_column_text][mk_padding_divider size=&#8221;30&#8243;][vc_column_text]<strong>V nov\u00e9m servisn\u00edm centru disponujeme vybaven\u00edm pro rychl\u00e9 a kvalitn\u00ed opravy:<\/strong><\/p>\n<ul>\n<li>vrchl\u00edk\u016f pad\u00e1kov\u00fdch kluz\u00e1k\u016f,<\/li>\n<li>\u0161\u0148\u016fr pad\u00e1kov\u00fdch kluz\u00e1k\u016f,<\/li>\n<li>voln\u00fdch konc\u016f\u00a0pad\u00e1kov\u00fdch kluz\u00e1k\u016f,<\/li>\n<li>z\u00e1lo\u017en\u00edch pad\u00e1k\u016f,<\/li>\n<li>paraglidingov\u00fdch seda\u010dek,<\/li>\n<li>batoh\u016f a dal\u0161\u00edho p\u0159\u00edslu\u0161enstv\u00ed.<\/li>\n<\/ul>\n<p>Na El Speedo v\u00fdrob\u011b a servisu se u n\u00e1s pod\u00edl\u00ed \u0161vadleny s mnohaletou v\u00fdrobn\u00ed prax\u00ed. P\u0159ed realizac\u00ed opravy budete informov\u00e1ni o mo\u017enostech proveden\u00ed a p\u0159edb\u011b\u017en\u00e9 cen\u011b vybran\u00e9 opravy. Teprve po odsouhlasen\u00ed bude oprava provedena.<\/p>\n<p><strong>Cena prac\u00ed:<\/strong> 380 K\u010d\/h<\/p>\n<p>V\u0161echny ceny jsou uvedeny v\u010d. DPH.[\/vc_column_text][mk_padding_divider size=&#8221;30&#8243;][\/vc_column][\/vc_row][vc_row][vc_column width=&#8221;1\/3&#8243;][vc_single_image image=&#8221;204855&#8243; img_size=&#8221;full&#8221; alignment=&#8221;center&#8221; style=&#8221;vc_box_rounded&#8221;][\/vc_column][vc_column width=&#8221;1\/3&#8243;][vc_single_image image=&#8221;204862&#8243; img_size=&#8221;full&#8221; alignment=&#8221;center&#8221; style=&#8221;vc_box_rounded&#8221;][\/vc_column][vc_column width=&#8221;1\/3&#8243;][vc_single_image image=&#8221;204836&#8243; img_size=&#8221;full&#8221; alignment=&#8221;center&#8221; style=&#8221;vc_box_rounded&#8221;][\/vc_column][\/vc_row][vc_row][vc_column][vc_column_text][\/vc_column_text][\/vc_column][\/vc_row]\n<\/div>","protected":false},"excerpt":{"rendered":"<p>[vc_row][vc_column][vc_column_text] Ve Flight Parku Javorov\u00fd nab\u00edz\u00edme kompletn\u00ed technick\u00e9 kontroly na pad\u00e1kov\u00e9 kluz\u00e1ky i jejich d\u00edl\u010d\u00ed \u010d\u00e1sti podle va\u0161ich pot\u0159eb: [\/vc_column_text][mk_padding_divider size=&#8221;30&#8243;][vc_column_text]Cena kompletn\u00ed technick\u00e9 kontroly STANDARD pro jednom\u00edstn\u00e9 PK: 1600 K\u010d (15 prac. dn\u016f) Cena kompletn\u00ed technick\u00e9 kontroly STANDARD pro tandemy a jedno-potahov\u00e9 kluz\u00e1ky: 1800 K\u010d (15 prac. dn\u016f) Cena laserov\u00e9 kontroly geometrie \u0161\u0148\u016fr PK s [&hellip;]<\/p>\n","protected":false},"author":4,"featured_media":0,"parent":0,"menu_order":0,"comment_status":"closed","ping_status":"closed","template":"","meta":{"_tribe_blocks_recurrence_rules":"","_tribe_blocks_recurrence_exclusions":"","_tribe_blocks_recurrence_description":"","footnotes":""},"class_list":["post-228366","page","type-page","status-publish","hentry"],"yoast_head":"<!-- This site is optimized with the Yoast SEO plugin v27.0 - https:\/\/yoast.com\/product\/yoast-seo-wordpress\/ -->\n<title>Servis a technick\u00e9 kontroly &#8212; El Speedo<\/title>\n<meta name=\"description\" content=\"El Speedo je nejv\u011bt\u0161\u00ed paraglidingov\u00e1 komunita a \u0161kola v \u010cR. Tandemov\u00e9 seskoky, kurzy, expedice a paragliding v\u00fdbava\" \/>\n<meta name=\"robots\" content=\"index, follow, max-snippet:-1, max-image-preview:large, max-video-preview:-1\" \/>\n<link rel=\"canonical\" href=\"https:\/\/elspeedo.cz\/servis-a-technicke-kontroly\/\" \/>\n<meta property=\"og:locale\" content=\"pl_PL\" \/>\n<meta property=\"og:type\" content=\"article\" \/>\n<meta property=\"og:title\" content=\"Servis a technick\u00e9 kontroly &#8212; El Speedo\" \/>\n<meta property=\"og:description\" content=\"El Speedo je nejv\u011bt\u0161\u00ed paraglidingov\u00e1 komunita a \u0161kola v \u010cR. Tandemov\u00e9 seskoky, kurzy, expedice a paragliding v\u00fdbava\" \/>\n<meta property=\"og:url\" content=\"https:\/\/elspeedo.cz\/servis-a-technicke-kontroly\/\" \/>\n<meta property=\"og:site_name\" content=\"El Speedo\" \/>\n<meta property=\"article:publisher\" content=\"http:\/\/www.facebook.com\/paragliding.elspeedo.cz\/?fref=ts\" \/>\n<meta property=\"article:modified_time\" content=\"2024-03-16T10:30:21+00:00\" \/>\n<meta name=\"twitter:card\" content=\"summary_large_image\" \/>\n<meta name=\"twitter:label1\" content=\"Szacowany czas czytania\" \/>\n\t<meta name=\"twitter:data1\" content=\"8 minut\" \/>\n<script type=\"application\/ld+json\" class=\"yoast-schema-graph\">{\"@context\":\"https:\/\/schema.org\",\"@graph\":[{\"@type\":\"WebPage\",\"@id\":\"https:\/\/elspeedo.cz\/servis-a-technicke-kontroly\/\",\"url\":\"https:\/\/elspeedo.cz\/servis-a-technicke-kontroly\/\",\"name\":\"Servis a technick\u00e9 kontroly &#8212; El Speedo\",\"isPartOf\":{\"@id\":\"https:\/\/elspeedo.cz\/#website\"},\"datePublished\":\"2023-03-15T07:47:26+00:00\",\"dateModified\":\"2024-03-16T10:30:21+00:00\",\"description\":\"El Speedo je nejv\u011bt\u0161\u00ed paraglidingov\u00e1 komunita a \u0161kola v \u010cR. Tandemov\u00e9 seskoky, kurzy, expedice a paragliding v\u00fdbava\",\"breadcrumb\":{\"@id\":\"https:\/\/elspeedo.cz\/servis-a-technicke-kontroly\/#breadcrumb\"},\"inLanguage\":\"pl-PL\",\"potentialAction\":[{\"@type\":\"ReadAction\",\"target\":[\"https:\/\/elspeedo.cz\/servis-a-technicke-kontroly\/\"]}]},{\"@type\":\"BreadcrumbList\",\"@id\":\"https:\/\/elspeedo.cz\/servis-a-technicke-kontroly\/#breadcrumb\",\"itemListElement\":[{\"@type\":\"ListItem\",\"position\":1,\"name\":\"Dom\u016f\",\"item\":\"https:\/\/elspeedo.cz\/pl\/\"},{\"@type\":\"ListItem\",\"position\":2,\"name\":\"Servis a technick\u00e9 kontroly\"}]},{\"@type\":\"WebSite\",\"@id\":\"https:\/\/elspeedo.cz\/#website\",\"url\":\"https:\/\/elspeedo.cz\/\",\"name\":\"El Speedo\",\"description\":\"Paragliding - kurzy, vybaven\u00ed, v\u00fdlety, komunita\",\"potentialAction\":[{\"@type\":\"SearchAction\",\"target\":{\"@type\":\"EntryPoint\",\"urlTemplate\":\"https:\/\/elspeedo.cz\/?s={search_term_string}\"},\"query-input\":{\"@type\":\"PropertyValueSpecification\",\"valueRequired\":true,\"valueName\":\"search_term_string\"}}],\"inLanguage\":\"pl-PL\"}]}<\/script>\n<!-- \/ Yoast SEO plugin. -->","yoast_head_json":{"title":"Servis a technick\u00e9 kontroly &#8212; El Speedo","description":"El Speedo je nejv\u011bt\u0161\u00ed paraglidingov\u00e1 komunita a \u0161kola v \u010cR. Tandemov\u00e9 seskoky, kurzy, expedice a paragliding v\u00fdbava","robots":{"index":"index","follow":"follow","max-snippet":"max-snippet:-1","max-image-preview":"max-image-preview:large","max-video-preview":"max-video-preview:-1"},"canonical":"https:\/\/elspeedo.cz\/servis-a-technicke-kontroly\/","og_locale":"pl_PL","og_type":"article","og_title":"Servis a technick\u00e9 kontroly &#8212; El Speedo","og_description":"El Speedo je nejv\u011bt\u0161\u00ed paraglidingov\u00e1 komunita a \u0161kola v \u010cR. Tandemov\u00e9 seskoky, kurzy, expedice a paragliding v\u00fdbava","og_url":"https:\/\/elspeedo.cz\/servis-a-technicke-kontroly\/","og_site_name":"El Speedo","article_publisher":"http:\/\/www.facebook.com\/paragliding.elspeedo.cz\/?fref=ts","article_modified_time":"2024-03-16T10:30:21+00:00","twitter_card":"summary_large_image","twitter_misc":{"Szacowany czas czytania":"8 minut"},"schema":{"@context":"https:\/\/schema.org","@graph":[{"@type":"WebPage","@id":"https:\/\/elspeedo.cz\/servis-a-technicke-kontroly\/","url":"https:\/\/elspeedo.cz\/servis-a-technicke-kontroly\/","name":"Servis a technick\u00e9 kontroly &#8212; El Speedo","isPartOf":{"@id":"https:\/\/elspeedo.cz\/#website"},"datePublished":"2023-03-15T07:47:26+00:00","dateModified":"2024-03-16T10:30:21+00:00","description":"El Speedo je nejv\u011bt\u0161\u00ed paraglidingov\u00e1 komunita a \u0161kola v \u010cR. Tandemov\u00e9 seskoky, kurzy, expedice a paragliding v\u00fdbava","breadcrumb":{"@id":"https:\/\/elspeedo.cz\/servis-a-technicke-kontroly\/#breadcrumb"},"inLanguage":"pl-PL","potentialAction":[{"@type":"ReadAction","target":["https:\/\/elspeedo.cz\/servis-a-technicke-kontroly\/"]}]},{"@type":"BreadcrumbList","@id":"https:\/\/elspeedo.cz\/servis-a-technicke-kontroly\/#breadcrumb","itemListElement":[{"@type":"ListItem","position":1,"name":"Dom\u016f","item":"https:\/\/elspeedo.cz\/pl\/"},{"@type":"ListItem","position":2,"name":"Servis a technick\u00e9 kontroly"}]},{"@type":"WebSite","@id":"https:\/\/elspeedo.cz\/#website","url":"https:\/\/elspeedo.cz\/","name":"El Speedo","description":"Paragliding - kurzy, vybaven\u00ed, v\u00fdlety, komunita","potentialAction":[{"@type":"SearchAction","target":{"@type":"EntryPoint","urlTemplate":"https:\/\/elspeedo.cz\/?s={search_term_string}"},"query-input":{"@type":"PropertyValueSpecification","valueRequired":true,"valueName":"search_term_string"}}],"inLanguage":"pl-PL"}]}},"_links":{"self":[{"href":"https:\/\/elspeedo.cz\/pl\/wp-json\/wp\/v2\/pages\/228366","targetHints":{"allow":["GET"]}}],"collection":[{"href":"https:\/\/elspeedo.cz\/pl\/wp-json\/wp\/v2\/pages"}],"about":[{"href":"https:\/\/elspeedo.cz\/pl\/wp-json\/wp\/v2\/types\/page"}],"author":[{"embeddable":true,"href":"https:\/\/elspeedo.cz\/pl\/wp-json\/wp\/v2\/users\/4"}],"replies":[{"embeddable":true,"href":"https:\/\/elspeedo.cz\/pl\/wp-json\/wp\/v2\/comments?post=228366"}],"version-history":[{"count":1,"href":"https:\/\/elspeedo.cz\/pl\/wp-json\/wp\/v2\/pages\/228366\/revisions"}],"predecessor-version":[{"id":228367,"href":"https:\/\/elspeedo.cz\/pl\/wp-json\/wp\/v2\/pages\/228366\/revisions\/228367"}],"wp:attachment":[{"href":"https:\/\/elspeedo.cz\/pl\/wp-json\/wp\/v2\/media?parent=228366"}],"curies":[{"name":"wp","href":"https:\/\/api.w.org\/{rel}","templated":true}]}}