{"id":27050,"date":"2016-12-16T09:10:22","date_gmt":"2016-12-16T08:10:22","guid":{"rendered":"https:\/\/elspeedo.cz\/tandemy\/motorovy-let\/"},"modified":"2022-05-02T15:10:19","modified_gmt":"2022-05-02T14:10:19","slug":"lot-motoparalotnia","status":"publish","type":"page","link":"https:\/\/elspeedo.cz\/pl\/tandemy\/lot-motoparalotnia\/","title":{"rendered":"Lot motoparalotni\u0105"},"content":{"rendered":"<div class=\"wpb-content-wrapper\">[mk_page_section bg_color=&#8221;#f4f4f4&#8243; video_loop=&#8221;false&#8221; padding_top=&#8221;40&#8243; padding_bottom=&#8221;40&#8243; sidebar=&#8221;sidebar-1&#8243;][vc_column width=&#8221;1\/2&#8243;][vc_column_text]\n<div style=\"text-align: center;\">\n<h2 style=\"text-align: center;\">Od wschodu do zachodu s\u0142o\u0144ca<\/h2>\n<p>Lot motoparalotni\u0105 w tandemie umo\u017cliwia ogl\u0105danie z\u00a0lotu ptaka nawet te miejsca, kt\u00f3rych na zwyk\u0142ej paralotni po prostu nie da si\u0119 osi\u0105gn\u0105\u0107.<\/p>\n<p>&nbsp;<\/p>\n<p>Ale co robi najwi\u0119ksze wra\u017cenie \u2013 to absolutnie najlepsze widoki we wszystkich kierunkach, kt\u00f3re mo\u017cliwe s\u0105 tylko w tym rodzaju latania.<\/p>\n<\/div>\n[\/vc_column_text][mk_padding_divider][mk_button_gradient dimension=&#8221;flat&#8221; size=&#8221;large&#8221; corner_style=&#8221;rounded&#8221; grandient_color_from=&#8221;#6087b9&#8243; grandient_color_to=&#8221;#557bab&#8221; grandient_color_fallback=&#8221;#6087b9&#8243; align=&#8221;center&#8221; el_class=&#8221;btn-el-gradient-blue&#8221;]Konfigurator lotu &#8211; od 1990,- CZK[\/mk_button_gradient][\/vc_column][vc_column width=&#8221;1\/2&#8243; css=&#8221;.vc_custom_1494064448227{padding-top: 40px !important;}&#8221;][vc_single_image image=&#8221;16349&#8243; img_size=&#8221;full&#8221; alignment=&#8221;center&#8221; style=&#8221;vc_box_rounded&#8221;][\/vc_column][\/mk_page_section][mk_page_section video_loop=&#8221;false&#8221; padding_top=&#8221;100&#8243; padding_bottom=&#8221;100&#8243; sidebar=&#8221;sidebar-1&#8243;][vc_column][vc_column_text]\n<div style=\"text-align: center;\">\n<h2 style=\"text-align: center;\">Start i l\u0105dowanie? Prostsze ni\u017c my\u015blisz!<\/h2>\n<p>Usi\u0105dziesz wygodnie w uprz\u0119\u017cy, zapniesz pasy bezpiecze\u0144stwa a p\u00f3\u017aniej ju\u017c tylko korzystasz z\u00a0do\u015bwiadczenia swego pilota. Moc silnika szybko uniesie motoparalotni\u0119 ponad krain\u0119. L\u0105dowanie? Na wybranym l\u0105dowisku, na ko\u0142a albo narty certyfikowanego w\u00f3zka w prosty spos\u00f3b z\u00a0lotu szybuj\u0105cego osiadamy na ziemi\u0119.<\/p>\n<\/div>\n[\/vc_column_text][\/vc_column][\/mk_page_section][vc_row][vc_column][vc_separator el_width=&#8221;80&#8243; el_class=&#8221;basic-separator&#8221;][\/vc_column][\/vc_row][mk_page_section video_loop=&#8221;false&#8221; padding_top=&#8221;100&#8243; padding_bottom=&#8221;100&#8243; sidebar=&#8221;sidebar-1&#8243;][vc_column width=&#8221;1\/2&#8243;][vc_single_image image=&#8221;14439&#8243; img_size=&#8221;full&#8221; alignment=&#8221;center&#8221; style=&#8221;vc_box_rounded&#8221;][\/vc_column][vc_column width=&#8221;1\/2&#8243;][vc_column_text]\n<h1 style=\"text-align: left;\">Puszka adrenaliny<\/h1>\n<h4 style=\"text-align: left;\">\u2026pe\u0142na niezapomnianych wra\u017ce\u0144<\/h4>\n<div style=\"text-align: left;\">\n<p>Odlotowa dawka adrenaliny w metalowym opakowaniu \u2013 mo\u017cliwo\u015b\u0107 zgotowania weso\u0142ej niespodzianki Twoim bliskim. \u201eOzdobne opakowanie\u201c lotu widokowego w formie zamkni\u0119tej konserwy metalowej z\u00a0opisem na etykietce, wewn\u0105trz ukrywa koszulk\u0119 z\u00a0motywem paralotniowym, kupon i instrukcje dotycz\u0105ce lotu.<\/p>\n<p>Z\u00a0wyborem w\u0142asnego lotu termicznego ch\u0119tnie pomo\u017cemy Ci osobi\u015bcie, lub telefonicznie w biurze El Speedo.<\/p>\n<\/div>\n[\/vc_column_text][mk_padding_divider][\/vc_column][\/mk_page_section][mk_page_section video_loop=&#8221;false&#8221; padding_top=&#8221;100&#8243; padding_bottom=&#8221;100&#8243; sidebar=&#8221;sidebar-1&#8243;][vc_column][vc_column_text]\n<h2>Opis szczeg\u00f3\u0142owy lotu motoparalotni\u0105<\/h2>\n<p>Lot motoparalotni\u0105 umo\u017cliwia utrzymanie ci\u0105gle jednakowego poziomu lotu i dlatego na motoparalotni mo\u017cna dotrze\u0107 i tam, gdzie zwyk\u0142a paralotnia nie da rady. Motoparalotnia to kombinacja certyfikowanego silnika lotniczego z\u00a0w\u00f3zkiem, albo bez, oraz tandemowego skrzyd\u0142a,<\/p>\n<p><strong>D\u0142ugo\u015b\u0107 lotu: <\/strong>15 minut w podstawowej cenie (30 minut \u2013 2490 CZK, 1 godzina \u2013 2900 CZK \u2013 d\u0142ugo\u015b\u0107 lotu mo\u017cna ustali\u0107 wprost z\u00a0pilotem na bie\u017c\u0105co).<\/p>\n<p>Wykonanie podstawowego lotu wraz z\u00a0l\u0105dowaniem zajmie mniej wi\u0119cej godzin\u0119 (w razie d\u0142u\u017cszych lot\u00f3w, oczywi\u015bcie d\u0142u\u017cej).<\/p>\n<p><strong>\u00a0<\/strong><strong>Miejscowo\u015bci naszych lot\u00f3w motoparalotni\u0105:<\/strong><\/p>\n<ul>\n<li>Beskidy (Praszywa),<\/li>\n<li>wg. wcze\u015bniejszego uzgodnienia praktycznie gdziekolwiek, gdzie to jest mo\u017cliwe.<\/li>\n<\/ul>\n<p><strong>Warunki klimatyczne do latania:<\/strong><\/p>\n<p>Ten rodzaj lotu tandemowego oferujemy ca\u0142y rok. Od marca do listopada warunki s\u0105 bardzo dobre, w styczniu i w lutym z\u00a0kolei oferujemy latanie nad zimowymi krajobrazami.<\/p>\n<p><strong>\u00a0<\/strong><strong>Pasa\u017cer \u2013 wymagania: <\/strong><\/p>\n<ul>\n<li>nie jest wymagany w \u017caden spos\u00f3b podwy\u017cszony poziom kondycji fizycznej,<\/li>\n<li>lot tandemowy mog\u0105 absolwowa\u0107 doro\u015bli i dzieci, decyduj\u0105ca jest waga w zakresie od 5 do 115 kg,<\/li>\n<li>polecamy za\u0142o\u017cenie mocniejszych but\u00f3w (chroni\u0105cych kostk\u0119) i ubranie nieprzewiewnej kurtki i spodni. W ci\u0105gu s\u0142onecznych dni wskazane s\u0105 r\u00f3wnie\u017c okulary przeciws\u0142oneczne.<\/li>\n<\/ul>\n<p><strong>\u00a0<\/strong><strong>Przebieg lotu:<\/strong><\/p>\n<p>Przed lotem najpierw przebiega kr\u00f3tkie szkolenie w celu przekazania najwa\u017cniejszch informacji dotycz\u0105cych startu, lotu i l\u0105dowania. Ustawimy uprz\u0119\u017ce i wypr\u00f3bujemy siedzenie w w\u00f3zku. W razie zainteresowania pilot przekazuje informacje dotycz\u0105ce mechaniki lotu, konstrukcji, materia\u0142\u00f3w, technologii, itd. Na sam koniec zapinamy kaski i przypinamy si\u0119 do motoparalotni. Nast\u0119puje kr\u00f3tki rozjazd albo rozbieg i p\u0142ynny start. W czasie lotu pasa\u017cer siedzi z\u00a0przodu przed instruktorem, dlatego widok woko\u0142o nie jest w \u017caden spos\u00f3b ograniczony. Teraz ju\u017c wystarczy tylko wskaza\u0107 kierunek i wysoko\u015b\u0107 lotu i w pe\u0142ni si\u0119 delektowa\u0107 lotem. O ile we\u017amiesz ze sob\u0105 aparat fotograficzny lub kamer\u0119, mo\u017cesz przebieg lotu r\u00f3wnie\u017c w ten spos\u00f3b uwieczni\u0107.<\/p>\n<p><strong>Publiczno\u015b\u0107:<\/strong><\/p>\n<p>Twoi znajomi, rodzina, przyjaciele mog\u0105 obserwowa\u0107 przygotowanie do lotu, pocz\u0105tek lotu i l\u0105dowanie wprost z\u00a0miejsca startu. Mo\u017cna zrobi\u0107 fajne zdj\u0119cia lub nakr\u0119ci\u0107 ciekawe filmiki na kamer\u0119.<\/p>\n<p><strong>\u00a0<\/strong><strong>Ilo\u015b\u0107 uczestnik\u00f3w:<\/strong><br \/>\nLot motoparalotni\u0105 w tandemie pozwala zabra\u0107 w powietrze tylko jednego pasa\u017cera. W razie potrzeby mo\u017cemy zaoferowa\u0107 start dw\u00f3ch motoparalotni razem.<\/p>\n<p><strong>Jak to zrobi\u0107:<\/strong><\/p>\n<p>Zam\u00f3w sw\u00f3j lot za po\u015brednictwem strony internetowej albo telefonicznie w biurze El Speedo pod numerem +420 777\u00a0311\u00a0661. Dok\u0142adny termin i miejsce swojego lotu uzgodnisz wprost z\u00a0pilotem, kt\u00f3ry p\u00f3\u017aniej do Ciebie zadzwoni. Nie zapomnij wzi\u0105\u0107 ze sob\u0105 kupon.[\/vc_column_text][\/vc_column][\/mk_page_section][mk_page_section bg_color=&#8221;#f4f4f4&#8243; video_loop=&#8221;false&#8221; padding_top=&#8221;100&#8243; padding_bottom=&#8221;100&#8243; sidebar=&#8221;sidebar-1&#8243;][vc_column width=&#8221;1\/2&#8243;][vc_column_text]\n<h2>Wzbij si\u0119 z\u00a0nami w przestworza!<\/h2>\n[\/vc_column_text][\/vc_column][vc_column width=&#8221;1\/2&#8243;][mk_button_gradient dimension=&#8221;flat&#8221; size=&#8221;large&#8221; corner_style=&#8221;rounded&#8221; grandient_color_from=&#8221;#6087b9&#8243; grandient_color_to=&#8221;#557bab&#8221; grandient_color_fallback=&#8221;#6087b9&#8243; align=&#8221;center&#8221; el_class=&#8221;btn-el-gradient-blue&#8221;]Konfigurator lotu &#8211; od 1990,- CZK[\/mk_button_gradient][\/vc_column][\/mk_page_section]\n<\/div>","protected":false},"excerpt":{"rendered":"<p>[mk_page_section bg_color=&#8221;#f4f4f4&#8243; video_loop=&#8221;false&#8221; padding_top=&#8221;40&#8243; padding_bottom=&#8221;40&#8243; sidebar=&#8221;sidebar-1&#8243;][vc_column width=&#8221;1\/2&#8243;][vc_column_text] Od wschodu do zachodu s\u0142o\u0144ca Lot motoparalotni\u0105 w tandemie umo\u017cliwia ogl\u0105danie z\u00a0lotu ptaka nawet te miejsca, kt\u00f3rych na zwyk\u0142ej paralotni po prostu nie da si\u0119 osi\u0105gn\u0105\u0107. &nbsp; Ale co robi najwi\u0119ksze wra\u017cenie \u2013 to absolutnie najlepsze widoki we wszystkich kierunkach, kt\u00f3re mo\u017cliwe s\u0105 tylko w tym rodzaju latania. [&hellip;]<\/p>\n","protected":false},"author":7,"featured_media":0,"parent":15625,"menu_order":3,"comment_status":"closed","ping_status":"closed","template":"","meta":{"_tribe_blocks_recurrence_rules":"","_tribe_blocks_recurrence_exclusions":"","_tribe_blocks_recurrence_description":"","footnotes":""},"class_list":["post-27050","page","type-page","status-publish","hentry"],"yoast_head":"<!-- This site is optimized with the Yoast SEO plugin v27.0 - https:\/\/yoast.com\/product\/yoast-seo-wordpress\/ -->\n<title>Lot motoparalotni\u0105 &#8212; El Speedo<\/title>\n<meta name=\"description\" content=\"Lot motoparalotni\u0105 umo\u017cliwia utrzymanie ci\u0105gle jednakowego poziomu lotu i dlatego na motoparalotni mo\u017cna dotrze\u0107 i tam, gdzie zwyk\u0142a paralotnia nie da rady.\" \/>\n<meta name=\"robots\" content=\"index, follow, max-snippet:-1, max-image-preview:large, max-video-preview:-1\" \/>\n<link rel=\"canonical\" href=\"https:\/\/elspeedo.cz\/tandemy\/motorovy-let\/\" \/>\n<meta property=\"og:locale\" content=\"pl_PL\" \/>\n<meta property=\"og:type\" content=\"article\" \/>\n<meta property=\"og:title\" content=\"Lot motoparalotni\u0105 &#8212; El Speedo\" \/>\n<meta property=\"og:description\" content=\"Lot motoparalotni\u0105 umo\u017cliwia utrzymanie ci\u0105gle jednakowego poziomu lotu i dlatego na motoparalotni mo\u017cna dotrze\u0107 i tam, gdzie zwyk\u0142a paralotnia nie da rady.\" \/>\n<meta property=\"og:url\" content=\"https:\/\/elspeedo.cz\/tandemy\/motorovy-let\/\" \/>\n<meta property=\"og:site_name\" content=\"El Speedo\" \/>\n<meta property=\"article:publisher\" content=\"http:\/\/www.facebook.com\/paragliding.elspeedo.cz\/?fref=ts\" \/>\n<meta property=\"article:modified_time\" content=\"2022-05-02T14:10:19+00:00\" \/>\n<meta name=\"twitter:card\" content=\"summary_large_image\" \/>\n<meta name=\"twitter:label1\" content=\"Szacowany czas czytania\" \/>\n\t<meta name=\"twitter:data1\" content=\"5 minut\" \/>\n<script type=\"application\/ld+json\" class=\"yoast-schema-graph\">{\"@context\":\"https:\/\/schema.org\",\"@graph\":[{\"@type\":\"WebPage\",\"@id\":\"https:\/\/elspeedo.cz\/tandemy\/motorovy-let\/\",\"url\":\"https:\/\/elspeedo.cz\/tandemy\/motorovy-let\/\",\"name\":\"Lot motoparalotni\u0105 &#8212; El Speedo\",\"isPartOf\":{\"@id\":\"https:\/\/elspeedo.cz\/#website\"},\"datePublished\":\"2016-12-16T08:10:22+00:00\",\"dateModified\":\"2022-05-02T14:10:19+00:00\",\"description\":\"Lot motoparalotni\u0105 umo\u017cliwia utrzymanie ci\u0105gle jednakowego poziomu lotu i dlatego na motoparalotni mo\u017cna dotrze\u0107 i tam, gdzie zwyk\u0142a paralotnia nie da rady.\",\"breadcrumb\":{\"@id\":\"https:\/\/elspeedo.cz\/tandemy\/motorovy-let\/#breadcrumb\"},\"inLanguage\":\"pl-PL\",\"potentialAction\":[{\"@type\":\"ReadAction\",\"target\":[\"https:\/\/elspeedo.cz\/tandemy\/motorovy-let\/\"]}]},{\"@type\":\"BreadcrumbList\",\"@id\":\"https:\/\/elspeedo.cz\/tandemy\/motorovy-let\/#breadcrumb\",\"itemListElement\":[{\"@type\":\"ListItem\",\"position\":1,\"name\":\"Dom\u016f\",\"item\":\"https:\/\/elspeedo.cz\/pl\/\"},{\"@type\":\"ListItem\",\"position\":2,\"name\":\"Tandemy\",\"item\":\"https:\/\/elspeedo.cz\/tandemy\/\"},{\"@type\":\"ListItem\",\"position\":3,\"name\":\"Lot motoparalotni\u0105\"}]},{\"@type\":\"WebSite\",\"@id\":\"https:\/\/elspeedo.cz\/#website\",\"url\":\"https:\/\/elspeedo.cz\/\",\"name\":\"El Speedo\",\"description\":\"Paragliding - kurzy, vybaven\u00ed, v\u00fdlety, komunita\",\"potentialAction\":[{\"@type\":\"SearchAction\",\"target\":{\"@type\":\"EntryPoint\",\"urlTemplate\":\"https:\/\/elspeedo.cz\/?s={search_term_string}\"},\"query-input\":{\"@type\":\"PropertyValueSpecification\",\"valueRequired\":true,\"valueName\":\"search_term_string\"}}],\"inLanguage\":\"pl-PL\"}]}<\/script>\n<!-- \/ Yoast SEO plugin. -->","yoast_head_json":{"title":"Lot motoparalotni\u0105 &#8212; El Speedo","description":"Lot motoparalotni\u0105 umo\u017cliwia utrzymanie ci\u0105gle jednakowego poziomu lotu i dlatego na motoparalotni mo\u017cna dotrze\u0107 i tam, gdzie zwyk\u0142a paralotnia nie da rady.","robots":{"index":"index","follow":"follow","max-snippet":"max-snippet:-1","max-image-preview":"max-image-preview:large","max-video-preview":"max-video-preview:-1"},"canonical":"https:\/\/elspeedo.cz\/tandemy\/motorovy-let\/","og_locale":"pl_PL","og_type":"article","og_title":"Lot motoparalotni\u0105 &#8212; El Speedo","og_description":"Lot motoparalotni\u0105 umo\u017cliwia utrzymanie ci\u0105gle jednakowego poziomu lotu i dlatego na motoparalotni mo\u017cna dotrze\u0107 i tam, gdzie zwyk\u0142a paralotnia nie da rady.","og_url":"https:\/\/elspeedo.cz\/tandemy\/motorovy-let\/","og_site_name":"El Speedo","article_publisher":"http:\/\/www.facebook.com\/paragliding.elspeedo.cz\/?fref=ts","article_modified_time":"2022-05-02T14:10:19+00:00","twitter_card":"summary_large_image","twitter_misc":{"Szacowany czas czytania":"5 minut"},"schema":{"@context":"https:\/\/schema.org","@graph":[{"@type":"WebPage","@id":"https:\/\/elspeedo.cz\/tandemy\/motorovy-let\/","url":"https:\/\/elspeedo.cz\/tandemy\/motorovy-let\/","name":"Lot motoparalotni\u0105 &#8212; El Speedo","isPartOf":{"@id":"https:\/\/elspeedo.cz\/#website"},"datePublished":"2016-12-16T08:10:22+00:00","dateModified":"2022-05-02T14:10:19+00:00","description":"Lot motoparalotni\u0105 umo\u017cliwia utrzymanie ci\u0105gle jednakowego poziomu lotu i dlatego na motoparalotni mo\u017cna dotrze\u0107 i tam, gdzie zwyk\u0142a paralotnia nie da rady.","breadcrumb":{"@id":"https:\/\/elspeedo.cz\/tandemy\/motorovy-let\/#breadcrumb"},"inLanguage":"pl-PL","potentialAction":[{"@type":"ReadAction","target":["https:\/\/elspeedo.cz\/tandemy\/motorovy-let\/"]}]},{"@type":"BreadcrumbList","@id":"https:\/\/elspeedo.cz\/tandemy\/motorovy-let\/#breadcrumb","itemListElement":[{"@type":"ListItem","position":1,"name":"Dom\u016f","item":"https:\/\/elspeedo.cz\/pl\/"},{"@type":"ListItem","position":2,"name":"Tandemy","item":"https:\/\/elspeedo.cz\/tandemy\/"},{"@type":"ListItem","position":3,"name":"Lot motoparalotni\u0105"}]},{"@type":"WebSite","@id":"https:\/\/elspeedo.cz\/#website","url":"https:\/\/elspeedo.cz\/","name":"El Speedo","description":"Paragliding - kurzy, vybaven\u00ed, v\u00fdlety, komunita","potentialAction":[{"@type":"SearchAction","target":{"@type":"EntryPoint","urlTemplate":"https:\/\/elspeedo.cz\/?s={search_term_string}"},"query-input":{"@type":"PropertyValueSpecification","valueRequired":true,"valueName":"search_term_string"}}],"inLanguage":"pl-PL"}]}},"_links":{"self":[{"href":"https:\/\/elspeedo.cz\/pl\/wp-json\/wp\/v2\/pages\/27050","targetHints":{"allow":["GET"]}}],"collection":[{"href":"https:\/\/elspeedo.cz\/pl\/wp-json\/wp\/v2\/pages"}],"about":[{"href":"https:\/\/elspeedo.cz\/pl\/wp-json\/wp\/v2\/types\/page"}],"author":[{"embeddable":true,"href":"https:\/\/elspeedo.cz\/pl\/wp-json\/wp\/v2\/users\/7"}],"replies":[{"embeddable":true,"href":"https:\/\/elspeedo.cz\/pl\/wp-json\/wp\/v2\/comments?post=27050"}],"version-history":[{"count":2,"href":"https:\/\/elspeedo.cz\/pl\/wp-json\/wp\/v2\/pages\/27050\/revisions"}],"predecessor-version":[{"id":185288,"href":"https:\/\/elspeedo.cz\/pl\/wp-json\/wp\/v2\/pages\/27050\/revisions\/185288"}],"up":[{"embeddable":true,"href":"https:\/\/elspeedo.cz\/pl\/wp-json\/wp\/v2\/pages\/15625"}],"wp:attachment":[{"href":"https:\/\/elspeedo.cz\/pl\/wp-json\/wp\/v2\/media?parent=27050"}],"curies":[{"name":"wp","href":"https:\/\/api.w.org\/{rel}","templated":true}]}}