{"id":27445,"date":"2015-12-12T13:33:05","date_gmt":"2015-12-12T13:33:05","guid":{"rendered":"https:\/\/elspeedo.cz\/uvodni-strana\/"},"modified":"2025-04-07T14:19:52","modified_gmt":"2025-04-07T13:19:52","slug":"uvodni-strana-2-2-2","status":"publish","type":"page","link":"https:\/\/elspeedo.cz\/pl\/","title":{"rendered":"Klub"},"content":{"rendered":"<div class=\"wpb-content-wrapper\">[mk_page_section video_loop=&#8221;false&#8221; full_width=&#8221;true&#8221; el_class=&#8221;container-xlarge&#8221; sidebar=&#8221;sidebar-1&#8243;][vc_column][mk_layerslider id=&#8221;10&#8243;][mk_fancy_title tag_name=&#8221;span&#8221; color=&#8221;#000000&#8243; size=&#8221;16&#8243; font_weight=&#8221;400&#8243; font_style=&#8221;normal&#8221; txt_transform=&#8221;uppercase&#8221; letter_spacing=&#8221;2&#8243; margin_top=&#8221;14&#8243; margin_bottom=&#8221;0&#8243; font_family=&#8221;none&#8221; align=&#8221;center&#8221; el_class=&#8221;no-margin&#8221;]Najwi\u0119ksza szko\u0142a paralotniowa w Czeskiej Republice i na S\u0142owacji | <a href=\"https:\/\/elspeedo.cz\/pl\/o-nas\/\">Wi\u0119cej o nas<\/a>[\/mk_fancy_title][\/vc_column][\/mk_page_section][mk_page_section video_loop=&#8221;false&#8221; padding_top=&#8221;40&#8243; padding_bottom=&#8221;30&#8243; sidebar=&#8221;sidebar-1&#8243;][vc_column][vc_row_inner][vc_column_inner width=&#8221;2\/3&#8243;][mk_blog style=&#8221;thumbnail&#8221; grid_image_height=&#8221;240&#8243; excerpt_length=&#8221;100&#8243;][\/vc_column_inner][vc_column_inner width=&#8221;1\/3&#8243;][mk_button_gradient dimension=&#8221;flat&#8221; size=&#8221;large&#8221; corner_style=&#8221;rounded&#8221; grandient_color_from=&#8221;#6087b9&#8243; grandient_color_to=&#8221;#557bab&#8221; grandient_color_fallback=&#8221;#6087b9&#8243; url=&#8221;https:\/\/elspeedo.cz\/pl\/kursy-paralotniarstwa\/kurs-podstawowy-paralotniarstwa-2\/kurs-podstawowy-rezerwacja-terminu-2-2\/&#8221; align=&#8221;center&#8221; el_class=&#8221;btn-el-gradient-blue&#8221;]Wybierz termin kursu podstawowego[\/mk_button_gradient][mk_button_gradient dimension=&#8221;flat&#8221; size=&#8221;large&#8221; corner_style=&#8221;rounded&#8221; grandient_color_from=&#8221;#6087b9&#8243; grandient_color_to=&#8221;#557bab&#8221; grandient_color_fallback=&#8221;#6087b9&#8243; url=&#8221;https:\/\/elspeedo.cz\/pl\/kalendarz-wyjazdow-el-speedo\/&#8221; align=&#8221;center&#8221; el_class=&#8221;btn-el-gradient-blue&#8221;]Wybierz termin wycieczki lub treningu[\/mk_button_gradient][vc_column_text title=&#8221;Najbli\u017csze wycieczki:&#8221;][\/vc_column_text][vc_column_text]\t<p>There are no upcoming events at this time.<\/p>\n[\/vc_column_text][vc_wp_custommenu nav_menu=&#8221;98&#8243;][mk_custom_sidebar sidebar=&#8221;sidebar-6&#8243;][mk_padding_divider size=&#8221;20&#8243;][mk_padding_divider][mk_padding_divider size=&#8221;20&#8243;][\/vc_column_inner][\/vc_row_inner][mk_divider style=&#8221;thin_solid&#8221; margin_top=&#8221;10&#8243; margin_bottom=&#8221;40&#8243;][\/vc_column][\/mk_page_section][mk_page_section bg_image=&#8221;https:\/\/elspeedo.cz\/wp-content\/uploads\/2015\/12\/letove-tereny-1.jpg&#8221; bg_position=&#8221;center top&#8221; bg_repeat=&#8221;no-repeat&#8221; video_loop=&#8221;false&#8221; min_height=&#8221;450&#8243; padding_top=&#8221;50&#8243; padding_bottom=&#8221;0&#8243; sidebar=&#8221;sidebar-1&#8243;][vc_column][\/vc_column][\/mk_page_section][mk_page_section bg_color=&#8221;#f4f4f4&#8243; bg_stretch=&#8221;true&#8221; video_loop=&#8221;false&#8221; padding_top=&#8221;70&#8243; padding_bottom=&#8221;70&#8243; el_class=&#8221;section-gray&#8221; sidebar=&#8221;sidebar-1&#8243;][vc_column][mk_fancy_title color=&#8221;#ffffff&#8221; size=&#8221;42&#8243; line_height=&#8221;0&#8243; margin_bottom=&#8221;0&#8243; font_family=&#8221;none&#8221; align=&#8221;center&#8221;]\n<h1>Zawody El Speedo<\/h1>\n[\/mk_fancy_title][mk_fancy_title tag_name=&#8221;h4&#8243; color=&#8221;#b5b5b5&#8243; size=&#8221;24&#8243; font_family=&#8221;none&#8221; align=&#8221;center&#8221;]Bawimy si\u0119 na sportowo &#8211; baw si\u0119 z nami&#8230;[\/mk_fancy_title][vc_row_inner][vc_column_inner width=&#8221;1\/3&#8243;][vc_single_image image=&#8221;10797&#8243; img_size=&#8221;full&#8221; alignment=&#8221;center&#8221; style=&#8221;vc_box_rounded&#8221; onclick=&#8221;custom_link&#8221; link=&#8221;http:\/\/www.katusha.cz\/&#8221;][vc_column_text align=&#8221;center&#8221;]\n<h4><a href=\"http:\/\/www.katusha.cz\/\">Katusha<\/a><\/h4>\n[\/vc_column_text][\/vc_column_inner][vc_column_inner width=&#8221;1\/3&#8243;][vc_single_image image=&#8221;10798&#8243; img_size=&#8221;full&#8221; alignment=&#8221;center&#8221; style=&#8221;vc_box_rounded&#8221; onclick=&#8221;custom_link&#8221; link=&#8221;http:\/\/www.katusha.cz\/downhill-race\/&#8221;][vc_column_text align=&#8221;center&#8221;]\n<h4><a href=\"http:\/\/www.katusha.cz\/downhill-race\/\">Katusha Downhill Race<\/a><\/h4>\n[\/vc_column_text][\/vc_column_inner][vc_column_inner width=&#8221;1\/3&#8243;][vc_single_image image=&#8221;18256&#8243; img_size=&#8221;full&#8221; alignment=&#8221;center&#8221; style=&#8221;vc_box_rounded&#8221; onclick=&#8221;custom_link&#8221; link=&#8221;http:\/\/www.eparagliding.cz\/cs\/?option=com_fabrik&amp;task=list.view&amp;listid=11&#8243;][vc_column_text align=&#8221;center&#8221;]\n<h4><a href=\"http:\/\/www.eparagliding.cz\/cs\/?option=com_fabrik&amp;task=list.view&amp;listid=11\">Luftman<\/a><\/h4>\n[\/vc_column_text][\/vc_column_inner][\/vc_row_inner][\/vc_column][\/mk_page_section][mk_page_section padding_top=&#8221;50&#8243; sidebar=&#8221;sidebar-1&#8243;][vc_column][vc_row_inner el_id=&#8221;letove-tereny&#8221;][vc_column_inner][\/vc_column_inner][\/vc_row_inner][vc_column_text align=&#8221;center&#8221;]\n<h1>Letov\u00e9 ter\u00e9ny<\/h1>\n[\/vc_column_text][vc_column_text align=&#8221;center&#8221;]Tak jako vhodn\u00e9 pad\u00e1ky\u00a0pro za\u010d\u00e1te\u010dn\u00edky, tak i v\u00fdb\u011br vhodn\u00fdch ter\u00e9n\u016f m\u00e1 sv\u00e9 specifika. Jde hlavn\u011b o to, abyste obt\u00ed\u017enost leteck\u00e9ho ter\u00e9nu volili vhodn\u011b k \u00farovni va\u0161ich zku\u0161enost\u00ed. Vyhled\u00e1vejte m\u00edsta, kter\u00e1 jsou pilot\u016fm dob\u0159e zn\u00e1m\u00e1. Ptejte se m\u00edstn\u00edch na klady i z\u00e1pory takov\u00e9ho ter\u00e9nu. Pozorujte ostatn\u00ed piloty, jak a kde l\u00e9taj\u00ed. Nenech\u00e1vejte se vyprovokovat k rychl\u00e9mu startu, ani\u017e byste si byli jisti, je-li situace k letu vhodn\u00e1. U\u010dte se z chyb ostatn\u00edch, sledujte jejich starty a chov\u00e1n\u00ed jejich k\u0159\u00eddel po startu. N\u011bco podobn\u00e9ho \u010dek\u00e1 v dob\u011b startu i v\u00e1s. P\u0159ipom\u00edn\u00e1me, \u017ee 90% rizika paraglidingu se odehr\u00e1v\u00e1 pr\u00e1v\u011b na startovi\u0161ti, kdy se pilot rozhoduje jestli let\u011bt, \u010di ne. S\u00edla a sm\u011br v\u011btru, ostatn\u00ed meteo podm\u00ednky, spr\u00e1vn\u00e9 vybaven\u00ed, \u010dist\u00e1 hlava &#8211; to v\u0161e m\u00e1 vliv na to, bude li v\u00e1\u0161 let bezpe\u010dn\u00fd nebo v\u016fbec ne.[\/vc_column_text][\/vc_column][\/mk_page_section][mk_page_section padding_bottom=&#8221;60&#8243; sidebar=&#8221;sidebar-1&#8243;][vc_column width=&#8221;1\/3&#8243;][\/vc_column][vc_column width=&#8221;1\/3&#8243;][mk_button_gradient dimension=&#8221;flat&#8221; size=&#8221;large&#8221; corner_style=&#8221;rounded&#8221; grandient_color_from=&#8221;#6087b9&#8243; grandient_color_to=&#8221;#557bab&#8221; grandient_color_fallback=&#8221;#6087b9&#8243; url=&#8221;https:\/\/elspeedo.cz\/letove-tereny-a-mapy\/ &#8221; align=&#8221;center&#8221; fullwidth=&#8221;true&#8221; margin_right=&#8221;0&#8243;]\u010cesk\u00e1 republika a Slovensko[\/mk_button_gradient][mk_button_gradient dimension=&#8221;flat&#8221; size=&#8221;large&#8221; corner_style=&#8221;rounded&#8221; grandient_color_from=&#8221;#6087b9&#8243; grandient_color_to=&#8221;#557bab&#8221; grandient_color_fallback=&#8221;#6087b9&#8243; url=&#8221;https:\/\/elspeedo.cz\/letove-tereny-a-mapy-evropa\/&#8221; align=&#8221;center&#8221; fullwidth=&#8221;true&#8221; margin_right=&#8221;0&#8243;]Evropa[\/mk_button_gradient][mk_button_gradient dimension=&#8221;flat&#8221; size=&#8221;large&#8221; corner_style=&#8221;rounded&#8221; grandient_color_from=&#8221;#6087b9&#8243; grandient_color_to=&#8221;#557bab&#8221; grandient_color_fallback=&#8221;#6087b9&#8243; align=&#8221;center&#8221; fullwidth=&#8221;true&#8221; margin_right=&#8221;0&#8243;]Asie[\/mk_button_gradient][mk_button_gradient dimension=&#8221;flat&#8221; size=&#8221;large&#8221; corner_style=&#8221;rounded&#8221; grandient_color_from=&#8221;#6087b9&#8243; grandient_color_to=&#8221;#557bab&#8221; grandient_color_fallback=&#8221;#6087b9&#8243; url=&#8221;https:\/\/elspeedo.cz\/letove-tereny-a-mapy-amerika\/&#8221; align=&#8221;center&#8221; fullwidth=&#8221;true&#8221; margin_right=&#8221;0&#8243;]St\u0159edn\u00ed a ji\u017en\u00ed Amerika[\/mk_button_gradient][\/vc_column][vc_column width=&#8221;1\/3&#8243;][\/vc_column][\/mk_page_section][mk_page_section bg_image=&#8221;https:\/\/elspeedo.cz\/wp-content\/uploads\/2015\/12\/el-speedo-bivak-15.jpg&#8221; bg_position=&#8221;center center&#8221; bg_repeat=&#8221;no-repeat&#8221; bg_stretch=&#8221;true&#8221; video_loop=&#8221;false&#8221; min_height=&#8221;450&#8243; padding_top=&#8221;20&#8243; padding_bottom=&#8221;40&#8243; sidebar=&#8221;sidebar-1&#8243;][vc_column][\/vc_column][\/mk_page_section][mk_page_section padding_top=&#8221;60&#8243; padding_bottom=&#8221;100&#8243; sidebar=&#8221;sidebar-1&#8243;][vc_column][vc_column_text align=&#8221;center&#8221;]\n<h2>Zdrav\u00e1 cesta<\/h2>\n[\/vc_column_text][vc_row_inner][vc_column_inner width=&#8221;1\/6&#8243;][\/vc_column_inner][vc_column_inner width=&#8221;2\/3&#8243;][vc_column_text align=&#8221;center&#8221;]Cel\u00fd projekt\u00a0El Speedo\u00a0vych\u00e1z\u00ed z na\u0161ich spole\u010dn\u00fdch z\u00e1\u017eitk\u016f, zku\u0161enost\u00ed a pot\u0159eb. A pravda je, \u017ee jsme se tak\u00e9 za\u010dali daleko v\u00edce zaj\u00edmat o n\u00e1\u0161 zdrav\u00fd \u017eivotn\u00ed styl, spr\u00e1vnou stravu a dobr\u00fd pocit, kter\u00fd z toho pramen\u00ed. Tak\u017ee pro\u010d se spole\u010dn\u011b tak\u00e9 o tyto z\u00e1\u017eitky a zku\u0161enosti nepod\u011blit.[\/vc_column_text][vc_single_image image=&#8221;19090&#8243; img_size=&#8221;full&#8221; alignment=&#8221;center&#8221; style=&#8221;vc_box_rounded&#8221; css=&#8221;.vc_custom_1483435798941{padding-top: 30px !important;}&#8221;][\/vc_column_inner][vc_column_inner width=&#8221;1\/6&#8243;][\/vc_column_inner][\/vc_row_inner][vc_row_inner][vc_column_inner width=&#8221;1\/3&#8243;][mk_icon_box_gradient icon_size=&#8221;32&#8243; icon=&#8221;mk-moon-food&#8221; color_style=&#8221;gradient_color&#8221; grandient_color_from=&#8221;#3edbd9&#8243; grandient_color_to=&#8221;#3a98fe&#8221; grandient_color_angle=&#8221;diagonal_left_top&#8221; icon_color=&#8221;#ffffff&#8221; title=&#8221;Vyv\u00e1\u017een\u00e1 strava&#8221; title_size=&#8221;18&#8243; title_weight=&#8221;bold&#8221; title_color=&#8221;#444444&#8243; title_top_padding=&#8221;35&#8243; content_color=&#8221;#777777&#8243;]V\u011bt\u0161\u00ed vitalitu, energii a zdrav\u00fd \u017eivotn\u00ed styl by si mohla dop\u0159\u00e1t spousta lid\u00ed, kdyby tito lid\u00e9 t\u0159eba jen trochu zlep\u0161ili sv\u00e9 stravovac\u00ed n\u00e1vyky.[\/mk_icon_box_gradient][mk_button dimension=&#8221;outline&#8221; corner_style=&#8221;rounded&#8221; size=&#8221;large&#8221; url=&#8221;https:\/\/elspeedo.cz\/vyvazena-strava&#8221; align=&#8221;center&#8221; margin_right=&#8221;0&#8243; el_class=&#8221;basic-button&#8221;]\u010cti v\u00edce[\/mk_button][\/vc_column_inner][vc_column_inner width=&#8221;1\/3&#8243;][mk_icon_box_gradient icon_size=&#8221;32&#8243; icon=&#8221;mk-moon-dumbbell&#8221; color_style=&#8221;gradient_color&#8221; grandient_color_from=&#8221;#ffaa95&#8243; grandient_color_to=&#8221;#de411b&#8221; grandient_color_angle=&#8221;diagonal_left_top&#8221; icon_color=&#8221;#ffffff&#8221; title=&#8221;Cvi\u010den\u00ed a realismus&#8221; title_size=&#8221;18&#8243; title_weight=&#8221;bold&#8221; title_color=&#8221;#444444&#8243; title_top_padding=&#8221;35&#8243; content_color=&#8221;#777777&#8243;]Prvn\u00ed v\u011bc, kterou ud\u011blat, z\u00e1kladn\u00ed ot\u00e1zku, jakou si polo\u017eit kdy\u017e se chyst\u00e1me n\u011bco ud\u011blat, je se sami sebe zeptat: Co je m\u016fj c\u00edl? Jestli\u017ee nev\u00edm, co vlastn\u011b chci, t\u011b\u017eko mohu vid\u011bt v\u00fdsledky.[\/mk_icon_box_gradient][mk_button dimension=&#8221;outline&#8221; corner_style=&#8221;rounded&#8221; size=&#8221;large&#8221; url=&#8221;https:\/\/elspeedo.cz\/cviceni-a-realismus&#8221; align=&#8221;center&#8221; margin_right=&#8221;0&#8243; el_class=&#8221;basic-button&#8221;]\u010cti v\u00edce[\/mk_button][\/vc_column_inner][vc_column_inner width=&#8221;1\/3&#8243;][mk_icon_box_gradient icon_size=&#8221;32&#8243; icon=&#8221;mk-moon-airplane-2&#8243; color_style=&#8221;gradient_color&#8221; grandient_color_from=&#8221;#b1d83c&#8221; grandient_color_to=&#8221;#44a325&#8243; grandient_color_angle=&#8221;diagonal_left_top&#8221; icon_color=&#8221;#ffffff&#8221; title=&#8221;Odpo\u010dinek&#8221; title_size=&#8221;18&#8243; title_weight=&#8221;bold&#8221; title_color=&#8221;#444444&#8243; title_top_padding=&#8221;35&#8243; content_color=&#8221;#777777&#8243;]\u017dijeme v usp\u011bchan\u00e9 dob\u011b. Tento pomalu slogan dvacat\u00e9ho prvn\u00edho stolet\u00ed sly\u0161\u00edme tak \u010dasto, \u017ee se stal automatick\u00fdm a m\u00e1lo kdo se pozastav\u00ed nad jeho skute\u010dn\u00fdm v\u00fdznamem.[\/mk_icon_box_gradient][mk_button dimension=&#8221;outline&#8221; corner_style=&#8221;rounded&#8221; size=&#8221;large&#8221; url=&#8221;https:\/\/elspeedo.cz\/odpocinek&#8221; align=&#8221;center&#8221; margin_right=&#8221;0&#8243; el_class=&#8221;basic-button&#8221;]\u010cti v\u00edce[\/mk_button][\/vc_column_inner][\/vc_row_inner][mk_padding_divider][\/vc_column][\/mk_page_section][mk_page_section bg_image=&#8221;https:\/\/elspeedo.cz\/wp-content\/uploads\/2015\/12\/el-speedo-bivak-14.jpg&#8221; bg_position=&#8221;center center&#8221; bg_repeat=&#8221;no-repeat&#8221; bg_stretch=&#8221;true&#8221; video_loop=&#8221;false&#8221; min_height=&#8221;450&#8243; padding_top=&#8221;40&#8243; padding_bottom=&#8221;0&#8243; sidebar=&#8221;sidebar-1&#8243;][vc_column][\/vc_column][\/mk_page_section]\n<\/div>","protected":false},"excerpt":{"rendered":"<p>[mk_page_section video_loop=&#8221;false&#8221; full_width=&#8221;true&#8221; el_class=&#8221;container-xlarge&#8221; sidebar=&#8221;sidebar-1&#8243;][vc_column][mk_layerslider id=&#8221;10&#8243;][mk_fancy_title tag_name=&#8221;span&#8221; color=&#8221;#000000&#8243; size=&#8221;16&#8243; font_weight=&#8221;400&#8243; font_style=&#8221;normal&#8221; txt_transform=&#8221;uppercase&#8221; letter_spacing=&#8221;2&#8243; margin_top=&#8221;14&#8243; margin_bottom=&#8221;0&#8243; font_family=&#8221;none&#8221; align=&#8221;center&#8221; el_class=&#8221;no-margin&#8221;]Najwi\u0119ksza szko\u0142a paralotniowa w Czeskiej Republice i na S\u0142owacji | Wi\u0119cej o nas[\/mk_fancy_title][\/vc_column][\/mk_page_section][mk_page_section video_loop=&#8221;false&#8221; padding_top=&#8221;40&#8243; padding_bottom=&#8221;30&#8243; sidebar=&#8221;sidebar-1&#8243;][vc_column][vc_row_inner][vc_column_inner width=&#8221;2\/3&#8243;][mk_blog style=&#8221;thumbnail&#8221; grid_image_height=&#8221;240&#8243; excerpt_length=&#8221;100&#8243;][\/vc_column_inner][vc_column_inner width=&#8221;1\/3&#8243;][mk_button_gradient dimension=&#8221;flat&#8221; size=&#8221;large&#8221; corner_style=&#8221;rounded&#8221; grandient_color_from=&#8221;#6087b9&#8243; grandient_color_to=&#8221;#557bab&#8221; grandient_color_fallback=&#8221;#6087b9&#8243; url=&#8221;https:\/\/elspeedo.cz\/pl\/kursy-paralotniarstwa\/kurs-podstawowy-paralotniarstwa-2\/kurs-podstawowy-rezerwacja-terminu-2-2\/&#8221; align=&#8221;center&#8221; el_class=&#8221;btn-el-gradient-blue&#8221;]Wybierz termin kursu podstawowego[\/mk_button_gradient][mk_button_gradient dimension=&#8221;flat&#8221; size=&#8221;large&#8221; corner_style=&#8221;rounded&#8221; grandient_color_from=&#8221;#6087b9&#8243; [&hellip;]<\/p>\n","protected":false},"author":3878,"featured_media":0,"parent":0,"menu_order":8,"comment_status":"open","ping_status":"closed","template":"","meta":{"_tribe_blocks_recurrence_rules":"","_tribe_blocks_recurrence_exclusions":"","_tribe_blocks_recurrence_description":"","footnotes":""},"class_list":["post-27445","page","type-page","status-publish","hentry"],"yoast_head":"<!-- This site is optimized with the Yoast SEO plugin v27.0 - https:\/\/yoast.com\/product\/yoast-seo-wordpress\/ -->\n<title>El Speedo \u2014 Nejv\u011bt\u0161\u00ed paraglidingov\u00e1 komunita v \u010cR<\/title>\n<meta name=\"description\" content=\"El Speedo Flying Community. Paraglidingov\u00e9 l\u00e9t\u00e1n\u00ed a v\u00fduka pilot\u016f v \u010cR. Po\u0159\u00e1d\u00e1me kurzy, expedice a tandemov\u00e9 lety. Paraglidingov\u00e1 v\u00fdbava pro za\u010d\u00ednaj\u00edc\u00ed i...\" \/>\n<meta name=\"robots\" content=\"index, follow, max-snippet:-1, max-image-preview:large, max-video-preview:-1\" \/>\n<link rel=\"canonical\" href=\"https:\/\/elspeedo.cz\/pl\/\" \/>\n<meta property=\"og:locale\" content=\"pl_PL\" \/>\n<meta property=\"og:type\" content=\"article\" \/>\n<meta property=\"og:title\" content=\"El Speedo \u2014 Nejv\u011bt\u0161\u00ed paraglidingov\u00e1 komunita v \u010cR\" \/>\n<meta property=\"og:description\" content=\"El Speedo Flying Community. Paraglidingov\u00e9 l\u00e9t\u00e1n\u00ed a v\u00fduka pilot\u016f v \u010cR. Po\u0159\u00e1d\u00e1me kurzy, expedice a tandemov\u00e9 lety. Paraglidingov\u00e1 v\u00fdbava pro za\u010d\u00ednaj\u00edc\u00ed i...\" \/>\n<meta property=\"og:url\" content=\"https:\/\/elspeedo.cz\/pl\/\" \/>\n<meta property=\"og:site_name\" content=\"El Speedo\" \/>\n<meta property=\"article:publisher\" content=\"http:\/\/www.facebook.com\/paragliding.elspeedo.cz\/?fref=ts\" \/>\n<meta property=\"article:modified_time\" content=\"2025-04-07T13:19:52+00:00\" \/>\n<meta name=\"twitter:card\" content=\"summary_large_image\" \/>\n<meta name=\"twitter:label1\" content=\"Szacowany czas czytania\" \/>\n\t<meta name=\"twitter:data1\" content=\"7 minut\" \/>\n<script type=\"application\/ld+json\" class=\"yoast-schema-graph\">{\"@context\":\"https:\/\/schema.org\",\"@graph\":[{\"@type\":\"WebPage\",\"@id\":\"https:\/\/elspeedo.cz\/pl\/\",\"url\":\"https:\/\/elspeedo.cz\/pl\/\",\"name\":\"El Speedo \u2014 Nejv\u011bt\u0161\u00ed paraglidingov\u00e1 komunita v \u010cR\",\"isPartOf\":{\"@id\":\"https:\/\/elspeedo.cz\/#website\"},\"datePublished\":\"2015-12-12T13:33:05+00:00\",\"dateModified\":\"2025-04-07T13:19:52+00:00\",\"description\":\"El Speedo Flying Community. Paraglidingov\u00e9 l\u00e9t\u00e1n\u00ed a v\u00fduka pilot\u016f v \u010cR. Po\u0159\u00e1d\u00e1me kurzy, expedice a tandemov\u00e9 lety. Paraglidingov\u00e1 v\u00fdbava pro za\u010d\u00ednaj\u00edc\u00ed i...\",\"breadcrumb\":{\"@id\":\"https:\/\/elspeedo.cz\/pl\/#breadcrumb\"},\"inLanguage\":\"pl-PL\",\"potentialAction\":[{\"@type\":\"ReadAction\",\"target\":[\"https:\/\/elspeedo.cz\/pl\/\"]}]},{\"@type\":\"BreadcrumbList\",\"@id\":\"https:\/\/elspeedo.cz\/pl\/#breadcrumb\",\"itemListElement\":[{\"@type\":\"ListItem\",\"position\":1,\"name\":\"Dom\u016f\",\"item\":\"https:\/\/elspeedo.cz\/pl\/\"},{\"@type\":\"ListItem\",\"position\":2,\"name\":\"Klub\"}]},{\"@type\":\"WebSite\",\"@id\":\"https:\/\/elspeedo.cz\/#website\",\"url\":\"https:\/\/elspeedo.cz\/\",\"name\":\"El Speedo\",\"description\":\"Paragliding - kurzy, vybaven\u00ed, v\u00fdlety, komunita\",\"potentialAction\":[{\"@type\":\"SearchAction\",\"target\":{\"@type\":\"EntryPoint\",\"urlTemplate\":\"https:\/\/elspeedo.cz\/?s={search_term_string}\"},\"query-input\":{\"@type\":\"PropertyValueSpecification\",\"valueRequired\":true,\"valueName\":\"search_term_string\"}}],\"inLanguage\":\"pl-PL\"}]}<\/script>\n<!-- \/ Yoast SEO plugin. -->","yoast_head_json":{"title":"El Speedo \u2014 Nejv\u011bt\u0161\u00ed paraglidingov\u00e1 komunita v \u010cR","description":"El Speedo Flying Community. Paraglidingov\u00e9 l\u00e9t\u00e1n\u00ed a v\u00fduka pilot\u016f v \u010cR. Po\u0159\u00e1d\u00e1me kurzy, expedice a tandemov\u00e9 lety. Paraglidingov\u00e1 v\u00fdbava pro za\u010d\u00ednaj\u00edc\u00ed i...","robots":{"index":"index","follow":"follow","max-snippet":"max-snippet:-1","max-image-preview":"max-image-preview:large","max-video-preview":"max-video-preview:-1"},"canonical":"https:\/\/elspeedo.cz\/pl\/","og_locale":"pl_PL","og_type":"article","og_title":"El Speedo \u2014 Nejv\u011bt\u0161\u00ed paraglidingov\u00e1 komunita v \u010cR","og_description":"El Speedo Flying Community. Paraglidingov\u00e9 l\u00e9t\u00e1n\u00ed a v\u00fduka pilot\u016f v \u010cR. Po\u0159\u00e1d\u00e1me kurzy, expedice a tandemov\u00e9 lety. Paraglidingov\u00e1 v\u00fdbava pro za\u010d\u00ednaj\u00edc\u00ed i...","og_url":"https:\/\/elspeedo.cz\/pl\/","og_site_name":"El Speedo","article_publisher":"http:\/\/www.facebook.com\/paragliding.elspeedo.cz\/?fref=ts","article_modified_time":"2025-04-07T13:19:52+00:00","twitter_card":"summary_large_image","twitter_misc":{"Szacowany czas czytania":"7 minut"},"schema":{"@context":"https:\/\/schema.org","@graph":[{"@type":"WebPage","@id":"https:\/\/elspeedo.cz\/pl\/","url":"https:\/\/elspeedo.cz\/pl\/","name":"El Speedo \u2014 Nejv\u011bt\u0161\u00ed paraglidingov\u00e1 komunita v \u010cR","isPartOf":{"@id":"https:\/\/elspeedo.cz\/#website"},"datePublished":"2015-12-12T13:33:05+00:00","dateModified":"2025-04-07T13:19:52+00:00","description":"El Speedo Flying Community. Paraglidingov\u00e9 l\u00e9t\u00e1n\u00ed a v\u00fduka pilot\u016f v \u010cR. Po\u0159\u00e1d\u00e1me kurzy, expedice a tandemov\u00e9 lety. Paraglidingov\u00e1 v\u00fdbava pro za\u010d\u00ednaj\u00edc\u00ed i...","breadcrumb":{"@id":"https:\/\/elspeedo.cz\/pl\/#breadcrumb"},"inLanguage":"pl-PL","potentialAction":[{"@type":"ReadAction","target":["https:\/\/elspeedo.cz\/pl\/"]}]},{"@type":"BreadcrumbList","@id":"https:\/\/elspeedo.cz\/pl\/#breadcrumb","itemListElement":[{"@type":"ListItem","position":1,"name":"Dom\u016f","item":"https:\/\/elspeedo.cz\/pl\/"},{"@type":"ListItem","position":2,"name":"Klub"}]},{"@type":"WebSite","@id":"https:\/\/elspeedo.cz\/#website","url":"https:\/\/elspeedo.cz\/","name":"El Speedo","description":"Paragliding - kurzy, vybaven\u00ed, v\u00fdlety, komunita","potentialAction":[{"@type":"SearchAction","target":{"@type":"EntryPoint","urlTemplate":"https:\/\/elspeedo.cz\/?s={search_term_string}"},"query-input":{"@type":"PropertyValueSpecification","valueRequired":true,"valueName":"search_term_string"}}],"inLanguage":"pl-PL"}]}},"_links":{"self":[{"href":"https:\/\/elspeedo.cz\/pl\/wp-json\/wp\/v2\/pages\/27445","targetHints":{"allow":["GET"]}}],"collection":[{"href":"https:\/\/elspeedo.cz\/pl\/wp-json\/wp\/v2\/pages"}],"about":[{"href":"https:\/\/elspeedo.cz\/pl\/wp-json\/wp\/v2\/types\/page"}],"author":[{"embeddable":true,"href":"https:\/\/elspeedo.cz\/pl\/wp-json\/wp\/v2\/users\/3878"}],"replies":[{"embeddable":true,"href":"https:\/\/elspeedo.cz\/pl\/wp-json\/wp\/v2\/comments?post=27445"}],"version-history":[{"count":4,"href":"https:\/\/elspeedo.cz\/pl\/wp-json\/wp\/v2\/pages\/27445\/revisions"}],"predecessor-version":[{"id":250607,"href":"https:\/\/elspeedo.cz\/pl\/wp-json\/wp\/v2\/pages\/27445\/revisions\/250607"}],"wp:attachment":[{"href":"https:\/\/elspeedo.cz\/pl\/wp-json\/wp\/v2\/media?parent=27445"}],"curies":[{"name":"wp","href":"https:\/\/api.w.org\/{rel}","templated":true}]}}