{"id":27446,"date":"2017-02-01T14:49:57","date_gmt":"2017-02-01T13:49:57","guid":{"rendered":"https:\/\/elspeedo.cz\/vybaveni\/batohy-a-obaly\/"},"modified":"2022-02-09T11:33:44","modified_gmt":"2022-02-09T10:33:44","slug":"plecaki-el-speedo","status":"publish","type":"page","link":"https:\/\/elspeedo.cz\/pl\/sprzet-2\/plecaki-el-speedo\/","title":{"rendered":"Plecaki El Speedo"},"content":{"rendered":"<div class=\"wpb-content-wrapper\">[vc_row][vc_column][mk_padding_divider size=&#8221;30&#8243;][vc_column_text align=&#8221;center&#8221;]\n<div class=\"clr\" style=\"text-align: center\"><span style=\"font-size: 40pt\">Plecaki El Speedo,\u00a0<span style=\"font-size: 24pt\">minimalna waga \u2013 maksymalna funkcjonalno\u015b\u0107<\/span><\/span><\/div>\n[\/vc_column_text][mk_padding_divider size=&#8221;30&#8243;][vc_separator el_width=&#8221;80&#8243; el_class=&#8221;basic-separator&#8221;][\/vc_column][\/vc_row][mk_page_section bg_position=&#8221;center center&#8221; bg_repeat=&#8221;no-repeat&#8221; bg_stretch=&#8221;true&#8221; enable_3d=&#8221;true&#8221; video_loop=&#8221;false&#8221; min_height=&#8221;450&#8243; padding_bottom=&#8221;100&#8243; sidebar=&#8221;sidebar-1&#8243;][vc_column width=&#8221;1\/4&#8243;][vc_single_image image=&#8221;13520&#8243; img_size=&#8221;full&#8221; alignment=&#8221;center&#8221; style=&#8221;vc_box_rounded&#8221; onclick=&#8221;custom_link&#8221; link=&#8221;https:\/\/elspeedo.cz\/pl\/sprzet-2\/plecaki-el-speedo\/siatka-el-speedo\/&#8221;][vc_column_text disable_pattern=&#8221;false&#8221; align=&#8221;center&#8221;]\n<h4>SIATKA<\/h4>\n<p>Cena: 290 CZK[\/vc_column_text][vc_column_text disable_pattern=&#8221;false&#8221; align=&#8221;center&#8221;]Opakowanie na cokolwiek.[\/vc_column_text][mk_button dimension=&#8221;flat&#8221; corner_style=&#8221;rounded&#8221; size=&#8221;large&#8221; url=&#8221;https:\/\/elspeedo.cz\/pl\/sprzet-2\/plecaki-el-speedo\/siatka-el-speedo\/&#8221; align=&#8221;center&#8221; button_custom_width=&#8221;130&#8243; margin_right=&#8221;0&#8243; el_class=&#8221;basic-button&#8221;]Opis[\/mk_button][\/vc_column][vc_column width=&#8221;1\/4&#8243;][vc_single_image image=&#8221;13521&#8243; img_size=&#8221;full&#8221; alignment=&#8221;center&#8221; style=&#8221;vc_box_rounded&#8221; onclick=&#8221;custom_link&#8221; link=&#8221;https:\/\/elspeedo.cz\/pl\/sprzet-2\/plecaki-el-speedo\/el-speedo-rb-ultrino\/&#8221;][vc_column_text align=&#8221;center&#8221;]\n<h4>RB ULTRINO<\/h4>\n<p>Cena: 2490 CZK[\/vc_column_text][vc_column_text align=&#8221;center&#8221;]Ultralekka wersja tylko 460g.[\/vc_column_text][mk_button dimension=&#8221;flat&#8221; corner_style=&#8221;rounded&#8221; size=&#8221;large&#8221; url=&#8221;https:\/\/elspeedo.cz\/pl\/sprzet-2\/plecaki-el-speedo\/el-speedo-rb-ultrino\/&#8221; align=&#8221;center&#8221; button_custom_width=&#8221;130&#8243; margin_right=&#8221;0&#8243; el_class=&#8221;basic-button&#8221;]Opis[\/mk_button][\/vc_column][vc_column width=&#8221;1\/4&#8243;][vc_single_image image=&#8221;13521&#8243; img_size=&#8221;full&#8221; alignment=&#8221;center&#8221; style=&#8221;vc_box_rounded&#8221; onclick=&#8221;custom_link&#8221; link=&#8221;https:\/\/elspeedo.cz\/pl\/sprzet-2\/plecaki-el-speedo\/el-speedo-rb-solid\/&#8221;][vc_column_text align=&#8221;center&#8221;]\n<h4>RB SOLID<\/h4>\n<p>Cena: 3190 CZK[\/vc_column_text][vc_column_text align=&#8221;center&#8221;]Mocniejsze wykonanie i tylko 690g.[\/vc_column_text][mk_button dimension=&#8221;flat&#8221; corner_style=&#8221;rounded&#8221; size=&#8221;large&#8221; url=&#8221;https:\/\/elspeedo.cz\/pl\/sprzet-2\/plecaki-el-speedo\/el-speedo-rb-solid\/&#8221; align=&#8221;center&#8221; button_custom_width=&#8221;130&#8243; margin_right=&#8221;0&#8243; el_class=&#8221;basic-button&#8221;]Opis[\/mk_button][\/vc_column][vc_column width=&#8221;1\/4&#8243;][vc_single_image image=&#8221;13453&#8243; img_size=&#8221;full&#8221; alignment=&#8221;center&#8221; style=&#8221;vc_box_rounded&#8221; onclick=&#8221;custom_link&#8221; link=&#8221;https:\/\/elspeedo.cz\/pl\/sprzet-2\/plecaki-el-speedo\/el-speedo-plecak-keylong\/&#8221;][vc_column_text align=&#8221;center&#8221;]\n<h4>KEYLONG XC<\/h4>\n<p>Cena: 3530 CZK[\/vc_column_text][vc_column_text align=&#8221;center&#8221;]Sprytny plecak.[\/vc_column_text][mk_button dimension=&#8221;flat&#8221; corner_style=&#8221;rounded&#8221; size=&#8221;large&#8221; url=&#8221;https:\/\/elspeedo.cz\/pl\/sprzet-2\/plecaki-el-speedo\/el-speedo-plecak-keylong\/&#8221; align=&#8221;center&#8221; button_custom_width=&#8221;130&#8243; margin_right=&#8221;0&#8243; el_class=&#8221;basic-button&#8221;]Opis[\/mk_button][\/vc_column][\/mk_page_section][mk_page_section bg_color=&#8221;#272727&#8243; bg_position=&#8221;center center&#8221; video_loop=&#8221;false&#8221; js_vertical_centered=&#8221;true&#8221; padding_top=&#8221;80&#8243; padding_bottom=&#8221;80&#8243; el_class=&#8221;sc-dark&#8221; sidebar=&#8221;sidebar-1&#8243;][vc_column][vc_column_text disable_pattern=&#8221;false&#8221; align=&#8221;center&#8221;]\n<div class=\"clr\" style=\"text-align: center\"><span style=\"font-size: 24pt\">Kupuj w\u00a0<span style=\"font-size: 40pt\">CENACH ABSOLWENCKICH<\/span><\/span><\/div>\n[\/vc_column_text][mk_padding_divider size=&#8221;20&#8243;][vc_column_text disable_pattern=&#8221;false&#8221; align=&#8221;center&#8221;]\n<p style=\"text-align: center\">Wszyscy absolwenci naszych program\u00f3w treningowych posiadaj\u0105<\/p>\n<h2 style=\"text-align: center\">zni\u017ck\u0119 10% i wed\u0142ug indywidualnych mo\u017cliwo\u015bci rozpatrujemy odliczenie podatku VAT.<\/h2>\n<p style=\"text-align: center\">Wszystkie informacje uzyskasz w naszym biurze, pod nr. +420\u00a0777\u00a0311 661<\/p>\n[\/vc_column_text][\/vc_column][\/mk_page_section]\n<\/div>","protected":false},"excerpt":{"rendered":"<p>[vc_row][vc_column][mk_padding_divider size=&#8221;30&#8243;][vc_column_text align=&#8221;center&#8221;] Plecaki El Speedo,\u00a0minimalna waga \u2013 maksymalna funkcjonalno\u015b\u0107 [\/vc_column_text][mk_padding_divider size=&#8221;30&#8243;][vc_separator el_width=&#8221;80&#8243; el_class=&#8221;basic-separator&#8221;][\/vc_column][\/vc_row][mk_page_section bg_position=&#8221;center center&#8221; bg_repeat=&#8221;no-repeat&#8221; bg_stretch=&#8221;true&#8221; enable_3d=&#8221;true&#8221; video_loop=&#8221;false&#8221; min_height=&#8221;450&#8243; padding_bottom=&#8221;100&#8243; sidebar=&#8221;sidebar-1&#8243;][vc_column width=&#8221;1\/4&#8243;][vc_single_image image=&#8221;13520&#8243; img_size=&#8221;full&#8221; alignment=&#8221;center&#8221; style=&#8221;vc_box_rounded&#8221; onclick=&#8221;custom_link&#8221; link=&#8221;https:\/\/elspeedo.cz\/pl\/sprzet-2\/plecaki-el-speedo\/siatka-el-speedo\/&#8221;][vc_column_text disable_pattern=&#8221;false&#8221; align=&#8221;center&#8221;] SIATKA Cena: 290 CZK[\/vc_column_text][vc_column_text disable_pattern=&#8221;false&#8221; align=&#8221;center&#8221;]Opakowanie na cokolwiek.[\/vc_column_text][mk_button dimension=&#8221;flat&#8221; corner_style=&#8221;rounded&#8221; size=&#8221;large&#8221; url=&#8221;https:\/\/elspeedo.cz\/pl\/sprzet-2\/plecaki-el-speedo\/siatka-el-speedo\/&#8221; align=&#8221;center&#8221; button_custom_width=&#8221;130&#8243; margin_right=&#8221;0&#8243; el_class=&#8221;basic-button&#8221;]Opis[\/mk_button][\/vc_column][vc_column width=&#8221;1\/4&#8243;][vc_single_image image=&#8221;13521&#8243; img_size=&#8221;full&#8221; alignment=&#8221;center&#8221; style=&#8221;vc_box_rounded&#8221; onclick=&#8221;custom_link&#8221; link=&#8221;https:\/\/elspeedo.cz\/pl\/sprzet-2\/plecaki-el-speedo\/el-speedo-rb-ultrino\/&#8221;][vc_column_text [&hellip;]<\/p>\n","protected":false},"author":4,"featured_media":0,"parent":15511,"menu_order":0,"comment_status":"closed","ping_status":"closed","template":"","meta":{"_tribe_blocks_recurrence_rules":"","_tribe_blocks_recurrence_exclusions":"","_tribe_blocks_recurrence_description":"","footnotes":""},"class_list":["post-27446","page","type-page","status-publish","hentry"],"yoast_head":"<!-- This site is optimized with the Yoast SEO plugin v27.0 - https:\/\/yoast.com\/product\/yoast-seo-wordpress\/ -->\n<title>Plecaki El Speedo &#8212; El Speedo<\/title>\n<meta name=\"description\" content=\"Plecaki El Speedo, minimalna waga \u2013 maksymalna funkcjonalno\u015b\u0107 SIATKA Cena: 290 CZKOpakowanie na cokolwiek.Opis RB ULTRINO Cena: 1490 CZKUltralekka wersja ty\" \/>\n<meta name=\"robots\" content=\"index, follow, max-snippet:-1, max-image-preview:large, max-video-preview:-1\" \/>\n<link rel=\"canonical\" href=\"https:\/\/elspeedo.cz\/vybaveni\/batohy-a-obaly\/\" \/>\n<meta property=\"og:locale\" content=\"pl_PL\" \/>\n<meta property=\"og:type\" content=\"article\" \/>\n<meta property=\"og:title\" content=\"Plecaki El Speedo &#8212; El Speedo\" \/>\n<meta property=\"og:description\" content=\"Plecaki El Speedo, minimalna waga \u2013 maksymalna funkcjonalno\u015b\u0107 SIATKA Cena: 290 CZKOpakowanie na cokolwiek.Opis RB ULTRINO Cena: 1490 CZKUltralekka wersja ty\" \/>\n<meta property=\"og:url\" content=\"https:\/\/elspeedo.cz\/vybaveni\/batohy-a-obaly\/\" \/>\n<meta property=\"og:site_name\" content=\"El Speedo\" \/>\n<meta property=\"article:publisher\" content=\"http:\/\/www.facebook.com\/paragliding.elspeedo.cz\/?fref=ts\" \/>\n<meta property=\"article:modified_time\" content=\"2022-02-09T10:33:44+00:00\" \/>\n<meta name=\"twitter:card\" content=\"summary_large_image\" \/>\n<meta name=\"twitter:label1\" content=\"Szacowany czas czytania\" \/>\n\t<meta name=\"twitter:data1\" content=\"2 minuty\" \/>\n<script type=\"application\/ld+json\" class=\"yoast-schema-graph\">{\"@context\":\"https:\/\/schema.org\",\"@graph\":[{\"@type\":\"WebPage\",\"@id\":\"https:\/\/elspeedo.cz\/vybaveni\/batohy-a-obaly\/\",\"url\":\"https:\/\/elspeedo.cz\/vybaveni\/batohy-a-obaly\/\",\"name\":\"Plecaki El Speedo &#8212; El Speedo\",\"isPartOf\":{\"@id\":\"https:\/\/elspeedo.cz\/#website\"},\"datePublished\":\"2017-02-01T13:49:57+00:00\",\"dateModified\":\"2022-02-09T10:33:44+00:00\",\"description\":\"Plecaki El Speedo, minimalna waga \u2013 maksymalna funkcjonalno\u015b\u0107 SIATKA Cena: 290 CZKOpakowanie na cokolwiek.Opis RB ULTRINO Cena: 1490 CZKUltralekka wersja ty\",\"breadcrumb\":{\"@id\":\"https:\/\/elspeedo.cz\/vybaveni\/batohy-a-obaly\/#breadcrumb\"},\"inLanguage\":\"pl-PL\",\"potentialAction\":[{\"@type\":\"ReadAction\",\"target\":[\"https:\/\/elspeedo.cz\/vybaveni\/batohy-a-obaly\/\"]}]},{\"@type\":\"BreadcrumbList\",\"@id\":\"https:\/\/elspeedo.cz\/vybaveni\/batohy-a-obaly\/#breadcrumb\",\"itemListElement\":[{\"@type\":\"ListItem\",\"position\":1,\"name\":\"Dom\u016f\",\"item\":\"https:\/\/elspeedo.cz\/pl\/\"},{\"@type\":\"ListItem\",\"position\":2,\"name\":\"Sprz\u0119t\",\"item\":\"https:\/\/elspeedo.cz\/pl\/sprzet-2\/\"},{\"@type\":\"ListItem\",\"position\":3,\"name\":\"Plecaki El Speedo\"}]},{\"@type\":\"WebSite\",\"@id\":\"https:\/\/elspeedo.cz\/#website\",\"url\":\"https:\/\/elspeedo.cz\/\",\"name\":\"El Speedo\",\"description\":\"Paragliding - kurzy, vybaven\u00ed, v\u00fdlety, komunita\",\"potentialAction\":[{\"@type\":\"SearchAction\",\"target\":{\"@type\":\"EntryPoint\",\"urlTemplate\":\"https:\/\/elspeedo.cz\/?s={search_term_string}\"},\"query-input\":{\"@type\":\"PropertyValueSpecification\",\"valueRequired\":true,\"valueName\":\"search_term_string\"}}],\"inLanguage\":\"pl-PL\"}]}<\/script>\n<!-- \/ Yoast SEO plugin. -->","yoast_head_json":{"title":"Plecaki El Speedo &#8212; El Speedo","description":"Plecaki El Speedo, minimalna waga \u2013 maksymalna funkcjonalno\u015b\u0107 SIATKA Cena: 290 CZKOpakowanie na cokolwiek.Opis RB ULTRINO Cena: 1490 CZKUltralekka wersja ty","robots":{"index":"index","follow":"follow","max-snippet":"max-snippet:-1","max-image-preview":"max-image-preview:large","max-video-preview":"max-video-preview:-1"},"canonical":"https:\/\/elspeedo.cz\/vybaveni\/batohy-a-obaly\/","og_locale":"pl_PL","og_type":"article","og_title":"Plecaki El Speedo &#8212; El Speedo","og_description":"Plecaki El Speedo, minimalna waga \u2013 maksymalna funkcjonalno\u015b\u0107 SIATKA Cena: 290 CZKOpakowanie na cokolwiek.Opis RB ULTRINO Cena: 1490 CZKUltralekka wersja ty","og_url":"https:\/\/elspeedo.cz\/vybaveni\/batohy-a-obaly\/","og_site_name":"El Speedo","article_publisher":"http:\/\/www.facebook.com\/paragliding.elspeedo.cz\/?fref=ts","article_modified_time":"2022-02-09T10:33:44+00:00","twitter_card":"summary_large_image","twitter_misc":{"Szacowany czas czytania":"2 minuty"},"schema":{"@context":"https:\/\/schema.org","@graph":[{"@type":"WebPage","@id":"https:\/\/elspeedo.cz\/vybaveni\/batohy-a-obaly\/","url":"https:\/\/elspeedo.cz\/vybaveni\/batohy-a-obaly\/","name":"Plecaki El Speedo &#8212; El Speedo","isPartOf":{"@id":"https:\/\/elspeedo.cz\/#website"},"datePublished":"2017-02-01T13:49:57+00:00","dateModified":"2022-02-09T10:33:44+00:00","description":"Plecaki El Speedo, minimalna waga \u2013 maksymalna funkcjonalno\u015b\u0107 SIATKA Cena: 290 CZKOpakowanie na cokolwiek.Opis RB ULTRINO Cena: 1490 CZKUltralekka wersja ty","breadcrumb":{"@id":"https:\/\/elspeedo.cz\/vybaveni\/batohy-a-obaly\/#breadcrumb"},"inLanguage":"pl-PL","potentialAction":[{"@type":"ReadAction","target":["https:\/\/elspeedo.cz\/vybaveni\/batohy-a-obaly\/"]}]},{"@type":"BreadcrumbList","@id":"https:\/\/elspeedo.cz\/vybaveni\/batohy-a-obaly\/#breadcrumb","itemListElement":[{"@type":"ListItem","position":1,"name":"Dom\u016f","item":"https:\/\/elspeedo.cz\/pl\/"},{"@type":"ListItem","position":2,"name":"Sprz\u0119t","item":"https:\/\/elspeedo.cz\/pl\/sprzet-2\/"},{"@type":"ListItem","position":3,"name":"Plecaki El Speedo"}]},{"@type":"WebSite","@id":"https:\/\/elspeedo.cz\/#website","url":"https:\/\/elspeedo.cz\/","name":"El Speedo","description":"Paragliding - kurzy, vybaven\u00ed, v\u00fdlety, komunita","potentialAction":[{"@type":"SearchAction","target":{"@type":"EntryPoint","urlTemplate":"https:\/\/elspeedo.cz\/?s={search_term_string}"},"query-input":{"@type":"PropertyValueSpecification","valueRequired":true,"valueName":"search_term_string"}}],"inLanguage":"pl-PL"}]}},"_links":{"self":[{"href":"https:\/\/elspeedo.cz\/pl\/wp-json\/wp\/v2\/pages\/27446","targetHints":{"allow":["GET"]}}],"collection":[{"href":"https:\/\/elspeedo.cz\/pl\/wp-json\/wp\/v2\/pages"}],"about":[{"href":"https:\/\/elspeedo.cz\/pl\/wp-json\/wp\/v2\/types\/page"}],"author":[{"embeddable":true,"href":"https:\/\/elspeedo.cz\/pl\/wp-json\/wp\/v2\/users\/4"}],"replies":[{"embeddable":true,"href":"https:\/\/elspeedo.cz\/pl\/wp-json\/wp\/v2\/comments?post=27446"}],"version-history":[{"count":2,"href":"https:\/\/elspeedo.cz\/pl\/wp-json\/wp\/v2\/pages\/27446\/revisions"}],"predecessor-version":[{"id":178245,"href":"https:\/\/elspeedo.cz\/pl\/wp-json\/wp\/v2\/pages\/27446\/revisions\/178245"}],"up":[{"embeddable":true,"href":"https:\/\/elspeedo.cz\/pl\/wp-json\/wp\/v2\/pages\/15511"}],"wp:attachment":[{"href":"https:\/\/elspeedo.cz\/pl\/wp-json\/wp\/v2\/media?parent=27446"}],"curies":[{"name":"wp","href":"https:\/\/api.w.org\/{rel}","templated":true}]}}