{"id":27447,"date":"2017-02-01T14:50:47","date_gmt":"2017-02-01T13:50:47","guid":{"rendered":"https:\/\/elspeedo.cz\/kurzy\/horske-xc-letani\/"},"modified":"2021-11-17T14:11:44","modified_gmt":"2021-11-17T13:11:44","slug":"wyczynowe-latanie-latanie-xc","status":"publish","type":"page","link":"https:\/\/elspeedo.cz\/pl\/kursy-paralotniarstwa\/wyczynowe-latanie-latanie-xc\/","title":{"rendered":"Wyczynowe latanie, latanie XC"},"content":{"rendered":"<div class=\"wpb-content-wrapper\">[vc_row attached=&#8221;true&#8221; css=&#8221;.vc_custom_1492891628119{padding-top: 60px !important;padding-bottom: 0px !important;}&#8221;][vc_column width=&#8221;1\/3&#8243; css=&#8221;.vc_custom_1480789372717{margin-right: 0px !important;margin-left: 0px !important;border-right-width: 0px !important;border-left-width: 0px !important;padding-right: 20px !important;padding-left: 20px !important;}&#8221;][vc_single_image image=&#8221;14279&#8243; img_size=&#8221;full&#8221; alignment=&#8221;center&#8221; style=&#8221;vc_box_rounded&#8221; onclick=&#8221;custom_link&#8221; link=&#8221; https:\/\/elspeedo.cz\/pl\/kursy-paralotniarstwa\/wyczynowe-latanie-latanie-xc\/trening-xc\/&#8221;][vc_column_text disable_pattern=&#8221;false&#8221; align=&#8221;center&#8221;]\n<h4>Trening XC<\/h4>\n[\/vc_column_text][mk_padding_divider size=&#8221;20&#8243;][vc_column_text disable_pattern=&#8221;false&#8221; align=&#8221;center&#8221;]Kurs trwaj\u0105cy 5 dni, na sprawdzonych europejskich terenach do latania, pod nadzorem naszych najlepszych wyczynowych trener\u00f3w. Trening, kt\u00f3ry w\u0142\u0105czy ci\u0119 w szeregi XC pilot\u00f3w. Dla kategorii PILOT 3-5.<\/p>\n<p><strong>Cena: 7900 CZK<\/strong>[\/vc_column_text][mk_padding_divider size=&#8221;10&#8243;][mk_button_gradient dimension=&#8221;flat&#8221; size=&#8221;large&#8221; corner_style=&#8221;rounded&#8221; grandient_color_from=&#8221;#6087b9&#8243; grandient_color_to=&#8221;#557bab&#8221; grandient_color_fallback=&#8221;#6087b9&#8243; url=&#8221; https:\/\/elspeedo.cz\/pl\/kursy-paralotniarstwa\/wyczynowe-latanie-latanie-xc\/trening-xc\/&#8221; align=&#8221;center&#8221; margin_right=&#8221;0&#8243;]Szczeg\u00f3\u0142owe informacje[\/mk_button_gradient][\/vc_column][vc_column width=&#8221;1\/3&#8243; css=&#8221;.vc_custom_1480789384104{margin-right: 0px !important;margin-left: 0px !important;border-right-width: 0px !important;border-left-width: 0px !important;padding-right: 20px !important;padding-left: 20px !important;}&#8221;][vc_single_image image=&#8221;14274&#8243; img_size=&#8221;full&#8221; alignment=&#8221;center&#8221; style=&#8221;vc_box_rounded&#8221; onclick=&#8221;custom_link&#8221; link=&#8221;https:\/\/elspeedo.cz\/pl\/kursy-paralotniarstwa\/wyczynowe-latanie-latanie-xc\/ekspedycje-el-speedo\/&#8221;][vc_column_text disable_pattern=&#8221;false&#8221; align=&#8221;center&#8221;]\n<h4>EKSPEDYCJE<\/h4>\n[\/vc_column_text][mk_padding_divider size=&#8221;20&#8243;][vc_column_text disable_pattern=&#8221;false&#8221; align=&#8221;center&#8221;]Wyprawy trwaj\u0105ce 3 tygodnie, podr\u00f3\u017cowanie i zwiedzanie a zarazem atrakcyjny program lotniczy. 50% czasu latamy, 50% czasu podr\u00f3\u017cujemy i poznajemy \u015bwiat z\u00a0powietrza. Przeznaczone dla kategorii PILOT 2-5.<\/p>\n<p><strong>Cena: 14900\u00a0CZK<\/strong>[\/vc_column_text][mk_padding_divider size=&#8221;10&#8243;][mk_button_gradient dimension=&#8221;flat&#8221; size=&#8221;large&#8221; corner_style=&#8221;rounded&#8221; grandient_color_from=&#8221;#6087b9&#8243; grandient_color_to=&#8221;#557bab&#8221; grandient_color_fallback=&#8221;#6087b9&#8243; url=&#8221;https:\/\/elspeedo.cz\/pl\/kursy-paralotniarstwa\/wyczynowe-latanie-latanie-xc\/ekspedycje-el-speedo\/&#8221; align=&#8221;center&#8221; margin_right=&#8221;0&#8243;]Szczeg\u00f3\u0142owe informacje[\/mk_button_gradient][\/vc_column][vc_column width=&#8221;1\/3&#8243; css=&#8221;.vc_custom_1480789401191{margin-right: 0px !important;margin-left: 0px !important;border-right-width: 0px !important;border-left-width: 0px !important;padding-right: 20px !important;padding-left: 20px !important;}&#8221;][vc_single_image image=&#8221;14277&#8243; img_size=&#8221;full&#8221; alignment=&#8221;center&#8221; style=&#8221;vc_box_rounded&#8221; onclick=&#8221;custom_link&#8221; link=&#8221;https:\/\/elspeedo.cz\/pl\/kursy-paralotniarstwa\/wyczynowe-latanie-latanie-xc\/el-speedo-xc-biwak\/&#8221;][vc_column_text disable_pattern=&#8221;false&#8221; align=&#8221;center&#8221;]\n<h4>XC Biwak<\/h4>\n[\/vc_column_text][mk_padding_divider size=&#8221;20&#8243;][vc_column_text disable_pattern=&#8221;false&#8221; align=&#8221;center&#8221;]Ekspedycja biwakowa w stylu XC, 18 dni w dotychczas lotniczo niezbadanych rejonach wysokog\u00f3rskich.\u00a0 Najwy\u017cszy poziom treningu przed samodzielnym lataniem w wysokich g\u00f3rach \u015bwiata. Dla kategorii PILOT 4-5.<\/p>\n<p><strong>Cena: 14900\u00a0CZK<\/strong>[\/vc_column_text][mk_padding_divider size=&#8221;10&#8243;][mk_button_gradient dimension=&#8221;flat&#8221; size=&#8221;large&#8221; corner_style=&#8221;rounded&#8221; grandient_color_from=&#8221;#6087b9&#8243; grandient_color_to=&#8221;#557bab&#8221; grandient_color_fallback=&#8221;#6087b9&#8243; url=&#8221;https:\/\/elspeedo.cz\/pl\/kursy-paralotniarstwa\/wyczynowe-latanie-latanie-xc\/el-speedo-xc-biwak\/&#8221; align=&#8221;center&#8221; margin_right=&#8221;0&#8243;]Szczeg\u00f3\u0142owe informacje[\/mk_button_gradient][\/vc_column][\/vc_row][vc_row fullwidth=&#8221;true&#8221; fullwidth_content=&#8221;false&#8221; css=&#8221;.vc_custom_1480933194112{padding-top: 50px !important;padding-bottom: 50px !important;background-color: #e7e7e7 !important;}&#8221;][vc_column][vc_column_text disable_pattern=&#8221;false&#8221; align=&#8221;center&#8221;]\n<p style=\"text-align: center;\">Dwuletni XC program<\/p>\n<h1 style=\"text-align: center;\">EAGLE<\/h1>\n[\/vc_column_text][vc_column_text disable_pattern=&#8221;false&#8221; align=&#8221;center&#8221;]\n<p style=\"text-align: center;\">Jak tylko pogoda w ci\u0105gu sezonu letniego w Beskidach pozwala, wyruszamy na przeloty tandemowe z\u00a0naszymi klientami \u2013 pasa\u017cerami XC. Do\u015bwiadczona grupa El Speedo XC tandem pilot\u00f3w jest zawsze gotowa udzieli\u0107 Ci rad i pom\u00f3c w zaplanowaniu r\u00f3\u017cnych beskidzkich tras. Wystarczy zg\u0142osi\u0107 si\u0119 do programu i \u015bledzi\u0107 profil Piloti.cz na facebooku. Tam dowiesz si\u0119, kiedy i dok\u0105d si\u0119 wybieramy z\u00a0naszymi pasa\u017cerami.<\/p>\n<p style=\"text-align: center;\"><strong>Ka\u017cdy Trening XC lub EKSPEDYCJA El Speedo obejmuje darmowy wpis do Programu EAGLE\u2026<\/strong><\/p>\n[\/vc_column_text][\/vc_column][\/vc_row]\n<\/div>","protected":false},"excerpt":{"rendered":"<p>[vc_row attached=&#8221;true&#8221; css=&#8221;.vc_custom_1492891628119{padding-top: 60px !important;padding-bottom: 0px !important;}&#8221;][vc_column width=&#8221;1\/3&#8243; css=&#8221;.vc_custom_1480789372717{margin-right: 0px !important;margin-left: 0px !important;border-right-width: 0px !important;border-left-width: 0px !important;padding-right: 20px !important;padding-left: 20px !important;}&#8221;][vc_single_image image=&#8221;14279&#8243; img_size=&#8221;full&#8221; alignment=&#8221;center&#8221; style=&#8221;vc_box_rounded&#8221; onclick=&#8221;custom_link&#8221; link=&#8221; https:\/\/elspeedo.cz\/pl\/kursy-paralotniarstwa\/wyczynowe-latanie-latanie-xc\/trening-xc\/&#8221;][vc_column_text disable_pattern=&#8221;false&#8221; align=&#8221;center&#8221;] Trening XC [\/vc_column_text][mk_padding_divider size=&#8221;20&#8243;][vc_column_text disable_pattern=&#8221;false&#8221; align=&#8221;center&#8221;]Kurs trwaj\u0105cy 5 dni, na sprawdzonych europejskich terenach do latania, pod nadzorem naszych najlepszych wyczynowych trener\u00f3w. Trening, kt\u00f3ry w\u0142\u0105czy ci\u0119 [&hellip;]<\/p>\n","protected":false},"author":4,"featured_media":0,"parent":15505,"menu_order":0,"comment_status":"closed","ping_status":"closed","template":"","meta":{"_tribe_blocks_recurrence_rules":"","_tribe_blocks_recurrence_exclusions":"","_tribe_blocks_recurrence_description":"","footnotes":""},"class_list":["post-27447","page","type-page","status-publish","hentry"],"yoast_head":"<!-- This site is optimized with the Yoast SEO plugin v27.0 - https:\/\/yoast.com\/product\/yoast-seo-wordpress\/ -->\n<title>Wyczynowe latanie, latanie XC &#8212; El Speedo<\/title>\n<meta name=\"description\" content=\"Latanie w g\u00f3rach, latanie XC, Trening XC - kurs trwaj\u0105cy 5 dni, na sprawdzonych europejskich terenach do latania, EKSPEDYCJE - wyprawy trwaj\u0105ce 3 tygodnie..\" \/>\n<meta name=\"robots\" content=\"index, follow, max-snippet:-1, max-image-preview:large, max-video-preview:-1\" \/>\n<link rel=\"canonical\" href=\"https:\/\/elspeedo.cz\/kurzy-paraglidingu\/poznavaci_paragliding\/\" \/>\n<meta property=\"og:locale\" content=\"pl_PL\" \/>\n<meta property=\"og:type\" content=\"article\" \/>\n<meta property=\"og:title\" content=\"Wyczynowe latanie, latanie XC &#8212; El Speedo\" \/>\n<meta property=\"og:description\" content=\"Latanie w g\u00f3rach, latanie XC, Trening XC - kurs trwaj\u0105cy 5 dni, na sprawdzonych europejskich terenach do latania, EKSPEDYCJE - wyprawy trwaj\u0105ce 3 tygodnie..\" \/>\n<meta property=\"og:url\" content=\"https:\/\/elspeedo.cz\/kurzy-paraglidingu\/poznavaci_paragliding\/\" \/>\n<meta property=\"og:site_name\" content=\"El Speedo\" \/>\n<meta property=\"article:publisher\" content=\"http:\/\/www.facebook.com\/paragliding.elspeedo.cz\/?fref=ts\" \/>\n<meta property=\"article:modified_time\" content=\"2021-11-17T13:11:44+00:00\" \/>\n<meta name=\"twitter:card\" content=\"summary_large_image\" \/>\n<meta name=\"twitter:label1\" content=\"Szacowany czas czytania\" \/>\n\t<meta name=\"twitter:data1\" content=\"3 minuty\" \/>\n<script type=\"application\/ld+json\" class=\"yoast-schema-graph\">{\"@context\":\"https:\/\/schema.org\",\"@graph\":[{\"@type\":\"WebPage\",\"@id\":\"https:\/\/elspeedo.cz\/kurzy-paraglidingu\/poznavaci_paragliding\/\",\"url\":\"https:\/\/elspeedo.cz\/kurzy-paraglidingu\/poznavaci_paragliding\/\",\"name\":\"Wyczynowe latanie, latanie XC &#8212; El Speedo\",\"isPartOf\":{\"@id\":\"https:\/\/elspeedo.cz\/#website\"},\"datePublished\":\"2017-02-01T13:50:47+00:00\",\"dateModified\":\"2021-11-17T13:11:44+00:00\",\"description\":\"Latanie w g\u00f3rach, latanie XC, Trening XC - kurs trwaj\u0105cy 5 dni, na sprawdzonych europejskich terenach do latania, EKSPEDYCJE - wyprawy trwaj\u0105ce 3 tygodnie..\",\"breadcrumb\":{\"@id\":\"https:\/\/elspeedo.cz\/kurzy-paraglidingu\/poznavaci_paragliding\/#breadcrumb\"},\"inLanguage\":\"pl-PL\",\"potentialAction\":[{\"@type\":\"ReadAction\",\"target\":[\"https:\/\/elspeedo.cz\/kurzy-paraglidingu\/poznavaci_paragliding\/\"]}]},{\"@type\":\"BreadcrumbList\",\"@id\":\"https:\/\/elspeedo.cz\/kurzy-paraglidingu\/poznavaci_paragliding\/#breadcrumb\",\"itemListElement\":[{\"@type\":\"ListItem\",\"position\":1,\"name\":\"Dom\u016f\",\"item\":\"https:\/\/elspeedo.cz\/pl\/\"},{\"@type\":\"ListItem\",\"position\":2,\"name\":\"Kursy Paralotniarstwa\",\"item\":\"https:\/\/elspeedo.cz\/pl\/kursy-paralotniarstwa\/\"},{\"@type\":\"ListItem\",\"position\":3,\"name\":\"Wyczynowe latanie, latanie XC\"}]},{\"@type\":\"WebSite\",\"@id\":\"https:\/\/elspeedo.cz\/#website\",\"url\":\"https:\/\/elspeedo.cz\/\",\"name\":\"El Speedo\",\"description\":\"Paragliding - kurzy, vybaven\u00ed, v\u00fdlety, komunita\",\"potentialAction\":[{\"@type\":\"SearchAction\",\"target\":{\"@type\":\"EntryPoint\",\"urlTemplate\":\"https:\/\/elspeedo.cz\/?s={search_term_string}\"},\"query-input\":{\"@type\":\"PropertyValueSpecification\",\"valueRequired\":true,\"valueName\":\"search_term_string\"}}],\"inLanguage\":\"pl-PL\"}]}<\/script>\n<!-- \/ Yoast SEO plugin. -->","yoast_head_json":{"title":"Wyczynowe latanie, latanie XC &#8212; El Speedo","description":"Latanie w g\u00f3rach, latanie XC, Trening XC - kurs trwaj\u0105cy 5 dni, na sprawdzonych europejskich terenach do latania, EKSPEDYCJE - wyprawy trwaj\u0105ce 3 tygodnie..","robots":{"index":"index","follow":"follow","max-snippet":"max-snippet:-1","max-image-preview":"max-image-preview:large","max-video-preview":"max-video-preview:-1"},"canonical":"https:\/\/elspeedo.cz\/kurzy-paraglidingu\/poznavaci_paragliding\/","og_locale":"pl_PL","og_type":"article","og_title":"Wyczynowe latanie, latanie XC &#8212; El Speedo","og_description":"Latanie w g\u00f3rach, latanie XC, Trening XC - kurs trwaj\u0105cy 5 dni, na sprawdzonych europejskich terenach do latania, EKSPEDYCJE - wyprawy trwaj\u0105ce 3 tygodnie..","og_url":"https:\/\/elspeedo.cz\/kurzy-paraglidingu\/poznavaci_paragliding\/","og_site_name":"El Speedo","article_publisher":"http:\/\/www.facebook.com\/paragliding.elspeedo.cz\/?fref=ts","article_modified_time":"2021-11-17T13:11:44+00:00","twitter_card":"summary_large_image","twitter_misc":{"Szacowany czas czytania":"3 minuty"},"schema":{"@context":"https:\/\/schema.org","@graph":[{"@type":"WebPage","@id":"https:\/\/elspeedo.cz\/kurzy-paraglidingu\/poznavaci_paragliding\/","url":"https:\/\/elspeedo.cz\/kurzy-paraglidingu\/poznavaci_paragliding\/","name":"Wyczynowe latanie, latanie XC &#8212; El Speedo","isPartOf":{"@id":"https:\/\/elspeedo.cz\/#website"},"datePublished":"2017-02-01T13:50:47+00:00","dateModified":"2021-11-17T13:11:44+00:00","description":"Latanie w g\u00f3rach, latanie XC, Trening XC - kurs trwaj\u0105cy 5 dni, na sprawdzonych europejskich terenach do latania, EKSPEDYCJE - wyprawy trwaj\u0105ce 3 tygodnie..","breadcrumb":{"@id":"https:\/\/elspeedo.cz\/kurzy-paraglidingu\/poznavaci_paragliding\/#breadcrumb"},"inLanguage":"pl-PL","potentialAction":[{"@type":"ReadAction","target":["https:\/\/elspeedo.cz\/kurzy-paraglidingu\/poznavaci_paragliding\/"]}]},{"@type":"BreadcrumbList","@id":"https:\/\/elspeedo.cz\/kurzy-paraglidingu\/poznavaci_paragliding\/#breadcrumb","itemListElement":[{"@type":"ListItem","position":1,"name":"Dom\u016f","item":"https:\/\/elspeedo.cz\/pl\/"},{"@type":"ListItem","position":2,"name":"Kursy Paralotniarstwa","item":"https:\/\/elspeedo.cz\/pl\/kursy-paralotniarstwa\/"},{"@type":"ListItem","position":3,"name":"Wyczynowe latanie, latanie XC"}]},{"@type":"WebSite","@id":"https:\/\/elspeedo.cz\/#website","url":"https:\/\/elspeedo.cz\/","name":"El Speedo","description":"Paragliding - kurzy, vybaven\u00ed, v\u00fdlety, komunita","potentialAction":[{"@type":"SearchAction","target":{"@type":"EntryPoint","urlTemplate":"https:\/\/elspeedo.cz\/?s={search_term_string}"},"query-input":{"@type":"PropertyValueSpecification","valueRequired":true,"valueName":"search_term_string"}}],"inLanguage":"pl-PL"}]}},"_links":{"self":[{"href":"https:\/\/elspeedo.cz\/pl\/wp-json\/wp\/v2\/pages\/27447","targetHints":{"allow":["GET"]}}],"collection":[{"href":"https:\/\/elspeedo.cz\/pl\/wp-json\/wp\/v2\/pages"}],"about":[{"href":"https:\/\/elspeedo.cz\/pl\/wp-json\/wp\/v2\/types\/page"}],"author":[{"embeddable":true,"href":"https:\/\/elspeedo.cz\/pl\/wp-json\/wp\/v2\/users\/4"}],"replies":[{"embeddable":true,"href":"https:\/\/elspeedo.cz\/pl\/wp-json\/wp\/v2\/comments?post=27447"}],"version-history":[{"count":1,"href":"https:\/\/elspeedo.cz\/pl\/wp-json\/wp\/v2\/pages\/27447\/revisions"}],"predecessor-version":[{"id":175368,"href":"https:\/\/elspeedo.cz\/pl\/wp-json\/wp\/v2\/pages\/27447\/revisions\/175368"}],"up":[{"embeddable":true,"href":"https:\/\/elspeedo.cz\/pl\/wp-json\/wp\/v2\/pages\/15505"}],"wp:attachment":[{"href":"https:\/\/elspeedo.cz\/pl\/wp-json\/wp\/v2\/media?parent=27447"}],"curies":[{"name":"wp","href":"https:\/\/api.w.org\/{rel}","templated":true}]}}