{"id":27448,"date":"2016-12-12T12:32:31","date_gmt":"2016-12-12T11:32:31","guid":{"rendered":"https:\/\/elspeedo.cz\/kurzy\/horske-xc-letani\/el-speedo-expedice\/"},"modified":"2017-04-26T16:07:10","modified_gmt":"2017-04-26T15:07:10","slug":"ekspedycje-el-speedo","status":"publish","type":"page","link":"https:\/\/elspeedo.cz\/pl\/kursy-paralotniarstwa\/wyczynowe-latanie-latanie-xc\/ekspedycje-el-speedo\/","title":{"rendered":"EKSPEDYCJE El Speedo"},"content":{"rendered":"[mk_page_section bg_color=&#8221;#f4f4f4&#8243; video_loop=&#8221;false&#8221; padding_top=&#8221;0&#8243; padding_bottom=&#8221;0&#8243; sidebar=&#8221;sidebar-1&#8243;][vc_column width=&#8221;1\/2&#8243; css=&#8221;.vc_custom_1492890908242{padding-top: 40px !important;}&#8221;][vc_column_text align=&#8221;center&#8221;]\n<h2 style=\"text-align: center\">Ameryka Po\u0142udniowa i \u015arodkowa, Azja, Nowa Zelandia<\/h2>\n<p style=\"text-align: center\">Podr\u00f3\u017cowanie i latanie id\u0105 w parze, doskonale si\u0119 uzupe\u0142niaj\u0105. Zwiedzanie ciekawych miejsc a p\u00f3\u017aniej przelatywanie nad nimi w pr\u0105dach termiki \u2013 co\u015b niesamowitego, idealne dla \u0142owc\u00f3w przyg\u00f3d, pobudzaj\u0105ce, osza\u0142amiaj\u0105ce. Tacy jeste\u015bmy i chcemy si\u0119 z\u00a0Tob\u0105 dzieli\u0107 wsp\u00f3lnymi prze\u017cyciami.<\/p>\n[\/vc_column_text][\/vc_column][vc_column width=&#8221;1\/2&#8243; css=&#8221;.vc_custom_1492890838217{padding-top: 30px !important;}&#8221;][vc_single_image image=&#8221;37809&#8243; img_size=&#8221;full&#8221; alignment=&#8221;center&#8221; style=&#8221;vc_box_rounded&#8221;][\/vc_column][\/mk_page_section][mk_page_section video_loop=&#8221;false&#8221; padding_top=&#8221;60&#8243; padding_bottom=&#8221;60&#8243; sidebar=&#8221;sidebar-1&#8243;][vc_column][vc_column_text]\n<h2 style=\"text-align: center\">Terminy i rezerwacje<\/h2>\n[\/vc_column_text][mk_padding_divider size=&#8221;30&#8243;][vc_column_text]\t<p>There are no upcoming events at this time.<\/p>\n[\/vc_column_text][\/vc_column][\/mk_page_section][mk_page_section bg_color=&#8221;#e7e7e7&#8243; video_loop=&#8221;false&#8221; padding_top=&#8221;0&#8243; padding_bottom=&#8221;0&#8243; top_shape_color=&#8221;#ffffff&#8221; bottom_shape_color=&#8221;#ffffff&#8221; sidebar=&#8221;sidebar-1&#8243;][vc_column width=&#8221;2\/3&#8243; css=&#8221;.vc_custom_1493026038356{padding-top: 60px !important;}&#8221;][vc_column_text disable_pattern=&#8221;false&#8221;]Nietrudno si\u0119 domy\u015ble\u0107, i\u017c chodzi o imprezy o ekskluzywnym i nietypowym programie, uzupe\u0142nionym licznymi nieoczekiwanymi sytuacjami. Wed\u0142ug wcze\u015bniej uzgodnionych cel\u00f3w wymagamy konkretnych zdolno\u015bci lotniczych i wsp\u00f3\u0142pracy grupowej. Jeste\u015bmy gotowi pokaza\u0107 Ci wiele nowo\u015bci, zarazem jednak musimy dba\u0107 o Twoje bezpiecze\u0144stwo.<\/p>\n<p><strong>Warunki uczestnictwa:<\/strong><\/p>\n<ul>\n<li>Wa\u017cna licencja pilota,<\/li>\n<li>Wa\u017cne ubezpieczenie turystyczne,<\/li>\n<li>Wa\u017cne ubezpieczenie akcji ratunkowej,<\/li>\n<li>Umiej\u0119tno\u015b\u0107 pracy z\u00a0GPS.<\/li>\n<\/ul>\n<p><strong>Wymagania fizyczne:<\/strong><\/p>\n<ul>\n<li>\u015brednie \u2013 wy\u017csze<\/li>\n<\/ul>\n<p><strong>Zalecany nalot pilota:<\/strong><\/p>\n<ul>\n<li>r\u00f3\u017cny, wed\u0142ug wymaga\u0144 konkretnego miejsca,<\/li>\n<li>kategorie El Speedo PILOT 2-5,<\/li>\n<li>pilot zdolny samodzielnie, precyzyjnie odstartowa\u0107, oraz samodzielnie wyl\u0105dowa\u0107 na wcze\u015bniej ustalonym miejscu, opanowane loty termiczne.<\/li>\n<\/ul>\n<p><strong>\u00a0<\/strong><strong>Cele naszych EKSPEDYCJI:<\/strong><\/p>\n<p>KKa\u017cda impreza ma sw\u00f3j cel. Od pierwszych lot\u00f3w, w miejsca do tej pory nieodkryte, przez piesze wyj\u015bcia na najwy\u017csze wierzcho\u0142ki, przejazdy w na quadach stylu \u201edakar\u201c, a\u017c po XC przeloty nad g\u00f3rami i r\u00f3wninami. Poznanie lokalnych kultur i bogactw przyrodniczych ma w EKSPEDYCJACH El Speedo r\u00f3wnie\u017c swoje sta\u0142e miejsce.<\/p>\n<p>Program EKSPEDYCJI jest zatem dostosowany do wcze\u015bniej wytyczonych cel\u00f3w, kt\u00f3rych osi\u0105gni\u0119cie jest zawsze na drugim miejscu, zaraz po zapewnieniu twojego bezpiecze\u0144stwa.<\/p>\n<p><strong>\u00a0<\/strong><strong>Czas trwania El Speedo EKSPEDYCJI<\/strong>:<\/p>\n<p>3 tygodnie, +\/- 2 dni wg. miejscowo\u015bci.<\/p>\n<p><strong>Gdzie wyruszamy:<\/strong><\/p>\n<ul>\n<li>Nowa Zelandia,<\/li>\n<li>Argentyna,<\/li>\n<li>Kirgistan,<\/li>\n<li>Kolumbia,<\/li>\n<li>Nepal,<\/li>\n<li>Chile,<\/li>\n<li>Kostaryka,<\/li>\n<li>i co roku wymy\u015blamy co\u015b nowego\u2026<\/li>\n<\/ul>\n<p><strong>Zabezpieczenie personalne (wg. miejsca i cel\u00f3w imprezy):<\/strong><\/p>\n<ul>\n<li>instruktorzy wyczynowego XC latania,<\/li>\n<li>asystent techniczny (transport, sprz\u0119t, itp.).<\/li>\n<\/ul>\n<p><strong>\u00a0<\/strong><strong>Cena: <\/strong>14900\u00a0CZK<\/p>\n<ul>\n<li>nasi absolwenci zyskuj\u0105 zni\u017ck\u0119 od 10% do 50%. Wi\u0119cej informacji znajdziesz w karcie \u201eProgram absolwencki\u201c.<\/li>\n<\/ul>\n<p><strong>W cenie ekspedycji:<\/strong><\/p>\n<ul>\n<li>pomoc w organizacji wsp\u00f3lnego transportu i zakwaterowania,<\/li>\n<li>mapy termiczne teren\u00f3w lotniczych,<\/li>\n<li>wypo\u017cyczenie radia,<\/li>\n<li>us\u0142ugi serwisowe podczas napraw czy dopasowywaniu sprz\u0119tu,<\/li>\n<li>asysta i pomoc podczas latania,<\/li>\n<li>zawsze co\u015b dla \u0142owc\u00f3w przyg\u00f3d \u2013 info zawsze tu\u017c przed imprez\u0105,<\/li>\n<li>przedmioty upominkowe El Speedo,<\/li>\n<li>fotografie z przebiegu\u00a0ekspedycji,<\/li>\n<li>i oczywi\u015bcie grill :o).<\/li>\n<\/ul>\n<p><strong>Mo\u017cesz od nas po\u017cyczy\u0107:<\/strong><\/p>\n<ul>\n<li>namioty i \u015bpiwory Hannah,<\/li>\n<li>komplet sprz\u0119tu lotniczego w\u0142\u0105cznie kasku (patrz El Speedo Test Centrum),<\/li>\n<li>vario i GPS urz\u0105dzenia.<\/li>\n<\/ul>\n[\/vc_column_text][\/vc_column][vc_column width=&#8221;1\/3&#8243; css=&#8221;.vc_custom_1492890861720{padding-top: 40px !important;}&#8221;][vc_media_grid style=&#8221;load-more&#8221; items_per_page=&#8221;18&#8243; element_width=&#8221;6&#8243; btn_title=&#8221;Wi\u0119cej&#8221; btn_add_icon=&#8221;true&#8221; btn_custom_onclick=&#8221;true&#8221; grid_id=&#8221;vc_gid:1493218634469-954f6e18-05ad-7&#8243; include=&#8221;16873,16874,16875,16876,16877,16878,16879,16880,16881,16882,16883,16884,16885,16886,16887,16888,16889,16890,16891,16892,16893,16894,16895,16896,16897,16898,16899,16900,16901,16902,16903,16904,16905,16906,16907,16908,16909,16910,16911,16912,16913,16914,16915,16916,16917,16918,16919,16920,16921,16922,16924,16925,16926,16927,16928,16929,16930,16931,16932,16933,16934,16935,16936,16937,16938,16939,16940,16941,16942,16943,16944,16945,16946,16947,16948,16949,16950,16951,16952,16953,16954,16957,16958,16959,16960,16961,16962,16963,16964,16965&#8243;][\/vc_column][\/mk_page_section][mk_page_section bg_color=&#8221;#272727&#8243; bg_position=&#8221;center center&#8221; video_loop=&#8221;false&#8221; js_vertical_centered=&#8221;true&#8221; padding_top=&#8221;60&#8243; padding_bottom=&#8221;060&#8243; el_class=&#8221;sc-dark&#8221; sidebar=&#8221;sidebar-1&#8243;][vc_column][mk_fancy_title color=&#8221;#ffffff&#8221; size=&#8221;52&#8243; force_font_size=&#8221;true&#8221; size_phone=&#8221;32&#8243; font_family=&#8221;none&#8221; align=&#8221;center&#8221;]\n<p style=\"text-align: center\">Program absolwencki<\/p>\n[\/mk_fancy_title][vc_column_text disable_pattern=&#8221;false&#8221; align=&#8221;center&#8221;]\n<p style=\"text-align: center\">Zdolno\u015bci pilota klasyfikujemy do 5 podstawowych poziom\u00f3w. Wed\u0142ug tych poziom\u00f3w mo\u017cna wybiera\u0107 konkretne kursy. Celem jest osi\u0105gni\u0119cie podobnego poziomu umiej\u0119tno\u015bci uczestnik\u00f3w kursu i jak najbardziej efektowny proces nauki. W dodatku im wi\u0119cej umiesz, tym mniej p\u0142acisz \u2026<\/p>\n[\/vc_column_text][mk_button dimension=&#8221;outline&#8221; corner_style=&#8221;rounded&#8221; size=&#8221;large&#8221; url=&#8221;https:\/\/elspeedo.cz\/pl\/kursy\/program-absolwencki\/&#8221; align=&#8221;center&#8221; margin_right=&#8221;0&#8243; el_class=&#8221;basic-button&#8221; outline_skin=&#8221;light&#8221;]Wi\u0119cej o programie\u2026<br \/>\n[\/mk_button][\/vc_column][\/mk_page_section]\n","protected":false},"excerpt":{"rendered":"<p>[mk_page_section bg_color=&#8221;#f4f4f4&#8243; video_loop=&#8221;false&#8221; padding_top=&#8221;0&#8243; padding_bottom=&#8221;0&#8243; sidebar=&#8221;sidebar-1&#8243;][vc_column width=&#8221;1\/2&#8243; css=&#8221;.vc_custom_1492890908242{padding-top: 40px !important;}&#8221;][vc_column_text align=&#8221;center&#8221;] Ameryka Po\u0142udniowa i \u015arodkowa, Azja, Nowa Zelandia Podr\u00f3\u017cowanie i latanie id\u0105 w parze, doskonale si\u0119 uzupe\u0142niaj\u0105. Zwiedzanie ciekawych miejsc a p\u00f3\u017aniej przelatywanie nad nimi w pr\u0105dach termiki \u2013 co\u015b niesamowitego, idealne dla \u0142owc\u00f3w przyg\u00f3d, pobudzaj\u0105ce, osza\u0142amiaj\u0105ce. Tacy jeste\u015bmy i chcemy si\u0119 z\u00a0Tob\u0105 dzieli\u0107 wsp\u00f3lnymi [&hellip;]<\/p>\n","protected":false},"author":7,"featured_media":0,"parent":27447,"menu_order":0,"comment_status":"closed","ping_status":"closed","template":"","meta":{"_tribe_blocks_recurrence_rules":"","_tribe_blocks_recurrence_exclusions":"","_tribe_blocks_recurrence_description":"","footnotes":""},"class_list":["post-27448","page","type-page","status-publish","hentry"],"yoast_head":"<!-- This site is optimized with the Yoast SEO plugin v27.0 - https:\/\/yoast.com\/product\/yoast-seo-wordpress\/ -->\n<title>EKSPEDYCJE El Speedo &#8212; El Speedo<\/title>\n<meta name=\"description\" content=\"Podr\u00f3\u017cowanie, zwiedzanie ciekawych miejsc i przelatywanie nad nimi w termice \u2013 co\u015b niesamowitego, pobudzaj\u0105cego, osza\u0142amiaj\u0105cego - ekspedycje El Speedo.\" \/>\n<meta name=\"robots\" content=\"index, follow, max-snippet:-1, max-image-preview:large, max-video-preview:-1\" \/>\n<link rel=\"canonical\" href=\"https:\/\/elspeedo.cz\/kurzy-paraglidingu\/poznavaci_paragliding\/el-speedo-expedice\/\" \/>\n<meta property=\"og:locale\" content=\"pl_PL\" \/>\n<meta property=\"og:type\" content=\"article\" \/>\n<meta property=\"og:title\" content=\"EKSPEDYCJE El Speedo &#8212; El Speedo\" \/>\n<meta property=\"og:description\" content=\"Podr\u00f3\u017cowanie, zwiedzanie ciekawych miejsc i przelatywanie nad nimi w termice \u2013 co\u015b niesamowitego, pobudzaj\u0105cego, osza\u0142amiaj\u0105cego - ekspedycje El Speedo.\" \/>\n<meta property=\"og:url\" content=\"https:\/\/elspeedo.cz\/kurzy-paraglidingu\/poznavaci_paragliding\/el-speedo-expedice\/\" \/>\n<meta property=\"og:site_name\" content=\"El Speedo\" \/>\n<meta property=\"article:publisher\" content=\"http:\/\/www.facebook.com\/paragliding.elspeedo.cz\/?fref=ts\" \/>\n<meta property=\"article:modified_time\" content=\"2017-04-26T15:07:10+00:00\" \/>\n<meta name=\"twitter:card\" content=\"summary_large_image\" \/>\n<meta name=\"twitter:label1\" content=\"Szacowany czas czytania\" \/>\n\t<meta name=\"twitter:data1\" content=\"4 minuty\" \/>\n<script type=\"application\/ld+json\" class=\"yoast-schema-graph\">{\"@context\":\"https:\/\/schema.org\",\"@graph\":[{\"@type\":\"WebPage\",\"@id\":\"https:\/\/elspeedo.cz\/kurzy-paraglidingu\/poznavaci_paragliding\/el-speedo-expedice\/\",\"url\":\"https:\/\/elspeedo.cz\/kurzy-paraglidingu\/poznavaci_paragliding\/el-speedo-expedice\/\",\"name\":\"EKSPEDYCJE El Speedo &#8212; El Speedo\",\"isPartOf\":{\"@id\":\"https:\/\/elspeedo.cz\/#website\"},\"datePublished\":\"2016-12-12T11:32:31+00:00\",\"dateModified\":\"2017-04-26T15:07:10+00:00\",\"description\":\"Podr\u00f3\u017cowanie, zwiedzanie ciekawych miejsc i przelatywanie nad nimi w termice \u2013 co\u015b niesamowitego, pobudzaj\u0105cego, osza\u0142amiaj\u0105cego - ekspedycje El Speedo.\",\"breadcrumb\":{\"@id\":\"https:\/\/elspeedo.cz\/kurzy-paraglidingu\/poznavaci_paragliding\/el-speedo-expedice\/#breadcrumb\"},\"inLanguage\":\"pl-PL\",\"potentialAction\":[{\"@type\":\"ReadAction\",\"target\":[\"https:\/\/elspeedo.cz\/kurzy-paraglidingu\/poznavaci_paragliding\/el-speedo-expedice\/\"]}]},{\"@type\":\"BreadcrumbList\",\"@id\":\"https:\/\/elspeedo.cz\/kurzy-paraglidingu\/poznavaci_paragliding\/el-speedo-expedice\/#breadcrumb\",\"itemListElement\":[{\"@type\":\"ListItem\",\"position\":1,\"name\":\"Dom\u016f\",\"item\":\"https:\/\/elspeedo.cz\/pl\/\"},{\"@type\":\"ListItem\",\"position\":2,\"name\":\"Kursy Paralotniarstwa\",\"item\":\"https:\/\/elspeedo.cz\/pl\/kursy-paralotniarstwa\/\"},{\"@type\":\"ListItem\",\"position\":3,\"name\":\"Wyczynowe latanie, latanie XC\",\"item\":\"https:\/\/elspeedo.cz\/kurzy-paraglidingu\/poznavaci_paragliding\/\"},{\"@type\":\"ListItem\",\"position\":4,\"name\":\"EKSPEDYCJE El Speedo\"}]},{\"@type\":\"WebSite\",\"@id\":\"https:\/\/elspeedo.cz\/#website\",\"url\":\"https:\/\/elspeedo.cz\/\",\"name\":\"El Speedo\",\"description\":\"Paragliding - kurzy, vybaven\u00ed, v\u00fdlety, komunita\",\"potentialAction\":[{\"@type\":\"SearchAction\",\"target\":{\"@type\":\"EntryPoint\",\"urlTemplate\":\"https:\/\/elspeedo.cz\/?s={search_term_string}\"},\"query-input\":{\"@type\":\"PropertyValueSpecification\",\"valueRequired\":true,\"valueName\":\"search_term_string\"}}],\"inLanguage\":\"pl-PL\"}]}<\/script>\n<!-- \/ Yoast SEO plugin. -->","yoast_head_json":{"title":"EKSPEDYCJE El Speedo &#8212; El Speedo","description":"Podr\u00f3\u017cowanie, zwiedzanie ciekawych miejsc i przelatywanie nad nimi w termice \u2013 co\u015b niesamowitego, pobudzaj\u0105cego, osza\u0142amiaj\u0105cego - ekspedycje El Speedo.","robots":{"index":"index","follow":"follow","max-snippet":"max-snippet:-1","max-image-preview":"max-image-preview:large","max-video-preview":"max-video-preview:-1"},"canonical":"https:\/\/elspeedo.cz\/kurzy-paraglidingu\/poznavaci_paragliding\/el-speedo-expedice\/","og_locale":"pl_PL","og_type":"article","og_title":"EKSPEDYCJE El Speedo &#8212; El Speedo","og_description":"Podr\u00f3\u017cowanie, zwiedzanie ciekawych miejsc i przelatywanie nad nimi w termice \u2013 co\u015b niesamowitego, pobudzaj\u0105cego, osza\u0142amiaj\u0105cego - ekspedycje El Speedo.","og_url":"https:\/\/elspeedo.cz\/kurzy-paraglidingu\/poznavaci_paragliding\/el-speedo-expedice\/","og_site_name":"El Speedo","article_publisher":"http:\/\/www.facebook.com\/paragliding.elspeedo.cz\/?fref=ts","article_modified_time":"2017-04-26T15:07:10+00:00","twitter_card":"summary_large_image","twitter_misc":{"Szacowany czas czytania":"4 minuty"},"schema":{"@context":"https:\/\/schema.org","@graph":[{"@type":"WebPage","@id":"https:\/\/elspeedo.cz\/kurzy-paraglidingu\/poznavaci_paragliding\/el-speedo-expedice\/","url":"https:\/\/elspeedo.cz\/kurzy-paraglidingu\/poznavaci_paragliding\/el-speedo-expedice\/","name":"EKSPEDYCJE El Speedo &#8212; El Speedo","isPartOf":{"@id":"https:\/\/elspeedo.cz\/#website"},"datePublished":"2016-12-12T11:32:31+00:00","dateModified":"2017-04-26T15:07:10+00:00","description":"Podr\u00f3\u017cowanie, zwiedzanie ciekawych miejsc i przelatywanie nad nimi w termice \u2013 co\u015b niesamowitego, pobudzaj\u0105cego, osza\u0142amiaj\u0105cego - ekspedycje El Speedo.","breadcrumb":{"@id":"https:\/\/elspeedo.cz\/kurzy-paraglidingu\/poznavaci_paragliding\/el-speedo-expedice\/#breadcrumb"},"inLanguage":"pl-PL","potentialAction":[{"@type":"ReadAction","target":["https:\/\/elspeedo.cz\/kurzy-paraglidingu\/poznavaci_paragliding\/el-speedo-expedice\/"]}]},{"@type":"BreadcrumbList","@id":"https:\/\/elspeedo.cz\/kurzy-paraglidingu\/poznavaci_paragliding\/el-speedo-expedice\/#breadcrumb","itemListElement":[{"@type":"ListItem","position":1,"name":"Dom\u016f","item":"https:\/\/elspeedo.cz\/pl\/"},{"@type":"ListItem","position":2,"name":"Kursy Paralotniarstwa","item":"https:\/\/elspeedo.cz\/pl\/kursy-paralotniarstwa\/"},{"@type":"ListItem","position":3,"name":"Wyczynowe latanie, latanie XC","item":"https:\/\/elspeedo.cz\/kurzy-paraglidingu\/poznavaci_paragliding\/"},{"@type":"ListItem","position":4,"name":"EKSPEDYCJE El Speedo"}]},{"@type":"WebSite","@id":"https:\/\/elspeedo.cz\/#website","url":"https:\/\/elspeedo.cz\/","name":"El Speedo","description":"Paragliding - kurzy, vybaven\u00ed, v\u00fdlety, komunita","potentialAction":[{"@type":"SearchAction","target":{"@type":"EntryPoint","urlTemplate":"https:\/\/elspeedo.cz\/?s={search_term_string}"},"query-input":{"@type":"PropertyValueSpecification","valueRequired":true,"valueName":"search_term_string"}}],"inLanguage":"pl-PL"}]}},"_links":{"self":[{"href":"https:\/\/elspeedo.cz\/pl\/wp-json\/wp\/v2\/pages\/27448","targetHints":{"allow":["GET"]}}],"collection":[{"href":"https:\/\/elspeedo.cz\/pl\/wp-json\/wp\/v2\/pages"}],"about":[{"href":"https:\/\/elspeedo.cz\/pl\/wp-json\/wp\/v2\/types\/page"}],"author":[{"embeddable":true,"href":"https:\/\/elspeedo.cz\/pl\/wp-json\/wp\/v2\/users\/7"}],"replies":[{"embeddable":true,"href":"https:\/\/elspeedo.cz\/pl\/wp-json\/wp\/v2\/comments?post=27448"}],"version-history":[{"count":0,"href":"https:\/\/elspeedo.cz\/pl\/wp-json\/wp\/v2\/pages\/27448\/revisions"}],"up":[{"embeddable":true,"href":"https:\/\/elspeedo.cz\/pl\/wp-json\/wp\/v2\/pages\/27447"}],"wp:attachment":[{"href":"https:\/\/elspeedo.cz\/pl\/wp-json\/wp\/v2\/media?parent=27448"}],"curies":[{"name":"wp","href":"https:\/\/api.w.org\/{rel}","templated":true}]}}