{"id":27449,"date":"2017-02-01T14:51:08","date_gmt":"2017-02-01T13:51:08","guid":{"rendered":"https:\/\/elspeedo.cz\/kurzy\/horske-xc-letani\/xc-bivaky\/"},"modified":"2017-04-26T16:15:28","modified_gmt":"2017-04-26T15:15:28","slug":"el-speedo-xc-biwak","status":"publish","type":"page","link":"https:\/\/elspeedo.cz\/pl\/kursy-paralotniarstwa\/wyczynowe-latanie-latanie-xc\/el-speedo-xc-biwak\/","title":{"rendered":"El Speedo XC BIWAK"},"content":{"rendered":"[mk_page_section bg_color=&#8221;#f4f4f4&#8243; video_loop=&#8221;false&#8221; padding_top=&#8221;0&#8243; padding_bottom=&#8221;0&#8243; sidebar=&#8221;sidebar-1&#8243;][vc_column width=&#8221;1\/2&#8243; css=&#8221;.vc_custom_1492890978234{padding-top: 40px !important;}&#8221;][vc_column_text align=&#8221;center&#8221;]\n<h2 style=\"text-align: center\">Himalaje, Pamir, Tienszan, Andy<\/h2>\n<p style=\"text-align: center\">Ju\u017c d\u0142ugie lata uczestniczymy w trudnych ekspedycjach paralotniarskich w najwy\u017cszych g\u00f3rach \u015bwiata. A to w\u0142a\u015bnie s\u0105 miejsca, w kt\u00f3rych uczymy si\u0119 poznawa\u0107 wysokog\u00f3rskie \u015brodowisko i sami siebie. Ekspedycje biwakowe s\u0105 topem naszych wyobra\u017ce\u0144 o naprawd\u0119 swobodnym lataniu i poruszaniu si\u0119 w g\u00f3rach.<\/p>\n[\/vc_column_text][\/vc_column][vc_column width=&#8221;1\/2&#8243; css=&#8221;.vc_custom_1492891081610{padding-top: 30px !important;}&#8221;][vc_single_image image=&#8221;37835&#8243; img_size=&#8221;full&#8221; alignment=&#8221;center&#8221; style=&#8221;vc_box_rounded&#8221;][\/vc_column][\/mk_page_section][mk_page_section video_loop=&#8221;false&#8221; padding_top=&#8221;60&#8243; padding_bottom=&#8221;60&#8243; sidebar=&#8221;sidebar-1&#8243;][vc_column][vc_column_text]\n<h2 style=\"text-align: center\">Terminy i rezerwacje<\/h2>\n[\/vc_column_text][mk_padding_divider size=&#8221;30&#8243;][vc_column_text]\t<p>There are no upcoming events at this time.<\/p>\n[\/vc_column_text][\/vc_column][\/mk_page_section][mk_page_section bg_color=&#8221;#e7e7e7&#8243; bg_stretch=&#8221;true&#8221; video_loop=&#8221;false&#8221; padding_top=&#8221;0&#8243; padding_bottom=&#8221;0&#8243; sidebar=&#8221;sidebar-1&#8243;][vc_column width=&#8221;2\/3&#8243; css=&#8221;.vc_custom_1493025738643{padding-top: 60px !important;background-color: #e7e7e7 !important;}&#8221;][vc_column_text disable_pattern=&#8221;false&#8221;]Ch\u0119tnie dzielimy si\u0119 swoimi do\u015bwiadczeniami, i w\u0142a\u015bnie dlatego oferujemy Ci nasze XC Biwaki, podczas kt\u00f3rych w r\u00f3\u017cnych formach i na r\u00f3\u017cnych poziomach trudno\u015bci mo\u017cesz wypr\u00f3bowa\u0107 swobodne latanie w g\u00f3rach ca\u0142ego \u015bwiata. Na dodatek \u2013 g\u00f3ry Kirgistanu s\u0105 zbyt poci\u0105gaj\u0105ce i maj\u0105 zbyt wielki potencja\u0142 przelotowy, aby nie wraca\u0107 do nich jak tylko jest to mo\u017cliwe.<\/p>\n<p>Podczas naszych El Speedo XC Biwak\u00f3w na pewno nie chodzi o pokonywanie morderczych tras w g\u00f3rskim \u015brodowisku. Bezpiecze\u0144stwo jest zawsze na pierwszym miejscu, dlatego nie podejmujemy ryzykownych decyzji i nie pr\u00f3bujemy rzeczy b\u0119d\u0105cych poza granicami naszych mo\u017cliwo\u015bci. Odwrotnie!\u00a0Wszystko dla przyjemno\u015bci!<\/p>\n<p>W estetycznie ciekawych miejscach razem wg\u0142\u0119biamy si\u0119 w tajemnice latania w niezbadanych terenach, skupiamy si\u0119 na taktycznym i psychicznym przygotowaniu do systematycznego osi\u0105gania poszczeg\u00f3lnych cel\u00f3w. I jak tylko termika zacznie dzia\u0142a\u0107, razem wyruszamy na uzgodnion\u0105 tras\u0119.<\/p>\n<p><strong>Warunki uczestnictwa:<\/strong><\/p>\n<ul>\n<li>wa\u017cna licencja pilota,<\/li>\n<li>wa\u017cne ubezpieczenie turystyczne,<\/li>\n<li>wa\u017cne ubezpieczenie akcji ratunkowej,<\/li>\n<li>umiej\u0119tno\u015b\u0107 pracy z\u00a0GPS.<\/li>\n<\/ul>\n<p><strong>Wymagania fizyczne: <\/strong><\/p>\n<ul>\n<li>wy\u017csze<\/li>\n<\/ul>\n<p><strong>\u00a0<\/strong><strong>Zalecany nalot pilota:<\/strong><\/p>\n<ul>\n<li>kategoria El Speedo PILOT 4 i 5<\/li>\n<li>pilot zdolny samodzielnie i precyzyjnie wystartowa\u0107, oraz samodzielnie wyl\u0105dowa\u0107 na wcze\u015bniej uzgodnionym miejscu,<\/li>\n<li>pilot ma opanowane latanie w termice i podstawy taktyki XC przelotu.<\/li>\n<\/ul>\n<p><strong>Czas trwania El Speedo XC BIWAKU<\/strong>:<\/p>\n<p>3 tygodnie, +\/- 2 dni wg. miejscowo\u015bci.<\/p>\n<p><strong>Gdzie wyruszamy<\/strong>:<\/p>\n<ul>\n<li>Kirgistan, Rumunia, &#8230;<\/li>\n<\/ul>\n<p><strong>Zabezpieczenie personalne (wg. miejsca i cel\u00f3w imprezy):<\/strong><\/p>\n<ul>\n<li>instruktorzy wyczynowego XC latania,<\/li>\n<li>asystent techniczny (transport, sprz\u0119t, itp.).<\/li>\n<\/ul>\n<p><strong>Cena: <\/strong>14900 CZK<\/p>\n<ul>\n<li>nasi absolwenci zyskuj\u0105 zni\u017ck\u0119 od 10% do 50%. Wi\u0119cej informacji znajdziesz w karcie \u201eProgram absolwencki\u201c.<\/li>\n<\/ul>\n<p><strong>W cenie ekspedycji:<\/strong><\/p>\n<ul>\n<li>pomoc w organizacji wsp\u00f3lnego transportu i zakwaterowania,<\/li>\n<li>mapy termiczne teren\u00f3w lotniczych,<\/li>\n<li>wypo\u017cyczenie radia,<\/li>\n<li>us\u0142ugi serwisowe podczas napraw czy dopasowywaniu sprz\u0119tu,<\/li>\n<li>asysta i pomoc podczas latania,<\/li>\n<li>przedmioty upominkowe El Speedo,<\/li>\n<li>fotografie z przebiegu\u00a0ekspedycji.<\/li>\n<\/ul>\n<p><strong>Mo\u017cesz od nas po\u017cyczy\u0107:<\/strong><\/p>\n<ul>\n<li>namioty i \u015bpiwory Hannah,<\/li>\n<li>komplet sprz\u0119tu lotniczego w\u0142\u0105cznie kasku (patrz El Speedo Test Centrum),<\/li>\n<li>vario i GPS urz\u0105dzenia.<\/li>\n<\/ul>\n[\/vc_column_text][\/vc_column][vc_column width=&#8221;1\/3&#8243; css=&#8221;.vc_custom_1493025743379{padding-top: 40px !important;}&#8221;][vc_media_grid style=&#8221;load-more&#8221; items_per_page=&#8221;18&#8243; element_width=&#8221;6&#8243; btn_title=&#8221;Wi\u0119cej&#8221; grid_id=&#8221;vc_gid:1493219324844-5d45bac3-7f63-6&#8243; include=&#8221;17131,17132,17133,17134,17135,17136,17137,17138,17139,17140,17141,17142,17143,17144,17145,17146,17147,17148,17149,17150,17151,17152,17153,17154,17155,17156,17157,17158,17159,17160,17161,17162,17163,17164,17165,17166,17167,17168,17169,17170,17171,17172,17173,17174,17175,17176,17178,17179,17180,17181,17182,17183,17184,17185,17186,17187,17188,17189,17190,17191&#8243;][\/vc_column][\/mk_page_section][mk_page_section bg_color=&#8221;#272727&#8243; bg_position=&#8221;center center&#8221; video_loop=&#8221;false&#8221; js_vertical_centered=&#8221;true&#8221; padding_top=&#8221;60&#8243; padding_bottom=&#8221;060&#8243; el_class=&#8221;sc-dark&#8221; sidebar=&#8221;sidebar-1&#8243;][vc_column][mk_fancy_title color=&#8221;#ffffff&#8221; size=&#8221;52&#8243; force_font_size=&#8221;true&#8221; size_phone=&#8221;32&#8243; font_family=&#8221;none&#8221; align=&#8221;center&#8221;]\n<p style=\"text-align: center\">Program absolwencki<\/p>\n[\/mk_fancy_title][vc_column_text disable_pattern=&#8221;false&#8221; align=&#8221;center&#8221;]\n<p style=\"text-align: center\">Zdolno\u015bci pilota klasyfikujemy do 5 podstawowych poziom\u00f3w. Wed\u0142ug tych poziom\u00f3w mo\u017cna wybiera\u0107 konkretne kursy. Celem jest osi\u0105gni\u0119cie podobnego poziomu umiej\u0119tno\u015bci uczestnik\u00f3w kursu i jak najbardziej efektowny proces nauki. W dodatku im wi\u0119cej umiesz, tym mniej p\u0142acisz \u2026<\/p>\n[\/vc_column_text][mk_button dimension=&#8221;outline&#8221; corner_style=&#8221;rounded&#8221; size=&#8221;large&#8221; url=&#8221;https:\/\/elspeedo.cz\/pl\/kursy\/program-absolwencki\/&#8221; align=&#8221;center&#8221; margin_right=&#8221;0&#8243; el_class=&#8221;basic-button&#8221; outline_skin=&#8221;light&#8221;]Wi\u0119cej o programie\u2026<br \/>\n[\/mk_button][\/vc_column][\/mk_page_section]\n","protected":false},"excerpt":{"rendered":"<p>[mk_page_section bg_color=&#8221;#f4f4f4&#8243; video_loop=&#8221;false&#8221; padding_top=&#8221;0&#8243; padding_bottom=&#8221;0&#8243; sidebar=&#8221;sidebar-1&#8243;][vc_column width=&#8221;1\/2&#8243; css=&#8221;.vc_custom_1492890978234{padding-top: 40px !important;}&#8221;][vc_column_text align=&#8221;center&#8221;] Himalaje, Pamir, Tienszan, Andy Ju\u017c d\u0142ugie lata uczestniczymy w trudnych ekspedycjach paralotniarskich w najwy\u017cszych g\u00f3rach \u015bwiata. A to w\u0142a\u015bnie s\u0105 miejsca, w kt\u00f3rych uczymy si\u0119 poznawa\u0107 wysokog\u00f3rskie \u015brodowisko i sami siebie. Ekspedycje biwakowe s\u0105 topem naszych wyobra\u017ce\u0144 o naprawd\u0119 swobodnym lataniu i poruszaniu si\u0119 [&hellip;]<\/p>\n","protected":false},"author":7,"featured_media":0,"parent":27447,"menu_order":0,"comment_status":"closed","ping_status":"closed","template":"","meta":{"_tribe_blocks_recurrence_rules":"","_tribe_blocks_recurrence_exclusions":"","_tribe_blocks_recurrence_description":"","footnotes":""},"class_list":["post-27449","page","type-page","status-publish","hentry"],"yoast_head":"<!-- This site is optimized with the Yoast SEO plugin v27.0 - https:\/\/yoast.com\/product\/yoast-seo-wordpress\/ -->\n<title>El Speedo XC BIWAK &#8212; El Speedo<\/title>\n<meta name=\"description\" content=\"Himalaje, Pamir, Tienszan, Andy. D\u0142ugie lata uczestniczymy w trudnych ekspedycjach paralotniarskich w najwy\u017cszych g\u00f3rach \u015bwiata. To w\u0142a\u015bnie nasz XC biwak...\" \/>\n<meta name=\"robots\" content=\"index, follow, max-snippet:-1, max-image-preview:large, max-video-preview:-1\" \/>\n<link rel=\"canonical\" href=\"https:\/\/elspeedo.cz\/kurzy-paraglidingu\/poznavaci_paragliding\/xc-bivaky\/\" \/>\n<meta property=\"og:locale\" content=\"pl_PL\" \/>\n<meta property=\"og:type\" content=\"article\" \/>\n<meta property=\"og:title\" content=\"El Speedo XC BIWAK &#8212; El Speedo\" \/>\n<meta property=\"og:description\" content=\"Himalaje, Pamir, Tienszan, Andy. D\u0142ugie lata uczestniczymy w trudnych ekspedycjach paralotniarskich w najwy\u017cszych g\u00f3rach \u015bwiata. To w\u0142a\u015bnie nasz XC biwak...\" \/>\n<meta property=\"og:url\" content=\"https:\/\/elspeedo.cz\/kurzy-paraglidingu\/poznavaci_paragliding\/xc-bivaky\/\" \/>\n<meta property=\"og:site_name\" content=\"El Speedo\" \/>\n<meta property=\"article:publisher\" content=\"http:\/\/www.facebook.com\/paragliding.elspeedo.cz\/?fref=ts\" \/>\n<meta property=\"article:modified_time\" content=\"2017-04-26T15:15:28+00:00\" \/>\n<meta name=\"twitter:card\" content=\"summary_large_image\" \/>\n<meta name=\"twitter:label1\" content=\"Szacowany czas czytania\" \/>\n\t<meta name=\"twitter:data1\" content=\"4 minuty\" \/>\n<script type=\"application\/ld+json\" class=\"yoast-schema-graph\">{\"@context\":\"https:\/\/schema.org\",\"@graph\":[{\"@type\":\"WebPage\",\"@id\":\"https:\/\/elspeedo.cz\/kurzy-paraglidingu\/poznavaci_paragliding\/xc-bivaky\/\",\"url\":\"https:\/\/elspeedo.cz\/kurzy-paraglidingu\/poznavaci_paragliding\/xc-bivaky\/\",\"name\":\"El Speedo XC BIWAK &#8212; El Speedo\",\"isPartOf\":{\"@id\":\"https:\/\/elspeedo.cz\/#website\"},\"datePublished\":\"2017-02-01T13:51:08+00:00\",\"dateModified\":\"2017-04-26T15:15:28+00:00\",\"description\":\"Himalaje, Pamir, Tienszan, Andy. D\u0142ugie lata uczestniczymy w trudnych ekspedycjach paralotniarskich w najwy\u017cszych g\u00f3rach \u015bwiata. To w\u0142a\u015bnie nasz XC biwak...\",\"breadcrumb\":{\"@id\":\"https:\/\/elspeedo.cz\/kurzy-paraglidingu\/poznavaci_paragliding\/xc-bivaky\/#breadcrumb\"},\"inLanguage\":\"pl-PL\",\"potentialAction\":[{\"@type\":\"ReadAction\",\"target\":[\"https:\/\/elspeedo.cz\/kurzy-paraglidingu\/poznavaci_paragliding\/xc-bivaky\/\"]}]},{\"@type\":\"BreadcrumbList\",\"@id\":\"https:\/\/elspeedo.cz\/kurzy-paraglidingu\/poznavaci_paragliding\/xc-bivaky\/#breadcrumb\",\"itemListElement\":[{\"@type\":\"ListItem\",\"position\":1,\"name\":\"Dom\u016f\",\"item\":\"https:\/\/elspeedo.cz\/pl\/\"},{\"@type\":\"ListItem\",\"position\":2,\"name\":\"Kursy Paralotniarstwa\",\"item\":\"https:\/\/elspeedo.cz\/pl\/kursy-paralotniarstwa\/\"},{\"@type\":\"ListItem\",\"position\":3,\"name\":\"Wyczynowe latanie, latanie XC\",\"item\":\"https:\/\/elspeedo.cz\/kurzy-paraglidingu\/poznavaci_paragliding\/\"},{\"@type\":\"ListItem\",\"position\":4,\"name\":\"El Speedo XC BIWAK\"}]},{\"@type\":\"WebSite\",\"@id\":\"https:\/\/elspeedo.cz\/#website\",\"url\":\"https:\/\/elspeedo.cz\/\",\"name\":\"El Speedo\",\"description\":\"Paragliding - kurzy, vybaven\u00ed, v\u00fdlety, komunita\",\"potentialAction\":[{\"@type\":\"SearchAction\",\"target\":{\"@type\":\"EntryPoint\",\"urlTemplate\":\"https:\/\/elspeedo.cz\/?s={search_term_string}\"},\"query-input\":{\"@type\":\"PropertyValueSpecification\",\"valueRequired\":true,\"valueName\":\"search_term_string\"}}],\"inLanguage\":\"pl-PL\"}]}<\/script>\n<!-- \/ Yoast SEO plugin. -->","yoast_head_json":{"title":"El Speedo XC BIWAK &#8212; El Speedo","description":"Himalaje, Pamir, Tienszan, Andy. D\u0142ugie lata uczestniczymy w trudnych ekspedycjach paralotniarskich w najwy\u017cszych g\u00f3rach \u015bwiata. To w\u0142a\u015bnie nasz XC biwak...","robots":{"index":"index","follow":"follow","max-snippet":"max-snippet:-1","max-image-preview":"max-image-preview:large","max-video-preview":"max-video-preview:-1"},"canonical":"https:\/\/elspeedo.cz\/kurzy-paraglidingu\/poznavaci_paragliding\/xc-bivaky\/","og_locale":"pl_PL","og_type":"article","og_title":"El Speedo XC BIWAK &#8212; El Speedo","og_description":"Himalaje, Pamir, Tienszan, Andy. D\u0142ugie lata uczestniczymy w trudnych ekspedycjach paralotniarskich w najwy\u017cszych g\u00f3rach \u015bwiata. To w\u0142a\u015bnie nasz XC biwak...","og_url":"https:\/\/elspeedo.cz\/kurzy-paraglidingu\/poznavaci_paragliding\/xc-bivaky\/","og_site_name":"El Speedo","article_publisher":"http:\/\/www.facebook.com\/paragliding.elspeedo.cz\/?fref=ts","article_modified_time":"2017-04-26T15:15:28+00:00","twitter_card":"summary_large_image","twitter_misc":{"Szacowany czas czytania":"4 minuty"},"schema":{"@context":"https:\/\/schema.org","@graph":[{"@type":"WebPage","@id":"https:\/\/elspeedo.cz\/kurzy-paraglidingu\/poznavaci_paragliding\/xc-bivaky\/","url":"https:\/\/elspeedo.cz\/kurzy-paraglidingu\/poznavaci_paragliding\/xc-bivaky\/","name":"El Speedo XC BIWAK &#8212; El Speedo","isPartOf":{"@id":"https:\/\/elspeedo.cz\/#website"},"datePublished":"2017-02-01T13:51:08+00:00","dateModified":"2017-04-26T15:15:28+00:00","description":"Himalaje, Pamir, Tienszan, Andy. D\u0142ugie lata uczestniczymy w trudnych ekspedycjach paralotniarskich w najwy\u017cszych g\u00f3rach \u015bwiata. To w\u0142a\u015bnie nasz XC biwak...","breadcrumb":{"@id":"https:\/\/elspeedo.cz\/kurzy-paraglidingu\/poznavaci_paragliding\/xc-bivaky\/#breadcrumb"},"inLanguage":"pl-PL","potentialAction":[{"@type":"ReadAction","target":["https:\/\/elspeedo.cz\/kurzy-paraglidingu\/poznavaci_paragliding\/xc-bivaky\/"]}]},{"@type":"BreadcrumbList","@id":"https:\/\/elspeedo.cz\/kurzy-paraglidingu\/poznavaci_paragliding\/xc-bivaky\/#breadcrumb","itemListElement":[{"@type":"ListItem","position":1,"name":"Dom\u016f","item":"https:\/\/elspeedo.cz\/pl\/"},{"@type":"ListItem","position":2,"name":"Kursy Paralotniarstwa","item":"https:\/\/elspeedo.cz\/pl\/kursy-paralotniarstwa\/"},{"@type":"ListItem","position":3,"name":"Wyczynowe latanie, latanie XC","item":"https:\/\/elspeedo.cz\/kurzy-paraglidingu\/poznavaci_paragliding\/"},{"@type":"ListItem","position":4,"name":"El Speedo XC BIWAK"}]},{"@type":"WebSite","@id":"https:\/\/elspeedo.cz\/#website","url":"https:\/\/elspeedo.cz\/","name":"El Speedo","description":"Paragliding - kurzy, vybaven\u00ed, v\u00fdlety, komunita","potentialAction":[{"@type":"SearchAction","target":{"@type":"EntryPoint","urlTemplate":"https:\/\/elspeedo.cz\/?s={search_term_string}"},"query-input":{"@type":"PropertyValueSpecification","valueRequired":true,"valueName":"search_term_string"}}],"inLanguage":"pl-PL"}]}},"_links":{"self":[{"href":"https:\/\/elspeedo.cz\/pl\/wp-json\/wp\/v2\/pages\/27449","targetHints":{"allow":["GET"]}}],"collection":[{"href":"https:\/\/elspeedo.cz\/pl\/wp-json\/wp\/v2\/pages"}],"about":[{"href":"https:\/\/elspeedo.cz\/pl\/wp-json\/wp\/v2\/types\/page"}],"author":[{"embeddable":true,"href":"https:\/\/elspeedo.cz\/pl\/wp-json\/wp\/v2\/users\/7"}],"replies":[{"embeddable":true,"href":"https:\/\/elspeedo.cz\/pl\/wp-json\/wp\/v2\/comments?post=27449"}],"version-history":[{"count":0,"href":"https:\/\/elspeedo.cz\/pl\/wp-json\/wp\/v2\/pages\/27449\/revisions"}],"up":[{"embeddable":true,"href":"https:\/\/elspeedo.cz\/pl\/wp-json\/wp\/v2\/pages\/27447"}],"wp:attachment":[{"href":"https:\/\/elspeedo.cz\/pl\/wp-json\/wp\/v2\/media?parent=27449"}],"curies":[{"name":"wp","href":"https:\/\/api.w.org\/{rel}","templated":true}]}}