{"id":27450,"date":"2017-02-01T14:51:14","date_gmt":"2017-02-01T13:51:14","guid":{"rendered":"https:\/\/elspeedo.cz\/kurzy\/horske-xc-letani\/xc-trenink\/"},"modified":"2021-11-17T14:12:52","modified_gmt":"2021-11-17T13:12:52","slug":"trening-xc","status":"publish","type":"page","link":"https:\/\/elspeedo.cz\/pl\/kursy-paralotniarstwa\/wyczynowe-latanie-latanie-xc\/trening-xc\/","title":{"rendered":"Trening XC"},"content":{"rendered":"<div class=\"wpb-content-wrapper\">[mk_page_section bg_color=&#8221;#f4f4f4&#8243; video_loop=&#8221;false&#8221; padding_top=&#8221;0&#8243; padding_bottom=&#8221;0&#8243; sidebar=&#8221;sidebar-1&#8243;][vc_column width=&#8221;1\/2&#8243; css=&#8221;.vc_custom_1492890549562{padding-top: 30px !important;}&#8221;][vc_single_image image=&#8221;38325&#8243; img_size=&#8221;full&#8221; alignment=&#8221;center&#8221; style=&#8221;vc_box_rounded&#8221;][\/vc_column][vc_column width=&#8221;1\/2&#8243; css=&#8221;.vc_custom_1492890590386{padding-top: 40px !important;}&#8221;][vc_column_text]\n<h2>Wy\u017cej, dalej, szybciej<\/h2>\n<p>Nasze kursy Cross Country przeznaczone s\u0105 dla pilot\u00f3w, kt\u00f3rzy opanowali ju\u017c latanie w termice, kt\u00f3rzy pragn\u0105 wyruszy\u0107 na swoje pierwsze przeloty i chc\u0105 to zrobi\u0107 z\u00a0pomoc\u0105, i w towarzystwie naszych instruktor\u00f3w \u2013 wyczynowych pilot\u00f3w oraz zawodnik\u00f3w. Latamy w najlepszych europejskich rejonach lotniczych, sprawdzonych licznymi mi\u0119dzynarodowymi zawodami i konkursami, wyruszamy do miejsc, kt\u00f3re stan\u0105 si\u0119 dla Ciebie nowym wyzwaniem.[\/vc_column_text][\/vc_column][\/mk_page_section][mk_page_section video_loop=&#8221;false&#8221; padding_top=&#8221;60&#8243; padding_bottom=&#8221;60&#8243; sidebar=&#8221;sidebar-1&#8243;][vc_column][vc_column_text]\n<h2 style=\"text-align: center;\">Terminy i rezerwacje<\/h2>\n[\/vc_column_text][mk_padding_divider size=&#8221;30&#8243;][vc_column_text]\t<p>There are no upcoming events at this time.<\/p>\n[\/vc_column_text][\/vc_column][\/mk_page_section][vc_row fullwidth=&#8221;true&#8221; fullwidth_content=&#8221;false&#8221; css=&#8221;.vc_custom_1482741845248{background-color: #e7e7e7 !important;}&#8221;][vc_column width=&#8221;2\/3&#8243;][mk_padding_divider size=&#8221;60&#8243;][vc_column_text]\n<h1>Co powiniene\u015b wiedzie\u0107 o Treningu XC?<\/h1>\n<p>Dzi\u0119ki dobrym radom naszych do\u015bwiadczonych instruktor\u00f3w stwierdzisz, \u017ce czasami wystarczy naprawd\u0119 ma\u0142o a trasa, na kt\u00f3r\u0105 sam nie znalaz\u0142 by\u015b odwagi, nagle stanie si\u0119 Twoj\u0105 ulubion\u0105 tras\u0105. Nauczymy Ci\u0119 taktyki przelotu, cierpliwo\u015bci i efektownemu wykorzystywaniu zboczy i wiatr\u00f3w dolinowych. Taki trening wzbogaci Ci\u0119 wi\u0119cej, ni\u017c cokolwiek innego.<\/p>\n<p>Dzi\u0119ki EL Speedo wyczynowemu skrzyd\u0142u tandemowemu OLIVIER masz w dodatku wyj\u0105tkow\u0105 mo\u017cliwo\u015b\u0107 w ci\u0105gu treningu lecie\u0107 wprost z\u00a0XC Instruktorem i na bie\u017c\u0105co konsultowa\u0107 wszystkie jego decyzje i mo\u017cliwo\u015bci lotu. Ten spos\u00f3b nauki El Speedo ci\u0105gle spotyka si\u0119 z\u00a0pozytywnym odbiorem u wszystkich pilot\u00f3w bior\u0105cych w niej udzia\u0142. Dlatego wierzymy, \u017ce zachwyci r\u00f3wnie\u017c Ciebie.<\/p>\n<p><strong>Warunki uczestnictwa:<\/strong><\/p>\n<ul>\n<li>wa\u017cna licencja pilota,<\/li>\n<li>wa\u017cne ubezpieczenie turystyczne,<\/li>\n<li>umiej\u0119tno\u015b\u0107 pracy z\u00a0GPS.<\/li>\n<\/ul>\n<p><strong>Wymagania fizyczne:<\/strong> niskie &#8211; \u015brednie<\/p>\n<p><strong>Zalecany nalot pilota:<\/strong><\/p>\n<ul>\n<li>minimum 30 godzin,<\/li>\n<li>przeznaczone dla kategorii El Speedo Pilot 3 \u2013 5,<\/li>\n<li>pilot powinien by\u0107 zdolny samodzielnie, precyzyjnie odstartowa\u0107, oraz samodzielenie wyl\u0105dowa\u0107 na wcze\u015bniej ustalonym miejscu,<\/li>\n<li>pilot musi panowa\u0107 nad lataniem w termice i powinien zna\u0107 podstawy taktyki przelot\u00f3w XC.<\/li>\n<\/ul>\n<p><strong>Przebieg i cele Treningu XC:<\/strong><\/p>\n<p>Podczas wszystkich dni treningowych skupiamy si\u0119 na przelotach, na przygotowaniu do przelot\u00f3w i p\u00f3\u017aniejszych ich analizach. Dzie\u0144 rozpoczynamy analiz\u0105 pogody, wed\u0142gu niej tworzymy tras\u0119, opisujemy trudniejsze miejsca i wyja\u015bniamy spodoby jej pokonania. Dzi\u0119ki kontaktowi na radiu jeste\u015bmy w stanie podczas lotu pomaga\u0107 Ci udzielaniem informacji gdzie mo\u017cna \u0142atwo podnie\u015b\u0107 si\u0119 w g\u00f3r\u0119, czy odwrotnie, kt\u00f3re miejsce trzeba omin\u0105\u0107, aby przelecie\u0107 konkretny odcinek trasy. A je\u017celi komu\u015b si\u0119 nie uda, i b\u0119dzie musia\u0142 wyl\u0105dowa\u0107 pr\u0119dzej, poda tylko swoj\u0105 pozycj\u0119 i zaczeka na nasz samoch\u00f3d.<\/p>\n<p>Celem naszych kurs\u00f3w Cross Coutry jest nauczy\u0107 Ci\u0119 w zale\u017cno\u015bci od aktualnej syuacji utworzy\u0107 w\u0142asn\u0105 tras\u0119 i wbyra\u0107 w\u0142a\u015bciw\u0105 taktyk\u0119 do jej pokonania. R\u00f3wnie\u017c nauczy\u0107 Ci\u0119 cierpliwo\u015bci i rozwagi przed najwa\u017cniejszymi przeskokami po trasie, pom\u00f3c Ci pokona\u0107 ca\u0142\u0105 tras\u0119 i rozwin\u0105\u0107 Twoje zdolno\u015bci bli\u017cej Twoim marzeniom o prawdziwym swobodnym lataniu.<\/p>\n<p><strong>Czas trwania El Speedo Treningu XC:<\/strong> 5 dni<\/p>\n<p><strong>Miejsca treningu:<\/strong><\/p>\n<ul>\n<li>Tolmin-Kobarid, S\u0142owenia,<\/li>\n<li>Pieve de Alpago, W\u0142ochy,<\/li>\n<li>Karavanky, S\u0142owenia.<\/li>\n<\/ul>\n<p><strong>Zabezpieczenie personalne (wg. miejsca i cel\u00f3w kursu):<\/strong><\/p>\n<ul>\n<li>2 instruktorzy wyczynowego latania XC,<\/li>\n<li>asystent techniczny (transport itp.).<\/li>\n<\/ul>\n<p><strong>Cena:<\/strong> 7900 CZK<\/p>\n<ul>\n<li>nasi absolwenci zyskuj\u0105 zni\u017ck\u0119 od 10% do 50%. Wi\u0119cej informacji znajdziesz w karcie \u201eProgram absolwencki\u201c.<\/li>\n<\/ul>\n<p><strong>Cz\u0119\u015b\u0107 praktyczna: <\/strong><\/p>\n<ul>\n<li>pomoc podczas lotu i nawigacja podczas przelotu przez dw\u00f3ch instruktor\u00f3w XC latania z\u00a0grup\u0105 maksymalnie 8 pilot\u00f3w,<\/li>\n<li>nawigacja i pomoc instruktora latania w termice w okolicy startu dla \u0142atwiejszego odnalezienia i utrzymania noszenia,<\/li>\n<li>nawigacja podczas pierwszych pr\u00f3b l\u0105dowa\u0144 na wierzcho\u0142kach g\u00f3r,<\/li>\n<li>mo\u017cliwo\u015b\u0107 lotu w tandemie z\u00a0XC instruktorem i reszt\u0105 grupy.<\/li>\n<\/ul>\n<p><strong>\u00a0<\/strong><strong>Cz\u0119\u015b\u0107 teoretyczna:<\/strong><\/p>\n<ul>\n<li>techniki efektownego wykorzystywania pr\u0105d\u00f3w wst\u0119puj\u0105cych,<\/li>\n<li>sposoby planowania najwygodniejszej trasy w zale\u017cno\u015bci od pogody,<\/li>\n<li>taktyka przelotu,<\/li>\n<li>top landing,<\/li>\n<li>i wiele, wiele wi\u0119cej&#8230;<\/li>\n<\/ul>\n<p><strong>W cenie kursu:<\/strong><\/p>\n<ul>\n<li>praca instruktor\u00f3w i asystenta,<\/li>\n<li>mapy termiczne teren\u00f3w lotniczych,<\/li>\n<li>transport na startowiska,<\/li>\n<li>transport po locie,<\/li>\n<li>wypo\u017cyczenie radia ze s\u0142uchawkami,<\/li>\n<li>us\u0142ugi serwisowe podczas napraw czy dopasowywaniu sprz\u0119tu,<\/li>\n<li>przygotowanie przed lotem, zaznajomienie z\u00a0terenem lotniczym,<\/li>\n<li>przedmioty upominkowe i koszulka El Speedo \u2013 flying comunity,<\/li>\n<li>pomoc w organizacji wsp\u00f3lnego transportu i zakwaterowania,<\/li>\n<li>fotografie z\u00a0kursu.<\/li>\n<\/ul>\n<p><strong>Mo\u017cesz od nas po\u017cyczy\u0107:<\/strong><\/p>\n<ul>\n<li>namioty i \u015bpiwory Hannah,<\/li>\n<li>kompletny sprz\u0119t lotniczy w\u0142\u0105cznie kasku (patrz El Speedo Test Centrum),<\/li>\n<li>vario i GPS urz\u0105dzenia.<\/li>\n<\/ul>\n<p><strong>Transport do miejsca Kursu XC:<\/strong> wsp\u00f3lny El-busem albo indywidualny.[\/vc_column_text][mk_padding_divider size=&#8221;60&#8243;][\/vc_column][vc_column width=&#8221;1\/3&#8243; css=&#8221;.vc_custom_1492890529002{padding-top: 40px !important;}&#8221;][vc_media_grid style=&#8221;load-more&#8221; items_per_page=&#8221;18&#8243; element_width=&#8221;6&#8243; btn_title=&#8221;Wi\u0119cej&#8221; btn_add_icon=&#8221;true&#8221; btn_custom_onclick=&#8221;true&#8221; grid_id=&#8221;vc_gid:1493310468463-4bc5eb70-48f3-1&#8243; include=&#8221;17201,17202,17203,17204,17205,17206,17207,17209,17210,17211,17212,17213,17214,17215,17216,17217,17218,17219,17220,17221,17222,17223,17224,17225,17226,17227,17228,17229,17230,17231,17233,17235,17236,17237,17238,17239,17240,17241,17242,17243,17244,17245,17246,17247,17248,17249,17250,17251,17252,17253,17254,17255,17256,17257,17258,17259,17260,17261,17262,17263,17264,17265,17266,17267,17268,17269,17270,17271,17272,17273,17274,17275,17276,17277,17278,17279,17280,17281,17282,17283,17284&#8243;][\/vc_column][\/vc_row][mk_page_section bg_color=&#8221;#272727&#8243; bg_position=&#8221;center center&#8221; video_loop=&#8221;false&#8221; js_vertical_centered=&#8221;true&#8221; padding_top=&#8221;60&#8243; padding_bottom=&#8221;060&#8243; el_class=&#8221;sc-dark&#8221; sidebar=&#8221;sidebar-1&#8243;][vc_column][mk_fancy_title color=&#8221;#ffffff&#8221; size=&#8221;52&#8243; force_font_size=&#8221;true&#8221; size_phone=&#8221;32&#8243; font_family=&#8221;none&#8221; align=&#8221;center&#8221;]\n<p style=\"text-align: center;\">Program absolwencki<\/p>\n[\/mk_fancy_title][vc_column_text disable_pattern=&#8221;false&#8221; align=&#8221;center&#8221;]\n<p style=\"text-align: center;\">Zdolno\u015bci pilota klasyfikujemy do 5 podstawowych poziom\u00f3w. Wed\u0142ug tych poziom\u00f3w mo\u017cna wybiera\u0107 konkretne kursy. Celem jest osi\u0105gni\u0119cie podobnego poziomu umiej\u0119tno\u015bci uczestnik\u00f3w kursu i jak najbardziej efektowny proces nauki. W dodatku im wi\u0119cej umiesz, tym mniej p\u0142acisz \u2026<\/p>\n[\/vc_column_text][mk_button dimension=&#8221;outline&#8221; corner_style=&#8221;rounded&#8221; size=&#8221;large&#8221; url=&#8221;https:\/\/elspeedo.cz\/pl\/kursy\/program-absolwencki\/&#8221; align=&#8221;center&#8221; margin_right=&#8221;0&#8243; el_class=&#8221;basic-button&#8221; outline_skin=&#8221;light&#8221;]Wi\u0119cej o programie\u2026<br \/>\n[\/mk_button][\/vc_column][\/mk_page_section]\n<\/div>","protected":false},"excerpt":{"rendered":"<p>[mk_page_section bg_color=&#8221;#f4f4f4&#8243; video_loop=&#8221;false&#8221; padding_top=&#8221;0&#8243; padding_bottom=&#8221;0&#8243; sidebar=&#8221;sidebar-1&#8243;][vc_column width=&#8221;1\/2&#8243; css=&#8221;.vc_custom_1492890549562{padding-top: 30px !important;}&#8221;][vc_single_image image=&#8221;38325&#8243; img_size=&#8221;full&#8221; alignment=&#8221;center&#8221; style=&#8221;vc_box_rounded&#8221;][\/vc_column][vc_column width=&#8221;1\/2&#8243; css=&#8221;.vc_custom_1492890590386{padding-top: 40px !important;}&#8221;][vc_column_text] Wy\u017cej, dalej, szybciej Nasze kursy Cross Country przeznaczone s\u0105 dla pilot\u00f3w, kt\u00f3rzy opanowali ju\u017c latanie w termice, kt\u00f3rzy pragn\u0105 wyruszy\u0107 na swoje pierwsze przeloty i chc\u0105 to zrobi\u0107 z\u00a0pomoc\u0105, i w towarzystwie naszych instruktor\u00f3w \u2013 wyczynowych pilot\u00f3w [&hellip;]<\/p>\n","protected":false},"author":7,"featured_media":0,"parent":27447,"menu_order":0,"comment_status":"closed","ping_status":"closed","template":"","meta":{"_tribe_blocks_recurrence_rules":"","_tribe_blocks_recurrence_exclusions":"","_tribe_blocks_recurrence_description":"","footnotes":""},"class_list":["post-27450","page","type-page","status-publish","hentry"],"yoast_head":"<!-- This site is optimized with the Yoast SEO plugin v27.0 - https:\/\/yoast.com\/product\/yoast-seo-wordpress\/ -->\n<title>Trening XC &#8212; El Speedo<\/title>\n<meta name=\"description\" content=\"Wy\u017cej, dalej, szybciej - nasz trening XC - przeznaczony dla pilot\u00f3w, kt\u00f3rzy opanowali ju\u017c latanie w termice, kt\u00f3rzy pragn\u0105 wyruszy\u0107 na swe pierwsze przeloty\" \/>\n<meta name=\"robots\" content=\"index, follow, max-snippet:-1, max-image-preview:large, max-video-preview:-1\" \/>\n<link rel=\"canonical\" href=\"https:\/\/elspeedo.cz\/kurzy-paraglidingu\/poznavaci_paragliding\/xc-trenink\/\" \/>\n<meta property=\"og:locale\" content=\"pl_PL\" \/>\n<meta property=\"og:type\" content=\"article\" \/>\n<meta property=\"og:title\" content=\"Trening XC &#8212; El Speedo\" \/>\n<meta property=\"og:description\" content=\"Wy\u017cej, dalej, szybciej - nasz trening XC - przeznaczony dla pilot\u00f3w, kt\u00f3rzy opanowali ju\u017c latanie w termice, kt\u00f3rzy pragn\u0105 wyruszy\u0107 na swe pierwsze przeloty\" \/>\n<meta property=\"og:url\" content=\"https:\/\/elspeedo.cz\/kurzy-paraglidingu\/poznavaci_paragliding\/xc-trenink\/\" \/>\n<meta property=\"og:site_name\" content=\"El Speedo\" \/>\n<meta property=\"article:publisher\" content=\"http:\/\/www.facebook.com\/paragliding.elspeedo.cz\/?fref=ts\" \/>\n<meta property=\"article:modified_time\" content=\"2021-11-17T13:12:52+00:00\" \/>\n<meta name=\"twitter:card\" content=\"summary_large_image\" \/>\n<meta name=\"twitter:label1\" content=\"Szacowany czas czytania\" \/>\n\t<meta name=\"twitter:data1\" content=\"5 minut\" \/>\n<script type=\"application\/ld+json\" class=\"yoast-schema-graph\">{\"@context\":\"https:\/\/schema.org\",\"@graph\":[{\"@type\":\"WebPage\",\"@id\":\"https:\/\/elspeedo.cz\/kurzy-paraglidingu\/poznavaci_paragliding\/xc-trenink\/\",\"url\":\"https:\/\/elspeedo.cz\/kurzy-paraglidingu\/poznavaci_paragliding\/xc-trenink\/\",\"name\":\"Trening XC &#8212; El Speedo\",\"isPartOf\":{\"@id\":\"https:\/\/elspeedo.cz\/#website\"},\"datePublished\":\"2017-02-01T13:51:14+00:00\",\"dateModified\":\"2021-11-17T13:12:52+00:00\",\"description\":\"Wy\u017cej, dalej, szybciej - nasz trening XC - przeznaczony dla pilot\u00f3w, kt\u00f3rzy opanowali ju\u017c latanie w termice, kt\u00f3rzy pragn\u0105 wyruszy\u0107 na swe pierwsze przeloty\",\"breadcrumb\":{\"@id\":\"https:\/\/elspeedo.cz\/kurzy-paraglidingu\/poznavaci_paragliding\/xc-trenink\/#breadcrumb\"},\"inLanguage\":\"pl-PL\",\"potentialAction\":[{\"@type\":\"ReadAction\",\"target\":[\"https:\/\/elspeedo.cz\/kurzy-paraglidingu\/poznavaci_paragliding\/xc-trenink\/\"]}]},{\"@type\":\"BreadcrumbList\",\"@id\":\"https:\/\/elspeedo.cz\/kurzy-paraglidingu\/poznavaci_paragliding\/xc-trenink\/#breadcrumb\",\"itemListElement\":[{\"@type\":\"ListItem\",\"position\":1,\"name\":\"Dom\u016f\",\"item\":\"https:\/\/elspeedo.cz\/pl\/\"},{\"@type\":\"ListItem\",\"position\":2,\"name\":\"Kursy Paralotniarstwa\",\"item\":\"https:\/\/elspeedo.cz\/pl\/kursy-paralotniarstwa\/\"},{\"@type\":\"ListItem\",\"position\":3,\"name\":\"Wyczynowe latanie, latanie XC\",\"item\":\"https:\/\/elspeedo.cz\/kurzy-paraglidingu\/poznavaci_paragliding\/\"},{\"@type\":\"ListItem\",\"position\":4,\"name\":\"Trening XC\"}]},{\"@type\":\"WebSite\",\"@id\":\"https:\/\/elspeedo.cz\/#website\",\"url\":\"https:\/\/elspeedo.cz\/\",\"name\":\"El Speedo\",\"description\":\"Paragliding - kurzy, vybaven\u00ed, v\u00fdlety, komunita\",\"potentialAction\":[{\"@type\":\"SearchAction\",\"target\":{\"@type\":\"EntryPoint\",\"urlTemplate\":\"https:\/\/elspeedo.cz\/?s={search_term_string}\"},\"query-input\":{\"@type\":\"PropertyValueSpecification\",\"valueRequired\":true,\"valueName\":\"search_term_string\"}}],\"inLanguage\":\"pl-PL\"}]}<\/script>\n<!-- \/ Yoast SEO plugin. -->","yoast_head_json":{"title":"Trening XC &#8212; El Speedo","description":"Wy\u017cej, dalej, szybciej - nasz trening XC - przeznaczony dla pilot\u00f3w, kt\u00f3rzy opanowali ju\u017c latanie w termice, kt\u00f3rzy pragn\u0105 wyruszy\u0107 na swe pierwsze przeloty","robots":{"index":"index","follow":"follow","max-snippet":"max-snippet:-1","max-image-preview":"max-image-preview:large","max-video-preview":"max-video-preview:-1"},"canonical":"https:\/\/elspeedo.cz\/kurzy-paraglidingu\/poznavaci_paragliding\/xc-trenink\/","og_locale":"pl_PL","og_type":"article","og_title":"Trening XC &#8212; El Speedo","og_description":"Wy\u017cej, dalej, szybciej - nasz trening XC - przeznaczony dla pilot\u00f3w, kt\u00f3rzy opanowali ju\u017c latanie w termice, kt\u00f3rzy pragn\u0105 wyruszy\u0107 na swe pierwsze przeloty","og_url":"https:\/\/elspeedo.cz\/kurzy-paraglidingu\/poznavaci_paragliding\/xc-trenink\/","og_site_name":"El Speedo","article_publisher":"http:\/\/www.facebook.com\/paragliding.elspeedo.cz\/?fref=ts","article_modified_time":"2021-11-17T13:12:52+00:00","twitter_card":"summary_large_image","twitter_misc":{"Szacowany czas czytania":"5 minut"},"schema":{"@context":"https:\/\/schema.org","@graph":[{"@type":"WebPage","@id":"https:\/\/elspeedo.cz\/kurzy-paraglidingu\/poznavaci_paragliding\/xc-trenink\/","url":"https:\/\/elspeedo.cz\/kurzy-paraglidingu\/poznavaci_paragliding\/xc-trenink\/","name":"Trening XC &#8212; El Speedo","isPartOf":{"@id":"https:\/\/elspeedo.cz\/#website"},"datePublished":"2017-02-01T13:51:14+00:00","dateModified":"2021-11-17T13:12:52+00:00","description":"Wy\u017cej, dalej, szybciej - nasz trening XC - przeznaczony dla pilot\u00f3w, kt\u00f3rzy opanowali ju\u017c latanie w termice, kt\u00f3rzy pragn\u0105 wyruszy\u0107 na swe pierwsze przeloty","breadcrumb":{"@id":"https:\/\/elspeedo.cz\/kurzy-paraglidingu\/poznavaci_paragliding\/xc-trenink\/#breadcrumb"},"inLanguage":"pl-PL","potentialAction":[{"@type":"ReadAction","target":["https:\/\/elspeedo.cz\/kurzy-paraglidingu\/poznavaci_paragliding\/xc-trenink\/"]}]},{"@type":"BreadcrumbList","@id":"https:\/\/elspeedo.cz\/kurzy-paraglidingu\/poznavaci_paragliding\/xc-trenink\/#breadcrumb","itemListElement":[{"@type":"ListItem","position":1,"name":"Dom\u016f","item":"https:\/\/elspeedo.cz\/pl\/"},{"@type":"ListItem","position":2,"name":"Kursy Paralotniarstwa","item":"https:\/\/elspeedo.cz\/pl\/kursy-paralotniarstwa\/"},{"@type":"ListItem","position":3,"name":"Wyczynowe latanie, latanie XC","item":"https:\/\/elspeedo.cz\/kurzy-paraglidingu\/poznavaci_paragliding\/"},{"@type":"ListItem","position":4,"name":"Trening XC"}]},{"@type":"WebSite","@id":"https:\/\/elspeedo.cz\/#website","url":"https:\/\/elspeedo.cz\/","name":"El Speedo","description":"Paragliding - kurzy, vybaven\u00ed, v\u00fdlety, komunita","potentialAction":[{"@type":"SearchAction","target":{"@type":"EntryPoint","urlTemplate":"https:\/\/elspeedo.cz\/?s={search_term_string}"},"query-input":{"@type":"PropertyValueSpecification","valueRequired":true,"valueName":"search_term_string"}}],"inLanguage":"pl-PL"}]}},"_links":{"self":[{"href":"https:\/\/elspeedo.cz\/pl\/wp-json\/wp\/v2\/pages\/27450","targetHints":{"allow":["GET"]}}],"collection":[{"href":"https:\/\/elspeedo.cz\/pl\/wp-json\/wp\/v2\/pages"}],"about":[{"href":"https:\/\/elspeedo.cz\/pl\/wp-json\/wp\/v2\/types\/page"}],"author":[{"embeddable":true,"href":"https:\/\/elspeedo.cz\/pl\/wp-json\/wp\/v2\/users\/7"}],"replies":[{"embeddable":true,"href":"https:\/\/elspeedo.cz\/pl\/wp-json\/wp\/v2\/comments?post=27450"}],"version-history":[{"count":1,"href":"https:\/\/elspeedo.cz\/pl\/wp-json\/wp\/v2\/pages\/27450\/revisions"}],"predecessor-version":[{"id":175369,"href":"https:\/\/elspeedo.cz\/pl\/wp-json\/wp\/v2\/pages\/27450\/revisions\/175369"}],"up":[{"embeddable":true,"href":"https:\/\/elspeedo.cz\/pl\/wp-json\/wp\/v2\/pages\/27447"}],"wp:attachment":[{"href":"https:\/\/elspeedo.cz\/pl\/wp-json\/wp\/v2\/media?parent=27450"}],"curies":[{"name":"wp","href":"https:\/\/api.w.org\/{rel}","templated":true}]}}