{"id":27451,"date":"2017-02-01T14:51:22","date_gmt":"2017-02-01T13:51:22","guid":{"rendered":"https:\/\/elspeedo.cz\/kurzy\/motorovy-paragliding\/"},"modified":"2020-03-19T14:58:45","modified_gmt":"2020-03-19T13:58:45","slug":"latanie-ppg","status":"publish","type":"page","link":"https:\/\/elspeedo.cz\/pl\/kursy-paralotniarstwa\/latanie-ppg\/","title":{"rendered":"Motoparalotnie \/ Latanie PPG"},"content":{"rendered":"<div class=\"wpb-content-wrapper\">[vc_row attached=&#8221;true&#8221; css=&#8221;.vc_custom_1480789478089{padding-bottom: 0px !important;}&#8221;][vc_column width=&#8221;1\/3&#8243; css=&#8221;.vc_custom_1480789372717{margin-right: 0px !important;margin-left: 0px !important;border-right-width: 0px !important;border-left-width: 0px !important;padding-right: 20px !important;padding-left: 20px !important;}&#8221;][vc_single_image image=&#8221;15679&#8243; img_size=&#8221;full&#8221; alignment=&#8221;center&#8221; style=&#8221;vc_box_rounded&#8221; onclick=&#8221;custom_link&#8221; link=&#8221;https:\/\/elspeedo.cz\/pl\/kursy-paralotniarstwa\/latanie-ppg\/kurs-latania-ppg-2-etap-licencja-mpg-lub-ppg\/&#8221;][vc_column_text disable_pattern=&#8221;false&#8221; align=&#8221;center&#8221;]\n<h4>Kurs podstawowy PPG<\/h4>\n[\/vc_column_text][mk_padding_divider size=&#8221;20&#8243;][vc_column_text disable_pattern=&#8221;false&#8221; align=&#8221;center&#8221;]Je\u017celi w Twojej okolicy nie ma g\u00f3r, lecz Ty pomimo tego chcesz podziwia\u0107 znane Ci miejsca z\u00a0perspektywy lotu ptaka, to w\u0142a\u015bnie dla Ciebie motoparalotnia jest rozwi\u0105zaniem problemu.<\/p>\n<p><strong>Cena: 5980 CZK \/ d\u0142ugi weekend <\/strong>[\/vc_column_text][mk_padding_divider size=&#8221;10&#8243;][mk_button_gradient dimension=&#8221;flat&#8221; size=&#8221;large&#8221; corner_style=&#8221;rounded&#8221; grandient_color_from=&#8221;#6087b9&#8243; grandient_color_to=&#8221;#557bab&#8221; grandient_color_fallback=&#8221;#6087b9&#8243; url=&#8221;https:\/\/elspeedo.cz\/pl\/kursy-paralotniarstwa\/latanie-ppg\/kurs-latania-ppg-2-etap-licencja-mpg-lub-ppg\/&#8221; align=&#8221;center&#8221; margin_right=&#8221;0&#8243;]Informacje i terminy[\/mk_button_gradient][\/vc_column][vc_column width=&#8221;1\/3&#8243; css=&#8221;.vc_custom_1480789384104{margin-right: 0px !important;margin-left: 0px !important;border-right-width: 0px !important;border-left-width: 0px !important;padding-right: 20px !important;padding-left: 20px !important;}&#8221;][vc_single_image image=&#8221;15680&#8243; img_size=&#8221;full&#8221; alignment=&#8221;center&#8221; style=&#8221;vc_box_rounded&#8221; onclick=&#8221;custom_link&#8221; link=&#8221;https:\/\/elspeedo.cz\/pl\/kursy-paralotniarstwa\/latanie-ppg\/wycieczki-ppg-i-zaawansowany-pilotaz\/&#8221;][vc_column_text disable_pattern=&#8221;false&#8221; align=&#8221;center&#8221;]\n<h4>Wycieczki PPG i zaawansowany pilota\u017c<\/h4>\n[\/vc_column_text][mk_padding_divider size=&#8221;20&#8243;][vc_column_text disable_pattern=&#8221;false&#8221; align=&#8221;center&#8221;]Dzi\u0119ki lataniu z\u00a0silnikiem w wyj\u0105tkowy i zar\u00f3wno nietrudny spos\u00f3b mo\u017cesz zafundowa\u0107 sobie pi\u0119kne wycieczki i podziwia\u0107 wspania\u0142e widoki. Trenuj z\u00a0nami, lataj z\u00a0nami, nisko, wysoko, daleko, wsz\u0119dzie, gdzie warto co\u015b zobaczy\u0107.<\/p>\n<p><strong>Cena: 2990 CZK \/ dzie\u0144 treningu<\/strong>[\/vc_column_text][mk_padding_divider size=&#8221;10&#8243;][mk_button_gradient dimension=&#8221;flat&#8221; size=&#8221;large&#8221; corner_style=&#8221;rounded&#8221; grandient_color_from=&#8221;#6087b9&#8243; grandient_color_to=&#8221;#557bab&#8221; grandient_color_fallback=&#8221;#6087b9&#8243; url=&#8221;https:\/\/elspeedo.cz\/pl\/kursy-paralotniarstwa\/latanie-ppg\/wycieczki-ppg-i-zaawansowany-pilotaz\/&#8221; align=&#8221;center&#8221; margin_right=&#8221;0&#8243;]Wybierz termin[\/mk_button_gradient][\/vc_column][vc_column width=&#8221;1\/3&#8243; css=&#8221;.vc_custom_1546101385496{padding-right: 20px !important;padding-left: 20px !important;}&#8221;][vc_single_image image=&#8221;94733&#8243; img_size=&#8221;full&#8221; alignment=&#8221;center&#8221; style=&#8221;vc_box_rounded&#8221; onclick=&#8221;custom_link&#8221; link=&#8221;https:\/\/elspeedo.cz\/pl\/kursy-paralotniarstwa\/trening-paralotniowy\/hawk\/&#8221;][vc_column_text disable_pattern=&#8221;false&#8221; align=&#8221;center&#8221;]\n<h4>Program HAWK dla pilot\u00f3w PPG<\/h4>\n[\/vc_column_text][mk_padding_divider size=&#8221;20&#8243;][vc_column_text disable_pattern=&#8221;false&#8221; align=&#8221;center&#8221;]Program treningowy, dzi\u0119ki kt\u00f3remu mo\u017cesz na bie\u017c\u0105co si\u0119 dokszta\u0142ca\u0107 i rozwija\u0107 swe umiej\u0119tno\u015bci praktyczne podczas kt\u00f3regokolwiek z\u00a0naszych Kurs\u00f3w podstawowych i pomna\u017ca\u0107 ilo\u015b\u0107 godzin sp\u0119dzonych w powietrzu\u2026<\/p>\n<p><strong>Cena: 4900 CZK \/ 2 lata<\/strong>[\/vc_column_text][mk_padding_divider size=&#8221;10&#8243;][mk_button_gradient dimension=&#8221;flat&#8221; size=&#8221;large&#8221; corner_style=&#8221;rounded&#8221; grandient_color_from=&#8221;#6087b9&#8243; grandient_color_to=&#8221;#557bab&#8221; grandient_color_fallback=&#8221;#6087b9&#8243; url=&#8221;https:\/\/elspeedo.cz\/pl\/kursy-paralotniarstwa\/trening-paralotniowy\/hawk\/&#8221; align=&#8221;center&#8221; margin_right=&#8221;0&#8243;]Wi\u0119cej o programie HAWK[\/mk_button_gradient][\/vc_column][\/vc_row][vc_row css=&#8221;.vc_custom_1492174383467{padding-top: 60px !important;}&#8221;][vc_column][vc_column_text align=&#8221;center&#8221;]\n<p style=\"text-align: center\">Interesuj\u0105 Ci\u0119 terminy planowanych kurs\u00f3w lub ich przebieg? Chcesz zapyta\u0107 o mo\u017cliwo\u015b\u0107 zdania egzaminu z\u00a0inspektorem lotnictwa? Masz jakiekolwiek pytania dotycz\u0105ce sprz\u0119tu, oblatywania czy rejestracji? Na wszystkie pytania odpowie Ci nasza g\u0142\u00f3wna instruktorka latania PPG:<\/p>\n<h2 style=\"text-align: center\">Michaela Machartov\u00e1 tel. +420 724 486 280<\/h2>\n[\/vc_column_text][\/vc_column][\/vc_row][vc_row][vc_column][vc_separator el_width=&#8221;80&#8243; el_class=&#8221;basic-separator&#8221; css=&#8221;.vc_custom_1546105786606{padding-top: 60px !important;padding-bottom: 40px !important;}&#8221;][\/vc_column][\/vc_row][vc_row][vc_column width=&#8221;1\/2&#8243;][vc_single_image image=&#8221;94740&#8243; img_size=&#8221;full&#8221; alignment=&#8221;center&#8221; style=&#8221;vc_box_rounded&#8221;][vc_single_image image=&#8221;94745&#8243; img_size=&#8221;full&#8221; alignment=&#8221;center&#8221; style=&#8221;vc_box_rounded&#8221;][\/vc_column][vc_column width=&#8221;1\/2&#8243;][mk_padding_divider][vc_column_text align=&#8221;center&#8221;]\n<h1 style=\"text-align: center\">F-LIGHT<\/h1>\n<p style=\"text-align: center\">W roku 2019 szkoli\u0107 b\u0119dziemy na nowym sprz\u0119cie firmy NIRVANA. Dlaczego?<\/p>\n[\/vc_column_text][mk_padding_divider][vc_column_text]\n<div style=\"text-align: left\"><strong>Podczas projektowania F-light sporo uwagi po\u015bwi\u0119cono przede wszystkim elementom bezpiecze\u0144stwa. Konstrukcja zbiornika, ramy i ca\u0142ego szkieletu zaprojektowana jest tak, aby tworzy\u0142a stref\u0119 deformacji w przypadku uderzenia:<\/strong><\/div>\n<ul style=\"text-align: left\">\n<li>plastikowy zbiornik wychwytuje wi\u0119kszo\u015b\u0107 energii uderzenia w momencie kontaktu z ziemi\u0105,<\/li>\n<li>tylna skorupa z\u00a0w\u0142\u00f3kna w\u0119glowego chroni kr\u0119gos\u0142up pilota podczas lotu i podczas twardszych l\u0105dowa\u0144.<\/li>\n<\/ul>\n[\/vc_column_text][mk_padding_divider][vc_column_text]\n<div style=\"text-align: left\"><strong>Kolejnymi elementami bezpiecze\u0144stwa s\u0105:<\/strong><\/div>\n<ul>\n<li style=\"list-style-type: none\">\n<ul>\n<li>Start\/Stop przycisk na r\u0105czce gazowej umo\u017cliwiaj\u0105cy w\u0142\u0105czenie\/wy\u0142\u0105czenie silnika podczas jakichkolwiek problem\u00f3w w czasie startu, lotu czy l\u0105dowania,<\/li>\n<li>g\u0142\u00f3wny wy\u0142\u0105cznik chroni Ciebie i Twoje otoczenie przed przypadkowym uruchomieniem silnika,<\/li>\n<li>pr\u0119ty aluminiowe z\u00a0mo\u017cliwo\u015bci\u0105 dostawienia TWISTAIR, w pe\u0142ni eliminuj\u0105 niepo\u017c\u0105dane efekty momentu obrotowego przy ca\u0142ym zakresie obrot\u00f3w silnika,<\/li>\n<li>karbonowy AIRBOX ca\u0142kowicie eliminuje ryzyko zamarzni\u0119cia ga\u017anika w miesi\u0105cach zimowych,<\/li>\n<li>prosty wska\u017anik paliwa ca\u0142y czas dok\u0142adnie informuje o jego zapasie,<\/li>\n<li>wielka moc silnika w kombinacji z\u00a0nisk\u0105 wag\u0105 skracaj\u0105 czas startu i pomagaj\u0105 w sytuacjach krytycznych,<\/li>\n<li>rozrusznik elektryczny i akumulator.<\/li>\n<\/ul>\n<\/li>\n<\/ul>\n[\/vc_column_text][\/vc_column][\/vc_row]\n<\/div>","protected":false},"excerpt":{"rendered":"<p>[vc_row attached=&#8221;true&#8221; css=&#8221;.vc_custom_1480789478089{padding-bottom: 0px !important;}&#8221;][vc_column width=&#8221;1\/3&#8243; css=&#8221;.vc_custom_1480789372717{margin-right: 0px !important;margin-left: 0px !important;border-right-width: 0px !important;border-left-width: 0px !important;padding-right: 20px !important;padding-left: 20px !important;}&#8221;][vc_single_image image=&#8221;15679&#8243; img_size=&#8221;full&#8221; alignment=&#8221;center&#8221; style=&#8221;vc_box_rounded&#8221; onclick=&#8221;custom_link&#8221; link=&#8221;https:\/\/elspeedo.cz\/pl\/kursy-paralotniarstwa\/latanie-ppg\/kurs-latania-ppg-2-etap-licencja-mpg-lub-ppg\/&#8221;][vc_column_text disable_pattern=&#8221;false&#8221; align=&#8221;center&#8221;] Kurs podstawowy PPG [\/vc_column_text][mk_padding_divider size=&#8221;20&#8243;][vc_column_text disable_pattern=&#8221;false&#8221; align=&#8221;center&#8221;]Je\u017celi w Twojej okolicy nie ma g\u00f3r, lecz Ty pomimo tego chcesz podziwia\u0107 znane Ci miejsca z\u00a0perspektywy lotu ptaka, to w\u0142a\u015bnie dla [&hellip;]<\/p>\n","protected":false},"author":7,"featured_media":0,"parent":15505,"menu_order":0,"comment_status":"closed","ping_status":"closed","template":"","meta":{"_tribe_blocks_recurrence_rules":"","_tribe_blocks_recurrence_exclusions":"","_tribe_blocks_recurrence_description":"","footnotes":""},"class_list":["post-27451","page","type-page","status-publish","hentry"],"yoast_head":"<!-- This site is optimized with the Yoast SEO plugin v27.0 - https:\/\/yoast.com\/product\/yoast-seo-wordpress\/ -->\n<title>Motoparalotnie \/ Latanie PPG &#8212; El Speedo<\/title>\n<meta name=\"description\" content=\"W Twojej okolicy nie ma g\u00f3r, a Ty chcesz podziwia\u0107 znane miejsca z perspektywy lotu ptaka? To w\u0142a\u015bnie dla Ciebie latanie PPG jest rozwi\u0105zaniem problemu.\" \/>\n<meta name=\"robots\" content=\"index, follow, max-snippet:-1, max-image-preview:large, max-video-preview:-1\" \/>\n<link rel=\"canonical\" href=\"https:\/\/elspeedo.cz\/kurzy-paraglidingu\/motorovy-paragliding\/\" \/>\n<meta property=\"og:locale\" content=\"pl_PL\" \/>\n<meta property=\"og:type\" content=\"article\" \/>\n<meta property=\"og:title\" content=\"Motoparalotnie \/ Latanie PPG &#8212; El Speedo\" \/>\n<meta property=\"og:description\" content=\"W Twojej okolicy nie ma g\u00f3r, a Ty chcesz podziwia\u0107 znane miejsca z perspektywy lotu ptaka? To w\u0142a\u015bnie dla Ciebie latanie PPG jest rozwi\u0105zaniem problemu.\" \/>\n<meta property=\"og:url\" content=\"https:\/\/elspeedo.cz\/kurzy-paraglidingu\/motorovy-paragliding\/\" \/>\n<meta property=\"og:site_name\" content=\"El Speedo\" \/>\n<meta property=\"article:publisher\" content=\"http:\/\/www.facebook.com\/paragliding.elspeedo.cz\/?fref=ts\" \/>\n<meta property=\"article:modified_time\" content=\"2020-03-19T13:58:45+00:00\" \/>\n<meta name=\"twitter:card\" content=\"summary_large_image\" \/>\n<meta name=\"twitter:label1\" content=\"Szacowany czas czytania\" \/>\n\t<meta name=\"twitter:data1\" content=\"4 minuty\" \/>\n<script type=\"application\/ld+json\" class=\"yoast-schema-graph\">{\"@context\":\"https:\/\/schema.org\",\"@graph\":[{\"@type\":\"WebPage\",\"@id\":\"https:\/\/elspeedo.cz\/kurzy-paraglidingu\/motorovy-paragliding\/\",\"url\":\"https:\/\/elspeedo.cz\/kurzy-paraglidingu\/motorovy-paragliding\/\",\"name\":\"Motoparalotnie \/ Latanie PPG &#8212; El Speedo\",\"isPartOf\":{\"@id\":\"https:\/\/elspeedo.cz\/#website\"},\"datePublished\":\"2017-02-01T13:51:22+00:00\",\"dateModified\":\"2020-03-19T13:58:45+00:00\",\"description\":\"W Twojej okolicy nie ma g\u00f3r, a Ty chcesz podziwia\u0107 znane miejsca z perspektywy lotu ptaka? To w\u0142a\u015bnie dla Ciebie latanie PPG jest rozwi\u0105zaniem problemu.\",\"breadcrumb\":{\"@id\":\"https:\/\/elspeedo.cz\/kurzy-paraglidingu\/motorovy-paragliding\/#breadcrumb\"},\"inLanguage\":\"pl-PL\",\"potentialAction\":[{\"@type\":\"ReadAction\",\"target\":[\"https:\/\/elspeedo.cz\/kurzy-paraglidingu\/motorovy-paragliding\/\"]}]},{\"@type\":\"BreadcrumbList\",\"@id\":\"https:\/\/elspeedo.cz\/kurzy-paraglidingu\/motorovy-paragliding\/#breadcrumb\",\"itemListElement\":[{\"@type\":\"ListItem\",\"position\":1,\"name\":\"Dom\u016f\",\"item\":\"https:\/\/elspeedo.cz\/pl\/\"},{\"@type\":\"ListItem\",\"position\":2,\"name\":\"Kursy Paralotniarstwa\",\"item\":\"https:\/\/elspeedo.cz\/pl\/kursy-paralotniarstwa\/\"},{\"@type\":\"ListItem\",\"position\":3,\"name\":\"Motoparalotnie \/ Latanie PPG\"}]},{\"@type\":\"WebSite\",\"@id\":\"https:\/\/elspeedo.cz\/#website\",\"url\":\"https:\/\/elspeedo.cz\/\",\"name\":\"El Speedo\",\"description\":\"Paragliding - kurzy, vybaven\u00ed, v\u00fdlety, komunita\",\"potentialAction\":[{\"@type\":\"SearchAction\",\"target\":{\"@type\":\"EntryPoint\",\"urlTemplate\":\"https:\/\/elspeedo.cz\/?s={search_term_string}\"},\"query-input\":{\"@type\":\"PropertyValueSpecification\",\"valueRequired\":true,\"valueName\":\"search_term_string\"}}],\"inLanguage\":\"pl-PL\"}]}<\/script>\n<!-- \/ Yoast SEO plugin. -->","yoast_head_json":{"title":"Motoparalotnie \/ Latanie PPG &#8212; El Speedo","description":"W Twojej okolicy nie ma g\u00f3r, a Ty chcesz podziwia\u0107 znane miejsca z perspektywy lotu ptaka? To w\u0142a\u015bnie dla Ciebie latanie PPG jest rozwi\u0105zaniem problemu.","robots":{"index":"index","follow":"follow","max-snippet":"max-snippet:-1","max-image-preview":"max-image-preview:large","max-video-preview":"max-video-preview:-1"},"canonical":"https:\/\/elspeedo.cz\/kurzy-paraglidingu\/motorovy-paragliding\/","og_locale":"pl_PL","og_type":"article","og_title":"Motoparalotnie \/ Latanie PPG &#8212; El Speedo","og_description":"W Twojej okolicy nie ma g\u00f3r, a Ty chcesz podziwia\u0107 znane miejsca z perspektywy lotu ptaka? To w\u0142a\u015bnie dla Ciebie latanie PPG jest rozwi\u0105zaniem problemu.","og_url":"https:\/\/elspeedo.cz\/kurzy-paraglidingu\/motorovy-paragliding\/","og_site_name":"El Speedo","article_publisher":"http:\/\/www.facebook.com\/paragliding.elspeedo.cz\/?fref=ts","article_modified_time":"2020-03-19T13:58:45+00:00","twitter_card":"summary_large_image","twitter_misc":{"Szacowany czas czytania":"4 minuty"},"schema":{"@context":"https:\/\/schema.org","@graph":[{"@type":"WebPage","@id":"https:\/\/elspeedo.cz\/kurzy-paraglidingu\/motorovy-paragliding\/","url":"https:\/\/elspeedo.cz\/kurzy-paraglidingu\/motorovy-paragliding\/","name":"Motoparalotnie \/ Latanie PPG &#8212; El Speedo","isPartOf":{"@id":"https:\/\/elspeedo.cz\/#website"},"datePublished":"2017-02-01T13:51:22+00:00","dateModified":"2020-03-19T13:58:45+00:00","description":"W Twojej okolicy nie ma g\u00f3r, a Ty chcesz podziwia\u0107 znane miejsca z perspektywy lotu ptaka? To w\u0142a\u015bnie dla Ciebie latanie PPG jest rozwi\u0105zaniem problemu.","breadcrumb":{"@id":"https:\/\/elspeedo.cz\/kurzy-paraglidingu\/motorovy-paragliding\/#breadcrumb"},"inLanguage":"pl-PL","potentialAction":[{"@type":"ReadAction","target":["https:\/\/elspeedo.cz\/kurzy-paraglidingu\/motorovy-paragliding\/"]}]},{"@type":"BreadcrumbList","@id":"https:\/\/elspeedo.cz\/kurzy-paraglidingu\/motorovy-paragliding\/#breadcrumb","itemListElement":[{"@type":"ListItem","position":1,"name":"Dom\u016f","item":"https:\/\/elspeedo.cz\/pl\/"},{"@type":"ListItem","position":2,"name":"Kursy Paralotniarstwa","item":"https:\/\/elspeedo.cz\/pl\/kursy-paralotniarstwa\/"},{"@type":"ListItem","position":3,"name":"Motoparalotnie \/ Latanie PPG"}]},{"@type":"WebSite","@id":"https:\/\/elspeedo.cz\/#website","url":"https:\/\/elspeedo.cz\/","name":"El Speedo","description":"Paragliding - kurzy, vybaven\u00ed, v\u00fdlety, komunita","potentialAction":[{"@type":"SearchAction","target":{"@type":"EntryPoint","urlTemplate":"https:\/\/elspeedo.cz\/?s={search_term_string}"},"query-input":{"@type":"PropertyValueSpecification","valueRequired":true,"valueName":"search_term_string"}}],"inLanguage":"pl-PL"}]}},"_links":{"self":[{"href":"https:\/\/elspeedo.cz\/pl\/wp-json\/wp\/v2\/pages\/27451","targetHints":{"allow":["GET"]}}],"collection":[{"href":"https:\/\/elspeedo.cz\/pl\/wp-json\/wp\/v2\/pages"}],"about":[{"href":"https:\/\/elspeedo.cz\/pl\/wp-json\/wp\/v2\/types\/page"}],"author":[{"embeddable":true,"href":"https:\/\/elspeedo.cz\/pl\/wp-json\/wp\/v2\/users\/7"}],"replies":[{"embeddable":true,"href":"https:\/\/elspeedo.cz\/pl\/wp-json\/wp\/v2\/comments?post=27451"}],"version-history":[{"count":0,"href":"https:\/\/elspeedo.cz\/pl\/wp-json\/wp\/v2\/pages\/27451\/revisions"}],"up":[{"embeddable":true,"href":"https:\/\/elspeedo.cz\/pl\/wp-json\/wp\/v2\/pages\/15505"}],"wp:attachment":[{"href":"https:\/\/elspeedo.cz\/pl\/wp-json\/wp\/v2\/media?parent=27451"}],"curies":[{"name":"wp","href":"https:\/\/api.w.org\/{rel}","templated":true}]}}