{"id":27452,"date":"2017-02-01T14:52:37","date_gmt":"2017-02-01T13:52:37","guid":{"rendered":"https:\/\/elspeedo.cz\/kurzy\/motorovy-paragliding\/kurz-motoroveho-letani-1-etapa\/"},"modified":"2017-05-11T06:36:18","modified_gmt":"2017-05-11T05:36:18","slug":"kurs-latania-ppg-1-etap","status":"publish","type":"page","link":"https:\/\/elspeedo.cz\/pl\/kursy-paralotniarstwa\/latanie-ppg\/kurs-latania-ppg-1-etap\/","title":{"rendered":"Kurs latania PPG \u2013 1. etap"},"content":{"rendered":"<div class=\"wpb-content-wrapper\">[mk_page_section bg_color=&#8221;#f4f4f4&#8243; video_loop=&#8221;false&#8221; padding_top=&#8221;0&#8243; padding_bottom=&#8221;0&#8243; sidebar=&#8221;sidebar-1&#8243;][vc_column width=&#8221;1\/2&#8243; css=&#8221;.vc_custom_1492846566319{padding-top: 40px !important;}&#8221;][vc_single_image image=&#8221;15719&#8243; img_size=&#8221;full&#8221; alignment=&#8221;center&#8221; style=&#8221;vc_box_rounded&#8221;][\/vc_column][vc_column width=&#8221;1\/2&#8243; css=&#8221;.vc_custom_1492846572495{padding-top: 30px !important;}&#8221;][mk_button_gradient dimension=&#8221;flat&#8221; size=&#8221;large&#8221; corner_style=&#8221;rounded&#8221; grandient_color_from=&#8221;#6087b9&#8243; grandient_color_to=&#8221;#557bab&#8221; grandient_color_fallback=&#8221;#6087b9&#8243; url=&#8221;https:\/\/elspeedo.cz\/pl\/kursy-paralotniarstwa\/latanie-ppg\/kurs-latania-ppg-1-etap\/kurs-latania-ppg-1-etap-rezerwacja-terminu\/&#8221; align=&#8221;center&#8221; el_class=&#8221;btn-el-gradient-blue&#8221;]Wybierz i zarezerwuj termin[\/mk_button_gradient][mk_padding_divider size=&#8221;20&#8243;][vc_column_text disable_pattern=&#8221;false&#8221; align=&#8221;center&#8221;]\n<p style=\"text-align: center\">Podczas pierwszego etapu Kursu PPG nauczysz si\u0119 panowa\u0107 nad paralotni\u0105, przej\u015b\u0107 do pozycji lotu, wystartowa\u0107, wykonywa\u0107 \u0142adne zakr\u0119ty i wyl\u0105dowa\u0107. To wszystko po to, aby na drugim etapie kursu m\u00f3c to wszystko robi\u0107 z\u00a0silnikiem na plecach.<\/p>\n<p style=\"text-align: center\">Pierwszy etap tego kursu jest bardzo wa\u017cny. Im lepiej opanujesz wszystko bez silnika, tym spokojniejsza i bezpieczniejsza b\u0119dzie nauka na drugim etapie z\u00a0silnikiem na plecach. Zaliczenie pierwszego etapu kursu polecamy zar\u00f3wno pocz\u0105tkuj\u0105cym pilotom, jak r\u00f3wnie\u017c do\u015bwiadczonym pilotom lataj\u0105cym swobodnie, kt\u00f3rzy chc\u0105 rozpocz\u0105\u0107 sw\u0105 przygod\u0119 PPG.<\/p>\n[\/vc_column_text][\/vc_column][\/mk_page_section][vc_row fullwidth=&#8221;true&#8221; fullwidth_content=&#8221;false&#8221; css=&#8221;.vc_custom_1481018840064{padding-bottom: 30px !important;background-color: #e7e7e7 !important;}&#8221;][vc_column width=&#8221;2\/3&#8243;][mk_padding_divider size=&#8221;60&#8243;][vc_column_text disable_pattern=&#8221;false&#8221; align=&#8221;center&#8221;]\n<p style=\"text-align: left\"><strong>Szybkie info:<\/strong><br \/>\nKurs przeznaczony jest dla pocz\u0105kuj\u0105cych pilot\u00f3w i pilot\u00f3w ju\u017c posiadaj\u0105cych licencj\u0119 PL-A, lub licencj\u0119 wy\u017cszej kategorii. Wed\u0142ug naszej opinii, aby dobrze i bezpiecznie lata\u0107 z\u00a0silnikiem, najwa\u017cniejsze jest stopniowo i systematycznie zdoby\u0107 wszystkie potrzebne umiej\u0119tno\u015bci. Dlatego nasz kurs latania motoparalotni\u0105 rozdzielony jest na dwa etapy. W czasie pierwszego etapu skupiamy si\u0119 na precyzyjnie i bezpiecznie wykonanym starcie, w drugim etapie \u0107wiczymy loty wysoko\u015bciowe i wszystkie obowi\u0105zuj\u0105ce elementy planu treningowego.<\/p>\n<p style=\"text-align: left\"><strong>Rodzaj imprezy:<\/strong><\/p>\n<p style=\"text-align: left\">Kurs podstawowy latania motoparalotni\u0105 \u2013 1. etap (trenink startu i lot\u00f3w na niskim pu\u0142apie)<\/p>\n<p style=\"text-align: left\"><strong>Warunki uczestnictwa<\/strong><\/p>\n<ul style=\"text-align: left\">\n<li>Od lat 18 do mniej\/wi\u0119cej setki<\/li>\n<\/ul>\n<p style=\"text-align: left\"><strong>Warunki uczestnictwa w drugim etapie:<\/strong><\/p>\n<ul style=\"text-align: left\">\n<li>przegl\u0105d lekarski lekarza medycyny lotniczej (patrz ni\u017cej),<\/li>\n<li>doskona\u0142e opanowanie startu czo\u0142owego,<\/li>\n<li>opanowana teoria kursu.<\/li>\n<\/ul>\n<p style=\"text-align: left\"><strong>Wymagania fizyczne:<\/strong><\/p>\n<ul style=\"text-align: left\">\n<li>niskie, \u015brednie.<\/li>\n<\/ul>\n<p style=\"text-align: left\"><strong>Zalecany nalot pilota:<\/strong><\/p>\n<ul style=\"text-align: left\">\n<li>brak, albo jakikolwiek.<\/li>\n<\/ul>\n<p style=\"text-align: left\"><strong>Cele kursu:<\/strong><\/p>\n<p style=\"text-align: left\">Perfekcyjne opanowanie r\u00f3\u017cnych sposob\u00f3w startu to cel pierwszego etapu. Chodzi w tym wypadku przede wszystkim o bezpiecze\u0144stwo pilota, ale r\u00f3wnie\u017c o zapobieganie ewentualnemu uszkodzeniu sprz\u0119tu na drugim etapie kursu, silnika, albo samej paralotni. Ka\u017cde uszkodzenie to dodatkowe wydatki i zero przyjemno\u015bci, dlatego tak bardzo du\u017cy nacisk k\u0142adziemy na doskona\u0142ym opanowaniu startu. Kolejnymi celami s\u0105 zrozumienie zasad aerodynamiki i lotu paratoni.<\/p>\n<p style=\"text-align: left\"><strong>Czas trwania kursu:<\/strong><\/p>\n<p style=\"text-align: left\">2 dni nadaj\u0105ce si\u0119 do latania (rozpoczynamy zawsze w sobot\u0119, razem z\u00a0nauk\u0105 teorii kurs zazwyczaj trwa 3 \u2013 4 dni).<\/p>\n<p style=\"text-align: left\"><strong>\u0106wiczenia praktyczne:<\/strong><\/p>\n<ul style=\"text-align: left\">\n<li>trening naziemny,<\/li>\n<li>ustawienie paralotni w pozycji lotu,<\/li>\n<li>starty z\u00a0oderwaniem od ziemi,<\/li>\n<li>zakr\u0119t o 180\u00b0,<\/li>\n<li>l\u0105dowanie w wyznaczonym, ograniczonym miejscu.<\/li>\n<\/ul>\n<p style=\"text-align: left\"><strong>Tematy nauki teoretycznej:<\/strong><\/p>\n<ul style=\"text-align: left\">\n<li>aerodynamika,<\/li>\n<li>mechanizmy lotu,<\/li>\n<li>budowa i konstrukcje paralotni.<\/li>\n<\/ul>\n<p style=\"text-align: left\"><strong>Gdzie:<\/strong><\/p>\n<ul style=\"text-align: left\">\n<li>Jaworowy wierch (Javorov\u00fd vrch), Beskidy,<\/li>\n<li>Praszywa (Pra\u0161iv\u00e1), Beskidy.<\/li>\n<\/ul>\n<p style=\"text-align: left\"><strong>Zabezpieczenie personalne:<\/strong><\/p>\n<ul style=\"text-align: left\">\n<li>instruktor kursu podstawowego,<\/li>\n<li>instruktor latania motoparalotni\u0105.<\/li>\n<\/ul>\n<p style=\"text-align: left\"><strong>Cena: 3500 CZK<\/strong><\/p>\n<p style=\"text-align: left\">Cena w wypadku u\u017cywania w\u0142asnego sprz\u0119tu: 2900 CZK<\/p>\n<ul style=\"text-align: left\">\n<li>nasi absolwenci zyskuj\u0105 zni\u017ck\u0119 10%.<\/li>\n<\/ul>\n<p style=\"text-align: left\"><strong>W cenie kursu:<\/strong><\/p>\n<ul style=\"text-align: left\">\n<li>praca instruktor\u00f3w (nauka teoretyczna i praktyczna),<\/li>\n<li>wypo\u017cyczenie sprz\u0119tu paralotniowego i radia,<\/li>\n<li>ksi\u0105\u017cka Paralotniarstwo,<\/li>\n<li>wypo\u017cyczenie ksi\u0105\u017cek i innych materia\u0142\u00f3w do nauki,<\/li>\n<li>ubezpieczenie szkody wyrz\u0105dzonej osobom trzecim,<\/li>\n<li>op\u0142aty za u\u017cywanie startowisk i l\u0105dowisk,<\/li>\n<li>transport pomi\u0119dzy terenami lotniczymi,<\/li>\n<li>wystawienie \u015awiadectwa osobistego,<\/li>\n<li>us\u0142ugi serwisowe podczas napraw, lub dopasowywania sprz\u0119tu,<\/li>\n<li>zdj\u0119cia zrobione podczas ca\u0142ego kursu aparatem cyfrowym,<\/li>\n<li>przedmioty upominkowe, koszulka tematyczna El Speedo \u2013 flying community.<\/li>\n<\/ul>\n<p style=\"text-align: left\"><strong>Mo\u017cesz od nas po\u017cyczy\u0107:<\/strong><\/p>\n<ul style=\"text-align: left\">\n<li>namioty i \u015bpiwory Hannah,<\/li>\n<li>vario i urz\u0105dzenie GPS (patrz SKYTEST).<\/li>\n<\/ul>\n<p style=\"text-align: left\"><strong>Pomo\u017cemy Ci za\u0142atwi\u0107:<\/strong><\/p>\n<ul style=\"text-align: left\">\n<li>dojazd na kurs razem z\u00a0innymi uczestnikami z\u00a0okolicy Twego miejsca zamieszkania,<\/li>\n<li>zakwaterowanie i wy\u017cywienie.<\/li>\n<\/ul>\n<p style=\"text-align: left\"><strong>Transport do miejsca kursu:<\/strong><\/p>\n<p style=\"text-align: left\">indywidualny, albo z\u00a0innymi uczestnikami.<\/p>\n[\/vc_column_text][\/vc_column][vc_column width=&#8221;1\/3&#8243;][\/vc_column][\/vc_row][mk_page_section bg_color=&#8221;#272727&#8243; bg_position=&#8221;center center&#8221; video_loop=&#8221;false&#8221; js_vertical_centered=&#8221;true&#8221; padding_top=&#8221;60&#8243; padding_bottom=&#8221;060&#8243; el_class=&#8221;sc-dark&#8221; sidebar=&#8221;sidebar-1&#8243;][vc_column][mk_fancy_title color=&#8221;#ffffff&#8221; size=&#8221;52&#8243; force_font_size=&#8221;true&#8221; size_phone=&#8221;32&#8243; font_family=&#8221;none&#8221; align=&#8221;center&#8221;]\n<p style=\"text-align: center\">Program absolwencki<\/p>\n[\/mk_fancy_title][vc_column_text disable_pattern=&#8221;false&#8221; align=&#8221;center&#8221;]\n<p style=\"text-align: center\">Zdolno\u015bci pilota klasyfikujemy do 5 podstawowych poziom\u00f3w. Wed\u0142ug tych poziom\u00f3w mo\u017cna wybiera\u0107 konkretne kursy. Celem jest osi\u0105gni\u0119cie podobnego poziomu umiej\u0119tno\u015bci uczestnik\u00f3w kursu i jak najbardziej efektowny proces nauki. W dodatku im wi\u0119cej umiesz, tym mniej p\u0142acisz \u2026<\/p>\n[\/vc_column_text][mk_button dimension=&#8221;outline&#8221; corner_style=&#8221;rounded&#8221; size=&#8221;large&#8221; url=&#8221;https:\/\/elspeedo.cz\/pl\/kursy\/program-absolwencki\/&#8221; align=&#8221;center&#8221; margin_right=&#8221;0&#8243; el_class=&#8221;basic-button&#8221; outline_skin=&#8221;light&#8221;]Wi\u0119cej o programie\u2026<br \/>\n[\/mk_button][\/vc_column][\/mk_page_section]\n<\/div>","protected":false},"excerpt":{"rendered":"<p>[mk_page_section bg_color=&#8221;#f4f4f4&#8243; video_loop=&#8221;false&#8221; padding_top=&#8221;0&#8243; padding_bottom=&#8221;0&#8243; sidebar=&#8221;sidebar-1&#8243;][vc_column width=&#8221;1\/2&#8243; css=&#8221;.vc_custom_1492846566319{padding-top: 40px !important;}&#8221;][vc_single_image image=&#8221;15719&#8243; img_size=&#8221;full&#8221; alignment=&#8221;center&#8221; style=&#8221;vc_box_rounded&#8221;][\/vc_column][vc_column width=&#8221;1\/2&#8243; css=&#8221;.vc_custom_1492846572495{padding-top: 30px !important;}&#8221;][mk_button_gradient dimension=&#8221;flat&#8221; size=&#8221;large&#8221; corner_style=&#8221;rounded&#8221; grandient_color_from=&#8221;#6087b9&#8243; grandient_color_to=&#8221;#557bab&#8221; grandient_color_fallback=&#8221;#6087b9&#8243; url=&#8221;https:\/\/elspeedo.cz\/pl\/kursy-paralotniarstwa\/latanie-ppg\/kurs-latania-ppg-1-etap\/kurs-latania-ppg-1-etap-rezerwacja-terminu\/&#8221; align=&#8221;center&#8221; el_class=&#8221;btn-el-gradient-blue&#8221;]Wybierz i zarezerwuj termin[\/mk_button_gradient][mk_padding_divider size=&#8221;20&#8243;][vc_column_text disable_pattern=&#8221;false&#8221; align=&#8221;center&#8221;] Podczas pierwszego etapu Kursu PPG nauczysz si\u0119 panowa\u0107 nad paralotni\u0105, przej\u015b\u0107 do pozycji lotu, wystartowa\u0107, wykonywa\u0107 \u0142adne zakr\u0119ty i wyl\u0105dowa\u0107. To wszystko [&hellip;]<\/p>\n","protected":false},"author":7,"featured_media":0,"parent":27451,"menu_order":0,"comment_status":"closed","ping_status":"closed","template":"","meta":{"_tribe_blocks_recurrence_rules":"","_tribe_blocks_recurrence_exclusions":"","_tribe_blocks_recurrence_description":"","footnotes":""},"class_list":["post-27452","page","type-page","status-publish","hentry"],"yoast_head":"<!-- This site is optimized with the Yoast SEO plugin v27.0 - https:\/\/yoast.com\/product\/yoast-seo-wordpress\/ -->\n<title>Kurs latania PPG \u2013 1. etap &#8212; El Speedo<\/title>\n<meta name=\"description\" content=\"Kurs PPG 1 dla pocz\u0105kuj\u0105cych pilot\u00f3w i pilot\u00f3w ju\u017c posiadaj\u0105cych licencj\u0119 PL-A, lub licencj\u0119 wy\u017cszej kategorii. Wybierz termin i wy\u015blij zg\u0142oszenie!\" \/>\n<meta name=\"robots\" content=\"index, follow, max-snippet:-1, max-image-preview:large, max-video-preview:-1\" \/>\n<link rel=\"canonical\" href=\"https:\/\/elspeedo.cz\/kurzy-paraglidingu\/motorovy-paragliding\/kurz-motoroveho-paraglidingu-1-etapa\/\" \/>\n<meta property=\"og:locale\" content=\"pl_PL\" \/>\n<meta property=\"og:type\" content=\"article\" \/>\n<meta property=\"og:title\" content=\"Kurs latania PPG \u2013 1. etap &#8212; El Speedo\" \/>\n<meta property=\"og:description\" content=\"Kurs PPG 1 dla pocz\u0105kuj\u0105cych pilot\u00f3w i pilot\u00f3w ju\u017c posiadaj\u0105cych licencj\u0119 PL-A, lub licencj\u0119 wy\u017cszej kategorii. Wybierz termin i wy\u015blij zg\u0142oszenie!\" \/>\n<meta property=\"og:url\" content=\"https:\/\/elspeedo.cz\/kurzy-paraglidingu\/motorovy-paragliding\/kurz-motoroveho-paraglidingu-1-etapa\/\" \/>\n<meta property=\"og:site_name\" content=\"El Speedo\" \/>\n<meta property=\"article:publisher\" content=\"http:\/\/www.facebook.com\/paragliding.elspeedo.cz\/?fref=ts\" \/>\n<meta property=\"article:modified_time\" content=\"2017-05-11T05:36:18+00:00\" \/>\n<meta name=\"twitter:card\" content=\"summary_large_image\" \/>\n<meta name=\"twitter:label1\" content=\"Szacowany czas czytania\" \/>\n\t<meta name=\"twitter:data1\" content=\"4 minuty\" \/>\n<script type=\"application\/ld+json\" class=\"yoast-schema-graph\">{\"@context\":\"https:\/\/schema.org\",\"@graph\":[{\"@type\":\"WebPage\",\"@id\":\"https:\/\/elspeedo.cz\/kurzy-paraglidingu\/motorovy-paragliding\/kurz-motoroveho-paraglidingu-1-etapa\/\",\"url\":\"https:\/\/elspeedo.cz\/kurzy-paraglidingu\/motorovy-paragliding\/kurz-motoroveho-paraglidingu-1-etapa\/\",\"name\":\"Kurs latania PPG \u2013 1. etap &#8212; El Speedo\",\"isPartOf\":{\"@id\":\"https:\/\/elspeedo.cz\/#website\"},\"datePublished\":\"2017-02-01T13:52:37+00:00\",\"dateModified\":\"2017-05-11T05:36:18+00:00\",\"description\":\"Kurs PPG 1 dla pocz\u0105kuj\u0105cych pilot\u00f3w i pilot\u00f3w ju\u017c posiadaj\u0105cych licencj\u0119 PL-A, lub licencj\u0119 wy\u017cszej kategorii. Wybierz termin i wy\u015blij zg\u0142oszenie!\",\"breadcrumb\":{\"@id\":\"https:\/\/elspeedo.cz\/kurzy-paraglidingu\/motorovy-paragliding\/kurz-motoroveho-paraglidingu-1-etapa\/#breadcrumb\"},\"inLanguage\":\"pl-PL\",\"potentialAction\":[{\"@type\":\"ReadAction\",\"target\":[\"https:\/\/elspeedo.cz\/kurzy-paraglidingu\/motorovy-paragliding\/kurz-motoroveho-paraglidingu-1-etapa\/\"]}]},{\"@type\":\"BreadcrumbList\",\"@id\":\"https:\/\/elspeedo.cz\/kurzy-paraglidingu\/motorovy-paragliding\/kurz-motoroveho-paraglidingu-1-etapa\/#breadcrumb\",\"itemListElement\":[{\"@type\":\"ListItem\",\"position\":1,\"name\":\"Dom\u016f\",\"item\":\"https:\/\/elspeedo.cz\/pl\/\"},{\"@type\":\"ListItem\",\"position\":2,\"name\":\"Kursy Paralotniarstwa\",\"item\":\"https:\/\/elspeedo.cz\/pl\/kursy-paralotniarstwa\/\"},{\"@type\":\"ListItem\",\"position\":3,\"name\":\"Motoparalotnie \/ Latanie PPG\",\"item\":\"https:\/\/elspeedo.cz\/kurzy-paraglidingu\/motorovy-paragliding\/\"},{\"@type\":\"ListItem\",\"position\":4,\"name\":\"Kurs latania PPG \u2013 1. etap\"}]},{\"@type\":\"WebSite\",\"@id\":\"https:\/\/elspeedo.cz\/#website\",\"url\":\"https:\/\/elspeedo.cz\/\",\"name\":\"El Speedo\",\"description\":\"Paragliding - kurzy, vybaven\u00ed, v\u00fdlety, komunita\",\"potentialAction\":[{\"@type\":\"SearchAction\",\"target\":{\"@type\":\"EntryPoint\",\"urlTemplate\":\"https:\/\/elspeedo.cz\/?s={search_term_string}\"},\"query-input\":{\"@type\":\"PropertyValueSpecification\",\"valueRequired\":true,\"valueName\":\"search_term_string\"}}],\"inLanguage\":\"pl-PL\"}]}<\/script>\n<!-- \/ Yoast SEO plugin. -->","yoast_head_json":{"title":"Kurs latania PPG \u2013 1. etap &#8212; El Speedo","description":"Kurs PPG 1 dla pocz\u0105kuj\u0105cych pilot\u00f3w i pilot\u00f3w ju\u017c posiadaj\u0105cych licencj\u0119 PL-A, lub licencj\u0119 wy\u017cszej kategorii. Wybierz termin i wy\u015blij zg\u0142oszenie!","robots":{"index":"index","follow":"follow","max-snippet":"max-snippet:-1","max-image-preview":"max-image-preview:large","max-video-preview":"max-video-preview:-1"},"canonical":"https:\/\/elspeedo.cz\/kurzy-paraglidingu\/motorovy-paragliding\/kurz-motoroveho-paraglidingu-1-etapa\/","og_locale":"pl_PL","og_type":"article","og_title":"Kurs latania PPG \u2013 1. etap &#8212; El Speedo","og_description":"Kurs PPG 1 dla pocz\u0105kuj\u0105cych pilot\u00f3w i pilot\u00f3w ju\u017c posiadaj\u0105cych licencj\u0119 PL-A, lub licencj\u0119 wy\u017cszej kategorii. Wybierz termin i wy\u015blij zg\u0142oszenie!","og_url":"https:\/\/elspeedo.cz\/kurzy-paraglidingu\/motorovy-paragliding\/kurz-motoroveho-paraglidingu-1-etapa\/","og_site_name":"El Speedo","article_publisher":"http:\/\/www.facebook.com\/paragliding.elspeedo.cz\/?fref=ts","article_modified_time":"2017-05-11T05:36:18+00:00","twitter_card":"summary_large_image","twitter_misc":{"Szacowany czas czytania":"4 minuty"},"schema":{"@context":"https:\/\/schema.org","@graph":[{"@type":"WebPage","@id":"https:\/\/elspeedo.cz\/kurzy-paraglidingu\/motorovy-paragliding\/kurz-motoroveho-paraglidingu-1-etapa\/","url":"https:\/\/elspeedo.cz\/kurzy-paraglidingu\/motorovy-paragliding\/kurz-motoroveho-paraglidingu-1-etapa\/","name":"Kurs latania PPG \u2013 1. etap &#8212; El Speedo","isPartOf":{"@id":"https:\/\/elspeedo.cz\/#website"},"datePublished":"2017-02-01T13:52:37+00:00","dateModified":"2017-05-11T05:36:18+00:00","description":"Kurs PPG 1 dla pocz\u0105kuj\u0105cych pilot\u00f3w i pilot\u00f3w ju\u017c posiadaj\u0105cych licencj\u0119 PL-A, lub licencj\u0119 wy\u017cszej kategorii. Wybierz termin i wy\u015blij zg\u0142oszenie!","breadcrumb":{"@id":"https:\/\/elspeedo.cz\/kurzy-paraglidingu\/motorovy-paragliding\/kurz-motoroveho-paraglidingu-1-etapa\/#breadcrumb"},"inLanguage":"pl-PL","potentialAction":[{"@type":"ReadAction","target":["https:\/\/elspeedo.cz\/kurzy-paraglidingu\/motorovy-paragliding\/kurz-motoroveho-paraglidingu-1-etapa\/"]}]},{"@type":"BreadcrumbList","@id":"https:\/\/elspeedo.cz\/kurzy-paraglidingu\/motorovy-paragliding\/kurz-motoroveho-paraglidingu-1-etapa\/#breadcrumb","itemListElement":[{"@type":"ListItem","position":1,"name":"Dom\u016f","item":"https:\/\/elspeedo.cz\/pl\/"},{"@type":"ListItem","position":2,"name":"Kursy Paralotniarstwa","item":"https:\/\/elspeedo.cz\/pl\/kursy-paralotniarstwa\/"},{"@type":"ListItem","position":3,"name":"Motoparalotnie \/ Latanie PPG","item":"https:\/\/elspeedo.cz\/kurzy-paraglidingu\/motorovy-paragliding\/"},{"@type":"ListItem","position":4,"name":"Kurs latania PPG \u2013 1. etap"}]},{"@type":"WebSite","@id":"https:\/\/elspeedo.cz\/#website","url":"https:\/\/elspeedo.cz\/","name":"El Speedo","description":"Paragliding - kurzy, vybaven\u00ed, v\u00fdlety, komunita","potentialAction":[{"@type":"SearchAction","target":{"@type":"EntryPoint","urlTemplate":"https:\/\/elspeedo.cz\/?s={search_term_string}"},"query-input":{"@type":"PropertyValueSpecification","valueRequired":true,"valueName":"search_term_string"}}],"inLanguage":"pl-PL"}]}},"_links":{"self":[{"href":"https:\/\/elspeedo.cz\/pl\/wp-json\/wp\/v2\/pages\/27452","targetHints":{"allow":["GET"]}}],"collection":[{"href":"https:\/\/elspeedo.cz\/pl\/wp-json\/wp\/v2\/pages"}],"about":[{"href":"https:\/\/elspeedo.cz\/pl\/wp-json\/wp\/v2\/types\/page"}],"author":[{"embeddable":true,"href":"https:\/\/elspeedo.cz\/pl\/wp-json\/wp\/v2\/users\/7"}],"replies":[{"embeddable":true,"href":"https:\/\/elspeedo.cz\/pl\/wp-json\/wp\/v2\/comments?post=27452"}],"version-history":[{"count":0,"href":"https:\/\/elspeedo.cz\/pl\/wp-json\/wp\/v2\/pages\/27452\/revisions"}],"up":[{"embeddable":true,"href":"https:\/\/elspeedo.cz\/pl\/wp-json\/wp\/v2\/pages\/27451"}],"wp:attachment":[{"href":"https:\/\/elspeedo.cz\/pl\/wp-json\/wp\/v2\/media?parent=27452"}],"curies":[{"name":"wp","href":"https:\/\/api.w.org\/{rel}","templated":true}]}}