{"id":27458,"date":"2017-02-01T14:57:07","date_gmt":"2017-02-01T13:57:07","guid":{"rendered":"https:\/\/elspeedo.cz\/vybaveni\/batohy-a-obaly\/el-speedo-rb-solid\/"},"modified":"2022-02-09T11:45:49","modified_gmt":"2022-02-09T10:45:49","slug":"el-speedo-rb-solid","status":"publish","type":"page","link":"https:\/\/elspeedo.cz\/pl\/sprzet-2\/plecaki-el-speedo\/el-speedo-rb-solid\/","title":{"rendered":"El Speedo RB Solid"},"content":{"rendered":"<div class=\"wpb-content-wrapper\">[mk_page_section video_loop=&#8221;false&#8221; min_height=&#8221;0&#8243; js_vertical_centered=&#8221;true&#8221; padding_top=&#8221;20&#8243; padding_bottom=&#8221;50&#8243; top_shape_color=&#8221;#ffffff&#8221; bottom_shape_color=&#8221;#ffffff&#8221; sidebar=&#8221;sidebar-1&#8243;][vc_column][vc_row_inner][vc_column_inner width=&#8221;1\/2&#8243;][vc_single_image image=&#8221;13716&#8243; img_size=&#8221;full&#8221; alignment=&#8221;center&#8221; style=&#8221;vc_box_rounded&#8221; css=&#8221;.vc_custom_1480688861365{padding-right: 0px !important;padding-left: 50px !important;}&#8221;][\/vc_column_inner][vc_column_inner width=&#8221;1\/2&#8243;][vc_column_text align=&#8221;right&#8221;]\n<h1 style=\"text-align: left\">Koniec z\u00a0m\u0119cz\u0105cym pakowaniem<\/h1>\n<p style=\"text-align: left\">Latasz regularnie? Napewno stwierdzi\u0142e\u015b, \u017ce nie masz powodu pakowa\u0107 sw\u00f3j sprz\u0119t w jakikolwiek plecak, kiedy masz szybkopak El Seedo RB Solid. Korzystaj i Ty z\u00a0prostego i efektownego rozwi\u0105zania, u\u017cywanego przez szko\u0142y paralotniarstwa i przez profesjonalnych pilot\u00f3w.<\/p>\n[\/vc_column_text][mk_padding_divider]<p class=\"product woocommerce add_to_cart_inline \" style=\"border:4px solid #ccc; padding: 12px;\"><span class=\"woocommerce-Price-amount amount\">3 190&nbsp;<span class=\"woocommerce-Price-currencySymbol\">&#75;&#269;<\/span><\/span><a rel=\"nofollow\" href=\"https:\/\/elspeedo.cz\/?post_type=product&#038;p=18513\/\" data-quantity=\"1\" data-product_id=\"18513\" data-product_sku=\"\" class=\"product_loop_button product_type_variable  \" data-product_id=\"18513\" data-product_sku=\"\" aria-label=\"Select options for &ldquo;El Speedo RB Solid&rdquo;\" rel=\"nofollow\"><svg  class=\"mk-svg-icon\" data-name=\"mk-moon-search-3\" data-cacheid=\"icon-69e501801448e\" style=\" height:16px; width: 16px; \"  xmlns=\"http:\/\/www.w3.org\/2000\/svg\" viewBox=\"0 0 512 512\"><path d=\"M496.131 435.698l-121.276-103.147c-12.537-11.283-25.945-16.463-36.776-15.963 28.628-33.534 45.921-77.039 45.921-124.588 0-106.039-85.961-192-192-192-106.038 0-192 85.961-192 192s85.961 192 192 192c47.549 0 91.054-17.293 124.588-45.922-.5 10.831 4.68 24.239 15.963 36.776l103.147 121.276c17.661 19.623 46.511 21.277 64.11 3.678s15.946-46.449-3.677-64.11zm-304.131-115.698c-70.692 0-128-57.308-128-128s57.308-128 128-128 128 57.308 128 128-57.307 128-128 128z\"\/><\/svg><span class=\"product_loop_button_text\">Read more<\/a><\/p>[\/vc_column_inner][\/vc_row_inner][\/vc_column][\/mk_page_section][mk_page_section bg_color=&#8221;#e7e7e7&#8243; video_loop=&#8221;false&#8221; padding_top=&#8221;100&#8243; padding_bottom=&#8221;100&#8243; sidebar=&#8221;sidebar-1&#8243;][vc_column width=&#8221;2\/3&#8243;][vc_column_text align=&#8221;center&#8221;]\n<h1 style=\"text-align: right\">Wytrwa\u0142y pomocnik<\/h1>\n<p style=\"text-align: right\">Szybkopak RB Solid wywodzi si\u0119 ze sprawdzonej konstrukcji El Speedo placaka RB Ultrino. Ta wersja jednak wykonana jest z mocniejszych i nieco ci\u0119\u017cszych materia\u0142\u00f3w, poniewa\u017c wytworzona zosta\u0142a z\u00a0my\u015bl\u0105 o codziennym wykorzystywaniu podczas kurs\u00f3w i przez profesjonalnych tandem pilot\u00f3w.<\/p>\n<div style=\"text-align: right\"><\/div>\n[\/vc_column_text][\/vc_column][vc_column width=&#8221;1\/3&#8243;][vc_single_image image=&#8221;18112&#8243; img_size=&#8221;full&#8221; alignment=&#8221;center&#8221; style=&#8221;vc_box_rounded&#8221;][\/vc_column][\/mk_page_section][mk_page_section video_loop=&#8221;false&#8221; padding_top=&#8221;100&#8243; padding_bottom=&#8221;100&#8243; sidebar=&#8221;sidebar-1&#8243;][vc_column][vc_column_text align=&#8221;center&#8221;]\n<div class=\"clr\" style=\"text-align: center\"><span style=\"font-size: 24pt\">Problem z g\u0142owy w\u00a0<span style=\"font-size: 50pt\">20 sekund<\/span><\/span><\/div>\n<p style=\"text-align: center\">Niczego nie trzeba odpina\u0107! W\u0142\u00f3\u017c do \u015brodka skrzyd\u0142o, uprz\u0105\u017c, kask i oprzyrz\u0105dowanie lotnicze, \u015bci\u0105gnij sznurek obwodowy i zapnij 3 sprz\u0105czki&#8230;<\/p>\n[\/vc_column_text][vc_single_image image=&#8221;14083&#8243; img_size=&#8221;full&#8221; alignment=&#8221;center&#8221; style=&#8221;vc_box_rounded&#8221;][\/vc_column][\/mk_page_section][vc_row css=&#8221;.vc_custom_1482832496265{padding-top: 0px !important;}&#8221;][vc_column][vc_column_text]\n<h1 style=\"text-align: center\">Rozmiary i dane techniczne<\/h1>\n[\/vc_column_text][mk_table style=&#8221;style2&#8243;]\n<table style=\"height: 118px\" width=\"1109\">\n<thead>\n<tr>\n<th style=\"text-align: center\">RB\u00a0Solid<\/th>\n<th style=\"text-align: center\">M<\/th>\n<th style=\"text-align: center\">L<\/th>\n<\/tr>\n<\/thead>\n<tbody>\n<tr>\n<td style=\"text-align: center\"><\/td>\n<td style=\"text-align: center\"><\/td>\n<td style=\"text-align: center\"><\/td>\n<\/tr>\n<tr>\n<td style=\"text-align: center\"><\/td>\n<td style=\"text-align: center\"><\/td>\n<td style=\"text-align: center\"><\/td>\n<\/tr>\n<tr>\n<td style=\"text-align: center\">Masa<\/td>\n<td style=\"text-align: center\">660 g<\/td>\n<td style=\"text-align: center\">680 g<\/td>\n<\/tr>\n<tr>\n<td style=\"text-align: center\"><\/td>\n<td style=\"text-align: center\"><\/td>\n<td style=\"text-align: center\"><\/td>\n<\/tr>\n<tr>\n<td style=\"text-align: center\">Cena<\/td>\n<td style=\"text-align: center\">3190 CZK<\/td>\n<td style=\"text-align: center\">3190 CZK<\/td>\n<\/tr>\n<\/tbody>\n<\/table>\n[\/mk_table][mk_padding_divider size=&#8221;80&#8243;][\/vc_column][\/vc_row][mk_page_section bg_color=&#8221;#f4f4f4&#8243; bg_stretch=&#8221;true&#8221; video_loop=&#8221;false&#8221; padding_top=&#8221;100&#8243; padding_bottom=&#8221;100&#8243; el_class=&#8221;section-gray&#8221; sidebar=&#8221;sidebar-1&#8243;][vc_column width=&#8221;1\/2&#8243;][vc_column_text]\n<h2>Przejd\u017a do zam\u00f3wienia:<\/h2>\n[\/vc_column_text][\/vc_column][vc_column width=&#8221;1\/2&#8243;]<p class=\"product woocommerce add_to_cart_inline \" style=\"border:4px solid #ccc; padding: 12px;\"><span class=\"woocommerce-Price-amount amount\">3 190&nbsp;<span class=\"woocommerce-Price-currencySymbol\">&#75;&#269;<\/span><\/span><a rel=\"nofollow\" href=\"https:\/\/elspeedo.cz\/?post_type=product&#038;p=18513\/\" data-quantity=\"1\" data-product_id=\"18513\" data-product_sku=\"\" class=\"product_loop_button product_type_variable  \" data-product_id=\"18513\" data-product_sku=\"\" aria-label=\"Select options for &ldquo;El Speedo RB Solid&rdquo;\" rel=\"nofollow\"><svg  class=\"mk-svg-icon\" data-name=\"mk-moon-search-3\" data-cacheid=\"icon-69e5018014a81\" style=\" height:16px; width: 16px; \"  xmlns=\"http:\/\/www.w3.org\/2000\/svg\" viewBox=\"0 0 512 512\"><path d=\"M496.131 435.698l-121.276-103.147c-12.537-11.283-25.945-16.463-36.776-15.963 28.628-33.534 45.921-77.039 45.921-124.588 0-106.039-85.961-192-192-192-106.038 0-192 85.961-192 192s85.961 192 192 192c47.549 0 91.054-17.293 124.588-45.922-.5 10.831 4.68 24.239 15.963 36.776l103.147 121.276c17.661 19.623 46.511 21.277 64.11 3.678s15.946-46.449-3.677-64.11zm-304.131-115.698c-70.692 0-128-57.308-128-128s57.308-128 128-128 128 57.308 128 128-57.307 128-128 128z\"\/><\/svg><span class=\"product_loop_button_text\">Read more<\/a><\/p>[\/vc_column][\/mk_page_section][mk_page_section bg_color=&#8221;#272727&#8243; bg_position=&#8221;center center&#8221; video_loop=&#8221;false&#8221; js_vertical_centered=&#8221;true&#8221; padding_top=&#8221;80&#8243; padding_bottom=&#8221;80&#8243; el_class=&#8221;sc-dark&#8221; sidebar=&#8221;sidebar-1&#8243;][vc_column][vc_column_text disable_pattern=&#8221;false&#8221; align=&#8221;center&#8221;]\n<div class=\"clr\" style=\"text-align: center\"><span style=\"font-size: 24pt\">Kupuj w\u00a0<span style=\"font-size: 40pt\">CENACH ABSOLWENCKICH<\/span><\/span><\/div>\n[\/vc_column_text][mk_padding_divider size=&#8221;20&#8243;][vc_column_text disable_pattern=&#8221;false&#8221; align=&#8221;center&#8221;]\n<p style=\"text-align: center\">Wszyscy absolwenci naszych program\u00f3w treningowych posiadaj\u0105<\/p>\n<h2 style=\"text-align: center\">zni\u017ck\u0119 10% i wed\u0142ug indywidualnych mo\u017cliwo\u015bci rozpatrujemy odliczenie podatku VAT.<\/h2>\n<p style=\"text-align: center\">Wszystkie informacje uzyskasz w naszym biurze, pod nr. +420\u00a0777\u00a0311 661<\/p>\n[\/vc_column_text][\/vc_column][\/mk_page_section]\n<\/div>","protected":false},"excerpt":{"rendered":"<p>[mk_page_section video_loop=&#8221;false&#8221; min_height=&#8221;0&#8243; js_vertical_centered=&#8221;true&#8221; padding_top=&#8221;20&#8243; padding_bottom=&#8221;50&#8243; top_shape_color=&#8221;#ffffff&#8221; bottom_shape_color=&#8221;#ffffff&#8221; sidebar=&#8221;sidebar-1&#8243;][vc_column][vc_row_inner][vc_column_inner width=&#8221;1\/2&#8243;][vc_single_image image=&#8221;13716&#8243; img_size=&#8221;full&#8221; alignment=&#8221;center&#8221; style=&#8221;vc_box_rounded&#8221; css=&#8221;.vc_custom_1480688861365{padding-right: 0px !important;padding-left: 50px !important;}&#8221;][\/vc_column_inner][vc_column_inner width=&#8221;1\/2&#8243;][vc_column_text align=&#8221;right&#8221;] Koniec z\u00a0m\u0119cz\u0105cym pakowaniem Latasz regularnie? Napewno stwierdzi\u0142e\u015b, \u017ce nie masz powodu pakowa\u0107 sw\u00f3j sprz\u0119t w jakikolwiek plecak, kiedy masz szybkopak El Seedo RB Solid. Korzystaj i Ty z\u00a0prostego i efektownego rozwi\u0105zania, u\u017cywanego przez szko\u0142y [&hellip;]<\/p>\n","protected":false},"author":4,"featured_media":0,"parent":27446,"menu_order":0,"comment_status":"closed","ping_status":"closed","template":"","meta":{"_tribe_blocks_recurrence_rules":"","_tribe_blocks_recurrence_exclusions":"","_tribe_blocks_recurrence_description":"","footnotes":""},"class_list":["post-27458","page","type-page","status-publish","hentry"],"yoast_head":"<!-- This site is optimized with the Yoast SEO plugin v27.0 - https:\/\/yoast.com\/product\/yoast-seo-wordpress\/ -->\n<title>El Speedo RB Solid &#8212; El Speedo<\/title>\n<meta name=\"description\" content=\"Koniec z m\u0119cz\u0105cym pakowaniem. Na pewno stwierdzi\u0142e\u015b, \u017ce nie masz powodu pakowa\u0107 sw\u00f3j sprz\u0119t w jakikolwiek plecak, kiedy masz szybkopak RB Solid.\" \/>\n<meta name=\"robots\" content=\"index, follow, max-snippet:-1, max-image-preview:large, max-video-preview:-1\" \/>\n<link rel=\"canonical\" href=\"https:\/\/elspeedo.cz\/vybaveni\/batohy-a-obaly\/elspeedo-rychlobal-solid\/\" \/>\n<meta property=\"og:locale\" content=\"pl_PL\" \/>\n<meta property=\"og:type\" content=\"article\" \/>\n<meta property=\"og:title\" content=\"El Speedo RB Solid &#8212; El Speedo\" \/>\n<meta property=\"og:description\" content=\"Koniec z m\u0119cz\u0105cym pakowaniem. Na pewno stwierdzi\u0142e\u015b, \u017ce nie masz powodu pakowa\u0107 sw\u00f3j sprz\u0119t w jakikolwiek plecak, kiedy masz szybkopak RB Solid.\" \/>\n<meta property=\"og:url\" content=\"https:\/\/elspeedo.cz\/vybaveni\/batohy-a-obaly\/elspeedo-rychlobal-solid\/\" \/>\n<meta property=\"og:site_name\" content=\"El Speedo\" \/>\n<meta property=\"article:publisher\" content=\"http:\/\/www.facebook.com\/paragliding.elspeedo.cz\/?fref=ts\" \/>\n<meta property=\"article:modified_time\" content=\"2022-02-09T10:45:49+00:00\" \/>\n<meta name=\"twitter:card\" content=\"summary_large_image\" \/>\n<meta name=\"twitter:label1\" content=\"Szacowany czas czytania\" \/>\n\t<meta name=\"twitter:data1\" content=\"2 minuty\" \/>\n<script type=\"application\/ld+json\" class=\"yoast-schema-graph\">{\"@context\":\"https:\/\/schema.org\",\"@graph\":[{\"@type\":\"WebPage\",\"@id\":\"https:\/\/elspeedo.cz\/vybaveni\/batohy-a-obaly\/elspeedo-rychlobal-solid\/\",\"url\":\"https:\/\/elspeedo.cz\/vybaveni\/batohy-a-obaly\/elspeedo-rychlobal-solid\/\",\"name\":\"El Speedo RB Solid &#8212; El Speedo\",\"isPartOf\":{\"@id\":\"https:\/\/elspeedo.cz\/#website\"},\"datePublished\":\"2017-02-01T13:57:07+00:00\",\"dateModified\":\"2022-02-09T10:45:49+00:00\",\"description\":\"Koniec z m\u0119cz\u0105cym pakowaniem. Na pewno stwierdzi\u0142e\u015b, \u017ce nie masz powodu pakowa\u0107 sw\u00f3j sprz\u0119t w jakikolwiek plecak, kiedy masz szybkopak RB Solid.\",\"breadcrumb\":{\"@id\":\"https:\/\/elspeedo.cz\/vybaveni\/batohy-a-obaly\/elspeedo-rychlobal-solid\/#breadcrumb\"},\"inLanguage\":\"pl-PL\",\"potentialAction\":[{\"@type\":\"ReadAction\",\"target\":[\"https:\/\/elspeedo.cz\/vybaveni\/batohy-a-obaly\/elspeedo-rychlobal-solid\/\"]}]},{\"@type\":\"BreadcrumbList\",\"@id\":\"https:\/\/elspeedo.cz\/vybaveni\/batohy-a-obaly\/elspeedo-rychlobal-solid\/#breadcrumb\",\"itemListElement\":[{\"@type\":\"ListItem\",\"position\":1,\"name\":\"Dom\u016f\",\"item\":\"https:\/\/elspeedo.cz\/pl\/\"},{\"@type\":\"ListItem\",\"position\":2,\"name\":\"Sprz\u0119t\",\"item\":\"https:\/\/elspeedo.cz\/pl\/sprzet-2\/\"},{\"@type\":\"ListItem\",\"position\":3,\"name\":\"Plecaki El Speedo\",\"item\":\"https:\/\/elspeedo.cz\/vybaveni\/batohy-a-obaly\/\"},{\"@type\":\"ListItem\",\"position\":4,\"name\":\"El Speedo RB Solid\"}]},{\"@type\":\"WebSite\",\"@id\":\"https:\/\/elspeedo.cz\/#website\",\"url\":\"https:\/\/elspeedo.cz\/\",\"name\":\"El Speedo\",\"description\":\"Paragliding - kurzy, vybaven\u00ed, v\u00fdlety, komunita\",\"potentialAction\":[{\"@type\":\"SearchAction\",\"target\":{\"@type\":\"EntryPoint\",\"urlTemplate\":\"https:\/\/elspeedo.cz\/?s={search_term_string}\"},\"query-input\":{\"@type\":\"PropertyValueSpecification\",\"valueRequired\":true,\"valueName\":\"search_term_string\"}}],\"inLanguage\":\"pl-PL\"}]}<\/script>\n<!-- \/ Yoast SEO plugin. -->","yoast_head_json":{"title":"El Speedo RB Solid &#8212; El Speedo","description":"Koniec z m\u0119cz\u0105cym pakowaniem. Na pewno stwierdzi\u0142e\u015b, \u017ce nie masz powodu pakowa\u0107 sw\u00f3j sprz\u0119t w jakikolwiek plecak, kiedy masz szybkopak RB Solid.","robots":{"index":"index","follow":"follow","max-snippet":"max-snippet:-1","max-image-preview":"max-image-preview:large","max-video-preview":"max-video-preview:-1"},"canonical":"https:\/\/elspeedo.cz\/vybaveni\/batohy-a-obaly\/elspeedo-rychlobal-solid\/","og_locale":"pl_PL","og_type":"article","og_title":"El Speedo RB Solid &#8212; El Speedo","og_description":"Koniec z m\u0119cz\u0105cym pakowaniem. Na pewno stwierdzi\u0142e\u015b, \u017ce nie masz powodu pakowa\u0107 sw\u00f3j sprz\u0119t w jakikolwiek plecak, kiedy masz szybkopak RB Solid.","og_url":"https:\/\/elspeedo.cz\/vybaveni\/batohy-a-obaly\/elspeedo-rychlobal-solid\/","og_site_name":"El Speedo","article_publisher":"http:\/\/www.facebook.com\/paragliding.elspeedo.cz\/?fref=ts","article_modified_time":"2022-02-09T10:45:49+00:00","twitter_card":"summary_large_image","twitter_misc":{"Szacowany czas czytania":"2 minuty"},"schema":{"@context":"https:\/\/schema.org","@graph":[{"@type":"WebPage","@id":"https:\/\/elspeedo.cz\/vybaveni\/batohy-a-obaly\/elspeedo-rychlobal-solid\/","url":"https:\/\/elspeedo.cz\/vybaveni\/batohy-a-obaly\/elspeedo-rychlobal-solid\/","name":"El Speedo RB Solid &#8212; El Speedo","isPartOf":{"@id":"https:\/\/elspeedo.cz\/#website"},"datePublished":"2017-02-01T13:57:07+00:00","dateModified":"2022-02-09T10:45:49+00:00","description":"Koniec z m\u0119cz\u0105cym pakowaniem. Na pewno stwierdzi\u0142e\u015b, \u017ce nie masz powodu pakowa\u0107 sw\u00f3j sprz\u0119t w jakikolwiek plecak, kiedy masz szybkopak RB Solid.","breadcrumb":{"@id":"https:\/\/elspeedo.cz\/vybaveni\/batohy-a-obaly\/elspeedo-rychlobal-solid\/#breadcrumb"},"inLanguage":"pl-PL","potentialAction":[{"@type":"ReadAction","target":["https:\/\/elspeedo.cz\/vybaveni\/batohy-a-obaly\/elspeedo-rychlobal-solid\/"]}]},{"@type":"BreadcrumbList","@id":"https:\/\/elspeedo.cz\/vybaveni\/batohy-a-obaly\/elspeedo-rychlobal-solid\/#breadcrumb","itemListElement":[{"@type":"ListItem","position":1,"name":"Dom\u016f","item":"https:\/\/elspeedo.cz\/pl\/"},{"@type":"ListItem","position":2,"name":"Sprz\u0119t","item":"https:\/\/elspeedo.cz\/pl\/sprzet-2\/"},{"@type":"ListItem","position":3,"name":"Plecaki El Speedo","item":"https:\/\/elspeedo.cz\/vybaveni\/batohy-a-obaly\/"},{"@type":"ListItem","position":4,"name":"El Speedo RB Solid"}]},{"@type":"WebSite","@id":"https:\/\/elspeedo.cz\/#website","url":"https:\/\/elspeedo.cz\/","name":"El Speedo","description":"Paragliding - kurzy, vybaven\u00ed, v\u00fdlety, komunita","potentialAction":[{"@type":"SearchAction","target":{"@type":"EntryPoint","urlTemplate":"https:\/\/elspeedo.cz\/?s={search_term_string}"},"query-input":{"@type":"PropertyValueSpecification","valueRequired":true,"valueName":"search_term_string"}}],"inLanguage":"pl-PL"}]}},"_links":{"self":[{"href":"https:\/\/elspeedo.cz\/pl\/wp-json\/wp\/v2\/pages\/27458","targetHints":{"allow":["GET"]}}],"collection":[{"href":"https:\/\/elspeedo.cz\/pl\/wp-json\/wp\/v2\/pages"}],"about":[{"href":"https:\/\/elspeedo.cz\/pl\/wp-json\/wp\/v2\/types\/page"}],"author":[{"embeddable":true,"href":"https:\/\/elspeedo.cz\/pl\/wp-json\/wp\/v2\/users\/4"}],"replies":[{"embeddable":true,"href":"https:\/\/elspeedo.cz\/pl\/wp-json\/wp\/v2\/comments?post=27458"}],"version-history":[{"count":3,"href":"https:\/\/elspeedo.cz\/pl\/wp-json\/wp\/v2\/pages\/27458\/revisions"}],"predecessor-version":[{"id":178251,"href":"https:\/\/elspeedo.cz\/pl\/wp-json\/wp\/v2\/pages\/27458\/revisions\/178251"}],"up":[{"embeddable":true,"href":"https:\/\/elspeedo.cz\/pl\/wp-json\/wp\/v2\/pages\/27446"}],"wp:attachment":[{"href":"https:\/\/elspeedo.cz\/pl\/wp-json\/wp\/v2\/media?parent=27458"}],"curies":[{"name":"wp","href":"https:\/\/api.w.org\/{rel}","templated":true}]}}