{"id":27459,"date":"2017-01-03T12:31:26","date_gmt":"2017-01-03T11:31:26","guid":{"rendered":"https:\/\/elspeedo.cz\/vybaveni\/el-speedo-odladena-nabidka\/"},"modified":"2022-02-09T12:22:37","modified_gmt":"2022-02-09T11:22:37","slug":"el-speedo-dopasowana-oferta","status":"publish","type":"page","link":"https:\/\/elspeedo.cz\/pl\/sprzet-2\/el-speedo-dopasowana-oferta\/","title":{"rendered":"El Speedo dopasowana oferta"},"content":{"rendered":"<div class=\"wpb-content-wrapper\">[mk_page_section padding_top=&#8221;60&#8243; padding_bottom=&#8221;80&#8243; sidebar=&#8221;sidebar-1&#8243;][vc_column width=&#8221;1\/3&#8243;][vc_single_image image=&#8221;23774&#8243; img_size=&#8221;full&#8221; alignment=&#8221;center&#8221; style=&#8221;vc_box_rounded&#8221; onclick=&#8221;custom_link&#8221; link=&#8221;https:\/\/elspeedo.cz\/pl\/sprzet-2\/el-speedo-dopasowana-oferta\/#pilot&#8221;][vc_column_text align=&#8221;center&#8221;]\n<h3>PILOT<\/h3>\n[\/vc_column_text][vc_column_text align=&#8221;center&#8221;]Jako\u015b\u0107 dla pocz\u0105tkuj\u0105cych i lekko zaawansowanych[\/vc_column_text][mk_button_gradient dimension=&#8221;flat&#8221; size=&#8221;large&#8221; corner_style=&#8221;rounded&#8221; grandient_color_from=&#8221;#6087b9&#8243; grandient_color_to=&#8221;#557bab&#8221; grandient_color_fallback=&#8221;#6087b9&#8243; url=&#8221;https:\/\/elspeedo.cz\/pl\/sprzet-2\/el-speedo-dopasowana-oferta\/#pilot&#8221; align=&#8221;center&#8221; el_class=&#8221;btn-el-gradient-blue&#8221;]Poka\u017c ofert\u0119[\/mk_button_gradient][\/vc_column][vc_column width=&#8221;1\/3&#8243;][vc_single_image image=&#8221;23772&#8243; img_size=&#8221;full&#8221; alignment=&#8221;center&#8221; style=&#8221;vc_box_rounded&#8221; onclick=&#8221;custom_link&#8221; link=&#8221;https:\/\/elspeedo.cz\/pl\/sprzet-2\/el-speedo-dopasowana-oferta\/#sport&#8221;][vc_column_text align=&#8221;center&#8221;]\n<h3>SPORT<\/h3>\n[\/vc_column_text][vc_column_text align=&#8221;center&#8221;]Moc i bezpiecze\u0144stwo dla aktywnych pilot\u00f3w[\/vc_column_text][mk_button_gradient dimension=&#8221;flat&#8221; size=&#8221;large&#8221; corner_style=&#8221;rounded&#8221; grandient_color_from=&#8221;#6087b9&#8243; grandient_color_to=&#8221;#557bab&#8221; grandient_color_fallback=&#8221;#6087b9&#8243; url=&#8221;https:\/\/elspeedo.cz\/pl\/sprzet-2\/el-speedo-dopasowana-oferta\/#sport&#8221; align=&#8221;center&#8221; el_class=&#8221;btn-el-gradient-blue&#8221;]Poka\u017c ofert\u0119[\/mk_button_gradient][\/vc_column][vc_column width=&#8221;1\/3&#8243;][vc_single_image image=&#8221;23761&#8243; img_size=&#8221;full&#8221; alignment=&#8221;center&#8221; style=&#8221;vc_box_rounded&#8221; onclick=&#8221;custom_link&#8221; link=&#8221;https:\/\/elspeedo.cz\/pl\/sprzet-2\/el-speedo-dopasowana-oferta\/#expert&#8221;][vc_column_text align=&#8221;center&#8221;]\n<h3>EXPERT<\/h3>\n[\/vc_column_text][vc_column_text align=&#8221;center&#8221;]Narz\u0119dzia prawdziwych paralotniowych fachowc\u00f3w[\/vc_column_text][mk_button_gradient dimension=&#8221;flat&#8221; size=&#8221;large&#8221; corner_style=&#8221;rounded&#8221; grandient_color_from=&#8221;#6087b9&#8243; grandient_color_to=&#8221;#557bab&#8221; grandient_color_fallback=&#8221;#6087b9&#8243; url=&#8221;https:\/\/elspeedo.cz\/pl\/sprzet-2\/el-speedo-dopasowana-oferta\/#expert&#8221; align=&#8221;center&#8221; el_class=&#8221;btn-el-gradient-blue&#8221;]Poka\u017c ofert\u0119[\/mk_button_gradient][\/vc_column][\/mk_page_section][mk_page_section bg_color=&#8221;#272727&#8243; bg_position=&#8221;center center&#8221; video_loop=&#8221;false&#8221; js_vertical_centered=&#8221;true&#8221; padding_top=&#8221;80&#8243; padding_bottom=&#8221;80&#8243; el_class=&#8221;sc-dark&#8221; sidebar=&#8221;sidebar-1&#8243;][vc_column][vc_column_text align=&#8221;center&#8221;]\n<h1>Oferta z oczami szeroko otwartymi!<\/h1>\n[\/vc_column_text][mk_padding_divider size=&#8221;20&#8243;][vc_column_text align=&#8221;center&#8221;]\n<div class=\"clr\" style=\"text-align: center\">Przez nas dopasowany zestaw do paralotniarstwa sk\u0142ada si\u0119 z\u00a0uprz\u0119\u017cy razem z\u00a0SIATK\u0104, karabin, paralotni z\u00a0szybkopakiem RB ULTRINO, spadochronu zapasowego i plecaka KEYLONG XC. Proponowany komplet sprz\u0119tu dobrany jest w taki spos\u00f3b, aby tworz\u0105c zgran\u0105 ca\u0142o\u015b\u0107 zapewnia\u0142 r\u00f3wnie\u017c adekwatn\u0105 miar\u0119 bezpiecze\u0144stwa w stosunku do do\u015bwiadcze\u0144 pilota. Zam\u00f3wi\u0107 mo\u017cna r\u00f3wnie\u017c kompletacj\u0119 ca\u0142o\u015bci, aby Tw\u00f3j sprz\u0119t by\u0142 zaraz gotowy do u\u017cytku.<\/div>\n<div><\/div>\n<div class=\"clr\" style=\"text-align: center\">Je\u017celi odbierzesz sprz\u0119t osobi\u015bcie poka\u017cemy Ci, w jaki spos\u00f3b mo\u017cna go wyregulowa\u0107 oraz jak najlepiej spakowa\u0107 go w plecaku.<\/div>\n[\/vc_column_text][mk_padding_divider size=&#8221;60&#8243;][vc_single_image image=&#8221;23776&#8243; img_size=&#8221;full&#8221; alignment=&#8221;center&#8221; style=&#8221;vc_box_rounded&#8221;][\/vc_column][\/mk_page_section][mk_page_section video_loop=&#8221;false&#8221; min_height=&#8221;80&#8243; js_vertical_centered=&#8221;true&#8221; padding_top=&#8221;80&#8243; padding_bottom=&#8221;80&#8243; sidebar=&#8221;sidebar-1&#8243;][vc_column][vc_row_inner el_id=&#8221;pilot&#8221;][vc_column_inner][vc_column_text]\n<h2>Dopasowana El Speedo oferta &#8211; PILOT<\/h2>\n[\/vc_column_text][\/vc_column_inner][\/vc_row_inner][mk_table]\n<table align=\"center\">\n<tbody>\n<tr>\n<td><strong>Rozmiar<\/strong><\/td>\n<td><strong>XS\u00a0(60-80 kg)<\/strong><\/td>\n<td><strong>S\u00a0(70-90 kg)<\/strong><\/td>\n<td><strong>M\u00a0(80-100 kg)<\/strong><\/td>\n<td><strong>L\u00a0(90-115 kg)<\/strong><\/td>\n<td><strong>XL\u00a0(105-130 kg)<\/strong><\/td>\n<\/tr>\n<tr>\n<td><a href=\"https:\/\/elspeedo.cz\/pl\/sprzet-2\/el-speedo-uprzeze\/wanaka-komfort-i-sprawnosc-w-jakiejkolwiek-termice\/\">WANAKA<\/a><\/td>\n<td>S (2,69 kg)<br \/>\n17 900 CZK<\/td>\n<td>\u00a0S (2,69 kg)<br \/>\n17 900 CZK<\/td>\n<td>M (2,89 kg)<br \/>\n17 900 CZK<\/td>\n<td>L (3,09 kg)<br \/>\n17 900 CZK<\/td>\n<td>XL (3,29 kg)<br \/>\n17 900 CZK<\/td>\n<\/tr>\n<tr>\n<td><a href=\"https:\/\/elspeedo.cz\/pl\/sprzet-2\/paralotnie\/freddie-2-nowoczesne-technologie-dla-wszystkich-pilotow\/\">FREDDIE 2\u00a0(EN B)<\/a><\/td>\n<td>XS (5,3 kg)<br \/>\n61 490 CZK<\/td>\n<td>S (5,5 kg)<br \/>\n62 490 CZK<\/td>\n<td>M(5,8 kg)<br \/>\n63 490 CZK<\/td>\n<td>L (6,0 kg)<br \/>\n64 490 CZK<\/td>\n<td>XL (6,3 kg)<br \/>\n65 4900 CZK<\/td>\n<\/tr>\n<tr>\n<td><a href=\"https:\/\/elspeedo.cz\/pl\/sprzet-2\/el-speedo-spadochrony-zapasowe\/spadochrony-zapasowe-rs-solid\/\">El Speedo RS-solid<\/a><\/td>\n<td>80 (1,5 kg)<br \/>\n10 090\u00a0CZK<\/td>\n<td>110 (1,87 kg)<br \/>\n11 090 CZK<\/td>\n<td>110 (1,87 kg)<br \/>\n11 090 CZK<\/td>\n<td>140 (2,1 kg)<br \/>\n12 590 CZK<\/td>\n<td>140 (2,1 kg)<br \/>\n12 590 CZK<\/td>\n<\/tr>\n<tr>\n<td><a href=\"https:\/\/elspeedo.cz\/pl\/sprzet-2\/plecaki-el-speedo\/el-speedo-plecak-keylong\/\">KEYLONG<\/a><\/td>\n<td>M (1,25 kg)<\/td>\n<td>M (1,25 kg)<\/td>\n<td>M (1,25 kg)<\/td>\n<td>L (1,40 kg)<\/td>\n<td>L (1,40 kg)<\/td>\n<\/tr>\n<tr>\n<td>Waga zestawu<br \/>\nSuma poszczeg\u00f3lnych cen<\/td>\n<td>10,74 kg<br \/>\n89 680 CZK<\/td>\n<td>11,31 kg<br \/>\n91 680 CZK<\/td>\n<td>11,81 kg<br \/>\n92 680 CZK<\/td>\n<td>12,59 kg<br \/>\n95 180 CZK<\/td>\n<td>13,09 kg<br \/>\n96 180 CZK<\/td>\n<\/tr>\n<tr>\n<td><strong>Specjalna cena zestawu<br \/>\nZaoszcz\u0119dzisz<br \/>\n<\/strong><\/td>\n<td><strong>80 712 CZK<br \/>\n8 968 CZK<br \/>\n<\/strong><\/td>\n<td><strong>82 512 CZK<br \/>\n9 168 CZK<br \/>\n<\/strong><\/td>\n<td><strong>83 412 CZK<br \/>\n9 268 CZK<br \/>\n<\/strong><\/td>\n<td><strong style=\"font-family: inherit;font-size: inherit\">85 662 CZK<\/strong><strong><br \/>\n9 518 CZK<br \/>\n<\/strong><\/td>\n<td><strong>86 562 CZK<br \/>\n9 618 CZK<br \/>\n<\/strong><\/td>\n<\/tr>\n<\/tbody>\n<\/table>\n[\/mk_table][vc_column_text]\n<p style=\"text-align: center\">Aby skorzysta\u0107 z naszej dopasowanej oferty nale\u017cy zwr\u00f3ci\u0107 si\u0119 do biura pod numerem tel.: 777 311 661, lub wys\u0142a\u0107 maila na adres: <a href=\"mailto:info@elspeedo.cz\">info@elspeedo.cz<\/a><\/p>\n[\/vc_column_text][mk_button_gradient dimension=&#8221;outline&#8221; size=&#8221;large&#8221; grandient_color_from=&#8221;#6087b9&#8243; grandient_color_to=&#8221;#557bab&#8221; grandient_color_fallback=&#8221;#6087b9&#8243; url=&#8221;https:\/\/elspeedo.cz\/produkt\/freddie-2-konfigurator\/&#8221; align=&#8221;center&#8221; el_class=&#8221;btn-el-gradient-blue&#8221;]Zaprojektuj w\u0142asn\u0105 kolorystyk\u0119 z naszym logo, darmowo w cenie zestawu.[\/mk_button_gradient][\/vc_column][\/mk_page_section][mk_page_section bg_color=&#8221;#272727&#8243; bg_position=&#8221;center center&#8221; video_loop=&#8221;false&#8221; adaptive_height=&#8221;true&#8221; max_height=&#8221;100&#8243; js_vertical_centered=&#8221;true&#8221; padding_top=&#8221;80&#8243; padding_bottom=&#8221;80&#8243; top_shape_color=&#8221;#ffffff&#8221; bottom_shape_color=&#8221;#ffffff&#8221; el_class=&#8221;sc-dark&#8221; sidebar=&#8221;sidebar-1&#8243;][vc_column][\/vc_column][\/mk_page_section][mk_page_section video_loop=&#8221;false&#8221; min_height=&#8221;80&#8243; js_vertical_centered=&#8221;true&#8221; padding_top=&#8221;80&#8243; padding_bottom=&#8221;80&#8243; sidebar=&#8221;sidebar-1&#8243;][vc_column][vc_row_inner el_id=&#8221;sport&#8221;][vc_column_inner][vc_column_text]\n<h2>Dopasowana El Speedo oferta &#8211; SPORT<\/h2>\n[\/vc_column_text][\/vc_column_inner][\/vc_row_inner][mk_table]\n<table align=\"center\">\n<tbody>\n<tr>\n<td><strong>Rozmiar<\/strong><\/td>\n<td><strong>XS (60-80 kg)<\/strong><\/td>\n<td><strong>S (70-90 kg)<\/strong><\/td>\n<td><strong>M (80-100 kg)<\/strong><\/td>\n<td><strong>L (90-115 kg)<\/strong><\/td>\n<td><strong>XL (105-130 kg)<\/strong><\/td>\n<\/tr>\n<tr>\n<td><a href=\"https:\/\/elspeedo.cz\/pl\/sprzet-2\/el-speedo-uprzeze\/chogori-lekka-i-zarazem-wygodna\/\">CHOGORI XC<\/a><\/td>\n<td>S (2,75 kg)<br \/>\n22 900 CZK<\/td>\n<td>S (2,75 kg)<br \/>\n22 900 CZK<\/td>\n<td>M (2,95 kg)<br \/>\n22 900 CZK<\/td>\n<td>L (3,15 kg)<br \/>\n22 900 CZK<\/td>\n<td>XL (3,35 kg)<br \/>\n22 900 CZK<\/td>\n<\/tr>\n<tr>\n<td><a href=\"https:\/\/elspeedo.cz\/pl\/sprzet-2\/paralotnie\/jimmy3\/\">JIMMY 3 (EN B)<\/a><\/td>\n<td>XS (5,1 kg)<br \/>\n64 490 CZK<\/td>\n<td>S (5,5 kg)<br \/>\n65 490 CZK<\/td>\n<td>M (5,9 kg)<br \/>\n66 490 CZK<\/td>\n<td>L (6,2 kg)<br \/>\n67 490 CZK<\/td>\n<td>XL (6,5 kg)<br \/>\n68 490 CZK<\/td>\n<\/tr>\n<tr>\n<td><a href=\"https:\/\/elspeedo.cz\/pl\/sprzet-2\/el-speedo-spadochrony-zapasowe\/spadochrony-zapasowe-rs-solid\/\">El Speedo RS-solid<\/a><\/td>\n<td>80 (1,5 kg)<br \/>\n10 090 CZK<\/td>\n<td>110 (1,87 kg)<br \/>\n11 090 CZK<\/td>\n<td>110 (1,87 kg)<br \/>\n11 090 CZK<\/td>\n<td>140 (2,1 kg)<br \/>\n12 590 CZK<\/td>\n<td>140 (2,1 kg)<br \/>\n12 590 CZK<\/td>\n<\/tr>\n<tr>\n<td><a href=\"https:\/\/elspeedo.cz\/pl\/sprzet-2\/plecaki-el-speedo\/el-speedo-plecak-keylong\/\">KEYLONG XC<\/a><\/td>\n<td>M\u00a0(1,25 kg)<\/td>\n<td>M\u00a0(1,25 kg)<\/td>\n<td>M\u00a0(1,25 kg)<\/td>\n<td>L (1,40 kg)<\/td>\n<td>L (1,40 kg)<\/td>\n<\/tr>\n<tr>\n<td>Waga zestawu<br \/>\nSuma poszczeg\u00f3lnych cen<\/td>\n<td>10,60 kg<br \/>\n97 680 CZK<\/td>\n<td>11,37 kg<br \/>\n99 680 CZK<\/td>\n<td>11,97 kg<br \/>\n100 680 CZK<\/td>\n<td>12,85 kg<br \/>\n103 180 CZK<\/td>\n<td>\u00a013,35 kg<br \/>\n104 180 CZK<\/td>\n<\/tr>\n<tr>\n<td><strong>Specjalna cena zestawu<br \/>\nZaoszcz\u0119dzisz<br \/>\n<\/strong><\/td>\n<td><strong>87 912 CZK<br \/>\n9 768 CZK<br \/>\n<\/strong><\/td>\n<td><strong>89 712 CZK<br \/>\n9 968 CZK<br \/>\n<\/strong><\/td>\n<td><strong>90 612 CZK<br \/>\n10 068 CZK<br \/>\n<\/strong><\/td>\n<td><strong>92 862 CZK<br \/>\n10 318 CZK<br \/>\n<\/strong><\/td>\n<td><strong>93 762 CZK<br \/>\n<strong style=\"font-family: inherit;font-size: inherit\">10 418<\/strong> CZK<br \/>\n<\/strong><\/td>\n<\/tr>\n<\/tbody>\n<\/table>\n[\/mk_table][vc_column_text]\n<p style=\"text-align: center\">Aby skorzysta\u0107 z naszej dopasowanej oferty nale\u017cy zwr\u00f3ci\u0107 si\u0119 do biura pod numerem tel.: 777 311 661, lub wys\u0142a\u0107 maila na adres: <a href=\"mailto:info@elspeedo.cz\">info@elspeedo.cz<\/a><\/p>\n[\/vc_column_text][mk_button_gradient dimension=&#8221;outline&#8221; size=&#8221;large&#8221; grandient_color_from=&#8221;#6087b9&#8243; grandient_color_to=&#8221;#557bab&#8221; grandient_color_fallback=&#8221;#6087b9&#8243; url=&#8221;https:\/\/elspeedo.cz\/produkt\/jimmy-2-konfigurator\/&#8221; align=&#8221;center&#8221; el_class=&#8221;btn-el-gradient-blue&#8221;]Zaprojektuj w\u0142asn\u0105 kolorystyk\u0119 z naszym logo, darmowo w cenie zestawu[\/mk_button_gradient][\/vc_column][\/mk_page_section][mk_page_section bg_color=&#8221;#272727&#8243; bg_position=&#8221;center center&#8221; video_loop=&#8221;false&#8221; adaptive_height=&#8221;true&#8221; max_height=&#8221;100&#8243; js_vertical_centered=&#8221;true&#8221; padding_top=&#8221;80&#8243; padding_bottom=&#8221;80&#8243; el_class=&#8221;sc-dark&#8221; sidebar=&#8221;sidebar-1&#8243;][vc_column][\/vc_column][\/mk_page_section][mk_page_section video_loop=&#8221;false&#8221; min_height=&#8221;80&#8243; js_vertical_centered=&#8221;true&#8221; padding_top=&#8221;80&#8243; padding_bottom=&#8221;80&#8243; sidebar=&#8221;sidebar-1&#8243;][vc_column][vc_row_inner el_id=&#8221;expert&#8221;][vc_column_inner][vc_column_text]\n<h2>Dopasowana El Speedo oferta &#8211; EXPERT<\/h2>\n[\/vc_column_text][\/vc_column_inner][\/vc_row_inner][mk_table]\n<table align=\"center\">\n<tbody>\n<tr>\n<td><strong>Rozmiar<\/strong><\/td>\n<td><strong>XS (60-80 kg)<\/strong><\/td>\n<td><strong>S (70-90 kg)<\/strong><\/td>\n<td><strong>M (80-100 kg)<\/strong><\/td>\n<td><strong>L (90-115 kg)<\/strong><\/td>\n<td><strong>XL (105-130 kg)<\/strong><\/td>\n<\/tr>\n<tr>\n<td><a href=\"https:\/\/elspeedo.cz\/pl\/sprzet-2\/el-speedo-uprzeze\/chogori-lekka-i-zarazem-wygodna\/\">CHOGORI XC<\/a><\/td>\n<td>S (2,75 kg)<br \/>\n22 900 CZK<\/td>\n<td>S (2,75 kg)<br \/>\n22 900 CZK<\/td>\n<td>M (2,95\u00a0kg)<br \/>\n22 900 CZK<\/td>\n<td>L (3,15 kg)<br \/>\n22 900 CZK<\/td>\n<td>\u00a0XL (3,35\u00a0kg)<br \/>\n22 900 CZK<\/td>\n<\/tr>\n<tr>\n<td><a href=\"https:\/\/elspeedo.cz\/pl\/sprzet-2\/paralotnie\/ozzy3\/\">OZZY 3 (EN C)<\/a><\/td>\n<td>XS (5,3 kg)<br \/>\n77 990 CZK<\/td>\n<td>S (5,6 kg)<br \/>\n78 990 CZK<\/td>\n<td>M (5,9 kg)<br \/>\n79 990 CZK<\/td>\n<td>ML (6,1 kg)<br \/>\n80 990 CZK<\/td>\n<td>L (6,2 kg)<br \/>\n81 990 CZK<\/td>\n<\/tr>\n<tr>\n<td><a href=\"https:\/\/elspeedo.cz\/pl\/sprzet-2\/el-speedo-spadochrony-zapasowe\/spadochrony-zapasowe-rs-solid\/\">El Speedo RS-solid<\/a><\/td>\n<td>80 (1,5 kg)<br \/>\n10 090 CZK<\/td>\n<td>110 (1,87 kg)<br \/>\n11 090 CZK<\/td>\n<td>110 (1,87 kg)<br \/>\n11 090 CZK<\/td>\n<td>140 (2,1 kg)<br \/>\n12 590 CZK<\/td>\n<td>140 (2,1 kg)<br \/>\n12 590 CZK<\/td>\n<\/tr>\n<tr>\n<td><a href=\"https:\/\/elspeedo.cz\/pl\/sprzet-2\/plecaki-el-speedo\/el-speedo-plecak-keylong\/\">KEYLONG XC<\/a><\/td>\n<td>M (1,25 kg)<\/td>\n<td>M (1,25 kg)<\/td>\n<td>M (1,25 kg)<\/td>\n<td>L (1,40 kg)<\/td>\n<td>L (1,40 kg)<\/td>\n<\/tr>\n<tr>\n<td>Waga zestawu<br \/>\nSuma poszczeg\u00f3lnych cen<\/td>\n<td>10,80 kg<br \/>\n111 180 CZK<\/td>\n<td>11,47 kg<br \/>\n113 180 CZK<\/td>\n<td>11,97 kg<br \/>\n114 180 CZK<\/td>\n<td>12,75 kg<br \/>\n116 680 CZK<\/td>\n<td>13,05 kg<br \/>\n117 680 CZK<\/td>\n<\/tr>\n<tr>\n<td><strong>Specjalna cena zestawu<br \/>\nZaoszcz\u0119dzisz<br \/>\n<\/strong><\/td>\n<td><strong>100 062 CZK<br \/>\n11 118 CZK<br \/>\n<\/strong><\/td>\n<td><strong>101 862 CZK<br \/>\n11 318 CZK<br \/>\n<\/strong><\/td>\n<td><strong>102 762 CZK<br \/>\n11 418 CZK<br \/>\n<\/strong><\/td>\n<td><strong>105 012 CZK<br \/>\n11 668 CZK<br \/>\n<\/strong><\/td>\n<td><strong>105 912 CZK<br \/>\n11 768 CZK<br \/>\n<\/strong><\/td>\n<\/tr>\n<\/tbody>\n<\/table>\n[\/mk_table][vc_column_text]\n<p style=\"text-align: center\">Aby skorzysta\u0107 z naszej dopasowanej oferty nale\u017cy zwr\u00f3ci\u0107 si\u0119 do biura pod numerem tel.: 777\u00a0311\u00a0661, lub wys\u0142a\u0107 maila na adres: <a href=\"mailto:info@elspeedo.cz\">info@elspeedo.cz<\/a><\/p>\n[\/vc_column_text][mk_button_gradient dimension=&#8221;outline&#8221; size=&#8221;large&#8221; grandient_color_from=&#8221;#6087b9&#8243; grandient_color_to=&#8221;#557bab&#8221; grandient_color_fallback=&#8221;#6087b9&#8243; url=&#8221;https:\/\/elspeedo.cz\/produkt\/ozzy-2-konfigurator\/&#8221; align=&#8221;center&#8221; el_class=&#8221;btn-el-gradient-blue&#8221;]Zaprojektuj w\u0142asn\u0105 kolorystyk\u0119 z naszym logo, darmowo w cenie zestawu[\/mk_button_gradient][\/vc_column][\/mk_page_section][mk_page_section bg_color=&#8221;#272727&#8243; bg_position=&#8221;center center&#8221; video_loop=&#8221;false&#8221; js_vertical_centered=&#8221;true&#8221; padding_top=&#8221;80&#8243; padding_bottom=&#8221;80&#8243; el_class=&#8221;sc-dark&#8221; sidebar=&#8221;sidebar-1&#8243;][vc_column][vc_column_text disable_pattern=&#8221;false&#8221; align=&#8221;center&#8221;]\n<div class=\"clr\" style=\"text-align: center\"><span style=\"font-size: 36pt\">W\u0142asna kolorystyka skrzyd\u0142a bez dop\u0142aty, <span style=\"font-size: 14pt\">w razie kupna zestawu.<\/span><\/span><\/div>\n[\/vc_column_text][mk_padding_divider size=&#8221;20&#8243;][vc_column_text disable_pattern=&#8221;false&#8221; align=&#8221;center&#8221;]Dodatkowo oferujemy<\/p>\n<h2>zni\u017ck\u0119 10%.<\/h2>\n<p>Wszystkie informacje uzyskasz w biurze pod numerem +420 777 311 661.[\/vc_column_text][\/vc_column][\/mk_page_section]\n<\/div>","protected":false},"excerpt":{"rendered":"<p>[mk_page_section padding_top=&#8221;60&#8243; padding_bottom=&#8221;80&#8243; sidebar=&#8221;sidebar-1&#8243;][vc_column width=&#8221;1\/3&#8243;][vc_single_image image=&#8221;23774&#8243; img_size=&#8221;full&#8221; alignment=&#8221;center&#8221; style=&#8221;vc_box_rounded&#8221; onclick=&#8221;custom_link&#8221; link=&#8221;https:\/\/elspeedo.cz\/pl\/sprzet-2\/el-speedo-dopasowana-oferta\/#pilot&#8221;][vc_column_text align=&#8221;center&#8221;] PILOT [\/vc_column_text][vc_column_text align=&#8221;center&#8221;]Jako\u015b\u0107 dla pocz\u0105tkuj\u0105cych i lekko zaawansowanych[\/vc_column_text][mk_button_gradient dimension=&#8221;flat&#8221; size=&#8221;large&#8221; corner_style=&#8221;rounded&#8221; grandient_color_from=&#8221;#6087b9&#8243; grandient_color_to=&#8221;#557bab&#8221; grandient_color_fallback=&#8221;#6087b9&#8243; url=&#8221;https:\/\/elspeedo.cz\/pl\/sprzet-2\/el-speedo-dopasowana-oferta\/#pilot&#8221; align=&#8221;center&#8221; el_class=&#8221;btn-el-gradient-blue&#8221;]Poka\u017c ofert\u0119[\/mk_button_gradient][\/vc_column][vc_column width=&#8221;1\/3&#8243;][vc_single_image image=&#8221;23772&#8243; img_size=&#8221;full&#8221; alignment=&#8221;center&#8221; style=&#8221;vc_box_rounded&#8221; onclick=&#8221;custom_link&#8221; link=&#8221;https:\/\/elspeedo.cz\/pl\/sprzet-2\/el-speedo-dopasowana-oferta\/#sport&#8221;][vc_column_text align=&#8221;center&#8221;] SPORT [\/vc_column_text][vc_column_text align=&#8221;center&#8221;]Moc i bezpiecze\u0144stwo dla aktywnych pilot\u00f3w[\/vc_column_text][mk_button_gradient dimension=&#8221;flat&#8221; size=&#8221;large&#8221; corner_style=&#8221;rounded&#8221; grandient_color_from=&#8221;#6087b9&#8243; grandient_color_to=&#8221;#557bab&#8221; grandient_color_fallback=&#8221;#6087b9&#8243; url=&#8221;https:\/\/elspeedo.cz\/pl\/sprzet-2\/el-speedo-dopasowana-oferta\/#sport&#8221; align=&#8221;center&#8221; el_class=&#8221;btn-el-gradient-blue&#8221;]Poka\u017c [&hellip;]<\/p>\n","protected":false},"author":7,"featured_media":0,"parent":15511,"menu_order":0,"comment_status":"closed","ping_status":"closed","template":"","meta":{"_tribe_blocks_recurrence_rules":"","_tribe_blocks_recurrence_exclusions":"","_tribe_blocks_recurrence_description":"","footnotes":""},"class_list":["post-27459","page","type-page","status-publish","hentry"],"yoast_head":"<!-- This site is optimized with the Yoast SEO plugin v27.0 - https:\/\/yoast.com\/product\/yoast-seo-wordpress\/ -->\n<title>El Speedo dopasowana oferta &#8212; El Speedo<\/title>\n<meta name=\"description\" content=\"El Speedo je nejv\u011bt\u0161\u00ed paraglidingov\u00e1 komunita a \u0161kola v \u010cR. Tandemov\u00e9 seskoky, kurzy, expedice a paragliding v\u00fdbava\" \/>\n<meta name=\"robots\" content=\"index, follow, max-snippet:-1, max-image-preview:large, max-video-preview:-1\" \/>\n<link rel=\"canonical\" href=\"https:\/\/elspeedo.cz\/vybaveni\/el-speedo-odladena-nabidka\/\" \/>\n<meta property=\"og:locale\" content=\"pl_PL\" \/>\n<meta property=\"og:type\" content=\"article\" \/>\n<meta property=\"og:title\" content=\"El Speedo dopasowana oferta &#8212; El Speedo\" \/>\n<meta property=\"og:description\" content=\"El Speedo je nejv\u011bt\u0161\u00ed paraglidingov\u00e1 komunita a \u0161kola v \u010cR. Tandemov\u00e9 seskoky, kurzy, expedice a paragliding v\u00fdbava\" \/>\n<meta property=\"og:url\" content=\"https:\/\/elspeedo.cz\/vybaveni\/el-speedo-odladena-nabidka\/\" \/>\n<meta property=\"og:site_name\" content=\"El Speedo\" \/>\n<meta property=\"article:publisher\" content=\"http:\/\/www.facebook.com\/paragliding.elspeedo.cz\/?fref=ts\" \/>\n<meta property=\"article:modified_time\" content=\"2022-02-09T11:22:37+00:00\" \/>\n<meta name=\"twitter:card\" content=\"summary_large_image\" \/>\n<meta name=\"twitter:label1\" content=\"Szacowany czas czytania\" \/>\n\t<meta name=\"twitter:data1\" content=\"7 minut\" \/>\n<script type=\"application\/ld+json\" class=\"yoast-schema-graph\">{\"@context\":\"https:\/\/schema.org\",\"@graph\":[{\"@type\":\"WebPage\",\"@id\":\"https:\/\/elspeedo.cz\/vybaveni\/el-speedo-odladena-nabidka\/\",\"url\":\"https:\/\/elspeedo.cz\/vybaveni\/el-speedo-odladena-nabidka\/\",\"name\":\"El Speedo dopasowana oferta &#8212; El Speedo\",\"isPartOf\":{\"@id\":\"https:\/\/elspeedo.cz\/#website\"},\"datePublished\":\"2017-01-03T11:31:26+00:00\",\"dateModified\":\"2022-02-09T11:22:37+00:00\",\"description\":\"El Speedo je nejv\u011bt\u0161\u00ed paraglidingov\u00e1 komunita a \u0161kola v \u010cR. Tandemov\u00e9 seskoky, kurzy, expedice a paragliding v\u00fdbava\",\"breadcrumb\":{\"@id\":\"https:\/\/elspeedo.cz\/vybaveni\/el-speedo-odladena-nabidka\/#breadcrumb\"},\"inLanguage\":\"pl-PL\",\"potentialAction\":[{\"@type\":\"ReadAction\",\"target\":[\"https:\/\/elspeedo.cz\/vybaveni\/el-speedo-odladena-nabidka\/\"]}]},{\"@type\":\"BreadcrumbList\",\"@id\":\"https:\/\/elspeedo.cz\/vybaveni\/el-speedo-odladena-nabidka\/#breadcrumb\",\"itemListElement\":[{\"@type\":\"ListItem\",\"position\":1,\"name\":\"Dom\u016f\",\"item\":\"https:\/\/elspeedo.cz\/pl\/\"},{\"@type\":\"ListItem\",\"position\":2,\"name\":\"Sprz\u0119t\",\"item\":\"https:\/\/elspeedo.cz\/pl\/sprzet-2\/\"},{\"@type\":\"ListItem\",\"position\":3,\"name\":\"El Speedo dopasowana oferta\"}]},{\"@type\":\"WebSite\",\"@id\":\"https:\/\/elspeedo.cz\/#website\",\"url\":\"https:\/\/elspeedo.cz\/\",\"name\":\"El Speedo\",\"description\":\"Paragliding - kurzy, vybaven\u00ed, v\u00fdlety, komunita\",\"potentialAction\":[{\"@type\":\"SearchAction\",\"target\":{\"@type\":\"EntryPoint\",\"urlTemplate\":\"https:\/\/elspeedo.cz\/?s={search_term_string}\"},\"query-input\":{\"@type\":\"PropertyValueSpecification\",\"valueRequired\":true,\"valueName\":\"search_term_string\"}}],\"inLanguage\":\"pl-PL\"}]}<\/script>\n<!-- \/ Yoast SEO plugin. -->","yoast_head_json":{"title":"El Speedo dopasowana oferta &#8212; El Speedo","description":"El Speedo je nejv\u011bt\u0161\u00ed paraglidingov\u00e1 komunita a \u0161kola v \u010cR. Tandemov\u00e9 seskoky, kurzy, expedice a paragliding v\u00fdbava","robots":{"index":"index","follow":"follow","max-snippet":"max-snippet:-1","max-image-preview":"max-image-preview:large","max-video-preview":"max-video-preview:-1"},"canonical":"https:\/\/elspeedo.cz\/vybaveni\/el-speedo-odladena-nabidka\/","og_locale":"pl_PL","og_type":"article","og_title":"El Speedo dopasowana oferta &#8212; El Speedo","og_description":"El Speedo je nejv\u011bt\u0161\u00ed paraglidingov\u00e1 komunita a \u0161kola v \u010cR. Tandemov\u00e9 seskoky, kurzy, expedice a paragliding v\u00fdbava","og_url":"https:\/\/elspeedo.cz\/vybaveni\/el-speedo-odladena-nabidka\/","og_site_name":"El Speedo","article_publisher":"http:\/\/www.facebook.com\/paragliding.elspeedo.cz\/?fref=ts","article_modified_time":"2022-02-09T11:22:37+00:00","twitter_card":"summary_large_image","twitter_misc":{"Szacowany czas czytania":"7 minut"},"schema":{"@context":"https:\/\/schema.org","@graph":[{"@type":"WebPage","@id":"https:\/\/elspeedo.cz\/vybaveni\/el-speedo-odladena-nabidka\/","url":"https:\/\/elspeedo.cz\/vybaveni\/el-speedo-odladena-nabidka\/","name":"El Speedo dopasowana oferta &#8212; El Speedo","isPartOf":{"@id":"https:\/\/elspeedo.cz\/#website"},"datePublished":"2017-01-03T11:31:26+00:00","dateModified":"2022-02-09T11:22:37+00:00","description":"El Speedo je nejv\u011bt\u0161\u00ed paraglidingov\u00e1 komunita a \u0161kola v \u010cR. Tandemov\u00e9 seskoky, kurzy, expedice a paragliding v\u00fdbava","breadcrumb":{"@id":"https:\/\/elspeedo.cz\/vybaveni\/el-speedo-odladena-nabidka\/#breadcrumb"},"inLanguage":"pl-PL","potentialAction":[{"@type":"ReadAction","target":["https:\/\/elspeedo.cz\/vybaveni\/el-speedo-odladena-nabidka\/"]}]},{"@type":"BreadcrumbList","@id":"https:\/\/elspeedo.cz\/vybaveni\/el-speedo-odladena-nabidka\/#breadcrumb","itemListElement":[{"@type":"ListItem","position":1,"name":"Dom\u016f","item":"https:\/\/elspeedo.cz\/pl\/"},{"@type":"ListItem","position":2,"name":"Sprz\u0119t","item":"https:\/\/elspeedo.cz\/pl\/sprzet-2\/"},{"@type":"ListItem","position":3,"name":"El Speedo dopasowana oferta"}]},{"@type":"WebSite","@id":"https:\/\/elspeedo.cz\/#website","url":"https:\/\/elspeedo.cz\/","name":"El Speedo","description":"Paragliding - kurzy, vybaven\u00ed, v\u00fdlety, komunita","potentialAction":[{"@type":"SearchAction","target":{"@type":"EntryPoint","urlTemplate":"https:\/\/elspeedo.cz\/?s={search_term_string}"},"query-input":{"@type":"PropertyValueSpecification","valueRequired":true,"valueName":"search_term_string"}}],"inLanguage":"pl-PL"}]}},"_links":{"self":[{"href":"https:\/\/elspeedo.cz\/pl\/wp-json\/wp\/v2\/pages\/27459","targetHints":{"allow":["GET"]}}],"collection":[{"href":"https:\/\/elspeedo.cz\/pl\/wp-json\/wp\/v2\/pages"}],"about":[{"href":"https:\/\/elspeedo.cz\/pl\/wp-json\/wp\/v2\/types\/page"}],"author":[{"embeddable":true,"href":"https:\/\/elspeedo.cz\/pl\/wp-json\/wp\/v2\/users\/7"}],"replies":[{"embeddable":true,"href":"https:\/\/elspeedo.cz\/pl\/wp-json\/wp\/v2\/comments?post=27459"}],"version-history":[{"count":11,"href":"https:\/\/elspeedo.cz\/pl\/wp-json\/wp\/v2\/pages\/27459\/revisions"}],"predecessor-version":[{"id":178256,"href":"https:\/\/elspeedo.cz\/pl\/wp-json\/wp\/v2\/pages\/27459\/revisions\/178256"}],"up":[{"embeddable":true,"href":"https:\/\/elspeedo.cz\/pl\/wp-json\/wp\/v2\/pages\/15511"}],"wp:attachment":[{"href":"https:\/\/elspeedo.cz\/pl\/wp-json\/wp\/v2\/media?parent=27459"}],"curies":[{"name":"wp","href":"https:\/\/api.w.org\/{rel}","templated":true}]}}