{"id":27460,"date":"2017-02-01T14:57:21","date_gmt":"2017-02-01T13:57:21","guid":{"rendered":"https:\/\/elspeedo.cz\/vybaveni\/el-speedo-ultrino-vybaveni\/"},"modified":"2018-12-11T17:15:34","modified_gmt":"2018-12-11T16:15:34","slug":"el-speedo-ultrino-sprzet","status":"publish","type":"page","link":"https:\/\/elspeedo.cz\/pl\/sprzet-2\/el-speedo-ultrino-sprzet\/","title":{"rendered":"El Speedo Ultrino sprz\u0119t"},"content":{"rendered":"<div class=\"wpb-content-wrapper\">[mk_page_section bg_image=&#8221;https:\/\/elspeedo.cz\/wp-content\/uploads\/2016\/12\/can_tengri_2012_103.jpg&#8221; bg_position=&#8221;center top&#8221; bg_stretch=&#8221;true&#8221; video_loop=&#8221;false&#8221; min_height=&#8221;450&#8243; padding_top=&#8221;100&#8243; padding_bottom=&#8221;100&#8243; sidebar=&#8221;sidebar-1&#8243;][vc_column][\/vc_column][\/mk_page_section][mk_page_section video_loop=&#8221;false&#8221; full_width=&#8221;true&#8221; padding_top=&#8221;60&#8243; padding_bottom=&#8221;100&#8243; sidebar=&#8221;sidebar-1&#8243;][vc_column][vc_column_text align=&#8221;center&#8221;]\n<p style=\"text-align: center\">Szukasz do swych przyg\u00f3d wygodnego sprz\u0119tu o minimalnej masie?<\/p>\n<h1 style=\"text-align: center\">Wybieraj w wersjach ULTRINO!<\/h1>\n[\/vc_column_text][mk_padding_divider][vc_row_inner][vc_column_inner width=&#8221;1\/12&#8243;][\/vc_column_inner][vc_column_inner width=&#8221;1\/6&#8243;][vc_single_image image=&#8221;18037&#8243; img_size=&#8221;full&#8221; alignment=&#8221;center&#8221; style=&#8221;vc_box_rounded&#8221; onclick=&#8221;custom_link&#8221; css=&#8221;.vc_custom_1482830632833{padding-top: 0px !important;padding-bottom: 0px !important;}&#8221; link=&#8221;https:\/\/elspeedo.cz\/chogori-ultrino\/&#8221;][vc_column_text align=&#8221;center&#8221;]\n<h3>CHOGORI\u00a0Ultrino<\/h3>\n[\/vc_column_text][vc_column_text]\n<ul>\n<li>9\u00a0kieszeni<\/li>\n<li>waga w rozmiarze M od 2,1 kg<\/li>\n<\/ul>\n[\/vc_column_text][mk_button dimension=&#8221;outline&#8221; corner_style=&#8221;rounded&#8221; size=&#8221;large&#8221; url=&#8221;https:\/\/elspeedo.cz\/chogori-ultrino\/&#8221; align=&#8221;center&#8221; margin_right=&#8221;0&#8243; el_class=&#8221;basic-button&#8221; outline_skin=&#8221;light&#8221;]Wi\u0119cej\u2026[\/mk_button][\/vc_column_inner][vc_column_inner width=&#8221;1\/6&#8243;][vc_single_image image=&#8221;18038&#8243; img_size=&#8221;full&#8221; alignment=&#8221;center&#8221; style=&#8221;vc_box_rounded&#8221; onclick=&#8221;custom_link&#8221; css=&#8221;.vc_custom_1486394140632{padding-top: 0px !important;padding-bottom: 0px !important;}&#8221; link=&#8221;https:\/\/elspeedo.cz\/pl\/sprzet\/el-speedo-uprzeze-przemyslane-wygodne-mocne\/nowa-seria-el-speedo-uprzezy-mt-cook\/#Mt-cook-pilot&#8221;][vc_column_text align=&#8221;center&#8221;]\n<h3>MT COOK Ultrino<\/h3>\n[\/vc_column_text][vc_column_text]\n<ul>\n<li>waga w komplecie 940 g<\/li>\n<li>zintegrowany kontener SZ<\/li>\n<\/ul>\n[\/vc_column_text][mk_button dimension=&#8221;outline&#8221; corner_style=&#8221;rounded&#8221; size=&#8221;large&#8221; url=&#8221;https:\/\/elspeedo.cz\/pl\/sprzet\/el-speedo-uprzeze-przemyslane-wygodne-mocne\/nowa-seria-el-speedo-uprzezy-mt-cook\/#Mt-cook-pilot&#8221; align=&#8221;center&#8221; margin_right=&#8221;0&#8243; el_class=&#8221;basic-button&#8221; outline_skin=&#8221;light&#8221;]Wi\u0119cej\u2026[\/mk_button][\/vc_column_inner][vc_column_inner width=&#8221;1\/6&#8243;][vc_single_image image=&#8221;14001&#8243; img_size=&#8221;full&#8221; alignment=&#8221;center&#8221; style=&#8221;vc_box_rounded&#8221; onclick=&#8221;custom_link&#8221; link=&#8221;https:\/\/elspeedo.cz\/pl\/sprzet\/el-speedo-spadochrony-zapasowe\/spadochrony-zapasowe-rs-ultrino\/&#8221;][vc_column_text align=&#8221;center&#8221;]\n<h3>RSQ\u00a0Ultrino<\/h3>\n[\/vc_column_text][vc_column_text]\n<ul>\n<li>waga 840 g dla obci\u0105\u017cenia 100kg<\/li>\n<\/ul>\n[\/vc_column_text][mk_button dimension=&#8221;outline&#8221; corner_style=&#8221;rounded&#8221; size=&#8221;large&#8221; url=&#8221;https:\/\/elspeedo.cz\/pl\/sprzet-2\/el-speedo-spadochrony-zapasowe\/spadochrony-zapasowe-serii-rsq-ultrino\/&#8221; align=&#8221;center&#8221; margin_right=&#8221;0&#8243; el_class=&#8221;basic-button&#8221; outline_skin=&#8221;light&#8221;]Wi\u0119cej\u2026[\/mk_button][\/vc_column_inner][vc_column_inner width=&#8221;1\/6&#8243;][vc_single_image image=&#8221;18040&#8243; img_size=&#8221;full&#8221; alignment=&#8221;center&#8221; style=&#8221;vc_box_rounded&#8221; onclick=&#8221;custom_link&#8221; link=&#8221;https:\/\/elspeedo.cz\/pl\/sprzet\/elektronika-el-speedo-lekkie-dokladne-i-niezawodne\/sky-drop-ultrino\/&#8221;][vc_column_text align=&#8221;center&#8221;]\n<h3>SKYDROP\u00a0\u00a0Ultrino<\/h3>\n[\/vc_column_text][vc_column_text]\n<ul>\n<li>jedyne 68 g<\/li>\n<li>pod\u015bwietlany wy\u015bwietlacz<\/li>\n<li>vario z GPS<\/li>\n<\/ul>\n[\/vc_column_text][mk_button dimension=&#8221;outline&#8221; corner_style=&#8221;rounded&#8221; size=&#8221;large&#8221; url=&#8221;https:\/\/elspeedo.cz\/pl\/sprzet\/elektronika-el-speedo-lekkie-dokladne-i-niezawodne\/sky-drop-ultrino\/&#8221; align=&#8221;center&#8221; margin_right=&#8221;0&#8243; el_class=&#8221;basic-button&#8221; outline_skin=&#8221;light&#8221;]Wi\u0119cej\u2026[\/mk_button][\/vc_column_inner][vc_column_inner width=&#8221;1\/6&#8243;][vc_single_image image=&#8221;18047&#8243; img_size=&#8221;full&#8221; alignment=&#8221;center&#8221; style=&#8221;vc_box_rounded&#8221; onclick=&#8221;custom_link&#8221; link=&#8221;https:\/\/elspeedo.cz\/pl\/sprzet\/plecaki-el-speedo\/el-speedo-rb-ultrino\/&#8221;][vc_column_text align=&#8221;center&#8221;]\n<h3>RB\u00a0Ultrino<\/h3>\n[\/vc_column_text][vc_column_text]\n<ul>\n<li>szybkie pakowanie i wygodne noszenie<\/li>\n<li>waga 460 g<\/li>\n<\/ul>\n[\/vc_column_text][mk_button dimension=&#8221;outline&#8221; corner_style=&#8221;rounded&#8221; size=&#8221;large&#8221; url=&#8221;https:\/\/elspeedo.cz\/pl\/sprzet\/plecaki-el-speedo\/el-speedo-rb-ultrino\/&#8221; align=&#8221;center&#8221; id=&#8221;https:\/\/elspeedo.cz\/rychlobal\/&#8221; margin_right=&#8221;0&#8243; el_class=&#8221;basic-button&#8221; outline_skin=&#8221;light&#8221;]Wi\u0119cej\u2026[\/mk_button][\/vc_column_inner][vc_column_inner width=&#8221;1\/12&#8243;][\/vc_column_inner][vc_column_inner][\/vc_column_inner][vc_column_inner width=&#8221;1\/12&#8243;][\/vc_column_inner][vc_column_inner width=&#8221;1\/6&#8243;][\/vc_column_inner][vc_column_inner width=&#8221;1\/6&#8243;][\/vc_column_inner][vc_column_inner width=&#8221;1\/6&#8243;][\/vc_column_inner][vc_column_inner width=&#8221;1\/6&#8243;][\/vc_column_inner][vc_column_inner width=&#8221;1\/6&#8243;][\/vc_column_inner][vc_column_inner width=&#8221;1\/12&#8243;][\/vc_column_inner][\/vc_row_inner][\/vc_column][\/mk_page_section]\n<\/div>","protected":false},"excerpt":{"rendered":"<p>[mk_page_section bg_image=&#8221;https:\/\/elspeedo.cz\/wp-content\/uploads\/2016\/12\/can_tengri_2012_103.jpg&#8221; bg_position=&#8221;center top&#8221; bg_stretch=&#8221;true&#8221; video_loop=&#8221;false&#8221; min_height=&#8221;450&#8243; padding_top=&#8221;100&#8243; padding_bottom=&#8221;100&#8243; sidebar=&#8221;sidebar-1&#8243;][vc_column][\/vc_column][\/mk_page_section][mk_page_section video_loop=&#8221;false&#8221; full_width=&#8221;true&#8221; padding_top=&#8221;60&#8243; padding_bottom=&#8221;100&#8243; sidebar=&#8221;sidebar-1&#8243;][vc_column][vc_column_text align=&#8221;center&#8221;] Szukasz do swych przyg\u00f3d wygodnego sprz\u0119tu o minimalnej masie? Wybieraj w wersjach ULTRINO! [\/vc_column_text][mk_padding_divider][vc_row_inner][vc_column_inner width=&#8221;1\/12&#8243;][\/vc_column_inner][vc_column_inner width=&#8221;1\/6&#8243;][vc_single_image image=&#8221;18037&#8243; img_size=&#8221;full&#8221; alignment=&#8221;center&#8221; style=&#8221;vc_box_rounded&#8221; onclick=&#8221;custom_link&#8221; css=&#8221;.vc_custom_1482830632833{padding-top: 0px !important;padding-bottom: 0px !important;}&#8221; link=&#8221;https:\/\/elspeedo.cz\/chogori-ultrino\/&#8221;][vc_column_text align=&#8221;center&#8221;] CHOGORI\u00a0Ultrino [\/vc_column_text][vc_column_text] 9\u00a0kieszeni waga w rozmiarze M od 2,1 kg [\/vc_column_text][mk_button [&hellip;]<\/p>\n","protected":false},"author":4,"featured_media":0,"parent":15511,"menu_order":0,"comment_status":"closed","ping_status":"closed","template":"","meta":{"_tribe_blocks_recurrence_rules":"","_tribe_blocks_recurrence_exclusions":"","_tribe_blocks_recurrence_description":"","footnotes":""},"class_list":["post-27460","page","type-page","status-publish","hentry"],"yoast_head":"<!-- This site is optimized with the Yoast SEO plugin v27.0 - https:\/\/yoast.com\/product\/yoast-seo-wordpress\/ -->\n<title>El Speedo Ultrino sprz\u0119t &#8212; El Speedo<\/title>\n<meta name=\"description\" content=\"Szukasz do swych przyg\u00f3d wygodnego sprz\u0119tu o minimalnej masie? Wybieraj w wersjach ULTRINO! CHOGORI Ultrino 9 kieszeni waga w rozmiarze M od 2,1 kg. Wi\u0119cej\u2026\" \/>\n<meta name=\"robots\" content=\"index, follow, max-snippet:-1, max-image-preview:large, max-video-preview:-1\" \/>\n<link rel=\"canonical\" href=\"https:\/\/elspeedo.cz\/vybaveni\/el-speedo-ultrino-vybaveni\/\" \/>\n<meta property=\"og:locale\" content=\"pl_PL\" \/>\n<meta property=\"og:type\" content=\"article\" \/>\n<meta property=\"og:title\" content=\"El Speedo Ultrino sprz\u0119t &#8212; El Speedo\" \/>\n<meta property=\"og:description\" content=\"Szukasz do swych przyg\u00f3d wygodnego sprz\u0119tu o minimalnej masie? Wybieraj w wersjach ULTRINO! CHOGORI Ultrino 9 kieszeni waga w rozmiarze M od 2,1 kg. Wi\u0119cej\u2026\" \/>\n<meta property=\"og:url\" content=\"https:\/\/elspeedo.cz\/vybaveni\/el-speedo-ultrino-vybaveni\/\" \/>\n<meta property=\"og:site_name\" content=\"El Speedo\" \/>\n<meta property=\"article:publisher\" content=\"http:\/\/www.facebook.com\/paragliding.elspeedo.cz\/?fref=ts\" \/>\n<meta property=\"article:modified_time\" content=\"2018-12-11T16:15:34+00:00\" \/>\n<meta name=\"twitter:card\" content=\"summary_large_image\" \/>\n<meta name=\"twitter:label1\" content=\"Szacowany czas czytania\" \/>\n\t<meta name=\"twitter:data1\" content=\"3 minuty\" \/>\n<script type=\"application\/ld+json\" class=\"yoast-schema-graph\">{\"@context\":\"https:\/\/schema.org\",\"@graph\":[{\"@type\":\"WebPage\",\"@id\":\"https:\/\/elspeedo.cz\/vybaveni\/el-speedo-ultrino-vybaveni\/\",\"url\":\"https:\/\/elspeedo.cz\/vybaveni\/el-speedo-ultrino-vybaveni\/\",\"name\":\"El Speedo Ultrino sprz\u0119t &#8212; El Speedo\",\"isPartOf\":{\"@id\":\"https:\/\/elspeedo.cz\/#website\"},\"datePublished\":\"2017-02-01T13:57:21+00:00\",\"dateModified\":\"2018-12-11T16:15:34+00:00\",\"description\":\"Szukasz do swych przyg\u00f3d wygodnego sprz\u0119tu o minimalnej masie? Wybieraj w wersjach ULTRINO! CHOGORI Ultrino 9 kieszeni waga w rozmiarze M od 2,1 kg. Wi\u0119cej\u2026\",\"breadcrumb\":{\"@id\":\"https:\/\/elspeedo.cz\/vybaveni\/el-speedo-ultrino-vybaveni\/#breadcrumb\"},\"inLanguage\":\"pl-PL\",\"potentialAction\":[{\"@type\":\"ReadAction\",\"target\":[\"https:\/\/elspeedo.cz\/vybaveni\/el-speedo-ultrino-vybaveni\/\"]}]},{\"@type\":\"BreadcrumbList\",\"@id\":\"https:\/\/elspeedo.cz\/vybaveni\/el-speedo-ultrino-vybaveni\/#breadcrumb\",\"itemListElement\":[{\"@type\":\"ListItem\",\"position\":1,\"name\":\"Dom\u016f\",\"item\":\"https:\/\/elspeedo.cz\/pl\/\"},{\"@type\":\"ListItem\",\"position\":2,\"name\":\"Sprz\u0119t\",\"item\":\"https:\/\/elspeedo.cz\/pl\/sprzet-2\/\"},{\"@type\":\"ListItem\",\"position\":3,\"name\":\"El Speedo Ultrino sprz\u0119t\"}]},{\"@type\":\"WebSite\",\"@id\":\"https:\/\/elspeedo.cz\/#website\",\"url\":\"https:\/\/elspeedo.cz\/\",\"name\":\"El Speedo\",\"description\":\"Paragliding - kurzy, vybaven\u00ed, v\u00fdlety, komunita\",\"potentialAction\":[{\"@type\":\"SearchAction\",\"target\":{\"@type\":\"EntryPoint\",\"urlTemplate\":\"https:\/\/elspeedo.cz\/?s={search_term_string}\"},\"query-input\":{\"@type\":\"PropertyValueSpecification\",\"valueRequired\":true,\"valueName\":\"search_term_string\"}}],\"inLanguage\":\"pl-PL\"}]}<\/script>\n<!-- \/ Yoast SEO plugin. -->","yoast_head_json":{"title":"El Speedo Ultrino sprz\u0119t &#8212; El Speedo","description":"Szukasz do swych przyg\u00f3d wygodnego sprz\u0119tu o minimalnej masie? Wybieraj w wersjach ULTRINO! CHOGORI Ultrino 9 kieszeni waga w rozmiarze M od 2,1 kg. Wi\u0119cej\u2026","robots":{"index":"index","follow":"follow","max-snippet":"max-snippet:-1","max-image-preview":"max-image-preview:large","max-video-preview":"max-video-preview:-1"},"canonical":"https:\/\/elspeedo.cz\/vybaveni\/el-speedo-ultrino-vybaveni\/","og_locale":"pl_PL","og_type":"article","og_title":"El Speedo Ultrino sprz\u0119t &#8212; El Speedo","og_description":"Szukasz do swych przyg\u00f3d wygodnego sprz\u0119tu o minimalnej masie? Wybieraj w wersjach ULTRINO! CHOGORI Ultrino 9 kieszeni waga w rozmiarze M od 2,1 kg. Wi\u0119cej\u2026","og_url":"https:\/\/elspeedo.cz\/vybaveni\/el-speedo-ultrino-vybaveni\/","og_site_name":"El Speedo","article_publisher":"http:\/\/www.facebook.com\/paragliding.elspeedo.cz\/?fref=ts","article_modified_time":"2018-12-11T16:15:34+00:00","twitter_card":"summary_large_image","twitter_misc":{"Szacowany czas czytania":"3 minuty"},"schema":{"@context":"https:\/\/schema.org","@graph":[{"@type":"WebPage","@id":"https:\/\/elspeedo.cz\/vybaveni\/el-speedo-ultrino-vybaveni\/","url":"https:\/\/elspeedo.cz\/vybaveni\/el-speedo-ultrino-vybaveni\/","name":"El Speedo Ultrino sprz\u0119t &#8212; El Speedo","isPartOf":{"@id":"https:\/\/elspeedo.cz\/#website"},"datePublished":"2017-02-01T13:57:21+00:00","dateModified":"2018-12-11T16:15:34+00:00","description":"Szukasz do swych przyg\u00f3d wygodnego sprz\u0119tu o minimalnej masie? Wybieraj w wersjach ULTRINO! CHOGORI Ultrino 9 kieszeni waga w rozmiarze M od 2,1 kg. Wi\u0119cej\u2026","breadcrumb":{"@id":"https:\/\/elspeedo.cz\/vybaveni\/el-speedo-ultrino-vybaveni\/#breadcrumb"},"inLanguage":"pl-PL","potentialAction":[{"@type":"ReadAction","target":["https:\/\/elspeedo.cz\/vybaveni\/el-speedo-ultrino-vybaveni\/"]}]},{"@type":"BreadcrumbList","@id":"https:\/\/elspeedo.cz\/vybaveni\/el-speedo-ultrino-vybaveni\/#breadcrumb","itemListElement":[{"@type":"ListItem","position":1,"name":"Dom\u016f","item":"https:\/\/elspeedo.cz\/pl\/"},{"@type":"ListItem","position":2,"name":"Sprz\u0119t","item":"https:\/\/elspeedo.cz\/pl\/sprzet-2\/"},{"@type":"ListItem","position":3,"name":"El Speedo Ultrino sprz\u0119t"}]},{"@type":"WebSite","@id":"https:\/\/elspeedo.cz\/#website","url":"https:\/\/elspeedo.cz\/","name":"El Speedo","description":"Paragliding - kurzy, vybaven\u00ed, v\u00fdlety, komunita","potentialAction":[{"@type":"SearchAction","target":{"@type":"EntryPoint","urlTemplate":"https:\/\/elspeedo.cz\/?s={search_term_string}"},"query-input":{"@type":"PropertyValueSpecification","valueRequired":true,"valueName":"search_term_string"}}],"inLanguage":"pl-PL"}]}},"_links":{"self":[{"href":"https:\/\/elspeedo.cz\/pl\/wp-json\/wp\/v2\/pages\/27460","targetHints":{"allow":["GET"]}}],"collection":[{"href":"https:\/\/elspeedo.cz\/pl\/wp-json\/wp\/v2\/pages"}],"about":[{"href":"https:\/\/elspeedo.cz\/pl\/wp-json\/wp\/v2\/types\/page"}],"author":[{"embeddable":true,"href":"https:\/\/elspeedo.cz\/pl\/wp-json\/wp\/v2\/users\/4"}],"replies":[{"embeddable":true,"href":"https:\/\/elspeedo.cz\/pl\/wp-json\/wp\/v2\/comments?post=27460"}],"version-history":[{"count":0,"href":"https:\/\/elspeedo.cz\/pl\/wp-json\/wp\/v2\/pages\/27460\/revisions"}],"up":[{"embeddable":true,"href":"https:\/\/elspeedo.cz\/pl\/wp-json\/wp\/v2\/pages\/15511"}],"wp:attachment":[{"href":"https:\/\/elspeedo.cz\/pl\/wp-json\/wp\/v2\/media?parent=27460"}],"curies":[{"name":"wp","href":"https:\/\/api.w.org\/{rel}","templated":true}]}}