{"id":27461,"date":"2017-02-01T14:57:30","date_gmt":"2017-02-01T13:57:30","guid":{"rendered":"https:\/\/elspeedo.cz\/vybaveni\/padaky\/"},"modified":"2023-01-27T11:59:23","modified_gmt":"2023-01-27T10:59:23","slug":"paralotnie-2","status":"publish","type":"page","link":"https:\/\/elspeedo.cz\/pl\/sprzet-2\/paralotnie-2\/","title":{"rendered":"Paralotnie"},"content":{"rendered":"<div class=\"wpb-content-wrapper\">[mk_page_section bg_position=&#8221;center center&#8221; bg_repeat=&#8221;no-repeat&#8221; bg_stretch=&#8221;true&#8221; enable_3d=&#8221;true&#8221; video_loop=&#8221;false&#8221; min_height=&#8221;450&#8243; padding_bottom=&#8221;70&#8243; sidebar=&#8221;sidebar-1&#8243;][vc_column width=&#8221;1\/6&#8243;][vc_single_image image=&#8221;13509&#8243; img_size=&#8221;full&#8221; alignment=&#8221;center&#8221; style=&#8221;vc_box_rounded&#8221; onclick=&#8221;custom_link&#8221; link=&#8221;https:\/\/elspeedo.cz\/pl\/sprzet-2\/paralotnie-2\/bobby-wyjatkowo-stabilny-i-zaskakujaco-zgrabny\/&#8221;][vc_column_text disable_pattern=&#8221;false&#8221; align=&#8221;center&#8221;]\n<h5>BOBBY<\/h5>\n[\/vc_column_text][vc_column_text disable_pattern=&#8221;false&#8221; align=&#8221;center&#8221;]Wspania\u0142e EN A[\/vc_column_text][mk_button_gradient dimension=&#8221;flat&#8221; size=&#8221;large&#8221; corner_style=&#8221;rounded&#8221; grandient_color_from=&#8221;#6087b9&#8243; grandient_color_to=&#8221;#557bab&#8221; grandient_color_fallback=&#8221;#6087b9&#8243; url=&#8221;https:\/\/elspeedo.cz\/pl\/sprzet-2\/paralotnie-2\/bobby-wyjatkowo-stabilny-i-zaskakujaco-zgrabny\/&#8221; align=&#8221;center&#8221;]Opis[\/mk_button_gradient][\/vc_column][vc_column width=&#8221;1\/6&#8243;][vc_single_image image=&#8221;13554&#8243; img_size=&#8221;full&#8221; alignment=&#8221;center&#8221; style=&#8221;vc_box_rounded&#8221; onclick=&#8221;custom_link&#8221; link=&#8221;https:\/\/elspeedo.cz\/pl\/sprzet-2\/paralotnie-2\/freddie-2-nowoczesne-technologie-dla-wszystkich-pilotow\/&#8221;][vc_column_text align=&#8221;center&#8221;]\n<h5>FREDDIE 2<\/h5>\n[\/vc_column_text][vc_column_text align=&#8221;center&#8221;]\u015arodkowe EN B[\/vc_column_text][mk_button_gradient dimension=&#8221;flat&#8221; size=&#8221;large&#8221; corner_style=&#8221;rounded&#8221; grandient_color_from=&#8221;#6087b9&#8243; grandient_color_to=&#8221;#557bab&#8221; grandient_color_fallback=&#8221;#6087b9&#8243; url=&#8221;https:\/\/elspeedo.cz\/pl\/sprzet-2\/paralotnie-2\/freddie-2-nowoczesne-technologie-dla-wszystkich-pilotow\/&#8221; align=&#8221;center&#8221;]Opis[\/mk_button_gradient][\/vc_column][vc_column width=&#8221;1\/6&#8243;][vc_single_image image=&#8221;13531&#8243; img_size=&#8221;full&#8221; alignment=&#8221;center&#8221; style=&#8221;vc_box_rounded&#8221; onclick=&#8221;custom_link&#8221; link=&#8221;https:\/\/elspeedo.cz\/pl\/sprzet-2\/paralotnie-2\/jimmy3\/&#8221;][vc_column_text align=&#8221;center&#8221;]\n<h5>JIMMY 4<\/h5>\n[\/vc_column_text][vc_column_text align=&#8221;center&#8221;]Wyczynowe EN B[\/vc_column_text][mk_button_gradient dimension=&#8221;flat&#8221; size=&#8221;large&#8221; corner_style=&#8221;rounded&#8221; grandient_color_from=&#8221;#6087b9&#8243; grandient_color_to=&#8221;#557bab&#8221; grandient_color_fallback=&#8221;#6087b9&#8243; url=&#8221;https:\/\/elspeedo.cz\/pl\/sprzet-2\/paralotnie-2\/jimmy3\/&#8221; align=&#8221;center&#8221;]Opis[\/mk_button_gradient][\/vc_column][vc_column width=&#8221;1\/6&#8243;][vc_single_image image=&#8221;43548&#8243; img_size=&#8221;full&#8221; alignment=&#8221;center&#8221; style=&#8221;vc_box_rounded&#8221; onclick=&#8221;custom_link&#8221; link=&#8221;https:\/\/elspeedo.cz\/pl\/sprzet-2\/paralotnie-2\/ozzy3\/&#8221;][vc_column_text align=&#8221;center&#8221;]\n<h5>OZZY 3<\/h5>\n[\/vc_column_text][vc_column_text align=&#8221;center&#8221;]Wyczynowe EN C[\/vc_column_text][mk_button_gradient dimension=&#8221;flat&#8221; size=&#8221;large&#8221; corner_style=&#8221;rounded&#8221; grandient_color_from=&#8221;#6087b9&#8243; grandient_color_to=&#8221;#557bab&#8221; grandient_color_fallback=&#8221;#6087b9&#8243; url=&#8221;https:\/\/elspeedo.cz\/pl\/sprzet-2\/paralotnie-2\/ozzy3\/&#8221; align=&#8221;center&#8221;]Opis[\/mk_button_gradient][\/vc_column][vc_column width=&#8221;1\/6&#8243;][vc_single_image image=&#8221;43552&#8243; img_size=&#8221;full&#8221; alignment=&#8221;center&#8221; style=&#8221;vc_box_rounded&#8221; onclick=&#8221;custom_link&#8221; link=&#8221;https:\/\/elspeedo.cz\/pl\/sprzet-2\/paralotnie-2\/janis-mocna-i-inspirujaca\/&#8221;][vc_column_text align=&#8221;center&#8221;]\n<h5>JANIS<\/h5>\n[\/vc_column_text][vc_column_text align=&#8221;center&#8221;]Wyczynowe EN D[\/vc_column_text][mk_button_gradient dimension=&#8221;flat&#8221; size=&#8221;large&#8221; corner_style=&#8221;rounded&#8221; grandient_color_from=&#8221;#6087b9&#8243; grandient_color_to=&#8221;#557bab&#8221; grandient_color_fallback=&#8221;#6087b9&#8243; url=&#8221;https:\/\/elspeedo.cz\/pl\/sprzet-2\/paralotnie-2\/janis-mocna-i-inspirujaca\/&#8221; align=&#8221;center&#8221;]Opis[\/mk_button_gradient][\/vc_column][vc_column width=&#8221;1\/6&#8243;][vc_single_image image=&#8221;50280&#8243; img_size=&#8221;full&#8221; alignment=&#8221;center&#8221; style=&#8221;vc_box_rounded&#8221; onclick=&#8221;custom_link&#8221; link=&#8221;https:\/\/elspeedo.cz\/pl\/sprzet-2\/paralotnie-2\/olivier-partner-tandem-pilotow\/&#8221;][vc_column_text align=&#8221;center&#8221;]\n<h5>OLIVIER<\/h5>\n[\/vc_column_text][vc_column_text align=&#8221;center&#8221;]EN B &#8211; tandem[\/vc_column_text][mk_button_gradient dimension=&#8221;flat&#8221; size=&#8221;large&#8221; corner_style=&#8221;rounded&#8221; grandient_color_from=&#8221;#6087b9&#8243; grandient_color_to=&#8221;#557bab&#8221; grandient_color_fallback=&#8221;#6087b9&#8243; url=&#8221;https:\/\/elspeedo.cz\/pl\/sprzet-2\/paralotnie-2\/olivier-partner-tandem-pilotow\/&#8221; align=&#8221;center&#8221;]Opis[\/mk_button_gradient][\/vc_column][\/mk_page_section][vc_row fullwidth=&#8221;true&#8221; fullwidth_content=&#8221;false&#8221; css=&#8221;.vc_custom_1481808181369{padding-top: 30px !important;background-color: #e7e7e7 !important;}&#8221;][vc_column][mk_padding_divider size=&#8221;20&#8243;][vc_column_text disable_pattern=&#8221;false&#8221; align=&#8221;center&#8221;]\n<h1>El Speedo \u2013 g\u00f3ry, nasz dom\u2026<\/h1>\n[\/vc_column_text][\/vc_column][\/vc_row][vc_row fullwidth=&#8221;true&#8221; fullwidth_content=&#8221;false&#8221; css=&#8221;.vc_custom_1487659042721{padding-bottom: 30px !important;background-color: #e7e7e7 !important;}&#8221;][vc_column width=&#8221;2\/3&#8243;][vc_single_image image=&#8221;16159&#8243; img_size=&#8221;full&#8221; alignment=&#8221;center&#8221; style=&#8221;vc_box_rounded&#8221; css=&#8221;.vc_custom_1487407651325{padding-top: 30px !important;padding-bottom: 20px !important;}&#8221;][\/vc_column][vc_column width=&#8221;1\/3&#8243;][mk_padding_divider size=&#8221;30&#8243;][vc_column_text disable_pattern=&#8221;false&#8221; align=&#8221;center&#8221;]<strong>Concordia<\/strong> \u2013 lodowiec Baltoro, Gasherbrum 1, 4, 5, 6, Baltoro Kangri \u2013 P\u00f3\u0142nocny Pakistan 2011[\/vc_column_text][mk_padding_divider size=&#8221;10&#8243;][vc_column_text disable_pattern=&#8221;false&#8221; align=&#8221;center&#8221;]Podczas spokojnego latania nad ulubionymi miejscami i podczas trudnych XC przelot\u00f3w w najwy\u017cszych g\u00f3rach \u015bwiata paralotnie El Speedo zaskakuj\u0105 swoj\u0105 przyjazno\u015bci\u0105 i mo\u017cliwo\u015bciami podczas lot\u00f3w w termice i podczas d\u0142ugich przeskok\u00f3w.[\/vc_column_text][\/vc_column][\/vc_row][mk_page_section bg_color=&#8221;#272727&#8243; bg_position=&#8221;center center&#8221; video_loop=&#8221;false&#8221; js_vertical_centered=&#8221;true&#8221; padding_top=&#8221;60&#8243; padding_bottom=&#8221;60&#8243; el_class=&#8221;sc-dark&#8221; sidebar=&#8221;sidebar-1&#8243;][vc_column][vc_column_text align=&#8221;center&#8221;]\n<h1 style=\"text-align: center;\">Paralotnie specjalne<\/h1>\n[\/vc_column_text][\/vc_column][\/mk_page_section][mk_page_section bg_color=&#8221;#272727&#8243; bg_position=&#8221;center center&#8221; video_loop=&#8221;false&#8221; js_vertical_centered=&#8221;true&#8221; padding_top=&#8221;20&#8243; padding_bottom=&#8221;60&#8243; el_class=&#8221;sc-dark&#8221; sidebar=&#8221;sidebar-1&#8243;][vc_column width=&#8221;1\/4&#8243;][vc_single_image image=&#8221;147627&#8243; img_size=&#8221;full&#8221; alignment=&#8221;center&#8221; style=&#8221;vc_box_rounded&#8221; onclick=&#8221;custom_link&#8221; link=&#8221;https:\/\/elspeedo.cz\/pl\/amy-nowa-zabawka-el-speedo-dla-doswiadczonych-pilotow-oraz-opcja-dla-mniejszych-pilotek\/&#8221;][vc_column_text disable_pattern=&#8221;false&#8221; align=&#8221;center&#8221;]\n<h5>AMY<\/h5>\n[\/vc_column_text][vc_column_text disable_pattern=&#8221;false&#8221; align=&#8221;center&#8221;]Zabawne mini skrzyd\u0142o[\/vc_column_text][mk_button_gradient dimension=&#8221;flat&#8221; size=&#8221;large&#8221; corner_style=&#8221;rounded&#8221; grandient_color_from=&#8221;#6087b9&#8243; grandient_color_to=&#8221;#557bab&#8221; grandient_color_fallback=&#8221;#6087b9&#8243; url=&#8221;https:\/\/elspeedo.cz\/pl\/amy-nowa-zabawka-el-speedo-dla-doswiadczonych-pilotow-oraz-opcja-dla-mniejszych-pilotek\/&#8221; align=&#8221;center&#8221;]Opis[\/mk_button_gradient][\/vc_column][vc_column width=&#8221;1\/4&#8243;][vc_single_image image=&#8221;147683&#8243; img_size=&#8221;full&#8221; alignment=&#8221;center&#8221; style=&#8221;vc_box_rounded&#8221; onclick=&#8221;custom_link&#8221; link=&#8221;https:\/\/elspeedo.cz\/pl\/sprzet-2\/paralotnie-2\/lemmy-jednopowlokowy-partner-wspinaczy-i-podroznikow\/&#8221;][vc_column_text disable_pattern=&#8221;false&#8221; align=&#8221;center&#8221;]\n<h5>LEMMY<\/h5>\n[\/vc_column_text][vc_column_text disable_pattern=&#8221;false&#8221; align=&#8221;center&#8221;]Jednopow\u0142okowy kozak[\/vc_column_text][mk_button_gradient dimension=&#8221;flat&#8221; size=&#8221;large&#8221; corner_style=&#8221;rounded&#8221; grandient_color_from=&#8221;#6087b9&#8243; grandient_color_to=&#8221;#557bab&#8221; grandient_color_fallback=&#8221;#6087b9&#8243; url=&#8221;https:\/\/elspeedo.cz\/pl\/sprzet-2\/paralotnie-2\/lemmy-jednopowlokowy-partner-wspinaczy-i-podroznikow\/&#8221; align=&#8221;center&#8221;]Opis[\/mk_button_gradient][\/vc_column][vc_column width=&#8221;1\/4&#8243;][vc_single_image image=&#8221;31462&#8243; img_size=&#8221;full&#8221; alignment=&#8221;center&#8221; style=&#8221;vc_box_rounded&#8221; onclick=&#8221;custom_link&#8221; link=&#8221;https:\/\/elspeedo.cz\/pl\/sprzet-2\/paralotnie-2\/billy\/&#8221;][vc_column_text disable_pattern=&#8221;false&#8221; align=&#8221;center&#8221;]\n<h5>BILLY<\/h5>\n[\/vc_column_text][vc_column_text disable_pattern=&#8221;false&#8221; align=&#8221;center&#8221;]Do latania z nap\u0119dem[\/vc_column_text][mk_button_gradient dimension=&#8221;flat&#8221; size=&#8221;large&#8221; corner_style=&#8221;rounded&#8221; grandient_color_from=&#8221;#6087b9&#8243; grandient_color_to=&#8221;#557bab&#8221; grandient_color_fallback=&#8221;#6087b9&#8243; url=&#8221;https:\/\/elspeedo.cz\/pl\/sprzet-2\/paralotnie-2\/billy\/&#8221; align=&#8221;center&#8221;]Opis[\/mk_button_gradient][\/vc_column][vc_column width=&#8221;1\/4&#8243;][vc_single_image image=&#8221;31464&#8243; img_size=&#8221;full&#8221; alignment=&#8221;center&#8221; style=&#8221;vc_box_rounded&#8221; onclick=&#8221;custom_link&#8221; link=&#8221;https:\/\/elspeedo.cz\/pl\/sprzet-2\/paralotnie-2\/iggy\/&#8221;][vc_column_text disable_pattern=&#8221;false&#8221; align=&#8221;center&#8221;]\n<h5>IGGY<\/h5>\n[\/vc_column_text][vc_column_text disable_pattern=&#8221;false&#8221; align=&#8221;center&#8221;]G\u00f3rski Speed Ride[\/vc_column_text][mk_button_gradient dimension=&#8221;flat&#8221; size=&#8221;large&#8221; corner_style=&#8221;rounded&#8221; grandient_color_from=&#8221;#6087b9&#8243; grandient_color_to=&#8221;#557bab&#8221; grandient_color_fallback=&#8221;#6087b9&#8243; url=&#8221;https:\/\/elspeedo.cz\/pl\/sprzet-2\/paralotnie-2\/iggy\/&#8221; align=&#8221;center&#8221;]Opis[\/mk_button_gradient][\/vc_column][\/mk_page_section][mk_page_section video_loop=&#8221;false&#8221; padding_top=&#8221;100&#8243; padding_bottom=&#8221;100&#8243; sidebar=&#8221;sidebar-1&#8243;][vc_column width=&#8221;2\/3&#8243;][mk_padding_divider size=&#8221;20&#8243;][vc_column_text align=&#8221;center&#8221;]\n<h2><span style=\"color: #333333;\">Hippie wersja<\/span><\/h2>\n<p>Chcesz skrzyd\u0142o bez loga lub z\u00a0w\u0142asnymi kolorami?<\/p>\n<h4>Dop\u0142ata do ceny skrzyd\u0142a tylko 2990 CZK.<\/h4>\n[\/vc_column_text][mk_padding_divider size=&#8221;20&#8243;][mk_button_gradient dimension=&#8221;flat&#8221; size=&#8221;large&#8221; corner_style=&#8221;rounded&#8221; grandient_color_from=&#8221;#6087b9&#8243; grandient_color_to=&#8221;#557bab&#8221; grandient_color_fallback=&#8221;#6087b9&#8243; url=&#8221;#&#8221; align=&#8221;center&#8221; el_class=&#8221;btn-el-gradient-blue&#8221;]Wybierz kolory[\/mk_button_gradient][vc_column_text align=&#8221;center&#8221;]W razie kupna ca\u0142ego sprz\u0119tu (paralotnia, uprz\u0105\u017c, spadochron zapasowy) w\u0142asn\u0105 kolorystyk\u0119 paralotni otrzymujesz GRATIS![\/vc_column_text][\/vc_column][vc_column width=&#8221;1\/3&#8243;][mk_padding_divider][vc_single_image image=&#8221;23537&#8243; img_size=&#8221;full&#8221; alignment=&#8221;center&#8221; style=&#8221;vc_box_rounded&#8221;][\/vc_column][\/mk_page_section][mk_page_section bg_color=&#8221;#272727&#8243; bg_position=&#8221;center center&#8221; video_loop=&#8221;false&#8221; js_vertical_centered=&#8221;true&#8221; padding_top=&#8221;80&#8243; padding_bottom=&#8221;80&#8243; el_class=&#8221;sc-dark&#8221; sidebar=&#8221;sidebar-1&#8243;][vc_column][vc_column_text disable_pattern=&#8221;false&#8221; align=&#8221;center&#8221;]\n<div class=\"clr\" style=\"text-align: center;\"><span style=\"font-size: 24pt;\">Kupuj w\u00a0<span style=\"font-size: 40pt;\">CENACH ABSOLWENCKICH<\/span><\/span><\/div>\n[\/vc_column_text][mk_padding_divider size=&#8221;20&#8243;][vc_column_text disable_pattern=&#8221;false&#8221; align=&#8221;center&#8221;]\n<h2 style=\"text-align: center;\">Absolwenci naszych program\u00f3w treningowych zyskuj\u0105 zni\u017ck\u0119 10%.<\/h2>\n<p style=\"text-align: center;\">Wszystkie informacje uzyskasz w naszym biurze, pod nr. +420\u00a0777\u00a0311 661<\/p>\n[\/vc_column_text][\/vc_column][\/mk_page_section]\n<\/div>","protected":false},"excerpt":{"rendered":"<p>[mk_page_section bg_position=&#8221;center center&#8221; bg_repeat=&#8221;no-repeat&#8221; bg_stretch=&#8221;true&#8221; enable_3d=&#8221;true&#8221; video_loop=&#8221;false&#8221; min_height=&#8221;450&#8243; padding_bottom=&#8221;70&#8243; sidebar=&#8221;sidebar-1&#8243;][vc_column width=&#8221;1\/6&#8243;][vc_single_image image=&#8221;13509&#8243; img_size=&#8221;full&#8221; alignment=&#8221;center&#8221; style=&#8221;vc_box_rounded&#8221; onclick=&#8221;custom_link&#8221; link=&#8221;https:\/\/elspeedo.cz\/pl\/sprzet-2\/paralotnie-2\/bobby-wyjatkowo-stabilny-i-zaskakujaco-zgrabny\/&#8221;][vc_column_text disable_pattern=&#8221;false&#8221; align=&#8221;center&#8221;] BOBBY [\/vc_column_text][vc_column_text disable_pattern=&#8221;false&#8221; align=&#8221;center&#8221;]Wspania\u0142e EN A[\/vc_column_text][mk_button_gradient dimension=&#8221;flat&#8221; size=&#8221;large&#8221; corner_style=&#8221;rounded&#8221; grandient_color_from=&#8221;#6087b9&#8243; grandient_color_to=&#8221;#557bab&#8221; grandient_color_fallback=&#8221;#6087b9&#8243; url=&#8221;https:\/\/elspeedo.cz\/pl\/sprzet-2\/paralotnie-2\/bobby-wyjatkowo-stabilny-i-zaskakujaco-zgrabny\/&#8221; align=&#8221;center&#8221;]Opis[\/mk_button_gradient][\/vc_column][vc_column width=&#8221;1\/6&#8243;][vc_single_image image=&#8221;13554&#8243; img_size=&#8221;full&#8221; alignment=&#8221;center&#8221; style=&#8221;vc_box_rounded&#8221; onclick=&#8221;custom_link&#8221; link=&#8221;https:\/\/elspeedo.cz\/pl\/sprzet-2\/paralotnie-2\/freddie-2-nowoczesne-technologie-dla-wszystkich-pilotow\/&#8221;][vc_column_text align=&#8221;center&#8221;] FREDDIE 2 [\/vc_column_text][vc_column_text align=&#8221;center&#8221;]\u015arodkowe EN B[\/vc_column_text][mk_button_gradient dimension=&#8221;flat&#8221; size=&#8221;large&#8221; corner_style=&#8221;rounded&#8221; grandient_color_from=&#8221;#6087b9&#8243; grandient_color_to=&#8221;#557bab&#8221; grandient_color_fallback=&#8221;#6087b9&#8243; url=&#8221;https:\/\/elspeedo.cz\/pl\/sprzet-2\/paralotnie-2\/freddie-2-nowoczesne-technologie-dla-wszystkich-pilotow\/&#8221; align=&#8221;center&#8221;]Opis[\/mk_button_gradient][\/vc_column][vc_column [&hellip;]<\/p>\n","protected":false},"author":4,"featured_media":0,"parent":15511,"menu_order":0,"comment_status":"closed","ping_status":"closed","template":"","meta":{"_tribe_blocks_recurrence_rules":"","_tribe_blocks_recurrence_exclusions":"","_tribe_blocks_recurrence_description":"","footnotes":""},"class_list":["post-27461","page","type-page","status-publish","hentry"],"yoast_head":"<!-- This site is optimized with the Yoast SEO plugin v27.0 - https:\/\/yoast.com\/product\/yoast-seo-wordpress\/ -->\n<title>Paralotnie &#8212; El Speedo<\/title>\n<meta name=\"description\" content=\"Wybieraj z naszej wspania\u0142ej oferty El Speedo paralotni! Napewno znajdziesz skrzyd\u0142o w sam raz dla Ciebie! Nie wierzysz? Sprawd\u017a!\" \/>\n<meta name=\"robots\" content=\"index, follow, max-snippet:-1, max-image-preview:large, max-video-preview:-1\" \/>\n<link rel=\"canonical\" href=\"https:\/\/elspeedo.cz\/vybaveni\/padaky\/\" \/>\n<meta property=\"og:locale\" content=\"pl_PL\" \/>\n<meta property=\"og:type\" content=\"article\" \/>\n<meta property=\"og:title\" content=\"Paralotnie &#8212; El Speedo\" \/>\n<meta property=\"og:description\" content=\"Wybieraj z naszej wspania\u0142ej oferty El Speedo paralotni! Napewno znajdziesz skrzyd\u0142o w sam raz dla Ciebie! Nie wierzysz? Sprawd\u017a!\" \/>\n<meta property=\"og:url\" content=\"https:\/\/elspeedo.cz\/vybaveni\/padaky\/\" \/>\n<meta property=\"og:site_name\" content=\"El Speedo\" \/>\n<meta property=\"article:publisher\" content=\"http:\/\/www.facebook.com\/paragliding.elspeedo.cz\/?fref=ts\" \/>\n<meta property=\"article:modified_time\" content=\"2023-01-27T10:59:23+00:00\" \/>\n<meta name=\"twitter:card\" content=\"summary_large_image\" \/>\n<meta name=\"twitter:label1\" content=\"Szacowany czas czytania\" \/>\n\t<meta name=\"twitter:data1\" content=\"7 minut\" \/>\n<script type=\"application\/ld+json\" class=\"yoast-schema-graph\">{\"@context\":\"https:\/\/schema.org\",\"@graph\":[{\"@type\":\"WebPage\",\"@id\":\"https:\/\/elspeedo.cz\/vybaveni\/padaky\/\",\"url\":\"https:\/\/elspeedo.cz\/vybaveni\/padaky\/\",\"name\":\"Paralotnie &#8212; El Speedo\",\"isPartOf\":{\"@id\":\"https:\/\/elspeedo.cz\/#website\"},\"datePublished\":\"2017-02-01T13:57:30+00:00\",\"dateModified\":\"2023-01-27T10:59:23+00:00\",\"description\":\"Wybieraj z naszej wspania\u0142ej oferty El Speedo paralotni! Napewno znajdziesz skrzyd\u0142o w sam raz dla Ciebie! Nie wierzysz? Sprawd\u017a!\",\"breadcrumb\":{\"@id\":\"https:\/\/elspeedo.cz\/vybaveni\/padaky\/#breadcrumb\"},\"inLanguage\":\"pl-PL\",\"potentialAction\":[{\"@type\":\"ReadAction\",\"target\":[\"https:\/\/elspeedo.cz\/vybaveni\/padaky\/\"]}]},{\"@type\":\"BreadcrumbList\",\"@id\":\"https:\/\/elspeedo.cz\/vybaveni\/padaky\/#breadcrumb\",\"itemListElement\":[{\"@type\":\"ListItem\",\"position\":1,\"name\":\"Dom\u016f\",\"item\":\"https:\/\/elspeedo.cz\/pl\/\"},{\"@type\":\"ListItem\",\"position\":2,\"name\":\"Sprz\u0119t\",\"item\":\"https:\/\/elspeedo.cz\/pl\/sprzet-2\/\"},{\"@type\":\"ListItem\",\"position\":3,\"name\":\"Paralotnie\"}]},{\"@type\":\"WebSite\",\"@id\":\"https:\/\/elspeedo.cz\/#website\",\"url\":\"https:\/\/elspeedo.cz\/\",\"name\":\"El Speedo\",\"description\":\"Paragliding - kurzy, vybaven\u00ed, v\u00fdlety, komunita\",\"potentialAction\":[{\"@type\":\"SearchAction\",\"target\":{\"@type\":\"EntryPoint\",\"urlTemplate\":\"https:\/\/elspeedo.cz\/?s={search_term_string}\"},\"query-input\":{\"@type\":\"PropertyValueSpecification\",\"valueRequired\":true,\"valueName\":\"search_term_string\"}}],\"inLanguage\":\"pl-PL\"}]}<\/script>\n<!-- \/ Yoast SEO plugin. -->","yoast_head_json":{"title":"Paralotnie &#8212; El Speedo","description":"Wybieraj z naszej wspania\u0142ej oferty El Speedo paralotni! Napewno znajdziesz skrzyd\u0142o w sam raz dla Ciebie! Nie wierzysz? Sprawd\u017a!","robots":{"index":"index","follow":"follow","max-snippet":"max-snippet:-1","max-image-preview":"max-image-preview:large","max-video-preview":"max-video-preview:-1"},"canonical":"https:\/\/elspeedo.cz\/vybaveni\/padaky\/","og_locale":"pl_PL","og_type":"article","og_title":"Paralotnie &#8212; El Speedo","og_description":"Wybieraj z naszej wspania\u0142ej oferty El Speedo paralotni! Napewno znajdziesz skrzyd\u0142o w sam raz dla Ciebie! Nie wierzysz? Sprawd\u017a!","og_url":"https:\/\/elspeedo.cz\/vybaveni\/padaky\/","og_site_name":"El Speedo","article_publisher":"http:\/\/www.facebook.com\/paragliding.elspeedo.cz\/?fref=ts","article_modified_time":"2023-01-27T10:59:23+00:00","twitter_card":"summary_large_image","twitter_misc":{"Szacowany czas czytania":"7 minut"},"schema":{"@context":"https:\/\/schema.org","@graph":[{"@type":"WebPage","@id":"https:\/\/elspeedo.cz\/vybaveni\/padaky\/","url":"https:\/\/elspeedo.cz\/vybaveni\/padaky\/","name":"Paralotnie &#8212; El Speedo","isPartOf":{"@id":"https:\/\/elspeedo.cz\/#website"},"datePublished":"2017-02-01T13:57:30+00:00","dateModified":"2023-01-27T10:59:23+00:00","description":"Wybieraj z naszej wspania\u0142ej oferty El Speedo paralotni! Napewno znajdziesz skrzyd\u0142o w sam raz dla Ciebie! Nie wierzysz? Sprawd\u017a!","breadcrumb":{"@id":"https:\/\/elspeedo.cz\/vybaveni\/padaky\/#breadcrumb"},"inLanguage":"pl-PL","potentialAction":[{"@type":"ReadAction","target":["https:\/\/elspeedo.cz\/vybaveni\/padaky\/"]}]},{"@type":"BreadcrumbList","@id":"https:\/\/elspeedo.cz\/vybaveni\/padaky\/#breadcrumb","itemListElement":[{"@type":"ListItem","position":1,"name":"Dom\u016f","item":"https:\/\/elspeedo.cz\/pl\/"},{"@type":"ListItem","position":2,"name":"Sprz\u0119t","item":"https:\/\/elspeedo.cz\/pl\/sprzet-2\/"},{"@type":"ListItem","position":3,"name":"Paralotnie"}]},{"@type":"WebSite","@id":"https:\/\/elspeedo.cz\/#website","url":"https:\/\/elspeedo.cz\/","name":"El Speedo","description":"Paragliding - kurzy, vybaven\u00ed, v\u00fdlety, komunita","potentialAction":[{"@type":"SearchAction","target":{"@type":"EntryPoint","urlTemplate":"https:\/\/elspeedo.cz\/?s={search_term_string}"},"query-input":{"@type":"PropertyValueSpecification","valueRequired":true,"valueName":"search_term_string"}}],"inLanguage":"pl-PL"}]}},"_links":{"self":[{"href":"https:\/\/elspeedo.cz\/pl\/wp-json\/wp\/v2\/pages\/27461","targetHints":{"allow":["GET"]}}],"collection":[{"href":"https:\/\/elspeedo.cz\/pl\/wp-json\/wp\/v2\/pages"}],"about":[{"href":"https:\/\/elspeedo.cz\/pl\/wp-json\/wp\/v2\/types\/page"}],"author":[{"embeddable":true,"href":"https:\/\/elspeedo.cz\/pl\/wp-json\/wp\/v2\/users\/4"}],"replies":[{"embeddable":true,"href":"https:\/\/elspeedo.cz\/pl\/wp-json\/wp\/v2\/comments?post=27461"}],"version-history":[{"count":9,"href":"https:\/\/elspeedo.cz\/pl\/wp-json\/wp\/v2\/pages\/27461\/revisions"}],"predecessor-version":[{"id":202187,"href":"https:\/\/elspeedo.cz\/pl\/wp-json\/wp\/v2\/pages\/27461\/revisions\/202187"}],"up":[{"embeddable":true,"href":"https:\/\/elspeedo.cz\/pl\/wp-json\/wp\/v2\/pages\/15511"}],"wp:attachment":[{"href":"https:\/\/elspeedo.cz\/pl\/wp-json\/wp\/v2\/media?parent=27461"}],"curies":[{"name":"wp","href":"https:\/\/api.w.org\/{rel}","templated":true}]}}