{"id":27465,"date":"2017-02-01T14:58:00","date_gmt":"2017-02-01T13:58:00","guid":{"rendered":"https:\/\/elspeedo.cz\/vybaveni\/sedacky\/"},"modified":"2023-01-31T09:19:48","modified_gmt":"2023-01-31T08:19:48","slug":"el-speedo-uprzeze-2","status":"publish","type":"page","link":"https:\/\/elspeedo.cz\/pl\/sprzet-2\/el-speedo-uprzeze-2\/","title":{"rendered":"El Speedo uprz\u0119\u017ce"},"content":{"rendered":"<div class=\"wpb-content-wrapper\">[vc_row][vc_column][mk_padding_divider size=&#8221;30&#8243;][vc_column_text align=&#8221;center&#8221;]\n<div class=\"clr\" style=\"text-align: center;\"><span style=\"font-size: 40pt;\">El Speedo uprz\u0119\u017ce <span style=\"font-size: 24pt;\">przemy\u015blane, wygodne, mocne<\/span><\/span><\/div>\n[\/vc_column_text][mk_padding_divider size=&#8221;30&#8243;][vc_separator el_width=&#8221;80&#8243; el_class=&#8221;basic-separator&#8221;][\/vc_column][\/vc_row][mk_page_section bg_position=&#8221;center center&#8221; bg_repeat=&#8221;no-repeat&#8221; bg_stretch=&#8221;true&#8221; enable_3d=&#8221;true&#8221; video_loop=&#8221;false&#8221; min_height=&#8221;450&#8243; padding_bottom=&#8221;100&#8243; sidebar=&#8221;sidebar-1&#8243;][vc_column width=&#8221;1\/4&#8243;][vc_single_image image=&#8221;78276&#8243; img_size=&#8221;full&#8221; alignment=&#8221;center&#8221; style=&#8221;vc_box_rounded&#8221; onclick=&#8221;custom_link&#8221; link=&#8221;https:\/\/elspeedo.cz\/pl\/sprzet-2\/el-speedo-uprzeze\/fuerta-wygodna-i-sprytnie-prosta\/&#8221;][vc_column_text disable_pattern=&#8221;false&#8221; align=&#8221;center&#8221;]\n<h4>FUERTA<\/h4>\n[\/vc_column_text][vc_column_text disable_pattern=&#8221;false&#8221; align=&#8221;center&#8221;]FUERTA przeznaczona dla pocz\u0105tkuj\u0105cych pilot\u00f3w, prosta, mocna konstrukcja z mo\u017cliwo\u015bci\u0105 odpi\u0119cia ca\u0142ej tylnej kieszeni. Idealna do treningu naziemnego.[\/vc_column_text][mk_button dimension=&#8221;flat&#8221; corner_style=&#8221;rounded&#8221; size=&#8221;large&#8221; url=&#8221;https:\/\/elspeedo.cz\/pl\/sprzet-2\/el-speedo-uprzeze\/fuerta-wygodna-i-sprytnie-prosta\/&#8221; align=&#8221;center&#8221; button_custom_width=&#8221;130&#8243; margin_right=&#8221;0&#8243; el_class=&#8221;basic-button&#8221;]Opis[\/mk_button][\/vc_column][vc_column width=&#8221;1\/4&#8243;][vc_single_image image=&#8221;125222&#8243; img_size=&#8221;full&#8221; alignment=&#8221;center&#8221; style=&#8221;vc_box_rounded&#8221; onclick=&#8221;custom_link&#8221; link=&#8221;https:\/\/elspeedo.cz\/pl\/sprzet-2\/el-speedo-uprzeze-2\/wanaka-komfort-i-sprawnosc-w-jakiejkolwiek-termice\/&#8221;][vc_column_text align=&#8221;center&#8221;]\n<h4>WANAKA<\/h4>\n[\/vc_column_text][vc_column_text align=&#8221;center&#8221;]Komfortowa uprz\u0105\u017c dla pilot\u00f3w wszystkich kategorii, idealna do lot\u00f3w termicznych, dzi\u0119ki niskiej wadze dobra podczas pieszych wyj\u015b\u0107 na startowisko.[\/vc_column_text][mk_button dimension=&#8221;flat&#8221; corner_style=&#8221;rounded&#8221; size=&#8221;large&#8221; url=&#8221;https:\/\/elspeedo.cz\/pl\/sprzet-2\/el-speedo-uprzeze-2\/wanaka-komfort-i-sprawnosc-w-jakiejkolwiek-termice\/&#8221; align=&#8221;center&#8221; button_custom_width=&#8221;130&#8243; margin_right=&#8221;0&#8243; el_class=&#8221;basic-button&#8221;]Opis[\/mk_button][\/vc_column][vc_column width=&#8221;1\/4&#8243;][vc_single_image image=&#8221;103555&#8243; img_size=&#8221;full&#8221; alignment=&#8221;center&#8221; style=&#8221;vc_box_rounded&#8221; onclick=&#8221;custom_link&#8221; link=&#8221;https:\/\/elspeedo.cz\/pl\/sprzet-2\/el-speedo-uprzeze\/chogori-lekka-i-zarazem-wygodna\/&#8221;][vc_column_text align=&#8221;center&#8221;]\n<h4>CHOGORI<\/h4>\n[\/vc_column_text][vc_column_text align=&#8221;center&#8221;]Lekka uprz\u0105\u017c z desk\u0105 siedziska i kokonem, idealnie dopasowana do d\u0142ugich przelot\u00f3w XC i lot\u00f3w biwakowych w najwy\u017cszych g\u00f3rach \u015bwiata.[\/vc_column_text][mk_button dimension=&#8221;flat&#8221; corner_style=&#8221;rounded&#8221; size=&#8221;large&#8221; url=&#8221;https:\/\/elspeedo.cz\/pl\/sprzet-2\/el-speedo-uprzeze\/chogori-lekka-i-zarazem-wygodna\/&#8221; align=&#8221;center&#8221; button_custom_width=&#8221;130&#8243; margin_right=&#8221;0&#8243; el_class=&#8221;basic-button&#8221;]Opis[\/mk_button][\/vc_column][vc_column width=&#8221;1\/4&#8243;][vc_single_image image=&#8221;13441&#8243; img_size=&#8221;full&#8221; alignment=&#8221;center&#8221; style=&#8221;vc_box_rounded&#8221; onclick=&#8221;custom_link&#8221; link=&#8221;https:\/\/elspeedo.cz\/pl\/sprzet-2\/el-speedo-uprzeze\/nowa-seria-el-speedo-uprzezy-mt-cook\/&#8221;][vc_column_text align=&#8221;center&#8221;]\n<h4>MT COOK<\/h4>\n[\/vc_column_text][vc_column_text align=&#8221;center&#8221;]Elegancka, wygodna, lekka \u2013 idealna do latania tandemowego. Bezpiecze\u0144stwo dla pasa\u017cera, komfort w sterowaniu dla pilota. I nie tylko to\u2026[\/vc_column_text][mk_button dimension=&#8221;flat&#8221; corner_style=&#8221;rounded&#8221; size=&#8221;large&#8221; url=&#8221;https:\/\/elspeedo.cz\/pl\/sprzet-2\/el-speedo-uprzeze\/nowa-seria-el-speedo-uprzezy-mt-cook\/&#8221; align=&#8221;center&#8221; button_custom_width=&#8221;130&#8243; margin_right=&#8221;0&#8243; el_class=&#8221;basic-button&#8221;]Opis[\/mk_button][\/vc_column][\/mk_page_section][mk_page_section bg_color=&#8221;#272727&#8243; bg_position=&#8221;center center&#8221; video_loop=&#8221;false&#8221; js_vertical_centered=&#8221;true&#8221; padding_top=&#8221;50&#8243; padding_bottom=&#8221;50&#8243; el_class=&#8221;sc-dark&#8221; sidebar=&#8221;sidebar-1&#8243;][vc_column][vc_column_text align=&#8221;center&#8221;]\n<p style=\"text-align: center;\"><span style=\"color: #ffffff;\">Szukasz do swych przyg\u00f3d wygodnego sprz\u0119tu o minimalnej masie?<\/span><\/p>\n<h1 style=\"text-align: center;\"><span style=\"color: #ffffff;\">Wybieraj w wersjach ULTRINO.<\/span><\/h1>\n[\/vc_column_text][mk_padding_divider][vc_row_inner][vc_column_inner width=&#8221;1\/12&#8243;][\/vc_column_inner][vc_column_inner width=&#8221;1\/6&#8243;][vc_single_image image=&#8221;18037&#8243; img_size=&#8221;full&#8221; alignment=&#8221;center&#8221; style=&#8221;vc_box_rounded&#8221; onclick=&#8221;custom_link&#8221; css=&#8221;.vc_custom_1483038467679{padding-top: 0px !important;padding-bottom: 0px !important;}&#8221; link=&#8221;https:\/\/elspeedo.cz\/pl\/sprzet-2\/el-speedo-uprzeze\/chogori-lekka-i-zarazem-wygodna\/&#8221;][vc_column_text align=&#8221;center&#8221;]\n<h3><span style=\"color: #ffffff;\">CHOGORI\u00a0Ultrino<\/span><\/h3>\n[\/vc_column_text][vc_column_text]\n<ul>\n<li><span style=\"color: #ffffff;\">8 kieszeni<\/span><\/li>\n<li><span style=\"color: #ffffff;\">waga w rozmiarze M od 2,1 kg<\/span><\/li>\n<\/ul>\n[\/vc_column_text][mk_button dimension=&#8221;outline&#8221; corner_style=&#8221;rounded&#8221; size=&#8221;large&#8221; url=&#8221;https:\/\/elspeedo.cz\/pl\/sprzet-2\/el-speedo-uprzeze\/chogori-lekka-i-zarazem-wygodna\/&#8221; align=&#8221;center&#8221; margin_right=&#8221;0&#8243; el_class=&#8221;basic-button&#8221; outline_skin=&#8221;light&#8221;]Wi\u0119cej\u2026[\/mk_button][\/vc_column_inner][vc_column_inner width=&#8221;1\/6&#8243;][vc_single_image image=&#8221;18038&#8243; img_size=&#8221;full&#8221; alignment=&#8221;center&#8221; style=&#8221;vc_box_rounded&#8221; onclick=&#8221;custom_link&#8221; css=&#8221;.vc_custom_1486321684802{padding-top: 0px !important;padding-bottom: 0px !important;}&#8221; link=&#8221;https:\/\/elspeedo.cz\/pl\/sprzet-2\/el-speedo-uprzeze\/nowa-seria-el-speedo-uprzezy-mt-cook\/&#8221;][vc_column_text align=&#8221;center&#8221;]\n<h3><span style=\"color: #ffffff;\">MT COOK Ultrino<\/span><\/h3>\n[\/vc_column_text][vc_column_text]\n<ul>\n<li><span style=\"color: #ffffff;\">waga w komplecie 940 g<\/span><\/li>\n<li><span style=\"color: #ffffff;\">zintegrowany kontener SZ<\/span><\/li>\n<\/ul>\n[\/vc_column_text][mk_button dimension=&#8221;outline&#8221; corner_style=&#8221;rounded&#8221; size=&#8221;large&#8221; url=&#8221;https:\/\/elspeedo.cz\/pl\/sprzet-2\/el-speedo-uprzeze\/nowa-seria-el-speedo-uprzezy-mt-cook\/&#8221; align=&#8221;center&#8221; margin_right=&#8221;0&#8243; el_class=&#8221;basic-button&#8221; outline_skin=&#8221;light&#8221;]Wi\u0119cej\u2026[\/mk_button][\/vc_column_inner][vc_column_inner width=&#8221;1\/6&#8243;][vc_single_image image=&#8221;14001&#8243; img_size=&#8221;full&#8221; alignment=&#8221;center&#8221; style=&#8221;vc_box_rounded&#8221; onclick=&#8221;custom_link&#8221; link=&#8221;https:\/\/elspeedo.cz\/pl\/sprzet-2\/el-speedo-spadochrony-zapasowe\/spadochrony-zapasowe-rs-ultrino\/&#8221;][vc_column_text align=&#8221;center&#8221;]\n<h3><span style=\"color: #ffffff;\">RS\u00a0Ultrino<\/span><\/h3>\n[\/vc_column_text][vc_column_text]\n<ul>\n<li><span style=\"color: #ffffff;\">waga 950 g na powierzchni 25 m2<\/span><\/li>\n<\/ul>\n[\/vc_column_text][mk_button dimension=&#8221;outline&#8221; corner_style=&#8221;rounded&#8221; size=&#8221;large&#8221; url=&#8221;https:\/\/elspeedo.cz\/pl\/sprzet-2\/el-speedo-spadochrony-zapasowe\/spadochrony-zapasowe-rs-ultrino\/&#8221; align=&#8221;center&#8221; margin_right=&#8221;0&#8243; el_class=&#8221;basic-button&#8221; outline_skin=&#8221;light&#8221;]Wi\u0119cej\u2026[\/mk_button][\/vc_column_inner][vc_column_inner width=&#8221;1\/6&#8243;][vc_single_image image=&#8221;18040&#8243; img_size=&#8221;full&#8221; alignment=&#8221;center&#8221; style=&#8221;vc_box_rounded&#8221; onclick=&#8221;custom_link&#8221; link=&#8221;https:\/\/elspeedo.cz\/pl\/sprzet-2\/elektronika-el-speedo-lekkie-dokladne-i-niezawodne\/sky-drop-ultrino\/&#8221;][vc_column_text align=&#8221;center&#8221;]\n<h3><span style=\"color: #ffffff;\">SKYDROP\u00a0\u00a0Ultrino<\/span><\/h3>\n[\/vc_column_text][vc_column_text]\n<ul>\n<li><span style=\"color: #ffffff;\">jedyne 68 g<\/span><\/li>\n<li><span style=\"color: #ffffff;\">pod\u015bwietlany wy\u015bwietlacz<\/span><\/li>\n<li><span style=\"color: #ffffff;\">vario z GPS<\/span><\/li>\n<\/ul>\n[\/vc_column_text][mk_button dimension=&#8221;outline&#8221; corner_style=&#8221;rounded&#8221; size=&#8221;large&#8221; url=&#8221;https:\/\/elspeedo.cz\/pl\/sprzet-2\/elektronika-el-speedo-lekkie-dokladne-i-niezawodne\/sky-drop-ultrino\/&#8221; align=&#8221;center&#8221; margin_right=&#8221;0&#8243; el_class=&#8221;basic-button&#8221; outline_skin=&#8221;light&#8221;]Wi\u0119cej\u2026[\/mk_button][\/vc_column_inner][vc_column_inner width=&#8221;1\/6&#8243;][vc_single_image image=&#8221;18047&#8243; img_size=&#8221;full&#8221; alignment=&#8221;center&#8221; style=&#8221;vc_box_rounded&#8221; onclick=&#8221;custom_link&#8221; link=&#8221;https:\/\/elspeedo.cz\/pl\/sprzet-2\/plecaki-el-speedo\/el-speedo-rb-ultrino\/&#8221;][vc_column_text align=&#8221;center&#8221;]\n<h3><span style=\"color: #ffffff;\">RB\u00a0Ultrino<\/span><\/h3>\n[\/vc_column_text][vc_column_text]\n<ul>\n<li><span style=\"color: #ffffff;\">szybkie pakowanie i wygodne noszenie<\/span><\/li>\n<li><span style=\"color: #ffffff;\">waga 460 g<\/span><\/li>\n<\/ul>\n[\/vc_column_text][mk_button dimension=&#8221;outline&#8221; corner_style=&#8221;rounded&#8221; size=&#8221;large&#8221; url=&#8221;https:\/\/elspeedo.cz\/pl\/sprzet-2\/plecaki-el-speedo\/el-speedo-rb-ultrino\/&#8221; align=&#8221;center&#8221; id=&#8221;https:\/\/elspeedo.cz\/rychlobal\/&#8221; margin_right=&#8221;0&#8243; el_class=&#8221;basic-button&#8221; outline_skin=&#8221;light&#8221;]Wi\u0119cej\u2026[\/mk_button][\/vc_column_inner][vc_column_inner width=&#8221;1\/12&#8243;][\/vc_column_inner][vc_column_inner][\/vc_column_inner][vc_column_inner width=&#8221;1\/12&#8243;][\/vc_column_inner][vc_column_inner width=&#8221;1\/6&#8243;][\/vc_column_inner][vc_column_inner width=&#8221;1\/6&#8243;][\/vc_column_inner][vc_column_inner width=&#8221;1\/6&#8243;][\/vc_column_inner][vc_column_inner width=&#8221;1\/6&#8243;][\/vc_column_inner][vc_column_inner width=&#8221;1\/6&#8243;][\/vc_column_inner][vc_column_inner width=&#8221;1\/12&#8243;][\/vc_column_inner][\/vc_row_inner][\/vc_column][\/mk_page_section]\n<\/div>","protected":false},"excerpt":{"rendered":"<p>[vc_row][vc_column][mk_padding_divider size=&#8221;30&#8243;][vc_column_text align=&#8221;center&#8221;] El Speedo uprz\u0119\u017ce przemy\u015blane, wygodne, mocne [\/vc_column_text][mk_padding_divider size=&#8221;30&#8243;][vc_separator el_width=&#8221;80&#8243; el_class=&#8221;basic-separator&#8221;][\/vc_column][\/vc_row][mk_page_section bg_position=&#8221;center center&#8221; bg_repeat=&#8221;no-repeat&#8221; bg_stretch=&#8221;true&#8221; enable_3d=&#8221;true&#8221; video_loop=&#8221;false&#8221; min_height=&#8221;450&#8243; padding_bottom=&#8221;100&#8243; sidebar=&#8221;sidebar-1&#8243;][vc_column width=&#8221;1\/4&#8243;][vc_single_image image=&#8221;78276&#8243; img_size=&#8221;full&#8221; alignment=&#8221;center&#8221; style=&#8221;vc_box_rounded&#8221; onclick=&#8221;custom_link&#8221; link=&#8221;https:\/\/elspeedo.cz\/pl\/sprzet-2\/el-speedo-uprzeze\/fuerta-wygodna-i-sprytnie-prosta\/&#8221;][vc_column_text disable_pattern=&#8221;false&#8221; align=&#8221;center&#8221;] FUERTA [\/vc_column_text][vc_column_text disable_pattern=&#8221;false&#8221; align=&#8221;center&#8221;]FUERTA przeznaczona dla pocz\u0105tkuj\u0105cych pilot\u00f3w, prosta, mocna konstrukcja z mo\u017cliwo\u015bci\u0105 odpi\u0119cia ca\u0142ej tylnej kieszeni. Idealna do treningu naziemnego.[\/vc_column_text][mk_button dimension=&#8221;flat&#8221; corner_style=&#8221;rounded&#8221; size=&#8221;large&#8221; [&hellip;]<\/p>\n","protected":false},"author":4,"featured_media":0,"parent":15511,"menu_order":0,"comment_status":"closed","ping_status":"closed","template":"","meta":{"_tribe_blocks_recurrence_rules":"","_tribe_blocks_recurrence_exclusions":"","_tribe_blocks_recurrence_description":"","footnotes":""},"class_list":["post-27465","page","type-page","status-publish","hentry"],"yoast_head":"<!-- This site is optimized with the Yoast SEO plugin v27.0 - https:\/\/yoast.com\/product\/yoast-seo-wordpress\/ -->\n<title>El Speedo uprz\u0119\u017ce &#8212; El Speedo<\/title>\n<meta name=\"description\" content=\"Przemy\u015blane, wygodne i mocne. Dla pocz\u0105tkuj\u0105cych i dla zaawansowanych pilot\u00f3w. W r\u00f3\u017cnych modyfikacjach i z najr\u00f3\u017cniejszymi elementami konstrukcyjnymi.\" \/>\n<meta name=\"robots\" content=\"index, follow, max-snippet:-1, max-image-preview:large, max-video-preview:-1\" \/>\n<link rel=\"canonical\" href=\"https:\/\/elspeedo.cz\/vybaveni\/sedacky-2\/\" \/>\n<meta property=\"og:locale\" content=\"pl_PL\" \/>\n<meta property=\"og:type\" content=\"article\" \/>\n<meta property=\"og:title\" content=\"El Speedo uprz\u0119\u017ce &#8212; El Speedo\" \/>\n<meta property=\"og:description\" content=\"Przemy\u015blane, wygodne i mocne. Dla pocz\u0105tkuj\u0105cych i dla zaawansowanych pilot\u00f3w. W r\u00f3\u017cnych modyfikacjach i z najr\u00f3\u017cniejszymi elementami konstrukcyjnymi.\" \/>\n<meta property=\"og:url\" content=\"https:\/\/elspeedo.cz\/vybaveni\/sedacky-2\/\" \/>\n<meta property=\"og:site_name\" content=\"El Speedo\" \/>\n<meta property=\"article:publisher\" content=\"http:\/\/www.facebook.com\/paragliding.elspeedo.cz\/?fref=ts\" \/>\n<meta property=\"article:modified_time\" content=\"2023-01-31T08:19:48+00:00\" \/>\n<meta name=\"twitter:card\" content=\"summary_large_image\" \/>\n<meta name=\"twitter:label1\" content=\"Szacowany czas czytania\" \/>\n\t<meta name=\"twitter:data1\" content=\"5 minut\" \/>\n<script type=\"application\/ld+json\" class=\"yoast-schema-graph\">{\"@context\":\"https:\/\/schema.org\",\"@graph\":[{\"@type\":\"WebPage\",\"@id\":\"https:\/\/elspeedo.cz\/vybaveni\/sedacky-2\/\",\"url\":\"https:\/\/elspeedo.cz\/vybaveni\/sedacky-2\/\",\"name\":\"El Speedo uprz\u0119\u017ce &#8212; El Speedo\",\"isPartOf\":{\"@id\":\"https:\/\/elspeedo.cz\/#website\"},\"datePublished\":\"2017-02-01T13:58:00+00:00\",\"dateModified\":\"2023-01-31T08:19:48+00:00\",\"description\":\"Przemy\u015blane, wygodne i mocne. Dla pocz\u0105tkuj\u0105cych i dla zaawansowanych pilot\u00f3w. W r\u00f3\u017cnych modyfikacjach i z najr\u00f3\u017cniejszymi elementami konstrukcyjnymi.\",\"breadcrumb\":{\"@id\":\"https:\/\/elspeedo.cz\/vybaveni\/sedacky-2\/#breadcrumb\"},\"inLanguage\":\"pl-PL\",\"potentialAction\":[{\"@type\":\"ReadAction\",\"target\":[\"https:\/\/elspeedo.cz\/vybaveni\/sedacky-2\/\"]}]},{\"@type\":\"BreadcrumbList\",\"@id\":\"https:\/\/elspeedo.cz\/vybaveni\/sedacky-2\/#breadcrumb\",\"itemListElement\":[{\"@type\":\"ListItem\",\"position\":1,\"name\":\"Dom\u016f\",\"item\":\"https:\/\/elspeedo.cz\/pl\/\"},{\"@type\":\"ListItem\",\"position\":2,\"name\":\"Sprz\u0119t\",\"item\":\"https:\/\/elspeedo.cz\/pl\/sprzet-2\/\"},{\"@type\":\"ListItem\",\"position\":3,\"name\":\"El Speedo uprz\u0119\u017ce\"}]},{\"@type\":\"WebSite\",\"@id\":\"https:\/\/elspeedo.cz\/#website\",\"url\":\"https:\/\/elspeedo.cz\/\",\"name\":\"El Speedo\",\"description\":\"Paragliding - kurzy, vybaven\u00ed, v\u00fdlety, komunita\",\"potentialAction\":[{\"@type\":\"SearchAction\",\"target\":{\"@type\":\"EntryPoint\",\"urlTemplate\":\"https:\/\/elspeedo.cz\/?s={search_term_string}\"},\"query-input\":{\"@type\":\"PropertyValueSpecification\",\"valueRequired\":true,\"valueName\":\"search_term_string\"}}],\"inLanguage\":\"pl-PL\"}]}<\/script>\n<!-- \/ Yoast SEO plugin. -->","yoast_head_json":{"title":"El Speedo uprz\u0119\u017ce &#8212; El Speedo","description":"Przemy\u015blane, wygodne i mocne. Dla pocz\u0105tkuj\u0105cych i dla zaawansowanych pilot\u00f3w. W r\u00f3\u017cnych modyfikacjach i z najr\u00f3\u017cniejszymi elementami konstrukcyjnymi.","robots":{"index":"index","follow":"follow","max-snippet":"max-snippet:-1","max-image-preview":"max-image-preview:large","max-video-preview":"max-video-preview:-1"},"canonical":"https:\/\/elspeedo.cz\/vybaveni\/sedacky-2\/","og_locale":"pl_PL","og_type":"article","og_title":"El Speedo uprz\u0119\u017ce &#8212; El Speedo","og_description":"Przemy\u015blane, wygodne i mocne. Dla pocz\u0105tkuj\u0105cych i dla zaawansowanych pilot\u00f3w. W r\u00f3\u017cnych modyfikacjach i z najr\u00f3\u017cniejszymi elementami konstrukcyjnymi.","og_url":"https:\/\/elspeedo.cz\/vybaveni\/sedacky-2\/","og_site_name":"El Speedo","article_publisher":"http:\/\/www.facebook.com\/paragliding.elspeedo.cz\/?fref=ts","article_modified_time":"2023-01-31T08:19:48+00:00","twitter_card":"summary_large_image","twitter_misc":{"Szacowany czas czytania":"5 minut"},"schema":{"@context":"https:\/\/schema.org","@graph":[{"@type":"WebPage","@id":"https:\/\/elspeedo.cz\/vybaveni\/sedacky-2\/","url":"https:\/\/elspeedo.cz\/vybaveni\/sedacky-2\/","name":"El Speedo uprz\u0119\u017ce &#8212; El Speedo","isPartOf":{"@id":"https:\/\/elspeedo.cz\/#website"},"datePublished":"2017-02-01T13:58:00+00:00","dateModified":"2023-01-31T08:19:48+00:00","description":"Przemy\u015blane, wygodne i mocne. Dla pocz\u0105tkuj\u0105cych i dla zaawansowanych pilot\u00f3w. W r\u00f3\u017cnych modyfikacjach i z najr\u00f3\u017cniejszymi elementami konstrukcyjnymi.","breadcrumb":{"@id":"https:\/\/elspeedo.cz\/vybaveni\/sedacky-2\/#breadcrumb"},"inLanguage":"pl-PL","potentialAction":[{"@type":"ReadAction","target":["https:\/\/elspeedo.cz\/vybaveni\/sedacky-2\/"]}]},{"@type":"BreadcrumbList","@id":"https:\/\/elspeedo.cz\/vybaveni\/sedacky-2\/#breadcrumb","itemListElement":[{"@type":"ListItem","position":1,"name":"Dom\u016f","item":"https:\/\/elspeedo.cz\/pl\/"},{"@type":"ListItem","position":2,"name":"Sprz\u0119t","item":"https:\/\/elspeedo.cz\/pl\/sprzet-2\/"},{"@type":"ListItem","position":3,"name":"El Speedo uprz\u0119\u017ce"}]},{"@type":"WebSite","@id":"https:\/\/elspeedo.cz\/#website","url":"https:\/\/elspeedo.cz\/","name":"El Speedo","description":"Paragliding - kurzy, vybaven\u00ed, v\u00fdlety, komunita","potentialAction":[{"@type":"SearchAction","target":{"@type":"EntryPoint","urlTemplate":"https:\/\/elspeedo.cz\/?s={search_term_string}"},"query-input":{"@type":"PropertyValueSpecification","valueRequired":true,"valueName":"search_term_string"}}],"inLanguage":"pl-PL"}]}},"_links":{"self":[{"href":"https:\/\/elspeedo.cz\/pl\/wp-json\/wp\/v2\/pages\/27465","targetHints":{"allow":["GET"]}}],"collection":[{"href":"https:\/\/elspeedo.cz\/pl\/wp-json\/wp\/v2\/pages"}],"about":[{"href":"https:\/\/elspeedo.cz\/pl\/wp-json\/wp\/v2\/types\/page"}],"author":[{"embeddable":true,"href":"https:\/\/elspeedo.cz\/pl\/wp-json\/wp\/v2\/users\/4"}],"replies":[{"embeddable":true,"href":"https:\/\/elspeedo.cz\/pl\/wp-json\/wp\/v2\/comments?post=27465"}],"version-history":[{"count":5,"href":"https:\/\/elspeedo.cz\/pl\/wp-json\/wp\/v2\/pages\/27465\/revisions"}],"predecessor-version":[{"id":202233,"href":"https:\/\/elspeedo.cz\/pl\/wp-json\/wp\/v2\/pages\/27465\/revisions\/202233"}],"up":[{"embeddable":true,"href":"https:\/\/elspeedo.cz\/pl\/wp-json\/wp\/v2\/pages\/15511"}],"wp:attachment":[{"href":"https:\/\/elspeedo.cz\/pl\/wp-json\/wp\/v2\/media?parent=27465"}],"curies":[{"name":"wp","href":"https:\/\/api.w.org\/{rel}","templated":true}]}}