{"id":27963,"date":"2017-02-05T09:55:13","date_gmt":"2017-02-05T08:55:13","guid":{"rendered":"https:\/\/elspeedo.cz\/kurzy\/absolventsky-program\/"},"modified":"2017-04-27T17:54:58","modified_gmt":"2017-04-27T16:54:58","slug":"program-absolwencki","status":"publish","type":"page","link":"https:\/\/elspeedo.cz\/pl\/kursy-paralotniarstwa\/program-absolwencki\/","title":{"rendered":"Program absolwencki"},"content":{"rendered":"<div class=\"wpb-content-wrapper\">[vc_row css=&#8221;.vc_custom_1480675462135{padding-bottom: 20px !important;}&#8221;][vc_column width=&#8221;1\/2&#8243;][vc_single_image image=&#8221;14080&#8243; img_size=&#8221;full&#8221; alignment=&#8221;center&#8221; style=&#8221;vc_box_rounded&#8221;][\/vc_column][vc_column width=&#8221;1\/2&#8243;][vc_column_text disable_pattern=&#8221;false&#8221; align=&#8221;center&#8221;]\n<h1>Mamy wsp\u00f3lny cel<\/h1>\n<h4>Twoje samodzielne i bezpieczne swobodne latanie<\/h4>\n<div>\n<p>Tak samo jak wszystko wok\u00f3\u0142 nas, r\u00f3wnie\u017c paralotniarski \u015bwiat jest w nieustannym ruchu i rozwoju. Sprz\u0119t staje si\u0119 coraz bardziej doskona\u0142y, zmieniaj\u0105 si\u0119 zapotrzebowania pilota\u017cu, przesuwane s\u0105 granice wyczyn\u00f3w sportowych. My projektujemy i testujemy sprz\u0119t, bierzemy udzia\u0142 w ekspedycjach w najwy\u017cszych g\u00f3rach \u015bwiata, organizujemy i uczestniczymy w najr\u00f3\u017cniejszych zawodach \u2013 wszystkie w ten spos\u00f3b zyskane do\u015bwiadczenia regularnie stosujemy w nieustannie odnawianej El Speedo metodyce nauki. Dzi\u0119ki temu jeste\u015bmy zawsze o krok do przodu, a Ty razem z\u00a0nami!<\/p>\n<p>Aby dobrze zrozumie\u0107 poszczeg\u00f3lne tematy, potrzeba do\u015bwiadczonych wyk\u0142adowc\u00f3w, w\u0142a\u015bciwy czas i w\u0142a\u015bciwe miejscu treningu praktycznego, zdobycie do\u015bwiadczenia, odczuwania na w\u0142asnej sk\u00f3rze, analizy ewentualnych b\u0142\u0119dy podczas \u0107wicze\u0144 praktycznych, nadz\u00f3ru instruktora w celu eliminowania b\u0142\u0119d\u00f3w i nieustanne pog\u0142\u0119bianie wiadomo\u015bci teoretycznych i zdolno\u015bci praktycznych.<\/p>\n<p>Dlatego w El Speedo oferujemy r\u00f3\u017cne rodzaje powi\u0105zanych kurs\u00f3w, szkole\u0144 i imprez, kt\u00f3re poprowadz\u0105 Ci\u0119 od kursu podstawowego a\u017c do latania w najwy\u017cszych g\u00f3rach \u015bwiata.<\/p>\n<\/div>\n[\/vc_column_text][\/vc_column][\/vc_row][mk_page_section bg_color=&#8221;#f4f4f4&#8243; bg_stretch=&#8221;true&#8221; video_loop=&#8221;false&#8221; padding_top=&#8221;100&#8243; padding_bottom=&#8221;100&#8243; el_class=&#8221;section-gray&#8221; sidebar=&#8221;sidebar-1&#8243;][vc_column][vc_column_text align=&#8221;center&#8221;]\n<h1 style=\"text-align: center\">Poziomy zdolno\u015bci pilota<br \/>\ni Zni\u017cki absolwenckie<\/h1>\n[\/vc_column_text][mk_padding_divider][\/vc_column][vc_column width=&#8221;1\/12&#8243;][\/vc_column][vc_column width=&#8221;1\/6&#8243;][mk_button dimension=&#8221;outline&#8221; corner_style=&#8221;rounded&#8221; size=&#8221;large&#8221; url=&#8221;https:\/\/elspeedo.cz\/absolventsky-program\/#pilot-1&#8243; align=&#8221;center&#8221; margin_right=&#8221;0&#8243; el_class=&#8221;basic-button&#8221; outline_skin=&#8221;custom&#8221; outline_active_color=&#8221;#ffffff&#8221; outline_active_text_color=&#8221;#272727&#8243;]PILOT 1[\/mk_button][vc_column_text disable_pattern=&#8221;false&#8221; align=&#8221;center&#8221;]<strong>Zni\u017cka 10%<\/strong><\/p>\n<p>\u2022 \u00a0 Pilot lataj\u0105cy samodzielnie po Kursie podstawowym<\/p>\n<p>\u2022 \u00a0 Pilot lataj\u0105cy pod nadzorem instruktora[\/vc_column_text][\/vc_column][vc_column width=&#8221;1\/6&#8243;][mk_button dimension=&#8221;outline&#8221; corner_style=&#8221;rounded&#8221; size=&#8221;large&#8221; url=&#8221;https:\/\/elspeedo.cz\/absolventsky-program\/#pilot-2&#8243; align=&#8221;center&#8221; margin_right=&#8221;0&#8243; el_class=&#8221;basic-button&#8221; outline_skin=&#8221;custom&#8221; outline_active_color=&#8221;#ffffff&#8221; outline_active_text_color=&#8221;#272727&#8243;]PILOT 2[\/mk_button][vc_column_text disable_pattern=&#8221;false&#8221; align=&#8221;center&#8221;]<strong>Zni\u017cka 10%<\/strong><\/p>\n<p>Pilot ma opanowane:<br \/>\n\u2022 \u00a0 Doskona\u0142y start<br \/>\n\u2022 \u00a0 Dok\u0142adne l\u0105dowanie<br \/>\n\u2022 \u00a0 Aktywny pilota\u017c<br \/>\n\u2022 \u00a0 2 godziny lotu termicznego[\/vc_column_text][\/vc_column][vc_column width=&#8221;1\/6&#8243;][mk_button dimension=&#8221;outline&#8221; corner_style=&#8221;rounded&#8221; size=&#8221;large&#8221; url=&#8221;https:\/\/elspeedo.cz\/absolventsky-program\/#pilot-3&#8243; align=&#8221;center&#8221; margin_right=&#8221;0&#8243; el_class=&#8221;basic-button&#8221; outline_skin=&#8221;custom&#8221; outline_active_color=&#8221;#ffffff&#8221; outline_active_text_color=&#8221;#272727&#8243;]PILOT 3[\/mk_button][vc_column_text disable_pattern=&#8221;false&#8221; align=&#8221;center&#8221;]\n<div>\n<p><strong>Zni\u017cka 15%<\/strong><\/p>\n<p>Pilot ma opanowane:<br \/>\n\u2022 \u00a0 Manewry wytracania\u00a0wysoko\u015bci<br \/>\n\u2022 \u00a0 Manewry ucieczki<\/p>\n<\/div>\n<div>\u2022 \u00a0 Podwini\u0119cie czo\u0142owe i jednostronne<br \/>\n\u2022\u00a0\u00a0\u00a0 Zaawansowany pilota\u017c aktywny<br \/>\n\u2022\u00a0\u00a0\u00a0 20 km przelot<\/div>\n[\/vc_column_text][\/vc_column][vc_column width=&#8221;1\/6&#8243;][mk_button dimension=&#8221;outline&#8221; corner_style=&#8221;rounded&#8221; size=&#8221;large&#8221; url=&#8221;https:\/\/elspeedo.cz\/absolventsky-program\/#pilot-4&#8243; align=&#8221;center&#8221; margin_right=&#8221;0&#8243; el_class=&#8221;basic-button&#8221; outline_skin=&#8221;custom&#8221; outline_active_color=&#8221;#ffffff&#8221; outline_active_text_color=&#8221;#272727&#8243;]PILOT 4[\/mk_button][vc_column_text disable_pattern=&#8221;false&#8221; align=&#8221;center&#8221;]<strong>Zni\u017cka 25%<\/strong><\/p>\n<p>Pilot samodzielnie zaliczy\u0142:<br \/>\n\u2022\u00a0\u00a0\u00a0 50 km\u00a0przelot<br \/>\n\u2022 \u00a0 Absolwent kursu SIV w ostatnich 2 latach[\/vc_column_text][\/vc_column][vc_column width=&#8221;1\/6&#8243;][mk_button dimension=&#8221;outline&#8221; corner_style=&#8221;rounded&#8221; size=&#8221;large&#8221; url=&#8221;https:\/\/elspeedo.cz\/absolventsky-program\/#pilot-5&#8243; align=&#8221;center&#8221; margin_right=&#8221;0&#8243; el_class=&#8221;basic-button&#8221; outline_skin=&#8221;custom&#8221; outline_active_color=&#8221;#ffffff&#8221; outline_active_text_color=&#8221;#272727&#8243;]PILOT 5[\/mk_button][vc_column_text disable_pattern=&#8221;false&#8221; align=&#8221;center&#8221;]\n<div>\n<p><strong>Zni\u017cka 50%<\/strong><\/p>\n<p>\u2022 \u00a0 Absolwent treningu termicznego<\/p>\n<\/div>\n<div>\u2022 \u00a0 Absolwent treningu XC<br \/>\n\u2022 \u00a0 Uczestnik jednej z\u00a0El Speedo Ekspedycji paralotniarskich w ostatnich dwu latach<br \/>\n\u2022 \u00a0Musi minimalnie raz w roku uczestniczy\u0107 przynajmniej jeden dzie\u0144 treningu na kursie SIV<\/div>\n[\/vc_column_text][\/vc_column][vc_column width=&#8221;1\/12&#8243;][\/vc_column][\/mk_page_section][vc_row css=&#8221;.vc_custom_1480676401471{padding-top: 70px !important;}&#8221;][vc_column][vc_column_text disable_pattern=&#8221;false&#8221; align=&#8221;center&#8221;]\n<h1 style=\"text-align: center\">Szczeg\u00f3\u0142owy opis El Speedo POZIOM\u00d3W ZDOLNO\u015aCI PILOTA<\/h1>\n[\/vc_column_text][vc_column_text disable_pattern=&#8221;false&#8221; align=&#8221;center&#8221;]\n<p style=\"text-align: center\">Zdolno\u015bci pilota sprawdza i potwierdza Instruktor El Speedo na kursach i poza nimi. Uzyskany poziom jest zapisany wprost na kursach, na kt\u00f3rych korzystamy z\u00a0systemu edukacyjnego PES, lub w biurze El Speedo po zleceniu instruktora.<\/p>\n<p style=\"text-align: center\">Sw\u00f3j poziom mo\u017cesz sprawdzi\u0107 wprost na swym koncie u\u017cytkownika lub w naszym biurze pod numerem telefonu 777\u00a0311\u00a0661, lub wysy\u0142aj\u0105c maila na adres info(ma\u0142pa)elspeedo.cz.<\/p>\n[\/vc_column_text][\/vc_column][\/vc_row][vc_row][vc_column][vc_separator el_width=&#8221;80&#8243; el_class=&#8221;basic-separator&#8221;][\/vc_column][\/vc_row][vc_row fullwidth=&#8221;true&#8221; id=&#8221;pilot-1&#8243;][vc_column][vc_column_text disable_pattern=&#8221;false&#8221; align=&#8221;center&#8221;]\n<h1 style=\"text-align: center\">El Speedo Pilot 1<\/h1>\n<p style=\"text-align: center\">Pilot lataj\u0105cy samodzielnie, po kursie podstawowym.<\/p>\n<p style=\"text-align: center\">\u2013 pilot potrafi samodzielnie odstartowa\u0107, lecie\u0107, we w\u0142a\u015bciwy spos\u00f3b podej\u015b\u0107 do l\u0105dowania i bezpiecznie wyl\u0105dowa\u0107. Pilot lataj\u0105cy pod nadzorem instruktora.<br \/>\n\u2013 pilot czuje potrzeb\u0119 \u0142\u0105czno\u015bci z\u00a0instruktorem, razem analizuj\u0105 systuacj\u0119 pogodow\u0105, instruktor jest got\u00f3w do asysty radiowej, w razie potrzeby pomaga podczas startu czy l\u0105dowania<\/p>\n[\/vc_column_text][vc_separator el_width=&#8221;80&#8243; el_class=&#8221;basic-separator&#8221;][\/vc_column][\/vc_row][vc_row id=&#8221;pilot-2&#8243;][vc_column][vc_column_text disable_pattern=&#8221;false&#8221; align=&#8221;center&#8221;]\n<h1 style=\"text-align: center\">El Speedo Pilot 2<\/h1>\n<p style=\"text-align: center\"><strong>Doskona\u0142y start<\/strong><strong><br \/>\n<\/strong>\u2013 pilot samodzielnie i precyzyjnie wykonuje wszystkie trzy fazy startu klasycznego (wyci\u0105gni\u0119cie skrzyd\u0142a do pozycji lotu, przyhamowanie z\u00a0kontrol\u0105 i korekcj\u0105 kierunku startu, p\u0142ynne odhamowanie i rozbieg do oderwania si\u0119 od ziemi),<br \/>\n\u2013 pilot ma opanowany przynajmniej jeden spos\u00f3b startu alpejk\u0105 (czo\u0142em do skrzyd\u0142a).<\/p>\n<p style=\"text-align: center\"><strong>Dok\u0142adne l\u0105dowanie<\/strong><br \/>\n\u2013 pilot jest zdolny samodzielnie wyl\u0105dowa\u0107 w ustalonym miejscu (w kole o \u015brednicy 15 m), p\u0142ynnie i we w\u0142a\u015bciwym momencie hamuje do zupe\u0142nego wyl\u0105dowania.<\/p>\n<p style=\"text-align: center\"><strong>Pilota\u017c aktywny<\/strong><br \/>\n\u2013 pilot potrafi aktywnie korygowa\u0107 ruchy wahad\u0142owe skrzyd\u0142a w prz\u00f3d i w ty\u0142, we w\u0142a\u015bciwy spos\u00f3b przenosi wag\u0119 cia\u0142a podczas zakr\u0119t\u00f3w i w warunkach turbulencyjnych.<\/p>\n<p style=\"text-align: center\"><strong>2 godziny lotu w termice<br \/>\n<\/strong>\u2013 pilot absolwowa\u0142 samodzielnie lot o d\u0142ugo\u015bci 2 godzin, zapisany na GPS.<\/p>\n[\/vc_column_text][vc_separator el_width=&#8221;80&#8243; el_class=&#8221;basic-separator&#8221;][\/vc_column][\/vc_row][vc_row id=&#8221;pilot-3&#8243;][vc_column][vc_column_text disable_pattern=&#8221;false&#8221; align=&#8221;center&#8221;]\n<h1 style=\"text-align: center\">El Speedo Pilot 3<\/h1>\n<div>\n<p style=\"text-align: center\"><strong>\u00a0<\/strong><\/p>\n<p style=\"text-align: center\"><strong>Manewry wytracania\u00a0wysoko\u015bci<\/strong><br \/>\n\u2013 pilot ma opanowane wykonanie B-stall\u00b4a i za\u0142o\u017cenie du\u017cych uszu.<\/p>\n<p style=\"text-align: center\"><strong>Manewry ucieczki<\/strong><br \/>\n\u2013 pilot panuje nad lotem na speed systemie z\u00a0za\u0142o\u017conymi ma\u0142ymi i du\u017cymi uszami.<\/p>\n<p style=\"text-align: center\"><strong>Podwini\u0119cie czo\u0142owe i jednostronne<\/strong><strong><br \/>\n<\/strong>\u2013 pilot zdolny do aktywnej korekcji podwini\u0119cia jednostronnego wywo\u0142anego przez \u015bci\u0105gni\u0119cie minimum 50% ta\u015bm A, na maksymalnej pr\u0119dko\u015bci (na pe\u0142nym speedzie),<br \/>\n\u2013\u00a0 pilot zdolny aktywnie rozwi\u0105za\u0107 sytuacj\u0119 po podwini\u0119ciu czo\u0142owym przy maksymalnej pr\u0119dko\u015bci (na pe\u0142nym speedzie).<\/p>\n<p style=\"text-align: center\"><strong>Zaawansowany pilota\u017c aktywny<\/strong><br \/>\n\u2013 pilot zdolny samodzielnie wykona\u0107 \u201ehu\u015btawk\u0119\u201c (regularne ruchy wahad\u0142owe skrzyd\u0142a w prz\u00f3d i w ty\u0142),<br \/>\n\u2013 pilot ma opanowane wyj\u015bcie z\u00a0dynamicznego zakr\u0119tu,<\/p>\n<p style=\"text-align: center\">\u2013 pilot ma opanowane wyr\u00f3wnanie paralotni podczas l\u0105dowania z\u00a0lotu prostego i z\u00a0zakr\u0119tu o 90\u00b0.<\/p>\n<p style=\"text-align: center\"><strong>Przelot 20 km<br \/>\n\u2013 <\/strong>samodzielny przelot zapisany w GPS, wed\u0142ug regu\u0142 FAI.<strong><br \/>\n<\/strong><\/p>\n<\/div>\n[\/vc_column_text][vc_separator el_width=&#8221;80&#8243; el_class=&#8221;basic-separator&#8221;][\/vc_column][\/vc_row][vc_row id=&#8221;pilot-4&#8243;][vc_column][vc_column_text disable_pattern=&#8221;false&#8221; align=&#8221;center&#8221;]\n<h1 style=\"text-align: center\">El Speedo Pilot 4<\/h1>\n<div>\n<p style=\"text-align: center\"><strong>\u00a0<\/strong><\/p>\n<p style=\"text-align: center\"><strong>Przelot 50 km<\/strong><strong><br \/>\n<\/strong>\u2013 samodzielny przelot zapisany w GPS, wed\u0142ug regu\u0142 FAI.<\/p>\n<p style=\"text-align: center\"><strong>Absolwent kursu SIV w ostatnich dwu latach<br \/>\n\u2013<\/strong> pilot ma opanowan\u0105 ca\u0142\u0105 tematyk\u0119 kursu SIV (najr\u00f3\u017cniejsze podwini\u0119cia na pe\u0142nej pr\u0119dko\u015bci, manewry wytracania\u00a0wysoko\u015bci i manewry ucieczki w\u0142\u0105cznie spirali, kontrolowany zakr\u0119t negatywny &#8211; \u201enegatywka\u201c, oraz Full-stall).<strong><br \/>\n<\/strong><\/p>\n<\/div>\n[\/vc_column_text][vc_separator el_width=&#8221;80&#8243; el_class=&#8221;basic-separator&#8221;][\/vc_column][\/vc_row][vc_row id=&#8221;pilot-5&#8243;][vc_column][vc_column_text disable_pattern=&#8221;false&#8221; align=&#8221;center&#8221;]\n<h1 style=\"text-align: center\">El Speedo Pilot 5<\/h1>\n<div>\n<p style=\"text-align: center\"><strong>\u00a0<\/strong><\/p>\n<p style=\"text-align: center\"><strong>Absolwent treningu termicznego<\/strong><strong><br \/>\n<\/strong>\u2013 pilot zdolny samodzielnie wybra\u0107 teren lotniczy, ma opanowane techniki lotu w pr\u0105dach wst\u0119puj\u0105cych,<\/p>\n<p style=\"text-align: center\">\u2013 pilot ma opanowane aktywne centrowanie pr\u0105d\u00f3w termicznych.<\/p>\n<p style=\"text-align: center\"><strong>Absolwent treningu XC<\/strong><br \/>\n\u2013 pilot zdolny do samodzielnego zaplanowania realnego przelotu odno\u015bnie systuacji pogodowej i zdolny samodzielnego pokonania zaplanowanej trasy,<br \/>\n\u2013 pilot zdolny w\u0142a\u015bciwie oceni\u0107 i zareagowa\u0107 na nag\u0142e zmiany pogodowe.<\/p>\n<p style=\"text-align: center\"><strong>Uczestnik jednej z\u00a0El Speedo Ekspedycji paralotniarskich w ostatnich dwu latach<\/strong>.<\/p>\n<p style=\"text-align: center\"><strong>Pilot musi minimalnie raz w roku absolwowa\u0107 przynajmniej jeden dzie\u0144 treningu na kursie SIV:<\/strong><br \/>\n\u2013 pilot regularnie od\u015bwie\u017ca swoje umiej\u0119tno\u015bci podczas niestandardowych sytuacji lotniczych i jest zdolny w prawid\u0142owy spos\u00f3b zaprezentowa\u0107 instruktorovi wej\u015bcie i wyj\u015bcie z\u00a0tych w\u0142a\u015bnie sytuacji.<strong><br \/>\n<\/strong><\/p>\n<\/div>\n[\/vc_column_text][vc_separator el_width=&#8221;80&#8243; el_class=&#8221;basic-separator&#8221;][\/vc_column][\/vc_row]\n<\/div>","protected":false},"excerpt":{"rendered":"<p>[vc_row css=&#8221;.vc_custom_1480675462135{padding-bottom: 20px !important;}&#8221;][vc_column width=&#8221;1\/2&#8243;][vc_single_image image=&#8221;14080&#8243; img_size=&#8221;full&#8221; alignment=&#8221;center&#8221; style=&#8221;vc_box_rounded&#8221;][\/vc_column][vc_column width=&#8221;1\/2&#8243;][vc_column_text disable_pattern=&#8221;false&#8221; align=&#8221;center&#8221;] Mamy wsp\u00f3lny cel Twoje samodzielne i bezpieczne swobodne latanie Tak samo jak wszystko wok\u00f3\u0142 nas, r\u00f3wnie\u017c paralotniarski \u015bwiat jest w nieustannym ruchu i rozwoju. Sprz\u0119t staje si\u0119 coraz bardziej doskona\u0142y, zmieniaj\u0105 si\u0119 zapotrzebowania pilota\u017cu, przesuwane s\u0105 granice wyczyn\u00f3w sportowych. My projektujemy i testujemy [&hellip;]<\/p>\n","protected":false},"author":4,"featured_media":0,"parent":15505,"menu_order":0,"comment_status":"closed","ping_status":"closed","template":"","meta":{"_tribe_blocks_recurrence_rules":"","_tribe_blocks_recurrence_exclusions":"","_tribe_blocks_recurrence_description":"","footnotes":""},"class_list":["post-27963","page","type-page","status-publish","hentry"],"yoast_head":"<!-- This site is optimized with the Yoast SEO plugin v27.0 - https:\/\/yoast.com\/product\/yoast-seo-wordpress\/ -->\n<title>Program absolwencki &#8212; El Speedo<\/title>\n<meta name=\"description\" content=\"Program absolwencki El Speedo - Mamy wsp\u00f3lny cel Twoje samodzielne i bezpieczne swobodne latanie. Tak samo jak wszystko wok\u00f3\u0142 nas, r\u00f3wnie\u017c paralotniarski...\" \/>\n<meta name=\"robots\" content=\"index, follow, max-snippet:-1, max-image-preview:large, max-video-preview:-1\" \/>\n<link rel=\"canonical\" href=\"https:\/\/elspeedo.cz\/kurzy-paraglidingu\/absolventsky-program\/\" \/>\n<meta property=\"og:locale\" content=\"pl_PL\" \/>\n<meta property=\"og:type\" content=\"article\" \/>\n<meta property=\"og:title\" content=\"Program absolwencki &#8212; El Speedo\" \/>\n<meta property=\"og:description\" content=\"Program absolwencki El Speedo - Mamy wsp\u00f3lny cel Twoje samodzielne i bezpieczne swobodne latanie. Tak samo jak wszystko wok\u00f3\u0142 nas, r\u00f3wnie\u017c paralotniarski...\" \/>\n<meta property=\"og:url\" content=\"https:\/\/elspeedo.cz\/kurzy-paraglidingu\/absolventsky-program\/\" \/>\n<meta property=\"og:site_name\" content=\"El Speedo\" \/>\n<meta property=\"article:publisher\" content=\"http:\/\/www.facebook.com\/paragliding.elspeedo.cz\/?fref=ts\" \/>\n<meta property=\"article:modified_time\" content=\"2017-04-27T16:54:58+00:00\" \/>\n<meta name=\"twitter:card\" content=\"summary_large_image\" \/>\n<meta name=\"twitter:label1\" content=\"Szacowany czas czytania\" \/>\n\t<meta name=\"twitter:data1\" content=\"7 minut\" \/>\n<script type=\"application\/ld+json\" class=\"yoast-schema-graph\">{\"@context\":\"https:\/\/schema.org\",\"@graph\":[{\"@type\":\"WebPage\",\"@id\":\"https:\/\/elspeedo.cz\/kurzy-paraglidingu\/absolventsky-program\/\",\"url\":\"https:\/\/elspeedo.cz\/kurzy-paraglidingu\/absolventsky-program\/\",\"name\":\"Program absolwencki &#8212; El Speedo\",\"isPartOf\":{\"@id\":\"https:\/\/elspeedo.cz\/#website\"},\"datePublished\":\"2017-02-05T08:55:13+00:00\",\"dateModified\":\"2017-04-27T16:54:58+00:00\",\"description\":\"Program absolwencki El Speedo - Mamy wsp\u00f3lny cel Twoje samodzielne i bezpieczne swobodne latanie. Tak samo jak wszystko wok\u00f3\u0142 nas, r\u00f3wnie\u017c paralotniarski...\",\"breadcrumb\":{\"@id\":\"https:\/\/elspeedo.cz\/kurzy-paraglidingu\/absolventsky-program\/#breadcrumb\"},\"inLanguage\":\"pl-PL\",\"potentialAction\":[{\"@type\":\"ReadAction\",\"target\":[\"https:\/\/elspeedo.cz\/kurzy-paraglidingu\/absolventsky-program\/\"]}]},{\"@type\":\"BreadcrumbList\",\"@id\":\"https:\/\/elspeedo.cz\/kurzy-paraglidingu\/absolventsky-program\/#breadcrumb\",\"itemListElement\":[{\"@type\":\"ListItem\",\"position\":1,\"name\":\"Dom\u016f\",\"item\":\"https:\/\/elspeedo.cz\/pl\/\"},{\"@type\":\"ListItem\",\"position\":2,\"name\":\"Kursy Paralotniarstwa\",\"item\":\"https:\/\/elspeedo.cz\/pl\/kursy-paralotniarstwa\/\"},{\"@type\":\"ListItem\",\"position\":3,\"name\":\"Program absolwencki\"}]},{\"@type\":\"WebSite\",\"@id\":\"https:\/\/elspeedo.cz\/#website\",\"url\":\"https:\/\/elspeedo.cz\/\",\"name\":\"El Speedo\",\"description\":\"Paragliding - kurzy, vybaven\u00ed, v\u00fdlety, komunita\",\"potentialAction\":[{\"@type\":\"SearchAction\",\"target\":{\"@type\":\"EntryPoint\",\"urlTemplate\":\"https:\/\/elspeedo.cz\/?s={search_term_string}\"},\"query-input\":{\"@type\":\"PropertyValueSpecification\",\"valueRequired\":true,\"valueName\":\"search_term_string\"}}],\"inLanguage\":\"pl-PL\"}]}<\/script>\n<!-- \/ Yoast SEO plugin. -->","yoast_head_json":{"title":"Program absolwencki &#8212; El Speedo","description":"Program absolwencki El Speedo - Mamy wsp\u00f3lny cel Twoje samodzielne i bezpieczne swobodne latanie. Tak samo jak wszystko wok\u00f3\u0142 nas, r\u00f3wnie\u017c paralotniarski...","robots":{"index":"index","follow":"follow","max-snippet":"max-snippet:-1","max-image-preview":"max-image-preview:large","max-video-preview":"max-video-preview:-1"},"canonical":"https:\/\/elspeedo.cz\/kurzy-paraglidingu\/absolventsky-program\/","og_locale":"pl_PL","og_type":"article","og_title":"Program absolwencki &#8212; El Speedo","og_description":"Program absolwencki El Speedo - Mamy wsp\u00f3lny cel Twoje samodzielne i bezpieczne swobodne latanie. Tak samo jak wszystko wok\u00f3\u0142 nas, r\u00f3wnie\u017c paralotniarski...","og_url":"https:\/\/elspeedo.cz\/kurzy-paraglidingu\/absolventsky-program\/","og_site_name":"El Speedo","article_publisher":"http:\/\/www.facebook.com\/paragliding.elspeedo.cz\/?fref=ts","article_modified_time":"2017-04-27T16:54:58+00:00","twitter_card":"summary_large_image","twitter_misc":{"Szacowany czas czytania":"7 minut"},"schema":{"@context":"https:\/\/schema.org","@graph":[{"@type":"WebPage","@id":"https:\/\/elspeedo.cz\/kurzy-paraglidingu\/absolventsky-program\/","url":"https:\/\/elspeedo.cz\/kurzy-paraglidingu\/absolventsky-program\/","name":"Program absolwencki &#8212; El Speedo","isPartOf":{"@id":"https:\/\/elspeedo.cz\/#website"},"datePublished":"2017-02-05T08:55:13+00:00","dateModified":"2017-04-27T16:54:58+00:00","description":"Program absolwencki El Speedo - Mamy wsp\u00f3lny cel Twoje samodzielne i bezpieczne swobodne latanie. Tak samo jak wszystko wok\u00f3\u0142 nas, r\u00f3wnie\u017c paralotniarski...","breadcrumb":{"@id":"https:\/\/elspeedo.cz\/kurzy-paraglidingu\/absolventsky-program\/#breadcrumb"},"inLanguage":"pl-PL","potentialAction":[{"@type":"ReadAction","target":["https:\/\/elspeedo.cz\/kurzy-paraglidingu\/absolventsky-program\/"]}]},{"@type":"BreadcrumbList","@id":"https:\/\/elspeedo.cz\/kurzy-paraglidingu\/absolventsky-program\/#breadcrumb","itemListElement":[{"@type":"ListItem","position":1,"name":"Dom\u016f","item":"https:\/\/elspeedo.cz\/pl\/"},{"@type":"ListItem","position":2,"name":"Kursy Paralotniarstwa","item":"https:\/\/elspeedo.cz\/pl\/kursy-paralotniarstwa\/"},{"@type":"ListItem","position":3,"name":"Program absolwencki"}]},{"@type":"WebSite","@id":"https:\/\/elspeedo.cz\/#website","url":"https:\/\/elspeedo.cz\/","name":"El Speedo","description":"Paragliding - kurzy, vybaven\u00ed, v\u00fdlety, komunita","potentialAction":[{"@type":"SearchAction","target":{"@type":"EntryPoint","urlTemplate":"https:\/\/elspeedo.cz\/?s={search_term_string}"},"query-input":{"@type":"PropertyValueSpecification","valueRequired":true,"valueName":"search_term_string"}}],"inLanguage":"pl-PL"}]}},"_links":{"self":[{"href":"https:\/\/elspeedo.cz\/pl\/wp-json\/wp\/v2\/pages\/27963","targetHints":{"allow":["GET"]}}],"collection":[{"href":"https:\/\/elspeedo.cz\/pl\/wp-json\/wp\/v2\/pages"}],"about":[{"href":"https:\/\/elspeedo.cz\/pl\/wp-json\/wp\/v2\/types\/page"}],"author":[{"embeddable":true,"href":"https:\/\/elspeedo.cz\/pl\/wp-json\/wp\/v2\/users\/4"}],"replies":[{"embeddable":true,"href":"https:\/\/elspeedo.cz\/pl\/wp-json\/wp\/v2\/comments?post=27963"}],"version-history":[{"count":0,"href":"https:\/\/elspeedo.cz\/pl\/wp-json\/wp\/v2\/pages\/27963\/revisions"}],"up":[{"embeddable":true,"href":"https:\/\/elspeedo.cz\/pl\/wp-json\/wp\/v2\/pages\/15505"}],"wp:attachment":[{"href":"https:\/\/elspeedo.cz\/pl\/wp-json\/wp\/v2\/media?parent=27963"}],"curies":[{"name":"wp","href":"https:\/\/api.w.org\/{rel}","templated":true}]}}