{"id":27964,"date":"2017-02-05T09:56:44","date_gmt":"2017-02-05T08:56:44","guid":{"rendered":"https:\/\/elspeedo.cz\/vybaveni\/pristroje\/"},"modified":"2020-03-17T10:45:12","modified_gmt":"2020-03-17T09:45:12","slug":"elektronika-el-speedo-lekkie-dokladne-i-niezawodne","status":"publish","type":"page","link":"https:\/\/elspeedo.cz\/pl\/sprzet-2\/elektronika-el-speedo-lekkie-dokladne-i-niezawodne\/","title":{"rendered":"Elektronika El Speedo lekka, dok\u0142adna i niezawodna"},"content":{"rendered":"<div class=\"wpb-content-wrapper\">[vc_row][vc_column][mk_padding_divider size=&#8221;30&#8243;][vc_column_text align=&#8221;center&#8221;]\n<div class=\"clr\" style=\"text-align: center\"><span style=\"font-size: 40pt\">Elektronika El Speedo <span style=\"font-size: 24pt\">lekka, dok\u0142adna i niezawodna<\/span><\/span><\/div>\n[\/vc_column_text][mk_padding_divider size=&#8221;30&#8243;][vc_separator el_width=&#8221;80&#8243; el_class=&#8221;basic-separator&#8221;][\/vc_column][\/vc_row][mk_page_section bg_position=&#8221;center center&#8221; bg_repeat=&#8221;no-repeat&#8221; bg_stretch=&#8221;true&#8221; enable_3d=&#8221;true&#8221; video_loop=&#8221;false&#8221; min_height=&#8221;450&#8243; padding_bottom=&#8221;100&#8243; sidebar=&#8221;sidebar-1&#8243;][vc_column width=&#8221;1\/6&#8243;][\/vc_column][vc_column width=&#8221;1\/3&#8243;][vc_single_image image=&#8221;13764&#8243; img_size=&#8221;full&#8221; alignment=&#8221;center&#8221; style=&#8221;vc_box_rounded&#8221; onclick=&#8221;custom_link&#8221; link=&#8221;https:\/\/elspeedo.cz\/pl\/sprzet-2\/elektronika-el-speedo-lekkie-dokladne-i-niezawodne\/sky-bean-2-leciutkie-i-niezawodne-wario-do-paralotniarstwa\/&#8221;][vc_column_text disable_pattern=&#8221;false&#8221; align=&#8221;center&#8221;]\n<h4>SKY BEAN<\/h4>\n<p>Cena: 2190 CZK[\/vc_column_text][vc_column_text disable_pattern=&#8221;false&#8221; align=&#8221;center&#8221;]Bardzo proste akustyczne vario z\u00a0mo\u017cliwo\u015bci\u0105 zaprogramowania d\u017awi\u0119ku.[\/vc_column_text][mk_button dimension=&#8221;flat&#8221; corner_style=&#8221;rounded&#8221; size=&#8221;large&#8221; url=&#8221;https:\/\/elspeedo.cz\/pl\/sprzet-2\/elektronika-el-speedo-lekkie-dokladne-i-niezawodne\/sky-bean-2-leciutkie-i-niezawodne-wario-do-paralotniarstwa\/&#8221; align=&#8221;center&#8221; button_custom_width=&#8221;130&#8243; margin_right=&#8221;0&#8243; el_class=&#8221;basic-button&#8221;]Opis[\/mk_button][\/vc_column][vc_column width=&#8221;1\/3&#8243;][vc_single_image image=&#8221;13317&#8243; img_size=&#8221;full&#8221; alignment=&#8221;center&#8221; style=&#8221;vc_box_rounded&#8221; onclick=&#8221;custom_link&#8221; link=&#8221;https:\/\/elspeedo.cz\/pl\/sprzet-2\/elektronika-el-speedo-lekkie-dokladne-i-niezawodne\/sky-drop-ultrino\/&#8221;][vc_column_text align=&#8221;center&#8221;]\n<h4>SKY DROP ULTRINO<\/h4>\n<p>Cena: 6190\u00a0CZK[\/vc_column_text][vc_column_text align=&#8221;center&#8221;]Ultralekka wersja varia z\u00a0GPSem, u\u017cywana nie tylko do turystyki Hike&amp;Fly.[\/vc_column_text][mk_button dimension=&#8221;flat&#8221; corner_style=&#8221;rounded&#8221; size=&#8221;large&#8221; url=&#8221;https:\/\/elspeedo.cz\/pl\/sprzet-2\/elektronika-el-speedo-lekkie-dokladne-i-niezawodne\/sky-drop-ultrino\/&#8221; align=&#8221;center&#8221; button_custom_width=&#8221;130&#8243; margin_right=&#8221;0&#8243; el_class=&#8221;basic-button&#8221;]Opis[\/mk_button][\/vc_column][vc_column width=&#8221;1\/6&#8243;][\/vc_column][\/mk_page_section][mk_page_section bg_color=&#8221;#272727&#8243; bg_position=&#8221;center center&#8221; video_loop=&#8221;false&#8221; js_vertical_centered=&#8221;true&#8221; padding_top=&#8221;80&#8243; padding_bottom=&#8221;80&#8243; el_class=&#8221;sc-dark&#8221; sidebar=&#8221;sidebar-1&#8243;][vc_column][vc_column_text disable_pattern=&#8221;false&#8221; align=&#8221;center&#8221;]\n<div class=\"clr\" style=\"text-align: center\"><span style=\"font-size: 24pt\">Kupuj w\u00a0<span style=\"font-size: 40pt\">CENACH ABSOLWENCKICH<\/span><\/span><\/div>\n[\/vc_column_text][mk_padding_divider size=&#8221;20&#8243;][vc_column_text disable_pattern=&#8221;false&#8221; align=&#8221;center&#8221;]\n<p style=\"text-align: center\">Wszyscy absolwenci naszych program\u00f3w treningowych posiadaj\u0105<\/p>\n<h2 style=\"text-align: center\">zni\u017ck\u0119 10%.<\/h2>\n<p style=\"text-align: center\">Wszystkie informacje uzyskasz w naszym biurze, pod nr. +420\u00a0777\u00a0311 661<\/p>\n[\/vc_column_text][\/vc_column][\/mk_page_section]\n<\/div>","protected":false},"excerpt":{"rendered":"<p>[vc_row][vc_column][mk_padding_divider size=&#8221;30&#8243;][vc_column_text align=&#8221;center&#8221;] Elektronika El Speedo lekka, dok\u0142adna i niezawodna [\/vc_column_text][mk_padding_divider size=&#8221;30&#8243;][vc_separator el_width=&#8221;80&#8243; el_class=&#8221;basic-separator&#8221;][\/vc_column][\/vc_row][mk_page_section bg_position=&#8221;center center&#8221; bg_repeat=&#8221;no-repeat&#8221; bg_stretch=&#8221;true&#8221; enable_3d=&#8221;true&#8221; video_loop=&#8221;false&#8221; min_height=&#8221;450&#8243; padding_bottom=&#8221;100&#8243; sidebar=&#8221;sidebar-1&#8243;][vc_column width=&#8221;1\/6&#8243;][\/vc_column][vc_column width=&#8221;1\/3&#8243;][vc_single_image image=&#8221;13764&#8243; img_size=&#8221;full&#8221; alignment=&#8221;center&#8221; style=&#8221;vc_box_rounded&#8221; onclick=&#8221;custom_link&#8221; link=&#8221;https:\/\/elspeedo.cz\/pl\/sprzet-2\/elektronika-el-speedo-lekkie-dokladne-i-niezawodne\/sky-bean-2-leciutkie-i-niezawodne-wario-do-paralotniarstwa\/&#8221;][vc_column_text disable_pattern=&#8221;false&#8221; align=&#8221;center&#8221;] SKY BEAN Cena: 2190 CZK[\/vc_column_text][vc_column_text disable_pattern=&#8221;false&#8221; align=&#8221;center&#8221;]Bardzo proste akustyczne vario z\u00a0mo\u017cliwo\u015bci\u0105 zaprogramowania d\u017awi\u0119ku.[\/vc_column_text][mk_button dimension=&#8221;flat&#8221; corner_style=&#8221;rounded&#8221; size=&#8221;large&#8221; url=&#8221;https:\/\/elspeedo.cz\/pl\/sprzet-2\/elektronika-el-speedo-lekkie-dokladne-i-niezawodne\/sky-bean-2-leciutkie-i-niezawodne-wario-do-paralotniarstwa\/&#8221; align=&#8221;center&#8221; button_custom_width=&#8221;130&#8243; margin_right=&#8221;0&#8243; el_class=&#8221;basic-button&#8221;]Opis[\/mk_button][\/vc_column][vc_column width=&#8221;1\/3&#8243;][vc_single_image [&hellip;]<\/p>\n","protected":false},"author":4,"featured_media":0,"parent":15511,"menu_order":0,"comment_status":"closed","ping_status":"closed","template":"","meta":{"_tribe_blocks_recurrence_rules":"","_tribe_blocks_recurrence_exclusions":"","_tribe_blocks_recurrence_description":"","footnotes":""},"class_list":["post-27964","page","type-page","status-publish","hentry"],"yoast_head":"<!-- This site is optimized with the Yoast SEO plugin v27.0 - https:\/\/yoast.com\/product\/yoast-seo-wordpress\/ -->\n<title>Elektronika El Speedo lekka, dok\u0142adna i niezawodna &#8212; El Speedo<\/title>\n<meta name=\"description\" content=\"Elektronika El Speedo lekka, dok\u0142adna i niezawodna SKY BEAN Bardzo proste akustyczne vario z mo\u017cliwo\u015bci\u0105 zaprogramowania d\u017awi\u0119ku.Opis SKY DROP ...\" \/>\n<meta name=\"robots\" content=\"index, follow, max-snippet:-1, max-image-preview:large, max-video-preview:-1\" \/>\n<link rel=\"canonical\" href=\"https:\/\/elspeedo.cz\/vybaveni\/pristroje\/\" \/>\n<meta property=\"og:locale\" content=\"pl_PL\" \/>\n<meta property=\"og:type\" content=\"article\" \/>\n<meta property=\"og:title\" content=\"Elektronika El Speedo lekka, dok\u0142adna i niezawodna &#8212; El Speedo\" \/>\n<meta property=\"og:description\" content=\"Elektronika El Speedo lekka, dok\u0142adna i niezawodna SKY BEAN Bardzo proste akustyczne vario z mo\u017cliwo\u015bci\u0105 zaprogramowania d\u017awi\u0119ku.Opis SKY DROP ...\" \/>\n<meta property=\"og:url\" content=\"https:\/\/elspeedo.cz\/vybaveni\/pristroje\/\" \/>\n<meta property=\"og:site_name\" content=\"El Speedo\" \/>\n<meta property=\"article:publisher\" content=\"http:\/\/www.facebook.com\/paragliding.elspeedo.cz\/?fref=ts\" \/>\n<meta property=\"article:modified_time\" content=\"2020-03-17T09:45:12+00:00\" \/>\n<meta name=\"twitter:card\" content=\"summary_large_image\" \/>\n<meta name=\"twitter:label1\" content=\"Szacowany czas czytania\" \/>\n\t<meta name=\"twitter:data1\" content=\"2 minuty\" \/>\n<script type=\"application\/ld+json\" class=\"yoast-schema-graph\">{\"@context\":\"https:\/\/schema.org\",\"@graph\":[{\"@type\":\"WebPage\",\"@id\":\"https:\/\/elspeedo.cz\/vybaveni\/pristroje\/\",\"url\":\"https:\/\/elspeedo.cz\/vybaveni\/pristroje\/\",\"name\":\"Elektronika El Speedo lekka, dok\u0142adna i niezawodna &#8212; El Speedo\",\"isPartOf\":{\"@id\":\"https:\/\/elspeedo.cz\/#website\"},\"datePublished\":\"2017-02-05T08:56:44+00:00\",\"dateModified\":\"2020-03-17T09:45:12+00:00\",\"description\":\"Elektronika El Speedo lekka, dok\u0142adna i niezawodna SKY BEAN Bardzo proste akustyczne vario z mo\u017cliwo\u015bci\u0105 zaprogramowania d\u017awi\u0119ku.Opis SKY DROP ...\",\"breadcrumb\":{\"@id\":\"https:\/\/elspeedo.cz\/vybaveni\/pristroje\/#breadcrumb\"},\"inLanguage\":\"pl-PL\",\"potentialAction\":[{\"@type\":\"ReadAction\",\"target\":[\"https:\/\/elspeedo.cz\/vybaveni\/pristroje\/\"]}]},{\"@type\":\"BreadcrumbList\",\"@id\":\"https:\/\/elspeedo.cz\/vybaveni\/pristroje\/#breadcrumb\",\"itemListElement\":[{\"@type\":\"ListItem\",\"position\":1,\"name\":\"Dom\u016f\",\"item\":\"https:\/\/elspeedo.cz\/pl\/\"},{\"@type\":\"ListItem\",\"position\":2,\"name\":\"Sprz\u0119t\",\"item\":\"https:\/\/elspeedo.cz\/pl\/sprzet-2\/\"},{\"@type\":\"ListItem\",\"position\":3,\"name\":\"Elektronika El Speedo lekka, dok\u0142adna i niezawodna\"}]},{\"@type\":\"WebSite\",\"@id\":\"https:\/\/elspeedo.cz\/#website\",\"url\":\"https:\/\/elspeedo.cz\/\",\"name\":\"El Speedo\",\"description\":\"Paragliding - kurzy, vybaven\u00ed, v\u00fdlety, komunita\",\"potentialAction\":[{\"@type\":\"SearchAction\",\"target\":{\"@type\":\"EntryPoint\",\"urlTemplate\":\"https:\/\/elspeedo.cz\/?s={search_term_string}\"},\"query-input\":{\"@type\":\"PropertyValueSpecification\",\"valueRequired\":true,\"valueName\":\"search_term_string\"}}],\"inLanguage\":\"pl-PL\"}]}<\/script>\n<!-- \/ Yoast SEO plugin. -->","yoast_head_json":{"title":"Elektronika El Speedo lekka, dok\u0142adna i niezawodna &#8212; El Speedo","description":"Elektronika El Speedo lekka, dok\u0142adna i niezawodna SKY BEAN Bardzo proste akustyczne vario z mo\u017cliwo\u015bci\u0105 zaprogramowania d\u017awi\u0119ku.Opis SKY DROP ...","robots":{"index":"index","follow":"follow","max-snippet":"max-snippet:-1","max-image-preview":"max-image-preview:large","max-video-preview":"max-video-preview:-1"},"canonical":"https:\/\/elspeedo.cz\/vybaveni\/pristroje\/","og_locale":"pl_PL","og_type":"article","og_title":"Elektronika El Speedo lekka, dok\u0142adna i niezawodna &#8212; El Speedo","og_description":"Elektronika El Speedo lekka, dok\u0142adna i niezawodna SKY BEAN Bardzo proste akustyczne vario z mo\u017cliwo\u015bci\u0105 zaprogramowania d\u017awi\u0119ku.Opis SKY DROP ...","og_url":"https:\/\/elspeedo.cz\/vybaveni\/pristroje\/","og_site_name":"El Speedo","article_publisher":"http:\/\/www.facebook.com\/paragliding.elspeedo.cz\/?fref=ts","article_modified_time":"2020-03-17T09:45:12+00:00","twitter_card":"summary_large_image","twitter_misc":{"Szacowany czas czytania":"2 minuty"},"schema":{"@context":"https:\/\/schema.org","@graph":[{"@type":"WebPage","@id":"https:\/\/elspeedo.cz\/vybaveni\/pristroje\/","url":"https:\/\/elspeedo.cz\/vybaveni\/pristroje\/","name":"Elektronika El Speedo lekka, dok\u0142adna i niezawodna &#8212; El Speedo","isPartOf":{"@id":"https:\/\/elspeedo.cz\/#website"},"datePublished":"2017-02-05T08:56:44+00:00","dateModified":"2020-03-17T09:45:12+00:00","description":"Elektronika El Speedo lekka, dok\u0142adna i niezawodna SKY BEAN Bardzo proste akustyczne vario z mo\u017cliwo\u015bci\u0105 zaprogramowania d\u017awi\u0119ku.Opis SKY DROP ...","breadcrumb":{"@id":"https:\/\/elspeedo.cz\/vybaveni\/pristroje\/#breadcrumb"},"inLanguage":"pl-PL","potentialAction":[{"@type":"ReadAction","target":["https:\/\/elspeedo.cz\/vybaveni\/pristroje\/"]}]},{"@type":"BreadcrumbList","@id":"https:\/\/elspeedo.cz\/vybaveni\/pristroje\/#breadcrumb","itemListElement":[{"@type":"ListItem","position":1,"name":"Dom\u016f","item":"https:\/\/elspeedo.cz\/pl\/"},{"@type":"ListItem","position":2,"name":"Sprz\u0119t","item":"https:\/\/elspeedo.cz\/pl\/sprzet-2\/"},{"@type":"ListItem","position":3,"name":"Elektronika El Speedo lekka, dok\u0142adna i niezawodna"}]},{"@type":"WebSite","@id":"https:\/\/elspeedo.cz\/#website","url":"https:\/\/elspeedo.cz\/","name":"El Speedo","description":"Paragliding - kurzy, vybaven\u00ed, v\u00fdlety, komunita","potentialAction":[{"@type":"SearchAction","target":{"@type":"EntryPoint","urlTemplate":"https:\/\/elspeedo.cz\/?s={search_term_string}"},"query-input":{"@type":"PropertyValueSpecification","valueRequired":true,"valueName":"search_term_string"}}],"inLanguage":"pl-PL"}]}},"_links":{"self":[{"href":"https:\/\/elspeedo.cz\/pl\/wp-json\/wp\/v2\/pages\/27964","targetHints":{"allow":["GET"]}}],"collection":[{"href":"https:\/\/elspeedo.cz\/pl\/wp-json\/wp\/v2\/pages"}],"about":[{"href":"https:\/\/elspeedo.cz\/pl\/wp-json\/wp\/v2\/types\/page"}],"author":[{"embeddable":true,"href":"https:\/\/elspeedo.cz\/pl\/wp-json\/wp\/v2\/users\/4"}],"replies":[{"embeddable":true,"href":"https:\/\/elspeedo.cz\/pl\/wp-json\/wp\/v2\/comments?post=27964"}],"version-history":[{"count":0,"href":"https:\/\/elspeedo.cz\/pl\/wp-json\/wp\/v2\/pages\/27964\/revisions"}],"up":[{"embeddable":true,"href":"https:\/\/elspeedo.cz\/pl\/wp-json\/wp\/v2\/pages\/15511"}],"wp:attachment":[{"href":"https:\/\/elspeedo.cz\/pl\/wp-json\/wp\/v2\/media?parent=27964"}],"curies":[{"name":"wp","href":"https:\/\/api.w.org\/{rel}","templated":true}]}}