{"id":46346,"date":"2019-02-06T20:31:32","date_gmt":"2019-02-06T19:31:32","guid":{"rendered":"https:\/\/elspeedo.cz\/?page_id=46346\/"},"modified":"2020-03-19T14:56:34","modified_gmt":"2020-03-19T13:56:34","slug":"wycieczki-ppg-i-zaawansowany-pilotaz","status":"publish","type":"page","link":"https:\/\/elspeedo.cz\/pl\/kursy-paralotniarstwa\/latanie-ppg\/wycieczki-ppg-i-zaawansowany-pilotaz\/","title":{"rendered":"Wycieczki PPG i zaawansowany pilota\u017c"},"content":{"rendered":"<div class=\"wpb-content-wrapper\">[mk_page_section video_loop=&#8221;false&#8221; padding_top=&#8221;50&#8243; padding_bottom=&#8221;30&#8243; sidebar=&#8221;sidebar-1&#8243;][vc_column][vc_column_text disable_pattern=&#8221;false&#8221; align=&#8221;center&#8221;][\/vc_column_text][\/vc_column][\/mk_page_section][mk_page_section bg_color=&#8221;#f4f4f4&#8243; bg_stretch=&#8221;true&#8221; video_loop=&#8221;false&#8221; padding_top=&#8221;0&#8243; padding_bottom=&#8221;0&#8243; el_class=&#8221;section-gray&#8221; sidebar=&#8221;sidebar-1&#8243;][vc_column width=&#8221;1\/2&#8243;][vc_single_image image=&#8221;94135&#8243; img_size=&#8221;full&#8221; alignment=&#8221;center&#8221; style=&#8221;vc_box_rounded&#8221; css=&#8221;.vc_custom_1542037029960{padding-top: 30px !important;}&#8221;][\/vc_column][vc_column width=&#8221;1\/2&#8243;][mk_padding_divider size=&#8221;70&#8243;][vc_column_text disable_pattern=&#8221;false&#8221; align=&#8221;center&#8221;]\n<h4 style=\"text-align: center\">Wyrusz tam, dok\u0105d w termice nie mo\u017cna<\/h4>\n<p>El Speedo Wycieczki PPG i trening zaawansowanego pilota\u017cu zaplanowane s\u0105 tak, aby przelecie\u0107 si\u0119 ponad nowymi i ciekawymi miejscami, zapozna\u0107 si\u0119 z\u00a0histori\u0105 i ciekawostkami tych miejsc i r\u00f3wnocze\u015bnie udoskonali\u0107 w\u0142asne zdolno\u015bci pilota\u017cu i troski o sprz\u0119t.[\/vc_column_text][\/vc_column][\/mk_page_section][mk_page_section video_loop=&#8221;false&#8221; padding_top=&#8221;100&#8243; padding_bottom=&#8221;100&#8243; sidebar=&#8221;sidebar-1&#8243;][vc_column][vc_column_text]\n<h2 style=\"text-align: center\">Terminy imprez<\/h2>\n<p style=\"text-align: center\">Szczeg\u00f3\u0142owe informacje do poszczeg\u00f3lnych imprez b\u0119dziemy na bie\u017c\u0105co uzupe\u0142niali.<\/p>\n[\/vc_column_text][mk_padding_divider size=&#8221;30&#8243;][vc_column_text]\n<div>\n<p><strong>Junior Para&amp;moto FLY CAMP Ran\u00e1 ko\u0142o Loun<\/strong><\/p>\n<p><strong>Term\u00edn:<\/strong>\u00a08. \u2013 10. 5. 2020<\/p>\n<p><strong>Cele:<\/strong>\u00a0trening zapoznawczy, trening dyscyplin technicznych, nawigacja, celno\u015b\u0107 l\u0105dowania, poranne i wieczorne przeloty, latanie F-GO.<\/div>\n[\/vc_column_text][vc_separator el_width=&#8221;80&#8243; el_class=&#8221;basic-separator&#8221; css=&#8221;.vc_custom_1546433058933{padding-top: 40px !important;}&#8221;][vc_column_text]\n<div>\n<div>\n<p><strong>Junior Para&amp;moto FLY CAMP lotnisko Hos\u00edn celem lotnisko Tou\u017eim\u00a0<\/strong><\/p>\n<p><strong>Term\u00edn:<\/strong>\u00a017. \u2013 19. 7. 2020<\/p>\n<p><strong>Cele:<\/strong> loty zapoznawcze w tandemie, trening dyscyplin technicznych, nawigacja, poranne i wieczorne przeloty i odlot F-GO w kierunku GO WEST!<\/p>\n<\/div>\n<\/div>\n[\/vc_column_text][vc_separator el_width=&#8221;80&#8243; el_class=&#8221;basic-separator&#8221; css=&#8221;.vc_custom_1546433058933{padding-top: 40px !important;}&#8221;][vc_column_text]\n<div>\n<p><strong>Junior Para&amp;moto FLY CAMP\u00a0 lotnisko Tou\u017eim cel lotnisko Ran\u00e1 ko\u0142o Loun<\/strong><\/p>\n<p><strong>Term\u00edn:<\/strong> 1. \u2013 3. 8. 2020<\/p>\n<p><strong>Cele:<\/strong>\u00a0trening zapoznawczy, trening dyscyplin technicznych, nawigacja, poranne i wieczorne przeloty i odlot F-GO w kierunku GO North-East!<\/div>\n[\/vc_column_text][vc_separator el_width=&#8221;80&#8243; el_class=&#8221;basic-separator&#8221; css=&#8221;.vc_custom_1546433058933{padding-top: 40px !important;}&#8221;][vc_column_text]\n<div>\n<p><strong>Junior Para&amp;moto FLY CAMP P\u00e1lava cel Javorov\u00fd<\/strong><\/p>\n<p><strong>Term\u00edn:<\/strong>\u00a04. \u2013 6.9. 2020<\/p>\n<p><strong>Cele:<\/strong> impreza jest cz\u0119\u015bci\u0105 sk\u0142adow\u0105 Mistrzostw \u015bwiata w lataniu ko\u0142o pylon\u00f3w. Loty zapoznawcze w tandemie, nawigacja, poranne i wieczorne przeloty i odlot F-GO w kierunku GO NORTH!<\/div>\n<div><\/div>\n[\/vc_column_text][\/vc_column][\/mk_page_section][vc_row fullwidth=&#8221;true&#8221; fullwidth_content=&#8221;false&#8221; css=&#8221;.vc_custom_1481018840064{padding-bottom: 30px !important;background-color: #e7e7e7 !important;}&#8221;][vc_column width=&#8221;2\/3&#8243;][mk_padding_divider size=&#8221;60&#8243;][vc_column_text disable_pattern=&#8221;false&#8221;]\n<p><strong>Szybkie info:<\/strong><br \/>\nImprezy Para&amp;moto FLY CAMP s\u0105 imprezami lotniczymi z\u00a0asyst\u0105 w celu kolejnego rozwoju. Przeznaczone s\u0105 dla w\u0142a\u015bcicieli licencji MPG lub PPG, kt\u00f3rym znudzi\u0142o ju\u017c si\u0119 samodzielne latanie tylko w okolicy w\u0142asnego miejsca zamieszkania i ulubionego startowiska. Zapraszamy r\u00f3wnie\u017c wszystkich, kt\u00f3rzy nie maj\u0105 jeszcze w\u0142asnego sprz\u0119tu i wahaj\u0105 si\u0119, czy wog\u00f3le zainwestowa\u0107 w kupno, lub zastanawiaj\u0105 si\u0119 kt\u00f3rego producenta wybra\u0107. W ramach imprez mo\u017cna r\u00f3wnie\u017c doko\u0144cz\u0107 szkolenie i zwiedzi\u0107 ciekawe miejsca.<\/p>\n<p><strong>Rodzaj imprezy:<\/strong><\/p>\n<ul>\n<li>wycieczki PPG w celu poznania nowych teren\u00f3w oraz treningu zaawansowanego pilota\u017cu.<\/li>\n<\/ul>\n<p><strong>Warunki uczestnictwa:<\/strong><\/p>\n<ul>\n<li>Licencja PPG lub MPG,<\/li>\n<li>Sprz\u0119t z\u00a0wa\u017cnym przegl\u0105dem technicznym,<\/li>\n<li>Ubezpieczenie szk\u00f3d wyrz\u0105dzonych osobom trzecim w pa\u0144stwie, w kt\u00f3rym wycieczka ma miejsce.<\/li>\n<\/ul>\n<p><strong>Wymagania fizyczne:<\/strong><\/p>\n<ul>\n<li>niskie.<\/li>\n<\/ul>\n<p><strong>Zalecany nalot pilota:<\/strong><\/p>\n<ul>\n<li>powy\u017cej 10 godzin na motoparalotni, b\u0105d\u017a indywidualny trening naszych uczni\u00f3w do licencji PPG.<\/li>\n<\/ul>\n<p><strong>Cele imprez:<\/strong><br \/>\nChcemy razem z\u00a0Tob\u0105 przelatywa\u0107 w miejscach, gdzie trudno by\u0142o by polecie\u0107 bez nap\u0119du, chcemy uczy\u0107 wra\u017cliwo\u015bci wobec otoczenia i ludzi pod nami, we w\u0142a\u015bciwym czasie wy\u0142\u0105cza\u0107 silnik a w wolnej przestrzeni znowu za pomoc\u0105 silnika zdobywa\u0107 wysoko\u015b\u0107.<\/p>\n<p>Chcemy pokaza\u0107 Ci pi\u0119kno przelot\u00f3w na motoparalotni i w\u0142a\u015bciwe podej\u015bcie do tej sprawy. Nasze wycieczki s\u0105 okazj\u0105 do oderwania si\u0119 od zwyk\u0142ych miejsc startu, spokojnie mo\u017cesz z\u00a0wiatrem w plecy polecie\u0107 dzi\u0119si\u0105tki kilometr\u00f3w, dok\u0105d tylko chcesz, i wr\u00f3ci\u0107, korzystaj\u0105c z\u00a0us\u0142ug naszego El-busa. Wyrusz razem z\u00a0nami do miejsc, kt\u00f3re tak d\u0142ugo Ci\u0119 kusz\u0105.<\/p>\n<p><strong>D\u0142ugo\u015b\u0107 imprez:<\/strong><\/p>\n<p>2-3 dni.<\/p>\n<p><strong>Gdzie:<\/strong><br \/>\nFlight Park Javorovy i lotniska w najr\u00f3niejszych kra\u0144cach Republiki Czeskiej.<\/p>\n<p><strong>Zabezpieczenie personalne:<\/strong><\/p>\n<ul>\n<li>instruktor latania PPG,<\/li>\n<li>kierowca El-busa.<\/li>\n<\/ul>\n<p><strong>Cena:<\/strong>\u00a02990 CZK za jeden dzie\u0144 treningu<\/p>\n<ul>\n<li>nasi absolwenci zyskuj\u0105 zni\u017ck\u0119 10%.<\/li>\n<\/ul>\n<p><strong>Dodatkowo:<\/strong><\/p>\n<ul>\n<li>mo\u017cesz wypo\u017cyczy\u0107 nasz sprz\u0119t szkoleniowy sk\u0142adaj\u0105cy si\u0119 z nap\u0119du Nirvana F-Light 160 (cena 690 CZK \/ motogodzina + paliwo) oraz paralotni El Speedo (300 CZK \/ dzie\u0144).<\/li>\n<\/ul>\n<p><strong>Cena obejmuje:<\/strong><\/p>\n<ul>\n<li>przygotowanie do lotu, codzienne informacje meteorologiczne oraz zajnajomienie z\u00a0terenem lotniczym,<\/li>\n<li>wypo\u017cyczenie radia ze s\u0142uchawk\u0105 pod kask,<\/li>\n<li>pomoc podczas startu i l\u0105dowania,<\/li>\n<li>instruktor \u2013 przewodnik lec\u0105cy z\u00a0grupk\u0105,<\/li>\n<li>transport przed i po locie,<\/li>\n<li>przechowanie Twego sprz\u0119tu w zamykanym magazynie,<\/li>\n<li>doradztwo serwisowe podczas napraw lub dopasowywania sprz\u0119tu,<\/li>\n<li>zdj\u0119cia z\u00a0kursu zrobione za pomoc\u0105 aparatu cyfrowego,<\/li>\n<li>przedmioty upominkowe El Speedo.<\/li>\n<\/ul>\n<p><strong>Mo\u017cemy Ci po\u017cyczy\u0107:<\/strong><\/p>\n<ul>\n<li>paralotni\u0119 El Speedo z nap\u0119dem Nirvana F-LIGHT 160.<\/li>\n<li>namioty i \u015bpiwory,<\/li>\n<li>vario i urz\u0105dzenie GPS (viz SKYTEST).<\/li>\n<\/ul>\n<p><strong>Pomo\u017cemy Ci za\u0142atwi\u0107:<\/strong><\/p>\n<ul>\n<li>zakwaterowanie i wy\u017cywienie w miejscu imprezy,<\/li>\n<li>ubezpieczenie szk\u00f3d na sprz\u0119cie.<\/li>\n<\/ul>\n[\/vc_column_text][\/vc_column][vc_column width=&#8221;1\/3&#8243;][vc_single_image image=&#8221;94151&#8243; img_size=&#8221;full&#8221; alignment=&#8221;center&#8221; style=&#8221;vc_box_rounded&#8221;][vc_single_image image=&#8221;94157&#8243; img_size=&#8221;full&#8221; alignment=&#8221;center&#8221; style=&#8221;vc_box_rounded&#8221;][vc_single_image image=&#8221;94154&#8243; img_size=&#8221;full&#8221; alignment=&#8221;center&#8221; style=&#8221;vc_box_rounded&#8221;][vc_single_image image=&#8221;94187&#8243; img_size=&#8221;full&#8221; alignment=&#8221;center&#8221; style=&#8221;vc_box_rounded&#8221;][vc_single_image image=&#8221;94148&#8243; img_size=&#8221;full&#8221; alignment=&#8221;center&#8221; style=&#8221;vc_box_rounded&#8221;][vc_single_image image=&#8221;94190&#8243; img_size=&#8221;full&#8221; alignment=&#8221;center&#8221; style=&#8221;vc_box_rounded&#8221;][vc_single_image image=&#8221;94181&#8243; img_size=&#8221;full&#8221; alignment=&#8221;center&#8221; style=&#8221;vc_box_rounded&#8221;][vc_single_image image=&#8221;94199&#8243; img_size=&#8221;full&#8221; alignment=&#8221;center&#8221; style=&#8221;vc_box_rounded&#8221;][\/vc_column][\/vc_row]\n[mk_page_section bg_color=&#8221;#272727&#8243; bg_position=&#8221;center center&#8221; video_loop=&#8221;false&#8221; js_vertical_centered=&#8221;true&#8221; padding_top=&#8221;60&#8243; padding_bottom=&#8221;060&#8243; el_class=&#8221;sc-dark&#8221; sidebar=&#8221;sidebar-1&#8243;][vc_column][mk_fancy_title color=&#8221;#ffffff&#8221; size=&#8221;52&#8243; force_font_size=&#8221;true&#8221; size_phone=&#8221;32&#8243; font_family=&#8221;none&#8221; align=&#8221;center&#8221;]\n<p style=\"text-align: center\">Program absolwencki<\/p>\n[\/mk_fancy_title][vc_column_text disable_pattern=&#8221;false&#8221; align=&#8221;center&#8221;]\n<p style=\"text-align: center\">Zdolno\u015bci pilota klasyfikujemy do 5 podstawowych poziom\u00f3w. Wed\u0142ug tych poziom\u00f3w mo\u017cna wybiera\u0107 konkretne kursy. Celem jest osi\u0105gni\u0119cie podobnego poziomu umiej\u0119tno\u015bci uczestnik\u00f3w kursu i jak najbardziej efektowny proces nauki. W dodatku im wi\u0119cej umiesz, tym mniej p\u0142acisz \u2026<\/p>\n[\/vc_column_text][mk_button dimension=&#8221;outline&#8221; corner_style=&#8221;rounded&#8221; size=&#8221;large&#8221; url=&#8221;https:\/\/elspeedo.cz\/pl\/kursy\/program-absolwencki\/&#8221; align=&#8221;center&#8221; margin_right=&#8221;0&#8243; el_class=&#8221;basic-button&#8221; outline_skin=&#8221;light&#8221;]Wi\u0119cej o programie\u2026<br \/>\n[\/mk_button][\/vc_column][\/mk_page_section]\n<\/div>","protected":false},"excerpt":{"rendered":"<p>[mk_page_section video_loop=&#8221;false&#8221; padding_top=&#8221;50&#8243; padding_bottom=&#8221;30&#8243; sidebar=&#8221;sidebar-1&#8243;][vc_column][vc_column_text disable_pattern=&#8221;false&#8221; align=&#8221;center&#8221;][\/vc_column_text][\/vc_column][\/mk_page_section][mk_page_section bg_color=&#8221;#f4f4f4&#8243; bg_stretch=&#8221;true&#8221; video_loop=&#8221;false&#8221; padding_top=&#8221;0&#8243; padding_bottom=&#8221;0&#8243; el_class=&#8221;section-gray&#8221; sidebar=&#8221;sidebar-1&#8243;][vc_column width=&#8221;1\/2&#8243;][vc_single_image image=&#8221;94135&#8243; img_size=&#8221;full&#8221; alignment=&#8221;center&#8221; style=&#8221;vc_box_rounded&#8221; css=&#8221;.vc_custom_1542037029960{padding-top: 30px !important;}&#8221;][\/vc_column][vc_column width=&#8221;1\/2&#8243;][mk_padding_divider size=&#8221;70&#8243;][vc_column_text disable_pattern=&#8221;false&#8221; align=&#8221;center&#8221;] Wyrusz tam, dok\u0105d w termice nie mo\u017cna El Speedo Wycieczki PPG i trening zaawansowanego pilota\u017cu zaplanowane s\u0105 tak, aby przelecie\u0107 si\u0119 ponad nowymi i ciekawymi miejscami, zapozna\u0107 si\u0119 z\u00a0histori\u0105 [&hellip;]<\/p>\n","protected":false},"author":7,"featured_media":0,"parent":27451,"menu_order":0,"comment_status":"closed","ping_status":"closed","template":"","meta":{"_tribe_blocks_recurrence_rules":"","_tribe_blocks_recurrence_exclusions":"","_tribe_blocks_recurrence_description":"","footnotes":""},"class_list":["post-46346","page","type-page","status-publish","hentry"],"yoast_head":"<!-- This site is optimized with the Yoast SEO plugin v27.0 - https:\/\/yoast.com\/product\/yoast-seo-wordpress\/ -->\n<title>Wycieczki PPG i zaawansowany pilota\u017c &#8212; El Speedo<\/title>\n<meta name=\"description\" content=\"PPG 2. Drugi etap kursu obejmuje starty i loty wysoko\u015bciowe z silnikiem, \u0107wiczenie wszystkich obowi\u0105zkowych element\u00f3w planu treningowego wg. przepisu MPL3.\" \/>\n<meta name=\"robots\" content=\"index, follow, max-snippet:-1, max-image-preview:large, max-video-preview:-1\" \/>\n<link rel=\"canonical\" href=\"https:\/\/elspeedo.cz\/kurzy-paraglidingu\/motorovy-paragliding\/motovylety-a-pokrocila-pilotaz\/\" \/>\n<meta property=\"og:locale\" content=\"pl_PL\" \/>\n<meta property=\"og:type\" content=\"article\" \/>\n<meta property=\"og:title\" content=\"Wycieczki PPG i zaawansowany pilota\u017c &#8212; El Speedo\" \/>\n<meta property=\"og:description\" content=\"PPG 2. Drugi etap kursu obejmuje starty i loty wysoko\u015bciowe z silnikiem, \u0107wiczenie wszystkich obowi\u0105zkowych element\u00f3w planu treningowego wg. przepisu MPL3.\" \/>\n<meta property=\"og:url\" content=\"https:\/\/elspeedo.cz\/kurzy-paraglidingu\/motorovy-paragliding\/motovylety-a-pokrocila-pilotaz\/\" \/>\n<meta property=\"og:site_name\" content=\"El Speedo\" \/>\n<meta property=\"article:publisher\" content=\"http:\/\/www.facebook.com\/paragliding.elspeedo.cz\/?fref=ts\" \/>\n<meta property=\"article:modified_time\" content=\"2020-03-19T13:56:34+00:00\" \/>\n<meta name=\"twitter:card\" content=\"summary_large_image\" \/>\n<meta name=\"twitter:label1\" content=\"Szacowany czas czytania\" \/>\n\t<meta name=\"twitter:data1\" content=\"6 minut\" \/>\n<script type=\"application\/ld+json\" class=\"yoast-schema-graph\">{\"@context\":\"https:\/\/schema.org\",\"@graph\":[{\"@type\":\"WebPage\",\"@id\":\"https:\/\/elspeedo.cz\/kurzy-paraglidingu\/motorovy-paragliding\/motovylety-a-pokrocila-pilotaz\/\",\"url\":\"https:\/\/elspeedo.cz\/kurzy-paraglidingu\/motorovy-paragliding\/motovylety-a-pokrocila-pilotaz\/\",\"name\":\"Wycieczki PPG i zaawansowany pilota\u017c &#8212; El Speedo\",\"isPartOf\":{\"@id\":\"https:\/\/elspeedo.cz\/#website\"},\"datePublished\":\"2019-02-06T19:31:32+00:00\",\"dateModified\":\"2020-03-19T13:56:34+00:00\",\"description\":\"PPG 2. Drugi etap kursu obejmuje starty i loty wysoko\u015bciowe z silnikiem, \u0107wiczenie wszystkich obowi\u0105zkowych element\u00f3w planu treningowego wg. przepisu MPL3.\",\"breadcrumb\":{\"@id\":\"https:\/\/elspeedo.cz\/kurzy-paraglidingu\/motorovy-paragliding\/motovylety-a-pokrocila-pilotaz\/#breadcrumb\"},\"inLanguage\":\"pl-PL\",\"potentialAction\":[{\"@type\":\"ReadAction\",\"target\":[\"https:\/\/elspeedo.cz\/kurzy-paraglidingu\/motorovy-paragliding\/motovylety-a-pokrocila-pilotaz\/\"]}]},{\"@type\":\"BreadcrumbList\",\"@id\":\"https:\/\/elspeedo.cz\/kurzy-paraglidingu\/motorovy-paragliding\/motovylety-a-pokrocila-pilotaz\/#breadcrumb\",\"itemListElement\":[{\"@type\":\"ListItem\",\"position\":1,\"name\":\"Dom\u016f\",\"item\":\"https:\/\/elspeedo.cz\/pl\/\"},{\"@type\":\"ListItem\",\"position\":2,\"name\":\"Kursy Paralotniarstwa\",\"item\":\"https:\/\/elspeedo.cz\/pl\/kursy-paralotniarstwa\/\"},{\"@type\":\"ListItem\",\"position\":3,\"name\":\"Motoparalotnie \/ Latanie PPG\",\"item\":\"https:\/\/elspeedo.cz\/kurzy-paraglidingu\/motorovy-paragliding\/\"},{\"@type\":\"ListItem\",\"position\":4,\"name\":\"Wycieczki PPG i zaawansowany pilota\u017c\"}]},{\"@type\":\"WebSite\",\"@id\":\"https:\/\/elspeedo.cz\/#website\",\"url\":\"https:\/\/elspeedo.cz\/\",\"name\":\"El Speedo\",\"description\":\"Paragliding - kurzy, vybaven\u00ed, v\u00fdlety, komunita\",\"potentialAction\":[{\"@type\":\"SearchAction\",\"target\":{\"@type\":\"EntryPoint\",\"urlTemplate\":\"https:\/\/elspeedo.cz\/?s={search_term_string}\"},\"query-input\":{\"@type\":\"PropertyValueSpecification\",\"valueRequired\":true,\"valueName\":\"search_term_string\"}}],\"inLanguage\":\"pl-PL\"}]}<\/script>\n<!-- \/ Yoast SEO plugin. -->","yoast_head_json":{"title":"Wycieczki PPG i zaawansowany pilota\u017c &#8212; El Speedo","description":"PPG 2. Drugi etap kursu obejmuje starty i loty wysoko\u015bciowe z silnikiem, \u0107wiczenie wszystkich obowi\u0105zkowych element\u00f3w planu treningowego wg. przepisu MPL3.","robots":{"index":"index","follow":"follow","max-snippet":"max-snippet:-1","max-image-preview":"max-image-preview:large","max-video-preview":"max-video-preview:-1"},"canonical":"https:\/\/elspeedo.cz\/kurzy-paraglidingu\/motorovy-paragliding\/motovylety-a-pokrocila-pilotaz\/","og_locale":"pl_PL","og_type":"article","og_title":"Wycieczki PPG i zaawansowany pilota\u017c &#8212; El Speedo","og_description":"PPG 2. Drugi etap kursu obejmuje starty i loty wysoko\u015bciowe z silnikiem, \u0107wiczenie wszystkich obowi\u0105zkowych element\u00f3w planu treningowego wg. przepisu MPL3.","og_url":"https:\/\/elspeedo.cz\/kurzy-paraglidingu\/motorovy-paragliding\/motovylety-a-pokrocila-pilotaz\/","og_site_name":"El Speedo","article_publisher":"http:\/\/www.facebook.com\/paragliding.elspeedo.cz\/?fref=ts","article_modified_time":"2020-03-19T13:56:34+00:00","twitter_card":"summary_large_image","twitter_misc":{"Szacowany czas czytania":"6 minut"},"schema":{"@context":"https:\/\/schema.org","@graph":[{"@type":"WebPage","@id":"https:\/\/elspeedo.cz\/kurzy-paraglidingu\/motorovy-paragliding\/motovylety-a-pokrocila-pilotaz\/","url":"https:\/\/elspeedo.cz\/kurzy-paraglidingu\/motorovy-paragliding\/motovylety-a-pokrocila-pilotaz\/","name":"Wycieczki PPG i zaawansowany pilota\u017c &#8212; El Speedo","isPartOf":{"@id":"https:\/\/elspeedo.cz\/#website"},"datePublished":"2019-02-06T19:31:32+00:00","dateModified":"2020-03-19T13:56:34+00:00","description":"PPG 2. Drugi etap kursu obejmuje starty i loty wysoko\u015bciowe z silnikiem, \u0107wiczenie wszystkich obowi\u0105zkowych element\u00f3w planu treningowego wg. przepisu MPL3.","breadcrumb":{"@id":"https:\/\/elspeedo.cz\/kurzy-paraglidingu\/motorovy-paragliding\/motovylety-a-pokrocila-pilotaz\/#breadcrumb"},"inLanguage":"pl-PL","potentialAction":[{"@type":"ReadAction","target":["https:\/\/elspeedo.cz\/kurzy-paraglidingu\/motorovy-paragliding\/motovylety-a-pokrocila-pilotaz\/"]}]},{"@type":"BreadcrumbList","@id":"https:\/\/elspeedo.cz\/kurzy-paraglidingu\/motorovy-paragliding\/motovylety-a-pokrocila-pilotaz\/#breadcrumb","itemListElement":[{"@type":"ListItem","position":1,"name":"Dom\u016f","item":"https:\/\/elspeedo.cz\/pl\/"},{"@type":"ListItem","position":2,"name":"Kursy Paralotniarstwa","item":"https:\/\/elspeedo.cz\/pl\/kursy-paralotniarstwa\/"},{"@type":"ListItem","position":3,"name":"Motoparalotnie \/ Latanie PPG","item":"https:\/\/elspeedo.cz\/kurzy-paraglidingu\/motorovy-paragliding\/"},{"@type":"ListItem","position":4,"name":"Wycieczki PPG i zaawansowany pilota\u017c"}]},{"@type":"WebSite","@id":"https:\/\/elspeedo.cz\/#website","url":"https:\/\/elspeedo.cz\/","name":"El Speedo","description":"Paragliding - kurzy, vybaven\u00ed, v\u00fdlety, komunita","potentialAction":[{"@type":"SearchAction","target":{"@type":"EntryPoint","urlTemplate":"https:\/\/elspeedo.cz\/?s={search_term_string}"},"query-input":{"@type":"PropertyValueSpecification","valueRequired":true,"valueName":"search_term_string"}}],"inLanguage":"pl-PL"}]}},"_links":{"self":[{"href":"https:\/\/elspeedo.cz\/pl\/wp-json\/wp\/v2\/pages\/46346","targetHints":{"allow":["GET"]}}],"collection":[{"href":"https:\/\/elspeedo.cz\/pl\/wp-json\/wp\/v2\/pages"}],"about":[{"href":"https:\/\/elspeedo.cz\/pl\/wp-json\/wp\/v2\/types\/page"}],"author":[{"embeddable":true,"href":"https:\/\/elspeedo.cz\/pl\/wp-json\/wp\/v2\/users\/7"}],"replies":[{"embeddable":true,"href":"https:\/\/elspeedo.cz\/pl\/wp-json\/wp\/v2\/comments?post=46346"}],"version-history":[{"count":0,"href":"https:\/\/elspeedo.cz\/pl\/wp-json\/wp\/v2\/pages\/46346\/revisions"}],"up":[{"embeddable":true,"href":"https:\/\/elspeedo.cz\/pl\/wp-json\/wp\/v2\/pages\/27451"}],"wp:attachment":[{"href":"https:\/\/elspeedo.cz\/pl\/wp-json\/wp\/v2\/media?parent=46346"}],"curies":[{"name":"wp","href":"https:\/\/api.w.org\/{rel}","templated":true}]}}