{"id":48112,"date":"2017-04-13T17:38:00","date_gmt":"2017-04-13T16:38:00","guid":{"rendered":"https:\/\/elspeedo.cz\/radary-sondy-2\/"},"modified":"2023-03-03T15:07:26","modified_gmt":"2023-03-03T14:07:26","slug":"radary-sondy-2","status":"publish","type":"page","link":"https:\/\/elspeedo.cz\/pl\/radary-sondy-2\/","title":{"rendered":"Radary, sondy, webkamery"},"content":{"rendered":"<div class=\"wpb-content-wrapper\">[mk_page_section video_loop=&#8221;false&#8221; padding_top=&#8221;0&#8243; padding_bottom=&#8221;0&#8243; top_shape_color=&#8221;#ffffff&#8221; bottom_shape_color=&#8221;#ffffff&#8221; sidebar=&#8221;sidebar-1&#8243;][vc_column width=&#8221;2\/3&#8243;][vc_raw_html]JTNDaWZyYW1lJTIwaWQlM0QlMjJtZXRlby13aWRnZXQlMjIlMjBzcmMlM0QlMjJodHRwcyUzQSUyRiUyRm1ldGVvLmVsc3BlZWRvLmN6JTJGbWV0ZW9TdGF0dXMucGhwJTIyJTIwd2lkdGglM0QlMjIxMDAlMjUlMjIlMjBoZWlnaHQlM0QlMjIxMTAwcHglMjIlM0UlM0MlMkZpZnJhbWUlM0UlMEE=[\/vc_raw_html][\/vc_column][vc_column width=&#8221;1\/3&#8243;][vc_wp_custommenu nav_menu=&#8221;999&#8243;][vc_wp_custommenu title=&#8221;Webkamery&#8221; nav_menu=&#8221;1066&#8243;][vc_column_text]Mobiln\u00ed aplikace &#8211; aktu\u00e1ln\u00ed v\u00edtr v \u010cR[\/vc_column_text][mk_icon_box icon=&#8221;mk-moon-android&#8221; title=&#8221;Android&#8221; read_more_url=&#8221;https:\/\/play.google.com\/store\/apps\/details?id=com.fuerteint.elspeedo&amp;&#8221; icon_size=&#8221;medium&#8221; icon_color=&#8221;&#8221; icon_circle_color=&#8221;&#8221;][\/mk_icon_box][mk_icon_box icon=&#8221;mk-moon-apple&#8221; title=&#8221;iOS&#8221; read_more_url=&#8221;https:\/\/itunes.apple.com\/cz\/app\/meteo-sondy\/id554985420?mt=8&#8243; icon_size=&#8221;medium&#8221; icon_color=&#8221;&#8221; icon_circle_color=&#8221;&#8221;][\/mk_icon_box][vc_column_text]Mobiln\u00ed aplikace &#8211;\u00a0sr\u00e1\u017ekov\u00fd radar v \u010cR[\/vc_column_text][mk_icon_box icon=&#8221;mk-moon-apple&#8221; title=&#8221;iOS&#8221; read_more_url=&#8221;http:\/\/iradarcz.bourky.cz&#8221; icon_size=&#8221;medium&#8221; icon_color=&#8221;&#8221; icon_circle_color=&#8221;&#8221;][\/mk_icon_box][\/vc_column][\/mk_page_section][vc_row][vc_column][vc_column_text]\n<h3>El Speedo\u00a0METEOSONDY<\/h3>\n<p>Jsme hrd\u00ed na to, \u017ee El Speedo aktivn\u011b spolupracuje s \u010dleny Horsk\u00e9 slu\u017eby v Beskydech. Pom\u00e1h\u00e1me si p\u0159i r\u016fzn\u00fdch semin\u00e1\u0159\u00edch i praktick\u00fdch prov\u011brk\u00e1ch, komunikujeme spolu o vz\u00e1jemn\u00fdch pot\u0159eb\u00e1ch a efektivn\u00edch postupech. V\u00fdsledkem na\u0161\u00ed spolupr\u00e1ce je tak\u00e9 El Speedo syst\u00e9m beskydsk\u00fdch meteostanic rozm\u00edst\u011bn\u00fd na slu\u017eebn\u00e1ch Horsk\u00e9 slu\u017eby &#8211; pro piloty, profesion\u00e1ly i \u0161irokou ve\u0159ejnost.<\/p>\n<p>D\u00edky tomuto syst\u00e9mu m\u00e1me st\u00e1l\u00fd a p\u0159esn\u00fd p\u0159ehled o tom, jak se po\u010das\u00ed v Beskydech vyv\u00edj\u00ed a jsme schopni tohoto informa\u010dn\u00edho n\u00e1skoku n\u00e1le\u017eit\u011b vyu\u017e\u00edt tak\u00e9 p\u0159i va\u0161\u00ed v\u00fduce.[\/vc_column_text][\/vc_column][\/vc_row]\n<\/div>","protected":false},"excerpt":{"rendered":"<p>[mk_page_section video_loop=&#8221;false&#8221; padding_top=&#8221;0&#8243; padding_bottom=&#8221;0&#8243; top_shape_color=&#8221;#ffffff&#8221; bottom_shape_color=&#8221;#ffffff&#8221; sidebar=&#8221;sidebar-1&#8243;][vc_column width=&#8221;2\/3&#8243;][vc_raw_html]JTNDaWZyYW1lJTIwaWQlM0QlMjJtZXRlby13aWRnZXQlMjIlMjBzcmMlM0QlMjJodHRwcyUzQSUyRiUyRm1ldGVvLmVsc3BlZWRvLmN6JTJGbWV0ZW9TdGF0dXMucGhwJTIyJTIwd2lkdGglM0QlMjIxMDAlMjUlMjIlMjBoZWlnaHQlM0QlMjIxMTAwcHglMjIlM0UlM0MlMkZpZnJhbWUlM0UlMEE=[\/vc_raw_html][\/vc_column][vc_column width=&#8221;1\/3&#8243;][vc_wp_custommenu nav_menu=&#8221;999&#8243;][vc_wp_custommenu title=&#8221;Webkamery&#8221; nav_menu=&#8221;1066&#8243;][vc_column_text]Mobiln\u00ed aplikace &#8211; aktu\u00e1ln\u00ed v\u00edtr v \u010cR[\/vc_column_text][mk_icon_box icon=&#8221;mk-moon-android&#8221; title=&#8221;Android&#8221; read_more_url=&#8221;https:\/\/play.google.com\/store\/apps\/details?id=com.fuerteint.elspeedo&amp;&#8221; icon_size=&#8221;medium&#8221; icon_color=&#8221;&#8221; icon_circle_color=&#8221;&#8221;][\/mk_icon_box][mk_icon_box icon=&#8221;mk-moon-apple&#8221; title=&#8221;iOS&#8221; read_more_url=&#8221;https:\/\/itunes.apple.com\/cz\/app\/meteo-sondy\/id554985420?mt=8&#8243; icon_size=&#8221;medium&#8221; icon_color=&#8221;&#8221; icon_circle_color=&#8221;&#8221;][\/mk_icon_box][vc_column_text]Mobiln\u00ed aplikace &#8211;\u00a0sr\u00e1\u017ekov\u00fd radar v \u010cR[\/vc_column_text][mk_icon_box icon=&#8221;mk-moon-apple&#8221; title=&#8221;iOS&#8221; read_more_url=&#8221;http:\/\/iradarcz.bourky.cz&#8221; icon_size=&#8221;medium&#8221; icon_color=&#8221;&#8221; icon_circle_color=&#8221;&#8221;][\/mk_icon_box][\/vc_column][\/mk_page_section][vc_row][vc_column][vc_column_text] El Speedo\u00a0METEOSONDY Jsme hrd\u00ed na to, \u017ee El Speedo aktivn\u011b spolupracuje s \u010dleny Horsk\u00e9 [&hellip;]<\/p>\n","protected":false},"author":4,"featured_media":0,"parent":0,"menu_order":0,"comment_status":"closed","ping_status":"closed","template":"","meta":{"_tribe_blocks_recurrence_rules":"","_tribe_blocks_recurrence_exclusions":"","_tribe_blocks_recurrence_description":"","footnotes":""},"class_list":["post-48112","page","type-page","status-publish","hentry"],"yoast_head":"<!-- This site is optimized with the Yoast SEO plugin v27.0 - https:\/\/yoast.com\/product\/yoast-seo-wordpress\/ -->\n<title>Radary, sondy, webkamery &#8212; El Speedo<\/title>\n<meta name=\"description\" content=\"El Speedo je nejv\u011bt\u0161\u00ed paraglidingov\u00e1 komunita a \u0161kola v \u010cR. Tandemov\u00e9 seskoky, kurzy, expedice a paragliding v\u00fdbava\" \/>\n<meta name=\"robots\" content=\"index, follow, max-snippet:-1, max-image-preview:large, max-video-preview:-1\" \/>\n<link rel=\"canonical\" href=\"https:\/\/elspeedo.cz\/radary-sondy-2\/\" \/>\n<meta property=\"og:locale\" content=\"pl_PL\" \/>\n<meta property=\"og:type\" content=\"article\" \/>\n<meta property=\"og:title\" content=\"Radary, sondy, webkamery &#8212; El Speedo\" \/>\n<meta property=\"og:description\" content=\"El Speedo je nejv\u011bt\u0161\u00ed paraglidingov\u00e1 komunita a \u0161kola v \u010cR. Tandemov\u00e9 seskoky, kurzy, expedice a paragliding v\u00fdbava\" \/>\n<meta property=\"og:url\" content=\"https:\/\/elspeedo.cz\/radary-sondy-2\/\" \/>\n<meta property=\"og:site_name\" content=\"El Speedo\" \/>\n<meta property=\"article:publisher\" content=\"http:\/\/www.facebook.com\/paragliding.elspeedo.cz\/?fref=ts\" \/>\n<meta property=\"article:modified_time\" content=\"2023-03-03T14:07:26+00:00\" \/>\n<meta name=\"twitter:card\" content=\"summary_large_image\" \/>\n<meta name=\"twitter:label1\" content=\"Szacowany czas czytania\" \/>\n\t<meta name=\"twitter:data1\" content=\"2 minuty\" \/>\n<script type=\"application\/ld+json\" class=\"yoast-schema-graph\">{\"@context\":\"https:\/\/schema.org\",\"@graph\":[{\"@type\":\"WebPage\",\"@id\":\"https:\/\/elspeedo.cz\/radary-sondy-2\/\",\"url\":\"https:\/\/elspeedo.cz\/radary-sondy-2\/\",\"name\":\"Radary, sondy, webkamery &#8212; El Speedo\",\"isPartOf\":{\"@id\":\"https:\/\/elspeedo.cz\/#website\"},\"datePublished\":\"2017-04-13T16:38:00+00:00\",\"dateModified\":\"2023-03-03T14:07:26+00:00\",\"description\":\"El Speedo je nejv\u011bt\u0161\u00ed paraglidingov\u00e1 komunita a \u0161kola v \u010cR. Tandemov\u00e9 seskoky, kurzy, expedice a paragliding v\u00fdbava\",\"breadcrumb\":{\"@id\":\"https:\/\/elspeedo.cz\/radary-sondy-2\/#breadcrumb\"},\"inLanguage\":\"pl-PL\",\"potentialAction\":[{\"@type\":\"ReadAction\",\"target\":[\"https:\/\/elspeedo.cz\/radary-sondy-2\/\"]}]},{\"@type\":\"BreadcrumbList\",\"@id\":\"https:\/\/elspeedo.cz\/radary-sondy-2\/#breadcrumb\",\"itemListElement\":[{\"@type\":\"ListItem\",\"position\":1,\"name\":\"Dom\u016f\",\"item\":\"https:\/\/elspeedo.cz\/pl\/\"},{\"@type\":\"ListItem\",\"position\":2,\"name\":\"Radary, sondy, webkamery\"}]},{\"@type\":\"WebSite\",\"@id\":\"https:\/\/elspeedo.cz\/#website\",\"url\":\"https:\/\/elspeedo.cz\/\",\"name\":\"El Speedo\",\"description\":\"Paragliding - kurzy, vybaven\u00ed, v\u00fdlety, komunita\",\"potentialAction\":[{\"@type\":\"SearchAction\",\"target\":{\"@type\":\"EntryPoint\",\"urlTemplate\":\"https:\/\/elspeedo.cz\/?s={search_term_string}\"},\"query-input\":{\"@type\":\"PropertyValueSpecification\",\"valueRequired\":true,\"valueName\":\"search_term_string\"}}],\"inLanguage\":\"pl-PL\"}]}<\/script>\n<!-- \/ Yoast SEO plugin. -->","yoast_head_json":{"title":"Radary, sondy, webkamery &#8212; El Speedo","description":"El Speedo je nejv\u011bt\u0161\u00ed paraglidingov\u00e1 komunita a \u0161kola v \u010cR. Tandemov\u00e9 seskoky, kurzy, expedice a paragliding v\u00fdbava","robots":{"index":"index","follow":"follow","max-snippet":"max-snippet:-1","max-image-preview":"max-image-preview:large","max-video-preview":"max-video-preview:-1"},"canonical":"https:\/\/elspeedo.cz\/radary-sondy-2\/","og_locale":"pl_PL","og_type":"article","og_title":"Radary, sondy, webkamery &#8212; El Speedo","og_description":"El Speedo je nejv\u011bt\u0161\u00ed paraglidingov\u00e1 komunita a \u0161kola v \u010cR. Tandemov\u00e9 seskoky, kurzy, expedice a paragliding v\u00fdbava","og_url":"https:\/\/elspeedo.cz\/radary-sondy-2\/","og_site_name":"El Speedo","article_publisher":"http:\/\/www.facebook.com\/paragliding.elspeedo.cz\/?fref=ts","article_modified_time":"2023-03-03T14:07:26+00:00","twitter_card":"summary_large_image","twitter_misc":{"Szacowany czas czytania":"2 minuty"},"schema":{"@context":"https:\/\/schema.org","@graph":[{"@type":"WebPage","@id":"https:\/\/elspeedo.cz\/radary-sondy-2\/","url":"https:\/\/elspeedo.cz\/radary-sondy-2\/","name":"Radary, sondy, webkamery &#8212; El Speedo","isPartOf":{"@id":"https:\/\/elspeedo.cz\/#website"},"datePublished":"2017-04-13T16:38:00+00:00","dateModified":"2023-03-03T14:07:26+00:00","description":"El Speedo je nejv\u011bt\u0161\u00ed paraglidingov\u00e1 komunita a \u0161kola v \u010cR. Tandemov\u00e9 seskoky, kurzy, expedice a paragliding v\u00fdbava","breadcrumb":{"@id":"https:\/\/elspeedo.cz\/radary-sondy-2\/#breadcrumb"},"inLanguage":"pl-PL","potentialAction":[{"@type":"ReadAction","target":["https:\/\/elspeedo.cz\/radary-sondy-2\/"]}]},{"@type":"BreadcrumbList","@id":"https:\/\/elspeedo.cz\/radary-sondy-2\/#breadcrumb","itemListElement":[{"@type":"ListItem","position":1,"name":"Dom\u016f","item":"https:\/\/elspeedo.cz\/pl\/"},{"@type":"ListItem","position":2,"name":"Radary, sondy, webkamery"}]},{"@type":"WebSite","@id":"https:\/\/elspeedo.cz\/#website","url":"https:\/\/elspeedo.cz\/","name":"El Speedo","description":"Paragliding - kurzy, vybaven\u00ed, v\u00fdlety, komunita","potentialAction":[{"@type":"SearchAction","target":{"@type":"EntryPoint","urlTemplate":"https:\/\/elspeedo.cz\/?s={search_term_string}"},"query-input":{"@type":"PropertyValueSpecification","valueRequired":true,"valueName":"search_term_string"}}],"inLanguage":"pl-PL"}]}},"_links":{"self":[{"href":"https:\/\/elspeedo.cz\/pl\/wp-json\/wp\/v2\/pages\/48112","targetHints":{"allow":["GET"]}}],"collection":[{"href":"https:\/\/elspeedo.cz\/pl\/wp-json\/wp\/v2\/pages"}],"about":[{"href":"https:\/\/elspeedo.cz\/pl\/wp-json\/wp\/v2\/types\/page"}],"author":[{"embeddable":true,"href":"https:\/\/elspeedo.cz\/pl\/wp-json\/wp\/v2\/users\/4"}],"replies":[{"embeddable":true,"href":"https:\/\/elspeedo.cz\/pl\/wp-json\/wp\/v2\/comments?post=48112"}],"version-history":[{"count":1,"href":"https:\/\/elspeedo.cz\/pl\/wp-json\/wp\/v2\/pages\/48112\/revisions"}],"predecessor-version":[{"id":204262,"href":"https:\/\/elspeedo.cz\/pl\/wp-json\/wp\/v2\/pages\/48112\/revisions\/204262"}],"wp:attachment":[{"href":"https:\/\/elspeedo.cz\/pl\/wp-json\/wp\/v2\/media?parent=48112"}],"curies":[{"name":"wp","href":"https:\/\/api.w.org\/{rel}","templated":true}]}}