{"id":48114,"date":"2017-01-02T10:16:50","date_gmt":"2017-01-02T09:16:50","guid":{"rendered":"https:\/\/elspeedo.cz\/web-kamery\/"},"modified":"2017-01-02T10:16:50","modified_gmt":"2017-01-02T09:16:50","slug":"web-kamery","status":"publish","type":"page","link":"https:\/\/elspeedo.cz\/pl\/web-kamery\/","title":{"rendered":"Web kamery"},"content":{"rendered":"[mk_page_section bg_stretch=&#8221;true&#8221; video_loop=&#8221;false&#8221; js_vertical_centered=&#8221;true&#8221; padding_top=&#8221;60&#8243; padding_bottom=&#8221;60&#8243; sidebar=&#8221;sidebar-1&#8243;][vc_column width=&#8221;1\/3&#8243;][vc_single_image image=&#8221;18755&#8243; img_size=&#8221;full&#8221; alignment=&#8221;center&#8221; style=&#8221;vc_box_rounded&#8221; onclick=&#8221;custom_link&#8221; link=&#8221;http:\/\/portal.chmi.cz\/files\/portal\/docs\/meteo\/kam\/prohlizec.html?cam=javorovy&#8221;][\/vc_column][vc_column width=&#8221;2\/3&#8243;][vc_column_text]\n<h2><a title=\"Javorov\u00fd - severn\u00ed sjezdovka\" href=\"http:\/\/portal.chmi.cz\/files\/portal\/docs\/meteo\/kam\/prohlizec.html?cam=javorovy\" target=\"_blank\">Javorov\u00fd &#8211; severn\u00ed sjezdovka<\/a><\/h2>\n<p>Centrum Beskydsk\u00e9 \u0161koly l\u00e9t\u00e1n\u00ed a pohled p\u0159\u00edmo na severn\u00ed startovi\u0161t\u011b Javorov\u00fd vrch.[\/vc_column_text][mk_button dimension=&#8221;flat&#8221; corner_style=&#8221;rounded&#8221; size=&#8221;medium&#8221; url=&#8221;http:\/\/portal.chmi.cz\/files\/portal\/docs\/meteo\/kam\/prohlizec.html?cam=javorovy&#8221; margin_right=&#8221;0&#8243; el_class=&#8221;button-outline-blue&#8221; bg_color=&#8221;#6087b9&#8243; btn_hover_bg=&#8221;#466da0&#8243; btn_hover_txt_color=&#8221;#ffffff&#8221;]Zobrazit[\/mk_button][\/vc_column][\/mk_page_section][mk_page_section bg_color=&#8221;#f4f4f4&#8243; bg_stretch=&#8221;true&#8221; video_loop=&#8221;false&#8221; js_vertical_centered=&#8221;true&#8221; padding_top=&#8221;60&#8243; padding_bottom=&#8221;60&#8243; sidebar=&#8221;sidebar-1&#8243;][vc_column width=&#8221;1\/3&#8243;][vc_single_image image=&#8221;18758&#8243; img_size=&#8221;full&#8221; alignment=&#8221;center&#8221; style=&#8221;vc_box_rounded&#8221; onclick=&#8221;custom_link&#8221; link=&#8221;http:\/\/www.lysa-hora.cz\/webkamery&#8221;][\/vc_column][vc_column width=&#8221;2\/3&#8243;][vc_column_text]\n<h2><a title=\"Lys\u00e1 hora\" href=\"http:\/\/www.lysa-hora.cz\/webkamery\" target=\"_blank\">Lys\u00e1 hora<\/a><\/h2>\n<p>Nejvy\u0161\u0161\u00ed bod Beskyd, kamera na meteostanici p\u0159\u00edmo na vrcholku.[\/vc_column_text][mk_button dimension=&#8221;flat&#8221; corner_style=&#8221;rounded&#8221; size=&#8221;medium&#8221; url=&#8221;http:\/\/www.lysa-hora.cz\/webkamery&#8221; margin_right=&#8221;0&#8243; el_class=&#8221;button-outline-blue&#8221; bg_color=&#8221;#6087b9&#8243; btn_hover_bg=&#8221;#466da0&#8243; btn_hover_txt_color=&#8221;#ffffff&#8221;]Zobrazit[\/mk_button][\/vc_column][\/mk_page_section][mk_page_section bg_stretch=&#8221;true&#8221; video_loop=&#8221;false&#8221; js_vertical_centered=&#8221;true&#8221; padding_top=&#8221;60&#8243; padding_bottom=&#8221;60&#8243; sidebar=&#8221;sidebar-1&#8243;][vc_column width=&#8221;1\/3&#8243;][vc_single_image image=&#8221;18754&#8243; img_size=&#8221;full&#8221; alignment=&#8221;center&#8221; style=&#8221;vc_box_rounded&#8221; onclick=&#8221;custom_link&#8221; link=&#8221;http:\/\/portal.chmi.cz\/files\/portal\/docs\/meteo\/kam\/&#8221;][\/vc_column][vc_column width=&#8221;2\/3&#8243;][vc_column_text]\n<h2><a title=\"Web kamery \u010cHM\u00da s vysok\u00fdm rozli\u0161en\u00edm\" href=\"http:\/\/portal.chmi.cz\/files\/portal\/docs\/meteo\/kam\/\" target=\"_blank\">Web kamery \u010cHM\u00da s vysok\u00fdm rozli\u0161en\u00edm<\/a><\/h2>\n<p>Cheb, \u0160indelov\u00e1, P\u0159imda, Karlovy Vary, Kr\u00e1sn\u00e9 \u00fadol\u00ed, Hojsova str\u00e1\u017e, Plze\u0148 Mikulka, Kocelovice, Praha Libu\u0161, Ond\u0159ejov, Liberec, Pod\u011bbrady, Jizerka, Lu\u010dn\u00ed bouda, Dyj\u00e1kovice&#8230;[\/vc_column_text][mk_button dimension=&#8221;flat&#8221; corner_style=&#8221;rounded&#8221; size=&#8221;medium&#8221; url=&#8221;http:\/\/portal.chmi.cz\/files\/portal\/docs\/meteo\/kam\/&#8221; id=&#8221;http:\/\/www.medard-online.cz&#8221; margin_right=&#8221;0&#8243; el_class=&#8221;button-outline-blue&#8221; bg_color=&#8221;#6087b9&#8243; btn_hover_bg=&#8221;#466da0&#8243; btn_hover_txt_color=&#8221;#ffffff&#8221;]Zobrazit[\/mk_button][\/vc_column][\/mk_page_section][mk_page_section bg_color=&#8221;#f4f4f4&#8243; bg_stretch=&#8221;true&#8221; video_loop=&#8221;false&#8221; js_vertical_centered=&#8221;true&#8221; padding_top=&#8221;60&#8243; padding_bottom=&#8221;60&#8243; sidebar=&#8221;sidebar-1&#8243;][vc_column width=&#8221;1\/3&#8243;][vc_single_image image=&#8221;18756&#8243; img_size=&#8221;full&#8221; alignment=&#8221;center&#8221; style=&#8221;vc_box_rounded&#8221; onclick=&#8221;custom_link&#8221; link=&#8221;http:\/\/www.bergfex.cz\/krippenstein\/webcams\/c3543\/&#8221;][\/vc_column][vc_column width=&#8221;2\/3&#8243;][vc_column_text]\n<h2><a href=\"http:\/\/www.bergfex.cz\/krippenstein\/webcams\/c3543\/\">Krippenstein<\/a><\/h2>\n<p>Pohled z horn\u00ed stanice lanovky na Krippensteinu sm\u011brem na Dachstein. Plus s\u00edla a sm\u011br v\u011btru. Aktu\u00e1ln\u011b co 10 minut.[\/vc_column_text][mk_button dimension=&#8221;flat&#8221; corner_style=&#8221;rounded&#8221; size=&#8221;medium&#8221; url=&#8221;http:\/\/www.bergfex.cz\/krippenstein\/webcams\/c3543\/&#8221; margin_right=&#8221;0&#8243; el_class=&#8221;button-outline-blue&#8221; bg_color=&#8221;#6087b9&#8243; btn_hover_bg=&#8221;#466da0&#8243; btn_hover_txt_color=&#8221;#ffffff&#8221;]Zobrazit[\/mk_button][\/vc_column][\/mk_page_section][mk_page_section bg_stretch=&#8221;true&#8221; video_loop=&#8221;false&#8221; js_vertical_centered=&#8221;true&#8221; padding_top=&#8221;60&#8243; padding_bottom=&#8221;60&#8243; sidebar=&#8221;sidebar-1&#8243;][vc_column width=&#8221;1\/3&#8243;][vc_single_image image=&#8221;18753&#8243; img_size=&#8221;full&#8221; alignment=&#8221;center&#8221; style=&#8221;vc_box_rounded&#8221; onclick=&#8221;custom_link&#8221; link=&#8221;http:\/\/www.aeroclubmontegrappa.it\/meteo-web-cam\/web-cam#&#8221;][\/vc_column][vc_column width=&#8221;2\/3&#8243;][vc_column_text]\n<h2><a title=\"Monte Grappa AIRPARK\" href=\"http:\/\/www.aeroclubmontegrappa.it\/meteo-web-cam\/web-cam#\" target=\"_blank\">Monte Grappa AIRPARK<\/a><\/h2>\n<p>Pohled p\u0159\u00edmo na startovi\u0161t\u011b v Bassanu&#8230;[\/vc_column_text][mk_button dimension=&#8221;flat&#8221; corner_style=&#8221;rounded&#8221; size=&#8221;medium&#8221; url=&#8221;http:\/\/www.aeroclubmontegrappa.it\/meteo-web-cam\/web-cam#&#8221; margin_right=&#8221;0&#8243; el_class=&#8221;button-outline-blue&#8221; bg_color=&#8221;#6087b9&#8243; btn_hover_bg=&#8221;#466da0&#8243; btn_hover_txt_color=&#8221;#ffffff&#8221;]Zobrazit[\/mk_button][\/vc_column][\/mk_page_section][mk_page_section bg_color=&#8221;#f4f4f4&#8243; bg_stretch=&#8221;true&#8221; video_loop=&#8221;false&#8221; js_vertical_centered=&#8221;true&#8221; padding_top=&#8221;60&#8243; padding_bottom=&#8221;60&#8243; sidebar=&#8221;sidebar-1&#8243;][vc_column width=&#8221;1\/3&#8243;][vc_single_image image=&#8221;18757&#8243; img_size=&#8221;full&#8221; alignment=&#8221;center&#8221; style=&#8221;vc_box_rounded&#8221; onclick=&#8221;custom_link&#8221; link=&#8221;http:\/\/www.lijak-webcam.com\/PizzeriaLijak\/Lijak_Pizzeria_Paragliding_Web_Cam_(English).html&#8221;][\/vc_column][vc_column width=&#8221;2\/3&#8243;][vc_column_text]\n<h2><a title=\"Lijak - p\u0159ist\u00e1va\u010dka\" href=\"http:\/\/www.lijak-webcam.com\/PizzeriaLijak\/Lijak_Pizzeria_Paragliding_Web_Cam_(English).html\" target=\"_blank\">Lijak &#8211; p\u0159ist\u00e1va\u010dka<\/a><\/h2>\n<p>Pohled na p\u0159ist\u00e1va\u010dku pod Lijakem i na svah se startova\u010dkou[\/vc_column_text][mk_button dimension=&#8221;flat&#8221; corner_style=&#8221;rounded&#8221; size=&#8221;medium&#8221; url=&#8221;http:\/\/www.lijak-webcam.com\/PizzeriaLijak\/Lijak_Pizzeria_Paragliding_Web_Cam_(English).html&#8221; margin_right=&#8221;0&#8243; el_class=&#8221;button-outline-blue&#8221; bg_color=&#8221;#6087b9&#8243; btn_hover_bg=&#8221;#466da0&#8243; btn_hover_txt_color=&#8221;#ffffff&#8221;]Zobrazit[\/mk_button][\/vc_column][\/mk_page_section]\n","protected":false},"excerpt":{"rendered":"<p>[mk_page_section bg_stretch=&#8221;true&#8221; video_loop=&#8221;false&#8221; js_vertical_centered=&#8221;true&#8221; padding_top=&#8221;60&#8243; padding_bottom=&#8221;60&#8243; sidebar=&#8221;sidebar-1&#8243;][vc_column width=&#8221;1\/3&#8243;][vc_single_image image=&#8221;18755&#8243; img_size=&#8221;full&#8221; alignment=&#8221;center&#8221; style=&#8221;vc_box_rounded&#8221; onclick=&#8221;custom_link&#8221; link=&#8221;http:\/\/portal.chmi.cz\/files\/portal\/docs\/meteo\/kam\/prohlizec.html?cam=javorovy&#8221;][\/vc_column][vc_column width=&#8221;2\/3&#8243;][vc_column_text] Javorov\u00fd &#8211; severn\u00ed sjezdovka Centrum Beskydsk\u00e9 \u0161koly l\u00e9t\u00e1n\u00ed a pohled p\u0159\u00edmo na severn\u00ed startovi\u0161t\u011b Javorov\u00fd vrch.[\/vc_column_text][mk_button dimension=&#8221;flat&#8221; corner_style=&#8221;rounded&#8221; size=&#8221;medium&#8221; url=&#8221;http:\/\/portal.chmi.cz\/files\/portal\/docs\/meteo\/kam\/prohlizec.html?cam=javorovy&#8221; margin_right=&#8221;0&#8243; el_class=&#8221;button-outline-blue&#8221; bg_color=&#8221;#6087b9&#8243; btn_hover_bg=&#8221;#466da0&#8243; btn_hover_txt_color=&#8221;#ffffff&#8221;]Zobrazit[\/mk_button][\/vc_column][\/mk_page_section][mk_page_section bg_color=&#8221;#f4f4f4&#8243; bg_stretch=&#8221;true&#8221; video_loop=&#8221;false&#8221; js_vertical_centered=&#8221;true&#8221; padding_top=&#8221;60&#8243; padding_bottom=&#8221;60&#8243; sidebar=&#8221;sidebar-1&#8243;][vc_column width=&#8221;1\/3&#8243;][vc_single_image image=&#8221;18758&#8243; img_size=&#8221;full&#8221; alignment=&#8221;center&#8221; style=&#8221;vc_box_rounded&#8221; onclick=&#8221;custom_link&#8221; link=&#8221;http:\/\/www.lysa-hora.cz\/webkamery&#8221;][\/vc_column][vc_column width=&#8221;2\/3&#8243;][vc_column_text] [&hellip;]<\/p>\n","protected":false},"author":7,"featured_media":0,"parent":0,"menu_order":0,"comment_status":"closed","ping_status":"closed","template":"","meta":{"_tribe_blocks_recurrence_rules":"","_tribe_blocks_recurrence_exclusions":"","_tribe_blocks_recurrence_description":"","footnotes":""},"class_list":["post-48114","page","type-page","status-publish","hentry"],"yoast_head":"<!-- This site is optimized with the Yoast SEO plugin v27.0 - https:\/\/yoast.com\/product\/yoast-seo-wordpress\/ -->\n<title>Web kamery &#8212; El Speedo<\/title>\n<meta name=\"description\" content=\"Web Kamery: Javorov\u00fd , Pra\u0161iv\u00e1, Lys\u00e1 hora, Krkono\u0161e, evropsk\u00e9 ter\u00e9ny a mnoho dal\u0161\u00edch.Centrum Beskydsk\u00e9 \u0161koly l\u00e9t\u00e1n\u00ed, startovi\u0161t\u011b pro paragliding\" \/>\n<meta name=\"robots\" content=\"index, follow, max-snippet:-1, max-image-preview:large, max-video-preview:-1\" \/>\n<link rel=\"canonical\" href=\"https:\/\/elspeedo.cz\/web-kamery\/\" \/>\n<meta property=\"og:locale\" content=\"pl_PL\" \/>\n<meta property=\"og:type\" content=\"article\" \/>\n<meta property=\"og:title\" content=\"Web kamery &#8212; El Speedo\" \/>\n<meta property=\"og:description\" content=\"Web Kamery: Javorov\u00fd , Pra\u0161iv\u00e1, Lys\u00e1 hora, Krkono\u0161e, evropsk\u00e9 ter\u00e9ny a mnoho dal\u0161\u00edch.Centrum Beskydsk\u00e9 \u0161koly l\u00e9t\u00e1n\u00ed, startovi\u0161t\u011b pro paragliding\" \/>\n<meta property=\"og:url\" content=\"https:\/\/elspeedo.cz\/web-kamery\/\" \/>\n<meta property=\"og:site_name\" content=\"El Speedo\" \/>\n<meta property=\"article:publisher\" content=\"http:\/\/www.facebook.com\/paragliding.elspeedo.cz\/?fref=ts\" \/>\n<meta name=\"twitter:card\" content=\"summary_large_image\" \/>\n<meta name=\"twitter:label1\" content=\"Szacowany czas czytania\" \/>\n\t<meta name=\"twitter:data1\" content=\"4 minuty\" \/>\n<script type=\"application\/ld+json\" class=\"yoast-schema-graph\">{\"@context\":\"https:\/\/schema.org\",\"@graph\":[{\"@type\":\"WebPage\",\"@id\":\"https:\/\/elspeedo.cz\/web-kamery\/\",\"url\":\"https:\/\/elspeedo.cz\/web-kamery\/\",\"name\":\"Web kamery &#8212; El Speedo\",\"isPartOf\":{\"@id\":\"https:\/\/elspeedo.cz\/#website\"},\"datePublished\":\"2017-01-02T09:16:50+00:00\",\"description\":\"Web Kamery: Javorov\u00fd , Pra\u0161iv\u00e1, Lys\u00e1 hora, Krkono\u0161e, evropsk\u00e9 ter\u00e9ny a mnoho dal\u0161\u00edch.Centrum Beskydsk\u00e9 \u0161koly l\u00e9t\u00e1n\u00ed, startovi\u0161t\u011b pro paragliding\",\"breadcrumb\":{\"@id\":\"https:\/\/elspeedo.cz\/web-kamery\/#breadcrumb\"},\"inLanguage\":\"pl-PL\",\"potentialAction\":[{\"@type\":\"ReadAction\",\"target\":[\"https:\/\/elspeedo.cz\/web-kamery\/\"]}]},{\"@type\":\"BreadcrumbList\",\"@id\":\"https:\/\/elspeedo.cz\/web-kamery\/#breadcrumb\",\"itemListElement\":[{\"@type\":\"ListItem\",\"position\":1,\"name\":\"Dom\u016f\",\"item\":\"https:\/\/elspeedo.cz\/pl\/\"},{\"@type\":\"ListItem\",\"position\":2,\"name\":\"Web kamery\"}]},{\"@type\":\"WebSite\",\"@id\":\"https:\/\/elspeedo.cz\/#website\",\"url\":\"https:\/\/elspeedo.cz\/\",\"name\":\"El Speedo\",\"description\":\"Paragliding - kurzy, vybaven\u00ed, v\u00fdlety, komunita\",\"potentialAction\":[{\"@type\":\"SearchAction\",\"target\":{\"@type\":\"EntryPoint\",\"urlTemplate\":\"https:\/\/elspeedo.cz\/?s={search_term_string}\"},\"query-input\":{\"@type\":\"PropertyValueSpecification\",\"valueRequired\":true,\"valueName\":\"search_term_string\"}}],\"inLanguage\":\"pl-PL\"}]}<\/script>\n<!-- \/ Yoast SEO plugin. -->","yoast_head_json":{"title":"Web kamery &#8212; El Speedo","description":"Web Kamery: Javorov\u00fd , Pra\u0161iv\u00e1, Lys\u00e1 hora, Krkono\u0161e, evropsk\u00e9 ter\u00e9ny a mnoho dal\u0161\u00edch.Centrum Beskydsk\u00e9 \u0161koly l\u00e9t\u00e1n\u00ed, startovi\u0161t\u011b pro paragliding","robots":{"index":"index","follow":"follow","max-snippet":"max-snippet:-1","max-image-preview":"max-image-preview:large","max-video-preview":"max-video-preview:-1"},"canonical":"https:\/\/elspeedo.cz\/web-kamery\/","og_locale":"pl_PL","og_type":"article","og_title":"Web kamery &#8212; El Speedo","og_description":"Web Kamery: Javorov\u00fd , Pra\u0161iv\u00e1, Lys\u00e1 hora, Krkono\u0161e, evropsk\u00e9 ter\u00e9ny a mnoho dal\u0161\u00edch.Centrum Beskydsk\u00e9 \u0161koly l\u00e9t\u00e1n\u00ed, startovi\u0161t\u011b pro paragliding","og_url":"https:\/\/elspeedo.cz\/web-kamery\/","og_site_name":"El Speedo","article_publisher":"http:\/\/www.facebook.com\/paragliding.elspeedo.cz\/?fref=ts","twitter_card":"summary_large_image","twitter_misc":{"Szacowany czas czytania":"4 minuty"},"schema":{"@context":"https:\/\/schema.org","@graph":[{"@type":"WebPage","@id":"https:\/\/elspeedo.cz\/web-kamery\/","url":"https:\/\/elspeedo.cz\/web-kamery\/","name":"Web kamery &#8212; El Speedo","isPartOf":{"@id":"https:\/\/elspeedo.cz\/#website"},"datePublished":"2017-01-02T09:16:50+00:00","description":"Web Kamery: Javorov\u00fd , Pra\u0161iv\u00e1, Lys\u00e1 hora, Krkono\u0161e, evropsk\u00e9 ter\u00e9ny a mnoho dal\u0161\u00edch.Centrum Beskydsk\u00e9 \u0161koly l\u00e9t\u00e1n\u00ed, startovi\u0161t\u011b pro paragliding","breadcrumb":{"@id":"https:\/\/elspeedo.cz\/web-kamery\/#breadcrumb"},"inLanguage":"pl-PL","potentialAction":[{"@type":"ReadAction","target":["https:\/\/elspeedo.cz\/web-kamery\/"]}]},{"@type":"BreadcrumbList","@id":"https:\/\/elspeedo.cz\/web-kamery\/#breadcrumb","itemListElement":[{"@type":"ListItem","position":1,"name":"Dom\u016f","item":"https:\/\/elspeedo.cz\/pl\/"},{"@type":"ListItem","position":2,"name":"Web kamery"}]},{"@type":"WebSite","@id":"https:\/\/elspeedo.cz\/#website","url":"https:\/\/elspeedo.cz\/","name":"El Speedo","description":"Paragliding - kurzy, vybaven\u00ed, v\u00fdlety, komunita","potentialAction":[{"@type":"SearchAction","target":{"@type":"EntryPoint","urlTemplate":"https:\/\/elspeedo.cz\/?s={search_term_string}"},"query-input":{"@type":"PropertyValueSpecification","valueRequired":true,"valueName":"search_term_string"}}],"inLanguage":"pl-PL"}]}},"_links":{"self":[{"href":"https:\/\/elspeedo.cz\/pl\/wp-json\/wp\/v2\/pages\/48114","targetHints":{"allow":["GET"]}}],"collection":[{"href":"https:\/\/elspeedo.cz\/pl\/wp-json\/wp\/v2\/pages"}],"about":[{"href":"https:\/\/elspeedo.cz\/pl\/wp-json\/wp\/v2\/types\/page"}],"author":[{"embeddable":true,"href":"https:\/\/elspeedo.cz\/pl\/wp-json\/wp\/v2\/users\/7"}],"replies":[{"embeddable":true,"href":"https:\/\/elspeedo.cz\/pl\/wp-json\/wp\/v2\/comments?post=48114"}],"version-history":[{"count":0,"href":"https:\/\/elspeedo.cz\/pl\/wp-json\/wp\/v2\/pages\/48114\/revisions"}],"wp:attachment":[{"href":"https:\/\/elspeedo.cz\/pl\/wp-json\/wp\/v2\/media?parent=48114"}],"curies":[{"name":"wp","href":"https:\/\/api.w.org\/{rel}","templated":true}]}}