{"id":57194,"date":"2016-11-22T18:58:14","date_gmt":"2016-11-22T17:58:14","guid":{"rendered":"https:\/\/elspeedo.cz\/?page_id=57194\/"},"modified":"2021-02-11T22:26:46","modified_gmt":"2021-02-11T21:26:46","slug":"e-learning","status":"publish","type":"page","link":"https:\/\/elspeedo.cz\/pl\/e-learning\/","title":{"rendered":"E-learning"},"content":{"rendered":"<div class=\"wpb-content-wrapper\">[mk_page_section bg_color=&#8221;#efefef&#8221; video_loop=&#8221;false&#8221; padding_top=&#8221;50&#8243; padding_bottom=&#8221;50&#8243; top_shape_color=&#8221;#ffffff&#8221; bottom_shape_color=&#8221;#ffffff&#8221; sidebar=&#8221;sidebar-1&#8243;][vc_column][vc_column_text]\n<h2 style=\"text-align: center\">On-line test do licencji PILOT<\/h2>\n<p style=\"text-align: center\">Test teoretyczny jest cz\u0119\u015bci\u0105 egzaminu ko\u0144cowego do uzyskania czeskiej licencji PILOT. Wypr\u00f3buj, sprawd\u017a swoj\u0105 wiedz\u0119, zapoznaj si\u0119 z zakresem szkolenia teoretycznego na naszych kursach.<\/p>\n[\/vc_column_text][vc_row_inner][vc_column_inner width=&#8221;1\/4&#8243;][\/vc_column_inner][vc_column_inner width=&#8221;1\/2&#8243;][mk_button_gradient dimension=&#8221;flat&#8221; size=&#8221;large&#8221; corner_style=&#8221;rounded&#8221; grandient_color_from=&#8221;#6087b9&#8243; grandient_color_to=&#8221;#557bab&#8221; grandient_color_fallback=&#8221;#6087b9&#8243; url=&#8221;https:\/\/pla.elspeedo.cz\/&#8221; target=&#8221;_blank&#8221; align=&#8221;center&#8221;]Otw\u00f3rz TEST[\/mk_button_gradient][\/vc_column_inner][vc_column_inner width=&#8221;1\/4&#8243;][\/vc_column_inner][\/vc_row_inner][vc_row_inner][vc_column_inner width=&#8221;1\/4&#8243;][\/vc_column_inner][vc_column_inner width=&#8221;1\/2&#8243;][mk_button_gradient dimension=&#8221;flat&#8221; size=&#8221;large&#8221; corner_style=&#8221;rounded&#8221; grandient_color_from=&#8221;#6087b9&#8243; grandient_color_to=&#8221;#557bab&#8221; grandient_color_fallback=&#8221;#6087b9&#8243; url=&#8221;https:\/\/elspeedo.cz\/pl\/szkolenie-teoretyczne\/&#8221; align=&#8221;center&#8221;]Przygotuj si\u0119 do TESTU[\/mk_button_gradient][\/vc_column_inner][vc_column_inner width=&#8221;1\/4&#8243;][\/vc_column_inner][\/vc_row_inner][mk_padding_divider][vc_column_text]\n<h2 style=\"text-align: center\">Przygotowanie przed kursami El Speedo<\/h2>\n<p style=\"text-align: center\">Przygotowanie przed kursem to warto\u015bciowe narz\u0119dzie, kt\u00f3re pozwoli Ci zdoby\u0107 jeszcze wi\u0119ksz\u0105 wiedz\u0119 i umiej\u0119tno\u015bci z ka\u017cdego kursu El Speedo, poniewa\u017c w domu masz spok\u00f3j na zrozumienie podstawowych definicji i praktycznych rozwi\u0105za\u0144, masz czas na przygotowanie pyta\u0144 do instruktor\u00f3w.<\/p>\n[\/vc_column_text][mk_button_gradient dimension=&#8221;flat&#8221; size=&#8221;large&#8221; corner_style=&#8221;rounded&#8221; grandient_color_from=&#8221;#6087b9&#8243; grandient_color_to=&#8221;#557bab&#8221; grandient_color_fallback=&#8221;#6087b9&#8243; url=&#8221;https:\/\/elspeedo.cz\/pl\/e-learning\/przygotowanie-przed-kursem-podstawowym\/&#8221; align=&#8221;center&#8221; el_class=&#8221;btn-el-gradient-blue&#8221;]Przygotowanie on-line do Kursu podstawowego El Speedo[\/mk_button_gradient][mk_button_gradient dimension=&#8221;flat&#8221; size=&#8221;large&#8221; corner_style=&#8221;rounded&#8221; grandient_color_from=&#8221;#6087b9&#8243; grandient_color_to=&#8221;#557bab&#8221; grandient_color_fallback=&#8221;#6087b9&#8243; url=&#8221;https:\/\/elspeedo.cz\/pl\/e-learning\/przygotowanie-przed-siv-idro-treningiem\/&#8221; align=&#8221;center&#8221; el_class=&#8221;btn-el-gradient-blue&#8221;]Przygotowanie on-line do kursu El Speedo SIV IDRO[\/mk_button_gradient][\/vc_column][\/mk_page_section][vc_row][vc_column][mk_padding_divider size=&#8221;60&#8243;][\/vc_column][\/vc_row][vc_row css=&#8221;.vc_custom_1495079269850{padding-bottom: 40px !important;}&#8221;][vc_column][vc_column_text align=&#8221;center&#8221;]\n<h1>Obejrzyj filmiki instrukta\u017cowe<\/h1>\n[\/vc_column_text][\/vc_column][\/vc_row][vc_row][vc_column width=&#8221;1\/3&#8243;][vc_raw_html]JTNDaWZyYW1lJTIwd2lkdGglM0QlMjIxMDAlMjUlMjIlMjBoZWlnaHQlM0QlMjIxMDAlMjUlMjIlMjBzcmMlM0QlMjJodHRwcyUzQSUyRiUyRnd3dy55b3V0dWJlLmNvbSUyRmVtYmVkJTJGckNfUHBMYXhodjQlMjIlMjBmcmFtZWJvcmRlciUzRCUyMjAlMjIlMjBhbGxvd2Z1bGxzY3JlZW4lM0UlM0MlMkZpZnJhbWUlM0U=[\/vc_raw_html][vc_column_text]Aerodynamika[\/vc_column_text][\/vc_column][vc_column width=&#8221;1\/3&#8243;][vc_raw_html]JTNDaWZyYW1lJTIwd2lkdGglM0QlMjIxMDAlMjUlMjIlMjBoZWlnaHQlM0QlMjIxMDAlMjUlMjIlMjBzcmMlM0QlMjJodHRwcyUzQSUyRiUyRnd3dy55b3V0dWJlLmNvbSUyRmVtYmVkJTJGNm5oM3ZUd2FkeEklMjIlMjBmcmFtZWJvcmRlciUzRCUyMjAlMjIlMjBhbGxvd2Z1bGxzY3JlZW4lM0UlM0MlMkZpZnJhbWUlM0U=[\/vc_raw_html][vc_column_text]Podstawy meteorologii dla pilot\u00f3w \u2013 chmury[\/vc_column_text][\/vc_column][vc_column width=&#8221;1\/3&#8243;][vc_raw_html]JTNDaWZyYW1lJTIwd2lkdGglM0QlMjIxMDAlMjUlMjIlMjBoZWlnaHQlM0QlMjIxMDAlMjUlMjIlMjBzcmMlM0QlMjJodHRwcyUzQSUyRiUyRnd3dy55b3V0dWJlLmNvbSUyRmVtYmVkJTJGbERpZXpKM3RycWclMjIlMjBmcmFtZWJvcmRlciUzRCUyMjAlMjIlMjBhbGxvd2Z1bGxzY3JlZW4lM0UlM0MlMkZpZnJhbWUlM0U=[\/vc_raw_html][vc_column_text]Podstawy meteorologii dla pilot\u00f3w \u2013 fronty atmosferyczne[\/vc_column_text][\/vc_column][\/vc_row][vc_row][vc_column width=&#8221;1\/3&#8243;][vc_raw_html]JTNDaWZyYW1lJTIwd2lkdGglM0QlMjIxMDAlMjUlMjIlMjBoZWlnaHQlM0QlMjIxMDAlMjUlMjIlMjBzcmMlM0QlMjJodHRwcyUzQSUyRiUyRnd3dy55b3V0dWJlLmNvbSUyRmVtYmVkJTJGa0dtR3BKQ0lCa0UlMjIlMjBmcmFtZWJvcmRlciUzRCUyMjAlMjIlMjBhbGxvd2Z1bGxzY3JlZW4lM0UlM0MlMkZpZnJhbWUlM0U=[\/vc_raw_html][vc_column_text]Podstawy meteorologii dla pilot\u00f3w \u2013 pr\u0105dy termiczne[\/vc_column_text][\/vc_column][vc_column width=&#8221;1\/3&#8243;][vc_raw_html]JTNDaWZyYW1lJTIwd2lkdGglM0QlMjIxMDAlMjUlMjIlMjBoZWlnaHQlM0QlMjIxMDAlMjUlMjIlMjBzcmMlM0QlMjJodHRwcyUzQSUyRiUyRnd3dy55b3V0dWJlLmNvbSUyRmVtYmVkJTJGZC1RSlF6cS00cVklMjIlMjBmcmFtZWJvcmRlciUzRCUyMjAlMjIlMjBhbGxvd2Z1bGxzY3JlZW4lM0UlM0MlMkZpZnJhbWUlM0U=[\/vc_raw_html][vc_column_text]Podstawy meteorologii dla pilot\u00f3w \u2013 burza[\/vc_column_text][\/vc_column][vc_column width=&#8221;1\/3&#8243;][vc_raw_html]JTNDaWZyYW1lJTIwd2lkdGglM0QlMjIxMDAlMjUlMjIlMjBoZWlnaHQlM0QlMjIxMDAlMjUlMjIlMjBzcmMlM0QlMjJodHRwcyUzQSUyRiUyRnd3dy55b3V0dWJlLmNvbSUyRmVtYmVkJTJGT2kyT3ZxVkszU0ElMjIlMjBmcmFtZWJvcmRlciUzRCUyMjAlMjIlMjBhbGxvd2Z1bGxzY3JlZW4lM0UlM0MlMkZpZnJhbWUlM0U=[\/vc_raw_html][vc_column_text]Paralotniarstwo\u00a0 \u2013 przygotowanie[\/vc_column_text][\/vc_column][\/vc_row][vc_row][vc_column width=&#8221;1\/3&#8243;][vc_raw_html]JTNDaWZyYW1lJTIwd2lkdGglM0QlMjIxMDAlMjUlMjIlMjBoZWlnaHQlM0QlMjIxMDAlMjUlMjIlMjBzcmMlM0QlMjJodHRwcyUzQSUyRiUyRnd3dy55b3V0dWJlLmNvbSUyRmVtYmVkJTJGdGR6Y3RfY25XQk0lMjIlMjBmcmFtZWJvcmRlciUzRCUyMjAlMjIlMjBhbGxvd2Z1bGxzY3JlZW4lM0UlM0MlMkZpZnJhbWUlM0U=[\/vc_raw_html][vc_column_text]Paralotniarstwo \u2013 start[\/vc_column_text][\/vc_column][vc_column width=&#8221;1\/3&#8243;][vc_raw_html]JTNDaWZyYW1lJTIwd2lkdGglM0QlMjIxMDAlMjUlMjIlMjBoZWlnaHQlM0QlMjIxMDAlMjUlMjIlMjBzcmMlM0QlMjJodHRwcyUzQSUyRiUyRnd3dy55b3V0dWJlLmNvbSUyRmVtYmVkJTJGbV94OU1JQ1p0eDglMjIlMjBmcmFtZWJvcmRlciUzRCUyMjAlMjIlMjBhbGxvd2Z1bGxzY3JlZW4lM0UlM0MlMkZpZnJhbWUlM0U=[\/vc_raw_html][vc_column_text]Paralotniarstwo\u00a0 \u2013\u00a0 manewry obni\u017cania wysoko\u015bci[\/vc_column_text][\/vc_column][vc_column width=&#8221;1\/3&#8243;][vc_raw_html]JTNDaWZyYW1lJTIwd2lkdGglM0QlMjIxMDAlMjUlMjIlMjBoZWlnaHQlM0QlMjIxMDAlMjUlMjIlMjBzcmMlM0QlMjJodHRwcyUzQSUyRiUyRnd3dy55b3V0dWJlLmNvbSUyRmVtYmVkJTJGa0IwRDJ0STZYdVUlMjIlMjBmcmFtZWJvcmRlciUzRCUyMjAlMjIlMjBhbGxvd2Z1bGxzY3JlZW4lM0UlM0MlMkZpZnJhbWUlM0U=[\/vc_raw_html][vc_column_text]Paralotniarstwo\u00a0 \u2013\u00a0 l\u0105dowanie[\/vc_column_text][\/vc_column][\/vc_row][vc_row css=&#8221;.vc_custom_1495078932802{padding-bottom: 40px !important;}&#8221;][vc_column][vc_separator el_width=&#8221;80&#8243; el_class=&#8221;basic-separator&#8221; css=&#8221;.vc_custom_1495079341875{padding-bottom: 20px !important;}&#8221;][vc_column_text align=&#8221;center&#8221;]\n<h2>Praktyczne rady instruktor\u00f3w El Speedo<\/h2>\n[\/vc_column_text][\/vc_column][\/vc_row][vc_row][vc_column width=&#8221;1\/4&#8243;][vc_single_image image=&#8221;15473&#8243; img_size=&#8221;medium&#8221; alignment=&#8221;center&#8221; style=&#8221;vc_box_rounded&#8221; onclick=&#8221;custom_link&#8221; css=&#8221;.vc_custom_1495102366737{padding-top: 5px !important;}&#8221; link=&#8221;https:\/\/elspeedo.cz\/e-vyuka\/o-paragliding\/ &#8221; title=&#8221;O paralotniarstwie&#8221;][\/vc_column][vc_column width=&#8221;1\/4&#8243;][vc_single_image image=&#8221;15480&#8243; img_size=&#8221;medium&#8221; alignment=&#8221;center&#8221; style=&#8221;vc_box_rounded&#8221; onclick=&#8221;custom_link&#8221; css=&#8221;.vc_custom_1495102449932{padding-top: 5px !important;}&#8221; link=&#8221;https:\/\/elspeedo.cz\/e-vyuka\/starty-s-padakem-a-jak-na-ne\/&#8221; title=&#8221;Start czo\u0142owy&#8221;][\/vc_column][vc_column width=&#8221;1\/4&#8243;][vc_single_image image=&#8221;94548&#8243; img_size=&#8221;medium&#8221; alignment=&#8221;center&#8221; style=&#8221;vc_box_rounded&#8221; onclick=&#8221;custom_link&#8221; css=&#8221;.vc_custom_1544288929252{padding-top: 5px !important;}&#8221; link=&#8221;https:\/\/elspeedo.cz\/e-vyuka\/pristani\/&#8221; title=&#8221;L\u0105dowanie&#8221;][\/vc_column][vc_column width=&#8221;1\/4&#8243;][vc_single_image image=&#8221;15614&#8243; img_size=&#8221;medium&#8221; alignment=&#8221;center&#8221; style=&#8221;vc_box_rounded&#8221; onclick=&#8221;custom_link&#8221; css=&#8221;.vc_custom_1495102485380{padding-top: 5px !important;}&#8221; link=&#8221;https:\/\/elspeedo.cz\/e-vyuka\/duvody-a-zpusoby-pouziti-zalozniho-padaku\/ &#8221; title=&#8221;Spadochron zapasowy&#8221;][\/vc_column][\/vc_row][vc_row][vc_column][mk_padding_divider size=&#8221;30&#8243;][\/vc_column][\/vc_row][vc_row][vc_column width=&#8221;1\/4&#8243;][vc_single_image image=&#8221;15579&#8243; img_size=&#8221;medium&#8221; alignment=&#8221;center&#8221; style=&#8221;vc_box_rounded&#8221; onclick=&#8221;custom_link&#8221; css=&#8221;.vc_custom_1495102504485{padding-top: 5px !important;}&#8221; link=&#8221;https:\/\/elspeedo.cz\/e-vyuka\/vitr-a-mraky\/&#8221; title=&#8221;Wiatr i chmury&#8221;][\/vc_column][vc_column width=&#8221;1\/4&#8243;][vc_single_image image=&#8221;15618&#8243; img_size=&#8221;medium&#8221; alignment=&#8221;center&#8221; style=&#8221;vc_box_rounded&#8221; onclick=&#8221;custom_link&#8221; css=&#8221;.vc_custom_1495102517557{padding-top: 5px !important;}&#8221; link=&#8221;https:\/\/elspeedo.cz\/e-vyuka\/termika\/&#8221; title=&#8221;Termika&#8221;][\/vc_column][vc_column width=&#8221;1\/4&#8243;][vc_single_image image=&#8221;15582&#8243; img_size=&#8221;medium&#8221; alignment=&#8221;center&#8221; style=&#8221;vc_box_rounded&#8221; onclick=&#8221;custom_link&#8221; css=&#8221;.vc_custom_1495102535279{padding-top: 5px !important;}&#8221; link=&#8221;https:\/\/elspeedo.cz\/e-vyuka\/restart-padaku\/&#8221; title=&#8221;Restart paralotni&#8221;][\/vc_column][vc_column width=&#8221;1\/4&#8243;][vc_single_image image=&#8221;15605&#8243; img_size=&#8221;medium&#8221; alignment=&#8221;center&#8221; style=&#8221;vc_box_rounded&#8221; onclick=&#8221;custom_link&#8221; css=&#8221;.vc_custom_1495102556317{padding-top: 5px !important;}&#8221; link=&#8221;https:\/\/elspeedo.cz\/e-vyuka\/prebrzdeni-padaku\/&#8221; title=&#8221;Przehamowanie paralotni&#8221;][\/vc_column][\/vc_row][vc_row][vc_column][mk_padding_divider size=&#8221;30&#8243;][\/vc_column][\/vc_row][vc_row][vc_column width=&#8221;1\/4&#8243;][vc_single_image image=&#8221;15589&#8243; img_size=&#8221;medium&#8221; alignment=&#8221;center&#8221; style=&#8221;vc_box_rounded&#8221; onclick=&#8221;custom_link&#8221; css=&#8221;.vc_custom_1495102584306{padding-top: 5px !important;}&#8221; link=&#8221;https:\/\/elspeedo.cz\/e-vyuka\/nebezpecne-jevy\/ &#8221; title=&#8221;Niebezpieczne zjawiska&#8221;][\/vc_column][vc_column width=&#8221;1\/4&#8243;][vc_single_image image=&#8221;15586&#8243; img_size=&#8221;medium&#8221; alignment=&#8221;center&#8221; style=&#8221;vc_box_rounded&#8221; onclick=&#8221;custom_link&#8221; css=&#8221;.vc_custom_1495102599708{padding-top: 5px !important;}&#8221; link=&#8221;https:\/\/elspeedo.cz\/e-vyuka\/atmosfericke-fronty\/&#8221; title=&#8221;Fronty atmosferyczne&#8221;][\/vc_column][vc_column width=&#8221;1\/4&#8243;][vc_single_image image=&#8221;15623&#8243; img_size=&#8221;medium&#8221; alignment=&#8221;center&#8221; style=&#8221;vc_box_rounded&#8221; onclick=&#8221;custom_link&#8221; css=&#8221;.vc_custom_1495102616019{padding-top: 5px !important;}&#8221; link=&#8221;https:\/\/elspeedo.cz\/e-vyuka\/unikove-manevry\/ &#8221; title=&#8221;Manewry ucieczki&#8221;][\/vc_column][vc_column width=&#8221;1\/4&#8243;][vc_single_image image=&#8221;15604&#8243; img_size=&#8221;medium&#8221; alignment=&#8221;center&#8221; style=&#8221;vc_box_rounded&#8221; onclick=&#8221;custom_link&#8221; css=&#8221;.vc_custom_1495102631418{padding-top: 5px !important;}&#8221; link=&#8221;https:\/\/elspeedo.cz\/e-vyuka\/kolapsy-vrchliku\/&#8221; title=&#8221;Podwini\u0119cia czaszy&#8221;][\/vc_column][\/vc_row][vc_row][vc_column][mk_padding_divider size=&#8221;30&#8243;][\/vc_column][\/vc_row][vc_row][vc_column width=&#8221;1\/4&#8243;][vc_single_image image=&#8221;15616&#8243; img_size=&#8221;medium&#8221; alignment=&#8221;center&#8221; style=&#8221;vc_box_rounded&#8221; onclick=&#8221;custom_link&#8221; css=&#8221;.vc_custom_1495102649808{padding-top: 5px !important;}&#8221; link=&#8221; https:\/\/elspeedo.cz\/e-vyuka\/aktivni-pilotaz-co-to-je-a-jak-na-ni\/&#8221; title=&#8221;Pilota\u017c aktywny&#8221;][\/vc_column][vc_column width=&#8221;1\/4&#8243;][vc_single_image image=&#8221;15631&#8243; img_size=&#8221;medium&#8221; alignment=&#8221;center&#8221; style=&#8221;vc_box_rounded&#8221; onclick=&#8221;custom_link&#8221; css=&#8221;.vc_custom_1495102467067{padding-top: 5px !important;}&#8221; link=&#8221;https:\/\/elspeedo.cz\/e-vyuka\/zaklady-akrobacie\/&#8221; title=&#8221;Podstawy akrobacji&#8221;][\/vc_column][vc_column width=&#8221;1\/4&#8243;][vc_single_image image=&#8221;128858&#8243; img_size=&#8221;medium&#8221; alignment=&#8221;center&#8221; style=&#8221;vc_box_rounded&#8221; onclick=&#8221;custom_link&#8221; css=&#8221;.vc_custom_1587373772537{padding-top: 5px !important;}&#8221; link=&#8221; https:\/\/elspeedo.cz\/rozdeleni-vzdusneho-prostoru\/&#8221; title=&#8221;Podzia\u0142 przestrzeni pow.&#8221;][\/vc_column][vc_column width=&#8221;1\/4&#8243;][\/vc_column][\/vc_row][vc_row][vc_column][mk_padding_divider size=&#8221;30&#8243;][\/vc_column][\/vc_row][mk_page_section bg_color=&#8221;#272727&#8243; bg_position=&#8221;center center&#8221; video_loop=&#8221;false&#8221; js_vertical_centered=&#8221;true&#8221; padding_top=&#8221;50&#8243; padding_bottom=&#8221;50&#8243; el_class=&#8221;sc-dark&#8221; sidebar=&#8221;sidebar-1&#8243;][vc_column][mk_fancy_title size=&#8221;52&#8243; force_font_size=&#8221;true&#8221; size_phone=&#8221;32&#8243; font_family=&#8221;none&#8221; align=&#8221;center&#8221;]Ucz si\u0119 z nami on-line[\/mk_fancy_title][mk_button dimension=&#8221;outline&#8221; corner_style=&#8221;rounded&#8221; size=&#8221;large&#8221; url=&#8221;https:\/\/elspeedo.cz\/prihlaseni&#8221; align=&#8221;center&#8221; margin_right=&#8221;0&#8243; el_class=&#8221;button-outline-blue&#8221; outline_skin=&#8221;custom&#8221; outline_active_text_color=&#8221;#6087b9&#8243; outline_hover_bg_color=&#8221;#6087b9&#8243; outline_hover_color=&#8221;#ffffff&#8221;]Zaloguj si\u0119[\/mk_button][mk_padding_divider][mk_contact_form title=&#8221;Zapytaj naszych instruktor\u00f3w:&#8221; button_text=&#8221;Wy\u015blij&#8221; email=&#8221;dali@elspeedo.cz&#8221;][\/vc_column][\/mk_page_section][mk_page_section video_loop=&#8221;false&#8221; padding_top=&#8221;100&#8243; padding_bottom=&#8221;20&#8243; section_id=&#8221;zakoupeni-vyuky&#8221; sidebar=&#8221;sidebar-1&#8243;][vc_column][mk_fancy_title size=&#8221;42&#8243; force_font_size=&#8221;true&#8221; size_phone=&#8221;24&#8243; font_family=&#8221;none&#8221; align=&#8221;center&#8221;]Wybierz swoje konto u\u017cytkownika[\/mk_fancy_title][mk_pricing_table style=&#8221;monocolor&#8221; table_number=&#8221;3&#8243;][\/mk_pricing_table][\/vc_column][\/mk_page_section][mk_page_section bg_position=&#8221;center top&#8221; bg_stretch=&#8221;true&#8221; video_loop=&#8221;false&#8221; padding_top=&#8221;20&#8243; padding_bottom=&#8221;40&#8243; el_class=&#8221;section-gray&#8221; sidebar=&#8221;sidebar-1&#8243;][vc_column width=&#8221;1\/6&#8243;][\/vc_column][vc_column width=&#8221;2\/3&#8243;][mk_fancy_title tag_name=&#8221;h4&#8243; size=&#8221;18&#8243; font_family=&#8221;none&#8221; align=&#8221;center&#8221;]El Speedo On-line[\/mk_fancy_title][mk_fancy_title size=&#8221;42&#8243; force_font_size=&#8221;true&#8221; size_phone=&#8221;24&#8243; txt_transform=&#8221;uppercase&#8221; margin_bottom=&#8221;0&#8243; font_family=&#8221;none&#8221; align=&#8221;center&#8221;]Beskidzkie Meteo[\/mk_fancy_title][mk_fancy_title tag_name=&#8221;h4&#8243; size=&#8221;18&#8243; font_family=&#8221;none&#8221; align=&#8221;center&#8221;]dla pilot\u00f3w zapisanych w dwuletnim programie treningowym HAWK[\/mk_fancy_title][mk_button_gradient dimension=&#8221;flat&#8221; size=&#8221;large&#8221; corner_style=&#8221;rounded&#8221; grandient_color_from=&#8221;#6087b9&#8243; grandient_color_to=&#8221;#557bab&#8221; grandient_color_fallback=&#8221;#6087b9&#8243; url=&#8221;https:\/\/elspeedo.cz\/e-vyuka\/beskydske-meteo\/&#8221; align=&#8221;center&#8221;]Obejrzyj wideo[\/mk_button_gradient][vc_column_text]\n<p style=\"text-align: center\">Chcemy przekaza\u0107 wszystkim pilotom bior\u0105cym udzia\u0142 w tym programie szkoleniowym mo\u017cliwie najdok\u0142adniejsze informacje o potencjale szkoleniowym bie\u017c\u0105cego dnia oraz w jakim miejscu zamierzamy trenowa\u0107.<\/p>\n<p style=\"text-align: center\">Staramy si\u0119 kr\u0119ci\u0107 internetowe meteo-relacje mi\u0119dzy 7-8 godzin\u0105 rano, ka\u017cdego dnia bie\u017c\u0105cego kursu podstawowego. Spodziewaj si\u0119 film\u00f3w z aktualn\u0105 pogod\u0105 w dniach, w kt\u00f3rych raczej mo\u017cliwe jest latanie, nie w dniach napewno nie nadaj\u0105cych si\u0119 do latania.<\/p>\n[\/vc_column_text][\/vc_column][vc_column width=&#8221;1\/6&#8243;][\/vc_column][\/mk_page_section][vc_row fullwidth=&#8221;true&#8221; fullwidth_content=&#8221;false&#8221; css=&#8221;.vc_custom_1481632216718{padding-top: 50px !important;padding-bottom: 50px !important;background-color: #272727 !important;}&#8221;][vc_column][vc_column_text]\n<h1 style=\"text-align: center\"><span style=\"color: #ffffff\">\u00a0Co jest co?<\/span><\/h1>\n<p style=\"text-align: center\"><span style=\"color: #ffffff\">Przygotowali\u015bmy dla Ciebie wideo-pytania zwi\u0105zane z paralotniarstwem. Ucz si\u0119 z nami i lataj bezpieczniej\u2026<\/span><\/p>\n[\/vc_column_text][vc_video link=&#8221;http:\/\/www.youtube.com\/watch?list=PLNZWqYXHdFKToC7PeBDuc3LgVla8q6TXp%3Fwmode%3Dopaque&amp;v=6W6AZHHcHP8&#8243; animation=&#8221;fade-in&#8221;][\/vc_column][\/vc_row]\n<\/div>","protected":false},"excerpt":{"rendered":"<p>[mk_page_section bg_color=&#8221;#efefef&#8221; video_loop=&#8221;false&#8221; padding_top=&#8221;50&#8243; padding_bottom=&#8221;50&#8243; top_shape_color=&#8221;#ffffff&#8221; bottom_shape_color=&#8221;#ffffff&#8221; sidebar=&#8221;sidebar-1&#8243;][vc_column][vc_column_text] On-line test do licencji PILOT Test teoretyczny jest cz\u0119\u015bci\u0105 egzaminu ko\u0144cowego do uzyskania czeskiej licencji PILOT. Wypr\u00f3buj, sprawd\u017a swoj\u0105 wiedz\u0119, zapoznaj si\u0119 z zakresem szkolenia teoretycznego na naszych kursach. [\/vc_column_text][vc_row_inner][vc_column_inner width=&#8221;1\/4&#8243;][\/vc_column_inner][vc_column_inner width=&#8221;1\/2&#8243;][mk_button_gradient dimension=&#8221;flat&#8221; size=&#8221;large&#8221; corner_style=&#8221;rounded&#8221; grandient_color_from=&#8221;#6087b9&#8243; grandient_color_to=&#8221;#557bab&#8221; grandient_color_fallback=&#8221;#6087b9&#8243; url=&#8221;https:\/\/pla.elspeedo.cz\/&#8221; target=&#8221;_blank&#8221; align=&#8221;center&#8221;]Otw\u00f3rz TEST[\/mk_button_gradient][\/vc_column_inner][vc_column_inner width=&#8221;1\/4&#8243;][\/vc_column_inner][\/vc_row_inner][vc_row_inner][vc_column_inner width=&#8221;1\/4&#8243;][\/vc_column_inner][vc_column_inner width=&#8221;1\/2&#8243;][mk_button_gradient dimension=&#8221;flat&#8221; size=&#8221;large&#8221; [&hellip;]<\/p>\n","protected":false},"author":3878,"featured_media":0,"parent":0,"menu_order":0,"comment_status":"closed","ping_status":"closed","template":"","meta":{"_tribe_blocks_recurrence_rules":"","_tribe_blocks_recurrence_exclusions":"","_tribe_blocks_recurrence_description":"","footnotes":""},"class_list":["post-57194","page","type-page","status-publish","hentry"],"yoast_head":"<!-- This site is optimized with the Yoast SEO plugin v27.0 - https:\/\/yoast.com\/product\/yoast-seo-wordpress\/ -->\n<title>E-learning &#8212; El Speedo<\/title>\n<meta name=\"description\" content=\"E-v\u00fduka pro paragliding, On-line test na Pilotn\u00ed licenci - PILOT. Teoretick\u00fd test je sou\u010d\u00e1st\u00ed z\u00e1v\u011bre\u010dn\u00e9 zkou\u0161ky pro z\u00edsk\u00e1n\u00ed pilotn\u00ed licence. Vyzkou\u0161ejte ..\" \/>\n<meta name=\"robots\" content=\"index, follow, max-snippet:-1, max-image-preview:large, max-video-preview:-1\" \/>\n<link rel=\"canonical\" href=\"https:\/\/elspeedo.cz\/e-vyuka\/\" \/>\n<meta property=\"og:locale\" content=\"pl_PL\" \/>\n<meta property=\"og:type\" content=\"article\" \/>\n<meta property=\"og:title\" content=\"E-learning &#8212; El Speedo\" \/>\n<meta property=\"og:description\" content=\"E-v\u00fduka pro paragliding, On-line test na Pilotn\u00ed licenci - PILOT. Teoretick\u00fd test je sou\u010d\u00e1st\u00ed z\u00e1v\u011bre\u010dn\u00e9 zkou\u0161ky pro z\u00edsk\u00e1n\u00ed pilotn\u00ed licence. Vyzkou\u0161ejte ..\" \/>\n<meta property=\"og:url\" content=\"https:\/\/elspeedo.cz\/e-vyuka\/\" \/>\n<meta property=\"og:site_name\" content=\"El Speedo\" \/>\n<meta property=\"article:publisher\" content=\"http:\/\/www.facebook.com\/paragliding.elspeedo.cz\/?fref=ts\" \/>\n<meta property=\"article:modified_time\" content=\"2021-02-11T21:26:46+00:00\" \/>\n<meta name=\"twitter:card\" content=\"summary_large_image\" \/>\n<meta name=\"twitter:label1\" content=\"Szacowany czas czytania\" \/>\n\t<meta name=\"twitter:data1\" content=\"9 minut\" \/>\n<script type=\"application\/ld+json\" class=\"yoast-schema-graph\">{\"@context\":\"https:\/\/schema.org\",\"@graph\":[{\"@type\":\"WebPage\",\"@id\":\"https:\/\/elspeedo.cz\/e-vyuka\/\",\"url\":\"https:\/\/elspeedo.cz\/e-vyuka\/\",\"name\":\"E-learning &#8212; El Speedo\",\"isPartOf\":{\"@id\":\"https:\/\/elspeedo.cz\/#website\"},\"datePublished\":\"2016-11-22T17:58:14+00:00\",\"dateModified\":\"2021-02-11T21:26:46+00:00\",\"description\":\"E-v\u00fduka pro paragliding, On-line test na Pilotn\u00ed licenci - PILOT. Teoretick\u00fd test je sou\u010d\u00e1st\u00ed z\u00e1v\u011bre\u010dn\u00e9 zkou\u0161ky pro z\u00edsk\u00e1n\u00ed pilotn\u00ed licence. Vyzkou\u0161ejte ..\",\"breadcrumb\":{\"@id\":\"https:\/\/elspeedo.cz\/e-vyuka\/#breadcrumb\"},\"inLanguage\":\"pl-PL\",\"potentialAction\":[{\"@type\":\"ReadAction\",\"target\":[\"https:\/\/elspeedo.cz\/e-vyuka\/\"]}]},{\"@type\":\"BreadcrumbList\",\"@id\":\"https:\/\/elspeedo.cz\/e-vyuka\/#breadcrumb\",\"itemListElement\":[{\"@type\":\"ListItem\",\"position\":1,\"name\":\"Dom\u016f\",\"item\":\"https:\/\/elspeedo.cz\/pl\/\"},{\"@type\":\"ListItem\",\"position\":2,\"name\":\"E-learning\"}]},{\"@type\":\"WebSite\",\"@id\":\"https:\/\/elspeedo.cz\/#website\",\"url\":\"https:\/\/elspeedo.cz\/\",\"name\":\"El Speedo\",\"description\":\"Paragliding - kurzy, vybaven\u00ed, v\u00fdlety, komunita\",\"potentialAction\":[{\"@type\":\"SearchAction\",\"target\":{\"@type\":\"EntryPoint\",\"urlTemplate\":\"https:\/\/elspeedo.cz\/?s={search_term_string}\"},\"query-input\":{\"@type\":\"PropertyValueSpecification\",\"valueRequired\":true,\"valueName\":\"search_term_string\"}}],\"inLanguage\":\"pl-PL\"}]}<\/script>\n<!-- \/ Yoast SEO plugin. -->","yoast_head_json":{"title":"E-learning &#8212; El Speedo","description":"E-v\u00fduka pro paragliding, On-line test na Pilotn\u00ed licenci - PILOT. Teoretick\u00fd test je sou\u010d\u00e1st\u00ed z\u00e1v\u011bre\u010dn\u00e9 zkou\u0161ky pro z\u00edsk\u00e1n\u00ed pilotn\u00ed licence. Vyzkou\u0161ejte ..","robots":{"index":"index","follow":"follow","max-snippet":"max-snippet:-1","max-image-preview":"max-image-preview:large","max-video-preview":"max-video-preview:-1"},"canonical":"https:\/\/elspeedo.cz\/e-vyuka\/","og_locale":"pl_PL","og_type":"article","og_title":"E-learning &#8212; El Speedo","og_description":"E-v\u00fduka pro paragliding, On-line test na Pilotn\u00ed licenci - PILOT. Teoretick\u00fd test je sou\u010d\u00e1st\u00ed z\u00e1v\u011bre\u010dn\u00e9 zkou\u0161ky pro z\u00edsk\u00e1n\u00ed pilotn\u00ed licence. Vyzkou\u0161ejte ..","og_url":"https:\/\/elspeedo.cz\/e-vyuka\/","og_site_name":"El Speedo","article_publisher":"http:\/\/www.facebook.com\/paragliding.elspeedo.cz\/?fref=ts","article_modified_time":"2021-02-11T21:26:46+00:00","twitter_card":"summary_large_image","twitter_misc":{"Szacowany czas czytania":"9 minut"},"schema":{"@context":"https:\/\/schema.org","@graph":[{"@type":"WebPage","@id":"https:\/\/elspeedo.cz\/e-vyuka\/","url":"https:\/\/elspeedo.cz\/e-vyuka\/","name":"E-learning &#8212; El Speedo","isPartOf":{"@id":"https:\/\/elspeedo.cz\/#website"},"datePublished":"2016-11-22T17:58:14+00:00","dateModified":"2021-02-11T21:26:46+00:00","description":"E-v\u00fduka pro paragliding, On-line test na Pilotn\u00ed licenci - PILOT. Teoretick\u00fd test je sou\u010d\u00e1st\u00ed z\u00e1v\u011bre\u010dn\u00e9 zkou\u0161ky pro z\u00edsk\u00e1n\u00ed pilotn\u00ed licence. Vyzkou\u0161ejte ..","breadcrumb":{"@id":"https:\/\/elspeedo.cz\/e-vyuka\/#breadcrumb"},"inLanguage":"pl-PL","potentialAction":[{"@type":"ReadAction","target":["https:\/\/elspeedo.cz\/e-vyuka\/"]}]},{"@type":"BreadcrumbList","@id":"https:\/\/elspeedo.cz\/e-vyuka\/#breadcrumb","itemListElement":[{"@type":"ListItem","position":1,"name":"Dom\u016f","item":"https:\/\/elspeedo.cz\/pl\/"},{"@type":"ListItem","position":2,"name":"E-learning"}]},{"@type":"WebSite","@id":"https:\/\/elspeedo.cz\/#website","url":"https:\/\/elspeedo.cz\/","name":"El Speedo","description":"Paragliding - kurzy, vybaven\u00ed, v\u00fdlety, komunita","potentialAction":[{"@type":"SearchAction","target":{"@type":"EntryPoint","urlTemplate":"https:\/\/elspeedo.cz\/?s={search_term_string}"},"query-input":{"@type":"PropertyValueSpecification","valueRequired":true,"valueName":"search_term_string"}}],"inLanguage":"pl-PL"}]}},"_links":{"self":[{"href":"https:\/\/elspeedo.cz\/pl\/wp-json\/wp\/v2\/pages\/57194","targetHints":{"allow":["GET"]}}],"collection":[{"href":"https:\/\/elspeedo.cz\/pl\/wp-json\/wp\/v2\/pages"}],"about":[{"href":"https:\/\/elspeedo.cz\/pl\/wp-json\/wp\/v2\/types\/page"}],"author":[{"embeddable":true,"href":"https:\/\/elspeedo.cz\/pl\/wp-json\/wp\/v2\/users\/3878"}],"replies":[{"embeddable":true,"href":"https:\/\/elspeedo.cz\/pl\/wp-json\/wp\/v2\/comments?post=57194"}],"version-history":[{"count":9,"href":"https:\/\/elspeedo.cz\/pl\/wp-json\/wp\/v2\/pages\/57194\/revisions"}],"predecessor-version":[{"id":151046,"href":"https:\/\/elspeedo.cz\/pl\/wp-json\/wp\/v2\/pages\/57194\/revisions\/151046"}],"wp:attachment":[{"href":"https:\/\/elspeedo.cz\/pl\/wp-json\/wp\/v2\/media?parent=57194"}],"curies":[{"name":"wp","href":"https:\/\/api.w.org\/{rel}","templated":true}]}}