{"id":57217,"date":"2017-06-21T10:26:51","date_gmt":"2017-06-21T09:26:51","guid":{"rendered":"https:\/\/elspeedo.cz\/?page_id=57217\/"},"modified":"2017-06-21T10:26:51","modified_gmt":"2017-06-21T09:26:51","slug":"o-paraglidingu","status":"publish","type":"page","link":"https:\/\/elspeedo.cz\/pl\/e-learning\/o-paraglidingu\/","title":{"rendered":"O paraglidingu"},"content":{"rendered":"<div class=\"wpb-content-wrapper\">[vc_row][vc_column][vc_column_text disable_pattern=&#8221;false&#8221;]Paragliding je sportem, ve kter\u00e9m se sch\u00e1z\u00ed hned n\u011bkolik zaj\u00edmav\u00fdch moment\u016f \u2013 jednoduchost, volnost pohybu v prostoru, cenov\u00e1 dostupnost, p\u0159\u00e1telsk\u00e9 prost\u0159ed\u00ed a aktivn\u00ed odpo\u010dinek.<\/p>\n<p>A v Beskydech m\u00e1me pro paragliding skv\u011bl\u00e9 podm\u00ednky. N\u011bkolik startovi\u0161\u0165 na r\u016fzn\u00e9 sm\u011bry v\u011btr\u016f, pom\u011brn\u011b jednoduch\u00e1 dostupnost a hlavn\u011b kr\u00e1sn\u00e9 termicky aktivn\u00ed svahy. Ale kr\u00e1sa, odpo\u010dinek a pocit absolutn\u00ed svobody, kterou piloti za\u017e\u00edvaj\u00ed je vyv\u00e1\u017eena rizikem spojen\u00fdm s leteck\u00fdmi sporty. To riziko je ale prakticky stejn\u00e9, jako u kter\u00e9koliv jin\u00e9 lidsk\u00e9 \u010dinnosti. Pokud \u010dlov\u011bk nerespektuje z\u00e1kladn\u00ed pravidla bezpe\u010dn\u00e9ho jedn\u00e1n\u00ed p\u0159i pr\u00e1ci \u010di pohybu v p\u0159\u00edrod\u011b, za\u010dne b\u00fdt d\u0159\u00edve nebo pozd\u011bji nebezpe\u010dn\u00fd sob\u011b i sv\u00e9mu okol\u00ed. Poj\u010fme si tedy popsat z\u00e1kladn\u00ed pravidla bezpe\u010dn\u00e9ho l\u00e9t\u00e1n\u00ed na svahov\u00fdch kluz\u00e1c\u00edch.[\/vc_column_text][\/vc_column][\/vc_row][vc_row][vc_column][vc_column_text disable_pattern=&#8221;false&#8221;]\n<p><strong>1)\u00a0\u00a0 \u00a0V\u00fdb\u011br vhodn\u00e9 lokality<\/strong><br \/>\nZa\u010d\u00ednaj\u00edc\u00ed pilot vol\u00ed ov\u011b\u0159en\u00e9 ter\u00e9ny. Pokud si nen\u00ed jist\u00fd sv\u00fdmi schopnostmi na startovi\u0161ti ter\u00e9nu k v\u00fd\u0161kov\u00fdm let\u016fm, tr\u00e9nink neprov\u00e1d\u00ed na nich, ale na n\u00edzk\u00fdch cvi\u010dn\u00fdch ter\u00e9nech. Piloti mus\u00ed volbu vhodn\u00e9ho ter\u00e9nu v\u017edy srovnat se sv\u00fdmi schopnostmi a nep\u0159ece\u0148ovat se.[\/vc_column_text][\/vc_column][\/vc_row][vc_row][vc_column][vc_column_text disable_pattern=&#8221;false&#8221;]<strong>2)\u00a0\u00a0 \u00a0Vhodn\u00e9 vybaven\u00ed<\/strong><br \/>\nJe velmi d\u016fle\u017eit\u00e9, aby piloti volili vybaven\u00ed vzhledem ke sv\u00fdm dovednostem. Na trhu je mnoho pad\u00e1kov\u00fdch kluz\u00e1k\u016f s rozd\u00edlnou \u00farovn\u00ed pas\u00edvn\u00ed bezpe\u010dnosti a v\u00fdkonu. Jsou \u0159azeny do kategori\u00ed a podle nich by si piloti m\u011bli vybaven\u00ed po\u0159izovat. V klidn\u00fdch podm\u00ednk\u00e1ch i za\u010d\u00ednaj\u00edc\u00ed pilot m\u016f\u017ee zvl\u00e1dnout let s pad\u00e1kov\u00fdm kluz\u00e1kem vy\u0161\u0161\u00ed kategorie. Ale jen zku\u0161en\u011bj\u0161\u00ed pilot dok\u00e1\u017ee spr\u00e1vn\u011b posoudit ony vhodn\u00e9 podm\u00ednky.[\/vc_column_text][\/vc_column][\/vc_row][vc_row][vc_column][vc_column_text disable_pattern=&#8221;false&#8221;]<strong>3)\u00a0\u00a0 \u00a0Dostate\u010dn\u00e9 informace o meteorologick\u00e9 situaci<\/strong><br \/>\nVhodn\u00e9 letov\u00e9 podm\u00ednky jsou kl\u00ed\u010dov\u00e9 pro bezpe\u010dn\u00fd let. \u010c\u00edm v\u00edce informac\u00ed o meteorologick\u00e9 situaci pilot m\u00e1, t\u00edm kvalitn\u011bj\u0161\u00ed rozhodnut\u00ed je schopen ud\u011blat. P\u0159edpoklad je, \u017ee pilot t\u011bmto informac\u00edm rozum\u00ed.[\/vc_column_text][\/vc_column][\/vc_row][vc_row][vc_column][vc_column_text]<strong>4)\u00a0\u00a0 \u00a0Klid a rozvaha na startovi\u0161ti<\/strong><br \/>\nNejv\u011bt\u0161\u00ed riziko paraglidingu se odehr\u00e1v\u00e1 pr\u00e1v\u011b na startovi\u0161ti, kdy\u017e se polit rozhoduje, jestli let\u011bt nebo ne. Pokud odstartuje do \u0161patn\u00fdch podm\u00ednek s nevhodn\u00fdm vybaven\u00edm nebo nerv\u00f3zn\u00ed \u010di se zlost\u00ed, je velmi pravd\u011bpodobn\u00e9, \u017ee let nebude prob\u00edhat tak, jak si p\u0159edstavuje.[\/vc_column_text][\/vc_column][\/vc_row][vc_row][vc_column][vc_column_text disable_pattern=&#8221;false&#8221;]<strong>5)\u00a0\u00a0 \u00a0Vytvo\u0159en\u00fd pl\u00e1n letu<\/strong><br \/>\nV\u011bd\u011bt kam let\u00edm a kde budu p\u0159ist\u00e1vat, je z\u00e1klad pro vytvo\u0159en\u00ed letov\u00e9ho pl\u00e1nu. Pokud se zvl\u00e1\u0161t\u011b za\u010d\u00ednaj\u00edc\u00ed pilot nech\u00e1 jen tak un\u00e1\u0161et skv\u011bl\u00fdm pocitem letu, je pravd\u011bpodobn\u00e9, \u017ee se dostane i do m\u00edst, kde p\u016fvodn\u011b let\u011bt necht\u011bl \u010di nem\u011bl. A to m\u016f\u017ee b\u00fdt nebezpe\u010dn\u00e9.[\/vc_column_text][\/vc_column][\/vc_row][vc_row][vc_column][vc_column_text disable_pattern=&#8221;false&#8221;]<strong>6)\u00a0\u00a0 \u00a0V\u017edy p\u0159ipraveno m\u00edsto pro nouzov\u00e9 p\u0159ist\u00e1n\u00ed<\/strong><br \/>\nV pr\u016fb\u011bhu letu se m\u016f\u017ee st\u00e1t cokoliv a pilot by m\u011bl m\u00edt v\u017edy p\u0159ipraveno m\u00edsto, na kter\u00e9 m\u016f\u017ee v p\u0159\u00edpad\u011b nouze p\u0159ist\u00e1t. Jinak \u0159e\u010deno \u2013 nem\u011bl by l\u00e9tat do takov\u00fdch m\u00edst, kde je p\u0159ist\u00e1n\u00ed p\u0159i neo\u010dek\u00e1van\u00e9 ztr\u00e1t\u011b v\u00fd\u0161ky nemo\u017en\u00e9.[\/vc_column_text][\/vc_column][\/vc_row][vc_row][vc_column][vc_column_text]<strong>7)\u00a0\u00a0 \u00a0Zaji\u0161t\u011bna komunikace pro p\u0159\u00edpad nehody<\/strong><br \/>\nM\u00edt u sebe jednodu\u0161e p\u0159\u00edstupn\u00fd mobiln\u00ed telefon \u010di vys\u00edla\u010dku (v p\u0159\u00edpad\u011b \u017ee v\u00edte o n\u011bkom, kdo ji m\u00e1 zapnutou na stejn\u00e9 frekvenci) je pro p\u0159\u00edpad nehody velmi d\u016fle\u017eit\u00e9. I ban\u00e1ln\u00ed zran\u011bn\u00ed se m\u016f\u017ee \u010dasto prom\u011bnit v komplikovanou situaci, pokud o v\u00e1s nikdo nev\u00ed a nem\u00e1te s nik\u00fdm spojen\u00ed.[\/vc_column_text][\/vc_column][\/vc_row][vc_row][vc_column][vc_column_text]<strong>8)\u00a0\u00a0 \u00a0Vybaven\u00ed pro pomoc druh\u00fdm<\/strong><br \/>\nI vy m\u016f\u017eete pomoci druh\u00e9mu, kter\u00fd se dostal do nep\u0159\u00edjemn\u00e9 situace. Jednoduch\u00e1 l\u00e9k\u00e1rni\u010dka m\u016f\u017ee \u010dasto \u0159e\u0161it mnoh\u00e9.[\/vc_column_text][\/vc_column][\/vc_row][vc_row][vc_column][vc_column_text disable_pattern=&#8221;false&#8221;]A na z\u00e1v\u011br bych r\u00e1d poradil v\u00e1m, kdo jste od Z\u00e1kladn\u00edho kurzu n\u011bjakou dobu nel\u00e9tali, po\u0159\u00eddili jste si ned\u00e1vno vybaven\u00ed a te\u010f byste r\u00e1di vyrazili na kopec. Pro na\u0161e absolventy standardn\u011b nab\u00edz\u00edme l\u00e9t\u00e1n\u00ed pod dohledem instruktora. Tato slu\u017eba je pro v\u00e1s ZDARMA. Obdr\u017e\u00edte vys\u00edla\u010dku a budete ve spojen\u00ed s na\u0161im instruktorem, kter\u00fd v\u00e1m r\u00e1d pom\u016f\u017ee. Tak nev\u00e1hejte, vyberte si term\u00edn kter\u00e9hokoliv Z\u00e1kladn\u00edho kurzu, zavolejte si k n\u00e1m do kancel\u00e1\u0159e o telefon na instruktora, kter\u00fd vede v\u00e1mi vybran\u00fd kurz, domluvte se s n\u00edm na va\u0161\u00ed p\u0159\u00edtomnosti a doje\u010fte na domluven\u00e9 m\u00edsto. Jednoduch\u00e9, ne?[\/vc_column_text][\/vc_column][\/vc_row]\n<\/div>","protected":false},"excerpt":{"rendered":"<p>[vc_row][vc_column][vc_column_text disable_pattern=&#8221;false&#8221;]Paragliding je sportem, ve kter\u00e9m se sch\u00e1z\u00ed hned n\u011bkolik zaj\u00edmav\u00fdch moment\u016f \u2013 jednoduchost, volnost pohybu v prostoru, cenov\u00e1 dostupnost, p\u0159\u00e1telsk\u00e9 prost\u0159ed\u00ed a aktivn\u00ed odpo\u010dinek. A v Beskydech m\u00e1me pro paragliding skv\u011bl\u00e9 podm\u00ednky. N\u011bkolik startovi\u0161\u0165 na r\u016fzn\u00e9 sm\u011bry v\u011btr\u016f, pom\u011brn\u011b jednoduch\u00e1 dostupnost a hlavn\u011b kr\u00e1sn\u00e9 termicky aktivn\u00ed svahy. Ale kr\u00e1sa, odpo\u010dinek a pocit absolutn\u00ed svobody, [&hellip;]<\/p>\n","protected":false},"author":7,"featured_media":0,"parent":57194,"menu_order":0,"comment_status":"closed","ping_status":"closed","template":"","meta":{"_tribe_blocks_recurrence_rules":"","_tribe_blocks_recurrence_exclusions":"","_tribe_blocks_recurrence_description":"","footnotes":""},"class_list":["post-57217","page","type-page","status-publish","hentry"],"yoast_head":"<!-- This site is optimized with the Yoast SEO plugin v27.0 - https:\/\/yoast.com\/product\/yoast-seo-wordpress\/ -->\n<title>O paraglidingu &#8212; El Speedo<\/title>\n<meta name=\"description\" content=\"El Speedo je nejv\u011bt\u0161\u00ed paraglidingov\u00e1 komunita a \u0161kola v \u010cR. Tandemov\u00e9 seskoky, kurzy, expedice a paragliding v\u00fdbava\" \/>\n<meta name=\"robots\" content=\"index, follow, max-snippet:-1, max-image-preview:large, max-video-preview:-1\" \/>\n<link rel=\"canonical\" href=\"https:\/\/elspeedo.cz\/e-vyuka\/o-paraglidingu\/\" \/>\n<meta property=\"og:locale\" content=\"pl_PL\" \/>\n<meta property=\"og:type\" content=\"article\" \/>\n<meta property=\"og:title\" content=\"O paraglidingu &#8212; El Speedo\" \/>\n<meta property=\"og:description\" content=\"El Speedo je nejv\u011bt\u0161\u00ed paraglidingov\u00e1 komunita a \u0161kola v \u010cR. Tandemov\u00e9 seskoky, kurzy, expedice a paragliding v\u00fdbava\" \/>\n<meta property=\"og:url\" content=\"https:\/\/elspeedo.cz\/e-vyuka\/o-paraglidingu\/\" \/>\n<meta property=\"og:site_name\" content=\"El Speedo\" \/>\n<meta property=\"article:publisher\" content=\"http:\/\/www.facebook.com\/paragliding.elspeedo.cz\/?fref=ts\" \/>\n<meta name=\"twitter:card\" content=\"summary_large_image\" \/>\n<meta name=\"twitter:label1\" content=\"Szacowany czas czytania\" \/>\n\t<meta name=\"twitter:data1\" content=\"5 minut\" \/>\n<script type=\"application\/ld+json\" class=\"yoast-schema-graph\">{\"@context\":\"https:\/\/schema.org\",\"@graph\":[{\"@type\":\"WebPage\",\"@id\":\"https:\/\/elspeedo.cz\/e-vyuka\/o-paraglidingu\/\",\"url\":\"https:\/\/elspeedo.cz\/e-vyuka\/o-paraglidingu\/\",\"name\":\"O paraglidingu &#8212; El Speedo\",\"isPartOf\":{\"@id\":\"https:\/\/elspeedo.cz\/#website\"},\"datePublished\":\"2017-06-21T09:26:51+00:00\",\"description\":\"El Speedo je nejv\u011bt\u0161\u00ed paraglidingov\u00e1 komunita a \u0161kola v \u010cR. Tandemov\u00e9 seskoky, kurzy, expedice a paragliding v\u00fdbava\",\"breadcrumb\":{\"@id\":\"https:\/\/elspeedo.cz\/e-vyuka\/o-paraglidingu\/#breadcrumb\"},\"inLanguage\":\"pl-PL\",\"potentialAction\":[{\"@type\":\"ReadAction\",\"target\":[\"https:\/\/elspeedo.cz\/e-vyuka\/o-paraglidingu\/\"]}]},{\"@type\":\"BreadcrumbList\",\"@id\":\"https:\/\/elspeedo.cz\/e-vyuka\/o-paraglidingu\/#breadcrumb\",\"itemListElement\":[{\"@type\":\"ListItem\",\"position\":1,\"name\":\"Dom\u016f\",\"item\":\"https:\/\/elspeedo.cz\/pl\/\"},{\"@type\":\"ListItem\",\"position\":2,\"name\":\"E-learning\",\"item\":\"https:\/\/elspeedo.cz\/e-vyuka\/\"},{\"@type\":\"ListItem\",\"position\":3,\"name\":\"O paraglidingu\"}]},{\"@type\":\"WebSite\",\"@id\":\"https:\/\/elspeedo.cz\/#website\",\"url\":\"https:\/\/elspeedo.cz\/\",\"name\":\"El Speedo\",\"description\":\"Paragliding - kurzy, vybaven\u00ed, v\u00fdlety, komunita\",\"potentialAction\":[{\"@type\":\"SearchAction\",\"target\":{\"@type\":\"EntryPoint\",\"urlTemplate\":\"https:\/\/elspeedo.cz\/?s={search_term_string}\"},\"query-input\":{\"@type\":\"PropertyValueSpecification\",\"valueRequired\":true,\"valueName\":\"search_term_string\"}}],\"inLanguage\":\"pl-PL\"}]}<\/script>\n<!-- \/ Yoast SEO plugin. -->","yoast_head_json":{"title":"O paraglidingu &#8212; El Speedo","description":"El Speedo je nejv\u011bt\u0161\u00ed paraglidingov\u00e1 komunita a \u0161kola v \u010cR. Tandemov\u00e9 seskoky, kurzy, expedice a paragliding v\u00fdbava","robots":{"index":"index","follow":"follow","max-snippet":"max-snippet:-1","max-image-preview":"max-image-preview:large","max-video-preview":"max-video-preview:-1"},"canonical":"https:\/\/elspeedo.cz\/e-vyuka\/o-paraglidingu\/","og_locale":"pl_PL","og_type":"article","og_title":"O paraglidingu &#8212; El Speedo","og_description":"El Speedo je nejv\u011bt\u0161\u00ed paraglidingov\u00e1 komunita a \u0161kola v \u010cR. Tandemov\u00e9 seskoky, kurzy, expedice a paragliding v\u00fdbava","og_url":"https:\/\/elspeedo.cz\/e-vyuka\/o-paraglidingu\/","og_site_name":"El Speedo","article_publisher":"http:\/\/www.facebook.com\/paragliding.elspeedo.cz\/?fref=ts","twitter_card":"summary_large_image","twitter_misc":{"Szacowany czas czytania":"5 minut"},"schema":{"@context":"https:\/\/schema.org","@graph":[{"@type":"WebPage","@id":"https:\/\/elspeedo.cz\/e-vyuka\/o-paraglidingu\/","url":"https:\/\/elspeedo.cz\/e-vyuka\/o-paraglidingu\/","name":"O paraglidingu &#8212; El Speedo","isPartOf":{"@id":"https:\/\/elspeedo.cz\/#website"},"datePublished":"2017-06-21T09:26:51+00:00","description":"El Speedo je nejv\u011bt\u0161\u00ed paraglidingov\u00e1 komunita a \u0161kola v \u010cR. Tandemov\u00e9 seskoky, kurzy, expedice a paragliding v\u00fdbava","breadcrumb":{"@id":"https:\/\/elspeedo.cz\/e-vyuka\/o-paraglidingu\/#breadcrumb"},"inLanguage":"pl-PL","potentialAction":[{"@type":"ReadAction","target":["https:\/\/elspeedo.cz\/e-vyuka\/o-paraglidingu\/"]}]},{"@type":"BreadcrumbList","@id":"https:\/\/elspeedo.cz\/e-vyuka\/o-paraglidingu\/#breadcrumb","itemListElement":[{"@type":"ListItem","position":1,"name":"Dom\u016f","item":"https:\/\/elspeedo.cz\/pl\/"},{"@type":"ListItem","position":2,"name":"E-learning","item":"https:\/\/elspeedo.cz\/e-vyuka\/"},{"@type":"ListItem","position":3,"name":"O paraglidingu"}]},{"@type":"WebSite","@id":"https:\/\/elspeedo.cz\/#website","url":"https:\/\/elspeedo.cz\/","name":"El Speedo","description":"Paragliding - kurzy, vybaven\u00ed, v\u00fdlety, komunita","potentialAction":[{"@type":"SearchAction","target":{"@type":"EntryPoint","urlTemplate":"https:\/\/elspeedo.cz\/?s={search_term_string}"},"query-input":{"@type":"PropertyValueSpecification","valueRequired":true,"valueName":"search_term_string"}}],"inLanguage":"pl-PL"}]}},"_links":{"self":[{"href":"https:\/\/elspeedo.cz\/pl\/wp-json\/wp\/v2\/pages\/57217","targetHints":{"allow":["GET"]}}],"collection":[{"href":"https:\/\/elspeedo.cz\/pl\/wp-json\/wp\/v2\/pages"}],"about":[{"href":"https:\/\/elspeedo.cz\/pl\/wp-json\/wp\/v2\/types\/page"}],"author":[{"embeddable":true,"href":"https:\/\/elspeedo.cz\/pl\/wp-json\/wp\/v2\/users\/7"}],"replies":[{"embeddable":true,"href":"https:\/\/elspeedo.cz\/pl\/wp-json\/wp\/v2\/comments?post=57217"}],"version-history":[{"count":0,"href":"https:\/\/elspeedo.cz\/pl\/wp-json\/wp\/v2\/pages\/57217\/revisions"}],"up":[{"embeddable":true,"href":"https:\/\/elspeedo.cz\/pl\/wp-json\/wp\/v2\/pages\/57194"}],"wp:attachment":[{"href":"https:\/\/elspeedo.cz\/pl\/wp-json\/wp\/v2\/media?parent=57217"}],"curies":[{"name":"wp","href":"https:\/\/api.w.org\/{rel}","templated":true}]}}