{"id":57219,"date":"2017-02-02T11:58:11","date_gmt":"2017-02-02T10:58:11","guid":{"rendered":"https:\/\/elspeedo.cz\/?page_id=57219\/"},"modified":"2021-02-11T23:19:50","modified_gmt":"2021-02-11T22:19:50","slug":"przygotowanie-przed-kursem-podstawowym","status":"publish","type":"page","link":"https:\/\/elspeedo.cz\/pl\/e-learning\/przygotowanie-przed-kursem-podstawowym\/","title":{"rendered":"Przygotowanie przed Kursem podstawowym"},"content":{"rendered":"<div class=\"members-access-error\"><\/p>\n<p>.<\/p>\n<p>        <div class=\"members-login-form\">\n            <form name=\"loginform\" id=\"loginform\" action=\"https:\/\/elspeedo.cz\/wp-login.php\" method=\"post\"><input type=\"hidden\" name=\"g-recaptcha-response\" class=\"sgr-main\">\n<p class=\"sgr-infotext\">Witryna jest chroniona przez reCAPTCHA i Google <a href=\"https:\/\/policies.google.com\/privacy\">Polityk\u0119 Prywatno\u015bci<\/a> oraz obowi\u0105zuj\u0105 <a href=\"https:\/\/policies.google.com\/terms\">Warunki Korzystania z Us\u0142ugi<\/a>.<\/p><p class=\"login-username\">\n\t\t\t\t<label for=\"user_login\">Nazwa u\u017cytkownika lub adres e-mail<\/label>\n\t\t\t\t<input type=\"text\" name=\"log\" id=\"user_login\" autocomplete=\"username\" class=\"input\" value=\"\" size=\"20\" \/>\n\t\t\t<\/p><p class=\"login-password\">\n\t\t\t\t<label for=\"user_pass\">Has\u0142o<\/label>\n\t\t\t\t<input type=\"password\" name=\"pwd\" id=\"user_pass\" autocomplete=\"current-password\" spellcheck=\"false\" class=\"input\" value=\"\" size=\"20\" \/>\n\t\t\t<\/p><p class=\"login-remember\"><label><input name=\"rememberme\" type=\"checkbox\" id=\"rememberme\" value=\"forever\" \/> Zapami\u0119taj mnie<\/label><\/p><p class=\"login-submit\">\n\t\t\t\t<input type=\"submit\" name=\"wp-submit\" id=\"wp-submit\" class=\"button button-primary\" value=\"Zaloguj Si\u0119\" \/>\n\t\t\t\t<input type=\"hidden\" name=\"redirect_to\" value=\"https:\/\/elspeedo.cz\/pl\/wp-json\/wp\/v2\/pages\/57219\" \/>\n\t\t\t<\/p><input type=\"hidden\" id=\"members_login_nonce\" name=\"members_login_nonce\" value=\"0a7e46a708\" \/><input type=\"hidden\" name=\"_wp_http_referer\" value=\"\/pl\/wp-json\/wp\/v2\/pages\/57219\" \/><\/form>        <\/div>\n                <style>\n            .members-login-form * {\n                box-sizing: border-box;\n            }\n            .members-login-form label {\n                display: block;\n                margin-bottom: 4px;\n                font-size: 18px;\n                font-weight: 500;\n            }\n            .members-login-form input[type=\"text\"],\n            .members-login-form input[type=\"password\"] {\n                width: 100%;\n                max-width: 320px;\n                padding: 0.5rem 0.75rem;\n                border: 1px solid #64748b;\n                border-radius: 4px;\n                font-size: 16px;\n            }\n            .members-login-form input[type=\"submit\"] {\n                width: 100%;\n                max-width: 320px;\n                padding: 0.75rem;\n                cursor: pointer;\n                background: #64748b;\n                border: 0;\n                border-radius: 4px;\n                color: #fff;\n                font-size: 16px;\n                font-weight: 500;\n            }\n            .members-logged-in input[type=\"submit\"] {\n                pointer-events: none;\n                opacity: 0.4;\n                cursor: not-allowed;\n            }\n            .members-login-notice {\n                display: block !important;\n                max-width: 320px;\n                padding: 10px;\n                background: #f1f1f1;\n                border-radius: 4px;\n                border-left: 3px solid #36d651;\n                font-size: 18px;\n                font-weight: 500;\n            }\n            .members-login-error {\n                border-left-color: #d63638;\n            }\n        <\/style>\n    <\/p>\n<p>[mk_page_section video_loop=&#8221;false&#8221; padding_top=&#8221;100&#8243; padding_bottom=&#8221;100&#8243; section_id=&#8221;zakoupeni-vyuky&#8221; sidebar=&#8221;sidebar-1&#8243;][vc_column][mk_fancy_title size=&#8221;42&#8243; force_font_size=&#8221;true&#8221; size_phone=&#8221;24&#8243; font_family=&#8221;none&#8221; align=&#8221;center&#8221;]Vyberte si v\u00e1\u0161 u\u017eivatelsk\u00fd \u00fa\u010det[\/mk_fancy_title][mk_pricing_table style=&#8221;monocolor&#8221; table_number=&#8221;3&#8243;][\/mk_pricing_table][\/vc_column][\/mk_page_section]<\/p><\/div>\n","protected":false},"excerpt":{"rendered":"<div class=\"members-access-error\"><\/p>\n<p>.<\/p>\n<p>        <div class=\"members-login-form\">\n            <form name=\"loginform\" id=\"loginform\" action=\"https:\/\/elspeedo.cz\/wp-login.php\" method=\"post\"><input type=\"hidden\" name=\"g-recaptcha-response\" class=\"sgr-main\">\n<p class=\"sgr-infotext\">Witryna jest chroniona przez reCAPTCHA i Google <a href=\"https:\/\/policies.google.com\/privacy\">Polityk\u0119 Prywatno\u015bci<\/a> oraz obowi\u0105zuj\u0105 <a href=\"https:\/\/policies.google.com\/terms\">Warunki Korzystania z Us\u0142ugi<\/a>.<\/p><p class=\"login-username\">\n\t\t\t\t<label for=\"user_login\">Nazwa u\u017cytkownika lub adres e-mail<\/label>\n\t\t\t\t<input type=\"text\" name=\"log\" id=\"user_login\" autocomplete=\"username\" class=\"input\" value=\"\" size=\"20\" \/>\n\t\t\t<\/p><p class=\"login-password\">\n\t\t\t\t<label for=\"user_pass\">Has\u0142o<\/label>\n\t\t\t\t<input type=\"password\" name=\"pwd\" id=\"user_pass\" autocomplete=\"current-password\" spellcheck=\"false\" class=\"input\" value=\"\" size=\"20\" \/>\n\t\t\t<\/p><p class=\"login-remember\"><label><input name=\"rememberme\" type=\"checkbox\" id=\"rememberme\" value=\"forever\" \/> Zapami\u0119taj mnie<\/label><\/p><p class=\"login-submit\">\n\t\t\t\t<input type=\"submit\" name=\"wp-submit\" id=\"wp-submit\" class=\"button button-primary\" value=\"Zaloguj Si\u0119\" \/>\n\t\t\t\t<input type=\"hidden\" name=\"redirect_to\" value=\"https:\/\/elspeedo.cz\/pl\/wp-json\/wp\/v2\/pages\/57219\" \/>\n\t\t\t<\/p><input type=\"hidden\" id=\"members_login_nonce\" name=\"members_login_nonce\" value=\"0a7e46a708\" \/><input type=\"hidden\" name=\"_wp_http_referer\" value=\"\/pl\/wp-json\/wp\/v2\/pages\/57219\" \/><\/form>        <\/div>\n                <style>\n            .members-login-form * {\n                box-sizing: border-box;\n            }\n            .members-login-form label {\n                display: block;\n                margin-bottom: 4px;\n                font-size: 18px;\n                font-weight: 500;\n            }\n            .members-login-form input[type=\"text\"],\n            .members-login-form input[type=\"password\"] {\n                width: 100%;\n                max-width: 320px;\n                padding: 0.5rem 0.75rem;\n                border: 1px solid #64748b;\n                border-radius: 4px;\n                font-size: 16px;\n            }\n            .members-login-form input[type=\"submit\"] {\n                width: 100%;\n                max-width: 320px;\n                padding: 0.75rem;\n                cursor: pointer;\n                background: #64748b;\n                border: 0;\n                border-radius: 4px;\n                color: #fff;\n                font-size: 16px;\n                font-weight: 500;\n            }\n            .members-logged-in input[type=\"submit\"] {\n                pointer-events: none;\n                opacity: 0.4;\n                cursor: not-allowed;\n            }\n            .members-login-notice {\n                display: block !important;\n                max-width: 320px;\n                padding: 10px;\n                background: #f1f1f1;\n                border-radius: 4px;\n                border-left: 3px solid #36d651;\n                font-size: 18px;\n                font-weight: 500;\n            }\n            .members-login-error {\n                border-left-color: #d63638;\n            }\n        <\/style>\n    <\/p>\n<p>[mk_page_section video_loop=&#8221;false&#8221; padding_top=&#8221;100&#8243; padding_bottom=&#8221;100&#8243; section_id=&#8221;zakoupeni-vyuky&#8221; sidebar=&#8221;sidebar-1&#8243;][vc_column][mk_fancy_title size=&#8221;42&#8243; force_font_size=&#8221;true&#8221; size_phone=&#8221;24&#8243; font_family=&#8221;none&#8221; align=&#8221;center&#8221;]Vyberte si v\u00e1\u0161 u\u017eivatelsk\u00fd \u00fa\u010det[\/mk_fancy_title][mk_pricing_table style=&#8221;monocolor&#8221; table_number=&#8221;3&#8243;][\/mk_pricing_table][\/vc_column][\/mk_page_section]<\/p><\/div>\n","protected":false},"author":7,"featured_media":0,"parent":57194,"menu_order":0,"comment_status":"closed","ping_status":"closed","template":"","meta":{"_tribe_blocks_recurrence_rules":"","_tribe_blocks_recurrence_exclusions":"","_tribe_blocks_recurrence_description":"","footnotes":""},"class_list":["post-57219","page","type-page","status-publish","hentry"],"yoast_head":"<!-- This site is optimized with the Yoast SEO plugin v27.0 - https:\/\/yoast.com\/product\/yoast-seo-wordpress\/ -->\n<title>Przygotowanie przed Kursem podstawowym &#8212; El Speedo<\/title>\n<meta name=\"description\" content=\"Z\u00e1kladn\u00ed kurz paraglidingu, Perfektn\u00ed starty, P\u0159esn\u00e1 p\u0159ist\u00e1n\u00ed, Termick\u00fd tr\u00e9nink, Aktivn\u00ed pilot\u00e1\u017e, XC Tr\u00e9nink, SIV Combo, Motorov\u00fd paragliding, Letov\u00e9 ter\u00e9ny\" \/>\n<meta name=\"robots\" content=\"index, follow, max-snippet:-1, max-image-preview:large, max-video-preview:-1\" \/>\n<link rel=\"canonical\" href=\"https:\/\/elspeedo.cz\/e-vyuka\/priprava-pred-kurzem-2\/\" \/>\n<meta property=\"og:locale\" content=\"pl_PL\" \/>\n<meta property=\"og:type\" content=\"article\" \/>\n<meta property=\"og:title\" content=\"Przygotowanie przed Kursem podstawowym &#8212; El Speedo\" \/>\n<meta property=\"og:description\" content=\"Z\u00e1kladn\u00ed kurz paraglidingu, Perfektn\u00ed starty, P\u0159esn\u00e1 p\u0159ist\u00e1n\u00ed, Termick\u00fd tr\u00e9nink, Aktivn\u00ed pilot\u00e1\u017e, XC Tr\u00e9nink, SIV Combo, Motorov\u00fd paragliding, Letov\u00e9 ter\u00e9ny\" \/>\n<meta property=\"og:url\" content=\"https:\/\/elspeedo.cz\/e-vyuka\/priprava-pred-kurzem-2\/\" \/>\n<meta property=\"og:site_name\" content=\"El Speedo\" \/>\n<meta property=\"article:publisher\" content=\"http:\/\/www.facebook.com\/paragliding.elspeedo.cz\/?fref=ts\" \/>\n<meta property=\"article:modified_time\" content=\"2021-02-11T22:19:50+00:00\" \/>\n<meta name=\"twitter:card\" content=\"summary_large_image\" \/>\n<meta name=\"twitter:label1\" content=\"Szacowany czas czytania\" \/>\n\t<meta name=\"twitter:data1\" content=\"3 minuty\" \/>\n<script type=\"application\/ld+json\" class=\"yoast-schema-graph\">{\"@context\":\"https:\/\/schema.org\",\"@graph\":[{\"@type\":\"WebPage\",\"@id\":\"https:\/\/elspeedo.cz\/e-vyuka\/priprava-pred-kurzem-2\/\",\"url\":\"https:\/\/elspeedo.cz\/e-vyuka\/priprava-pred-kurzem-2\/\",\"name\":\"Przygotowanie przed Kursem podstawowym &#8212; El Speedo\",\"isPartOf\":{\"@id\":\"https:\/\/elspeedo.cz\/#website\"},\"datePublished\":\"2017-02-02T10:58:11+00:00\",\"dateModified\":\"2021-02-11T22:19:50+00:00\",\"description\":\"Z\u00e1kladn\u00ed kurz paraglidingu, Perfektn\u00ed starty, P\u0159esn\u00e1 p\u0159ist\u00e1n\u00ed, Termick\u00fd tr\u00e9nink, Aktivn\u00ed pilot\u00e1\u017e, XC Tr\u00e9nink, SIV Combo, Motorov\u00fd paragliding, Letov\u00e9 ter\u00e9ny\",\"breadcrumb\":{\"@id\":\"https:\/\/elspeedo.cz\/e-vyuka\/priprava-pred-kurzem-2\/#breadcrumb\"},\"inLanguage\":\"pl-PL\",\"potentialAction\":[{\"@type\":\"ReadAction\",\"target\":[\"https:\/\/elspeedo.cz\/e-vyuka\/priprava-pred-kurzem-2\/\"]}]},{\"@type\":\"BreadcrumbList\",\"@id\":\"https:\/\/elspeedo.cz\/e-vyuka\/priprava-pred-kurzem-2\/#breadcrumb\",\"itemListElement\":[{\"@type\":\"ListItem\",\"position\":1,\"name\":\"Dom\u016f\",\"item\":\"https:\/\/elspeedo.cz\/pl\/\"},{\"@type\":\"ListItem\",\"position\":2,\"name\":\"E-learning\",\"item\":\"https:\/\/elspeedo.cz\/e-vyuka\/\"},{\"@type\":\"ListItem\",\"position\":3,\"name\":\"Przygotowanie przed Kursem podstawowym\"}]},{\"@type\":\"WebSite\",\"@id\":\"https:\/\/elspeedo.cz\/#website\",\"url\":\"https:\/\/elspeedo.cz\/\",\"name\":\"El Speedo\",\"description\":\"Paragliding - kurzy, vybaven\u00ed, v\u00fdlety, komunita\",\"potentialAction\":[{\"@type\":\"SearchAction\",\"target\":{\"@type\":\"EntryPoint\",\"urlTemplate\":\"https:\/\/elspeedo.cz\/?s={search_term_string}\"},\"query-input\":{\"@type\":\"PropertyValueSpecification\",\"valueRequired\":true,\"valueName\":\"search_term_string\"}}],\"inLanguage\":\"pl-PL\"}]}<\/script>\n<!-- \/ Yoast SEO plugin. -->","yoast_head_json":{"title":"Przygotowanie przed Kursem podstawowym &#8212; El Speedo","description":"Z\u00e1kladn\u00ed kurz paraglidingu, Perfektn\u00ed starty, P\u0159esn\u00e1 p\u0159ist\u00e1n\u00ed, Termick\u00fd tr\u00e9nink, Aktivn\u00ed pilot\u00e1\u017e, XC Tr\u00e9nink, SIV Combo, Motorov\u00fd paragliding, Letov\u00e9 ter\u00e9ny","robots":{"index":"index","follow":"follow","max-snippet":"max-snippet:-1","max-image-preview":"max-image-preview:large","max-video-preview":"max-video-preview:-1"},"canonical":"https:\/\/elspeedo.cz\/e-vyuka\/priprava-pred-kurzem-2\/","og_locale":"pl_PL","og_type":"article","og_title":"Przygotowanie przed Kursem podstawowym &#8212; El Speedo","og_description":"Z\u00e1kladn\u00ed kurz paraglidingu, Perfektn\u00ed starty, P\u0159esn\u00e1 p\u0159ist\u00e1n\u00ed, Termick\u00fd tr\u00e9nink, Aktivn\u00ed pilot\u00e1\u017e, XC Tr\u00e9nink, SIV Combo, Motorov\u00fd paragliding, Letov\u00e9 ter\u00e9ny","og_url":"https:\/\/elspeedo.cz\/e-vyuka\/priprava-pred-kurzem-2\/","og_site_name":"El Speedo","article_publisher":"http:\/\/www.facebook.com\/paragliding.elspeedo.cz\/?fref=ts","article_modified_time":"2021-02-11T22:19:50+00:00","twitter_card":"summary_large_image","twitter_misc":{"Szacowany czas czytania":"3 minuty"},"schema":{"@context":"https:\/\/schema.org","@graph":[{"@type":"WebPage","@id":"https:\/\/elspeedo.cz\/e-vyuka\/priprava-pred-kurzem-2\/","url":"https:\/\/elspeedo.cz\/e-vyuka\/priprava-pred-kurzem-2\/","name":"Przygotowanie przed Kursem podstawowym &#8212; El Speedo","isPartOf":{"@id":"https:\/\/elspeedo.cz\/#website"},"datePublished":"2017-02-02T10:58:11+00:00","dateModified":"2021-02-11T22:19:50+00:00","description":"Z\u00e1kladn\u00ed kurz paraglidingu, Perfektn\u00ed starty, P\u0159esn\u00e1 p\u0159ist\u00e1n\u00ed, Termick\u00fd tr\u00e9nink, Aktivn\u00ed pilot\u00e1\u017e, XC Tr\u00e9nink, SIV Combo, Motorov\u00fd paragliding, Letov\u00e9 ter\u00e9ny","breadcrumb":{"@id":"https:\/\/elspeedo.cz\/e-vyuka\/priprava-pred-kurzem-2\/#breadcrumb"},"inLanguage":"pl-PL","potentialAction":[{"@type":"ReadAction","target":["https:\/\/elspeedo.cz\/e-vyuka\/priprava-pred-kurzem-2\/"]}]},{"@type":"BreadcrumbList","@id":"https:\/\/elspeedo.cz\/e-vyuka\/priprava-pred-kurzem-2\/#breadcrumb","itemListElement":[{"@type":"ListItem","position":1,"name":"Dom\u016f","item":"https:\/\/elspeedo.cz\/pl\/"},{"@type":"ListItem","position":2,"name":"E-learning","item":"https:\/\/elspeedo.cz\/e-vyuka\/"},{"@type":"ListItem","position":3,"name":"Przygotowanie przed Kursem podstawowym"}]},{"@type":"WebSite","@id":"https:\/\/elspeedo.cz\/#website","url":"https:\/\/elspeedo.cz\/","name":"El Speedo","description":"Paragliding - kurzy, vybaven\u00ed, v\u00fdlety, komunita","potentialAction":[{"@type":"SearchAction","target":{"@type":"EntryPoint","urlTemplate":"https:\/\/elspeedo.cz\/?s={search_term_string}"},"query-input":{"@type":"PropertyValueSpecification","valueRequired":true,"valueName":"search_term_string"}}],"inLanguage":"pl-PL"}]}},"_links":{"self":[{"href":"https:\/\/elspeedo.cz\/pl\/wp-json\/wp\/v2\/pages\/57219","targetHints":{"allow":["GET"]}}],"collection":[{"href":"https:\/\/elspeedo.cz\/pl\/wp-json\/wp\/v2\/pages"}],"about":[{"href":"https:\/\/elspeedo.cz\/pl\/wp-json\/wp\/v2\/types\/page"}],"author":[{"embeddable":true,"href":"https:\/\/elspeedo.cz\/pl\/wp-json\/wp\/v2\/users\/7"}],"replies":[{"embeddable":true,"href":"https:\/\/elspeedo.cz\/pl\/wp-json\/wp\/v2\/comments?post=57219"}],"version-history":[{"count":5,"href":"https:\/\/elspeedo.cz\/pl\/wp-json\/wp\/v2\/pages\/57219\/revisions"}],"predecessor-version":[{"id":151062,"href":"https:\/\/elspeedo.cz\/pl\/wp-json\/wp\/v2\/pages\/57219\/revisions\/151062"}],"up":[{"embeddable":true,"href":"https:\/\/elspeedo.cz\/pl\/wp-json\/wp\/v2\/pages\/57194"}],"wp:attachment":[{"href":"https:\/\/elspeedo.cz\/pl\/wp-json\/wp\/v2\/media?parent=57219"}],"curies":[{"name":"wp","href":"https:\/\/api.w.org\/{rel}","templated":true}]}}