{"id":63810,"date":"2017-08-06T18:51:49","date_gmt":"2017-08-06T17:51:49","guid":{"rendered":"https:\/\/elspeedo.cz\/prywatne-lekcje\/"},"modified":"2017-08-29T20:32:47","modified_gmt":"2017-08-29T19:32:47","slug":"prywatne-lekcje","status":"publish","type":"page","link":"https:\/\/elspeedo.cz\/pl\/prywatne-lekcje\/","title":{"rendered":"Prywatne lekcje"},"content":{"rendered":"<div class=\"wpb-content-wrapper\">[vc_row][vc_column][vc_column_text]\n<h2>Nasz indywidualny trening to najbardziej efektywny spos\u00f3b nauki latania, w pe\u0142ni dostosowany do Twoich mo\u017cliwo\u015bci.<\/h2>\n<p>&nbsp;<\/p>\n<p>Wolisz prywatne lekcje, czasowo dostosowane do Twoich mo\u017cliwo\u015bci? Przygotowanie do licencji Pilot, korepetycje lub tematyczne zaj\u0119cia, indywidualny trening z\u00a0instruktorem wyczynowego latania XC?<\/p>\n<p>Prywatne lekcje w El Speedo prowadz\u0105 wy\u0142\u0105cznie nasi najbardziej do\u015bwiadczeni instruktorzy: Dalibor Carbol, Mgr. Slavom\u00edr Tmej oraz In\u017c. Karel Vrbensk\u00fd. Opracowali\u015bmy specjalne metodyki nauki indywidualnej do kt\u00f3regokolwiek poziomu \u2013 od pierwszych krok\u00f3w z paralotni\u0105, a\u017c po wyczynowe latanie w Alpach i w najwy\u017cszych g\u00f3rach \u015bwiata.<\/p>\n<p>Nasi instruktorzy w dziedzinie paralotniarstwa s\u0105 absolutnymi profesjonalistami. Dlatego wa\u017cne jest dok\u0142adne om\u00f3wienie mo\u017cliwo\u015bci terminowych i uzgodnienie pierwszej cz\u0119\u015bci treningu. Kolejne etapy szkolenia indywidualnego ustalisz ju\u017c bezpo\u015brednio z instruktorem. Lekcje mog\u0105 by\u0107 prowadzone w j\u0119zyku czeskim, polskim, angielskim i rosyjskim.<\/p>\n<p>Dzi\u0119ki El Speedo On-Line nauce i naszemu bogatemu do\u015bwiadczeniu zdobytym podczas najr\u00f3\u017cniejszych konkurs\u00f3w, zawod\u00f3w paralotniarskich, ekspedycji lotniczych i regularnych trening\u00f3w SIV nad wod\u0105, jeste\u015bmy przygotowani sprosta\u0107 Twoim indywidualnym wymogom treningowym.<\/p>\n<p><strong>LEKCJE PRYWATNE w El Speedo oferuj\u0105:<\/strong><\/p>\n<p>&nbsp;<\/p>\n<ul>\n<li>Pe\u0142ne szkolenie teoretyczne i praktyczne do licencji Pilot,<\/li>\n<li>Utworzenie indywidualnego planu treningowego,<\/li>\n<li>Pe\u0142ne szkolenie do licencji Pilot sportowy, Pilot zawodowy, Tandem pilot, Instruktor i Test pilot,<\/li>\n<li>Wycieczki treningowe i latanie XC z\u00a0wybranym instruktorem,<\/li>\n<li>Loty tandemowe XC z\u00a0instruktorem,<\/li>\n<li>Analiz\u0119 w\u0142asnych lot\u00f3w XC przeprowadzonych poza lekcjami,<\/li>\n<li>Analiz\u0119 w\u0142asnych nagra\u0144 wideo z\u00a0kursu SIV lub treningu poza lekcjami,<\/li>\n<li>Szkolenie w jakimkolwiek miejscu \u015bwiata, wed\u0142ug Twoich \u017cycze\u0144.<\/li>\n<\/ul>\n<p>&nbsp;<\/p>\n<p>Ceny El Speedo Lekcji prywatnych<\/p>\n<table width=\"650\">\n<tbody>\n<tr>\n<td width=\"140\">Ilo\u015b\u0107 uczni\u00f3w<\/td>\n<td width=\"274\">Cena za osob\u0119 na dzie\u0144 w terminie od 16.10. do 1.5.<\/td>\n<td width=\"236\">Cena za osob\u0119 na dzie\u0144 w terminie od 2.5. do 15.10.<\/td>\n<\/tr>\n<tr>\n<td width=\"140\">1<\/td>\n<td width=\"274\">3490 CZK<\/td>\n<td width=\"236\">4990 CZK<\/td>\n<\/tr>\n<tr>\n<td width=\"140\">2<\/td>\n<td width=\"274\">2790 CZK<\/td>\n<td width=\"236\">3990 CZK<\/td>\n<\/tr>\n<tr>\n<td width=\"140\">3<\/td>\n<td width=\"274\">2090 CZK<\/td>\n<td width=\"236\">2990 CZK<\/td>\n<\/tr>\n<tr>\n<td width=\"140\">4<\/td>\n<td width=\"274\">1790 CZK<\/td>\n<td width=\"236\">2490 CZK<\/td>\n<\/tr>\n<tr>\n<td width=\"140\">5<\/td>\n<td width=\"274\">1590 CZK<\/td>\n<td width=\"236\">2190 CZK<\/td>\n<\/tr>\n<tr>\n<td width=\"140\">6<\/td>\n<td width=\"274\">1390 CZK<\/td>\n<td width=\"236\">1990 CZK<\/td>\n<\/tr>\n<\/tbody>\n<\/table>\n<p>&nbsp;<\/p>\n<p>Cena obejmuje ca\u0142y dzie\u0144 pracy instruktora, wypo\u017cyczenie kompletu szkoleniowego (paralotnia, uprz\u0105\u017c, spadochron zapasowy, plecak, radio, vario, GPS). Cena obejmuje r\u00f3wnie\u017c darmowy dost\u0119p do konta Student na stronach internetowych EL Speedo on-line nauki, teoretyczne i praktyczne egzaminy z\u00a0inspektorem ruchu lotniczego niezb\u0119dne do uzyskania licencji wszystkich poziom\u00f3w, pomoc w za\u0142atwianiu urz\u0119dowych spraw do uzyskania licencji.<\/p>\n<p>O ile b\u0119dziesz chcia\u0142 przeprowadzi\u0107 Lekcje prywatne poza Republik\u0105 Czesk\u0105, to do wydatk\u00f3w trzeba doliczy\u0107 r\u00f3wnie\u017c koszty transportu i zakwaterowania instruktora w miejscu prowadzenia szkolenia.<\/p>\n<p>Sw\u00f3j plan przedstaw naszemu g\u0142\u00f3wnemu instruktorowi wysy\u0142aj\u0105c maila na adres: <a href=\"mailto:dali@elspeedo.cz\">dali@elspeedo.cz<\/a>, lub dzwoni\u0105c pod numerem telefonu: +420\u00a0603\u00a0311 661<\/p>\n<p>&nbsp;<\/p>\n<p><strong>Cieszymy si\u0119 na razem sp\u0119dzony czas w powietrzu i na ziemi.<\/strong><\/p>\n<p><strong>El Speedo team<\/strong>[\/vc_column_text][\/vc_column][\/vc_row][vc_row][vc_column][vc_single_image image=&#8221;62008&#8243; img_size=&#8221;full&#8221; alignment=&#8221;center&#8221; style=&#8221;vc_box_rounded&#8221;][\/vc_column][\/vc_row]\n<\/div>","protected":false},"excerpt":{"rendered":"<p>[vc_row][vc_column][vc_column_text] Nasz indywidualny trening to najbardziej efektywny spos\u00f3b nauki latania, w pe\u0142ni dostosowany do Twoich mo\u017cliwo\u015bci. &nbsp; Wolisz prywatne lekcje, czasowo dostosowane do Twoich mo\u017cliwo\u015bci? Przygotowanie do licencji Pilot, korepetycje lub tematyczne zaj\u0119cia, indywidualny trening z\u00a0instruktorem wyczynowego latania XC? Prywatne lekcje w El Speedo prowadz\u0105 wy\u0142\u0105cznie nasi najbardziej do\u015bwiadczeni instruktorzy: Dalibor Carbol, Mgr. Slavom\u00edr Tmej [&hellip;]<\/p>\n","protected":false},"author":4,"featured_media":0,"parent":0,"menu_order":0,"comment_status":"closed","ping_status":"closed","template":"","meta":{"_tribe_blocks_recurrence_rules":"","_tribe_blocks_recurrence_exclusions":"","_tribe_blocks_recurrence_description":"","footnotes":""},"class_list":["post-63810","page","type-page","status-publish","hentry"],"yoast_head":"<!-- This site is optimized with the Yoast SEO plugin v27.0 - https:\/\/yoast.com\/product\/yoast-seo-wordpress\/ -->\n<title>Prywatne lekcje &#8212; El Speedo<\/title>\n<meta name=\"description\" content=\"Nasz indywidualny trening to najbardziej efektywny spos\u00f3b nauki latania, w pe\u0142ni dostosowany do Twoich mo\u017cliwo\u015bci.\" \/>\n<meta name=\"robots\" content=\"index, follow, max-snippet:-1, max-image-preview:large, max-video-preview:-1\" \/>\n<link rel=\"canonical\" href=\"https:\/\/elspeedo.cz\/privatni-vyuka\/\" \/>\n<meta property=\"og:locale\" content=\"pl_PL\" \/>\n<meta property=\"og:type\" content=\"article\" \/>\n<meta property=\"og:title\" content=\"Prywatne lekcje &#8212; El Speedo\" \/>\n<meta property=\"og:description\" content=\"Nasz indywidualny trening to najbardziej efektywny spos\u00f3b nauki latania, w pe\u0142ni dostosowany do Twoich mo\u017cliwo\u015bci.\" \/>\n<meta property=\"og:url\" content=\"https:\/\/elspeedo.cz\/privatni-vyuka\/\" \/>\n<meta property=\"og:site_name\" content=\"El Speedo\" \/>\n<meta property=\"article:publisher\" content=\"http:\/\/www.facebook.com\/paragliding.elspeedo.cz\/?fref=ts\" \/>\n<meta property=\"article:modified_time\" content=\"2017-08-29T19:32:47+00:00\" \/>\n<meta name=\"twitter:card\" content=\"summary_large_image\" \/>\n<meta name=\"twitter:label1\" content=\"Szacowany czas czytania\" \/>\n\t<meta name=\"twitter:data1\" content=\"2 minuty\" \/>\n<script type=\"application\/ld+json\" class=\"yoast-schema-graph\">{\"@context\":\"https:\/\/schema.org\",\"@graph\":[{\"@type\":\"WebPage\",\"@id\":\"https:\/\/elspeedo.cz\/privatni-vyuka\/\",\"url\":\"https:\/\/elspeedo.cz\/privatni-vyuka\/\",\"name\":\"Prywatne lekcje &#8212; El Speedo\",\"isPartOf\":{\"@id\":\"https:\/\/elspeedo.cz\/#website\"},\"datePublished\":\"2017-08-06T17:51:49+00:00\",\"dateModified\":\"2017-08-29T19:32:47+00:00\",\"description\":\"Nasz indywidualny trening to najbardziej efektywny spos\u00f3b nauki latania, w pe\u0142ni dostosowany do Twoich mo\u017cliwo\u015bci.\",\"breadcrumb\":{\"@id\":\"https:\/\/elspeedo.cz\/privatni-vyuka\/#breadcrumb\"},\"inLanguage\":\"pl-PL\",\"potentialAction\":[{\"@type\":\"ReadAction\",\"target\":[\"https:\/\/elspeedo.cz\/privatni-vyuka\/\"]}]},{\"@type\":\"BreadcrumbList\",\"@id\":\"https:\/\/elspeedo.cz\/privatni-vyuka\/#breadcrumb\",\"itemListElement\":[{\"@type\":\"ListItem\",\"position\":1,\"name\":\"Dom\u016f\",\"item\":\"https:\/\/elspeedo.cz\/pl\/\"},{\"@type\":\"ListItem\",\"position\":2,\"name\":\"Prywatne lekcje\"}]},{\"@type\":\"WebSite\",\"@id\":\"https:\/\/elspeedo.cz\/#website\",\"url\":\"https:\/\/elspeedo.cz\/\",\"name\":\"El Speedo\",\"description\":\"Paragliding - kurzy, vybaven\u00ed, v\u00fdlety, komunita\",\"potentialAction\":[{\"@type\":\"SearchAction\",\"target\":{\"@type\":\"EntryPoint\",\"urlTemplate\":\"https:\/\/elspeedo.cz\/?s={search_term_string}\"},\"query-input\":{\"@type\":\"PropertyValueSpecification\",\"valueRequired\":true,\"valueName\":\"search_term_string\"}}],\"inLanguage\":\"pl-PL\"}]}<\/script>\n<!-- \/ Yoast SEO plugin. -->","yoast_head_json":{"title":"Prywatne lekcje &#8212; El Speedo","description":"Nasz indywidualny trening to najbardziej efektywny spos\u00f3b nauki latania, w pe\u0142ni dostosowany do Twoich mo\u017cliwo\u015bci.","robots":{"index":"index","follow":"follow","max-snippet":"max-snippet:-1","max-image-preview":"max-image-preview:large","max-video-preview":"max-video-preview:-1"},"canonical":"https:\/\/elspeedo.cz\/privatni-vyuka\/","og_locale":"pl_PL","og_type":"article","og_title":"Prywatne lekcje &#8212; El Speedo","og_description":"Nasz indywidualny trening to najbardziej efektywny spos\u00f3b nauki latania, w pe\u0142ni dostosowany do Twoich mo\u017cliwo\u015bci.","og_url":"https:\/\/elspeedo.cz\/privatni-vyuka\/","og_site_name":"El Speedo","article_publisher":"http:\/\/www.facebook.com\/paragliding.elspeedo.cz\/?fref=ts","article_modified_time":"2017-08-29T19:32:47+00:00","twitter_card":"summary_large_image","twitter_misc":{"Szacowany czas czytania":"2 minuty"},"schema":{"@context":"https:\/\/schema.org","@graph":[{"@type":"WebPage","@id":"https:\/\/elspeedo.cz\/privatni-vyuka\/","url":"https:\/\/elspeedo.cz\/privatni-vyuka\/","name":"Prywatne lekcje &#8212; El Speedo","isPartOf":{"@id":"https:\/\/elspeedo.cz\/#website"},"datePublished":"2017-08-06T17:51:49+00:00","dateModified":"2017-08-29T19:32:47+00:00","description":"Nasz indywidualny trening to najbardziej efektywny spos\u00f3b nauki latania, w pe\u0142ni dostosowany do Twoich mo\u017cliwo\u015bci.","breadcrumb":{"@id":"https:\/\/elspeedo.cz\/privatni-vyuka\/#breadcrumb"},"inLanguage":"pl-PL","potentialAction":[{"@type":"ReadAction","target":["https:\/\/elspeedo.cz\/privatni-vyuka\/"]}]},{"@type":"BreadcrumbList","@id":"https:\/\/elspeedo.cz\/privatni-vyuka\/#breadcrumb","itemListElement":[{"@type":"ListItem","position":1,"name":"Dom\u016f","item":"https:\/\/elspeedo.cz\/pl\/"},{"@type":"ListItem","position":2,"name":"Prywatne lekcje"}]},{"@type":"WebSite","@id":"https:\/\/elspeedo.cz\/#website","url":"https:\/\/elspeedo.cz\/","name":"El Speedo","description":"Paragliding - kurzy, vybaven\u00ed, v\u00fdlety, komunita","potentialAction":[{"@type":"SearchAction","target":{"@type":"EntryPoint","urlTemplate":"https:\/\/elspeedo.cz\/?s={search_term_string}"},"query-input":{"@type":"PropertyValueSpecification","valueRequired":true,"valueName":"search_term_string"}}],"inLanguage":"pl-PL"}]}},"_links":{"self":[{"href":"https:\/\/elspeedo.cz\/pl\/wp-json\/wp\/v2\/pages\/63810","targetHints":{"allow":["GET"]}}],"collection":[{"href":"https:\/\/elspeedo.cz\/pl\/wp-json\/wp\/v2\/pages"}],"about":[{"href":"https:\/\/elspeedo.cz\/pl\/wp-json\/wp\/v2\/types\/page"}],"author":[{"embeddable":true,"href":"https:\/\/elspeedo.cz\/pl\/wp-json\/wp\/v2\/users\/4"}],"replies":[{"embeddable":true,"href":"https:\/\/elspeedo.cz\/pl\/wp-json\/wp\/v2\/comments?post=63810"}],"version-history":[{"count":0,"href":"https:\/\/elspeedo.cz\/pl\/wp-json\/wp\/v2\/pages\/63810\/revisions"}],"wp:attachment":[{"href":"https:\/\/elspeedo.cz\/pl\/wp-json\/wp\/v2\/media?parent=63810"}],"curies":[{"name":"wp","href":"https:\/\/api.w.org\/{rel}","templated":true}]}}