{"id":77117,"date":"2022-02-01T10:26:00","date_gmt":"2022-02-01T09:26:00","guid":{"rendered":"https:\/\/elspeedo.cz\/?page_id=77117\/"},"modified":"2022-02-01T10:26:00","modified_gmt":"2022-02-01T09:26:00","slug":"sprzet","status":"publish","type":"page","link":"https:\/\/elspeedo.cz\/pl\/sprzet\/","title":{"rendered":"Sprz\u0119t"},"content":{"rendered":"<div class=\"wpb-content-wrapper\">[mk_page_section bg_color=&#8221;#ffffff&#8221; attachment=&#8221;fixed&#8221; bg_position=&#8221;center center&#8221; video_loop=&#8221;false&#8221; min_height=&#8221;300&#8243; js_vertical_centered=&#8221;true&#8221; top_shape_color=&#8221;#ffffff&#8221; bottom_shape_color=&#8221;#ffffff&#8221; sidebar=&#8221;sidebar-1&#8243;][vc_column width=&#8221;1\/12&#8243;][\/vc_column][vc_column width=&#8221;1\/6&#8243;][vc_single_image image=&#8221;13441&#8243; img_size=&#8221;full&#8221; alignment=&#8221;center&#8221; style=&#8221;vc_box_rounded&#8221; onclick=&#8221;custom_link&#8221; link=&#8221;https:\/\/elspeedo.cz\/pl\/sprzet\/el-speedo-uprzeze\/&#8221;][vc_column_text disable_pattern=&#8221;false&#8221; align=&#8221;center&#8221;]\n<h6>Uprz\u0119\u017ce<\/h6>\n[\/vc_column_text][\/vc_column][vc_column width=&#8221;1\/6&#8243;][vc_single_image image=&#8221;13454&#8243; img_size=&#8221;full&#8221; alignment=&#8221;center&#8221; style=&#8221;vc_box_rounded&#8221; onclick=&#8221;custom_link&#8221; link=&#8221;https:\/\/elspeedo.cz\/pl\/sprzet\/paralotnie\/&#8221;][vc_column_text disable_pattern=&#8221;false&#8221; align=&#8221;center&#8221;]\n<h6>\u00a0Paralotnie<\/h6>\n[\/vc_column_text][\/vc_column][vc_column width=&#8221;1\/6&#8243;][vc_single_image image=&#8221;13458&#8243; img_size=&#8221;full&#8221; alignment=&#8221;center&#8221; style=&#8221;vc_box_rounded&#8221; onclick=&#8221;custom_link&#8221; link=&#8221;https:\/\/elspeedo.cz\/pl\/sprzet\/el-speedo-spadochrony-zapasowe\/&#8221;][vc_column_text disable_pattern=&#8221;false&#8221; align=&#8221;center&#8221;]\n<h6>\u00a0Spadochrony<\/h6>\n[\/vc_column_text][\/vc_column][vc_column width=&#8221;1\/6&#8243;][vc_single_image image=&#8221;13453&#8243; img_size=&#8221;full&#8221; alignment=&#8221;center&#8221; style=&#8221;vc_box_rounded&#8221; onclick=&#8221;custom_link&#8221; link=&#8221;https:\/\/elspeedo.cz\/pl\/sprzet\/plecaki-el-speedo\/&#8221;][vc_column_text disable_pattern=&#8221;false&#8221; align=&#8221;center&#8221;]\n<h6>\u00a0Plecaki<\/h6>\n[\/vc_column_text][\/vc_column][vc_column width=&#8221;1\/6&#8243;][vc_single_image image=&#8221;13461&#8243; img_size=&#8221;full&#8221; alignment=&#8221;center&#8221; style=&#8221;vc_box_rounded&#8221; onclick=&#8221;custom_link&#8221; link=&#8221;https:\/\/elspeedo.cz\/pl\/sprzet\/elektronika-el-speedo\/&#8221;][vc_column_text disable_pattern=&#8221;false&#8221; align=&#8221;center&#8221;]\n<h6>\u00a0Elektronika<\/h6>\n[\/vc_column_text][\/vc_column][vc_column width=&#8221;1\/12&#8243;][\/vc_column][\/mk_page_section][mk_page_section bg_color=&#8221;#f4f4f4&#8243; video_loop=&#8221;false&#8221; js_vertical_centered=&#8221;true&#8221; padding_top=&#8221;60&#8243; padding_bottom=&#8221;40&#8243; sidebar=&#8221;sidebar-1&#8243;][vc_column][vc_row_inner][vc_column_inner width=&#8221;1\/2&#8243;][vc_single_image image=&#8221;13467&#8243; img_size=&#8221;full&#8221; alignment=&#8221;center&#8221; style=&#8221;vc_box_rounded&#8221; css=&#8221;.vc_custom_1480422665578{padding-right: 40px !important;}&#8221;][\/vc_column_inner][vc_column_inner width=&#8221;1\/2&#8243;][vc_column_text]\n<h2>Wybierz sw\u00f3j idealny komplet paralotniowy<\/h2>\n<p>El Speedo sprz\u0119t paralotniowy\u00a0&#8211; to jest po\u0142\u0105czenie najlepszych konstrukcji z materia\u0142ami \u00a0wysokiej jako\u015bci. Wyr\u00f3\u017cnia si\u0119 \u015bwietnymi osi\u0105gami i poziomem wykonania. Wypr\u00f3bujcie nasze pomys\u0142y i do\u015bwiadczenie&#8230;[\/vc_column_text][mk_button_gradient dimension=&#8221;flat&#8221; size=&#8221;large&#8221; corner_style=&#8221;rounded&#8221; grandient_color_from=&#8221;#6087b9&#8243; grandient_color_to=&#8221;#557bab&#8221; grandient_color_fallback=&#8221;#6087b9&#8243; url=&#8221;#&#8221; margin_bottom=&#8221;0&#8243;]Wybierz i por\u00f3wnaj[\/mk_button_gradient][\/vc_column_inner][\/vc_row_inner][\/vc_column][\/mk_page_section][mk_page_section bg_color=&#8221;#272727&#8243; bg_position=&#8221;center center&#8221; video_loop=&#8221;false&#8221; js_vertical_centered=&#8221;true&#8221; padding_top=&#8221;80&#8243; padding_bottom=&#8221;80&#8243; el_class=&#8221;sc-dark&#8221; sidebar=&#8221;sidebar-1&#8243;][vc_column][vc_row_inner][vc_column_inner width=&#8221;1\/6&#8243;][\/vc_column_inner][vc_column_inner width=&#8221;2\/3&#8243;][vc_column_text align=&#8221;center&#8221;]\n<h2>El Speedo seria ULTRINO<\/h2>\n<p>W naszej ofercie sprz\u0119tu paralotniowego znajdziecie produkty oznaczone seri\u0105 ULTRINO. To jest specjalnie zaprojektowany szereg produkt\u00f3w w kt\u00f3rych stawiamy na wag\u0119 i proste bezproblemowe u\u017cytkowanie. W tych produktach nie znajdziecie element\u00f3w, kt\u00f3re niepotrzebnie zwi\u0119kszaj\u0105 wag\u0119 a tak\u017ce koszty. Minimalizm, to kierunek kt\u00f3ry w przypadku tych artyku\u0142\u00f3w w pe\u0142ni si\u0119 sprawdzi\u0142.<\/p>\n<p>Wierzymy \u017ce docenicie jako\u015b\u0107 wykonania produkt\u00f3w El Speedo i sprawi\u0105 wam rado\u015b\u0107.[\/vc_column_text][vc_single_image image=&#8221;10922&#8243; img_size=&#8221;full&#8221; alignment=&#8221;center&#8221; style=&#8221;vc_box_rounded&#8221;][\/vc_column_inner][vc_column_inner width=&#8221;1\/6&#8243;][\/vc_column_inner][\/vc_row_inner][mk_button dimension=&#8221;outline&#8221; corner_style=&#8221;rounded&#8221; size=&#8221;large&#8221; url=&#8221;https:\/\/elspeedo.cz\/pl\/sprzet\/el-speedo-ultrino-sprzet\/&#8221; align=&#8221;center&#8221; margin_right=&#8221;0&#8243; el_class=&#8221;basic-button&#8221;]Wybieraj w wersjach ULTRINO![\/mk_button][\/vc_column][\/mk_page_section][mk_page_section video_loop=&#8221;false&#8221; padding_top=&#8221;60&#8243; padding_bottom=&#8221;60&#8243; sidebar=&#8221;sidebar-1&#8243;][vc_column width=&#8221;1\/12&#8243;][\/vc_column][vc_column width=&#8221;5\/6&#8243;][mk_padding_divider size=&#8221;30&#8243;][vc_text_separator title=&#8221;Sprawd\u017a aktualno\u015bci w sprz\u0119cie El Speedo&#8221;][mk_padding_divider size=&#8221;50&#8243;][mk_blog style=&#8221;thumbnail&#8221; grid_image_height=&#8221;250&#8243; post_count=&#8221;5&#8243; pagination_style=&#8221;2&#8243; el_class=&#8221;simple-blog&#8221; cat=&#8221;108&#8243;][mk_padding_divider][\/vc_column][vc_column width=&#8221;1\/12&#8243;][\/vc_column][\/mk_page_section][mk_page_section bg_color=&#8221;#272727&#8243; bg_position=&#8221;center center&#8221; video_loop=&#8221;false&#8221; js_vertical_centered=&#8221;true&#8221; padding_top=&#8221;80&#8243; padding_bottom=&#8221;20&#8243; el_class=&#8221;sc-dark&#8221; sidebar=&#8221;sidebar-1&#8243;][vc_column width=&#8221;1\/6&#8243;][vc_column_text align=&#8221;center&#8221;]\n<h4>Koszulki<\/h4>\n[\/vc_column_text][vc_single_image image=&#8221;31423&#8243; img_size=&#8221;full&#8221; alignment=&#8221;center&#8221; style=&#8221;vc_box_rounded&#8221; css=&#8221;.vc_custom_1487575304340{padding-top: 20px !important;padding-bottom: 60px !important;}&#8221;][\/vc_column][vc_column width=&#8221;1\/6&#8243;][vc_column_text align=&#8221;center&#8221;]\n<h4>R\u0119kawice<\/h4>\n[\/vc_column_text][vc_single_image image=&#8221;31174&#8243; img_size=&#8221;full&#8221; alignment=&#8221;center&#8221; style=&#8221;vc_box_rounded&#8221; css=&#8221;.vc_custom_1487406395313{padding-top: 20px !important;padding-bottom: 60px !important;}&#8221;][\/vc_column][vc_column width=&#8221;1\/6&#8243;][vc_column_text align=&#8221;center&#8221;]\n<h4>Kaski<\/h4>\n[\/vc_column_text][vc_single_image image=&#8221;31183&#8243; img_size=&#8221;full&#8221; alignment=&#8221;center&#8221; style=&#8221;vc_box_rounded&#8221; css=&#8221;.vc_custom_1487406825041{padding-top: 20px !important;padding-bottom: 60px !important;}&#8221;][\/vc_column][vc_column width=&#8221;1\/6&#8243;][vc_column_text align=&#8221;center&#8221;]\n<h4>Kominiarki<\/h4>\n[\/vc_column_text][vc_single_image image=&#8221;31181&#8243; img_size=&#8221;full&#8221; alignment=&#8221;center&#8221; style=&#8221;vc_box_rounded&#8221; css=&#8221;.vc_custom_1487406661434{padding-top: 20px !important;padding-bottom: 60px !important;}&#8221;][\/vc_column][vc_column width=&#8221;1\/6&#8243;][vc_column_text align=&#8221;center&#8221;]\n<h4>Ksi\u0105\u017cki<\/h4>\n[\/vc_column_text][vc_single_image image=&#8221;31185&#8243; img_size=&#8221;full&#8221; alignment=&#8221;center&#8221; style=&#8221;vc_box_rounded&#8221; css=&#8221;.vc_custom_1487407123900{padding-top: 20px !important;padding-bottom: 60px !important;}&#8221;][\/vc_column][vc_column width=&#8221;1\/6&#8243;][vc_column_text align=&#8221;center&#8221;]\n<h4>DVD<\/h4>\n[\/vc_column_text][vc_single_image image=&#8221;31186&#8243; img_size=&#8221;full&#8221; alignment=&#8221;center&#8221; style=&#8221;vc_box_rounded&#8221; css=&#8221;.vc_custom_1487407172540{padding-top: 20px !important;padding-bottom: 60px !important;}&#8221;][\/vc_column][vc_column css=&#8221;.vc_custom_1487515353527{padding-bottom: 60px !important;}&#8221;][mk_button dimension=&#8221;outline&#8221; corner_style=&#8221;rounded&#8221; size=&#8221;large&#8221; url=&#8221;https:\/\/elspeedo.cz\/pl\/kategoria-produktu\/akcesoria-pl\/&#8221; align=&#8221;center&#8221; margin_right=&#8221;0&#8243; el_class=&#8221;basic-button&#8221;]Przejd\u017a do zam\u00f3wienia[\/mk_button][\/vc_column][\/mk_page_section][mk_page_section video_loop=&#8221;false&#8221; padding_top=&#8221;100&#8243; padding_bottom=&#8221;100&#8243; sidebar=&#8221;sidebar-1&#8243;][vc_column][vc_column_text align=&#8221;center&#8221;]\n<h2>Wypo\u017cyczalnia sprz\u0119tu<\/h2>\n[\/vc_column_text][mk_padding_divider][vc_row_inner][vc_column_inner width=&#8221;1\/3&#8243;][vc_single_image image=&#8221;13372&#8243; alignment=&#8221;center&#8221; style=&#8221;vc_box_rounded&#8221; onclick=&#8221;custom_link&#8221;][mk_padding_divider size=&#8221;20&#8243;][\/vc_column_inner][vc_column_inner width=&#8221;1\/3&#8243;][vc_single_image image=&#8221;13371&#8243; alignment=&#8221;center&#8221;][mk_padding_divider size=&#8221;20&#8243;][\/vc_column_inner][vc_column_inner width=&#8221;1\/3&#8243;][vc_single_image image=&#8221;13370&#8243; alignment=&#8221;center&#8221;][mk_padding_divider size=&#8221;20&#8243;][\/vc_column_inner][\/vc_row_inner][vc_row_inner][vc_column_inner width=&#8221;1\/3&#8243;][vc_column_text title=&#8221;Wypo\u017cyczenie sprz\u0119tu El Speedo do treningu po Kursie podstawowym&#8221; disable_pattern=&#8221;false&#8221; align=&#8221;center&#8221; margin_bottom=&#8221;30&#8243;]Po\u017cyczymy Ci skrzyd\u0142o, uprz\u0105\u017c, zapas, plecak, kask i oprzyrz\u0105dowanie.<\/p>\n<p>\u2013 dla wszystkich uczestnik\u00f3w kt\u00f3rychkolwiek kurs\u00f3w i wycieczek organizowanych przez nasz\u0105 szko\u0142\u0119.<br \/>\n\u2013 Idealne dla programu treningowego HAWK (na kt\u00f3rymkolwiek Kursie podstawowym zyskujesz takie same us\u0142ugi jak reszta uczestnik\u00f3w, radio do w\u0142asnego posiadania jest w cenie programu).<\/p>\n<p>Cena kompletu: 400 CZK\/dob\u0119<\/p>\n<p>Cena oprzyrz\u0105dowania (vario lub GPS):\u00a0100 CZK\/imprez\u0119[\/vc_column_text][\/vc_column_inner][vc_column_inner width=&#8221;1\/3&#8243;][vc_column_text title=&#8221;Wypo\u017cyczenie sprz\u0119tu do latania pod nadzorem instruktora&#8221; disable_pattern=&#8221;false&#8221; align=&#8221;center&#8221;]Po\u017cyczymy Ci skrzyd\u0142o, uprz\u0105\u017c, zapas, plecak i kask.<\/p>\n<p>\u2013 mo\u017cesz do\u0142\u0105czy\u0107 do treningu praktycznego podczas kt\u00f3regokolwiek Kursu podstawowego.<br \/>\n\u2013 Instruktorzy pomog\u0105 Ci podczas startu i l\u0105dowania. B\u0119d\u0105 Ci\u0119 ostrzega\u0107 przed ewentualnym niebezpiecze\u0144stwem.<br \/>\n\u2013 Konieczne posiadanie w\u0142asnego radia z\u00a0ustawionymi naszymi frekwencjami szkoleniowymi.<\/p>\n<p>Cena: 800 CZK\/dob\u0119[\/vc_column_text][\/vc_column_inner][vc_column_inner width=&#8221;1\/3&#8243;][vc_column_text title=&#8221;El Speedo Test Centrum&#8221; disable_pattern=&#8221;false&#8221; align=&#8221;center&#8221;]Po\u017cyczymy Ci skrzyd\u0142o, po wcze\u015bniejszym uzgodnieniu mo\u017cliwo\u015b\u0107 po\u017cyczenia r\u00f3wnie\u017c uprz\u0119\u017cy, zapasu, plecaka i kasku.<\/p>\n<p>\u2013 Darmowe trzy dni z\u00a0jednym modelem w\u0142a\u015bciwego rozmiaru.<br \/>\n\u2013 Wypo\u017cyczenie zawsze wy\u0142\u0105cznie na aktualnym Kursie podstawowym albo innej El Speedo imprezie.<br \/>\n\u2013 Konieczna w\u0142asna uprz\u0105\u017c, spadochron zapasowy i kask.<br \/>\n\u2013 W razie wypo\u017cyczenia naszej uprz\u0119\u017cy i zapasu op\u0142ata 400 CZK\/dob\u0119 (blokujemy ca\u0142y komplet z wypo\u017cyczalni).[\/vc_column_text][\/vc_column_inner][\/vc_row_inner][\/vc_column][\/mk_page_section][mk_page_section bg_color=&#8221;#272727&#8243; bg_position=&#8221;center center&#8221; video_loop=&#8221;false&#8221; js_vertical_centered=&#8221;true&#8221; padding_top=&#8221;80&#8243; padding_bottom=&#8221;80&#8243; el_class=&#8221;sc-dark&#8221; sidebar=&#8221;sidebar-1&#8243;][vc_column width=&#8221;1\/6&#8243;][\/vc_column][vc_column width=&#8221;2\/3&#8243;][vc_column_text align=&#8221;center&#8221;]\n<h2>DIY (do-it-yourself)<\/h2>\n[\/vc_column_text][mk_fancy_title tag_name=&#8221;h4&#8243; color=&#8221;#b5b5b5&#8243; size=&#8221;23&#8243; font_family=&#8221;none&#8221; align=&#8221;center&#8221;]Naucz si\u0119 z nami dokonywa\u0107 drobnych napraw i regulacji<\/p>\n<p style=\"text-align: right\">\u2013 wszak w g\u00f3rach pilot jest sam&#8230;<\/p>\n[\/mk_fancy_title][mk_padding_divider][mk_blog style=&#8221;thumbnail&#8221; grid_image_height=&#8221;250&#8243; post_count=&#8221;4&#8243; pagination_style=&#8221;2&#8243; el_class=&#8221;simple-blog&#8221; cat=&#8221;106&#8243;][\/vc_column][vc_column width=&#8221;1\/6&#8243;][\/vc_column][\/mk_page_section]\n<\/div>","protected":false},"excerpt":{"rendered":"<p>[mk_page_section bg_color=&#8221;#ffffff&#8221; attachment=&#8221;fixed&#8221; bg_position=&#8221;center center&#8221; video_loop=&#8221;false&#8221; min_height=&#8221;300&#8243; js_vertical_centered=&#8221;true&#8221; top_shape_color=&#8221;#ffffff&#8221; bottom_shape_color=&#8221;#ffffff&#8221; sidebar=&#8221;sidebar-1&#8243;][vc_column width=&#8221;1\/12&#8243;][\/vc_column][vc_column width=&#8221;1\/6&#8243;][vc_single_image image=&#8221;13441&#8243; img_size=&#8221;full&#8221; alignment=&#8221;center&#8221; style=&#8221;vc_box_rounded&#8221; onclick=&#8221;custom_link&#8221; link=&#8221;https:\/\/elspeedo.cz\/pl\/sprzet\/el-speedo-uprzeze\/&#8221;][vc_column_text disable_pattern=&#8221;false&#8221; align=&#8221;center&#8221;] Uprz\u0119\u017ce [\/vc_column_text][\/vc_column][vc_column width=&#8221;1\/6&#8243;][vc_single_image image=&#8221;13454&#8243; img_size=&#8221;full&#8221; alignment=&#8221;center&#8221; style=&#8221;vc_box_rounded&#8221; onclick=&#8221;custom_link&#8221; link=&#8221;https:\/\/elspeedo.cz\/pl\/sprzet\/paralotnie\/&#8221;][vc_column_text disable_pattern=&#8221;false&#8221; align=&#8221;center&#8221;] \u00a0Paralotnie [\/vc_column_text][\/vc_column][vc_column width=&#8221;1\/6&#8243;][vc_single_image image=&#8221;13458&#8243; img_size=&#8221;full&#8221; alignment=&#8221;center&#8221; style=&#8221;vc_box_rounded&#8221; onclick=&#8221;custom_link&#8221; link=&#8221;https:\/\/elspeedo.cz\/pl\/sprzet\/el-speedo-spadochrony-zapasowe\/&#8221;][vc_column_text disable_pattern=&#8221;false&#8221; align=&#8221;center&#8221;] \u00a0Spadochrony [\/vc_column_text][\/vc_column][vc_column width=&#8221;1\/6&#8243;][vc_single_image image=&#8221;13453&#8243; img_size=&#8221;full&#8221; alignment=&#8221;center&#8221; style=&#8221;vc_box_rounded&#8221; onclick=&#8221;custom_link&#8221; link=&#8221;https:\/\/elspeedo.cz\/pl\/sprzet\/plecaki-el-speedo\/&#8221;][vc_column_text disable_pattern=&#8221;false&#8221; align=&#8221;center&#8221;] \u00a0Plecaki [&hellip;]<\/p>\n","protected":false},"author":4,"featured_media":0,"parent":0,"menu_order":0,"comment_status":"closed","ping_status":"closed","template":"","meta":{"_tribe_blocks_recurrence_rules":"","_tribe_blocks_recurrence_exclusions":"","_tribe_blocks_recurrence_description":"","footnotes":""},"class_list":["post-77117","page","type-page","status-publish","hentry"],"yoast_head":"<!-- This site is optimized with the Yoast SEO plugin v27.0 - https:\/\/yoast.com\/product\/yoast-seo-wordpress\/ -->\n<title>Sprz\u0119t &#8212; El Speedo<\/title>\n<meta name=\"description\" content=\"Uprz\u0119\u017ce Paralotnie Spadochrony Plecaki Elektronika Wybierz sw\u00f3j idealny komplet paralotniowy El Speedo sprz\u0119t paralotniowy - to po\u0142\u0105czenie najlepszych...\" \/>\n<meta name=\"robots\" content=\"index, follow, max-snippet:-1, max-image-preview:large, max-video-preview:-1\" \/>\n<link rel=\"canonical\" href=\"https:\/\/elspeedo.cz\/pujcovna-2\/\" \/>\n<meta property=\"og:locale\" content=\"pl_PL\" \/>\n<meta property=\"og:type\" content=\"article\" \/>\n<meta property=\"og:title\" content=\"Sprz\u0119t &#8212; El Speedo\" \/>\n<meta property=\"og:description\" content=\"Uprz\u0119\u017ce Paralotnie Spadochrony Plecaki Elektronika Wybierz sw\u00f3j idealny komplet paralotniowy El Speedo sprz\u0119t paralotniowy - to po\u0142\u0105czenie najlepszych...\" \/>\n<meta property=\"og:url\" content=\"https:\/\/elspeedo.cz\/pujcovna-2\/\" \/>\n<meta property=\"og:site_name\" content=\"El Speedo\" \/>\n<meta property=\"article:publisher\" content=\"http:\/\/www.facebook.com\/paragliding.elspeedo.cz\/?fref=ts\" \/>\n<meta name=\"twitter:card\" content=\"summary_large_image\" \/>\n<meta name=\"twitter:label1\" content=\"Szacowany czas czytania\" \/>\n\t<meta name=\"twitter:data1\" content=\"7 minut\" \/>\n<script type=\"application\/ld+json\" class=\"yoast-schema-graph\">{\"@context\":\"https:\/\/schema.org\",\"@graph\":[{\"@type\":\"WebPage\",\"@id\":\"https:\/\/elspeedo.cz\/pujcovna-2\/\",\"url\":\"https:\/\/elspeedo.cz\/pujcovna-2\/\",\"name\":\"Sprz\u0119t &#8212; El Speedo\",\"isPartOf\":{\"@id\":\"https:\/\/elspeedo.cz\/#website\"},\"datePublished\":\"2022-02-01T09:26:00+00:00\",\"description\":\"Uprz\u0119\u017ce Paralotnie Spadochrony Plecaki Elektronika Wybierz sw\u00f3j idealny komplet paralotniowy El Speedo sprz\u0119t paralotniowy - to po\u0142\u0105czenie najlepszych...\",\"breadcrumb\":{\"@id\":\"https:\/\/elspeedo.cz\/pujcovna-2\/#breadcrumb\"},\"inLanguage\":\"pl-PL\",\"potentialAction\":[{\"@type\":\"ReadAction\",\"target\":[\"https:\/\/elspeedo.cz\/pujcovna-2\/\"]}]},{\"@type\":\"BreadcrumbList\",\"@id\":\"https:\/\/elspeedo.cz\/pujcovna-2\/#breadcrumb\",\"itemListElement\":[{\"@type\":\"ListItem\",\"position\":1,\"name\":\"Dom\u016f\",\"item\":\"https:\/\/elspeedo.cz\/pl\/\"},{\"@type\":\"ListItem\",\"position\":2,\"name\":\"Sprz\u0119t\"}]},{\"@type\":\"WebSite\",\"@id\":\"https:\/\/elspeedo.cz\/#website\",\"url\":\"https:\/\/elspeedo.cz\/\",\"name\":\"El Speedo\",\"description\":\"Paragliding - kurzy, vybaven\u00ed, v\u00fdlety, komunita\",\"potentialAction\":[{\"@type\":\"SearchAction\",\"target\":{\"@type\":\"EntryPoint\",\"urlTemplate\":\"https:\/\/elspeedo.cz\/?s={search_term_string}\"},\"query-input\":{\"@type\":\"PropertyValueSpecification\",\"valueRequired\":true,\"valueName\":\"search_term_string\"}}],\"inLanguage\":\"pl-PL\"}]}<\/script>\n<!-- \/ Yoast SEO plugin. -->","yoast_head_json":{"title":"Sprz\u0119t &#8212; El Speedo","description":"Uprz\u0119\u017ce Paralotnie Spadochrony Plecaki Elektronika Wybierz sw\u00f3j idealny komplet paralotniowy El Speedo sprz\u0119t paralotniowy - to po\u0142\u0105czenie najlepszych...","robots":{"index":"index","follow":"follow","max-snippet":"max-snippet:-1","max-image-preview":"max-image-preview:large","max-video-preview":"max-video-preview:-1"},"canonical":"https:\/\/elspeedo.cz\/pujcovna-2\/","og_locale":"pl_PL","og_type":"article","og_title":"Sprz\u0119t &#8212; El Speedo","og_description":"Uprz\u0119\u017ce Paralotnie Spadochrony Plecaki Elektronika Wybierz sw\u00f3j idealny komplet paralotniowy El Speedo sprz\u0119t paralotniowy - to po\u0142\u0105czenie najlepszych...","og_url":"https:\/\/elspeedo.cz\/pujcovna-2\/","og_site_name":"El Speedo","article_publisher":"http:\/\/www.facebook.com\/paragliding.elspeedo.cz\/?fref=ts","twitter_card":"summary_large_image","twitter_misc":{"Szacowany czas czytania":"7 minut"},"schema":{"@context":"https:\/\/schema.org","@graph":[{"@type":"WebPage","@id":"https:\/\/elspeedo.cz\/pujcovna-2\/","url":"https:\/\/elspeedo.cz\/pujcovna-2\/","name":"Sprz\u0119t &#8212; El Speedo","isPartOf":{"@id":"https:\/\/elspeedo.cz\/#website"},"datePublished":"2022-02-01T09:26:00+00:00","description":"Uprz\u0119\u017ce Paralotnie Spadochrony Plecaki Elektronika Wybierz sw\u00f3j idealny komplet paralotniowy El Speedo sprz\u0119t paralotniowy - to po\u0142\u0105czenie najlepszych...","breadcrumb":{"@id":"https:\/\/elspeedo.cz\/pujcovna-2\/#breadcrumb"},"inLanguage":"pl-PL","potentialAction":[{"@type":"ReadAction","target":["https:\/\/elspeedo.cz\/pujcovna-2\/"]}]},{"@type":"BreadcrumbList","@id":"https:\/\/elspeedo.cz\/pujcovna-2\/#breadcrumb","itemListElement":[{"@type":"ListItem","position":1,"name":"Dom\u016f","item":"https:\/\/elspeedo.cz\/pl\/"},{"@type":"ListItem","position":2,"name":"Sprz\u0119t"}]},{"@type":"WebSite","@id":"https:\/\/elspeedo.cz\/#website","url":"https:\/\/elspeedo.cz\/","name":"El Speedo","description":"Paragliding - kurzy, vybaven\u00ed, v\u00fdlety, komunita","potentialAction":[{"@type":"SearchAction","target":{"@type":"EntryPoint","urlTemplate":"https:\/\/elspeedo.cz\/?s={search_term_string}"},"query-input":{"@type":"PropertyValueSpecification","valueRequired":true,"valueName":"search_term_string"}}],"inLanguage":"pl-PL"}]}},"_links":{"self":[{"href":"https:\/\/elspeedo.cz\/pl\/wp-json\/wp\/v2\/pages\/77117","targetHints":{"allow":["GET"]}}],"collection":[{"href":"https:\/\/elspeedo.cz\/pl\/wp-json\/wp\/v2\/pages"}],"about":[{"href":"https:\/\/elspeedo.cz\/pl\/wp-json\/wp\/v2\/types\/page"}],"author":[{"embeddable":true,"href":"https:\/\/elspeedo.cz\/pl\/wp-json\/wp\/v2\/users\/4"}],"replies":[{"embeddable":true,"href":"https:\/\/elspeedo.cz\/pl\/wp-json\/wp\/v2\/comments?post=77117"}],"version-history":[{"count":1,"href":"https:\/\/elspeedo.cz\/pl\/wp-json\/wp\/v2\/pages\/77117\/revisions"}],"predecessor-version":[{"id":177784,"href":"https:\/\/elspeedo.cz\/pl\/wp-json\/wp\/v2\/pages\/77117\/revisions\/177784"}],"wp:attachment":[{"href":"https:\/\/elspeedo.cz\/pl\/wp-json\/wp\/v2\/media?parent=77117"}],"curies":[{"name":"wp","href":"https:\/\/api.w.org\/{rel}","templated":true}]}}