{"id":77155,"date":"2018-05-30T14:40:52","date_gmt":"2018-05-30T13:40:52","guid":{"rendered":"https:\/\/elspeedo.cz\/?page_id=77155\/"},"modified":"2018-05-30T14:42:24","modified_gmt":"2018-05-30T13:42:24","slug":"paralotnie-wypozyczalnia","status":"publish","type":"page","link":"https:\/\/elspeedo.cz\/pl\/sprzet-2\/paralotnie-wypozyczalnia\/","title":{"rendered":"Paralotnie &#8211; wypo\u017cyczalnia"},"content":{"rendered":"<div class=\"wpb-content-wrapper\">[mk_page_section bg_position=&#8221;center center&#8221; bg_repeat=&#8221;no-repeat&#8221; bg_stretch=&#8221;true&#8221; enable_3d=&#8221;true&#8221; video_loop=&#8221;false&#8221; min_height=&#8221;450&#8243; padding_bottom=&#8221;70&#8243; sidebar=&#8221;sidebar-1&#8243;][vc_column width=&#8221;1\/6&#8243;][vc_single_image image=&#8221;13509&#8243; img_size=&#8221;full&#8221; alignment=&#8221;center&#8221; style=&#8221;vc_box_rounded&#8221; onclick=&#8221;custom_link&#8221; link=&#8221;https:\/\/elspeedo.cz\/pl\/sprzet\/paralotnie\/bobby-wyjatkowo-stabilny-i-zaskakujaco-zgrabny\/&#8221;][vc_column_text disable_pattern=&#8221;false&#8221; align=&#8221;center&#8221;]\n<h5>BOBBY<\/h5>\n<p>Wypo\u017cyczenie: 400 CZK\/dzie\u0144<br \/>\n&#8211; w komplecie plecak i szybkopak<br \/>\n<strong>Lub<\/strong> przy zakupie wypr\u00f3bowanie wielko\u015bci przez 1 dzie\u0144 za darmo[\/vc_column_text][vc_column_text disable_pattern=&#8221;false&#8221; align=&#8221;center&#8221;]Wspania\u0142e EN A[\/vc_column_text][mk_button_gradient dimension=&#8221;flat&#8221; size=&#8221;large&#8221; corner_style=&#8221;rounded&#8221; grandient_color_from=&#8221;#6087b9&#8243; grandient_color_to=&#8221;#557bab&#8221; grandient_color_fallback=&#8221;#6087b9&#8243; url=&#8221;https:\/\/elspeedo.cz\/pl\/sprzet\/paralotnie\/bobby-wyjatkowo-stabilny-i-zaskakujaco-zgrabny\/&#8221; align=&#8221;center&#8221;]Opis[\/mk_button_gradient][\/vc_column][vc_column width=&#8221;1\/6&#8243;][vc_single_image image=&#8221;13554&#8243; img_size=&#8221;full&#8221; alignment=&#8221;center&#8221; style=&#8221;vc_box_rounded&#8221; onclick=&#8221;custom_link&#8221; link=&#8221;https:\/\/elspeedo.cz\/pl\/sprzet\/paralotnie\/freddie-2-nowoczesne-technologie-dla-wszystkich-pilotow\/&#8221;][vc_column_text align=&#8221;center&#8221;]\n<h5>FREDDIE 2<\/h5>\n<p>Wypo\u017cyczenie: 500 CZK\/dzie\u0144<br \/>\n&#8211; w komplecie plecak i szybkopak<br \/>\n<strong>Lub<\/strong> przy zakupie wypr\u00f3bowanie wielko\u015bci przez 1 dzie\u0144 za darmo[\/vc_column_text][vc_column_text align=&#8221;center&#8221;]\u015arodkowe EN B[\/vc_column_text][mk_button_gradient dimension=&#8221;flat&#8221; size=&#8221;large&#8221; corner_style=&#8221;rounded&#8221; grandient_color_from=&#8221;#6087b9&#8243; grandient_color_to=&#8221;#557bab&#8221; grandient_color_fallback=&#8221;#6087b9&#8243; url=&#8221;https:\/\/elspeedo.cz\/pl\/sprzet\/paralotnie\/freddie-2-nowoczesne-technologie-dla-wszystkich-pilotow\/&#8221; align=&#8221;center&#8221;]Opis[\/mk_button_gradient][\/vc_column][vc_column width=&#8221;1\/6&#8243;][vc_single_image image=&#8221;13531&#8243; img_size=&#8221;full&#8221; alignment=&#8221;center&#8221; style=&#8221;vc_box_rounded&#8221; onclick=&#8221;custom_link&#8221; link=&#8221;https:\/\/elspeedo.cz\/pl\/sprzet\/paralotnie\/jimmy-2-kompaktowy-bezpieczny-o-wyjatkowych-osiagach\/&#8221;][vc_column_text align=&#8221;center&#8221;]\n<h5>JIMMY 2<\/h5>\n<p>Wypo\u017cyczenie: 550 CZK\/dzie\u0144<br \/>\n&#8211; w komplecie plecak i szybkopak<br \/>\n<strong>Lub<\/strong> przy zakupie wypr\u00f3bowanie wielko\u015bci przez 1 dzie\u0144 za darmo[\/vc_column_text][vc_column_text align=&#8221;center&#8221;]Wyczynowe EN B[\/vc_column_text][mk_button_gradient dimension=&#8221;flat&#8221; size=&#8221;large&#8221; corner_style=&#8221;rounded&#8221; grandient_color_from=&#8221;#6087b9&#8243; grandient_color_to=&#8221;#557bab&#8221; grandient_color_fallback=&#8221;#6087b9&#8243; url=&#8221;https:\/\/elspeedo.cz\/pl\/sprzet\/paralotnie\/jimmy-2-kompaktowy-bezpieczny-o-wyjatkowych-osiagach\/&#8221; align=&#8221;center&#8221;]Opis[\/mk_button_gradient][\/vc_column][vc_column width=&#8221;1\/6&#8243;][vc_single_image image=&#8221;13454&#8243; img_size=&#8221;full&#8221; alignment=&#8221;center&#8221; style=&#8221;vc_box_rounded&#8221; onclick=&#8221;custom_link&#8221; link=&#8221;https:\/\/elspeedo.cz\/pl\/sprzet\/paralotnie\/ozzy2-ostry-charakter-ze-wspanialym-prowadzeniem\/&#8221;][vc_column_text align=&#8221;center&#8221;]\n<h5>OZZY 2<\/h5>\n<p>Wypo\u017cyczenie: 600 CZK\/dzie\u0144<br \/>\n&#8211; w komplecie plecak i szybkopak<br \/>\n<strong>Lub<\/strong> przy zakupie wypr\u00f3bowanie wielko\u015bci przez 1 dzie\u0144 za darmo[\/vc_column_text][vc_column_text align=&#8221;center&#8221;]Wyczynowe EN C[\/vc_column_text][mk_button_gradient dimension=&#8221;flat&#8221; size=&#8221;large&#8221; corner_style=&#8221;rounded&#8221; grandient_color_from=&#8221;#6087b9&#8243; grandient_color_to=&#8221;#557bab&#8221; grandient_color_fallback=&#8221;#6087b9&#8243; url=&#8221;https:\/\/elspeedo.cz\/pl\/sprzet\/paralotnie\/ozzy2-ostry-charakter-ze-wspanialym-prowadzeniem\/&#8221; align=&#8221;center&#8221;]Opis[\/mk_button_gradient][\/vc_column][vc_column width=&#8221;1\/6&#8243;][vc_single_image image=&#8221;28949&#8243; img_size=&#8221;full&#8221; alignment=&#8221;center&#8221; style=&#8221;vc_box_rounded&#8221; onclick=&#8221;custom_link&#8221; link=&#8221; https:\/\/elspeedo.cz\/pl\/sprzet\/paralotnie\/janis-mocna-i-inspirujaca\/&#8221;][vc_column_text align=&#8221;center&#8221;]\n<h5>JANIS<\/h5>\n<p>Wypo\u017cyczenie: 650 CZK\/dzie\u0144<br \/>\n&#8211; w komplecie plecak i szybkopak<br \/>\n<strong>Lub<\/strong> przy zakupie wypr\u00f3bowanie wielko\u015bci przez 1 dzie\u0144 za darmo[\/vc_column_text][vc_column_text align=&#8221;center&#8221;]Wyczynowe\u00a0EN D[\/vc_column_text][mk_button_gradient dimension=&#8221;flat&#8221; size=&#8221;large&#8221; corner_style=&#8221;rounded&#8221; grandient_color_from=&#8221;#6087b9&#8243; grandient_color_to=&#8221;#557bab&#8221; grandient_color_fallback=&#8221;#6087b9&#8243; url=&#8221; https:\/\/elspeedo.cz\/pl\/sprzet\/paralotnie\/janis-mocna-i-inspirujaca\/&#8221; align=&#8221;center&#8221;]Opis[\/mk_button_gradient][\/vc_column][vc_column width=&#8221;1\/6&#8243;][vc_single_image image=&#8221;13533&#8243; img_size=&#8221;full&#8221; alignment=&#8221;center&#8221; style=&#8221;vc_box_rounded&#8221; onclick=&#8221;custom_link&#8221; link=&#8221;https:\/\/elspeedo.cz\/pl\/sprzet\/paralotnie\/olivier-partner-tandem-pilotow\/&#8221;][vc_column_text align=&#8221;center&#8221;]\n<h5>OLIVIER<\/h5>\n<p>Wypo\u017cyczenie: 600 CZK\/dzie\u0144<br \/>\n&#8211; w komplecie plecak i szybkopak<br \/>\n<strong>Lub<\/strong> przy zakupie wypr\u00f3bowanie wielko\u015bci przez 1 dzie\u0144 za darmo[\/vc_column_text][vc_column_text align=&#8221;center&#8221;]EN B &#8211; tandem[\/vc_column_text][mk_button_gradient dimension=&#8221;flat&#8221; size=&#8221;large&#8221; corner_style=&#8221;rounded&#8221; grandient_color_from=&#8221;#6087b9&#8243; grandient_color_to=&#8221;#557bab&#8221; grandient_color_fallback=&#8221;#6087b9&#8243; url=&#8221;https:\/\/elspeedo.cz\/pl\/sprzet\/paralotnie\/olivier-partner-tandem-pilotow\/&#8221; align=&#8221;center&#8221;]Opis[\/mk_button_gradient][\/vc_column][\/mk_page_section][vc_row fullwidth=&#8221;true&#8221; fullwidth_content=&#8221;false&#8221; css=&#8221;.vc_custom_1481808181369{padding-top: 30px !important;background-color: #e7e7e7 !important;}&#8221;][vc_column][mk_padding_divider size=&#8221;20&#8243;][vc_column_text disable_pattern=&#8221;false&#8221; align=&#8221;center&#8221;]\n<h2>Chcesz zarezerwowa\u0107 sprz\u0119t? Masz pytania? Zadzwo\u0144:+420777311661<\/h2>\n[\/vc_column_text][\/vc_column][\/vc_row]\n<\/div>","protected":false},"excerpt":{"rendered":"<p>[mk_page_section bg_position=&#8221;center center&#8221; bg_repeat=&#8221;no-repeat&#8221; bg_stretch=&#8221;true&#8221; enable_3d=&#8221;true&#8221; video_loop=&#8221;false&#8221; min_height=&#8221;450&#8243; padding_bottom=&#8221;70&#8243; sidebar=&#8221;sidebar-1&#8243;][vc_column width=&#8221;1\/6&#8243;][vc_single_image image=&#8221;13509&#8243; img_size=&#8221;full&#8221; alignment=&#8221;center&#8221; style=&#8221;vc_box_rounded&#8221; onclick=&#8221;custom_link&#8221; link=&#8221;https:\/\/elspeedo.cz\/pl\/sprzet\/paralotnie\/bobby-wyjatkowo-stabilny-i-zaskakujaco-zgrabny\/&#8221;][vc_column_text disable_pattern=&#8221;false&#8221; align=&#8221;center&#8221;] BOBBY Wypo\u017cyczenie: 400 CZK\/dzie\u0144 &#8211; w komplecie plecak i szybkopak Lub przy zakupie wypr\u00f3bowanie wielko\u015bci przez 1 dzie\u0144 za darmo[\/vc_column_text][vc_column_text disable_pattern=&#8221;false&#8221; align=&#8221;center&#8221;]Wspania\u0142e EN A[\/vc_column_text][mk_button_gradient dimension=&#8221;flat&#8221; size=&#8221;large&#8221; corner_style=&#8221;rounded&#8221; grandient_color_from=&#8221;#6087b9&#8243; grandient_color_to=&#8221;#557bab&#8221; grandient_color_fallback=&#8221;#6087b9&#8243; url=&#8221;https:\/\/elspeedo.cz\/pl\/sprzet\/paralotnie\/bobby-wyjatkowo-stabilny-i-zaskakujaco-zgrabny\/&#8221; align=&#8221;center&#8221;]Opis[\/mk_button_gradient][\/vc_column][vc_column width=&#8221;1\/6&#8243;][vc_single_image image=&#8221;13554&#8243; img_size=&#8221;full&#8221; alignment=&#8221;center&#8221; [&hellip;]<\/p>\n","protected":false},"author":4,"featured_media":0,"parent":15511,"menu_order":0,"comment_status":"closed","ping_status":"closed","template":"","meta":{"_tribe_blocks_recurrence_rules":"","_tribe_blocks_recurrence_exclusions":"","_tribe_blocks_recurrence_description":"","footnotes":""},"class_list":["post-77155","page","type-page","status-publish","hentry"],"yoast_head":"<!-- This site is optimized with the Yoast SEO plugin v27.0 - https:\/\/yoast.com\/product\/yoast-seo-wordpress\/ -->\n<title>Paralotnie - wypo\u017cyczalnia &#8212; El Speedo<\/title>\n<meta name=\"description\" content=\"Wybieraj z naszej wspania\u0142ej oferty El Speedo paralotni! Napewno znajdziesz skrzyd\u0142o w sam raz dla Ciebie! Nie wierzysz? Sprawd\u017a!\" \/>\n<meta name=\"robots\" content=\"index, follow, max-snippet:-1, max-image-preview:large, max-video-preview:-1\" \/>\n<link rel=\"canonical\" href=\"https:\/\/elspeedo.cz\/vybaveni\/padaky-pujcovna\/\" \/>\n<meta property=\"og:locale\" content=\"pl_PL\" \/>\n<meta property=\"og:type\" content=\"article\" \/>\n<meta property=\"og:title\" content=\"Paralotnie - wypo\u017cyczalnia &#8212; El Speedo\" \/>\n<meta property=\"og:description\" content=\"Wybieraj z naszej wspania\u0142ej oferty El Speedo paralotni! Napewno znajdziesz skrzyd\u0142o w sam raz dla Ciebie! Nie wierzysz? Sprawd\u017a!\" \/>\n<meta property=\"og:url\" content=\"https:\/\/elspeedo.cz\/vybaveni\/padaky-pujcovna\/\" \/>\n<meta property=\"og:site_name\" content=\"El Speedo\" \/>\n<meta property=\"article:publisher\" content=\"http:\/\/www.facebook.com\/paragliding.elspeedo.cz\/?fref=ts\" \/>\n<meta property=\"article:modified_time\" content=\"2018-05-30T13:42:24+00:00\" \/>\n<meta name=\"twitter:card\" content=\"summary_large_image\" \/>\n<meta name=\"twitter:label1\" content=\"Szacowany czas czytania\" \/>\n\t<meta name=\"twitter:data1\" content=\"4 minuty\" \/>\n<script type=\"application\/ld+json\" class=\"yoast-schema-graph\">{\"@context\":\"https:\/\/schema.org\",\"@graph\":[{\"@type\":\"WebPage\",\"@id\":\"https:\/\/elspeedo.cz\/vybaveni\/padaky-pujcovna\/\",\"url\":\"https:\/\/elspeedo.cz\/vybaveni\/padaky-pujcovna\/\",\"name\":\"Paralotnie - wypo\u017cyczalnia &#8212; El Speedo\",\"isPartOf\":{\"@id\":\"https:\/\/elspeedo.cz\/#website\"},\"datePublished\":\"2018-05-30T13:40:52+00:00\",\"dateModified\":\"2018-05-30T13:42:24+00:00\",\"description\":\"Wybieraj z naszej wspania\u0142ej oferty El Speedo paralotni! Napewno znajdziesz skrzyd\u0142o w sam raz dla Ciebie! Nie wierzysz? Sprawd\u017a!\",\"breadcrumb\":{\"@id\":\"https:\/\/elspeedo.cz\/vybaveni\/padaky-pujcovna\/#breadcrumb\"},\"inLanguage\":\"pl-PL\",\"potentialAction\":[{\"@type\":\"ReadAction\",\"target\":[\"https:\/\/elspeedo.cz\/vybaveni\/padaky-pujcovna\/\"]}]},{\"@type\":\"BreadcrumbList\",\"@id\":\"https:\/\/elspeedo.cz\/vybaveni\/padaky-pujcovna\/#breadcrumb\",\"itemListElement\":[{\"@type\":\"ListItem\",\"position\":1,\"name\":\"Dom\u016f\",\"item\":\"https:\/\/elspeedo.cz\/pl\/\"},{\"@type\":\"ListItem\",\"position\":2,\"name\":\"Sprz\u0119t\",\"item\":\"https:\/\/elspeedo.cz\/pl\/sprzet-2\/\"},{\"@type\":\"ListItem\",\"position\":3,\"name\":\"Paralotnie &#8211; wypo\u017cyczalnia\"}]},{\"@type\":\"WebSite\",\"@id\":\"https:\/\/elspeedo.cz\/#website\",\"url\":\"https:\/\/elspeedo.cz\/\",\"name\":\"El Speedo\",\"description\":\"Paragliding - kurzy, vybaven\u00ed, v\u00fdlety, komunita\",\"potentialAction\":[{\"@type\":\"SearchAction\",\"target\":{\"@type\":\"EntryPoint\",\"urlTemplate\":\"https:\/\/elspeedo.cz\/?s={search_term_string}\"},\"query-input\":{\"@type\":\"PropertyValueSpecification\",\"valueRequired\":true,\"valueName\":\"search_term_string\"}}],\"inLanguage\":\"pl-PL\"}]}<\/script>\n<!-- \/ Yoast SEO plugin. -->","yoast_head_json":{"title":"Paralotnie - wypo\u017cyczalnia &#8212; El Speedo","description":"Wybieraj z naszej wspania\u0142ej oferty El Speedo paralotni! Napewno znajdziesz skrzyd\u0142o w sam raz dla Ciebie! Nie wierzysz? Sprawd\u017a!","robots":{"index":"index","follow":"follow","max-snippet":"max-snippet:-1","max-image-preview":"max-image-preview:large","max-video-preview":"max-video-preview:-1"},"canonical":"https:\/\/elspeedo.cz\/vybaveni\/padaky-pujcovna\/","og_locale":"pl_PL","og_type":"article","og_title":"Paralotnie - wypo\u017cyczalnia &#8212; El Speedo","og_description":"Wybieraj z naszej wspania\u0142ej oferty El Speedo paralotni! Napewno znajdziesz skrzyd\u0142o w sam raz dla Ciebie! Nie wierzysz? Sprawd\u017a!","og_url":"https:\/\/elspeedo.cz\/vybaveni\/padaky-pujcovna\/","og_site_name":"El Speedo","article_publisher":"http:\/\/www.facebook.com\/paragliding.elspeedo.cz\/?fref=ts","article_modified_time":"2018-05-30T13:42:24+00:00","twitter_card":"summary_large_image","twitter_misc":{"Szacowany czas czytania":"4 minuty"},"schema":{"@context":"https:\/\/schema.org","@graph":[{"@type":"WebPage","@id":"https:\/\/elspeedo.cz\/vybaveni\/padaky-pujcovna\/","url":"https:\/\/elspeedo.cz\/vybaveni\/padaky-pujcovna\/","name":"Paralotnie - wypo\u017cyczalnia &#8212; El Speedo","isPartOf":{"@id":"https:\/\/elspeedo.cz\/#website"},"datePublished":"2018-05-30T13:40:52+00:00","dateModified":"2018-05-30T13:42:24+00:00","description":"Wybieraj z naszej wspania\u0142ej oferty El Speedo paralotni! Napewno znajdziesz skrzyd\u0142o w sam raz dla Ciebie! Nie wierzysz? Sprawd\u017a!","breadcrumb":{"@id":"https:\/\/elspeedo.cz\/vybaveni\/padaky-pujcovna\/#breadcrumb"},"inLanguage":"pl-PL","potentialAction":[{"@type":"ReadAction","target":["https:\/\/elspeedo.cz\/vybaveni\/padaky-pujcovna\/"]}]},{"@type":"BreadcrumbList","@id":"https:\/\/elspeedo.cz\/vybaveni\/padaky-pujcovna\/#breadcrumb","itemListElement":[{"@type":"ListItem","position":1,"name":"Dom\u016f","item":"https:\/\/elspeedo.cz\/pl\/"},{"@type":"ListItem","position":2,"name":"Sprz\u0119t","item":"https:\/\/elspeedo.cz\/pl\/sprzet-2\/"},{"@type":"ListItem","position":3,"name":"Paralotnie &#8211; wypo\u017cyczalnia"}]},{"@type":"WebSite","@id":"https:\/\/elspeedo.cz\/#website","url":"https:\/\/elspeedo.cz\/","name":"El Speedo","description":"Paragliding - kurzy, vybaven\u00ed, v\u00fdlety, komunita","potentialAction":[{"@type":"SearchAction","target":{"@type":"EntryPoint","urlTemplate":"https:\/\/elspeedo.cz\/?s={search_term_string}"},"query-input":{"@type":"PropertyValueSpecification","valueRequired":true,"valueName":"search_term_string"}}],"inLanguage":"pl-PL"}]}},"_links":{"self":[{"href":"https:\/\/elspeedo.cz\/pl\/wp-json\/wp\/v2\/pages\/77155","targetHints":{"allow":["GET"]}}],"collection":[{"href":"https:\/\/elspeedo.cz\/pl\/wp-json\/wp\/v2\/pages"}],"about":[{"href":"https:\/\/elspeedo.cz\/pl\/wp-json\/wp\/v2\/types\/page"}],"author":[{"embeddable":true,"href":"https:\/\/elspeedo.cz\/pl\/wp-json\/wp\/v2\/users\/4"}],"replies":[{"embeddable":true,"href":"https:\/\/elspeedo.cz\/pl\/wp-json\/wp\/v2\/comments?post=77155"}],"version-history":[{"count":0,"href":"https:\/\/elspeedo.cz\/pl\/wp-json\/wp\/v2\/pages\/77155\/revisions"}],"up":[{"embeddable":true,"href":"https:\/\/elspeedo.cz\/pl\/wp-json\/wp\/v2\/pages\/15511"}],"wp:attachment":[{"href":"https:\/\/elspeedo.cz\/pl\/wp-json\/wp\/v2\/media?parent=77155"}],"curies":[{"name":"wp","href":"https:\/\/api.w.org\/{rel}","templated":true}]}}