{"id":78844,"date":"2018-05-30T12:42:08","date_gmt":"2018-05-30T11:42:08","guid":{"rendered":"https:\/\/elspeedo.cz\/?page_id=78844\/"},"modified":"2018-05-30T15:35:13","modified_gmt":"2018-05-30T14:35:13","slug":"sprzet-wypozyczalnia","status":"publish","type":"page","link":"https:\/\/elspeedo.cz\/pl\/sprzet-wypozyczalnia\/","title":{"rendered":"Sprz\u0119t &#8211; wypo\u017cyczalnia"},"content":{"rendered":"<div class=\"wpb-content-wrapper\">[mk_page_section bg_color=&#8221;#ffffff&#8221; attachment=&#8221;fixed&#8221; bg_position=&#8221;center center&#8221; video_loop=&#8221;false&#8221; min_height=&#8221;300&#8243; js_vertical_centered=&#8221;true&#8221; top_shape_color=&#8221;#ffffff&#8221; bottom_shape_color=&#8221;#ffffff&#8221; sidebar=&#8221;sidebar-1&#8243;][vc_column width=&#8221;1\/6&#8243;][\/vc_column][vc_column width=&#8221;1\/6&#8243;][vc_single_image image=&#8221;13441&#8243; img_size=&#8221;full&#8221; alignment=&#8221;center&#8221; style=&#8221;vc_box_rounded&#8221; onclick=&#8221;custom_link&#8221; link=&#8221;https:\/\/elspeedo.cz\/pl\/sprzet-2\/el-speedo-uprzeze-wypozyczalnia\/&#8221;][vc_column_text disable_pattern=&#8221;false&#8221; align=&#8221;center&#8221;]\n<h6>Uprz\u0119\u017ce<\/h6>\n[\/vc_column_text][\/vc_column][vc_column width=&#8221;1\/6&#8243;][vc_single_image image=&#8221;13454&#8243; img_size=&#8221;full&#8221; alignment=&#8221;center&#8221; style=&#8221;vc_box_rounded&#8221; onclick=&#8221;custom_link&#8221; link=&#8221;https:\/\/elspeedo.cz\/pl\/sprzet-2\/paralotnie-wypozyczalnia\/&#8221;][vc_column_text disable_pattern=&#8221;false&#8221; align=&#8221;center&#8221;]\n<h6>\u00a0Paralotnie<\/h6>\n[\/vc_column_text][\/vc_column][vc_column width=&#8221;1\/6&#8243;][vc_single_image image=&#8221;13453&#8243; img_size=&#8221;full&#8221; alignment=&#8221;center&#8221; style=&#8221;vc_box_rounded&#8221; onclick=&#8221;custom_link&#8221; link=&#8221;https:\/\/elspeedo.cz\/pl\/sprzet-2\/plecaki-el-speedo-wypozyczalnia\/&#8221;][vc_column_text disable_pattern=&#8221;false&#8221; align=&#8221;center&#8221;]\n<h6>\u00a0Plecaki<\/h6>\n[\/vc_column_text][\/vc_column][vc_column width=&#8221;1\/6&#8243;][vc_single_image image=&#8221;13461&#8243; img_size=&#8221;full&#8221; alignment=&#8221;center&#8221; style=&#8221;vc_box_rounded&#8221; onclick=&#8221;custom_link&#8221; link=&#8221;https:\/\/elspeedo.cz\/pl\/sprzet-2\/elektronika-el-speedo-wypozyczalnia\/&#8221;][vc_column_text disable_pattern=&#8221;false&#8221; align=&#8221;center&#8221;]\n<h6>\u00a0Elektronika<\/h6>\n[\/vc_column_text][\/vc_column][vc_column width=&#8221;1\/6&#8243;][\/vc_column][\/mk_page_section][mk_page_section video_loop=&#8221;false&#8221; padding_top=&#8221;100&#8243; padding_bottom=&#8221;100&#8243; sidebar=&#8221;sidebar-1&#8243;][vc_column][vc_column_text align=&#8221;center&#8221;]\n<h1>4 sposoby na wypo\u017cyczenie sprz\u0119tu<\/h1>\n[\/vc_column_text][mk_padding_divider][vc_row_inner][vc_column_inner width=&#8221;1\/4&#8243;][vc_column_text align=&#8221;center&#8221;]\n<p style=\"text-align: center\">TEST CENTRUM ELSPEEDO<\/p>\n[\/vc_column_text][vc_single_image image=&#8221;13370&#8243; img_size=&#8221;full&#8221; alignment=&#8221;center&#8221; style=&#8221;vc_box_rounded&#8221;][mk_padding_divider size=&#8221;20&#8243;][\/vc_column_inner][vc_column_inner width=&#8221;1\/4&#8243;][vc_column_text align=&#8221;center&#8221;]WYPO\u017bYCZENIE NA KURS[\/vc_column_text][vc_single_image image=&#8221;13372&#8243; img_size=&#8221;full&#8221; alignment=&#8221;center&#8221; style=&#8221;vc_box_rounded&#8221; onclick=&#8221;custom_link&#8221;][mk_padding_divider size=&#8221;20&#8243;][\/vc_column_inner][vc_column_inner width=&#8221;1\/4&#8243;][vc_column_text align=&#8221;center&#8221;]LATANIE POD KONTROL\u0104[\/vc_column_text][vc_single_image image=&#8221;13371&#8243; img_size=&#8221;full&#8221; alignment=&#8221;center&#8221;][mk_padding_divider size=&#8221;20&#8243;][\/vc_column_inner][vc_column_inner width=&#8221;1\/4&#8243;][vc_column_text]KTOKOLWIEK I GDZIEKOLWIEK[\/vc_column_text][vc_single_image image=&#8221;77139&#8243; img_size=&#8221;full&#8221; alignment=&#8221;center&#8221; style=&#8221;vc_box_rounded&#8221; onclick=&#8221;custom_link&#8221;][mk_padding_divider size=&#8221;20&#8243;][\/vc_column_inner][\/vc_row_inner][vc_row_inner][vc_column_inner width=&#8221;1\/4&#8243;][vc_column_text title=&#8221;Gdy szukasz nowego sprz\u0119tu&#8221; disable_pattern=&#8221;false&#8221; align=&#8221;center&#8221;]Po\u017cyczymy Ci skrzyd\u0142o, po wcze\u015bniejszym uzgodnieniu mo\u017cliwo\u015b\u0107 po\u017cyczenia uprz\u0119\u017cy, zapasu, plecaka i kasku.<\/p>\n<p>\u2013 Darmowy 1 dzie\u0144 dla jednego modelu w jednym rozmiarze.<br \/>\n\u2013 Wypo\u017cyczenie wy\u0142\u0105cznie na terenie Flight Parku Javorovy lub podczas Kursu podstawowego lub innym treningu El Speedo.[\/vc_column_text][\/vc_column_inner][vc_column_inner width=&#8221;1\/4&#8243;][vc_column_text title=&#8221;Wypo\u017cyczenie sprz\u0119tu El Speedo do treningu po Kursie podstawowym&#8221; disable_pattern=&#8221;false&#8221; align=&#8221;center&#8221; margin_bottom=&#8221;30&#8243;]Po\u017cyczymy Ci skrzyd\u0142o, uprz\u0105\u017c, zapas, plecak, kask i oprzyrz\u0105dowanie.<\/p>\n<p>\u2013 dla wszystkich uczestnik\u00f3w kt\u00f3rychkolwiek kurs\u00f3w i wycieczek organizowanych przez nasz\u0105 szko\u0142\u0119.<br \/>\n\u2013 Idealne dla programu treningowego HAWK (na kt\u00f3rymkolwiek Kursie podstawowym zyskujesz takie same us\u0142ugi jak reszta uczestnik\u00f3w, radio na w\u0142asno\u015b\u0107 jest w cenie programu).<\/p>\n<p><strong>Cena kompletu:<\/strong>\u00a0300 CZK\/dzie\u0144[\/vc_column_text][\/vc_column_inner][vc_column_inner width=&#8221;1\/4&#8243;][vc_column_text title=&#8221;Wypo\u017cyczenie sprz\u0119tu do latania pod nadzorem instruktora&#8221; disable_pattern=&#8221;false&#8221; align=&#8221;center&#8221;]Po\u017cyczymy Ci skrzyd\u0142o, uprz\u0105\u017c, zapas, plecak i kask.<\/p>\n<p>\u2013 mo\u017cesz do\u0142\u0105czy\u0107 do treningu praktycznego podczas kt\u00f3regokolwiek Kursu podstawowego.<br \/>\n\u2013 Instruktorzy pomog\u0105 Ci podczas startu i l\u0105dowania. B\u0119d\u0105 Ci\u0119 ostrzega\u0107 przed ewentualnym niebezpiecze\u0144stwem.<br \/>\n\u2013 Konieczne posiadanie w\u0142asnego radia z\u00a0ustawionymi naszymi frekwencjami szkoleniowymi.<\/p>\n<p><strong>Cena kompletu:<\/strong>\u00a0600 CZK\/dzie\u0144[\/vc_column_text][\/vc_column_inner][vc_column_inner width=&#8221;1\/4&#8243;][vc_column_text title=&#8221;Twoja przygoda na naszym sprz\u0119cie&#8221; align=&#8221;center&#8221;]Wypo\u017cyczymy Ci jakiekolwiek wyposa\u017cenie na ustalony termin za rozs\u0105dn\u0105 cen\u0119. Dla absolwent\u00f3w El Speedo obowi\u0105zuje 10% zni\u017cka.<\/p>\n<p>&#8211; przy odbiorze wykonujemy pe\u0142n\u0105 kontrol\u0119 techniczn\u0105 ca\u0142ego kompletu paralotniowego. Op\u0142ata 750 CZK.<\/p>\n<p>&#8211; przy zwrocie kompletu przek\u0142adamy zapas i wykonujemy kontrol\u0119 techniczn\u0105 systemu ratunkowego. Op\u0142ata 250 CZK.<\/p>\n<p>Przed wypo\u017cyczeniem spisujemy umow\u0119. Prosz\u0119 przygotowa\u0107 dokumenty i kart\u0119 kredytow\u0105.[\/vc_column_text][\/vc_column_inner][\/vc_row_inner][\/vc_column][\/mk_page_section][vc_row el_class=&#8221;sc-dark&#8221;][vc_column width=&#8221;1\/6&#8243;][\/vc_column][vc_column width=&#8221;2\/3&#8243;][\/vc_column][vc_column width=&#8221;1\/6&#8243;][\/vc_column][\/vc_row][mk_page_section bg_color=&#8221;#272727&#8243; video_loop=&#8221;false&#8221; padding_top=&#8221;100&#8243; padding_bottom=&#8221;100&#8243; sidebar=&#8221;sidebar-1&#8243;][vc_column width=&#8221;1\/4&#8243;][\/vc_column][vc_column width=&#8221;1\/2&#8243;][vc_column_text align=&#8221;center&#8221;]\n<h2>Nasza propozycja wygodnego podr\u00f3\u017cowania.<\/h2>\n[\/vc_column_text][vc_column_text align=&#8221;center&#8221;]Zadzwo\u0144 do naszego biura El Speedo na numer +420 777 311 661. Om\u00f3wimy co potrzebujesz wypo\u017cyczy\u0107, zarezerwujemy zakwaterowanie we Flight Parku Javorov\u00fd i sp\u0119dzisz mile czas w Centrum Beskidzkiej Szko\u0142y latania z kompletem informacji gdzie i jak mo\u017cna lata\u0107.[\/vc_column_text][mk_padding_divider][mk_button_gradient dimension=&#8221;flat&#8221; size=&#8221;large&#8221; corner_style=&#8221;rounded&#8221; grandient_color_from=&#8221;#6087b9&#8243; grandient_color_to=&#8221;#557bab&#8221; grandient_color_fallback=&#8221;#6087b9&#8243; url=&#8221;https:\/\/javorovy-vrch.cz\/ubytovani\/&#8221; target=&#8221;_blank&#8221; align=&#8221;center&#8221; el_class=&#8221;btn-el-gradient-blue&#8221;]Zakwaterowanie we Flight Parku Javorovy[\/mk_button_gradient][\/vc_column][vc_column width=&#8221;1\/4&#8243;][\/vc_column][\/mk_page_section]\n<\/div>","protected":false},"excerpt":{"rendered":"<p>[mk_page_section bg_color=&#8221;#ffffff&#8221; attachment=&#8221;fixed&#8221; bg_position=&#8221;center center&#8221; video_loop=&#8221;false&#8221; min_height=&#8221;300&#8243; js_vertical_centered=&#8221;true&#8221; top_shape_color=&#8221;#ffffff&#8221; bottom_shape_color=&#8221;#ffffff&#8221; sidebar=&#8221;sidebar-1&#8243;][vc_column width=&#8221;1\/6&#8243;][\/vc_column][vc_column width=&#8221;1\/6&#8243;][vc_single_image image=&#8221;13441&#8243; img_size=&#8221;full&#8221; alignment=&#8221;center&#8221; style=&#8221;vc_box_rounded&#8221; onclick=&#8221;custom_link&#8221; link=&#8221;https:\/\/elspeedo.cz\/pl\/sprzet-2\/el-speedo-uprzeze-wypozyczalnia\/&#8221;][vc_column_text disable_pattern=&#8221;false&#8221; align=&#8221;center&#8221;] Uprz\u0119\u017ce [\/vc_column_text][\/vc_column][vc_column width=&#8221;1\/6&#8243;][vc_single_image image=&#8221;13454&#8243; img_size=&#8221;full&#8221; alignment=&#8221;center&#8221; style=&#8221;vc_box_rounded&#8221; onclick=&#8221;custom_link&#8221; link=&#8221;https:\/\/elspeedo.cz\/pl\/sprzet-2\/paralotnie-wypozyczalnia\/&#8221;][vc_column_text disable_pattern=&#8221;false&#8221; align=&#8221;center&#8221;] \u00a0Paralotnie [\/vc_column_text][\/vc_column][vc_column width=&#8221;1\/6&#8243;][vc_single_image image=&#8221;13453&#8243; img_size=&#8221;full&#8221; alignment=&#8221;center&#8221; style=&#8221;vc_box_rounded&#8221; onclick=&#8221;custom_link&#8221; link=&#8221;https:\/\/elspeedo.cz\/pl\/sprzet-2\/plecaki-el-speedo-wypozyczalnia\/&#8221;][vc_column_text disable_pattern=&#8221;false&#8221; align=&#8221;center&#8221;] \u00a0Plecaki [\/vc_column_text][\/vc_column][vc_column width=&#8221;1\/6&#8243;][vc_single_image image=&#8221;13461&#8243; img_size=&#8221;full&#8221; alignment=&#8221;center&#8221; style=&#8221;vc_box_rounded&#8221; onclick=&#8221;custom_link&#8221; link=&#8221;https:\/\/elspeedo.cz\/pl\/sprzet-2\/elektronika-el-speedo-wypozyczalnia\/&#8221;][vc_column_text disable_pattern=&#8221;false&#8221; align=&#8221;center&#8221;] \u00a0Elektronika [&hellip;]<\/p>\n","protected":false},"author":3881,"featured_media":0,"parent":0,"menu_order":0,"comment_status":"closed","ping_status":"closed","template":"","meta":{"_tribe_blocks_recurrence_rules":"","_tribe_blocks_recurrence_exclusions":"","_tribe_blocks_recurrence_description":"","footnotes":""},"class_list":["post-78844","page","type-page","status-publish","hentry"],"yoast_head":"<!-- This site is optimized with the Yoast SEO plugin v27.0 - https:\/\/yoast.com\/product\/yoast-seo-wordpress\/ -->\n<title>Sprz\u0119t - wypo\u017cyczalnia &#8212; El Speedo<\/title>\n<meta name=\"description\" content=\"Uprz\u0119\u017ce Paralotnie Spadochrony Plecaki Elektronika Wybierz sw\u00f3j idealny komplet paralotniowy El Speedo sprz\u0119t paralotniowy - to po\u0142\u0105czenie najlepszych...\" \/>\n<meta name=\"robots\" content=\"index, follow, max-snippet:-1, max-image-preview:large, max-video-preview:-1\" \/>\n<link rel=\"canonical\" href=\"https:\/\/elspeedo.cz\/?page_id=78842\/\" \/>\n<meta property=\"og:locale\" content=\"pl_PL\" \/>\n<meta property=\"og:type\" content=\"article\" \/>\n<meta property=\"og:title\" content=\"Sprz\u0119t - wypo\u017cyczalnia &#8212; El Speedo\" \/>\n<meta property=\"og:description\" content=\"Uprz\u0119\u017ce Paralotnie Spadochrony Plecaki Elektronika Wybierz sw\u00f3j idealny komplet paralotniowy El Speedo sprz\u0119t paralotniowy - to po\u0142\u0105czenie najlepszych...\" \/>\n<meta property=\"og:url\" content=\"https:\/\/elspeedo.cz\/?page_id=78842\/\" \/>\n<meta property=\"og:site_name\" content=\"El Speedo\" \/>\n<meta property=\"article:publisher\" content=\"http:\/\/www.facebook.com\/paragliding.elspeedo.cz\/?fref=ts\" \/>\n<meta property=\"article:modified_time\" content=\"2018-05-30T14:35:13+00:00\" \/>\n<meta name=\"twitter:card\" content=\"summary_large_image\" \/>\n<meta name=\"twitter:label1\" content=\"Szacowany czas czytania\" \/>\n\t<meta name=\"twitter:data1\" content=\"4 minuty\" \/>\n<script type=\"application\/ld+json\" class=\"yoast-schema-graph\">{\"@context\":\"https:\/\/schema.org\",\"@graph\":[{\"@type\":\"WebPage\",\"@id\":\"https:\/\/elspeedo.cz\/?page_id=78842\/\",\"url\":\"https:\/\/elspeedo.cz\/?page_id=78842\/\",\"name\":\"Sprz\u0119t - wypo\u017cyczalnia &#8212; El Speedo\",\"isPartOf\":{\"@id\":\"https:\/\/elspeedo.cz\/#website\"},\"datePublished\":\"2018-05-30T11:42:08+00:00\",\"dateModified\":\"2018-05-30T14:35:13+00:00\",\"description\":\"Uprz\u0119\u017ce Paralotnie Spadochrony Plecaki Elektronika Wybierz sw\u00f3j idealny komplet paralotniowy El Speedo sprz\u0119t paralotniowy - to po\u0142\u0105czenie najlepszych...\",\"breadcrumb\":{\"@id\":\"https:\/\/elspeedo.cz\/?page_id=78842\/#breadcrumb\"},\"inLanguage\":\"pl-PL\",\"potentialAction\":[{\"@type\":\"ReadAction\",\"target\":[\"https:\/\/elspeedo.cz\/?page_id=78842\/\"]}]},{\"@type\":\"BreadcrumbList\",\"@id\":\"https:\/\/elspeedo.cz\/?page_id=78842\/#breadcrumb\",\"itemListElement\":[{\"@type\":\"ListItem\",\"position\":1,\"name\":\"Dom\u016f\",\"item\":\"https:\/\/elspeedo.cz\/pl\/\"},{\"@type\":\"ListItem\",\"position\":2,\"name\":\"Sprz\u0119t &#8211; wypo\u017cyczalnia\"}]},{\"@type\":\"WebSite\",\"@id\":\"https:\/\/elspeedo.cz\/#website\",\"url\":\"https:\/\/elspeedo.cz\/\",\"name\":\"El Speedo\",\"description\":\"Paragliding - kurzy, vybaven\u00ed, v\u00fdlety, komunita\",\"potentialAction\":[{\"@type\":\"SearchAction\",\"target\":{\"@type\":\"EntryPoint\",\"urlTemplate\":\"https:\/\/elspeedo.cz\/?s={search_term_string}\"},\"query-input\":{\"@type\":\"PropertyValueSpecification\",\"valueRequired\":true,\"valueName\":\"search_term_string\"}}],\"inLanguage\":\"pl-PL\"}]}<\/script>\n<!-- \/ Yoast SEO plugin. -->","yoast_head_json":{"title":"Sprz\u0119t - wypo\u017cyczalnia &#8212; El Speedo","description":"Uprz\u0119\u017ce Paralotnie Spadochrony Plecaki Elektronika Wybierz sw\u00f3j idealny komplet paralotniowy El Speedo sprz\u0119t paralotniowy - to po\u0142\u0105czenie najlepszych...","robots":{"index":"index","follow":"follow","max-snippet":"max-snippet:-1","max-image-preview":"max-image-preview:large","max-video-preview":"max-video-preview:-1"},"canonical":"https:\/\/elspeedo.cz\/?page_id=78842\/","og_locale":"pl_PL","og_type":"article","og_title":"Sprz\u0119t - wypo\u017cyczalnia &#8212; El Speedo","og_description":"Uprz\u0119\u017ce Paralotnie Spadochrony Plecaki Elektronika Wybierz sw\u00f3j idealny komplet paralotniowy El Speedo sprz\u0119t paralotniowy - to po\u0142\u0105czenie najlepszych...","og_url":"https:\/\/elspeedo.cz\/?page_id=78842\/","og_site_name":"El Speedo","article_publisher":"http:\/\/www.facebook.com\/paragliding.elspeedo.cz\/?fref=ts","article_modified_time":"2018-05-30T14:35:13+00:00","twitter_card":"summary_large_image","twitter_misc":{"Szacowany czas czytania":"4 minuty"},"schema":{"@context":"https:\/\/schema.org","@graph":[{"@type":"WebPage","@id":"https:\/\/elspeedo.cz\/?page_id=78842\/","url":"https:\/\/elspeedo.cz\/?page_id=78842\/","name":"Sprz\u0119t - wypo\u017cyczalnia &#8212; El Speedo","isPartOf":{"@id":"https:\/\/elspeedo.cz\/#website"},"datePublished":"2018-05-30T11:42:08+00:00","dateModified":"2018-05-30T14:35:13+00:00","description":"Uprz\u0119\u017ce Paralotnie Spadochrony Plecaki Elektronika Wybierz sw\u00f3j idealny komplet paralotniowy El Speedo sprz\u0119t paralotniowy - to po\u0142\u0105czenie najlepszych...","breadcrumb":{"@id":"https:\/\/elspeedo.cz\/?page_id=78842\/#breadcrumb"},"inLanguage":"pl-PL","potentialAction":[{"@type":"ReadAction","target":["https:\/\/elspeedo.cz\/?page_id=78842\/"]}]},{"@type":"BreadcrumbList","@id":"https:\/\/elspeedo.cz\/?page_id=78842\/#breadcrumb","itemListElement":[{"@type":"ListItem","position":1,"name":"Dom\u016f","item":"https:\/\/elspeedo.cz\/pl\/"},{"@type":"ListItem","position":2,"name":"Sprz\u0119t &#8211; wypo\u017cyczalnia"}]},{"@type":"WebSite","@id":"https:\/\/elspeedo.cz\/#website","url":"https:\/\/elspeedo.cz\/","name":"El Speedo","description":"Paragliding - kurzy, vybaven\u00ed, v\u00fdlety, komunita","potentialAction":[{"@type":"SearchAction","target":{"@type":"EntryPoint","urlTemplate":"https:\/\/elspeedo.cz\/?s={search_term_string}"},"query-input":{"@type":"PropertyValueSpecification","valueRequired":true,"valueName":"search_term_string"}}],"inLanguage":"pl-PL"}]}},"_links":{"self":[{"href":"https:\/\/elspeedo.cz\/pl\/wp-json\/wp\/v2\/pages\/78844","targetHints":{"allow":["GET"]}}],"collection":[{"href":"https:\/\/elspeedo.cz\/pl\/wp-json\/wp\/v2\/pages"}],"about":[{"href":"https:\/\/elspeedo.cz\/pl\/wp-json\/wp\/v2\/types\/page"}],"author":[{"embeddable":true,"href":"https:\/\/elspeedo.cz\/pl\/wp-json\/wp\/v2\/users\/3881"}],"replies":[{"embeddable":true,"href":"https:\/\/elspeedo.cz\/pl\/wp-json\/wp\/v2\/comments?post=78844"}],"version-history":[{"count":0,"href":"https:\/\/elspeedo.cz\/pl\/wp-json\/wp\/v2\/pages\/78844\/revisions"}],"wp:attachment":[{"href":"https:\/\/elspeedo.cz\/pl\/wp-json\/wp\/v2\/media?parent=78844"}],"curies":[{"name":"wp","href":"https:\/\/api.w.org\/{rel}","templated":true}]}}