{"id":49511,"date":"2017-05-10T16:29:46","date_gmt":"2017-05-10T15:29:46","guid":{"rendered":"https:\/\/elspeedo.cz\/pl\/?post_type=product&p=49511\/"},"modified":"2017-05-10T16:30:02","modified_gmt":"2017-05-10T15:30:02","slug":"w-kierunku-himalajow-pl","status":"publish","type":"product","link":"https:\/\/elspeedo.cz\/pl\/produkt\/w-kierunku-himalajow-pl\/","title":{"rendered":"W kierunku Himalaj\u00f3w pl"},"content":{"rendered":"","protected":false},"excerpt":{"rendered":"<p>Zanim minie pierwszy rok po Twym Kursie podstawowym b\u0119dziemy razem lata\u0107 przez 14 dni niemal 40 km od o\u015bmiotysi\u0119cznika Annapurna. Pakiet kurs\u00f3w i programu treningowego zako\u0144czony Wycieczk\u0105 ekspedycyjn\u0105 do Nepalu.<\/p>\n","protected":false},"featured_media":36625,"comment_status":"closed","ping_status":"closed","template":"","meta":{"_tribe_blocks_recurrence_rules":"","_tribe_blocks_recurrence_exclusions":"","_tribe_blocks_recurrence_description":""},"class_list":{"0":"post-49511","1":"product","2":"type-product","3":"status-publish","4":"has-post-thumbnail","6":"product_cat-kursy-pl","8":"first","9":"instock","10":"taxable","11":"shipping-taxable","12":"purchasable","13":"product-type-simple"},"yoast_head":"<!-- This site is optimized with the Yoast SEO plugin v27.0 - https:\/\/yoast.com\/product\/yoast-seo-wordpress\/ -->\n<title>W kierunku Himalaj\u00f3w pl &#8212; El Speedo<\/title>\n<meta name=\"description\" content=\"El Speedo je nejv\u011bt\u0161\u00ed paraglidingov\u00e1 komunita a \u0161kola v \u010cR. Tandemov\u00e9 seskoky, kurzy, expedice a paragliding v\u00fdbava\" \/>\n<meta name=\"robots\" content=\"index, follow, max-snippet:-1, max-image-preview:large, max-video-preview:-1\" \/>\n<link rel=\"canonical\" href=\"https:\/\/elspeedo.cz\/pl\/produkt\/w-kierunku-himalajow-pl\/\" \/>\n<meta property=\"og:locale\" content=\"pl_PL\" \/>\n<meta property=\"og:type\" content=\"article\" \/>\n<meta property=\"og:title\" content=\"W kierunku Himalaj\u00f3w pl &#8212; El Speedo\" \/>\n<meta property=\"og:description\" content=\"El Speedo je nejv\u011bt\u0161\u00ed paraglidingov\u00e1 komunita a \u0161kola v \u010cR. Tandemov\u00e9 seskoky, kurzy, expedice a paragliding v\u00fdbava\" \/>\n<meta property=\"og:url\" content=\"https:\/\/elspeedo.cz\/pl\/produkt\/w-kierunku-himalajow-pl\/\" \/>\n<meta property=\"og:site_name\" content=\"El Speedo\" \/>\n<meta property=\"article:publisher\" content=\"http:\/\/www.facebook.com\/paragliding.elspeedo.cz\/?fref=ts\" \/>\n<meta property=\"article:modified_time\" content=\"2017-05-10T15:30:02+00:00\" \/>\n<meta property=\"og:image\" content=\"https:\/\/elspeedo.cz\/wp-content\/uploads\/2016\/12\/himalaje_1.jpg\" \/>\n\t<meta property=\"og:image:width\" content=\"500\" \/>\n\t<meta property=\"og:image:height\" content=\"333\" \/>\n\t<meta property=\"og:image:type\" content=\"image\/jpeg\" \/>\n<meta name=\"twitter:card\" content=\"summary_large_image\" \/>\n<script type=\"application\/ld+json\" class=\"yoast-schema-graph\">{\"@context\":\"https:\/\/schema.org\",\"@graph\":[{\"@type\":\"WebPage\",\"@id\":\"https:\/\/elspeedo.cz\/pl\/produkt\/w-kierunku-himalajow-pl\/\",\"url\":\"https:\/\/elspeedo.cz\/pl\/produkt\/w-kierunku-himalajow-pl\/\",\"name\":\"W kierunku Himalaj\u00f3w pl &#8212; El Speedo\",\"isPartOf\":{\"@id\":\"https:\/\/elspeedo.cz\/#website\"},\"primaryImageOfPage\":{\"@id\":\"https:\/\/elspeedo.cz\/pl\/produkt\/w-kierunku-himalajow-pl\/#primaryimage\"},\"image\":{\"@id\":\"https:\/\/elspeedo.cz\/pl\/produkt\/w-kierunku-himalajow-pl\/#primaryimage\"},\"thumbnailUrl\":\"https:\/\/elspeedo.cz\/wp-content\/uploads\/2016\/12\/himalaje_1.jpg\",\"datePublished\":\"2017-05-10T15:29:46+00:00\",\"dateModified\":\"2017-05-10T15:30:02+00:00\",\"description\":\"El Speedo je nejv\u011bt\u0161\u00ed paraglidingov\u00e1 komunita a \u0161kola v \u010cR. Tandemov\u00e9 seskoky, kurzy, expedice a paragliding v\u00fdbava\",\"breadcrumb\":{\"@id\":\"https:\/\/elspeedo.cz\/pl\/produkt\/w-kierunku-himalajow-pl\/#breadcrumb\"},\"inLanguage\":\"pl-PL\",\"potentialAction\":[{\"@type\":\"ReadAction\",\"target\":[\"https:\/\/elspeedo.cz\/pl\/produkt\/w-kierunku-himalajow-pl\/\"]}]},{\"@type\":\"ImageObject\",\"inLanguage\":\"pl-PL\",\"@id\":\"https:\/\/elspeedo.cz\/pl\/produkt\/w-kierunku-himalajow-pl\/#primaryimage\",\"url\":\"https:\/\/elspeedo.cz\/wp-content\/uploads\/2016\/12\/himalaje_1.jpg\",\"contentUrl\":\"https:\/\/elspeedo.cz\/wp-content\/uploads\/2016\/12\/himalaje_1.jpg\",\"width\":500,\"height\":333},{\"@type\":\"BreadcrumbList\",\"@id\":\"https:\/\/elspeedo.cz\/pl\/produkt\/w-kierunku-himalajow-pl\/#breadcrumb\",\"itemListElement\":[{\"@type\":\"ListItem\",\"position\":1,\"name\":\"Dom\u016f\",\"item\":\"https:\/\/elspeedo.cz\/pl\/\"},{\"@type\":\"ListItem\",\"position\":2,\"name\":\"Obchod\",\"item\":\"https:\/\/elspeedo.cz\/obchod\/\"},{\"@type\":\"ListItem\",\"position\":3,\"name\":\"W kierunku Himalaj\u00f3w pl\"}]},{\"@type\":\"WebSite\",\"@id\":\"https:\/\/elspeedo.cz\/#website\",\"url\":\"https:\/\/elspeedo.cz\/\",\"name\":\"El Speedo\",\"description\":\"Paragliding - kurzy, vybaven\u00ed, v\u00fdlety, komunita\",\"potentialAction\":[{\"@type\":\"SearchAction\",\"target\":{\"@type\":\"EntryPoint\",\"urlTemplate\":\"https:\/\/elspeedo.cz\/?s={search_term_string}\"},\"query-input\":{\"@type\":\"PropertyValueSpecification\",\"valueRequired\":true,\"valueName\":\"search_term_string\"}}],\"inLanguage\":\"pl-PL\"}]}<\/script>\n<!-- \/ Yoast SEO plugin. -->","yoast_head_json":{"title":"W kierunku Himalaj\u00f3w pl &#8212; El Speedo","description":"El Speedo je nejv\u011bt\u0161\u00ed paraglidingov\u00e1 komunita a \u0161kola v \u010cR. Tandemov\u00e9 seskoky, kurzy, expedice a paragliding v\u00fdbava","robots":{"index":"index","follow":"follow","max-snippet":"max-snippet:-1","max-image-preview":"max-image-preview:large","max-video-preview":"max-video-preview:-1"},"canonical":"https:\/\/elspeedo.cz\/pl\/produkt\/w-kierunku-himalajow-pl\/","og_locale":"pl_PL","og_type":"article","og_title":"W kierunku Himalaj\u00f3w pl &#8212; El Speedo","og_description":"El Speedo je nejv\u011bt\u0161\u00ed paraglidingov\u00e1 komunita a \u0161kola v \u010cR. Tandemov\u00e9 seskoky, kurzy, expedice a paragliding v\u00fdbava","og_url":"https:\/\/elspeedo.cz\/pl\/produkt\/w-kierunku-himalajow-pl\/","og_site_name":"El Speedo","article_publisher":"http:\/\/www.facebook.com\/paragliding.elspeedo.cz\/?fref=ts","article_modified_time":"2017-05-10T15:30:02+00:00","og_image":[{"width":500,"height":333,"url":"https:\/\/elspeedo.cz\/wp-content\/uploads\/2016\/12\/himalaje_1.jpg","type":"image\/jpeg"}],"twitter_card":"summary_large_image","schema":{"@context":"https:\/\/schema.org","@graph":[{"@type":"WebPage","@id":"https:\/\/elspeedo.cz\/pl\/produkt\/w-kierunku-himalajow-pl\/","url":"https:\/\/elspeedo.cz\/pl\/produkt\/w-kierunku-himalajow-pl\/","name":"W kierunku Himalaj\u00f3w pl &#8212; El Speedo","isPartOf":{"@id":"https:\/\/elspeedo.cz\/#website"},"primaryImageOfPage":{"@id":"https:\/\/elspeedo.cz\/pl\/produkt\/w-kierunku-himalajow-pl\/#primaryimage"},"image":{"@id":"https:\/\/elspeedo.cz\/pl\/produkt\/w-kierunku-himalajow-pl\/#primaryimage"},"thumbnailUrl":"https:\/\/elspeedo.cz\/wp-content\/uploads\/2016\/12\/himalaje_1.jpg","datePublished":"2017-05-10T15:29:46+00:00","dateModified":"2017-05-10T15:30:02+00:00","description":"El Speedo je nejv\u011bt\u0161\u00ed paraglidingov\u00e1 komunita a \u0161kola v \u010cR. Tandemov\u00e9 seskoky, kurzy, expedice a paragliding v\u00fdbava","breadcrumb":{"@id":"https:\/\/elspeedo.cz\/pl\/produkt\/w-kierunku-himalajow-pl\/#breadcrumb"},"inLanguage":"pl-PL","potentialAction":[{"@type":"ReadAction","target":["https:\/\/elspeedo.cz\/pl\/produkt\/w-kierunku-himalajow-pl\/"]}]},{"@type":"ImageObject","inLanguage":"pl-PL","@id":"https:\/\/elspeedo.cz\/pl\/produkt\/w-kierunku-himalajow-pl\/#primaryimage","url":"https:\/\/elspeedo.cz\/wp-content\/uploads\/2016\/12\/himalaje_1.jpg","contentUrl":"https:\/\/elspeedo.cz\/wp-content\/uploads\/2016\/12\/himalaje_1.jpg","width":500,"height":333},{"@type":"BreadcrumbList","@id":"https:\/\/elspeedo.cz\/pl\/produkt\/w-kierunku-himalajow-pl\/#breadcrumb","itemListElement":[{"@type":"ListItem","position":1,"name":"Dom\u016f","item":"https:\/\/elspeedo.cz\/pl\/"},{"@type":"ListItem","position":2,"name":"Obchod","item":"https:\/\/elspeedo.cz\/obchod\/"},{"@type":"ListItem","position":3,"name":"W kierunku Himalaj\u00f3w pl"}]},{"@type":"WebSite","@id":"https:\/\/elspeedo.cz\/#website","url":"https:\/\/elspeedo.cz\/","name":"El Speedo","description":"Paragliding - kurzy, vybaven\u00ed, v\u00fdlety, komunita","potentialAction":[{"@type":"SearchAction","target":{"@type":"EntryPoint","urlTemplate":"https:\/\/elspeedo.cz\/?s={search_term_string}"},"query-input":{"@type":"PropertyValueSpecification","valueRequired":true,"valueName":"search_term_string"}}],"inLanguage":"pl-PL"}]}},"_links":{"self":[{"href":"https:\/\/elspeedo.cz\/pl\/wp-json\/wp\/v2\/product\/49511","targetHints":{"allow":["GET"]}}],"collection":[{"href":"https:\/\/elspeedo.cz\/pl\/wp-json\/wp\/v2\/product"}],"about":[{"href":"https:\/\/elspeedo.cz\/pl\/wp-json\/wp\/v2\/types\/product"}],"replies":[{"embeddable":true,"href":"https:\/\/elspeedo.cz\/pl\/wp-json\/wp\/v2\/comments?post=49511"}],"wp:featuredmedia":[{"embeddable":true,"href":"https:\/\/elspeedo.cz\/pl\/wp-json\/wp\/v2\/media\/36625"}],"wp:attachment":[{"href":"https:\/\/elspeedo.cz\/pl\/wp-json\/wp\/v2\/media?parent=49511"}],"curies":[{"name":"wp","href":"https:\/\/api.w.org\/{rel}","templated":true}]}}