{"id":99268,"date":"2016-12-31T12:55:19","date_gmt":"2016-12-31T11:55:19","guid":{"rendered":"https:\/\/elspeedo.cz\/product\/el-speedo-rb-ultrino\/"},"modified":"2019-03-05T10:50:33","modified_gmt":"2019-03-05T09:50:33","slug":"el-speedo-rb-ultrino","status":"publish","type":"product","link":"https:\/\/elspeedo.cz\/pl\/produkt\/el-speedo-rb-ultrino\/","title":{"rendered":"El Speedo RB Ultrino"},"content":{"rendered":"","protected":false},"excerpt":{"rendered":"<p>Rychlobal RB Ultrino je\u00a0konstrukuov\u00e1n tak, aby bo\u010dn\u00ed pevnostn\u00ed popruhy zaji\u0161\u0165ovaly v\u00fdsledn\u00fd \u0161t\u00edhl\u00fd tvar a kvalitn\u00ed lehk\u00fd materi\u00e1l chr\u00e1nil vybaven\u00ed p\u0159ed jin\u00fdm po\u0161kozen\u00edm. A d\u00edky jednoduch\u00fdm, ale pohodln\u00fdm ramenn\u00edm popruh\u016fm, se to v\u0161echno tak\u00e9 dob\u0159e nos\u00ed.<\/p>\n","protected":false},"featured_media":36473,"comment_status":"closed","ping_status":"closed","template":"","meta":{"_tribe_blocks_recurrence_rules":"","_tribe_blocks_recurrence_exclusions":"","_tribe_blocks_recurrence_description":""},"class_list":{"0":"post-99268","1":"product","2":"type-product","3":"status-publish","4":"has-post-thumbnail","6":"product_cat-plecaki-pl","7":"product_cat-sprzet-pl","9":"first","10":"instock","11":"taxable","12":"shipping-taxable","13":"purchasable","14":"product-type-variable","15":"has-default-attributes"},"yoast_head":"<!-- This site is optimized with the Yoast SEO plugin v27.0 - https:\/\/yoast.com\/product\/yoast-seo-wordpress\/ -->\n<title>El Speedo RB Ultrino &#8212; El Speedo<\/title>\n<meta name=\"description\" content=\"El Speedo je nejv\u011bt\u0161\u00ed paraglidingov\u00e1 komunita a \u0161kola v \u010cR. Tandemov\u00e9 seskoky, kurzy, expedice a paragliding v\u00fdbava\" \/>\n<meta name=\"robots\" content=\"index, follow, max-snippet:-1, max-image-preview:large, max-video-preview:-1\" \/>\n<link rel=\"canonical\" href=\"https:\/\/elspeedo.cz\/pl\/produkt\/el-speedo-rb-ultrino\/\" \/>\n<meta property=\"og:locale\" content=\"pl_PL\" \/>\n<meta property=\"og:type\" content=\"article\" \/>\n<meta property=\"og:title\" content=\"El Speedo RB Ultrino &#8212; El Speedo\" \/>\n<meta property=\"og:description\" content=\"El Speedo je nejv\u011bt\u0161\u00ed paraglidingov\u00e1 komunita a \u0161kola v \u010cR. Tandemov\u00e9 seskoky, kurzy, expedice a paragliding v\u00fdbava\" \/>\n<meta property=\"og:url\" content=\"https:\/\/elspeedo.cz\/pl\/produkt\/el-speedo-rb-ultrino\/\" \/>\n<meta property=\"og:site_name\" content=\"El Speedo\" \/>\n<meta property=\"article:publisher\" content=\"http:\/\/www.facebook.com\/paragliding.elspeedo.cz\/?fref=ts\" \/>\n<meta property=\"article:modified_time\" content=\"2019-03-05T09:50:33+00:00\" \/>\n<meta property=\"og:image\" content=\"https:\/\/elspeedo.cz\/wp-content\/uploads\/2016\/11\/rb.jpg\" \/>\n\t<meta property=\"og:image:width\" content=\"900\" \/>\n\t<meta property=\"og:image:height\" content=\"700\" \/>\n\t<meta property=\"og:image:type\" content=\"image\/jpeg\" \/>\n<meta name=\"twitter:card\" content=\"summary_large_image\" \/>\n<script type=\"application\/ld+json\" class=\"yoast-schema-graph\">{\"@context\":\"https:\/\/schema.org\",\"@graph\":[{\"@type\":\"WebPage\",\"@id\":\"https:\/\/elspeedo.cz\/pl\/produkt\/el-speedo-rb-ultrino\/\",\"url\":\"https:\/\/elspeedo.cz\/pl\/produkt\/el-speedo-rb-ultrino\/\",\"name\":\"El Speedo RB Ultrino &#8212; El Speedo\",\"isPartOf\":{\"@id\":\"https:\/\/elspeedo.cz\/#website\"},\"primaryImageOfPage\":{\"@id\":\"https:\/\/elspeedo.cz\/pl\/produkt\/el-speedo-rb-ultrino\/#primaryimage\"},\"image\":{\"@id\":\"https:\/\/elspeedo.cz\/pl\/produkt\/el-speedo-rb-ultrino\/#primaryimage\"},\"thumbnailUrl\":\"https:\/\/elspeedo.cz\/wp-content\/uploads\/2016\/11\/rb.jpg\",\"datePublished\":\"2016-12-31T11:55:19+00:00\",\"dateModified\":\"2019-03-05T09:50:33+00:00\",\"description\":\"El Speedo je nejv\u011bt\u0161\u00ed paraglidingov\u00e1 komunita a \u0161kola v \u010cR. Tandemov\u00e9 seskoky, kurzy, expedice a paragliding v\u00fdbava\",\"breadcrumb\":{\"@id\":\"https:\/\/elspeedo.cz\/pl\/produkt\/el-speedo-rb-ultrino\/#breadcrumb\"},\"inLanguage\":\"pl-PL\",\"potentialAction\":[{\"@type\":\"ReadAction\",\"target\":[\"https:\/\/elspeedo.cz\/pl\/produkt\/el-speedo-rb-ultrino\/\"]}]},{\"@type\":\"ImageObject\",\"inLanguage\":\"pl-PL\",\"@id\":\"https:\/\/elspeedo.cz\/pl\/produkt\/el-speedo-rb-ultrino\/#primaryimage\",\"url\":\"https:\/\/elspeedo.cz\/wp-content\/uploads\/2016\/11\/rb.jpg\",\"contentUrl\":\"https:\/\/elspeedo.cz\/wp-content\/uploads\/2016\/11\/rb.jpg\",\"width\":900,\"height\":700},{\"@type\":\"BreadcrumbList\",\"@id\":\"https:\/\/elspeedo.cz\/pl\/produkt\/el-speedo-rb-ultrino\/#breadcrumb\",\"itemListElement\":[{\"@type\":\"ListItem\",\"position\":1,\"name\":\"Dom\u016f\",\"item\":\"https:\/\/elspeedo.cz\/pl\/\"},{\"@type\":\"ListItem\",\"position\":2,\"name\":\"Obchod\",\"item\":\"https:\/\/elspeedo.cz\/obchod\/\"},{\"@type\":\"ListItem\",\"position\":3,\"name\":\"El Speedo RB Ultrino\"}]},{\"@type\":\"WebSite\",\"@id\":\"https:\/\/elspeedo.cz\/#website\",\"url\":\"https:\/\/elspeedo.cz\/\",\"name\":\"El Speedo\",\"description\":\"Paragliding - kurzy, vybaven\u00ed, v\u00fdlety, komunita\",\"potentialAction\":[{\"@type\":\"SearchAction\",\"target\":{\"@type\":\"EntryPoint\",\"urlTemplate\":\"https:\/\/elspeedo.cz\/?s={search_term_string}\"},\"query-input\":{\"@type\":\"PropertyValueSpecification\",\"valueRequired\":true,\"valueName\":\"search_term_string\"}}],\"inLanguage\":\"pl-PL\"}]}<\/script>\n<!-- \/ Yoast SEO plugin. -->","yoast_head_json":{"title":"El Speedo RB Ultrino &#8212; El Speedo","description":"El Speedo je nejv\u011bt\u0161\u00ed paraglidingov\u00e1 komunita a \u0161kola v \u010cR. Tandemov\u00e9 seskoky, kurzy, expedice a paragliding v\u00fdbava","robots":{"index":"index","follow":"follow","max-snippet":"max-snippet:-1","max-image-preview":"max-image-preview:large","max-video-preview":"max-video-preview:-1"},"canonical":"https:\/\/elspeedo.cz\/pl\/produkt\/el-speedo-rb-ultrino\/","og_locale":"pl_PL","og_type":"article","og_title":"El Speedo RB Ultrino &#8212; El Speedo","og_description":"El Speedo je nejv\u011bt\u0161\u00ed paraglidingov\u00e1 komunita a \u0161kola v \u010cR. Tandemov\u00e9 seskoky, kurzy, expedice a paragliding v\u00fdbava","og_url":"https:\/\/elspeedo.cz\/pl\/produkt\/el-speedo-rb-ultrino\/","og_site_name":"El Speedo","article_publisher":"http:\/\/www.facebook.com\/paragliding.elspeedo.cz\/?fref=ts","article_modified_time":"2019-03-05T09:50:33+00:00","og_image":[{"width":900,"height":700,"url":"https:\/\/elspeedo.cz\/wp-content\/uploads\/2016\/11\/rb.jpg","type":"image\/jpeg"}],"twitter_card":"summary_large_image","schema":{"@context":"https:\/\/schema.org","@graph":[{"@type":"WebPage","@id":"https:\/\/elspeedo.cz\/pl\/produkt\/el-speedo-rb-ultrino\/","url":"https:\/\/elspeedo.cz\/pl\/produkt\/el-speedo-rb-ultrino\/","name":"El Speedo RB Ultrino &#8212; El Speedo","isPartOf":{"@id":"https:\/\/elspeedo.cz\/#website"},"primaryImageOfPage":{"@id":"https:\/\/elspeedo.cz\/pl\/produkt\/el-speedo-rb-ultrino\/#primaryimage"},"image":{"@id":"https:\/\/elspeedo.cz\/pl\/produkt\/el-speedo-rb-ultrino\/#primaryimage"},"thumbnailUrl":"https:\/\/elspeedo.cz\/wp-content\/uploads\/2016\/11\/rb.jpg","datePublished":"2016-12-31T11:55:19+00:00","dateModified":"2019-03-05T09:50:33+00:00","description":"El Speedo je nejv\u011bt\u0161\u00ed paraglidingov\u00e1 komunita a \u0161kola v \u010cR. Tandemov\u00e9 seskoky, kurzy, expedice a paragliding v\u00fdbava","breadcrumb":{"@id":"https:\/\/elspeedo.cz\/pl\/produkt\/el-speedo-rb-ultrino\/#breadcrumb"},"inLanguage":"pl-PL","potentialAction":[{"@type":"ReadAction","target":["https:\/\/elspeedo.cz\/pl\/produkt\/el-speedo-rb-ultrino\/"]}]},{"@type":"ImageObject","inLanguage":"pl-PL","@id":"https:\/\/elspeedo.cz\/pl\/produkt\/el-speedo-rb-ultrino\/#primaryimage","url":"https:\/\/elspeedo.cz\/wp-content\/uploads\/2016\/11\/rb.jpg","contentUrl":"https:\/\/elspeedo.cz\/wp-content\/uploads\/2016\/11\/rb.jpg","width":900,"height":700},{"@type":"BreadcrumbList","@id":"https:\/\/elspeedo.cz\/pl\/produkt\/el-speedo-rb-ultrino\/#breadcrumb","itemListElement":[{"@type":"ListItem","position":1,"name":"Dom\u016f","item":"https:\/\/elspeedo.cz\/pl\/"},{"@type":"ListItem","position":2,"name":"Obchod","item":"https:\/\/elspeedo.cz\/obchod\/"},{"@type":"ListItem","position":3,"name":"El Speedo RB Ultrino"}]},{"@type":"WebSite","@id":"https:\/\/elspeedo.cz\/#website","url":"https:\/\/elspeedo.cz\/","name":"El Speedo","description":"Paragliding - kurzy, vybaven\u00ed, v\u00fdlety, komunita","potentialAction":[{"@type":"SearchAction","target":{"@type":"EntryPoint","urlTemplate":"https:\/\/elspeedo.cz\/?s={search_term_string}"},"query-input":{"@type":"PropertyValueSpecification","valueRequired":true,"valueName":"search_term_string"}}],"inLanguage":"pl-PL"}]}},"_links":{"self":[{"href":"https:\/\/elspeedo.cz\/pl\/wp-json\/wp\/v2\/product\/99268","targetHints":{"allow":["GET"]}}],"collection":[{"href":"https:\/\/elspeedo.cz\/pl\/wp-json\/wp\/v2\/product"}],"about":[{"href":"https:\/\/elspeedo.cz\/pl\/wp-json\/wp\/v2\/types\/product"}],"replies":[{"embeddable":true,"href":"https:\/\/elspeedo.cz\/pl\/wp-json\/wp\/v2\/comments?post=99268"}],"wp:featuredmedia":[{"embeddable":true,"href":"https:\/\/elspeedo.cz\/pl\/wp-json\/wp\/v2\/media\/36473"}],"wp:attachment":[{"href":"https:\/\/elspeedo.cz\/pl\/wp-json\/wp\/v2\/media?parent=99268"}],"curies":[{"name":"wp","href":"https:\/\/api.w.org\/{rel}","templated":true}]}}